{"id":13109,"date":"2025-09-12T18:49:10","date_gmt":"2025-09-12T16:49:10","guid":{"rendered":"https:\/\/www.kliinikum.ee\/yhendlabor\/?page_id=13109"},"modified":"2025-12-21T23:08:11","modified_gmt":"2025-12-21T21:08:11","slug":"kurgukaape-mikrobioloogiline-uuring","status":"publish","type":"page","link":"https:\/\/www.kliinikum.ee\/yhendlabor\/kasiraamat\/mikrobioloogilised-uuringud\/kurgukaape-mikrobioloogiline-uuring\/","title":{"rendered":"Kurgukaape mikrobioloogiline uuring"},"content":{"rendered":"\n<p><em>Mikrobioloogia osakond<\/em><\/p>\n\n\n\n<p>\u00c4ge <strong>far\u00fcngiit <\/strong>on enamasti viiruslik (90%), harvem bakteriaalne (t\u00e4iskasvanutel 10%, lastel veel harvem) infektsioon. \u00c4ge <strong>tonsilliit <\/strong>on sagedamini bakteriaalne infektsioon, mille peamiseks tekitajaks on <em>Streptococcus pyogenes<\/em> (A-grupp), j\u00e4rgnevad teised \u00df-hemol\u00fc\u00fctilised steptokokid (sagedamini C- ja G-grupp), <em>Neisseria gonorrhoeae <\/em>(anamnees), <em>Arcanobacterium haemolyticum<\/em>, <em>Corynebacterium diphtheriae <\/em>(vaktsineerimata patsient).<\/p>\n\n\n\n<p>\u00c4geda tonsilliidi\/far\u00fcngiidi korral esineb pidev v\u00f5i neelamisel tekkiv kurguvalu, neelu tagaseina, kurgukaarte, kurgunibu, tonsillide punetus ja turse, valkjas katt tonsillidel, palavik (febriilne), submandibulaarsete ning kaela eesmiste l\u00fcmfis\u00f5lmede valulikkus ja suurenemine, k\u00f5huvalu (lapsed).<\/p>\n\n\n\n<p>Viiruslikku ja bakteriaalset far\u00fcngiiti\/tonsilliiti v\u00f5ib olla kliiniliselt raske teineteisest eristada eristada (nt katu\/m\u00e4dakorkide puudumine tonsillidel). Seet\u00f5ttu on far\u00fcngiidi s\u00fcmptomite esinemisel n\u00e4idustatud mikrobioloogiline k\u00fclv.<\/p>\n\n\n\n<p class=\"has-medium-font-size\"><strong>Uuritav materjal, selle v\u00f5tmine, saatmine ja s\u00e4ilitamine<\/strong><\/p>\n\n\n\n<figure class=\"wp-block-table is-style-stripes\"><table width=\"100%\"><tbody><tr><td width=\"1%\"><\/td><td width=\"15%\"><strong>Proovin\u00f5u<\/strong><\/td><td width=\"84%\">eSwab vedela transpordis\u00f6\u00f6tmega katsuti<\/td><\/tr><tr><td><\/td><td><strong>S\u00e4ilivus<\/strong><\/td><td>Toatemperatuuril v\u00f5i +4 \u00b0C kaks p\u00e4eva<\/td><\/tr><\/tbody><\/table><\/figure>\n\n\n\n<p>Materjal v\u00f5tta soovitavalt hommikul enne s\u00f6\u00f6mist, joomist, hammaste pesemist v\u00f5i suu loputamist. V\u00f5tta tampooniga materjali tonsillide kr\u00fcptidest ja\/v\u00f5i neelu tagaseinalt, h\u00f5\u00f5ruda eksudatiivseid alasid. V\u00e4ltida tampooni kokkupuudet keele ja p\u00f5skede limaskestaga.<\/p>\n\n\n\n<p class=\"has-medium-font-size\"><strong>Anal\u00fc\u00fcsi tegemise aeg:<\/strong> t\u00f6\u00f6p\u00e4eviti (esmask\u00fclvid ka n\u00e4dalavahetustel)<\/p>\n\n\n\n<p class=\"has-medium-font-size\"><strong>Anal\u00fc\u00fcsimeetod: <\/strong>poolkvantitatiivnek\u00fclv veri- ja \u0161okolaadagarile. Tekitaja samastamine ja ravimitundlikkuse m\u00e4\u00e4ramine. L\u00f5plik vastus: negatiivne 3.\u20134. p\u00e4eval (seente uuring 10. p\u00e4eval), positiivne 3.\u20135. p\u00e4eval.<\/p>\n\n\n\n<p class=\"has-medium-font-size\"><strong>N\u00e4idustus ja kliiniline t\u00e4hendus<\/strong><\/p>\n\n\n\n<p>Bakteriaalse tonsilliidi\/far\u00fcngiidi kahtlus.<\/p>\n\n\n\n<p>Sagedasemaks bakteriaalse far\u00fcngiidi tekitajaks on <em>Streptococcus pyogenes <\/em>ehk A-grupi b-hemol\u00fc\u00fctiline streptokokk. Samas esineb ca 5%-l tervetel t\u00e4iskasvanutel <em>Streptococcus pyogenes\u2019<\/em>e kandlust, reeglina on isoleeritud mikroobide hulk v\u00e4ike (1+). Harvemini tekitavad bakteriaalset far\u00fcngiiti teised b-hemol\u00fc\u00fctilised streptokokid (B-, C-, G- ja F-grupp) ning <em>Arcanobacterium haemolyticum <\/em>(sage far\u00fcngiidi p\u00f5hjus teismelistel). Alla 5-aastastel lastel loetakse haigustekitajaks ka <em>Haemophilus influenzae\u2019<\/em>t. Paratonsillaarse abstsessi korral v\u00f5ib tekitajaks olla <em>Staphylococcus aureus<\/em>,sageli ka anaeroobid (<em>Fusobacterium spp., Prevotella spp.,<\/em> vt <a href=\"https:\/\/www.kliinikum.ee\/yhendlabor\/kasiraamat\/mikrobioloogilised-uuringud\/anaeroobne-kulv-haavaeritis-punktaadid-hambajuurekanali-materjal-koetukid\/\">Anaeroobne k\u00fclv<\/a>). Kroonilise tonsilliidi korral on enamasti tegemist segainfektsiooniga ning tonsilli pinnalt v\u00f5etud k\u00fclv ei peegelda sageli tegelikke infektsioonitekitajaid.<\/p>\n\n\n\n<p>V\u00f5imalikud vead: proovi v\u00f5tmine antibakteriaalse ravi foonil, vead s\u00e4ilitamisel ja transpordil.<\/p>\n\n\n\n<p>Vt ka: <a href=\"https:\/\/www.kliinikum.ee\/yhendlabor\/kasiraamat\/nakkustekitajate-uuringud-dna-rna-antikehad-antigeenid\/streptococcus-pyogenese-uuringud\/\"><em>Steptococcus pyogenes\u2019<\/em>e uuringud<\/a><\/p>\n\n\n\n<p>Koostaja: Krista L\u00f5ivukene<br>Muudetud 28.09.2021<\/p>\n","protected":false},"excerpt":{"rendered":"<p>Mikrobioloogia osakond \u00c4ge far\u00fcngiit on enamasti viiruslik (90%), harvem bakteriaalne (t\u00e4iskasvanutel 10%, lastel veel harvem) infektsioon. \u00c4ge tonsilliit on sagedamini bakteriaalne infektsioon, mille peamiseks tekitajaks on Streptococcus pyogenes (A-grupp), j\u00e4rgnevad teised \u00df-hemol\u00fc\u00fctilised steptokokid (sagedamini C- ja G-grupp), Neisseria gonorrhoeae (anamnees), Arcanobacterium haemolyticum, Corynebacterium diphtheriae (vaktsineerimata patsient). \u00c4geda tonsilliidi\/far\u00fcngiidi korral esineb pidev v\u00f5i neelamisel tekkiv kurguvalu, [&hellip;]<\/p>\n","protected":false},"author":38,"featured_media":0,"parent":7292,"menu_order":13,"comment_status":"closed","ping_status":"closed","template":"","meta":{"_uag_custom_page_level_css":"","footnotes":""},"class_list":["post-13109","page","type-page","status-publish","hentry"],"acf":[],"yoast_head":"<!-- This site is optimized with the Yoast SEO plugin v27.3 - https:\/\/yoast.com\/product\/yoast-seo-wordpress\/ -->\n<title>Kurgukaape mikrobioloogiline uuring - \u00dchendlabor<\/title>\n<meta name=\"robots\" content=\"index, follow, max-snippet:-1, max-image-preview:large, max-video-preview:-1\" \/>\n<link rel=\"canonical\" href=\"https:\/\/www.kliinikum.ee\/yhendlabor\/kasiraamat\/mikrobioloogilised-uuringud\/kurgukaape-mikrobioloogiline-uuring\/\" \/>\n<meta property=\"og:locale\" content=\"et_EE\" \/>\n<meta property=\"og:type\" content=\"article\" \/>\n<meta property=\"og:title\" content=\"Kurgukaape mikrobioloogiline uuring - \u00dchendlabor\" \/>\n<meta property=\"og:description\" content=\"Mikrobioloogia osakond \u00c4ge far\u00fcngiit on enamasti viiruslik (90%), harvem bakteriaalne (t\u00e4iskasvanutel 10%, lastel veel harvem) infektsioon. \u00c4ge tonsilliit on sagedamini bakteriaalne infektsioon, mille peamiseks tekitajaks on Streptococcus pyogenes (A-grupp), j\u00e4rgnevad teised \u00df-hemol\u00fc\u00fctilised steptokokid (sagedamini C- ja G-grupp), Neisseria gonorrhoeae (anamnees), Arcanobacterium haemolyticum, Corynebacterium diphtheriae (vaktsineerimata patsient). \u00c4geda tonsilliidi\/far\u00fcngiidi korral esineb pidev v\u00f5i neelamisel tekkiv kurguvalu, [&hellip;]\" \/>\n<meta property=\"og:url\" content=\"https:\/\/www.kliinikum.ee\/yhendlabor\/kasiraamat\/mikrobioloogilised-uuringud\/kurgukaape-mikrobioloogiline-uuring\/\" \/>\n<meta property=\"og:site_name\" content=\"\u00dchendlabor\" \/>\n<meta property=\"article:modified_time\" content=\"2025-12-21T21:08:11+00:00\" \/>\n<meta name=\"twitter:card\" content=\"summary_large_image\" \/>\n<meta name=\"twitter:label1\" content=\"Est. reading time\" \/>\n\t<meta name=\"twitter:data1\" content=\"2 minutit\" \/>\n<script type=\"application\/ld+json\" class=\"yoast-schema-graph\">{\"@context\":\"https:\\\/\\\/schema.org\",\"@graph\":[{\"@type\":\"WebPage\",\"@id\":\"https:\\\/\\\/www.kliinikum.ee\\\/yhendlabor\\\/kasiraamat\\\/mikrobioloogilised-uuringud\\\/kurgukaape-mikrobioloogiline-uuring\\\/\",\"url\":\"https:\\\/\\\/www.kliinikum.ee\\\/yhendlabor\\\/kasiraamat\\\/mikrobioloogilised-uuringud\\\/kurgukaape-mikrobioloogiline-uuring\\\/\",\"name\":\"Kurgukaape mikrobioloogiline uuring - \u00dchendlabor\",\"isPartOf\":{\"@id\":\"https:\\\/\\\/www.kliinikum.ee\\\/yhendlabor\\\/#website\"},\"datePublished\":\"2025-09-12T16:49:10+00:00\",\"dateModified\":\"2025-12-21T21:08:11+00:00\",\"breadcrumb\":{\"@id\":\"https:\\\/\\\/www.kliinikum.ee\\\/yhendlabor\\\/kasiraamat\\\/mikrobioloogilised-uuringud\\\/kurgukaape-mikrobioloogiline-uuring\\\/#breadcrumb\"},\"inLanguage\":\"et\",\"potentialAction\":[{\"@type\":\"ReadAction\",\"target\":[\"https:\\\/\\\/www.kliinikum.ee\\\/yhendlabor\\\/kasiraamat\\\/mikrobioloogilised-uuringud\\\/kurgukaape-mikrobioloogiline-uuring\\\/\"]}]},{\"@type\":\"BreadcrumbList\",\"@id\":\"https:\\\/\\\/www.kliinikum.ee\\\/yhendlabor\\\/kasiraamat\\\/mikrobioloogilised-uuringud\\\/kurgukaape-mikrobioloogiline-uuring\\\/#breadcrumb\",\"itemListElement\":[{\"@type\":\"ListItem\",\"position\":1,\"name\":\"Home\",\"item\":\"https:\\\/\\\/www.kliinikum.ee\\\/yhendlabor\\\/\"},{\"@type\":\"ListItem\",\"position\":2,\"name\":\"K\u00e4siraamat\",\"item\":\"https:\\\/\\\/www.kliinikum.ee\\\/yhendlabor\\\/kasiraamat\\\/\"},{\"@type\":\"ListItem\",\"position\":3,\"name\":\"Mikrobioloogilised uuringud\",\"item\":\"https:\\\/\\\/www.kliinikum.ee\\\/yhendlabor\\\/kasiraamat\\\/mikrobioloogilised-uuringud\\\/\"},{\"@type\":\"ListItem\",\"position\":4,\"name\":\"Kurgukaape mikrobioloogiline uuring\"}]},{\"@type\":\"WebSite\",\"@id\":\"https:\\\/\\\/www.kliinikum.ee\\\/yhendlabor\\\/#website\",\"url\":\"https:\\\/\\\/www.kliinikum.ee\\\/yhendlabor\\\/\",\"name\":\"\u00dchendlabor\",\"description\":\"Hoolivus, Uuendusmeelsus, P\u00e4devus ja Usaldusv\u00e4\u00e4rsus\",\"potentialAction\":[{\"@type\":\"SearchAction\",\"target\":{\"@type\":\"EntryPoint\",\"urlTemplate\":\"https:\\\/\\\/www.kliinikum.ee\\\/yhendlabor\\\/?s={search_term_string}\"},\"query-input\":{\"@type\":\"PropertyValueSpecification\",\"valueRequired\":true,\"valueName\":\"search_term_string\"}}],\"inLanguage\":\"et\"}]}<\/script>\n<!-- \/ Yoast SEO plugin. -->","yoast_head_json":{"title":"Kurgukaape mikrobioloogiline uuring - \u00dchendlabor","robots":{"index":"index","follow":"follow","max-snippet":"max-snippet:-1","max-image-preview":"max-image-preview:large","max-video-preview":"max-video-preview:-1"},"canonical":"https:\/\/www.kliinikum.ee\/yhendlabor\/kasiraamat\/mikrobioloogilised-uuringud\/kurgukaape-mikrobioloogiline-uuring\/","og_locale":"et_EE","og_type":"article","og_title":"Kurgukaape mikrobioloogiline uuring - \u00dchendlabor","og_description":"Mikrobioloogia osakond \u00c4ge far\u00fcngiit on enamasti viiruslik (90%), harvem bakteriaalne (t\u00e4iskasvanutel 10%, lastel veel harvem) infektsioon. \u00c4ge tonsilliit on sagedamini bakteriaalne infektsioon, mille peamiseks tekitajaks on Streptococcus pyogenes (A-grupp), j\u00e4rgnevad teised \u00df-hemol\u00fc\u00fctilised steptokokid (sagedamini C- ja G-grupp), Neisseria gonorrhoeae (anamnees), Arcanobacterium haemolyticum, Corynebacterium diphtheriae (vaktsineerimata patsient). \u00c4geda tonsilliidi\/far\u00fcngiidi korral esineb pidev v\u00f5i neelamisel tekkiv kurguvalu, [&hellip;]","og_url":"https:\/\/www.kliinikum.ee\/yhendlabor\/kasiraamat\/mikrobioloogilised-uuringud\/kurgukaape-mikrobioloogiline-uuring\/","og_site_name":"\u00dchendlabor","article_modified_time":"2025-12-21T21:08:11+00:00","twitter_card":"summary_large_image","twitter_misc":{"Est. reading time":"2 minutit"},"schema":{"@context":"https:\/\/schema.org","@graph":[{"@type":"WebPage","@id":"https:\/\/www.kliinikum.ee\/yhendlabor\/kasiraamat\/mikrobioloogilised-uuringud\/kurgukaape-mikrobioloogiline-uuring\/","url":"https:\/\/www.kliinikum.ee\/yhendlabor\/kasiraamat\/mikrobioloogilised-uuringud\/kurgukaape-mikrobioloogiline-uuring\/","name":"Kurgukaape mikrobioloogiline uuring - \u00dchendlabor","isPartOf":{"@id":"https:\/\/www.kliinikum.ee\/yhendlabor\/#website"},"datePublished":"2025-09-12T16:49:10+00:00","dateModified":"2025-12-21T21:08:11+00:00","breadcrumb":{"@id":"https:\/\/www.kliinikum.ee\/yhendlabor\/kasiraamat\/mikrobioloogilised-uuringud\/kurgukaape-mikrobioloogiline-uuring\/#breadcrumb"},"inLanguage":"et","potentialAction":[{"@type":"ReadAction","target":["https:\/\/www.kliinikum.ee\/yhendlabor\/kasiraamat\/mikrobioloogilised-uuringud\/kurgukaape-mikrobioloogiline-uuring\/"]}]},{"@type":"BreadcrumbList","@id":"https:\/\/www.kliinikum.ee\/yhendlabor\/kasiraamat\/mikrobioloogilised-uuringud\/kurgukaape-mikrobioloogiline-uuring\/#breadcrumb","itemListElement":[{"@type":"ListItem","position":1,"name":"Home","item":"https:\/\/www.kliinikum.ee\/yhendlabor\/"},{"@type":"ListItem","position":2,"name":"K\u00e4siraamat","item":"https:\/\/www.kliinikum.ee\/yhendlabor\/kasiraamat\/"},{"@type":"ListItem","position":3,"name":"Mikrobioloogilised uuringud","item":"https:\/\/www.kliinikum.ee\/yhendlabor\/kasiraamat\/mikrobioloogilised-uuringud\/"},{"@type":"ListItem","position":4,"name":"Kurgukaape mikrobioloogiline uuring"}]},{"@type":"WebSite","@id":"https:\/\/www.kliinikum.ee\/yhendlabor\/#website","url":"https:\/\/www.kliinikum.ee\/yhendlabor\/","name":"\u00dchendlabor","description":"Hoolivus, Uuendusmeelsus, P\u00e4devus ja Usaldusv\u00e4\u00e4rsus","potentialAction":[{"@type":"SearchAction","target":{"@type":"EntryPoint","urlTemplate":"https:\/\/www.kliinikum.ee\/yhendlabor\/?s={search_term_string}"},"query-input":{"@type":"PropertyValueSpecification","valueRequired":true,"valueName":"search_term_string"}}],"inLanguage":"et"}]}},"uagb_featured_image_src":{"full":false,"thumbnail":false,"medium":false,"medium_large":false,"large":false,"1536x1536":false,"2048x2048":false},"uagb_author_info":{"display_name":"Kadi Siigur","author_link":"https:\/\/www.kliinikum.ee\/yhendlabor\/author\/kadisi\/"},"uagb_comment_info":0,"uagb_excerpt":"Mikrobioloogia osakond \u00c4ge far\u00fcngiit on enamasti viiruslik (90%), harvem bakteriaalne (t\u00e4iskasvanutel 10%, lastel veel harvem) infektsioon. \u00c4ge tonsilliit on sagedamini bakteriaalne infektsioon, mille peamiseks tekitajaks on Streptococcus pyogenes (A-grupp), j\u00e4rgnevad teised \u00df-hemol\u00fc\u00fctilised steptokokid (sagedamini C- ja G-grupp), Neisseria gonorrhoeae (anamnees), Arcanobacterium haemolyticum, Corynebacterium diphtheriae (vaktsineerimata patsient). \u00c4geda tonsilliidi\/far\u00fcngiidi korral esineb pidev v\u00f5i neelamisel tekkiv kurguvalu,&hellip;","_links":{"self":[{"href":"https:\/\/www.kliinikum.ee\/yhendlabor\/wp-json\/wp\/v2\/pages\/13109","targetHints":{"allow":["GET"]}}],"collection":[{"href":"https:\/\/www.kliinikum.ee\/yhendlabor\/wp-json\/wp\/v2\/pages"}],"about":[{"href":"https:\/\/www.kliinikum.ee\/yhendlabor\/wp-json\/wp\/v2\/types\/page"}],"author":[{"embeddable":true,"href":"https:\/\/www.kliinikum.ee\/yhendlabor\/wp-json\/wp\/v2\/users\/38"}],"replies":[{"embeddable":true,"href":"https:\/\/www.kliinikum.ee\/yhendlabor\/wp-json\/wp\/v2\/comments?post=13109"}],"version-history":[{"count":0,"href":"https:\/\/www.kliinikum.ee\/yhendlabor\/wp-json\/wp\/v2\/pages\/13109\/revisions"}],"up":[{"embeddable":true,"href":"https:\/\/www.kliinikum.ee\/yhendlabor\/wp-json\/wp\/v2\/pages\/7292"}],"wp:attachment":[{"href":"https:\/\/www.kliinikum.ee\/yhendlabor\/wp-json\/wp\/v2\/media?parent=13109"}],"curies":[{"name":"wp","href":"https:\/\/api.w.org\/{rel}","templated":true}]}}