{"id":13114,"date":"2025-09-12T18:55:04","date_gmt":"2025-09-12T16:55:04","guid":{"rendered":"https:\/\/www.kliinikum.ee\/yhendlabor\/?page_id=13114"},"modified":"2025-12-21T23:02:55","modified_gmt":"2025-12-21T21:02:55","slug":"korvaeritise-mikrobioloogiline-uuring","status":"publish","type":"page","link":"https:\/\/www.kliinikum.ee\/yhendlabor\/kasiraamat\/mikrobioloogilised-uuringud\/korvaeritise-mikrobioloogiline-uuring\/","title":{"rendered":"K\u00f5rvaeritise mikrobioloogiline uuring"},"content":{"rendered":"\n<p><em>Mikrobioloogia osakond<\/em><\/p>\n\n\n\n<p>\u00c4ge <strong>keskk\u00f5rvap\u00f5letik <\/strong>on \u00e4gedalt algav p\u00f5letik keskk\u00f5rvas, mis tavaliselt j\u00e4rgneb \u00e4gedale \u00fclemiste hingamisteede p\u00f5letikule (n\u00e4iteks nohule). Kaebusteks on k\u00f5rvavalu, palavik, kuulmise langus; otoskoopial trummikile muutused (h\u00fcpereemiline\/valge, v\u00e4ljakummunud, m\u00e4daeritus).<\/p>\n\n\n\n<p>\u00c4ge keskk\u00f5rvap\u00f5letik on enamasti bakteriaalne (70\u201380%), peamised tekitajad <em>Streptococcus pneumoniae<\/em>, <em>Haemophilus influenzae<\/em>, <em>Moraxella catarrhalis<\/em>, harvem <em>Streptococcus pyogenes<\/em> (grupp A), <em>Staphylococcus aureus<\/em>. Viiruslik p\u00f5letik esineb umbes 20\u201330% juhtudest.<\/p>\n\n\n\n<p>Krooniliseks keskk\u00f5rvap\u00f5letikuks loetakse p\u00f5letikku, mis on kestnud \u00fcle kahe kuu ning mille k\u00e4igus on tekkinud ka kuulmekile p\u00fcsiv mulgustus ehk perforatsioon.<\/p>\n\n\n\n<p><strong>V\u00e4liskuulmek\u00e4igu p\u00f5letik<\/strong> on erinevatest p\u00f5hjustest tingitud m\u00e4dane v\u00f5i mittem\u00e4dane p\u00f5letik, mis piirdub vaid v\u00e4lisk\u00f5rvaga.<\/p>\n\n\n\n<p class=\"has-medium-font-size\"><strong>Uuritav materjal, selle v\u00f5tmine, saatmine ja s\u00e4ilitamine<\/strong><\/p>\n\n\n\n<figure class=\"wp-block-table is-style-stripes\"><table width=\"100%\"><tbody><tr><td width=\"1%\"><\/td><td width=\"15%\"><strong>Proovin\u00f5u<\/strong><\/td><td width=\"84%\">eSwab vedela transpordis\u00f6\u00f6tmega katsuti<\/td><\/tr><tr><td><\/td><td><strong>S\u00e4ilivus<\/strong><\/td><td>Toatemperatuuril v\u00f5i +4 \u00b0C kaks p\u00e4eva<\/td><\/tr><\/tbody><\/table><\/figure>\n\n\n\n<p>V\u00e4lisk\u00f5rva p\u00f5letiku korral v\u00f5tta materjali v\u00e4liskuulmek\u00e4igust. Usaldusv\u00e4\u00e4rne k\u00fclvimaterjal on paratsenteesil keskk\u00f5rvast aspireeritud vedelik; sobib ka perforatsioonij\u00e4rgselt kuulmek\u00e4iku valgunud eritis. Tampoon asetada eSwab vedela transpordis\u00f6\u00f6tmega katsutisse nii, et vatiosa ulatuks s\u00f6\u00f6tmesse. Kroonilise keskk\u00f5rvap\u00f5letiku korral saata punktsioonimaterjal nii aeroobseks kui anaeroobseks uuringuks.<\/p>\n\n\n\n<p class=\"has-medium-font-size\"><strong>Anal\u00fc\u00fcsi tegemise aeg:<\/strong> t\u00f6\u00f6p\u00e4eviti (esmask\u00fclvid ka n\u00e4dalavahetustel)<\/p>\n\n\n\n<p class=\"has-medium-font-size\"><strong>Anal\u00fc\u00fcsimeetod: <\/strong>polkvantitatiivne k\u00fclv veri- ja \u0161okolaadagarile, Grami j\u00e4rgi v\u00e4rvitud \u00e4igepreparaat. Tekitaja samastamine ja ravimitundlikkuse m\u00e4\u00e4ramine. L\u00f5plik vastus: negatiivne 3.\u20134. p\u00e4eval (seente uuring 10. p\u00e4eval), positiivne 3.\u20135. p\u00e4eval.<strong><\/strong><\/p>\n\n\n\n<p class=\"has-medium-font-size\"><strong>N\u00e4idustus ja kliiniline t\u00e4hendus<\/strong><\/p>\n\n\n\n<p>V\u00e4lisk\u00f5rvap\u00f5letik, keskk\u00f5rvap\u00f5letik.<\/p>\n\n\n\n<p>V\u00e4lisk\u00f5rvap\u00f5letiku sagedasemateks tekitajateks on <em>Staphylococcus aureus, Streptococcus pyogenes<\/em>,<em> Pseudomonas aeruginosa <\/em>ja seened,keskk\u00f5rvap\u00f5letiku puhul <em>Streptococcus pneumoniae, Haemophilus influenzae, Moraxella catarrhalis. <\/em>Kroonilise keskk\u00f5rvap\u00f5letiku tekitajateks v\u00f5ivad olla ka anaeroobid.<\/p>\n\n\n\n<p>V\u00f5imalikud vead: proovi v\u00f5tmine antibakteriaalse ravi foonil, vead s\u00e4ilitamisel ja transpordil.<\/p>\n\n\n\n<p>Vt ka: <a href=\"https:\/\/www.kliinikum.ee\/yhendlabor\/kasiraamat\/mikrobioloogilised-uuringud\/anaeroobne-kulv-haavaeritis-punktaadid-hambajuurekanali-materjal-koetukid\/\">Anaeroobne k\u00fclv<\/a><\/p>\n\n\n\n<p>Koostaja: Krista L\u00f5ivukene<br>Muudetud 28.09.2021<\/p>\n","protected":false},"excerpt":{"rendered":"<p>Mikrobioloogia osakond \u00c4ge keskk\u00f5rvap\u00f5letik on \u00e4gedalt algav p\u00f5letik keskk\u00f5rvas, mis tavaliselt j\u00e4rgneb \u00e4gedale \u00fclemiste hingamisteede p\u00f5letikule (n\u00e4iteks nohule). Kaebusteks on k\u00f5rvavalu, palavik, kuulmise langus; otoskoopial trummikile muutused (h\u00fcpereemiline\/valge, v\u00e4ljakummunud, m\u00e4daeritus). \u00c4ge keskk\u00f5rvap\u00f5letik on enamasti bakteriaalne (70\u201380%), peamised tekitajad Streptococcus pneumoniae, Haemophilus influenzae, Moraxella catarrhalis, harvem Streptococcus pyogenes (grupp A), Staphylococcus aureus. Viiruslik p\u00f5letik esineb umbes [&hellip;]<\/p>\n","protected":false},"author":38,"featured_media":0,"parent":7292,"menu_order":14,"comment_status":"closed","ping_status":"closed","template":"","meta":{"_uag_custom_page_level_css":"","footnotes":""},"class_list":["post-13114","page","type-page","status-publish","hentry"],"acf":[],"yoast_head":"<!-- This site is optimized with the Yoast SEO plugin v27.3 - https:\/\/yoast.com\/product\/yoast-seo-wordpress\/ -->\n<title>K\u00f5rvaeritise mikrobioloogiline uuring - \u00dchendlabor<\/title>\n<meta name=\"robots\" content=\"index, follow, max-snippet:-1, max-image-preview:large, max-video-preview:-1\" \/>\n<link rel=\"canonical\" href=\"https:\/\/www.kliinikum.ee\/yhendlabor\/kasiraamat\/mikrobioloogilised-uuringud\/korvaeritise-mikrobioloogiline-uuring\/\" \/>\n<meta property=\"og:locale\" content=\"et_EE\" \/>\n<meta property=\"og:type\" content=\"article\" \/>\n<meta property=\"og:title\" content=\"K\u00f5rvaeritise mikrobioloogiline uuring - \u00dchendlabor\" \/>\n<meta property=\"og:description\" content=\"Mikrobioloogia osakond \u00c4ge keskk\u00f5rvap\u00f5letik on \u00e4gedalt algav p\u00f5letik keskk\u00f5rvas, mis tavaliselt j\u00e4rgneb \u00e4gedale \u00fclemiste hingamisteede p\u00f5letikule (n\u00e4iteks nohule). Kaebusteks on k\u00f5rvavalu, palavik, kuulmise langus; otoskoopial trummikile muutused (h\u00fcpereemiline\/valge, v\u00e4ljakummunud, m\u00e4daeritus). \u00c4ge keskk\u00f5rvap\u00f5letik on enamasti bakteriaalne (70\u201380%), peamised tekitajad Streptococcus pneumoniae, Haemophilus influenzae, Moraxella catarrhalis, harvem Streptococcus pyogenes (grupp A), Staphylococcus aureus. Viiruslik p\u00f5letik esineb umbes [&hellip;]\" \/>\n<meta property=\"og:url\" content=\"https:\/\/www.kliinikum.ee\/yhendlabor\/kasiraamat\/mikrobioloogilised-uuringud\/korvaeritise-mikrobioloogiline-uuring\/\" \/>\n<meta property=\"og:site_name\" content=\"\u00dchendlabor\" \/>\n<meta property=\"article:modified_time\" content=\"2025-12-21T21:02:55+00:00\" \/>\n<meta name=\"twitter:card\" content=\"summary_large_image\" \/>\n<meta name=\"twitter:label1\" content=\"Est. reading time\" \/>\n\t<meta name=\"twitter:data1\" content=\"2 minutit\" \/>\n<script type=\"application\/ld+json\" class=\"yoast-schema-graph\">{\"@context\":\"https:\\\/\\\/schema.org\",\"@graph\":[{\"@type\":\"WebPage\",\"@id\":\"https:\\\/\\\/www.kliinikum.ee\\\/yhendlabor\\\/kasiraamat\\\/mikrobioloogilised-uuringud\\\/korvaeritise-mikrobioloogiline-uuring\\\/\",\"url\":\"https:\\\/\\\/www.kliinikum.ee\\\/yhendlabor\\\/kasiraamat\\\/mikrobioloogilised-uuringud\\\/korvaeritise-mikrobioloogiline-uuring\\\/\",\"name\":\"K\u00f5rvaeritise mikrobioloogiline uuring - \u00dchendlabor\",\"isPartOf\":{\"@id\":\"https:\\\/\\\/www.kliinikum.ee\\\/yhendlabor\\\/#website\"},\"datePublished\":\"2025-09-12T16:55:04+00:00\",\"dateModified\":\"2025-12-21T21:02:55+00:00\",\"breadcrumb\":{\"@id\":\"https:\\\/\\\/www.kliinikum.ee\\\/yhendlabor\\\/kasiraamat\\\/mikrobioloogilised-uuringud\\\/korvaeritise-mikrobioloogiline-uuring\\\/#breadcrumb\"},\"inLanguage\":\"et\",\"potentialAction\":[{\"@type\":\"ReadAction\",\"target\":[\"https:\\\/\\\/www.kliinikum.ee\\\/yhendlabor\\\/kasiraamat\\\/mikrobioloogilised-uuringud\\\/korvaeritise-mikrobioloogiline-uuring\\\/\"]}]},{\"@type\":\"BreadcrumbList\",\"@id\":\"https:\\\/\\\/www.kliinikum.ee\\\/yhendlabor\\\/kasiraamat\\\/mikrobioloogilised-uuringud\\\/korvaeritise-mikrobioloogiline-uuring\\\/#breadcrumb\",\"itemListElement\":[{\"@type\":\"ListItem\",\"position\":1,\"name\":\"Home\",\"item\":\"https:\\\/\\\/www.kliinikum.ee\\\/yhendlabor\\\/\"},{\"@type\":\"ListItem\",\"position\":2,\"name\":\"K\u00e4siraamat\",\"item\":\"https:\\\/\\\/www.kliinikum.ee\\\/yhendlabor\\\/kasiraamat\\\/\"},{\"@type\":\"ListItem\",\"position\":3,\"name\":\"Mikrobioloogilised uuringud\",\"item\":\"https:\\\/\\\/www.kliinikum.ee\\\/yhendlabor\\\/kasiraamat\\\/mikrobioloogilised-uuringud\\\/\"},{\"@type\":\"ListItem\",\"position\":4,\"name\":\"K\u00f5rvaeritise mikrobioloogiline uuring\"}]},{\"@type\":\"WebSite\",\"@id\":\"https:\\\/\\\/www.kliinikum.ee\\\/yhendlabor\\\/#website\",\"url\":\"https:\\\/\\\/www.kliinikum.ee\\\/yhendlabor\\\/\",\"name\":\"\u00dchendlabor\",\"description\":\"Hoolivus, Uuendusmeelsus, P\u00e4devus ja Usaldusv\u00e4\u00e4rsus\",\"potentialAction\":[{\"@type\":\"SearchAction\",\"target\":{\"@type\":\"EntryPoint\",\"urlTemplate\":\"https:\\\/\\\/www.kliinikum.ee\\\/yhendlabor\\\/?s={search_term_string}\"},\"query-input\":{\"@type\":\"PropertyValueSpecification\",\"valueRequired\":true,\"valueName\":\"search_term_string\"}}],\"inLanguage\":\"et\"}]}<\/script>\n<!-- \/ Yoast SEO plugin. -->","yoast_head_json":{"title":"K\u00f5rvaeritise mikrobioloogiline uuring - \u00dchendlabor","robots":{"index":"index","follow":"follow","max-snippet":"max-snippet:-1","max-image-preview":"max-image-preview:large","max-video-preview":"max-video-preview:-1"},"canonical":"https:\/\/www.kliinikum.ee\/yhendlabor\/kasiraamat\/mikrobioloogilised-uuringud\/korvaeritise-mikrobioloogiline-uuring\/","og_locale":"et_EE","og_type":"article","og_title":"K\u00f5rvaeritise mikrobioloogiline uuring - \u00dchendlabor","og_description":"Mikrobioloogia osakond \u00c4ge keskk\u00f5rvap\u00f5letik on \u00e4gedalt algav p\u00f5letik keskk\u00f5rvas, mis tavaliselt j\u00e4rgneb \u00e4gedale \u00fclemiste hingamisteede p\u00f5letikule (n\u00e4iteks nohule). Kaebusteks on k\u00f5rvavalu, palavik, kuulmise langus; otoskoopial trummikile muutused (h\u00fcpereemiline\/valge, v\u00e4ljakummunud, m\u00e4daeritus). \u00c4ge keskk\u00f5rvap\u00f5letik on enamasti bakteriaalne (70\u201380%), peamised tekitajad Streptococcus pneumoniae, Haemophilus influenzae, Moraxella catarrhalis, harvem Streptococcus pyogenes (grupp A), Staphylococcus aureus. Viiruslik p\u00f5letik esineb umbes [&hellip;]","og_url":"https:\/\/www.kliinikum.ee\/yhendlabor\/kasiraamat\/mikrobioloogilised-uuringud\/korvaeritise-mikrobioloogiline-uuring\/","og_site_name":"\u00dchendlabor","article_modified_time":"2025-12-21T21:02:55+00:00","twitter_card":"summary_large_image","twitter_misc":{"Est. reading time":"2 minutit"},"schema":{"@context":"https:\/\/schema.org","@graph":[{"@type":"WebPage","@id":"https:\/\/www.kliinikum.ee\/yhendlabor\/kasiraamat\/mikrobioloogilised-uuringud\/korvaeritise-mikrobioloogiline-uuring\/","url":"https:\/\/www.kliinikum.ee\/yhendlabor\/kasiraamat\/mikrobioloogilised-uuringud\/korvaeritise-mikrobioloogiline-uuring\/","name":"K\u00f5rvaeritise mikrobioloogiline uuring - \u00dchendlabor","isPartOf":{"@id":"https:\/\/www.kliinikum.ee\/yhendlabor\/#website"},"datePublished":"2025-09-12T16:55:04+00:00","dateModified":"2025-12-21T21:02:55+00:00","breadcrumb":{"@id":"https:\/\/www.kliinikum.ee\/yhendlabor\/kasiraamat\/mikrobioloogilised-uuringud\/korvaeritise-mikrobioloogiline-uuring\/#breadcrumb"},"inLanguage":"et","potentialAction":[{"@type":"ReadAction","target":["https:\/\/www.kliinikum.ee\/yhendlabor\/kasiraamat\/mikrobioloogilised-uuringud\/korvaeritise-mikrobioloogiline-uuring\/"]}]},{"@type":"BreadcrumbList","@id":"https:\/\/www.kliinikum.ee\/yhendlabor\/kasiraamat\/mikrobioloogilised-uuringud\/korvaeritise-mikrobioloogiline-uuring\/#breadcrumb","itemListElement":[{"@type":"ListItem","position":1,"name":"Home","item":"https:\/\/www.kliinikum.ee\/yhendlabor\/"},{"@type":"ListItem","position":2,"name":"K\u00e4siraamat","item":"https:\/\/www.kliinikum.ee\/yhendlabor\/kasiraamat\/"},{"@type":"ListItem","position":3,"name":"Mikrobioloogilised uuringud","item":"https:\/\/www.kliinikum.ee\/yhendlabor\/kasiraamat\/mikrobioloogilised-uuringud\/"},{"@type":"ListItem","position":4,"name":"K\u00f5rvaeritise mikrobioloogiline uuring"}]},{"@type":"WebSite","@id":"https:\/\/www.kliinikum.ee\/yhendlabor\/#website","url":"https:\/\/www.kliinikum.ee\/yhendlabor\/","name":"\u00dchendlabor","description":"Hoolivus, Uuendusmeelsus, P\u00e4devus ja Usaldusv\u00e4\u00e4rsus","potentialAction":[{"@type":"SearchAction","target":{"@type":"EntryPoint","urlTemplate":"https:\/\/www.kliinikum.ee\/yhendlabor\/?s={search_term_string}"},"query-input":{"@type":"PropertyValueSpecification","valueRequired":true,"valueName":"search_term_string"}}],"inLanguage":"et"}]}},"uagb_featured_image_src":{"full":false,"thumbnail":false,"medium":false,"medium_large":false,"large":false,"1536x1536":false,"2048x2048":false},"uagb_author_info":{"display_name":"Kadi Siigur","author_link":"https:\/\/www.kliinikum.ee\/yhendlabor\/author\/kadisi\/"},"uagb_comment_info":0,"uagb_excerpt":"Mikrobioloogia osakond \u00c4ge keskk\u00f5rvap\u00f5letik on \u00e4gedalt algav p\u00f5letik keskk\u00f5rvas, mis tavaliselt j\u00e4rgneb \u00e4gedale \u00fclemiste hingamisteede p\u00f5letikule (n\u00e4iteks nohule). Kaebusteks on k\u00f5rvavalu, palavik, kuulmise langus; otoskoopial trummikile muutused (h\u00fcpereemiline\/valge, v\u00e4ljakummunud, m\u00e4daeritus). \u00c4ge keskk\u00f5rvap\u00f5letik on enamasti bakteriaalne (70\u201380%), peamised tekitajad Streptococcus pneumoniae, Haemophilus influenzae, Moraxella catarrhalis, harvem Streptococcus pyogenes (grupp A), Staphylococcus aureus. Viiruslik p\u00f5letik esineb umbes&hellip;","_links":{"self":[{"href":"https:\/\/www.kliinikum.ee\/yhendlabor\/wp-json\/wp\/v2\/pages\/13114","targetHints":{"allow":["GET"]}}],"collection":[{"href":"https:\/\/www.kliinikum.ee\/yhendlabor\/wp-json\/wp\/v2\/pages"}],"about":[{"href":"https:\/\/www.kliinikum.ee\/yhendlabor\/wp-json\/wp\/v2\/types\/page"}],"author":[{"embeddable":true,"href":"https:\/\/www.kliinikum.ee\/yhendlabor\/wp-json\/wp\/v2\/users\/38"}],"replies":[{"embeddable":true,"href":"https:\/\/www.kliinikum.ee\/yhendlabor\/wp-json\/wp\/v2\/comments?post=13114"}],"version-history":[{"count":0,"href":"https:\/\/www.kliinikum.ee\/yhendlabor\/wp-json\/wp\/v2\/pages\/13114\/revisions"}],"up":[{"embeddable":true,"href":"https:\/\/www.kliinikum.ee\/yhendlabor\/wp-json\/wp\/v2\/pages\/7292"}],"wp:attachment":[{"href":"https:\/\/www.kliinikum.ee\/yhendlabor\/wp-json\/wp\/v2\/media?parent=13114"}],"curies":[{"name":"wp","href":"https:\/\/api.w.org\/{rel}","templated":true}]}}