{"id":13135,"date":"2025-09-12T20:24:17","date_gmt":"2025-09-12T18:24:17","guid":{"rendered":"https:\/\/www.kliinikum.ee\/yhendlabor\/?page_id=13135"},"modified":"2025-12-21T23:14:29","modified_gmt":"2025-12-21T21:14:29","slug":"parasiitide-mikroskoopia-roojast-st-parasites-m","status":"publish","type":"page","link":"https:\/\/www.kliinikum.ee\/yhendlabor\/kasiraamat\/mikrobioloogilised-uuringud\/parasiitide-mikroskoopia-roojast-st-parasites-m\/","title":{"rendered":"Parasiitide mikroskoopia roojast (St-Parasites-m)"},"content":{"rendered":"\n<p><em>Mikrobioloogia osakond<\/em><\/p>\n\n\n\n<p><strong>Ussnugilised <\/strong>p\u00f5hjustavad erinevaid parasitaarhaigusi \u2013 helmintiaase (helmintoose). Nakkusallikaks inimese jaoks peetakse helmindi eluts\u00fckli l\u00f5pp-peremeest, s.t organismi, kelles toimub sugulise paljunemise faas. Nakatumine v\u00f5ib toimuda fekaal-oraalselt v\u00f5i naha kaudu.<\/p>\n\n\n\n<p><strong>Algloomad (<em>Protozoa<\/em>)<\/strong> on eukar\u00fcootsed ainuraksed organismid, kes on levinud parasiidid ja s\u00fcmbiondid hulkraksetel loomadel, s.h inimesel, p\u00f5hjustades erinevaid haigusseisundeid.<\/p>\n\n\n\n<p class=\"has-medium-font-size\"><strong>Uuritav materjal, selle v\u014dtmine, saatmine ja s\u00e4ilitamine<\/strong><\/p>\n\n\n\n<figure class=\"wp-block-table is-style-stripes\"><table width=\"100%\"><tbody><tr><td width=\"1%\"><\/td><td width=\"15%\"><strong>Proovin\u00f5u<\/strong><\/td><td width=\"84%\">Roojatops<\/td><\/tr><tr><td><\/td><td><strong>S\u00e4ilivus<\/strong><\/td><td>+4 \u00b0C \u00fcks p\u00e4ev<\/td><\/tr><\/tbody><\/table><\/figure>\n\n\n\n<p>Parasiitide kahtluse korral tuleb j\u00e4lgida, et patsient poleks enne uuringut saanud viimase kuu jooksul antibiootikume, k\u00f5hulahtisuse vastaseid preparaate, lahtisteid, baariumi ja vismuti preparaate, mineraal\u00f5lisid. Vastasel korral tuleb uuringuga oodata 1\u20133 n\u00e4dalat.<\/p>\n\n\n\n<p>NB! V\u00e4ljaheide ei tohi olla saastunud vee ega uriiniga!<\/p>\n\n\n\n<p>NB! <em>Enterobius vermicularis<\/em>`e tuvastamiseks rooja uuring ei sobi. Kuna naaskelsabad munevad perianaalsetele voltidele, tuleb uurida anaalkaabet.<\/p>\n\n\n\n<p class=\"has-medium-font-size\"><strong>Anal\u00fc\u00fcsi tegemise aeg:<\/strong><strong> <\/strong>kaks korda n\u00e4dalas<\/p>\n\n\n\n<p class=\"has-medium-font-size\"><strong>Anal\u00fc\u00fcsimeetod: <\/strong>proovimaterjal kontsentreeritakse formaliin-eeter meetodil, sade mikroskopeeritakse<\/p>\n\n\n\n<p class=\"has-medium-font-size\"><strong>Vastuse vorm<\/strong><\/p>\n\n\n\n<p>Negatiivne\/positiivne<\/p>\n\n\n\n<p class=\"has-medium-font-size\"><strong>N\u00e4idustus ja kliiniline t\u00e4hendus<\/strong><\/p>\n\n\n\n<p>Ussnugiliste ja parasiitide esinemise kahtlus.<\/p>\n\n\n\n<p>Ussnugiliste munade ja algloomade esinemine roojas viitab infektsioonile. Mittepatogeensete algloomade esinemine korduvalt ja suures hulgas haiguss\u00fcmptomitega patsiendil v\u00f5ib viidata infektsioonile juhul, kui teised infektsioonitekitajad on v\u00e4listatud.<\/p>\n\n\n\n<p>Nakkuse v\u00e4listamiseks tuleb uurida v\u00e4hemalt kolme proovi, soovitavalt 2\u20133 p\u00e4evaste vahedega.<\/p>\n\n\n\n<p>Rooja uuringuga on v\u00f5imalik tuvastada j\u00e4rgmisi parasiite:<\/p>\n\n\n\n<p><em>\u00dcmarussid<\/em><\/p>\n\n\n\n<ul class=\"wp-block-list\">\n<li>solkme (<em>Ascaris lumbricoides<\/em>) munad \u2013 askaridiaas<\/li>\n\n\n\n<li>piuglase (<em>Trichocephalus trichiurus<\/em>) munad \u2013 trihhuriaas<\/li>\n<\/ul>\n\n\n\n<p><em>Paelussid:<\/em><\/p>\n\n\n\n<ul class=\"wp-block-list\">\n<li>laiussi (<em>Diphyllobothrium latum<\/em>) munad \u2013 dif\u00fcllobotriaas<\/li>\n\n\n\n<li>nudipaelussi (<em>Taenia saginata<\/em>) v\u00f5i nookpaelussi (<em>Taenia solium<\/em>) munad \u2013 teniaas (<em>T. soliumi <\/em>munad ei erine morfoloogiliselt <em>T. saginata <\/em>munadest, diferentsiaaldiagnostilist t\u00e4htsust omab paelussi l\u00fclide uuring)<\/li>\n\n\n\n<li>k\u00e4\u00e4buspaelussi munad (<em>Hymenolepis nana<\/em>) \u2013 h\u00fcmenolepiaas<\/li>\n<\/ul>\n\n\n\n<p><em>Imiussid:<\/em><\/p>\n\n\n\n<ul class=\"wp-block-list\">\n<li>Siberi kaksiksuulase (<em>Opisthorchis felinus<\/em>) munad \u2013 opistorhiaas<\/li>\n\n\n\n<li>maksa kakssuulase (<em>Fasciola hepatica<\/em>) munad \u2013 fastsioliaas<\/li>\n<\/ul>\n\n\n\n<p><em>Algloomad<\/em>: <em>Giardia lamblia<\/em>, <em>Entamoeba coli<\/em>, <em>Entamoeba hartmanni,<\/em> <em>Blastocystis hominis,<\/em> <em>Endolimax nana<\/em>, <em>Iodamoeba b\u00fctschlii<\/em>, <em>Chilomastix mesnili<\/em>.<\/p>\n\n\n\n<p><em>Giardia lamblia<\/em> ja <em>Entamoeba histolytica<\/em> ts\u00fcstide esinemine roojas viitab infektsioonile.<\/p>\n\n\n\n<p>Vt ka: <a href=\"https:\/\/www.kliinikum.ee\/yhendlabor\/kasiraamat\/nakkustekitajate-uuringud-dna-rna-antikehad-antigeenid\/sooleparasiitide-dna-paneel-roojas\/\">Sooleparasiitide DNA paneel roojast<\/a><br><a href=\"https:\/\/www.kliinikum.ee\/yhendlabor\/kasiraamat\/mikrobioloogilised-uuringud\/enterobius-vermicularise-munade-mikroskoopia-anaalkaapest-an-e-vermicularis-m\/\"><em>Enterobius vermicularis<\/em>\u2019e munade mikroskoopia anaalkaapest<\/a><\/p>\n\n\n\n<p>Koostajad: Krista L\u00f5ivukene, Riin Tamm<br>Muudetud 25.01.2018<\/p>\n","protected":false},"excerpt":{"rendered":"<p>Mikrobioloogia osakond Ussnugilised p\u00f5hjustavad erinevaid parasitaarhaigusi \u2013 helmintiaase (helmintoose). Nakkusallikaks inimese jaoks peetakse helmindi eluts\u00fckli l\u00f5pp-peremeest, s.t organismi, kelles toimub sugulise paljunemise faas. Nakatumine v\u00f5ib toimuda fekaal-oraalselt v\u00f5i naha kaudu. Algloomad (Protozoa) on eukar\u00fcootsed ainuraksed organismid, kes on levinud parasiidid ja s\u00fcmbiondid hulkraksetel loomadel, s.h inimesel, p\u00f5hjustades erinevaid haigusseisundeid. Uuritav materjal, selle v\u014dtmine, saatmine ja [&hellip;]<\/p>\n","protected":false},"author":38,"featured_media":0,"parent":7292,"menu_order":19,"comment_status":"closed","ping_status":"closed","template":"","meta":{"_uag_custom_page_level_css":"","footnotes":""},"class_list":["post-13135","page","type-page","status-publish","hentry"],"acf":[],"yoast_head":"<!-- This site is optimized with the Yoast SEO plugin v27.3 - https:\/\/yoast.com\/product\/yoast-seo-wordpress\/ -->\n<title>Parasiitide mikroskoopia roojast (St-Parasites-m) - \u00dchendlabor<\/title>\n<meta name=\"robots\" content=\"index, follow, max-snippet:-1, max-image-preview:large, max-video-preview:-1\" \/>\n<link rel=\"canonical\" href=\"https:\/\/www.kliinikum.ee\/yhendlabor\/kasiraamat\/mikrobioloogilised-uuringud\/parasiitide-mikroskoopia-roojast-st-parasites-m\/\" \/>\n<meta property=\"og:locale\" content=\"et_EE\" \/>\n<meta property=\"og:type\" content=\"article\" \/>\n<meta property=\"og:title\" content=\"Parasiitide mikroskoopia roojast (St-Parasites-m) - \u00dchendlabor\" \/>\n<meta property=\"og:description\" content=\"Mikrobioloogia osakond Ussnugilised p\u00f5hjustavad erinevaid parasitaarhaigusi \u2013 helmintiaase (helmintoose). Nakkusallikaks inimese jaoks peetakse helmindi eluts\u00fckli l\u00f5pp-peremeest, s.t organismi, kelles toimub sugulise paljunemise faas. Nakatumine v\u00f5ib toimuda fekaal-oraalselt v\u00f5i naha kaudu. Algloomad (Protozoa) on eukar\u00fcootsed ainuraksed organismid, kes on levinud parasiidid ja s\u00fcmbiondid hulkraksetel loomadel, s.h inimesel, p\u00f5hjustades erinevaid haigusseisundeid. Uuritav materjal, selle v\u014dtmine, saatmine ja [&hellip;]\" \/>\n<meta property=\"og:url\" content=\"https:\/\/www.kliinikum.ee\/yhendlabor\/kasiraamat\/mikrobioloogilised-uuringud\/parasiitide-mikroskoopia-roojast-st-parasites-m\/\" \/>\n<meta property=\"og:site_name\" content=\"\u00dchendlabor\" \/>\n<meta property=\"article:modified_time\" content=\"2025-12-21T21:14:29+00:00\" \/>\n<meta name=\"twitter:card\" content=\"summary_large_image\" \/>\n<meta name=\"twitter:label1\" content=\"Est. reading time\" \/>\n\t<meta name=\"twitter:data1\" content=\"2 minutit\" \/>\n<script type=\"application\/ld+json\" class=\"yoast-schema-graph\">{\"@context\":\"https:\\\/\\\/schema.org\",\"@graph\":[{\"@type\":\"WebPage\",\"@id\":\"https:\\\/\\\/www.kliinikum.ee\\\/yhendlabor\\\/kasiraamat\\\/mikrobioloogilised-uuringud\\\/parasiitide-mikroskoopia-roojast-st-parasites-m\\\/\",\"url\":\"https:\\\/\\\/www.kliinikum.ee\\\/yhendlabor\\\/kasiraamat\\\/mikrobioloogilised-uuringud\\\/parasiitide-mikroskoopia-roojast-st-parasites-m\\\/\",\"name\":\"Parasiitide mikroskoopia roojast (St-Parasites-m) - \u00dchendlabor\",\"isPartOf\":{\"@id\":\"https:\\\/\\\/www.kliinikum.ee\\\/yhendlabor\\\/#website\"},\"datePublished\":\"2025-09-12T18:24:17+00:00\",\"dateModified\":\"2025-12-21T21:14:29+00:00\",\"breadcrumb\":{\"@id\":\"https:\\\/\\\/www.kliinikum.ee\\\/yhendlabor\\\/kasiraamat\\\/mikrobioloogilised-uuringud\\\/parasiitide-mikroskoopia-roojast-st-parasites-m\\\/#breadcrumb\"},\"inLanguage\":\"et\",\"potentialAction\":[{\"@type\":\"ReadAction\",\"target\":[\"https:\\\/\\\/www.kliinikum.ee\\\/yhendlabor\\\/kasiraamat\\\/mikrobioloogilised-uuringud\\\/parasiitide-mikroskoopia-roojast-st-parasites-m\\\/\"]}]},{\"@type\":\"BreadcrumbList\",\"@id\":\"https:\\\/\\\/www.kliinikum.ee\\\/yhendlabor\\\/kasiraamat\\\/mikrobioloogilised-uuringud\\\/parasiitide-mikroskoopia-roojast-st-parasites-m\\\/#breadcrumb\",\"itemListElement\":[{\"@type\":\"ListItem\",\"position\":1,\"name\":\"Home\",\"item\":\"https:\\\/\\\/www.kliinikum.ee\\\/yhendlabor\\\/\"},{\"@type\":\"ListItem\",\"position\":2,\"name\":\"K\u00e4siraamat\",\"item\":\"https:\\\/\\\/www.kliinikum.ee\\\/yhendlabor\\\/kasiraamat\\\/\"},{\"@type\":\"ListItem\",\"position\":3,\"name\":\"Mikrobioloogilised uuringud\",\"item\":\"https:\\\/\\\/www.kliinikum.ee\\\/yhendlabor\\\/kasiraamat\\\/mikrobioloogilised-uuringud\\\/\"},{\"@type\":\"ListItem\",\"position\":4,\"name\":\"Parasiitide mikroskoopia roojast (St-Parasites-m)\"}]},{\"@type\":\"WebSite\",\"@id\":\"https:\\\/\\\/www.kliinikum.ee\\\/yhendlabor\\\/#website\",\"url\":\"https:\\\/\\\/www.kliinikum.ee\\\/yhendlabor\\\/\",\"name\":\"\u00dchendlabor\",\"description\":\"Hoolivus, Uuendusmeelsus, P\u00e4devus ja Usaldusv\u00e4\u00e4rsus\",\"potentialAction\":[{\"@type\":\"SearchAction\",\"target\":{\"@type\":\"EntryPoint\",\"urlTemplate\":\"https:\\\/\\\/www.kliinikum.ee\\\/yhendlabor\\\/?s={search_term_string}\"},\"query-input\":{\"@type\":\"PropertyValueSpecification\",\"valueRequired\":true,\"valueName\":\"search_term_string\"}}],\"inLanguage\":\"et\"}]}<\/script>\n<!-- \/ Yoast SEO plugin. -->","yoast_head_json":{"title":"Parasiitide mikroskoopia roojast (St-Parasites-m) - \u00dchendlabor","robots":{"index":"index","follow":"follow","max-snippet":"max-snippet:-1","max-image-preview":"max-image-preview:large","max-video-preview":"max-video-preview:-1"},"canonical":"https:\/\/www.kliinikum.ee\/yhendlabor\/kasiraamat\/mikrobioloogilised-uuringud\/parasiitide-mikroskoopia-roojast-st-parasites-m\/","og_locale":"et_EE","og_type":"article","og_title":"Parasiitide mikroskoopia roojast (St-Parasites-m) - \u00dchendlabor","og_description":"Mikrobioloogia osakond Ussnugilised p\u00f5hjustavad erinevaid parasitaarhaigusi \u2013 helmintiaase (helmintoose). Nakkusallikaks inimese jaoks peetakse helmindi eluts\u00fckli l\u00f5pp-peremeest, s.t organismi, kelles toimub sugulise paljunemise faas. Nakatumine v\u00f5ib toimuda fekaal-oraalselt v\u00f5i naha kaudu. Algloomad (Protozoa) on eukar\u00fcootsed ainuraksed organismid, kes on levinud parasiidid ja s\u00fcmbiondid hulkraksetel loomadel, s.h inimesel, p\u00f5hjustades erinevaid haigusseisundeid. Uuritav materjal, selle v\u014dtmine, saatmine ja [&hellip;]","og_url":"https:\/\/www.kliinikum.ee\/yhendlabor\/kasiraamat\/mikrobioloogilised-uuringud\/parasiitide-mikroskoopia-roojast-st-parasites-m\/","og_site_name":"\u00dchendlabor","article_modified_time":"2025-12-21T21:14:29+00:00","twitter_card":"summary_large_image","twitter_misc":{"Est. reading time":"2 minutit"},"schema":{"@context":"https:\/\/schema.org","@graph":[{"@type":"WebPage","@id":"https:\/\/www.kliinikum.ee\/yhendlabor\/kasiraamat\/mikrobioloogilised-uuringud\/parasiitide-mikroskoopia-roojast-st-parasites-m\/","url":"https:\/\/www.kliinikum.ee\/yhendlabor\/kasiraamat\/mikrobioloogilised-uuringud\/parasiitide-mikroskoopia-roojast-st-parasites-m\/","name":"Parasiitide mikroskoopia roojast (St-Parasites-m) - \u00dchendlabor","isPartOf":{"@id":"https:\/\/www.kliinikum.ee\/yhendlabor\/#website"},"datePublished":"2025-09-12T18:24:17+00:00","dateModified":"2025-12-21T21:14:29+00:00","breadcrumb":{"@id":"https:\/\/www.kliinikum.ee\/yhendlabor\/kasiraamat\/mikrobioloogilised-uuringud\/parasiitide-mikroskoopia-roojast-st-parasites-m\/#breadcrumb"},"inLanguage":"et","potentialAction":[{"@type":"ReadAction","target":["https:\/\/www.kliinikum.ee\/yhendlabor\/kasiraamat\/mikrobioloogilised-uuringud\/parasiitide-mikroskoopia-roojast-st-parasites-m\/"]}]},{"@type":"BreadcrumbList","@id":"https:\/\/www.kliinikum.ee\/yhendlabor\/kasiraamat\/mikrobioloogilised-uuringud\/parasiitide-mikroskoopia-roojast-st-parasites-m\/#breadcrumb","itemListElement":[{"@type":"ListItem","position":1,"name":"Home","item":"https:\/\/www.kliinikum.ee\/yhendlabor\/"},{"@type":"ListItem","position":2,"name":"K\u00e4siraamat","item":"https:\/\/www.kliinikum.ee\/yhendlabor\/kasiraamat\/"},{"@type":"ListItem","position":3,"name":"Mikrobioloogilised uuringud","item":"https:\/\/www.kliinikum.ee\/yhendlabor\/kasiraamat\/mikrobioloogilised-uuringud\/"},{"@type":"ListItem","position":4,"name":"Parasiitide mikroskoopia roojast (St-Parasites-m)"}]},{"@type":"WebSite","@id":"https:\/\/www.kliinikum.ee\/yhendlabor\/#website","url":"https:\/\/www.kliinikum.ee\/yhendlabor\/","name":"\u00dchendlabor","description":"Hoolivus, Uuendusmeelsus, P\u00e4devus ja Usaldusv\u00e4\u00e4rsus","potentialAction":[{"@type":"SearchAction","target":{"@type":"EntryPoint","urlTemplate":"https:\/\/www.kliinikum.ee\/yhendlabor\/?s={search_term_string}"},"query-input":{"@type":"PropertyValueSpecification","valueRequired":true,"valueName":"search_term_string"}}],"inLanguage":"et"}]}},"uagb_featured_image_src":{"full":false,"thumbnail":false,"medium":false,"medium_large":false,"large":false,"1536x1536":false,"2048x2048":false},"uagb_author_info":{"display_name":"Kadi Siigur","author_link":"https:\/\/www.kliinikum.ee\/yhendlabor\/author\/kadisi\/"},"uagb_comment_info":0,"uagb_excerpt":"Mikrobioloogia osakond Ussnugilised p\u00f5hjustavad erinevaid parasitaarhaigusi \u2013 helmintiaase (helmintoose). Nakkusallikaks inimese jaoks peetakse helmindi eluts\u00fckli l\u00f5pp-peremeest, s.t organismi, kelles toimub sugulise paljunemise faas. Nakatumine v\u00f5ib toimuda fekaal-oraalselt v\u00f5i naha kaudu. Algloomad (Protozoa) on eukar\u00fcootsed ainuraksed organismid, kes on levinud parasiidid ja s\u00fcmbiondid hulkraksetel loomadel, s.h inimesel, p\u00f5hjustades erinevaid haigusseisundeid. Uuritav materjal, selle v\u014dtmine, saatmine ja&hellip;","_links":{"self":[{"href":"https:\/\/www.kliinikum.ee\/yhendlabor\/wp-json\/wp\/v2\/pages\/13135","targetHints":{"allow":["GET"]}}],"collection":[{"href":"https:\/\/www.kliinikum.ee\/yhendlabor\/wp-json\/wp\/v2\/pages"}],"about":[{"href":"https:\/\/www.kliinikum.ee\/yhendlabor\/wp-json\/wp\/v2\/types\/page"}],"author":[{"embeddable":true,"href":"https:\/\/www.kliinikum.ee\/yhendlabor\/wp-json\/wp\/v2\/users\/38"}],"replies":[{"embeddable":true,"href":"https:\/\/www.kliinikum.ee\/yhendlabor\/wp-json\/wp\/v2\/comments?post=13135"}],"version-history":[{"count":0,"href":"https:\/\/www.kliinikum.ee\/yhendlabor\/wp-json\/wp\/v2\/pages\/13135\/revisions"}],"up":[{"embeddable":true,"href":"https:\/\/www.kliinikum.ee\/yhendlabor\/wp-json\/wp\/v2\/pages\/7292"}],"wp:attachment":[{"href":"https:\/\/www.kliinikum.ee\/yhendlabor\/wp-json\/wp\/v2\/media?parent=13135"}],"curies":[{"name":"wp","href":"https:\/\/api.w.org\/{rel}","templated":true}]}}