{"id":13139,"date":"2025-09-12T20:34:50","date_gmt":"2025-09-12T18:34:50","guid":{"rendered":"https:\/\/www.kliinikum.ee\/yhendlabor\/?page_id=13139"},"modified":"2025-12-21T23:10:25","modified_gmt":"2025-12-21T21:10:25","slug":"punktsioonimaterjali-abstsessimaterjal-siinusepunktaat-liigesevedelik-pleuravedelik-kohuoonevedelik-perikardivedelik-sapp-jm-mikrobioloogiline-uuring","status":"publish","type":"page","link":"https:\/\/www.kliinikum.ee\/yhendlabor\/kasiraamat\/mikrobioloogilised-uuringud\/punktsioonimaterjali-abstsessimaterjal-siinusepunktaat-liigesevedelik-pleuravedelik-kohuoonevedelik-perikardivedelik-sapp-jm-mikrobioloogiline-uuring\/","title":{"rendered":"Punktsioonimaterjali (abstsessimaterjal, siinusepunktaat, liigesevedelik, pleuravedelik, k\u00f5hu\u00f5\u00f5nevedelik, perikardivedelik, sapp jm) mikrobioloogiline uuring"},"content":{"rendered":"\n<p><em>Mikrobioloogia osakond<\/em><\/p>\n\n\n\n<p>Vt ka: <a href=\"https:\/\/www.kliinikum.ee\/yhendlabor\/kasiraamat\/mikrobioloogilised-uuringud\/haavaeritise-mikrobioloogiline-uuring\/\">Haavaeritise mikrobioloogiline uuring<\/a><br><a href=\"https:\/\/www.kliinikum.ee\/yhendlabor\/kasiraamat\/mikrobioloogilised-uuringud\/anaeroobne-kulv-haavaeritis-punktaadid-hambajuurekanali-materjal-koetukid\/\">Anaeroobne k\u00fclv<br><\/a><a href=\"https:\/\/www.kliinikum.ee\/yhendlabor\/kasiraamat\/mikrobioloogilised-uuringud\/ninakaape-mikrobioloogiline-uuring\/\">Ninakaape mikrobioloogiline uuring<br><\/a><a href=\"https:\/\/www.kliinikum.ee\/yhendlabor\/kasiraamat\/mikrobioloogilised-uuringud\/korvaeritise-mikrobioloogiline-uuring\/\">K\u00f5rvaeritise mikrobioloogiline uuring<\/a><\/p>\n\n\n\n<p class=\"has-medium-font-size\"><strong>Uuritav materjal, selle v\u00f5tmine, saatmine ja s\u00e4ilitamine<\/strong><\/p>\n\n\n\n<figure class=\"wp-block-table is-style-stripes\"><table width=\"100%\"><tbody><tr><td width=\"1%\"><\/td><td width=\"15%\"><strong>Proovin\u00f5u<\/strong><\/td><td width=\"84%\">eSwab vedela transpordis\u00f6\u00f6tmega katsuti<\/td><\/tr><tr><td><\/td><td><strong>S\u00e4ilivus<\/strong><\/td><td>Toatemperatuuril 2 p\u00e4eva<\/td><\/tr><tr><td><\/td><td><strong>Proovin\u00f5u<\/strong><\/td><td>Bactec AER pudel, Bactec AN pudel, Bactec PED pudel<\/td><\/tr><tr><td><\/td><td><strong>S\u00e4ilivus<\/strong><\/td><td>Toatemperatuuril \u00fcks p\u00e4ev<\/td><\/tr><\/tbody><\/table><\/figure>\n\n\n\n<p>A. Desinfitseerida punktsioonikoha nahk, punkteerida, aspireerida materjal steriilsesse s\u00fcstlasse. S\u00fcstida kuni 1 mL materjali eSwab vedela transpordis\u00f6\u00f6tmega katsutisse.<\/p>\n\n\n\n<p>B. V\u00f5etud materjali v\u00f5ib k\u00fclvata ka Bactec s\u00fcsteemi.<br>BACTEC PLUS aerobic\/F* (hall kork) aeroobseks k\u00fclviks. Optimaalne materjali hulk 8\u201310 mL.<br>BACTEC LYTIC\/10 Anaerobic\/F (lilla kork) v\u00f5i BACTEC PLUS Anaerobic\/F (oran\u017e kork) anaeroobseks k\u00fclviks. Optimaalne materjali hulk 8\u201310 mL.<br>BACTEC PEDS PLUS\/F (roosa kork) aeroobseks ja seente k\u00fclviks. Optimaalne materjali&nbsp; hulk 1\u20133 mL.<br>BACTEC Mycosis \u2013IC\/F (roheline kork) seente k\u00fclviks. Optimaalne materjali hulk 8\u201310 mL.<\/p>\n\n\n\n<p>Desinfitseerida punktsioonikoha nahk, punkteerida ja aspireerida materjal s\u00fcstlasse. S\u00fcstlaga punkteerimisel kasutada spetsiaalset turvan\u00f5ela ja verepudelisse sisestamiseks spetsiaalselt s\u00fcstla jaoks m\u00f5eldud turvas\u00fcsteemi. Turvas\u00fcsteemi puudumisel tuleb kindlasti vahetada s\u00fcstla n\u00f5el. Vajalikud tarvikud saab tellida mikrobioloogia laborist. Desinfitseerida pudeli kork ja s\u00fcstida materjal l\u00e4bi turvas\u00fcsteemi pudelisse. P\u00e4rast n\u00f5elahoidja eemaldamist tuleb pudelit loksutada ringjate liigutustega, et materjal seguneks s\u00f6\u00f6tmega. S\u00fcstla kasutamisel alustada pudelite t\u00e4itmist Bactec AN pudelist.<\/p>\n\n\n\n<p class=\"has-medium-font-size\"><strong>Anal\u00fc\u00fcsi tegemise aeg:<\/strong> t\u00f6\u00f6p\u00e4eviti (esmask\u00fclvid ka n\u00e4dalavahetusel)<\/p>\n\n\n\n<p class=\"has-medium-font-size\"><strong>Anal\u00fc\u00fcsimeetod<\/strong><\/p>\n\n\n\n<p>A. K\u00fclv veri- ja \u0161okolaadagarile, anaeroobide kahtlusel anaeroobide agarile (selektiivne ja mitteselektiivne). Grami j\u00e4rgi v\u00e4rvitud preparaadi mikroskoopia. Tekitaja samastamine ja ravimitundlikkuse m\u00e4\u00e4ramine. L\u00f5plik vastus: negatiivne 3.\u20134. p\u00e4eval, positiivne 3.\u20135. p\u00e4eval. Anaeroobide korral negatiivne vastus 5. p\u00e4eval, positiivne koos tundlikkusega 7. p\u00e4eval (<em>Actinomyces<\/em> <em>spp.<\/em> korral kuni kaks n\u00e4dalat).<\/p>\n\n\n\n<p>B. Inkubatsioon anal\u00fcsaatoris Bactec. Positiivse signaali korral k\u00fclv veri- ja \u0161okolaadagarile, anaeroobide kahtlusel Wilkins Chalgreni agarile (selektiivne ja mitteselektiivne). Grami j\u00e4rgi v\u00e4rvitud preparaadi mikroskoopia. Tekitaja samastamine ja ravimitundlikkuse m\u00e4\u00e4ramine. L\u00f5plik vastus: negatiivne 5. p\u00e4eval, positiivne 3.\u20137. p\u00e4eval, anaeroobide korral 5.\u20137. p\u00e4eval.<\/p>\n\n\n\n<p class=\"has-medium-font-size\"><strong>N\u00e4idustus ja kliiniline t\u00e4hendus<\/strong><\/p>\n\n\n\n<p>Primaarselt steriilsete \u00f5\u00f5nte (siinuse-, liigese-, pleura-, peritoneaal-, perikardi\u00f5\u00f5ne) bakteriaalse p\u00f5letiku kahtlus, sinusiit, peritoniit jne.<\/p>\n\n\n\n<p>Tegemist on primaarselt steriilsete paikmetega. Proov v\u00f5ib saastuda punktsiooni k\u00e4igus naha mikroobidega, tavaliselt koagulaasnegatiivsete staf\u00fclokokkidega, kuid need mikroobid v\u00f5ivad olla ka infektsiooni tekitajad.<\/p>\n\n\n\n<p>V\u00f5imalikud vead: proovi v\u00f5tmine antibakteriaalse ravi foonil, vead s\u00e4ilitamisel ja transpordil.<\/p>\n\n\n\n<p>Koostajad: Krista L\u00f5ivukene, Siiri K\u00f5ljalg<br>Muudetud 04.02.2025<\/p>\n","protected":false},"excerpt":{"rendered":"<p>Mikrobioloogia osakond Vt ka: Haavaeritise mikrobioloogiline uuringAnaeroobne k\u00fclvNinakaape mikrobioloogiline uuringK\u00f5rvaeritise mikrobioloogiline uuring Uuritav materjal, selle v\u00f5tmine, saatmine ja s\u00e4ilitamine Proovin\u00f5u eSwab vedela transpordis\u00f6\u00f6tmega katsuti S\u00e4ilivus Toatemperatuuril 2 p\u00e4eva Proovin\u00f5u Bactec AER pudel, Bactec AN pudel, Bactec PED pudel S\u00e4ilivus Toatemperatuuril \u00fcks p\u00e4ev A. Desinfitseerida punktsioonikoha nahk, punkteerida, aspireerida materjal steriilsesse s\u00fcstlasse. S\u00fcstida kuni 1 mL [&hellip;]<\/p>\n","protected":false},"author":38,"featured_media":0,"parent":7292,"menu_order":20,"comment_status":"closed","ping_status":"closed","template":"","meta":{"_uag_custom_page_level_css":"","footnotes":""},"class_list":["post-13139","page","type-page","status-publish","hentry"],"acf":[],"yoast_head":"<!-- This site is optimized with the Yoast SEO plugin v27.3 - https:\/\/yoast.com\/product\/yoast-seo-wordpress\/ -->\n<title>Punktsioonimaterjali (abstsessimaterjal, siinusepunktaat, liigesevedelik, pleuravedelik, k\u00f5hu\u00f5\u00f5nevedelik, perikardivedelik, sapp jm) mikrobioloogiline uuring - \u00dchendlabor<\/title>\n<meta name=\"robots\" content=\"index, follow, max-snippet:-1, max-image-preview:large, max-video-preview:-1\" \/>\n<link rel=\"canonical\" href=\"https:\/\/www.kliinikum.ee\/yhendlabor\/kasiraamat\/mikrobioloogilised-uuringud\/punktsioonimaterjali-abstsessimaterjal-siinusepunktaat-liigesevedelik-pleuravedelik-kohuoonevedelik-perikardivedelik-sapp-jm-mikrobioloogiline-uuring\/\" \/>\n<meta property=\"og:locale\" content=\"et_EE\" \/>\n<meta property=\"og:type\" content=\"article\" \/>\n<meta property=\"og:title\" content=\"Punktsioonimaterjali (abstsessimaterjal, siinusepunktaat, liigesevedelik, pleuravedelik, k\u00f5hu\u00f5\u00f5nevedelik, perikardivedelik, sapp jm) mikrobioloogiline uuring - \u00dchendlabor\" \/>\n<meta property=\"og:description\" content=\"Mikrobioloogia osakond Vt ka: Haavaeritise mikrobioloogiline uuringAnaeroobne k\u00fclvNinakaape mikrobioloogiline uuringK\u00f5rvaeritise mikrobioloogiline uuring Uuritav materjal, selle v\u00f5tmine, saatmine ja s\u00e4ilitamine Proovin\u00f5u eSwab vedela transpordis\u00f6\u00f6tmega katsuti S\u00e4ilivus Toatemperatuuril 2 p\u00e4eva Proovin\u00f5u Bactec AER pudel, Bactec AN pudel, Bactec PED pudel S\u00e4ilivus Toatemperatuuril \u00fcks p\u00e4ev A. Desinfitseerida punktsioonikoha nahk, punkteerida, aspireerida materjal steriilsesse s\u00fcstlasse. S\u00fcstida kuni 1 mL [&hellip;]\" \/>\n<meta property=\"og:url\" content=\"https:\/\/www.kliinikum.ee\/yhendlabor\/kasiraamat\/mikrobioloogilised-uuringud\/punktsioonimaterjali-abstsessimaterjal-siinusepunktaat-liigesevedelik-pleuravedelik-kohuoonevedelik-perikardivedelik-sapp-jm-mikrobioloogiline-uuring\/\" \/>\n<meta property=\"og:site_name\" content=\"\u00dchendlabor\" \/>\n<meta property=\"article:modified_time\" content=\"2025-12-21T21:10:25+00:00\" \/>\n<meta name=\"twitter:card\" content=\"summary_large_image\" \/>\n<meta name=\"twitter:label1\" content=\"Est. reading time\" \/>\n\t<meta name=\"twitter:data1\" content=\"2 minutit\" \/>\n<script type=\"application\/ld+json\" class=\"yoast-schema-graph\">{\"@context\":\"https:\\\/\\\/schema.org\",\"@graph\":[{\"@type\":\"WebPage\",\"@id\":\"https:\\\/\\\/www.kliinikum.ee\\\/yhendlabor\\\/kasiraamat\\\/mikrobioloogilised-uuringud\\\/punktsioonimaterjali-abstsessimaterjal-siinusepunktaat-liigesevedelik-pleuravedelik-kohuoonevedelik-perikardivedelik-sapp-jm-mikrobioloogiline-uuring\\\/\",\"url\":\"https:\\\/\\\/www.kliinikum.ee\\\/yhendlabor\\\/kasiraamat\\\/mikrobioloogilised-uuringud\\\/punktsioonimaterjali-abstsessimaterjal-siinusepunktaat-liigesevedelik-pleuravedelik-kohuoonevedelik-perikardivedelik-sapp-jm-mikrobioloogiline-uuring\\\/\",\"name\":\"Punktsioonimaterjali (abstsessimaterjal, siinusepunktaat, liigesevedelik, pleuravedelik, k\u00f5hu\u00f5\u00f5nevedelik, perikardivedelik, sapp jm) mikrobioloogiline uuring - \u00dchendlabor\",\"isPartOf\":{\"@id\":\"https:\\\/\\\/www.kliinikum.ee\\\/yhendlabor\\\/#website\"},\"datePublished\":\"2025-09-12T18:34:50+00:00\",\"dateModified\":\"2025-12-21T21:10:25+00:00\",\"breadcrumb\":{\"@id\":\"https:\\\/\\\/www.kliinikum.ee\\\/yhendlabor\\\/kasiraamat\\\/mikrobioloogilised-uuringud\\\/punktsioonimaterjali-abstsessimaterjal-siinusepunktaat-liigesevedelik-pleuravedelik-kohuoonevedelik-perikardivedelik-sapp-jm-mikrobioloogiline-uuring\\\/#breadcrumb\"},\"inLanguage\":\"et\",\"potentialAction\":[{\"@type\":\"ReadAction\",\"target\":[\"https:\\\/\\\/www.kliinikum.ee\\\/yhendlabor\\\/kasiraamat\\\/mikrobioloogilised-uuringud\\\/punktsioonimaterjali-abstsessimaterjal-siinusepunktaat-liigesevedelik-pleuravedelik-kohuoonevedelik-perikardivedelik-sapp-jm-mikrobioloogiline-uuring\\\/\"]}]},{\"@type\":\"BreadcrumbList\",\"@id\":\"https:\\\/\\\/www.kliinikum.ee\\\/yhendlabor\\\/kasiraamat\\\/mikrobioloogilised-uuringud\\\/punktsioonimaterjali-abstsessimaterjal-siinusepunktaat-liigesevedelik-pleuravedelik-kohuoonevedelik-perikardivedelik-sapp-jm-mikrobioloogiline-uuring\\\/#breadcrumb\",\"itemListElement\":[{\"@type\":\"ListItem\",\"position\":1,\"name\":\"Home\",\"item\":\"https:\\\/\\\/www.kliinikum.ee\\\/yhendlabor\\\/\"},{\"@type\":\"ListItem\",\"position\":2,\"name\":\"K\u00e4siraamat\",\"item\":\"https:\\\/\\\/www.kliinikum.ee\\\/yhendlabor\\\/kasiraamat\\\/\"},{\"@type\":\"ListItem\",\"position\":3,\"name\":\"Mikrobioloogilised uuringud\",\"item\":\"https:\\\/\\\/www.kliinikum.ee\\\/yhendlabor\\\/kasiraamat\\\/mikrobioloogilised-uuringud\\\/\"},{\"@type\":\"ListItem\",\"position\":4,\"name\":\"Punktsioonimaterjali (abstsessimaterjal, siinusepunktaat, liigesevedelik, pleuravedelik, k\u00f5hu\u00f5\u00f5nevedelik, perikardivedelik, sapp jm) mikrobioloogiline uuring\"}]},{\"@type\":\"WebSite\",\"@id\":\"https:\\\/\\\/www.kliinikum.ee\\\/yhendlabor\\\/#website\",\"url\":\"https:\\\/\\\/www.kliinikum.ee\\\/yhendlabor\\\/\",\"name\":\"\u00dchendlabor\",\"description\":\"Hoolivus, Uuendusmeelsus, P\u00e4devus ja Usaldusv\u00e4\u00e4rsus\",\"potentialAction\":[{\"@type\":\"SearchAction\",\"target\":{\"@type\":\"EntryPoint\",\"urlTemplate\":\"https:\\\/\\\/www.kliinikum.ee\\\/yhendlabor\\\/?s={search_term_string}\"},\"query-input\":{\"@type\":\"PropertyValueSpecification\",\"valueRequired\":true,\"valueName\":\"search_term_string\"}}],\"inLanguage\":\"et\"}]}<\/script>\n<!-- \/ Yoast SEO plugin. -->","yoast_head_json":{"title":"Punktsioonimaterjali (abstsessimaterjal, siinusepunktaat, liigesevedelik, pleuravedelik, k\u00f5hu\u00f5\u00f5nevedelik, perikardivedelik, sapp jm) mikrobioloogiline uuring - \u00dchendlabor","robots":{"index":"index","follow":"follow","max-snippet":"max-snippet:-1","max-image-preview":"max-image-preview:large","max-video-preview":"max-video-preview:-1"},"canonical":"https:\/\/www.kliinikum.ee\/yhendlabor\/kasiraamat\/mikrobioloogilised-uuringud\/punktsioonimaterjali-abstsessimaterjal-siinusepunktaat-liigesevedelik-pleuravedelik-kohuoonevedelik-perikardivedelik-sapp-jm-mikrobioloogiline-uuring\/","og_locale":"et_EE","og_type":"article","og_title":"Punktsioonimaterjali (abstsessimaterjal, siinusepunktaat, liigesevedelik, pleuravedelik, k\u00f5hu\u00f5\u00f5nevedelik, perikardivedelik, sapp jm) mikrobioloogiline uuring - \u00dchendlabor","og_description":"Mikrobioloogia osakond Vt ka: Haavaeritise mikrobioloogiline uuringAnaeroobne k\u00fclvNinakaape mikrobioloogiline uuringK\u00f5rvaeritise mikrobioloogiline uuring Uuritav materjal, selle v\u00f5tmine, saatmine ja s\u00e4ilitamine Proovin\u00f5u eSwab vedela transpordis\u00f6\u00f6tmega katsuti S\u00e4ilivus Toatemperatuuril 2 p\u00e4eva Proovin\u00f5u Bactec AER pudel, Bactec AN pudel, Bactec PED pudel S\u00e4ilivus Toatemperatuuril \u00fcks p\u00e4ev A. Desinfitseerida punktsioonikoha nahk, punkteerida, aspireerida materjal steriilsesse s\u00fcstlasse. S\u00fcstida kuni 1 mL [&hellip;]","og_url":"https:\/\/www.kliinikum.ee\/yhendlabor\/kasiraamat\/mikrobioloogilised-uuringud\/punktsioonimaterjali-abstsessimaterjal-siinusepunktaat-liigesevedelik-pleuravedelik-kohuoonevedelik-perikardivedelik-sapp-jm-mikrobioloogiline-uuring\/","og_site_name":"\u00dchendlabor","article_modified_time":"2025-12-21T21:10:25+00:00","twitter_card":"summary_large_image","twitter_misc":{"Est. reading time":"2 minutit"},"schema":{"@context":"https:\/\/schema.org","@graph":[{"@type":"WebPage","@id":"https:\/\/www.kliinikum.ee\/yhendlabor\/kasiraamat\/mikrobioloogilised-uuringud\/punktsioonimaterjali-abstsessimaterjal-siinusepunktaat-liigesevedelik-pleuravedelik-kohuoonevedelik-perikardivedelik-sapp-jm-mikrobioloogiline-uuring\/","url":"https:\/\/www.kliinikum.ee\/yhendlabor\/kasiraamat\/mikrobioloogilised-uuringud\/punktsioonimaterjali-abstsessimaterjal-siinusepunktaat-liigesevedelik-pleuravedelik-kohuoonevedelik-perikardivedelik-sapp-jm-mikrobioloogiline-uuring\/","name":"Punktsioonimaterjali (abstsessimaterjal, siinusepunktaat, liigesevedelik, pleuravedelik, k\u00f5hu\u00f5\u00f5nevedelik, perikardivedelik, sapp jm) mikrobioloogiline uuring - \u00dchendlabor","isPartOf":{"@id":"https:\/\/www.kliinikum.ee\/yhendlabor\/#website"},"datePublished":"2025-09-12T18:34:50+00:00","dateModified":"2025-12-21T21:10:25+00:00","breadcrumb":{"@id":"https:\/\/www.kliinikum.ee\/yhendlabor\/kasiraamat\/mikrobioloogilised-uuringud\/punktsioonimaterjali-abstsessimaterjal-siinusepunktaat-liigesevedelik-pleuravedelik-kohuoonevedelik-perikardivedelik-sapp-jm-mikrobioloogiline-uuring\/#breadcrumb"},"inLanguage":"et","potentialAction":[{"@type":"ReadAction","target":["https:\/\/www.kliinikum.ee\/yhendlabor\/kasiraamat\/mikrobioloogilised-uuringud\/punktsioonimaterjali-abstsessimaterjal-siinusepunktaat-liigesevedelik-pleuravedelik-kohuoonevedelik-perikardivedelik-sapp-jm-mikrobioloogiline-uuring\/"]}]},{"@type":"BreadcrumbList","@id":"https:\/\/www.kliinikum.ee\/yhendlabor\/kasiraamat\/mikrobioloogilised-uuringud\/punktsioonimaterjali-abstsessimaterjal-siinusepunktaat-liigesevedelik-pleuravedelik-kohuoonevedelik-perikardivedelik-sapp-jm-mikrobioloogiline-uuring\/#breadcrumb","itemListElement":[{"@type":"ListItem","position":1,"name":"Home","item":"https:\/\/www.kliinikum.ee\/yhendlabor\/"},{"@type":"ListItem","position":2,"name":"K\u00e4siraamat","item":"https:\/\/www.kliinikum.ee\/yhendlabor\/kasiraamat\/"},{"@type":"ListItem","position":3,"name":"Mikrobioloogilised uuringud","item":"https:\/\/www.kliinikum.ee\/yhendlabor\/kasiraamat\/mikrobioloogilised-uuringud\/"},{"@type":"ListItem","position":4,"name":"Punktsioonimaterjali (abstsessimaterjal, siinusepunktaat, liigesevedelik, pleuravedelik, k\u00f5hu\u00f5\u00f5nevedelik, perikardivedelik, sapp jm) mikrobioloogiline uuring"}]},{"@type":"WebSite","@id":"https:\/\/www.kliinikum.ee\/yhendlabor\/#website","url":"https:\/\/www.kliinikum.ee\/yhendlabor\/","name":"\u00dchendlabor","description":"Hoolivus, Uuendusmeelsus, P\u00e4devus ja Usaldusv\u00e4\u00e4rsus","potentialAction":[{"@type":"SearchAction","target":{"@type":"EntryPoint","urlTemplate":"https:\/\/www.kliinikum.ee\/yhendlabor\/?s={search_term_string}"},"query-input":{"@type":"PropertyValueSpecification","valueRequired":true,"valueName":"search_term_string"}}],"inLanguage":"et"}]}},"uagb_featured_image_src":{"full":false,"thumbnail":false,"medium":false,"medium_large":false,"large":false,"1536x1536":false,"2048x2048":false},"uagb_author_info":{"display_name":"Kadi Siigur","author_link":"https:\/\/www.kliinikum.ee\/yhendlabor\/author\/kadisi\/"},"uagb_comment_info":0,"uagb_excerpt":"Mikrobioloogia osakond Vt ka: Haavaeritise mikrobioloogiline uuringAnaeroobne k\u00fclvNinakaape mikrobioloogiline uuringK\u00f5rvaeritise mikrobioloogiline uuring Uuritav materjal, selle v\u00f5tmine, saatmine ja s\u00e4ilitamine Proovin\u00f5u eSwab vedela transpordis\u00f6\u00f6tmega katsuti S\u00e4ilivus Toatemperatuuril 2 p\u00e4eva Proovin\u00f5u Bactec AER pudel, Bactec AN pudel, Bactec PED pudel S\u00e4ilivus Toatemperatuuril \u00fcks p\u00e4ev A. Desinfitseerida punktsioonikoha nahk, punkteerida, aspireerida materjal steriilsesse s\u00fcstlasse. S\u00fcstida kuni 1 mL&hellip;","_links":{"self":[{"href":"https:\/\/www.kliinikum.ee\/yhendlabor\/wp-json\/wp\/v2\/pages\/13139","targetHints":{"allow":["GET"]}}],"collection":[{"href":"https:\/\/www.kliinikum.ee\/yhendlabor\/wp-json\/wp\/v2\/pages"}],"about":[{"href":"https:\/\/www.kliinikum.ee\/yhendlabor\/wp-json\/wp\/v2\/types\/page"}],"author":[{"embeddable":true,"href":"https:\/\/www.kliinikum.ee\/yhendlabor\/wp-json\/wp\/v2\/users\/38"}],"replies":[{"embeddable":true,"href":"https:\/\/www.kliinikum.ee\/yhendlabor\/wp-json\/wp\/v2\/comments?post=13139"}],"version-history":[{"count":0,"href":"https:\/\/www.kliinikum.ee\/yhendlabor\/wp-json\/wp\/v2\/pages\/13139\/revisions"}],"up":[{"embeddable":true,"href":"https:\/\/www.kliinikum.ee\/yhendlabor\/wp-json\/wp\/v2\/pages\/7292"}],"wp:attachment":[{"href":"https:\/\/www.kliinikum.ee\/yhendlabor\/wp-json\/wp\/v2\/media?parent=13139"}],"curies":[{"name":"wp","href":"https:\/\/api.w.org\/{rel}","templated":true}]}}