{"id":13145,"date":"2025-09-12T20:42:24","date_gmt":"2025-09-12T18:42:24","guid":{"rendered":"https:\/\/www.kliinikum.ee\/yhendlabor\/?page_id=13145"},"modified":"2025-12-10T00:18:31","modified_gmt":"2025-12-09T22:18:31","slug":"ravikeskkonna-mikrobioloogiline-uuring","status":"publish","type":"page","link":"https:\/\/www.kliinikum.ee\/yhendlabor\/kasiraamat\/mikrobioloogilised-uuringud\/ravikeskkonna-mikrobioloogiline-uuring\/","title":{"rendered":"Ravikeskkonna mikrobioloogiline uuring"},"content":{"rendered":"\n<p><em>Mikrobioloogia osakond<\/em><\/p>\n\n\n\n<p><strong>Hospitaalinfektsioon <\/strong>on infektsioon, mida patsiendil ei olnud enne haiglasse v\u00f5i teise tervishoiuteenust osutavasse asutusse minekut v\u00f5i mis ei ole eelneva haiglas viibimise j\u00e4\u00e4kn\u00e4ht. See on tekkinud patsiendil haiglas viibimise ajal v\u00f5i seal saadud ravi tagaj\u00e4rjel. Hospitaalinfektsiooni tunnused v\u00f5ivad ilmneda kas haiglas viibimise ajal v\u00f5i p\u00e4rast sealt lahkumist.<\/p>\n\n\n\n<p>Hospitaalinfektsioon v\u00f5ib v\u00e4ljenduda pneumoonia, vereringeinfektsiooni, urotrakti infektsiooni v\u00f5i operatsioonipiirkonna infektsioonina.<\/p>\n\n\n\n<p>Olulisemad multiresistentsed hospitaalinfektsiooni tekitajad on <em>Acinetobacter baumannii<\/em>, <em>Pseudomonas aeruginosa, Klebsiella pneumoniae<\/em> ja metitsilliinresistentne staf\u00fclokokk (MRSA).<\/p>\n\n\n\n<p class=\"has-medium-font-size\"><strong>Uuritav materjal, selle v\u00f5tmine, saatmine ja s\u00e4ilitamine<\/strong><\/p>\n\n\n\n<p>T\u00e4psema informatsiooni saamiseks v\u00f5tta \u00fchendust T\u00dc Kliinikumi infektsioonikontrolli teenistuse \u00f5ega.<\/p>\n\n\n\n<figure class=\"wp-block-table is-style-stripes\"><table width=\"100%\"><tbody><tr><td width=\"1%\"><\/td><td width=\"15%\"><strong>Proovin\u00f5u<\/strong><\/td><td width=\"84%\">eSwab vedela transpordis\u00f6\u00f6tmega katsuti (\u00f5\u00f5nesinstrumendid jm)<\/td><\/tr><tr><td><\/td><td><strong>S\u00e4ilivus<\/strong><\/td><td>Toatemperatuuril v\u00f5i +4\u00b0 C kaks p\u00e4eva<\/td><\/tr><tr><td><\/td><td><strong>Proovin\u00f5u<\/strong><\/td><td>Rodaci Petri tass (siledate pindade mikrobioloogilise saaste m\u00e4\u00e4ramiseks)<\/td><\/tr><tr><td><\/td><td><strong>S\u00e4ilivus<\/strong><\/td><td>Kohene transport laborisse<\/td><\/tr><\/tbody><\/table><\/figure>\n\n\n\n<p>Kuivalt pinnalt proovide v\u00f5tmiseks niisutatakse tampooni steriilses f\u00fcsioloogilises lahuses. Vedelike ja niiskete pindade uuringuks tampooni ei niisutata.<\/p>\n\n\n\n<p class=\"has-medium-font-size\"><strong>Anal\u00fc\u00fcsi tegemise aeg: <\/strong>vastavalt vajadusele, eelneval kokkuleppel laboriga<\/p>\n\n\n\n<p class=\"has-medium-font-size\"><strong>Anal\u00fc\u00fcsimeetod: <\/strong>k\u00fclv veriagarile ja mikroobide samastamine. L\u00f5plik vastus 3.\u20136. p\u00e4eval.<\/p>\n\n\n\n<p class=\"has-medium-font-size\"><strong>N\u00e4idustus ja kliiniline t\u00e4hendus<\/strong><\/p>\n\n\n\n<p>Hospitaalinfektsiooni tekitajate v\u00f5imaliku reservuaari ja \u00fclekandeteede kindlakstegemine epidemioloogilise uuringu k\u00e4igus. Uute v\u00f5i ka muudetud puhastus- v\u00f5i desinfektsioonimeetodite efektiivsuse hindamine.<\/p>\n\n\n\n<p><em>Kriitilised instrumendid<\/em>. Meditsiiniinstrumentide suhtes, mis puutuvad kokku normaalselt steriilsete kehapiirkondadega ja mis mikroobidega saastumise korral omavad infektsiooni levitamisel v\u00e4ga k\u00f5rget riski, on n\u00f5utav mikroobide vegetatiivsete vormide ja eoste puudumine.<\/p>\n\n\n\n<p><em>Poolkriitilised instrumendid<\/em>. Meditsiiniinstrumentide suhtes, mis puutuvad kokku patsiendi limaskestadega (endoskoobid, kopsude kunstliku ventilatsiooni aparatuur jms) ja mis mikroobidega saastumise korral omavad infektsiooni levitamisel keskmist riski, on n\u00f5utav mikroorganismide puudumine, v.a juhuslikud eoseid moodustavad mittepatogeensed mikroobid.<\/p>\n\n\n\n<p><em>Muude meditsiiniinstrumentide <\/em>suhtes (verer\u00f5hum\u00f5\u00f5tmise aparaadi mansett, stetoskoop jms), mis puutuvad kokku patsiendi terve nahaga ja omavad seet\u00f5ttu madalat infektsiooni edasikandmise riski, on n\u00f5utav potentsiaalselt patogeensete mikroobide puudumine.<\/p>\n\n\n\n<p>Vastusel m\u00e4rgitakse uuringul leitud olulised, potentsiaalselt patogeensed mikroobid ja nende hulk.<\/p>\n\n\n\n<p>Koostaja: Krista L\u00f5ivukene<br>Muudetud 28.09.2021<\/p>\n","protected":false},"excerpt":{"rendered":"<p>Mikrobioloogia osakond Hospitaalinfektsioon on infektsioon, mida patsiendil ei olnud enne haiglasse v\u00f5i teise tervishoiuteenust osutavasse asutusse minekut v\u00f5i mis ei ole eelneva haiglas viibimise j\u00e4\u00e4kn\u00e4ht. See on tekkinud patsiendil haiglas viibimise ajal v\u00f5i seal saadud ravi tagaj\u00e4rjel. Hospitaalinfektsiooni tunnused v\u00f5ivad ilmneda kas haiglas viibimise ajal v\u00f5i p\u00e4rast sealt lahkumist. Hospitaalinfektsioon v\u00f5ib v\u00e4ljenduda pneumoonia, vereringeinfektsiooni, urotrakti [&hellip;]<\/p>\n","protected":false},"author":38,"featured_media":0,"parent":7292,"menu_order":21,"comment_status":"closed","ping_status":"closed","template":"","meta":{"_uag_custom_page_level_css":"","footnotes":""},"class_list":["post-13145","page","type-page","status-publish","hentry"],"acf":[],"yoast_head":"<!-- This site is optimized with the Yoast SEO plugin v27.3 - https:\/\/yoast.com\/product\/yoast-seo-wordpress\/ -->\n<title>Ravikeskkonna mikrobioloogiline uuring - \u00dchendlabor<\/title>\n<meta name=\"robots\" content=\"index, follow, max-snippet:-1, max-image-preview:large, max-video-preview:-1\" \/>\n<link rel=\"canonical\" href=\"https:\/\/www.kliinikum.ee\/yhendlabor\/kasiraamat\/mikrobioloogilised-uuringud\/ravikeskkonna-mikrobioloogiline-uuring\/\" \/>\n<meta property=\"og:locale\" content=\"et_EE\" \/>\n<meta property=\"og:type\" content=\"article\" \/>\n<meta property=\"og:title\" content=\"Ravikeskkonna mikrobioloogiline uuring - \u00dchendlabor\" \/>\n<meta property=\"og:description\" content=\"Mikrobioloogia osakond Hospitaalinfektsioon on infektsioon, mida patsiendil ei olnud enne haiglasse v\u00f5i teise tervishoiuteenust osutavasse asutusse minekut v\u00f5i mis ei ole eelneva haiglas viibimise j\u00e4\u00e4kn\u00e4ht. See on tekkinud patsiendil haiglas viibimise ajal v\u00f5i seal saadud ravi tagaj\u00e4rjel. Hospitaalinfektsiooni tunnused v\u00f5ivad ilmneda kas haiglas viibimise ajal v\u00f5i p\u00e4rast sealt lahkumist. Hospitaalinfektsioon v\u00f5ib v\u00e4ljenduda pneumoonia, vereringeinfektsiooni, urotrakti [&hellip;]\" \/>\n<meta property=\"og:url\" content=\"https:\/\/www.kliinikum.ee\/yhendlabor\/kasiraamat\/mikrobioloogilised-uuringud\/ravikeskkonna-mikrobioloogiline-uuring\/\" \/>\n<meta property=\"og:site_name\" content=\"\u00dchendlabor\" \/>\n<meta property=\"article:modified_time\" content=\"2025-12-09T22:18:31+00:00\" \/>\n<meta name=\"twitter:card\" content=\"summary_large_image\" \/>\n<meta name=\"twitter:label1\" content=\"Est. reading time\" \/>\n\t<meta name=\"twitter:data1\" content=\"2 minutit\" \/>\n<script type=\"application\/ld+json\" class=\"yoast-schema-graph\">{\"@context\":\"https:\\\/\\\/schema.org\",\"@graph\":[{\"@type\":\"WebPage\",\"@id\":\"https:\\\/\\\/www.kliinikum.ee\\\/yhendlabor\\\/kasiraamat\\\/mikrobioloogilised-uuringud\\\/ravikeskkonna-mikrobioloogiline-uuring\\\/\",\"url\":\"https:\\\/\\\/www.kliinikum.ee\\\/yhendlabor\\\/kasiraamat\\\/mikrobioloogilised-uuringud\\\/ravikeskkonna-mikrobioloogiline-uuring\\\/\",\"name\":\"Ravikeskkonna mikrobioloogiline uuring - \u00dchendlabor\",\"isPartOf\":{\"@id\":\"https:\\\/\\\/www.kliinikum.ee\\\/yhendlabor\\\/#website\"},\"datePublished\":\"2025-09-12T18:42:24+00:00\",\"dateModified\":\"2025-12-09T22:18:31+00:00\",\"breadcrumb\":{\"@id\":\"https:\\\/\\\/www.kliinikum.ee\\\/yhendlabor\\\/kasiraamat\\\/mikrobioloogilised-uuringud\\\/ravikeskkonna-mikrobioloogiline-uuring\\\/#breadcrumb\"},\"inLanguage\":\"et\",\"potentialAction\":[{\"@type\":\"ReadAction\",\"target\":[\"https:\\\/\\\/www.kliinikum.ee\\\/yhendlabor\\\/kasiraamat\\\/mikrobioloogilised-uuringud\\\/ravikeskkonna-mikrobioloogiline-uuring\\\/\"]}]},{\"@type\":\"BreadcrumbList\",\"@id\":\"https:\\\/\\\/www.kliinikum.ee\\\/yhendlabor\\\/kasiraamat\\\/mikrobioloogilised-uuringud\\\/ravikeskkonna-mikrobioloogiline-uuring\\\/#breadcrumb\",\"itemListElement\":[{\"@type\":\"ListItem\",\"position\":1,\"name\":\"Home\",\"item\":\"https:\\\/\\\/www.kliinikum.ee\\\/yhendlabor\\\/\"},{\"@type\":\"ListItem\",\"position\":2,\"name\":\"K\u00e4siraamat\",\"item\":\"https:\\\/\\\/www.kliinikum.ee\\\/yhendlabor\\\/kasiraamat\\\/\"},{\"@type\":\"ListItem\",\"position\":3,\"name\":\"Mikrobioloogilised uuringud\",\"item\":\"https:\\\/\\\/www.kliinikum.ee\\\/yhendlabor\\\/kasiraamat\\\/mikrobioloogilised-uuringud\\\/\"},{\"@type\":\"ListItem\",\"position\":4,\"name\":\"Ravikeskkonna mikrobioloogiline uuring\"}]},{\"@type\":\"WebSite\",\"@id\":\"https:\\\/\\\/www.kliinikum.ee\\\/yhendlabor\\\/#website\",\"url\":\"https:\\\/\\\/www.kliinikum.ee\\\/yhendlabor\\\/\",\"name\":\"\u00dchendlabor\",\"description\":\"Hoolivus, Uuendusmeelsus, P\u00e4devus ja Usaldusv\u00e4\u00e4rsus\",\"potentialAction\":[{\"@type\":\"SearchAction\",\"target\":{\"@type\":\"EntryPoint\",\"urlTemplate\":\"https:\\\/\\\/www.kliinikum.ee\\\/yhendlabor\\\/?s={search_term_string}\"},\"query-input\":{\"@type\":\"PropertyValueSpecification\",\"valueRequired\":true,\"valueName\":\"search_term_string\"}}],\"inLanguage\":\"et\"}]}<\/script>\n<!-- \/ Yoast SEO plugin. -->","yoast_head_json":{"title":"Ravikeskkonna mikrobioloogiline uuring - \u00dchendlabor","robots":{"index":"index","follow":"follow","max-snippet":"max-snippet:-1","max-image-preview":"max-image-preview:large","max-video-preview":"max-video-preview:-1"},"canonical":"https:\/\/www.kliinikum.ee\/yhendlabor\/kasiraamat\/mikrobioloogilised-uuringud\/ravikeskkonna-mikrobioloogiline-uuring\/","og_locale":"et_EE","og_type":"article","og_title":"Ravikeskkonna mikrobioloogiline uuring - \u00dchendlabor","og_description":"Mikrobioloogia osakond Hospitaalinfektsioon on infektsioon, mida patsiendil ei olnud enne haiglasse v\u00f5i teise tervishoiuteenust osutavasse asutusse minekut v\u00f5i mis ei ole eelneva haiglas viibimise j\u00e4\u00e4kn\u00e4ht. See on tekkinud patsiendil haiglas viibimise ajal v\u00f5i seal saadud ravi tagaj\u00e4rjel. Hospitaalinfektsiooni tunnused v\u00f5ivad ilmneda kas haiglas viibimise ajal v\u00f5i p\u00e4rast sealt lahkumist. Hospitaalinfektsioon v\u00f5ib v\u00e4ljenduda pneumoonia, vereringeinfektsiooni, urotrakti [&hellip;]","og_url":"https:\/\/www.kliinikum.ee\/yhendlabor\/kasiraamat\/mikrobioloogilised-uuringud\/ravikeskkonna-mikrobioloogiline-uuring\/","og_site_name":"\u00dchendlabor","article_modified_time":"2025-12-09T22:18:31+00:00","twitter_card":"summary_large_image","twitter_misc":{"Est. reading time":"2 minutit"},"schema":{"@context":"https:\/\/schema.org","@graph":[{"@type":"WebPage","@id":"https:\/\/www.kliinikum.ee\/yhendlabor\/kasiraamat\/mikrobioloogilised-uuringud\/ravikeskkonna-mikrobioloogiline-uuring\/","url":"https:\/\/www.kliinikum.ee\/yhendlabor\/kasiraamat\/mikrobioloogilised-uuringud\/ravikeskkonna-mikrobioloogiline-uuring\/","name":"Ravikeskkonna mikrobioloogiline uuring - \u00dchendlabor","isPartOf":{"@id":"https:\/\/www.kliinikum.ee\/yhendlabor\/#website"},"datePublished":"2025-09-12T18:42:24+00:00","dateModified":"2025-12-09T22:18:31+00:00","breadcrumb":{"@id":"https:\/\/www.kliinikum.ee\/yhendlabor\/kasiraamat\/mikrobioloogilised-uuringud\/ravikeskkonna-mikrobioloogiline-uuring\/#breadcrumb"},"inLanguage":"et","potentialAction":[{"@type":"ReadAction","target":["https:\/\/www.kliinikum.ee\/yhendlabor\/kasiraamat\/mikrobioloogilised-uuringud\/ravikeskkonna-mikrobioloogiline-uuring\/"]}]},{"@type":"BreadcrumbList","@id":"https:\/\/www.kliinikum.ee\/yhendlabor\/kasiraamat\/mikrobioloogilised-uuringud\/ravikeskkonna-mikrobioloogiline-uuring\/#breadcrumb","itemListElement":[{"@type":"ListItem","position":1,"name":"Home","item":"https:\/\/www.kliinikum.ee\/yhendlabor\/"},{"@type":"ListItem","position":2,"name":"K\u00e4siraamat","item":"https:\/\/www.kliinikum.ee\/yhendlabor\/kasiraamat\/"},{"@type":"ListItem","position":3,"name":"Mikrobioloogilised uuringud","item":"https:\/\/www.kliinikum.ee\/yhendlabor\/kasiraamat\/mikrobioloogilised-uuringud\/"},{"@type":"ListItem","position":4,"name":"Ravikeskkonna mikrobioloogiline uuring"}]},{"@type":"WebSite","@id":"https:\/\/www.kliinikum.ee\/yhendlabor\/#website","url":"https:\/\/www.kliinikum.ee\/yhendlabor\/","name":"\u00dchendlabor","description":"Hoolivus, Uuendusmeelsus, P\u00e4devus ja Usaldusv\u00e4\u00e4rsus","potentialAction":[{"@type":"SearchAction","target":{"@type":"EntryPoint","urlTemplate":"https:\/\/www.kliinikum.ee\/yhendlabor\/?s={search_term_string}"},"query-input":{"@type":"PropertyValueSpecification","valueRequired":true,"valueName":"search_term_string"}}],"inLanguage":"et"}]}},"uagb_featured_image_src":{"full":false,"thumbnail":false,"medium":false,"medium_large":false,"large":false,"1536x1536":false,"2048x2048":false},"uagb_author_info":{"display_name":"Kadi Siigur","author_link":"https:\/\/www.kliinikum.ee\/yhendlabor\/author\/kadisi\/"},"uagb_comment_info":0,"uagb_excerpt":"Mikrobioloogia osakond Hospitaalinfektsioon on infektsioon, mida patsiendil ei olnud enne haiglasse v\u00f5i teise tervishoiuteenust osutavasse asutusse minekut v\u00f5i mis ei ole eelneva haiglas viibimise j\u00e4\u00e4kn\u00e4ht. See on tekkinud patsiendil haiglas viibimise ajal v\u00f5i seal saadud ravi tagaj\u00e4rjel. Hospitaalinfektsiooni tunnused v\u00f5ivad ilmneda kas haiglas viibimise ajal v\u00f5i p\u00e4rast sealt lahkumist. Hospitaalinfektsioon v\u00f5ib v\u00e4ljenduda pneumoonia, vereringeinfektsiooni, urotrakti&hellip;","_links":{"self":[{"href":"https:\/\/www.kliinikum.ee\/yhendlabor\/wp-json\/wp\/v2\/pages\/13145","targetHints":{"allow":["GET"]}}],"collection":[{"href":"https:\/\/www.kliinikum.ee\/yhendlabor\/wp-json\/wp\/v2\/pages"}],"about":[{"href":"https:\/\/www.kliinikum.ee\/yhendlabor\/wp-json\/wp\/v2\/types\/page"}],"author":[{"embeddable":true,"href":"https:\/\/www.kliinikum.ee\/yhendlabor\/wp-json\/wp\/v2\/users\/38"}],"replies":[{"embeddable":true,"href":"https:\/\/www.kliinikum.ee\/yhendlabor\/wp-json\/wp\/v2\/comments?post=13145"}],"version-history":[{"count":0,"href":"https:\/\/www.kliinikum.ee\/yhendlabor\/wp-json\/wp\/v2\/pages\/13145\/revisions"}],"up":[{"embeddable":true,"href":"https:\/\/www.kliinikum.ee\/yhendlabor\/wp-json\/wp\/v2\/pages\/7292"}],"wp:attachment":[{"href":"https:\/\/www.kliinikum.ee\/yhendlabor\/wp-json\/wp\/v2\/media?parent=13145"}],"curies":[{"name":"wp","href":"https:\/\/api.w.org\/{rel}","templated":true}]}}