{"id":13153,"date":"2025-09-12T20:54:37","date_gmt":"2025-09-12T18:54:37","guid":{"rendered":"https:\/\/www.kliinikum.ee\/yhendlabor\/?page_id=13153"},"modified":"2025-12-10T00:21:50","modified_gmt":"2025-12-09T22:21:50","slug":"roga-mikrobioloogiline-uuring","status":"publish","type":"page","link":"https:\/\/www.kliinikum.ee\/yhendlabor\/kasiraamat\/mikrobioloogilised-uuringud\/roga-mikrobioloogiline-uuring\/","title":{"rendered":"R\u00f6ga mikrobioloogiline uuring"},"content":{"rendered":"\n<p><em>Mikrobioloogia osakond<\/em><\/p>\n\n\n\n<p><strong>\u00c4ge kopsup\u00f5letik<\/strong> on kopsuparenh\u00fc\u00fcmi \u00e4ge infektsioosne p\u00f5letik. Sagedasemad kodutekkese kopsup\u00f5letiku patogeenid on <em>Streptococcus pneumoniae, Moraxella catarrhalis <\/em>ja <em>Haemophilus influenzae<\/em>. Haiglatekkest kopsup\u00f5letikku ja infektsiooni kroonilisi haigusi p\u00f5devatel patsientidel p\u00f5hjustavad <em>E. coli<\/em>, <em>Klebsiella spp.<\/em>,<em> Pseudomonas aeruginosa, Acinetobacter baumannii. <\/em>Rakusisesed bakterid nagu <em>Mycoplasma pneumoniae<\/em> ja <em>Chlamydophila pneumoniae <\/em>p\u00f5hjustavad at\u00fc\u00fcpilise kuluga kopsup\u00f5letikku.<\/p>\n\n\n\n<p>V\u00e4henenud immuunsusega haigetel v\u00f5ivad infektsiooni p\u00f5hjustada <em>Pneumocystis jirovecii<\/em>, <em>Staphylococcus aureus<\/em>,<em> Legionella pneumophila<\/em>,at\u00fc\u00fcpilised m\u00fckobakterid, <em>Aspergillus <\/em><em>spp<\/em>.<\/p>\n\n\n\n<p><strong>Bronhiit <\/strong>on enamasti viiruslik (80\u201385%), harvem bakteriaalne (20%). Bakteriaalse bronhiidi sagedasemad tekitajad on <em>Streptococcus pneumoniae<\/em>, <em>Haemophilus influenzae <\/em>ja<em> parainfluenzae<\/em>, <em>Mycoplasma pneumoniae<\/em>, <em>Chlamydophila pneumoniae<\/em>, <em>Bordetella pertussis<\/em>).<\/p>\n\n\n\n<p class=\"has-medium-font-size\"><strong>Uuritav materjal, selle v\u00f5tmine, saatmine ja s\u00e4ilitamine<\/strong><\/p>\n\n\n\n<figure class=\"wp-block-table is-style-stripes\"><table width=\"100%\"><tbody><tr><td width=\"1%\"><\/td><td width=\"15%\"><strong>Proovin\u00f5u<\/strong><\/td><td width=\"84%\">Steriilne proovitops<\/td><\/tr><tr><td><\/td><td><strong>S\u00e4ilivus<\/strong><\/td><td>+4 \u00b0C \u00fcks p\u00e4ev<\/td><\/tr><\/tbody><\/table><\/figure>\n\n\n\n<p>Proov v\u00f5etakse hommikul enne s\u00f6\u00f6mist ja peale hammaste harjamist ning suu loputamist.<\/p>\n\n\n\n<p>K\u00f6hida s\u00fcgavalt v\u00e4lja. Kui r\u00f6ga v\u00e4ljak\u00f6himisega on raskusi, siis inhaleerida 15% NaCl ja 10% gl\u00fctseriini aerosool-segu, kuni vallandub k\u00f6hahoog.<\/p>\n\n\n\n<p class=\"has-medium-font-size\"><strong>Anal\u00fc\u00fcsi tegemise aeg:<\/strong> t\u00f6\u00f6p\u00e4eviti (esmask\u00fclvid ka n\u00e4dalavahetusel)<\/p>\n\n\n\n<p class=\"has-medium-font-size\"><strong>Anal\u00fc\u00fcsimeetod: <\/strong>poolkvantitatiivne k\u00fclv veri- ja \u0161okolaadagarile, seente uuringu puhul Sabouraud\u00b4 agarile. Grami j\u00e4rgi v\u00e4rvitud preparaadi mikroskoopia. Tekitaja samastamine ja ravimitundlikkuse m\u00e4\u00e4ramine. L\u00f5plik vastus: negatiivne 3.\u20134. p\u00e4eval, positiivne 3.\u20135. p\u00e4eval.<\/p>\n\n\n\n<p class=\"has-medium-font-size\"><strong>N\u00e4idustus ja kliiniline t\u00e4hendus<\/strong><\/p>\n\n\n\n<p>Kopsup\u00f5letiku v\u00f5i bronhiidi etioloogia selgitamine.<\/p>\n\n\n\n<p>Lameepiteelirakkude rohke (&gt; 10 lameepiteeli 1000-kordse suurendusega vaatev\u00e4ljas) leid Grami j\u00e4rgi v\u00e4rvitud preparaadis viitab sellele, et materjal p\u00e4rineb suu\u00f5\u00f5nest ja ei peegelda potentsiaalseid infektsioonitekitajaid. Pol\u00fcmorfonukleaarsete leukots\u00fc\u00fctide (PMN) leid (&gt; 10 PMN 1000-kordse suurendusega vaatev\u00e4ljas) kinnitab, et materjal on \u00f5igesti v\u00f5etud (s.t r\u00f6ga, mitte s\u00fclg) ja sellest isoleeritud mikroob v\u00f5ib olla infektsiooni tekitajaks.<\/p>\n\n\n\n<p>V\u00f5imalikud vead: proovi v\u00f5tmine antibakteriaalse ravi foonil, vead s\u00e4ilitamisel ja transpordil.<\/p>\n\n\n\n<p>Koostaja: Krista L\u00f5ivukene<br>Muudetud 08.02.2018<\/p>\n","protected":false},"excerpt":{"rendered":"<p>Mikrobioloogia osakond \u00c4ge kopsup\u00f5letik on kopsuparenh\u00fc\u00fcmi \u00e4ge infektsioosne p\u00f5letik. Sagedasemad kodutekkese kopsup\u00f5letiku patogeenid on Streptococcus pneumoniae, Moraxella catarrhalis ja Haemophilus influenzae. Haiglatekkest kopsup\u00f5letikku ja infektsiooni kroonilisi haigusi p\u00f5devatel patsientidel p\u00f5hjustavad E. coli, Klebsiella spp., Pseudomonas aeruginosa, Acinetobacter baumannii. Rakusisesed bakterid nagu Mycoplasma pneumoniae ja Chlamydophila pneumoniae p\u00f5hjustavad at\u00fc\u00fcpilise kuluga kopsup\u00f5letikku. V\u00e4henenud immuunsusega haigetel v\u00f5ivad infektsiooni [&hellip;]<\/p>\n","protected":false},"author":38,"featured_media":0,"parent":7292,"menu_order":23,"comment_status":"closed","ping_status":"closed","template":"","meta":{"_uag_custom_page_level_css":"","footnotes":""},"class_list":["post-13153","page","type-page","status-publish","hentry"],"acf":[],"yoast_head":"<!-- This site is optimized with the Yoast SEO plugin v27.3 - https:\/\/yoast.com\/product\/yoast-seo-wordpress\/ -->\n<title>R\u00f6ga mikrobioloogiline uuring - \u00dchendlabor<\/title>\n<meta name=\"robots\" content=\"index, follow, max-snippet:-1, max-image-preview:large, max-video-preview:-1\" \/>\n<link rel=\"canonical\" href=\"https:\/\/www.kliinikum.ee\/yhendlabor\/kasiraamat\/mikrobioloogilised-uuringud\/roga-mikrobioloogiline-uuring\/\" \/>\n<meta property=\"og:locale\" content=\"et_EE\" \/>\n<meta property=\"og:type\" content=\"article\" \/>\n<meta property=\"og:title\" content=\"R\u00f6ga mikrobioloogiline uuring - \u00dchendlabor\" \/>\n<meta property=\"og:description\" content=\"Mikrobioloogia osakond \u00c4ge kopsup\u00f5letik on kopsuparenh\u00fc\u00fcmi \u00e4ge infektsioosne p\u00f5letik. Sagedasemad kodutekkese kopsup\u00f5letiku patogeenid on Streptococcus pneumoniae, Moraxella catarrhalis ja Haemophilus influenzae. Haiglatekkest kopsup\u00f5letikku ja infektsiooni kroonilisi haigusi p\u00f5devatel patsientidel p\u00f5hjustavad E. coli, Klebsiella spp., Pseudomonas aeruginosa, Acinetobacter baumannii. Rakusisesed bakterid nagu Mycoplasma pneumoniae ja Chlamydophila pneumoniae p\u00f5hjustavad at\u00fc\u00fcpilise kuluga kopsup\u00f5letikku. V\u00e4henenud immuunsusega haigetel v\u00f5ivad infektsiooni [&hellip;]\" \/>\n<meta property=\"og:url\" content=\"https:\/\/www.kliinikum.ee\/yhendlabor\/kasiraamat\/mikrobioloogilised-uuringud\/roga-mikrobioloogiline-uuring\/\" \/>\n<meta property=\"og:site_name\" content=\"\u00dchendlabor\" \/>\n<meta property=\"article:modified_time\" content=\"2025-12-09T22:21:50+00:00\" \/>\n<meta name=\"twitter:card\" content=\"summary_large_image\" \/>\n<meta name=\"twitter:label1\" content=\"Est. reading time\" \/>\n\t<meta name=\"twitter:data1\" content=\"2 minutit\" \/>\n<script type=\"application\/ld+json\" class=\"yoast-schema-graph\">{\"@context\":\"https:\\\/\\\/schema.org\",\"@graph\":[{\"@type\":\"WebPage\",\"@id\":\"https:\\\/\\\/www.kliinikum.ee\\\/yhendlabor\\\/kasiraamat\\\/mikrobioloogilised-uuringud\\\/roga-mikrobioloogiline-uuring\\\/\",\"url\":\"https:\\\/\\\/www.kliinikum.ee\\\/yhendlabor\\\/kasiraamat\\\/mikrobioloogilised-uuringud\\\/roga-mikrobioloogiline-uuring\\\/\",\"name\":\"R\u00f6ga mikrobioloogiline uuring - \u00dchendlabor\",\"isPartOf\":{\"@id\":\"https:\\\/\\\/www.kliinikum.ee\\\/yhendlabor\\\/#website\"},\"datePublished\":\"2025-09-12T18:54:37+00:00\",\"dateModified\":\"2025-12-09T22:21:50+00:00\",\"breadcrumb\":{\"@id\":\"https:\\\/\\\/www.kliinikum.ee\\\/yhendlabor\\\/kasiraamat\\\/mikrobioloogilised-uuringud\\\/roga-mikrobioloogiline-uuring\\\/#breadcrumb\"},\"inLanguage\":\"et\",\"potentialAction\":[{\"@type\":\"ReadAction\",\"target\":[\"https:\\\/\\\/www.kliinikum.ee\\\/yhendlabor\\\/kasiraamat\\\/mikrobioloogilised-uuringud\\\/roga-mikrobioloogiline-uuring\\\/\"]}]},{\"@type\":\"BreadcrumbList\",\"@id\":\"https:\\\/\\\/www.kliinikum.ee\\\/yhendlabor\\\/kasiraamat\\\/mikrobioloogilised-uuringud\\\/roga-mikrobioloogiline-uuring\\\/#breadcrumb\",\"itemListElement\":[{\"@type\":\"ListItem\",\"position\":1,\"name\":\"Home\",\"item\":\"https:\\\/\\\/www.kliinikum.ee\\\/yhendlabor\\\/\"},{\"@type\":\"ListItem\",\"position\":2,\"name\":\"K\u00e4siraamat\",\"item\":\"https:\\\/\\\/www.kliinikum.ee\\\/yhendlabor\\\/kasiraamat\\\/\"},{\"@type\":\"ListItem\",\"position\":3,\"name\":\"Mikrobioloogilised uuringud\",\"item\":\"https:\\\/\\\/www.kliinikum.ee\\\/yhendlabor\\\/kasiraamat\\\/mikrobioloogilised-uuringud\\\/\"},{\"@type\":\"ListItem\",\"position\":4,\"name\":\"R\u00f6ga mikrobioloogiline uuring\"}]},{\"@type\":\"WebSite\",\"@id\":\"https:\\\/\\\/www.kliinikum.ee\\\/yhendlabor\\\/#website\",\"url\":\"https:\\\/\\\/www.kliinikum.ee\\\/yhendlabor\\\/\",\"name\":\"\u00dchendlabor\",\"description\":\"Hoolivus, Uuendusmeelsus, P\u00e4devus ja Usaldusv\u00e4\u00e4rsus\",\"potentialAction\":[{\"@type\":\"SearchAction\",\"target\":{\"@type\":\"EntryPoint\",\"urlTemplate\":\"https:\\\/\\\/www.kliinikum.ee\\\/yhendlabor\\\/?s={search_term_string}\"},\"query-input\":{\"@type\":\"PropertyValueSpecification\",\"valueRequired\":true,\"valueName\":\"search_term_string\"}}],\"inLanguage\":\"et\"}]}<\/script>\n<!-- \/ Yoast SEO plugin. -->","yoast_head_json":{"title":"R\u00f6ga mikrobioloogiline uuring - \u00dchendlabor","robots":{"index":"index","follow":"follow","max-snippet":"max-snippet:-1","max-image-preview":"max-image-preview:large","max-video-preview":"max-video-preview:-1"},"canonical":"https:\/\/www.kliinikum.ee\/yhendlabor\/kasiraamat\/mikrobioloogilised-uuringud\/roga-mikrobioloogiline-uuring\/","og_locale":"et_EE","og_type":"article","og_title":"R\u00f6ga mikrobioloogiline uuring - \u00dchendlabor","og_description":"Mikrobioloogia osakond \u00c4ge kopsup\u00f5letik on kopsuparenh\u00fc\u00fcmi \u00e4ge infektsioosne p\u00f5letik. Sagedasemad kodutekkese kopsup\u00f5letiku patogeenid on Streptococcus pneumoniae, Moraxella catarrhalis ja Haemophilus influenzae. Haiglatekkest kopsup\u00f5letikku ja infektsiooni kroonilisi haigusi p\u00f5devatel patsientidel p\u00f5hjustavad E. coli, Klebsiella spp., Pseudomonas aeruginosa, Acinetobacter baumannii. Rakusisesed bakterid nagu Mycoplasma pneumoniae ja Chlamydophila pneumoniae p\u00f5hjustavad at\u00fc\u00fcpilise kuluga kopsup\u00f5letikku. V\u00e4henenud immuunsusega haigetel v\u00f5ivad infektsiooni [&hellip;]","og_url":"https:\/\/www.kliinikum.ee\/yhendlabor\/kasiraamat\/mikrobioloogilised-uuringud\/roga-mikrobioloogiline-uuring\/","og_site_name":"\u00dchendlabor","article_modified_time":"2025-12-09T22:21:50+00:00","twitter_card":"summary_large_image","twitter_misc":{"Est. reading time":"2 minutit"},"schema":{"@context":"https:\/\/schema.org","@graph":[{"@type":"WebPage","@id":"https:\/\/www.kliinikum.ee\/yhendlabor\/kasiraamat\/mikrobioloogilised-uuringud\/roga-mikrobioloogiline-uuring\/","url":"https:\/\/www.kliinikum.ee\/yhendlabor\/kasiraamat\/mikrobioloogilised-uuringud\/roga-mikrobioloogiline-uuring\/","name":"R\u00f6ga mikrobioloogiline uuring - \u00dchendlabor","isPartOf":{"@id":"https:\/\/www.kliinikum.ee\/yhendlabor\/#website"},"datePublished":"2025-09-12T18:54:37+00:00","dateModified":"2025-12-09T22:21:50+00:00","breadcrumb":{"@id":"https:\/\/www.kliinikum.ee\/yhendlabor\/kasiraamat\/mikrobioloogilised-uuringud\/roga-mikrobioloogiline-uuring\/#breadcrumb"},"inLanguage":"et","potentialAction":[{"@type":"ReadAction","target":["https:\/\/www.kliinikum.ee\/yhendlabor\/kasiraamat\/mikrobioloogilised-uuringud\/roga-mikrobioloogiline-uuring\/"]}]},{"@type":"BreadcrumbList","@id":"https:\/\/www.kliinikum.ee\/yhendlabor\/kasiraamat\/mikrobioloogilised-uuringud\/roga-mikrobioloogiline-uuring\/#breadcrumb","itemListElement":[{"@type":"ListItem","position":1,"name":"Home","item":"https:\/\/www.kliinikum.ee\/yhendlabor\/"},{"@type":"ListItem","position":2,"name":"K\u00e4siraamat","item":"https:\/\/www.kliinikum.ee\/yhendlabor\/kasiraamat\/"},{"@type":"ListItem","position":3,"name":"Mikrobioloogilised uuringud","item":"https:\/\/www.kliinikum.ee\/yhendlabor\/kasiraamat\/mikrobioloogilised-uuringud\/"},{"@type":"ListItem","position":4,"name":"R\u00f6ga mikrobioloogiline uuring"}]},{"@type":"WebSite","@id":"https:\/\/www.kliinikum.ee\/yhendlabor\/#website","url":"https:\/\/www.kliinikum.ee\/yhendlabor\/","name":"\u00dchendlabor","description":"Hoolivus, Uuendusmeelsus, P\u00e4devus ja Usaldusv\u00e4\u00e4rsus","potentialAction":[{"@type":"SearchAction","target":{"@type":"EntryPoint","urlTemplate":"https:\/\/www.kliinikum.ee\/yhendlabor\/?s={search_term_string}"},"query-input":{"@type":"PropertyValueSpecification","valueRequired":true,"valueName":"search_term_string"}}],"inLanguage":"et"}]}},"uagb_featured_image_src":{"full":false,"thumbnail":false,"medium":false,"medium_large":false,"large":false,"1536x1536":false,"2048x2048":false},"uagb_author_info":{"display_name":"Kadi Siigur","author_link":"https:\/\/www.kliinikum.ee\/yhendlabor\/author\/kadisi\/"},"uagb_comment_info":0,"uagb_excerpt":"Mikrobioloogia osakond \u00c4ge kopsup\u00f5letik on kopsuparenh\u00fc\u00fcmi \u00e4ge infektsioosne p\u00f5letik. Sagedasemad kodutekkese kopsup\u00f5letiku patogeenid on Streptococcus pneumoniae, Moraxella catarrhalis ja Haemophilus influenzae. Haiglatekkest kopsup\u00f5letikku ja infektsiooni kroonilisi haigusi p\u00f5devatel patsientidel p\u00f5hjustavad E. coli, Klebsiella spp., Pseudomonas aeruginosa, Acinetobacter baumannii. Rakusisesed bakterid nagu Mycoplasma pneumoniae ja Chlamydophila pneumoniae p\u00f5hjustavad at\u00fc\u00fcpilise kuluga kopsup\u00f5letikku. V\u00e4henenud immuunsusega haigetel v\u00f5ivad infektsiooni&hellip;","_links":{"self":[{"href":"https:\/\/www.kliinikum.ee\/yhendlabor\/wp-json\/wp\/v2\/pages\/13153","targetHints":{"allow":["GET"]}}],"collection":[{"href":"https:\/\/www.kliinikum.ee\/yhendlabor\/wp-json\/wp\/v2\/pages"}],"about":[{"href":"https:\/\/www.kliinikum.ee\/yhendlabor\/wp-json\/wp\/v2\/types\/page"}],"author":[{"embeddable":true,"href":"https:\/\/www.kliinikum.ee\/yhendlabor\/wp-json\/wp\/v2\/users\/38"}],"replies":[{"embeddable":true,"href":"https:\/\/www.kliinikum.ee\/yhendlabor\/wp-json\/wp\/v2\/comments?post=13153"}],"version-history":[{"count":0,"href":"https:\/\/www.kliinikum.ee\/yhendlabor\/wp-json\/wp\/v2\/pages\/13153\/revisions"}],"up":[{"embeddable":true,"href":"https:\/\/www.kliinikum.ee\/yhendlabor\/wp-json\/wp\/v2\/pages\/7292"}],"wp:attachment":[{"href":"https:\/\/www.kliinikum.ee\/yhendlabor\/wp-json\/wp\/v2\/media?parent=13153"}],"curies":[{"name":"wp","href":"https:\/\/api.w.org\/{rel}","templated":true}]}}