{"id":13158,"date":"2025-09-12T21:01:50","date_gmt":"2025-09-12T19:01:50","guid":{"rendered":"https:\/\/www.kliinikum.ee\/yhendlabor\/?page_id=13158"},"modified":"2025-12-10T00:23:27","modified_gmt":"2025-12-09T22:23:27","slug":"salmonella-spp-shigella-spp-ja-campylobacter-spp-kandluse-uuring","status":"publish","type":"page","link":"https:\/\/www.kliinikum.ee\/yhendlabor\/kasiraamat\/mikrobioloogilised-uuringud\/salmonella-spp-shigella-spp-ja-campylobacter-spp-kandluse-uuring\/","title":{"rendered":"Salmonella spp., \u00a0Shigella spp. ja Campylobacter spp. kandluse uuring"},"content":{"rendered":"\n<p><em>Mikrobioloogia osakond<\/em><\/p>\n\n\n\n<p><strong><em>Salmonella spp.<\/em>, <em>Shigella spp. <\/em>ja <em>Campylobacter spp.<\/em> kandluse uuring<\/strong> on m\u00f5eldud teatud valdkondade t\u00f6\u00f6tajate kontrolliks (toitu ja joogivett k\u00e4itlevad t\u00f6\u00f6tajad, toidu ja joogiveega kokkupuutuvad t\u00f6\u00f6tajad v\u00f5i k\u00e4itlemisruume puhastavad t\u00f6\u00f6tajad; loomapidajad,\u00a0 vahetult p\u00f5llumajandusloomade ja loomsete saadustega kokkupuutuvad isikud). Samuti v\u00f5ib kandlusuuring olla vajalik osadel juhtudel v\u00e4lismaale t\u00f6\u00f6le asumisel, siis v\u00e4ljastatakse vajadusel inglisekeelne t\u00f5end.<\/p>\n\n\n\n<p class=\"has-medium-font-size\"><strong>Uuritav materjal, selle v\u00f5tmine, saatmine ja s\u00e4ilitamine<\/strong><\/p>\n\n\n\n<figure class=\"wp-block-table is-style-stripes\"><table width=\"100%\"><tbody><tr><td width=\"1%\"><\/td><td width=\"20%\"><strong>Proovin\u00f5u<\/strong><\/td><td width=\"79%\">eSwab vedela transpordis\u00f6\u00f6tmega katsuti<\/td><\/tr><tr><td><\/td><td><strong>S\u00e4ilivus<\/strong><\/td><td>Toatemperatuuril v\u00f5i +4 \u00b0C \u00fcks p\u00e4ev<\/td><\/tr><tr><td><\/td><td><strong>Proovin\u00f5u<\/strong><\/td><td>Roojatops<\/td><\/tr><tr><td><\/td><td><strong>Anal\u00fc\u00fcsitav kogus<\/strong><\/td><td>2\u20135 mL rooja<\/td><\/tr><tr><td><\/td><td><strong>S\u00e4ilivus<\/strong><\/td><td>+4 \u00b0C \u00fcks p\u00e4ev<\/td><\/tr><\/tbody><\/table><\/figure>\n\n\n\n<p>eSwab vedela transpordis\u00f6\u00f6tmega katsuti v\u00f5imaldab teostada ainult <em>Salmonella<\/em>, <em>Shigella <\/em>kandluse uuringut. Proovi v\u00f5tmiseks viia f\u00fcsioloogilises lahuses niisutatud tampoon 4-5 cm s\u00fcgavusele p\u00e4rasoolde, keerutada tampooni vastu limaskesta.<\/p>\n\n\n\n<p><em>Campylobacter<\/em> spp. kandluse uuringuks on vajalik roe roojatopsis.<\/p>\n\n\n\n<p class=\"has-medium-font-size\"><strong>Anal\u00fc\u00fcsi tegemise aeg:<\/strong><strong> <\/strong>t\u00f6\u00f6p\u00e4eviti (esmask\u00fclvid ka n\u00e4dalavahetustel)<\/p>\n\n\n\n<p class=\"has-medium-font-size\"><strong>Anal\u00fc\u00fcsimeetod<\/strong><\/p>\n\n\n\n<p><em>Salmonella spp.<\/em>, <em>Shigella spp.<\/em>:k\u00fclv XLD s\u00f6\u00f6tmele ning rikastuspuljongisse. Tekitaja samastamine ja ravimitundlikkuse m\u00e4\u00e4ramine. L\u00f5plik vastus: negatiivne 3.\u20134. p\u00e4eval, positiivne 3.\u20135. p\u00e4eval.<\/p>\n\n\n\n<p><em>Campylobacter spp.<\/em>: immuunmeetod, kromatogeenne test.<\/p>\n\n\n\n<p class=\"has-medium-font-size\"><strong>N\u00e4idustus ja kliiniline t\u00e4hendus<\/strong><\/p>\n\n\n\n<p>Uuring enteropatogeenide kandluse v\u00e4ljaselgitamiseks.<\/p>\n\n\n\n<p><em>Shigella spp.<\/em>, <em>Salmonella spp. <\/em>ja <em>Campylobacter spp.<\/em> ei kuulu inimese normaalsesse soolefloorasse. Nende leid v\u00e4ljaheites ilma kliinilise pildita t\u00e4hendab kandlust. K\u00f5igil leiuga juhtudel tuleb teavitada Terviseametit.<\/p>\n\n\n\n<p>V\u00f5imalikud vead: proovi v\u00f5tmine antibakteriaalse ravi foonil, vead s\u00e4ilitamisel ja transpordil.<\/p>\n\n\n\n<p>Koostaja: Krista L\u00f5ivukene<br>Muudetud 28.09.2021<\/p>\n","protected":false},"excerpt":{"rendered":"<p>Mikrobioloogia osakond Salmonella spp., Shigella spp. ja Campylobacter spp. kandluse uuring on m\u00f5eldud teatud valdkondade t\u00f6\u00f6tajate kontrolliks (toitu ja joogivett k\u00e4itlevad t\u00f6\u00f6tajad, toidu ja joogiveega kokkupuutuvad t\u00f6\u00f6tajad v\u00f5i k\u00e4itlemisruume puhastavad t\u00f6\u00f6tajad; loomapidajad,\u00a0 vahetult p\u00f5llumajandusloomade ja loomsete saadustega kokkupuutuvad isikud). Samuti v\u00f5ib kandlusuuring olla vajalik osadel juhtudel v\u00e4lismaale t\u00f6\u00f6le asumisel, siis v\u00e4ljastatakse vajadusel inglisekeelne t\u00f5end. Uuritav [&hellip;]<\/p>\n","protected":false},"author":38,"featured_media":0,"parent":7292,"menu_order":24,"comment_status":"closed","ping_status":"closed","template":"","meta":{"_uag_custom_page_level_css":"","footnotes":""},"class_list":["post-13158","page","type-page","status-publish","hentry"],"acf":[],"yoast_head":"<!-- This site is optimized with the Yoast SEO plugin v27.3 - https:\/\/yoast.com\/product\/yoast-seo-wordpress\/ -->\n<title>Salmonella spp., \u00a0Shigella spp. ja Campylobacter spp. kandluse uuring - \u00dchendlabor<\/title>\n<meta name=\"robots\" content=\"index, follow, max-snippet:-1, max-image-preview:large, max-video-preview:-1\" \/>\n<link rel=\"canonical\" href=\"https:\/\/www.kliinikum.ee\/yhendlabor\/kasiraamat\/mikrobioloogilised-uuringud\/salmonella-spp-shigella-spp-ja-campylobacter-spp-kandluse-uuring\/\" \/>\n<meta property=\"og:locale\" content=\"et_EE\" \/>\n<meta property=\"og:type\" content=\"article\" \/>\n<meta property=\"og:title\" content=\"Salmonella spp., \u00a0Shigella spp. ja Campylobacter spp. kandluse uuring - \u00dchendlabor\" \/>\n<meta property=\"og:description\" content=\"Mikrobioloogia osakond Salmonella spp., Shigella spp. ja Campylobacter spp. kandluse uuring on m\u00f5eldud teatud valdkondade t\u00f6\u00f6tajate kontrolliks (toitu ja joogivett k\u00e4itlevad t\u00f6\u00f6tajad, toidu ja joogiveega kokkupuutuvad t\u00f6\u00f6tajad v\u00f5i k\u00e4itlemisruume puhastavad t\u00f6\u00f6tajad; loomapidajad,\u00a0 vahetult p\u00f5llumajandusloomade ja loomsete saadustega kokkupuutuvad isikud). Samuti v\u00f5ib kandlusuuring olla vajalik osadel juhtudel v\u00e4lismaale t\u00f6\u00f6le asumisel, siis v\u00e4ljastatakse vajadusel inglisekeelne t\u00f5end. Uuritav [&hellip;]\" \/>\n<meta property=\"og:url\" content=\"https:\/\/www.kliinikum.ee\/yhendlabor\/kasiraamat\/mikrobioloogilised-uuringud\/salmonella-spp-shigella-spp-ja-campylobacter-spp-kandluse-uuring\/\" \/>\n<meta property=\"og:site_name\" content=\"\u00dchendlabor\" \/>\n<meta property=\"article:modified_time\" content=\"2025-12-09T22:23:27+00:00\" \/>\n<meta name=\"twitter:card\" content=\"summary_large_image\" \/>\n<meta name=\"twitter:label1\" content=\"Est. reading time\" \/>\n\t<meta name=\"twitter:data1\" content=\"2 minutit\" \/>\n<script type=\"application\/ld+json\" class=\"yoast-schema-graph\">{\"@context\":\"https:\\\/\\\/schema.org\",\"@graph\":[{\"@type\":\"WebPage\",\"@id\":\"https:\\\/\\\/www.kliinikum.ee\\\/yhendlabor\\\/kasiraamat\\\/mikrobioloogilised-uuringud\\\/salmonella-spp-shigella-spp-ja-campylobacter-spp-kandluse-uuring\\\/\",\"url\":\"https:\\\/\\\/www.kliinikum.ee\\\/yhendlabor\\\/kasiraamat\\\/mikrobioloogilised-uuringud\\\/salmonella-spp-shigella-spp-ja-campylobacter-spp-kandluse-uuring\\\/\",\"name\":\"Salmonella spp., \u00a0Shigella spp. ja Campylobacter spp. kandluse uuring - \u00dchendlabor\",\"isPartOf\":{\"@id\":\"https:\\\/\\\/www.kliinikum.ee\\\/yhendlabor\\\/#website\"},\"datePublished\":\"2025-09-12T19:01:50+00:00\",\"dateModified\":\"2025-12-09T22:23:27+00:00\",\"breadcrumb\":{\"@id\":\"https:\\\/\\\/www.kliinikum.ee\\\/yhendlabor\\\/kasiraamat\\\/mikrobioloogilised-uuringud\\\/salmonella-spp-shigella-spp-ja-campylobacter-spp-kandluse-uuring\\\/#breadcrumb\"},\"inLanguage\":\"et\",\"potentialAction\":[{\"@type\":\"ReadAction\",\"target\":[\"https:\\\/\\\/www.kliinikum.ee\\\/yhendlabor\\\/kasiraamat\\\/mikrobioloogilised-uuringud\\\/salmonella-spp-shigella-spp-ja-campylobacter-spp-kandluse-uuring\\\/\"]}]},{\"@type\":\"BreadcrumbList\",\"@id\":\"https:\\\/\\\/www.kliinikum.ee\\\/yhendlabor\\\/kasiraamat\\\/mikrobioloogilised-uuringud\\\/salmonella-spp-shigella-spp-ja-campylobacter-spp-kandluse-uuring\\\/#breadcrumb\",\"itemListElement\":[{\"@type\":\"ListItem\",\"position\":1,\"name\":\"Home\",\"item\":\"https:\\\/\\\/www.kliinikum.ee\\\/yhendlabor\\\/\"},{\"@type\":\"ListItem\",\"position\":2,\"name\":\"K\u00e4siraamat\",\"item\":\"https:\\\/\\\/www.kliinikum.ee\\\/yhendlabor\\\/kasiraamat\\\/\"},{\"@type\":\"ListItem\",\"position\":3,\"name\":\"Mikrobioloogilised uuringud\",\"item\":\"https:\\\/\\\/www.kliinikum.ee\\\/yhendlabor\\\/kasiraamat\\\/mikrobioloogilised-uuringud\\\/\"},{\"@type\":\"ListItem\",\"position\":4,\"name\":\"Salmonella spp., \u00a0Shigella spp. ja Campylobacter spp. kandluse uuring\"}]},{\"@type\":\"WebSite\",\"@id\":\"https:\\\/\\\/www.kliinikum.ee\\\/yhendlabor\\\/#website\",\"url\":\"https:\\\/\\\/www.kliinikum.ee\\\/yhendlabor\\\/\",\"name\":\"\u00dchendlabor\",\"description\":\"Hoolivus, Uuendusmeelsus, P\u00e4devus ja Usaldusv\u00e4\u00e4rsus\",\"potentialAction\":[{\"@type\":\"SearchAction\",\"target\":{\"@type\":\"EntryPoint\",\"urlTemplate\":\"https:\\\/\\\/www.kliinikum.ee\\\/yhendlabor\\\/?s={search_term_string}\"},\"query-input\":{\"@type\":\"PropertyValueSpecification\",\"valueRequired\":true,\"valueName\":\"search_term_string\"}}],\"inLanguage\":\"et\"}]}<\/script>\n<!-- \/ Yoast SEO plugin. -->","yoast_head_json":{"title":"Salmonella spp., \u00a0Shigella spp. ja Campylobacter spp. kandluse uuring - \u00dchendlabor","robots":{"index":"index","follow":"follow","max-snippet":"max-snippet:-1","max-image-preview":"max-image-preview:large","max-video-preview":"max-video-preview:-1"},"canonical":"https:\/\/www.kliinikum.ee\/yhendlabor\/kasiraamat\/mikrobioloogilised-uuringud\/salmonella-spp-shigella-spp-ja-campylobacter-spp-kandluse-uuring\/","og_locale":"et_EE","og_type":"article","og_title":"Salmonella spp., \u00a0Shigella spp. ja Campylobacter spp. kandluse uuring - \u00dchendlabor","og_description":"Mikrobioloogia osakond Salmonella spp., Shigella spp. ja Campylobacter spp. kandluse uuring on m\u00f5eldud teatud valdkondade t\u00f6\u00f6tajate kontrolliks (toitu ja joogivett k\u00e4itlevad t\u00f6\u00f6tajad, toidu ja joogiveega kokkupuutuvad t\u00f6\u00f6tajad v\u00f5i k\u00e4itlemisruume puhastavad t\u00f6\u00f6tajad; loomapidajad,\u00a0 vahetult p\u00f5llumajandusloomade ja loomsete saadustega kokkupuutuvad isikud). Samuti v\u00f5ib kandlusuuring olla vajalik osadel juhtudel v\u00e4lismaale t\u00f6\u00f6le asumisel, siis v\u00e4ljastatakse vajadusel inglisekeelne t\u00f5end. Uuritav [&hellip;]","og_url":"https:\/\/www.kliinikum.ee\/yhendlabor\/kasiraamat\/mikrobioloogilised-uuringud\/salmonella-spp-shigella-spp-ja-campylobacter-spp-kandluse-uuring\/","og_site_name":"\u00dchendlabor","article_modified_time":"2025-12-09T22:23:27+00:00","twitter_card":"summary_large_image","twitter_misc":{"Est. reading time":"2 minutit"},"schema":{"@context":"https:\/\/schema.org","@graph":[{"@type":"WebPage","@id":"https:\/\/www.kliinikum.ee\/yhendlabor\/kasiraamat\/mikrobioloogilised-uuringud\/salmonella-spp-shigella-spp-ja-campylobacter-spp-kandluse-uuring\/","url":"https:\/\/www.kliinikum.ee\/yhendlabor\/kasiraamat\/mikrobioloogilised-uuringud\/salmonella-spp-shigella-spp-ja-campylobacter-spp-kandluse-uuring\/","name":"Salmonella spp., \u00a0Shigella spp. ja Campylobacter spp. kandluse uuring - \u00dchendlabor","isPartOf":{"@id":"https:\/\/www.kliinikum.ee\/yhendlabor\/#website"},"datePublished":"2025-09-12T19:01:50+00:00","dateModified":"2025-12-09T22:23:27+00:00","breadcrumb":{"@id":"https:\/\/www.kliinikum.ee\/yhendlabor\/kasiraamat\/mikrobioloogilised-uuringud\/salmonella-spp-shigella-spp-ja-campylobacter-spp-kandluse-uuring\/#breadcrumb"},"inLanguage":"et","potentialAction":[{"@type":"ReadAction","target":["https:\/\/www.kliinikum.ee\/yhendlabor\/kasiraamat\/mikrobioloogilised-uuringud\/salmonella-spp-shigella-spp-ja-campylobacter-spp-kandluse-uuring\/"]}]},{"@type":"BreadcrumbList","@id":"https:\/\/www.kliinikum.ee\/yhendlabor\/kasiraamat\/mikrobioloogilised-uuringud\/salmonella-spp-shigella-spp-ja-campylobacter-spp-kandluse-uuring\/#breadcrumb","itemListElement":[{"@type":"ListItem","position":1,"name":"Home","item":"https:\/\/www.kliinikum.ee\/yhendlabor\/"},{"@type":"ListItem","position":2,"name":"K\u00e4siraamat","item":"https:\/\/www.kliinikum.ee\/yhendlabor\/kasiraamat\/"},{"@type":"ListItem","position":3,"name":"Mikrobioloogilised uuringud","item":"https:\/\/www.kliinikum.ee\/yhendlabor\/kasiraamat\/mikrobioloogilised-uuringud\/"},{"@type":"ListItem","position":4,"name":"Salmonella spp., \u00a0Shigella spp. ja Campylobacter spp. kandluse uuring"}]},{"@type":"WebSite","@id":"https:\/\/www.kliinikum.ee\/yhendlabor\/#website","url":"https:\/\/www.kliinikum.ee\/yhendlabor\/","name":"\u00dchendlabor","description":"Hoolivus, Uuendusmeelsus, P\u00e4devus ja Usaldusv\u00e4\u00e4rsus","potentialAction":[{"@type":"SearchAction","target":{"@type":"EntryPoint","urlTemplate":"https:\/\/www.kliinikum.ee\/yhendlabor\/?s={search_term_string}"},"query-input":{"@type":"PropertyValueSpecification","valueRequired":true,"valueName":"search_term_string"}}],"inLanguage":"et"}]}},"uagb_featured_image_src":{"full":false,"thumbnail":false,"medium":false,"medium_large":false,"large":false,"1536x1536":false,"2048x2048":false},"uagb_author_info":{"display_name":"Kadi Siigur","author_link":"https:\/\/www.kliinikum.ee\/yhendlabor\/author\/kadisi\/"},"uagb_comment_info":0,"uagb_excerpt":"Mikrobioloogia osakond Salmonella spp., Shigella spp. ja Campylobacter spp. kandluse uuring on m\u00f5eldud teatud valdkondade t\u00f6\u00f6tajate kontrolliks (toitu ja joogivett k\u00e4itlevad t\u00f6\u00f6tajad, toidu ja joogiveega kokkupuutuvad t\u00f6\u00f6tajad v\u00f5i k\u00e4itlemisruume puhastavad t\u00f6\u00f6tajad; loomapidajad,\u00a0 vahetult p\u00f5llumajandusloomade ja loomsete saadustega kokkupuutuvad isikud). Samuti v\u00f5ib kandlusuuring olla vajalik osadel juhtudel v\u00e4lismaale t\u00f6\u00f6le asumisel, siis v\u00e4ljastatakse vajadusel inglisekeelne t\u00f5end. Uuritav&hellip;","_links":{"self":[{"href":"https:\/\/www.kliinikum.ee\/yhendlabor\/wp-json\/wp\/v2\/pages\/13158","targetHints":{"allow":["GET"]}}],"collection":[{"href":"https:\/\/www.kliinikum.ee\/yhendlabor\/wp-json\/wp\/v2\/pages"}],"about":[{"href":"https:\/\/www.kliinikum.ee\/yhendlabor\/wp-json\/wp\/v2\/types\/page"}],"author":[{"embeddable":true,"href":"https:\/\/www.kliinikum.ee\/yhendlabor\/wp-json\/wp\/v2\/users\/38"}],"replies":[{"embeddable":true,"href":"https:\/\/www.kliinikum.ee\/yhendlabor\/wp-json\/wp\/v2\/comments?post=13158"}],"version-history":[{"count":0,"href":"https:\/\/www.kliinikum.ee\/yhendlabor\/wp-json\/wp\/v2\/pages\/13158\/revisions"}],"up":[{"embeddable":true,"href":"https:\/\/www.kliinikum.ee\/yhendlabor\/wp-json\/wp\/v2\/pages\/7292"}],"wp:attachment":[{"href":"https:\/\/www.kliinikum.ee\/yhendlabor\/wp-json\/wp\/v2\/media?parent=13158"}],"curies":[{"name":"wp","href":"https:\/\/api.w.org\/{rel}","templated":true}]}}