{"id":13170,"date":"2025-09-12T21:21:41","date_gmt":"2025-09-12T19:21:41","guid":{"rendered":"https:\/\/www.kliinikum.ee\/yhendlabor\/?page_id=13170"},"modified":"2025-12-10T00:28:54","modified_gmt":"2025-12-09T22:28:54","slug":"trahheaaspiraadi-sondi-mikrobioloogiline-uuring","status":"publish","type":"page","link":"https:\/\/www.kliinikum.ee\/yhendlabor\/kasiraamat\/mikrobioloogilised-uuringud\/trahheaaspiraadi-sondi-mikrobioloogiline-uuring\/","title":{"rendered":"Trahheaaspiraadi\/-sondi mikrobioloogiline uuring"},"content":{"rendered":"\n<p><em>Mikrobioloogia osakond<\/em><\/p>\n\n\n\n<p>Uuringu eesm\u00e4rgiks on <strong>hospitaalpneumoonia <\/strong>ja <strong>ventilaatorpneumoonia <\/strong>diagnoosimine.<\/p>\n\n\n\n<p class=\"has-medium-font-size\"><strong>Uuritav materjal, selle v\u00f5tmine, saatmine ja s\u00e4ilitamine<\/strong><\/p>\n\n\n\n<figure class=\"wp-block-table is-style-stripes\"><table width=\"100%\"><tbody><tr><td width=\"1%\"><\/td><td width=\"15%\"><strong>Proovin\u00f5u<\/strong><\/td><td width=\"84%\">Trahheaaspiraat: steriilne proovitops <br>Aspiratsioonisond: madal transpordis\u00f6\u00f6tmega katsuti<\/td><\/tr><tr><td><\/td><td><strong>S\u00e4ilivus<\/strong><\/td><td>+4 \u00b0C \u00fcks p\u00e4ev<\/td><\/tr><\/tbody><\/table><\/figure>\n\n\n\n<p>Peale aspireerimist l\u00f5igatakse sondist steriilsete k\u00e4\u00e4ridega kolm 4\u20135 cm pikkust t\u00fckki (juhul, kui soovitakse ka seente uuringut, siis neli t\u00fckki) ja surutakse transpordis\u00f6\u00f6tmesse.<\/p>\n\n\n\n<p class=\"has-medium-font-size\"><strong>Anal\u00fc\u00fcsi tegemise aeg:<\/strong> t\u00f6\u00f6p\u00e4eviti (esmask\u00fclvid ka n\u00e4dalavahetustel)<\/p>\n\n\n\n<p class=\"has-medium-font-size\"><strong>Anal\u00fc\u00fcsimeetod: <\/strong>k\u00fclv veri- ja \u0161okolaadagarile, seente uuringu korral Sabouraud\u2019 agarile. Kui materjali on piisavalt, tehakse Grami j\u00e4rgi v\u00e4rvitud \u00e4igepreparaat, kus hinnatakse leukots\u00fc\u00fctide hulka ja domineerivate mikroobide morfoloogiat. Tekitaja samastamine ja ravimitundlikkuse m\u00e4\u00e4ramine. L\u00f5plik vastus: negatiivne 3.\u20134. p\u00e4eval, positiivne 3.\u20135. p\u00e4eval.<strong><\/strong><\/p>\n\n\n\n<p class=\"has-medium-font-size\"><strong>N\u00e4idustus ja kliiniline t\u00e4hendus<\/strong><\/p>\n\n\n\n<p>Kopsup\u00f5letiku kahtlus, juhitaval hingamisel olevate patsientide \u00fclemiste hingamisteede kolonisatsiooni\/infektsiooni hindamine.<\/p>\n\n\n\n<p>Pol\u00fcmorfonukleaaride esinemine &nbsp;preparaadis (&gt; 10 vaatev\u00e4ljas) viitab infektsioonile.<\/p>\n\n\n\n<p>V\u00f5imalikud vead: proovi v\u00f5tmine antibakteriaalse ravi foonil, vead s\u00e4ilitamisel ja transpordil.<\/p>\n\n\n\n<p>Koostaja: Krista L\u00f5ivukene<br>Muudetud 08.02.2018<\/p>\n","protected":false},"excerpt":{"rendered":"<p>Mikrobioloogia osakond Uuringu eesm\u00e4rgiks on hospitaalpneumoonia ja ventilaatorpneumoonia diagnoosimine. Uuritav materjal, selle v\u00f5tmine, saatmine ja s\u00e4ilitamine Proovin\u00f5u Trahheaaspiraat: steriilne proovitops Aspiratsioonisond: madal transpordis\u00f6\u00f6tmega katsuti S\u00e4ilivus +4 \u00b0C \u00fcks p\u00e4ev Peale aspireerimist l\u00f5igatakse sondist steriilsete k\u00e4\u00e4ridega kolm 4\u20135 cm pikkust t\u00fckki (juhul, kui soovitakse ka seente uuringut, siis neli t\u00fckki) ja surutakse transpordis\u00f6\u00f6tmesse. Anal\u00fc\u00fcsi tegemise aeg: [&hellip;]<\/p>\n","protected":false},"author":38,"featured_media":0,"parent":7292,"menu_order":27,"comment_status":"closed","ping_status":"closed","template":"","meta":{"_uag_custom_page_level_css":"","footnotes":""},"class_list":["post-13170","page","type-page","status-publish","hentry"],"acf":[],"yoast_head":"<!-- This site is optimized with the Yoast SEO plugin v27.3 - https:\/\/yoast.com\/product\/yoast-seo-wordpress\/ -->\n<title>Trahheaaspiraadi\/-sondi mikrobioloogiline uuring - \u00dchendlabor<\/title>\n<meta name=\"robots\" content=\"index, follow, max-snippet:-1, max-image-preview:large, max-video-preview:-1\" \/>\n<link rel=\"canonical\" href=\"https:\/\/www.kliinikum.ee\/yhendlabor\/kasiraamat\/mikrobioloogilised-uuringud\/trahheaaspiraadi-sondi-mikrobioloogiline-uuring\/\" \/>\n<meta property=\"og:locale\" content=\"et_EE\" \/>\n<meta property=\"og:type\" content=\"article\" \/>\n<meta property=\"og:title\" content=\"Trahheaaspiraadi\/-sondi mikrobioloogiline uuring - \u00dchendlabor\" \/>\n<meta property=\"og:description\" content=\"Mikrobioloogia osakond Uuringu eesm\u00e4rgiks on hospitaalpneumoonia ja ventilaatorpneumoonia diagnoosimine. Uuritav materjal, selle v\u00f5tmine, saatmine ja s\u00e4ilitamine Proovin\u00f5u Trahheaaspiraat: steriilne proovitops Aspiratsioonisond: madal transpordis\u00f6\u00f6tmega katsuti S\u00e4ilivus +4 \u00b0C \u00fcks p\u00e4ev Peale aspireerimist l\u00f5igatakse sondist steriilsete k\u00e4\u00e4ridega kolm 4\u20135 cm pikkust t\u00fckki (juhul, kui soovitakse ka seente uuringut, siis neli t\u00fckki) ja surutakse transpordis\u00f6\u00f6tmesse. Anal\u00fc\u00fcsi tegemise aeg: [&hellip;]\" \/>\n<meta property=\"og:url\" content=\"https:\/\/www.kliinikum.ee\/yhendlabor\/kasiraamat\/mikrobioloogilised-uuringud\/trahheaaspiraadi-sondi-mikrobioloogiline-uuring\/\" \/>\n<meta property=\"og:site_name\" content=\"\u00dchendlabor\" \/>\n<meta property=\"article:modified_time\" content=\"2025-12-09T22:28:54+00:00\" \/>\n<meta name=\"twitter:card\" content=\"summary_large_image\" \/>\n<meta name=\"twitter:label1\" content=\"Est. reading time\" \/>\n\t<meta name=\"twitter:data1\" content=\"1 minut\" \/>\n<script type=\"application\/ld+json\" class=\"yoast-schema-graph\">{\"@context\":\"https:\\\/\\\/schema.org\",\"@graph\":[{\"@type\":\"WebPage\",\"@id\":\"https:\\\/\\\/www.kliinikum.ee\\\/yhendlabor\\\/kasiraamat\\\/mikrobioloogilised-uuringud\\\/trahheaaspiraadi-sondi-mikrobioloogiline-uuring\\\/\",\"url\":\"https:\\\/\\\/www.kliinikum.ee\\\/yhendlabor\\\/kasiraamat\\\/mikrobioloogilised-uuringud\\\/trahheaaspiraadi-sondi-mikrobioloogiline-uuring\\\/\",\"name\":\"Trahheaaspiraadi\\\/-sondi mikrobioloogiline uuring - \u00dchendlabor\",\"isPartOf\":{\"@id\":\"https:\\\/\\\/www.kliinikum.ee\\\/yhendlabor\\\/#website\"},\"datePublished\":\"2025-09-12T19:21:41+00:00\",\"dateModified\":\"2025-12-09T22:28:54+00:00\",\"breadcrumb\":{\"@id\":\"https:\\\/\\\/www.kliinikum.ee\\\/yhendlabor\\\/kasiraamat\\\/mikrobioloogilised-uuringud\\\/trahheaaspiraadi-sondi-mikrobioloogiline-uuring\\\/#breadcrumb\"},\"inLanguage\":\"et\",\"potentialAction\":[{\"@type\":\"ReadAction\",\"target\":[\"https:\\\/\\\/www.kliinikum.ee\\\/yhendlabor\\\/kasiraamat\\\/mikrobioloogilised-uuringud\\\/trahheaaspiraadi-sondi-mikrobioloogiline-uuring\\\/\"]}]},{\"@type\":\"BreadcrumbList\",\"@id\":\"https:\\\/\\\/www.kliinikum.ee\\\/yhendlabor\\\/kasiraamat\\\/mikrobioloogilised-uuringud\\\/trahheaaspiraadi-sondi-mikrobioloogiline-uuring\\\/#breadcrumb\",\"itemListElement\":[{\"@type\":\"ListItem\",\"position\":1,\"name\":\"Home\",\"item\":\"https:\\\/\\\/www.kliinikum.ee\\\/yhendlabor\\\/\"},{\"@type\":\"ListItem\",\"position\":2,\"name\":\"K\u00e4siraamat\",\"item\":\"https:\\\/\\\/www.kliinikum.ee\\\/yhendlabor\\\/kasiraamat\\\/\"},{\"@type\":\"ListItem\",\"position\":3,\"name\":\"Mikrobioloogilised uuringud\",\"item\":\"https:\\\/\\\/www.kliinikum.ee\\\/yhendlabor\\\/kasiraamat\\\/mikrobioloogilised-uuringud\\\/\"},{\"@type\":\"ListItem\",\"position\":4,\"name\":\"Trahheaaspiraadi\\\/-sondi mikrobioloogiline uuring\"}]},{\"@type\":\"WebSite\",\"@id\":\"https:\\\/\\\/www.kliinikum.ee\\\/yhendlabor\\\/#website\",\"url\":\"https:\\\/\\\/www.kliinikum.ee\\\/yhendlabor\\\/\",\"name\":\"\u00dchendlabor\",\"description\":\"Hoolivus, Uuendusmeelsus, P\u00e4devus ja Usaldusv\u00e4\u00e4rsus\",\"potentialAction\":[{\"@type\":\"SearchAction\",\"target\":{\"@type\":\"EntryPoint\",\"urlTemplate\":\"https:\\\/\\\/www.kliinikum.ee\\\/yhendlabor\\\/?s={search_term_string}\"},\"query-input\":{\"@type\":\"PropertyValueSpecification\",\"valueRequired\":true,\"valueName\":\"search_term_string\"}}],\"inLanguage\":\"et\"}]}<\/script>\n<!-- \/ Yoast SEO plugin. -->","yoast_head_json":{"title":"Trahheaaspiraadi\/-sondi mikrobioloogiline uuring - \u00dchendlabor","robots":{"index":"index","follow":"follow","max-snippet":"max-snippet:-1","max-image-preview":"max-image-preview:large","max-video-preview":"max-video-preview:-1"},"canonical":"https:\/\/www.kliinikum.ee\/yhendlabor\/kasiraamat\/mikrobioloogilised-uuringud\/trahheaaspiraadi-sondi-mikrobioloogiline-uuring\/","og_locale":"et_EE","og_type":"article","og_title":"Trahheaaspiraadi\/-sondi mikrobioloogiline uuring - \u00dchendlabor","og_description":"Mikrobioloogia osakond Uuringu eesm\u00e4rgiks on hospitaalpneumoonia ja ventilaatorpneumoonia diagnoosimine. Uuritav materjal, selle v\u00f5tmine, saatmine ja s\u00e4ilitamine Proovin\u00f5u Trahheaaspiraat: steriilne proovitops Aspiratsioonisond: madal transpordis\u00f6\u00f6tmega katsuti S\u00e4ilivus +4 \u00b0C \u00fcks p\u00e4ev Peale aspireerimist l\u00f5igatakse sondist steriilsete k\u00e4\u00e4ridega kolm 4\u20135 cm pikkust t\u00fckki (juhul, kui soovitakse ka seente uuringut, siis neli t\u00fckki) ja surutakse transpordis\u00f6\u00f6tmesse. Anal\u00fc\u00fcsi tegemise aeg: [&hellip;]","og_url":"https:\/\/www.kliinikum.ee\/yhendlabor\/kasiraamat\/mikrobioloogilised-uuringud\/trahheaaspiraadi-sondi-mikrobioloogiline-uuring\/","og_site_name":"\u00dchendlabor","article_modified_time":"2025-12-09T22:28:54+00:00","twitter_card":"summary_large_image","twitter_misc":{"Est. reading time":"1 minut"},"schema":{"@context":"https:\/\/schema.org","@graph":[{"@type":"WebPage","@id":"https:\/\/www.kliinikum.ee\/yhendlabor\/kasiraamat\/mikrobioloogilised-uuringud\/trahheaaspiraadi-sondi-mikrobioloogiline-uuring\/","url":"https:\/\/www.kliinikum.ee\/yhendlabor\/kasiraamat\/mikrobioloogilised-uuringud\/trahheaaspiraadi-sondi-mikrobioloogiline-uuring\/","name":"Trahheaaspiraadi\/-sondi mikrobioloogiline uuring - \u00dchendlabor","isPartOf":{"@id":"https:\/\/www.kliinikum.ee\/yhendlabor\/#website"},"datePublished":"2025-09-12T19:21:41+00:00","dateModified":"2025-12-09T22:28:54+00:00","breadcrumb":{"@id":"https:\/\/www.kliinikum.ee\/yhendlabor\/kasiraamat\/mikrobioloogilised-uuringud\/trahheaaspiraadi-sondi-mikrobioloogiline-uuring\/#breadcrumb"},"inLanguage":"et","potentialAction":[{"@type":"ReadAction","target":["https:\/\/www.kliinikum.ee\/yhendlabor\/kasiraamat\/mikrobioloogilised-uuringud\/trahheaaspiraadi-sondi-mikrobioloogiline-uuring\/"]}]},{"@type":"BreadcrumbList","@id":"https:\/\/www.kliinikum.ee\/yhendlabor\/kasiraamat\/mikrobioloogilised-uuringud\/trahheaaspiraadi-sondi-mikrobioloogiline-uuring\/#breadcrumb","itemListElement":[{"@type":"ListItem","position":1,"name":"Home","item":"https:\/\/www.kliinikum.ee\/yhendlabor\/"},{"@type":"ListItem","position":2,"name":"K\u00e4siraamat","item":"https:\/\/www.kliinikum.ee\/yhendlabor\/kasiraamat\/"},{"@type":"ListItem","position":3,"name":"Mikrobioloogilised uuringud","item":"https:\/\/www.kliinikum.ee\/yhendlabor\/kasiraamat\/mikrobioloogilised-uuringud\/"},{"@type":"ListItem","position":4,"name":"Trahheaaspiraadi\/-sondi mikrobioloogiline uuring"}]},{"@type":"WebSite","@id":"https:\/\/www.kliinikum.ee\/yhendlabor\/#website","url":"https:\/\/www.kliinikum.ee\/yhendlabor\/","name":"\u00dchendlabor","description":"Hoolivus, Uuendusmeelsus, P\u00e4devus ja Usaldusv\u00e4\u00e4rsus","potentialAction":[{"@type":"SearchAction","target":{"@type":"EntryPoint","urlTemplate":"https:\/\/www.kliinikum.ee\/yhendlabor\/?s={search_term_string}"},"query-input":{"@type":"PropertyValueSpecification","valueRequired":true,"valueName":"search_term_string"}}],"inLanguage":"et"}]}},"uagb_featured_image_src":{"full":false,"thumbnail":false,"medium":false,"medium_large":false,"large":false,"1536x1536":false,"2048x2048":false},"uagb_author_info":{"display_name":"Kadi Siigur","author_link":"https:\/\/www.kliinikum.ee\/yhendlabor\/author\/kadisi\/"},"uagb_comment_info":0,"uagb_excerpt":"Mikrobioloogia osakond Uuringu eesm\u00e4rgiks on hospitaalpneumoonia ja ventilaatorpneumoonia diagnoosimine. Uuritav materjal, selle v\u00f5tmine, saatmine ja s\u00e4ilitamine Proovin\u00f5u Trahheaaspiraat: steriilne proovitops Aspiratsioonisond: madal transpordis\u00f6\u00f6tmega katsuti S\u00e4ilivus +4 \u00b0C \u00fcks p\u00e4ev Peale aspireerimist l\u00f5igatakse sondist steriilsete k\u00e4\u00e4ridega kolm 4\u20135 cm pikkust t\u00fckki (juhul, kui soovitakse ka seente uuringut, siis neli t\u00fckki) ja surutakse transpordis\u00f6\u00f6tmesse. Anal\u00fc\u00fcsi tegemise aeg:&hellip;","_links":{"self":[{"href":"https:\/\/www.kliinikum.ee\/yhendlabor\/wp-json\/wp\/v2\/pages\/13170","targetHints":{"allow":["GET"]}}],"collection":[{"href":"https:\/\/www.kliinikum.ee\/yhendlabor\/wp-json\/wp\/v2\/pages"}],"about":[{"href":"https:\/\/www.kliinikum.ee\/yhendlabor\/wp-json\/wp\/v2\/types\/page"}],"author":[{"embeddable":true,"href":"https:\/\/www.kliinikum.ee\/yhendlabor\/wp-json\/wp\/v2\/users\/38"}],"replies":[{"embeddable":true,"href":"https:\/\/www.kliinikum.ee\/yhendlabor\/wp-json\/wp\/v2\/comments?post=13170"}],"version-history":[{"count":0,"href":"https:\/\/www.kliinikum.ee\/yhendlabor\/wp-json\/wp\/v2\/pages\/13170\/revisions"}],"up":[{"embeddable":true,"href":"https:\/\/www.kliinikum.ee\/yhendlabor\/wp-json\/wp\/v2\/pages\/7292"}],"wp:attachment":[{"href":"https:\/\/www.kliinikum.ee\/yhendlabor\/wp-json\/wp\/v2\/media?parent=13170"}],"curies":[{"name":"wp","href":"https:\/\/api.w.org\/{rel}","templated":true}]}}