{"id":13175,"date":"2025-09-12T21:44:41","date_gmt":"2025-09-12T19:44:41","guid":{"rendered":"https:\/\/www.kliinikum.ee\/yhendlabor\/?page_id=13175"},"modified":"2025-12-10T00:32:40","modified_gmt":"2025-12-09T22:32:40","slug":"vankomutsiinresistentse-enterokoki-vre-kandluse-uuring-roojast","status":"publish","type":"page","link":"https:\/\/www.kliinikum.ee\/yhendlabor\/kasiraamat\/mikrobioloogilised-uuringud\/vankomutsiinresistentse-enterokoki-vre-kandluse-uuring-roojast\/","title":{"rendered":"Vankom\u00fctsiinresistentse enterokoki (VRE) kandluse uuring roojast"},"content":{"rendered":"\n<p><em>Mikrobioloogia osakond<\/em><\/p>\n\n\n\n<p class=\"has-medium-font-size\"><strong>Anal\u00fc\u00fcsid:<\/strong><\/p>\n\n\n\n<figure class=\"wp-block-table is-style-stripes\"><table width=\"100%\"><tbody><tr><td width=\"1%\"><\/td><td width=\"99%\">Vankom\u00fctsiiniresistentse <em>Enterococcus sp<\/em>. (VRE) k\u00fclv<\/td><\/tr><tr><td><\/td><td>Vankom\u00fctsiin-resistentsus vanA ja vanB geenide alusel (paneel)<\/td><\/tr><\/tbody><\/table><\/figure>\n\n\n\n<p>Terminiga \u201c<strong>vankom\u00fctsiinresistentne enterokokk<\/strong>\u201d <strong>(VRE)<\/strong> t\u00e4histatakse enterokokkide t\u00fcvesid, mis on muutunud resistentseks vankom\u00fctsiini suhtes, ning on potentsiaalsed hospitaalinfektsiooni tekitajad. T\u00e4htsaimaks nakkusallikaks haiglatingimustes on VRE-ga koloniseeritud v\u00f5i infitseeritud patsient. VRE v\u00f5ib koloniseerida terveid inimesi, kelle k\u00e4te kaudu nakkus levib. Seet\u00f5ttu n\u00f5utakse m\u00f5nes haiglas t\u00f6\u00f6loa saamiseks VRE puudumist kinnitavat t\u00f5endit.<\/p>\n\n\n\n<p class=\"has-medium-font-size\"><strong>Uuritav materjal, selle v\u00f5tmine, saatmine ja s\u00e4ilitamine<\/strong><\/p>\n\n\n\n<p><em>VRE k\u00fclv<\/em><\/p>\n\n\n\n<figure class=\"wp-block-table is-style-stripes\"><table width=\"100%\"><tbody><tr><td width=\"1%\"><\/td><td width=\"15%\"><strong>Proovin\u00f5u<\/strong><\/td><td width=\"84%\">eSwab vedela transpordis\u00f6\u00f6tmega katsuti<\/td><\/tr><tr><td><\/td><td><strong>S\u00e4ilivus<\/strong><\/td><td>Toatemperatuuril v\u00f5i +4 \u00b0C kaks p\u00e4eva<\/td><\/tr><tr><td><\/td><td><strong>Proovin\u00f5u<\/strong><\/td><td>Roojatops<\/td><\/tr><tr><td><\/td><td><strong>S\u00e4ilivus<\/strong><\/td><td>+4 \u00b0C \u00fcks p\u00e4ev<\/td><\/tr><\/tbody><\/table><\/figure>\n\n\n\n<p>Anal\u00fc\u00fcsiks sobib v\u00e4rske v\u00e4ljaheide.<\/p>\n\n\n\n<p><em>Vankom\u00fctsiin-resistentsuse (vanA, vanB) paneel<\/em><\/p>\n\n\n\n<figure class=\"wp-block-table is-style-stripes\"><table width=\"100%\"><tbody><tr><td width=\"1%\"><\/td><td width=\"15%\"><strong>Proovin\u00f5u<\/strong><\/td><td width=\"84%\">eSwab vedela transpordis\u00f6\u00f6tmega katsuti<\/td><\/tr><tr><td><\/td><td><strong>S\u00e4ilivus<\/strong><\/td><td>Toatemperatuuril v\u00f5i +4 \u00b0C kaks p\u00e4eva<\/td><\/tr><tr><td><\/td><td><strong>Proovin\u00f5u<\/strong><\/td><td>Roojatops<\/td><\/tr><tr><td><\/td><td><strong>S\u00e4ilivus<\/strong><\/td><td>+4 \u00b0C kuni viis p\u00e4eva<\/td><\/tr><\/tbody><\/table><\/figure>\n\n\n\n<p>Anal\u00fc\u00fcsiks sobivad roe ja rektaalkaabe (v\u00f5tke materjali umbes 2,5 cm kaugusele anaalsulgurlihasest ja p\u00f6\u00f6rake tampooni 3 korda, et tagada piisav materjal). Ei sobi massiliseks s\u00f5eluuringuks.<\/p>\n\n\n\n<p class=\"has-medium-font-size\"><strong>Anal\u00fc\u00fcsi tegemise aeg: <\/strong>t\u00f6\u00f6p\u00e4eviti (esmask\u00fclvid ka n\u00e4dalavahetusel). K\u00fclvi l\u00f5plik vastus: negatiivne 3. t\u00f6\u00f6p\u00e4eval, positiivne 4.\u20135. t\u00f6\u00f6p\u00e4eval.<br>Vankom\u00fctsiin-resistentsuse (vanA, vanB) paneeli l\u00f5plik negatiivne ja positiivne vastus samal t\u00f6\u00f6p\u00e4eval.<\/p>\n\n\n\n<p class=\"has-medium-font-size\"><strong>Anal\u00fc\u00fcsimeetod<\/strong><\/p>\n\n\n\n<p>VRE k\u00fclv: kromogeenne agar, samastamine (MALDI) ja vajadusel resistentsusemarkerite vanA, vanB m\u00e4\u00e4ramine pol\u00fcmeraasi ahelreaktsiooniga (PCR)<\/p>\n\n\n\n<p>Vankom\u00fctsiin-resistentsuse (vanA, vanB) paneel: pol\u00fcmeraasi ahelreaktsioon (PCR)<\/p>\n\n\n\n<p class=\"has-medium-font-size\"><strong>N\u00e4idustus ja kliiniline t\u00e4hendus<\/strong><\/p>\n\n\n\n<p>Tellija soovil v\u00e4ljastatakse VRE puudumist v\u00f5i olemasolu kinnitav t\u00f5end.<\/p>\n\n\n\n<p>Koostaja: Krista L\u00f5ivukene<br>Muudetud 24.11.2021<\/p>\n","protected":false},"excerpt":{"rendered":"<p>Mikrobioloogia osakond Anal\u00fc\u00fcsid: Vankom\u00fctsiiniresistentse Enterococcus sp. (VRE) k\u00fclv Vankom\u00fctsiin-resistentsus vanA ja vanB geenide alusel (paneel) Terminiga \u201cvankom\u00fctsiinresistentne enterokokk\u201d (VRE) t\u00e4histatakse enterokokkide t\u00fcvesid, mis on muutunud resistentseks vankom\u00fctsiini suhtes, ning on potentsiaalsed hospitaalinfektsiooni tekitajad. T\u00e4htsaimaks nakkusallikaks haiglatingimustes on VRE-ga koloniseeritud v\u00f5i infitseeritud patsient. VRE v\u00f5ib koloniseerida terveid inimesi, kelle k\u00e4te kaudu nakkus levib. Seet\u00f5ttu n\u00f5utakse m\u00f5nes [&hellip;]<\/p>\n","protected":false},"author":38,"featured_media":0,"parent":7292,"menu_order":29,"comment_status":"closed","ping_status":"closed","template":"","meta":{"_uag_custom_page_level_css":"","footnotes":""},"class_list":["post-13175","page","type-page","status-publish","hentry"],"acf":[],"yoast_head":"<!-- This site is optimized with the Yoast SEO plugin v27.3 - https:\/\/yoast.com\/product\/yoast-seo-wordpress\/ -->\n<title>Vankom\u00fctsiinresistentse enterokoki (VRE) kandluse uuring roojast - \u00dchendlabor<\/title>\n<meta name=\"robots\" content=\"index, follow, max-snippet:-1, max-image-preview:large, max-video-preview:-1\" \/>\n<link rel=\"canonical\" href=\"https:\/\/www.kliinikum.ee\/yhendlabor\/kasiraamat\/mikrobioloogilised-uuringud\/vankomutsiinresistentse-enterokoki-vre-kandluse-uuring-roojast\/\" \/>\n<meta property=\"og:locale\" content=\"et_EE\" \/>\n<meta property=\"og:type\" content=\"article\" \/>\n<meta property=\"og:title\" content=\"Vankom\u00fctsiinresistentse enterokoki (VRE) kandluse uuring roojast - \u00dchendlabor\" \/>\n<meta property=\"og:description\" content=\"Mikrobioloogia osakond Anal\u00fc\u00fcsid: Vankom\u00fctsiiniresistentse Enterococcus sp. (VRE) k\u00fclv Vankom\u00fctsiin-resistentsus vanA ja vanB geenide alusel (paneel) Terminiga \u201cvankom\u00fctsiinresistentne enterokokk\u201d (VRE) t\u00e4histatakse enterokokkide t\u00fcvesid, mis on muutunud resistentseks vankom\u00fctsiini suhtes, ning on potentsiaalsed hospitaalinfektsiooni tekitajad. T\u00e4htsaimaks nakkusallikaks haiglatingimustes on VRE-ga koloniseeritud v\u00f5i infitseeritud patsient. VRE v\u00f5ib koloniseerida terveid inimesi, kelle k\u00e4te kaudu nakkus levib. Seet\u00f5ttu n\u00f5utakse m\u00f5nes [&hellip;]\" \/>\n<meta property=\"og:url\" content=\"https:\/\/www.kliinikum.ee\/yhendlabor\/kasiraamat\/mikrobioloogilised-uuringud\/vankomutsiinresistentse-enterokoki-vre-kandluse-uuring-roojast\/\" \/>\n<meta property=\"og:site_name\" content=\"\u00dchendlabor\" \/>\n<meta property=\"article:modified_time\" content=\"2025-12-09T22:32:40+00:00\" \/>\n<meta name=\"twitter:card\" content=\"summary_large_image\" \/>\n<meta name=\"twitter:label1\" content=\"Est. reading time\" \/>\n\t<meta name=\"twitter:data1\" content=\"2 minutit\" \/>\n<script type=\"application\/ld+json\" class=\"yoast-schema-graph\">{\"@context\":\"https:\\\/\\\/schema.org\",\"@graph\":[{\"@type\":\"WebPage\",\"@id\":\"https:\\\/\\\/www.kliinikum.ee\\\/yhendlabor\\\/kasiraamat\\\/mikrobioloogilised-uuringud\\\/vankomutsiinresistentse-enterokoki-vre-kandluse-uuring-roojast\\\/\",\"url\":\"https:\\\/\\\/www.kliinikum.ee\\\/yhendlabor\\\/kasiraamat\\\/mikrobioloogilised-uuringud\\\/vankomutsiinresistentse-enterokoki-vre-kandluse-uuring-roojast\\\/\",\"name\":\"Vankom\u00fctsiinresistentse enterokoki (VRE) kandluse uuring roojast - \u00dchendlabor\",\"isPartOf\":{\"@id\":\"https:\\\/\\\/www.kliinikum.ee\\\/yhendlabor\\\/#website\"},\"datePublished\":\"2025-09-12T19:44:41+00:00\",\"dateModified\":\"2025-12-09T22:32:40+00:00\",\"breadcrumb\":{\"@id\":\"https:\\\/\\\/www.kliinikum.ee\\\/yhendlabor\\\/kasiraamat\\\/mikrobioloogilised-uuringud\\\/vankomutsiinresistentse-enterokoki-vre-kandluse-uuring-roojast\\\/#breadcrumb\"},\"inLanguage\":\"et\",\"potentialAction\":[{\"@type\":\"ReadAction\",\"target\":[\"https:\\\/\\\/www.kliinikum.ee\\\/yhendlabor\\\/kasiraamat\\\/mikrobioloogilised-uuringud\\\/vankomutsiinresistentse-enterokoki-vre-kandluse-uuring-roojast\\\/\"]}]},{\"@type\":\"BreadcrumbList\",\"@id\":\"https:\\\/\\\/www.kliinikum.ee\\\/yhendlabor\\\/kasiraamat\\\/mikrobioloogilised-uuringud\\\/vankomutsiinresistentse-enterokoki-vre-kandluse-uuring-roojast\\\/#breadcrumb\",\"itemListElement\":[{\"@type\":\"ListItem\",\"position\":1,\"name\":\"Home\",\"item\":\"https:\\\/\\\/www.kliinikum.ee\\\/yhendlabor\\\/\"},{\"@type\":\"ListItem\",\"position\":2,\"name\":\"K\u00e4siraamat\",\"item\":\"https:\\\/\\\/www.kliinikum.ee\\\/yhendlabor\\\/kasiraamat\\\/\"},{\"@type\":\"ListItem\",\"position\":3,\"name\":\"Mikrobioloogilised uuringud\",\"item\":\"https:\\\/\\\/www.kliinikum.ee\\\/yhendlabor\\\/kasiraamat\\\/mikrobioloogilised-uuringud\\\/\"},{\"@type\":\"ListItem\",\"position\":4,\"name\":\"Vankom\u00fctsiinresistentse enterokoki (VRE) kandluse uuring roojast\"}]},{\"@type\":\"WebSite\",\"@id\":\"https:\\\/\\\/www.kliinikum.ee\\\/yhendlabor\\\/#website\",\"url\":\"https:\\\/\\\/www.kliinikum.ee\\\/yhendlabor\\\/\",\"name\":\"\u00dchendlabor\",\"description\":\"Hoolivus, Uuendusmeelsus, P\u00e4devus ja Usaldusv\u00e4\u00e4rsus\",\"potentialAction\":[{\"@type\":\"SearchAction\",\"target\":{\"@type\":\"EntryPoint\",\"urlTemplate\":\"https:\\\/\\\/www.kliinikum.ee\\\/yhendlabor\\\/?s={search_term_string}\"},\"query-input\":{\"@type\":\"PropertyValueSpecification\",\"valueRequired\":true,\"valueName\":\"search_term_string\"}}],\"inLanguage\":\"et\"}]}<\/script>\n<!-- \/ Yoast SEO plugin. -->","yoast_head_json":{"title":"Vankom\u00fctsiinresistentse enterokoki (VRE) kandluse uuring roojast - \u00dchendlabor","robots":{"index":"index","follow":"follow","max-snippet":"max-snippet:-1","max-image-preview":"max-image-preview:large","max-video-preview":"max-video-preview:-1"},"canonical":"https:\/\/www.kliinikum.ee\/yhendlabor\/kasiraamat\/mikrobioloogilised-uuringud\/vankomutsiinresistentse-enterokoki-vre-kandluse-uuring-roojast\/","og_locale":"et_EE","og_type":"article","og_title":"Vankom\u00fctsiinresistentse enterokoki (VRE) kandluse uuring roojast - \u00dchendlabor","og_description":"Mikrobioloogia osakond Anal\u00fc\u00fcsid: Vankom\u00fctsiiniresistentse Enterococcus sp. (VRE) k\u00fclv Vankom\u00fctsiin-resistentsus vanA ja vanB geenide alusel (paneel) Terminiga \u201cvankom\u00fctsiinresistentne enterokokk\u201d (VRE) t\u00e4histatakse enterokokkide t\u00fcvesid, mis on muutunud resistentseks vankom\u00fctsiini suhtes, ning on potentsiaalsed hospitaalinfektsiooni tekitajad. T\u00e4htsaimaks nakkusallikaks haiglatingimustes on VRE-ga koloniseeritud v\u00f5i infitseeritud patsient. VRE v\u00f5ib koloniseerida terveid inimesi, kelle k\u00e4te kaudu nakkus levib. Seet\u00f5ttu n\u00f5utakse m\u00f5nes [&hellip;]","og_url":"https:\/\/www.kliinikum.ee\/yhendlabor\/kasiraamat\/mikrobioloogilised-uuringud\/vankomutsiinresistentse-enterokoki-vre-kandluse-uuring-roojast\/","og_site_name":"\u00dchendlabor","article_modified_time":"2025-12-09T22:32:40+00:00","twitter_card":"summary_large_image","twitter_misc":{"Est. reading time":"2 minutit"},"schema":{"@context":"https:\/\/schema.org","@graph":[{"@type":"WebPage","@id":"https:\/\/www.kliinikum.ee\/yhendlabor\/kasiraamat\/mikrobioloogilised-uuringud\/vankomutsiinresistentse-enterokoki-vre-kandluse-uuring-roojast\/","url":"https:\/\/www.kliinikum.ee\/yhendlabor\/kasiraamat\/mikrobioloogilised-uuringud\/vankomutsiinresistentse-enterokoki-vre-kandluse-uuring-roojast\/","name":"Vankom\u00fctsiinresistentse enterokoki (VRE) kandluse uuring roojast - \u00dchendlabor","isPartOf":{"@id":"https:\/\/www.kliinikum.ee\/yhendlabor\/#website"},"datePublished":"2025-09-12T19:44:41+00:00","dateModified":"2025-12-09T22:32:40+00:00","breadcrumb":{"@id":"https:\/\/www.kliinikum.ee\/yhendlabor\/kasiraamat\/mikrobioloogilised-uuringud\/vankomutsiinresistentse-enterokoki-vre-kandluse-uuring-roojast\/#breadcrumb"},"inLanguage":"et","potentialAction":[{"@type":"ReadAction","target":["https:\/\/www.kliinikum.ee\/yhendlabor\/kasiraamat\/mikrobioloogilised-uuringud\/vankomutsiinresistentse-enterokoki-vre-kandluse-uuring-roojast\/"]}]},{"@type":"BreadcrumbList","@id":"https:\/\/www.kliinikum.ee\/yhendlabor\/kasiraamat\/mikrobioloogilised-uuringud\/vankomutsiinresistentse-enterokoki-vre-kandluse-uuring-roojast\/#breadcrumb","itemListElement":[{"@type":"ListItem","position":1,"name":"Home","item":"https:\/\/www.kliinikum.ee\/yhendlabor\/"},{"@type":"ListItem","position":2,"name":"K\u00e4siraamat","item":"https:\/\/www.kliinikum.ee\/yhendlabor\/kasiraamat\/"},{"@type":"ListItem","position":3,"name":"Mikrobioloogilised uuringud","item":"https:\/\/www.kliinikum.ee\/yhendlabor\/kasiraamat\/mikrobioloogilised-uuringud\/"},{"@type":"ListItem","position":4,"name":"Vankom\u00fctsiinresistentse enterokoki (VRE) kandluse uuring roojast"}]},{"@type":"WebSite","@id":"https:\/\/www.kliinikum.ee\/yhendlabor\/#website","url":"https:\/\/www.kliinikum.ee\/yhendlabor\/","name":"\u00dchendlabor","description":"Hoolivus, Uuendusmeelsus, P\u00e4devus ja Usaldusv\u00e4\u00e4rsus","potentialAction":[{"@type":"SearchAction","target":{"@type":"EntryPoint","urlTemplate":"https:\/\/www.kliinikum.ee\/yhendlabor\/?s={search_term_string}"},"query-input":{"@type":"PropertyValueSpecification","valueRequired":true,"valueName":"search_term_string"}}],"inLanguage":"et"}]}},"uagb_featured_image_src":{"full":false,"thumbnail":false,"medium":false,"medium_large":false,"large":false,"1536x1536":false,"2048x2048":false},"uagb_author_info":{"display_name":"Kadi Siigur","author_link":"https:\/\/www.kliinikum.ee\/yhendlabor\/author\/kadisi\/"},"uagb_comment_info":0,"uagb_excerpt":"Mikrobioloogia osakond Anal\u00fc\u00fcsid: Vankom\u00fctsiiniresistentse Enterococcus sp. (VRE) k\u00fclv Vankom\u00fctsiin-resistentsus vanA ja vanB geenide alusel (paneel) Terminiga \u201cvankom\u00fctsiinresistentne enterokokk\u201d (VRE) t\u00e4histatakse enterokokkide t\u00fcvesid, mis on muutunud resistentseks vankom\u00fctsiini suhtes, ning on potentsiaalsed hospitaalinfektsiooni tekitajad. T\u00e4htsaimaks nakkusallikaks haiglatingimustes on VRE-ga koloniseeritud v\u00f5i infitseeritud patsient. VRE v\u00f5ib koloniseerida terveid inimesi, kelle k\u00e4te kaudu nakkus levib. Seet\u00f5ttu n\u00f5utakse m\u00f5nes&hellip;","_links":{"self":[{"href":"https:\/\/www.kliinikum.ee\/yhendlabor\/wp-json\/wp\/v2\/pages\/13175","targetHints":{"allow":["GET"]}}],"collection":[{"href":"https:\/\/www.kliinikum.ee\/yhendlabor\/wp-json\/wp\/v2\/pages"}],"about":[{"href":"https:\/\/www.kliinikum.ee\/yhendlabor\/wp-json\/wp\/v2\/types\/page"}],"author":[{"embeddable":true,"href":"https:\/\/www.kliinikum.ee\/yhendlabor\/wp-json\/wp\/v2\/users\/38"}],"replies":[{"embeddable":true,"href":"https:\/\/www.kliinikum.ee\/yhendlabor\/wp-json\/wp\/v2\/comments?post=13175"}],"version-history":[{"count":0,"href":"https:\/\/www.kliinikum.ee\/yhendlabor\/wp-json\/wp\/v2\/pages\/13175\/revisions"}],"up":[{"embeddable":true,"href":"https:\/\/www.kliinikum.ee\/yhendlabor\/wp-json\/wp\/v2\/pages\/7292"}],"wp:attachment":[{"href":"https:\/\/www.kliinikum.ee\/yhendlabor\/wp-json\/wp\/v2\/media?parent=13175"}],"curies":[{"name":"wp","href":"https:\/\/api.w.org\/{rel}","templated":true}]}}