{"id":13182,"date":"2025-09-12T22:03:44","date_gmt":"2025-09-12T20:03:44","guid":{"rendered":"https:\/\/www.kliinikum.ee\/yhendlabor\/?page_id=13182"},"modified":"2025-12-10T00:35:33","modified_gmt":"2025-12-09T22:35:33","slug":"veresoonekateetri-mikrobioloogiline-uuring","status":"publish","type":"page","link":"https:\/\/www.kliinikum.ee\/yhendlabor\/kasiraamat\/mikrobioloogilised-uuringud\/veresoonekateetri-mikrobioloogiline-uuring\/","title":{"rendered":"Veresoonekateetri mikrobioloogiline uuring"},"content":{"rendered":"\n<p><em>Mikrobioloogia osakond<\/em><\/p>\n\n\n\n<p><strong>Veresoonekateetreid <\/strong>v\u00f5ivad koloniseerida nahalt p\u00e4rinevad mikroobid ja olla infektsiooniallikaks. Seet\u00f5ttu tuleb veresoonekateetri k\u00fclvi hinnata ainult koos verek\u00fclvide tulemuste ja kliinilise pildiga. Kateetriga seotud infektsiooni saab diagnoosida, kui sama mikroorganism on isoleeritud nii kan\u00fc\u00fcli segmendilt kui ka verest ja muid infektsioonikoldeid ei leita. Sagedasemad kateetriga seotud infektsioonitekitajad on koagulaasnegatiivsed staf\u00fclokokid (eelk\u00f5ige <em>S. epidermidis<\/em>), <em>S. aureus<\/em> ja enterokokid, harvem gramnegatiivsed tekitajad.<\/p>\n\n\n\n<p class=\"has-medium-font-size\"><strong>Uuritav materjal, selle v\u00f5tmine, saatmine ja s\u00e4ilitamine<\/strong><\/p>\n\n\n\n<figure class=\"wp-block-table is-style-stripes\"><table width=\"100%\"><tbody><tr><td width=\"1%\"><\/td><td width=\"15%\"><strong>Proovin\u00f5u<\/strong><\/td><td width=\"84%\">Madal transpordis\u00f6\u00f6tmega katsuti<\/td><\/tr><tr><td><\/td><td><strong>S\u00e4ilivus<\/strong><\/td><td>+4 \u00b0C \u00fcks p\u00e4ev<\/td><\/tr><\/tbody><\/table><\/figure>\n\n\n\n<p>Enne kateetri eemaldamist puhastatakse \u00fcmbritsev nahk. Eemaldatud kateetrist l\u00f5igatakse steriilsete k\u00e4\u00e4ridega 3\u20134 cm pikkune t\u00fckk ja pannakse transpordis\u00f6\u00f6tmesse.<\/p>\n\n\n\n<p>Oluline on v\u00f5tta samaaegselt verek\u00fclvid.<\/p>\n\n\n\n<p class=\"has-medium-font-size\"><strong>Anal\u00fc\u00fcsi tegemise aeg:<\/strong> t\u00f6\u00f6p\u00e4eviti (esmask\u00fclvid ka n\u00e4dalavahetustel)<\/p>\n\n\n\n<p class=\"has-medium-font-size\"><strong>Anal\u00fc\u00fcsimeetod: <\/strong>k\u00fclv veriagarile poolkvantitatiivsel meetodil. Tekitaja samastamine ja ravimitundlikkuse m\u00e4\u00e4ramine. L\u00f5plik vastus: negatiivne 3. p\u00e4eval, positiivne 3.\u20135. p\u00e4eval.<\/p>\n\n\n\n<p class=\"has-medium-font-size\"><strong>N\u00e4idustus ja kliiniline t\u00e4hendus<\/strong><\/p>\n\n\n\n<p>Kateetriinfektsiooni kahtlus.<\/p>\n\n\n\n<p>Rohkem kui 15 PM\u00dc (pesa moodustav \u00fchik) on diagnostiline tiiter ja viitab v\u00f5imalikule infektsioonile.<\/p>\n\n\n\n<p>V\u00f5imalikud vead: proovi v\u00f5tmine antibakteriaalse ravi foonil, vead s\u00e4ilitamisel ja transpordil.<\/p>\n\n\n\n<p>Koostaja: Krista L\u00f5ivukene<br>Muudetud 08.02.2018<\/p>\n","protected":false},"excerpt":{"rendered":"<p>Mikrobioloogia osakond Veresoonekateetreid v\u00f5ivad koloniseerida nahalt p\u00e4rinevad mikroobid ja olla infektsiooniallikaks. Seet\u00f5ttu tuleb veresoonekateetri k\u00fclvi hinnata ainult koos verek\u00fclvide tulemuste ja kliinilise pildiga. Kateetriga seotud infektsiooni saab diagnoosida, kui sama mikroorganism on isoleeritud nii kan\u00fc\u00fcli segmendilt kui ka verest ja muid infektsioonikoldeid ei leita. Sagedasemad kateetriga seotud infektsioonitekitajad on koagulaasnegatiivsed staf\u00fclokokid (eelk\u00f5ige S. epidermidis), S. [&hellip;]<\/p>\n","protected":false},"author":38,"featured_media":0,"parent":7292,"menu_order":31,"comment_status":"closed","ping_status":"closed","template":"","meta":{"_uag_custom_page_level_css":"","footnotes":""},"class_list":["post-13182","page","type-page","status-publish","hentry"],"acf":[],"yoast_head":"<!-- This site is optimized with the Yoast SEO plugin v27.3 - https:\/\/yoast.com\/product\/yoast-seo-wordpress\/ -->\n<title>Veresoonekateetri mikrobioloogiline uuring - \u00dchendlabor<\/title>\n<meta name=\"robots\" content=\"index, follow, max-snippet:-1, max-image-preview:large, max-video-preview:-1\" \/>\n<link rel=\"canonical\" href=\"https:\/\/www.kliinikum.ee\/yhendlabor\/kasiraamat\/mikrobioloogilised-uuringud\/veresoonekateetri-mikrobioloogiline-uuring\/\" \/>\n<meta property=\"og:locale\" content=\"et_EE\" \/>\n<meta property=\"og:type\" content=\"article\" \/>\n<meta property=\"og:title\" content=\"Veresoonekateetri mikrobioloogiline uuring - \u00dchendlabor\" \/>\n<meta property=\"og:description\" content=\"Mikrobioloogia osakond Veresoonekateetreid v\u00f5ivad koloniseerida nahalt p\u00e4rinevad mikroobid ja olla infektsiooniallikaks. Seet\u00f5ttu tuleb veresoonekateetri k\u00fclvi hinnata ainult koos verek\u00fclvide tulemuste ja kliinilise pildiga. Kateetriga seotud infektsiooni saab diagnoosida, kui sama mikroorganism on isoleeritud nii kan\u00fc\u00fcli segmendilt kui ka verest ja muid infektsioonikoldeid ei leita. Sagedasemad kateetriga seotud infektsioonitekitajad on koagulaasnegatiivsed staf\u00fclokokid (eelk\u00f5ige S. epidermidis), S. [&hellip;]\" \/>\n<meta property=\"og:url\" content=\"https:\/\/www.kliinikum.ee\/yhendlabor\/kasiraamat\/mikrobioloogilised-uuringud\/veresoonekateetri-mikrobioloogiline-uuring\/\" \/>\n<meta property=\"og:site_name\" content=\"\u00dchendlabor\" \/>\n<meta property=\"article:modified_time\" content=\"2025-12-09T22:35:33+00:00\" \/>\n<meta name=\"twitter:card\" content=\"summary_large_image\" \/>\n<meta name=\"twitter:label1\" content=\"Est. reading time\" \/>\n\t<meta name=\"twitter:data1\" content=\"1 minut\" \/>\n<script type=\"application\/ld+json\" class=\"yoast-schema-graph\">{\"@context\":\"https:\\\/\\\/schema.org\",\"@graph\":[{\"@type\":\"WebPage\",\"@id\":\"https:\\\/\\\/www.kliinikum.ee\\\/yhendlabor\\\/kasiraamat\\\/mikrobioloogilised-uuringud\\\/veresoonekateetri-mikrobioloogiline-uuring\\\/\",\"url\":\"https:\\\/\\\/www.kliinikum.ee\\\/yhendlabor\\\/kasiraamat\\\/mikrobioloogilised-uuringud\\\/veresoonekateetri-mikrobioloogiline-uuring\\\/\",\"name\":\"Veresoonekateetri mikrobioloogiline uuring - \u00dchendlabor\",\"isPartOf\":{\"@id\":\"https:\\\/\\\/www.kliinikum.ee\\\/yhendlabor\\\/#website\"},\"datePublished\":\"2025-09-12T20:03:44+00:00\",\"dateModified\":\"2025-12-09T22:35:33+00:00\",\"breadcrumb\":{\"@id\":\"https:\\\/\\\/www.kliinikum.ee\\\/yhendlabor\\\/kasiraamat\\\/mikrobioloogilised-uuringud\\\/veresoonekateetri-mikrobioloogiline-uuring\\\/#breadcrumb\"},\"inLanguage\":\"et\",\"potentialAction\":[{\"@type\":\"ReadAction\",\"target\":[\"https:\\\/\\\/www.kliinikum.ee\\\/yhendlabor\\\/kasiraamat\\\/mikrobioloogilised-uuringud\\\/veresoonekateetri-mikrobioloogiline-uuring\\\/\"]}]},{\"@type\":\"BreadcrumbList\",\"@id\":\"https:\\\/\\\/www.kliinikum.ee\\\/yhendlabor\\\/kasiraamat\\\/mikrobioloogilised-uuringud\\\/veresoonekateetri-mikrobioloogiline-uuring\\\/#breadcrumb\",\"itemListElement\":[{\"@type\":\"ListItem\",\"position\":1,\"name\":\"Home\",\"item\":\"https:\\\/\\\/www.kliinikum.ee\\\/yhendlabor\\\/\"},{\"@type\":\"ListItem\",\"position\":2,\"name\":\"K\u00e4siraamat\",\"item\":\"https:\\\/\\\/www.kliinikum.ee\\\/yhendlabor\\\/kasiraamat\\\/\"},{\"@type\":\"ListItem\",\"position\":3,\"name\":\"Mikrobioloogilised uuringud\",\"item\":\"https:\\\/\\\/www.kliinikum.ee\\\/yhendlabor\\\/kasiraamat\\\/mikrobioloogilised-uuringud\\\/\"},{\"@type\":\"ListItem\",\"position\":4,\"name\":\"Veresoonekateetri mikrobioloogiline uuring\"}]},{\"@type\":\"WebSite\",\"@id\":\"https:\\\/\\\/www.kliinikum.ee\\\/yhendlabor\\\/#website\",\"url\":\"https:\\\/\\\/www.kliinikum.ee\\\/yhendlabor\\\/\",\"name\":\"\u00dchendlabor\",\"description\":\"Hoolivus, Uuendusmeelsus, P\u00e4devus ja Usaldusv\u00e4\u00e4rsus\",\"potentialAction\":[{\"@type\":\"SearchAction\",\"target\":{\"@type\":\"EntryPoint\",\"urlTemplate\":\"https:\\\/\\\/www.kliinikum.ee\\\/yhendlabor\\\/?s={search_term_string}\"},\"query-input\":{\"@type\":\"PropertyValueSpecification\",\"valueRequired\":true,\"valueName\":\"search_term_string\"}}],\"inLanguage\":\"et\"}]}<\/script>\n<!-- \/ Yoast SEO plugin. -->","yoast_head_json":{"title":"Veresoonekateetri mikrobioloogiline uuring - \u00dchendlabor","robots":{"index":"index","follow":"follow","max-snippet":"max-snippet:-1","max-image-preview":"max-image-preview:large","max-video-preview":"max-video-preview:-1"},"canonical":"https:\/\/www.kliinikum.ee\/yhendlabor\/kasiraamat\/mikrobioloogilised-uuringud\/veresoonekateetri-mikrobioloogiline-uuring\/","og_locale":"et_EE","og_type":"article","og_title":"Veresoonekateetri mikrobioloogiline uuring - \u00dchendlabor","og_description":"Mikrobioloogia osakond Veresoonekateetreid v\u00f5ivad koloniseerida nahalt p\u00e4rinevad mikroobid ja olla infektsiooniallikaks. Seet\u00f5ttu tuleb veresoonekateetri k\u00fclvi hinnata ainult koos verek\u00fclvide tulemuste ja kliinilise pildiga. Kateetriga seotud infektsiooni saab diagnoosida, kui sama mikroorganism on isoleeritud nii kan\u00fc\u00fcli segmendilt kui ka verest ja muid infektsioonikoldeid ei leita. Sagedasemad kateetriga seotud infektsioonitekitajad on koagulaasnegatiivsed staf\u00fclokokid (eelk\u00f5ige S. epidermidis), S. [&hellip;]","og_url":"https:\/\/www.kliinikum.ee\/yhendlabor\/kasiraamat\/mikrobioloogilised-uuringud\/veresoonekateetri-mikrobioloogiline-uuring\/","og_site_name":"\u00dchendlabor","article_modified_time":"2025-12-09T22:35:33+00:00","twitter_card":"summary_large_image","twitter_misc":{"Est. reading time":"1 minut"},"schema":{"@context":"https:\/\/schema.org","@graph":[{"@type":"WebPage","@id":"https:\/\/www.kliinikum.ee\/yhendlabor\/kasiraamat\/mikrobioloogilised-uuringud\/veresoonekateetri-mikrobioloogiline-uuring\/","url":"https:\/\/www.kliinikum.ee\/yhendlabor\/kasiraamat\/mikrobioloogilised-uuringud\/veresoonekateetri-mikrobioloogiline-uuring\/","name":"Veresoonekateetri mikrobioloogiline uuring - \u00dchendlabor","isPartOf":{"@id":"https:\/\/www.kliinikum.ee\/yhendlabor\/#website"},"datePublished":"2025-09-12T20:03:44+00:00","dateModified":"2025-12-09T22:35:33+00:00","breadcrumb":{"@id":"https:\/\/www.kliinikum.ee\/yhendlabor\/kasiraamat\/mikrobioloogilised-uuringud\/veresoonekateetri-mikrobioloogiline-uuring\/#breadcrumb"},"inLanguage":"et","potentialAction":[{"@type":"ReadAction","target":["https:\/\/www.kliinikum.ee\/yhendlabor\/kasiraamat\/mikrobioloogilised-uuringud\/veresoonekateetri-mikrobioloogiline-uuring\/"]}]},{"@type":"BreadcrumbList","@id":"https:\/\/www.kliinikum.ee\/yhendlabor\/kasiraamat\/mikrobioloogilised-uuringud\/veresoonekateetri-mikrobioloogiline-uuring\/#breadcrumb","itemListElement":[{"@type":"ListItem","position":1,"name":"Home","item":"https:\/\/www.kliinikum.ee\/yhendlabor\/"},{"@type":"ListItem","position":2,"name":"K\u00e4siraamat","item":"https:\/\/www.kliinikum.ee\/yhendlabor\/kasiraamat\/"},{"@type":"ListItem","position":3,"name":"Mikrobioloogilised uuringud","item":"https:\/\/www.kliinikum.ee\/yhendlabor\/kasiraamat\/mikrobioloogilised-uuringud\/"},{"@type":"ListItem","position":4,"name":"Veresoonekateetri mikrobioloogiline uuring"}]},{"@type":"WebSite","@id":"https:\/\/www.kliinikum.ee\/yhendlabor\/#website","url":"https:\/\/www.kliinikum.ee\/yhendlabor\/","name":"\u00dchendlabor","description":"Hoolivus, Uuendusmeelsus, P\u00e4devus ja Usaldusv\u00e4\u00e4rsus","potentialAction":[{"@type":"SearchAction","target":{"@type":"EntryPoint","urlTemplate":"https:\/\/www.kliinikum.ee\/yhendlabor\/?s={search_term_string}"},"query-input":{"@type":"PropertyValueSpecification","valueRequired":true,"valueName":"search_term_string"}}],"inLanguage":"et"}]}},"uagb_featured_image_src":{"full":false,"thumbnail":false,"medium":false,"medium_large":false,"large":false,"1536x1536":false,"2048x2048":false},"uagb_author_info":{"display_name":"Kadi Siigur","author_link":"https:\/\/www.kliinikum.ee\/yhendlabor\/author\/kadisi\/"},"uagb_comment_info":0,"uagb_excerpt":"Mikrobioloogia osakond Veresoonekateetreid v\u00f5ivad koloniseerida nahalt p\u00e4rinevad mikroobid ja olla infektsiooniallikaks. Seet\u00f5ttu tuleb veresoonekateetri k\u00fclvi hinnata ainult koos verek\u00fclvide tulemuste ja kliinilise pildiga. Kateetriga seotud infektsiooni saab diagnoosida, kui sama mikroorganism on isoleeritud nii kan\u00fc\u00fcli segmendilt kui ka verest ja muid infektsioonikoldeid ei leita. Sagedasemad kateetriga seotud infektsioonitekitajad on koagulaasnegatiivsed staf\u00fclokokid (eelk\u00f5ige S. epidermidis), S.&hellip;","_links":{"self":[{"href":"https:\/\/www.kliinikum.ee\/yhendlabor\/wp-json\/wp\/v2\/pages\/13182","targetHints":{"allow":["GET"]}}],"collection":[{"href":"https:\/\/www.kliinikum.ee\/yhendlabor\/wp-json\/wp\/v2\/pages"}],"about":[{"href":"https:\/\/www.kliinikum.ee\/yhendlabor\/wp-json\/wp\/v2\/types\/page"}],"author":[{"embeddable":true,"href":"https:\/\/www.kliinikum.ee\/yhendlabor\/wp-json\/wp\/v2\/users\/38"}],"replies":[{"embeddable":true,"href":"https:\/\/www.kliinikum.ee\/yhendlabor\/wp-json\/wp\/v2\/comments?post=13182"}],"version-history":[{"count":0,"href":"https:\/\/www.kliinikum.ee\/yhendlabor\/wp-json\/wp\/v2\/pages\/13182\/revisions"}],"up":[{"embeddable":true,"href":"https:\/\/www.kliinikum.ee\/yhendlabor\/wp-json\/wp\/v2\/pages\/7292"}],"wp:attachment":[{"href":"https:\/\/www.kliinikum.ee\/yhendlabor\/wp-json\/wp\/v2\/media?parent=13182"}],"curies":[{"name":"wp","href":"https:\/\/api.w.org\/{rel}","templated":true}]}}