{"id":13229,"date":"2025-09-28T11:25:58","date_gmt":"2025-09-28T09:25:58","guid":{"rendered":"https:\/\/www.kliinikum.ee\/yhendlabor\/?page_id=13229"},"modified":"2025-12-09T21:46:49","modified_gmt":"2025-12-09T19:46:49","slug":"alaniini-aminotransferaas-sp-alat","status":"publish","type":"page","link":"https:\/\/www.kliinikum.ee\/yhendlabor\/kasiraamat\/kliinilise-keemia-uuringud\/alaniini-aminotransferaas-sp-alat\/","title":{"rendered":"Alaniini aminotransferaas (S,P-ALAT)"},"content":{"rendered":"\n<p><em>Kliinilise keemia ja laboratoorse hematoloogia osakond<\/em><\/p>\n\n\n\n<p><strong>Alaniini aminotransferaas (ALAT)<\/strong> on ens\u00fc\u00fcm, mis katal\u00fc\u00fcsib aminor\u00fchma \u00fclekannet alaniini ja \u03b1-ketoglutaraadi vahel. ALAT esineb k\u00f5ige suuremas kontsentratsioonis maksa parenh\u00fc\u00fcmi rakkudes, v\u00e4hemal m\u00e4\u00e4ral neerudes, skeletilihastes, s\u00fcdamelihases, pankreases, p\u00f5rnas, kopsudes ja er\u00fctrots\u00fc\u00fctides.<\/p>\n\n\n\n<p class=\"has-medium-font-size\"><strong>Uuritav materjal, selle v\u00f5tmine, saatmine ja s\u00e4ilitamine<\/strong><\/p>\n\n\n\n<p><em>Proov ei tohi olla hemol\u00fc\u00fctiline!<\/em><\/p>\n\n\n\n<figure class=\"wp-block-table is-style-stripes\"><table width=\"100%\"><tbody><tr><td width=\"1%\"><\/td><td width=\"15%\"><strong>Katsuti<\/strong><\/td><td width=\"84%\">Geeli ja h\u00fc\u00fcbimisaktivaatoriga katsuti (punane kollase r\u00f5ngaga v\u00f5i kollane kork) v\u00f5i geeliga LH-katsuti (roheline kollase r\u00f5ngaga v\u00f5i heleroheline kork)<\/td><\/tr><tr><td><\/td><td><strong>S\u00e4ilivus<\/strong><\/td><td>Seerum\/plasma toatemperatuuril kolm p\u00e4eva, +4 \u00b0C \u00fcks n\u00e4dal, -70 \u00b0C pikemat aega<\/td><\/tr><\/tbody><\/table><\/figure>\n\n\n\n<p class=\"has-medium-font-size\"><strong>Anal\u00fc\u00fcsi tegemise aeg:<\/strong> \u00f6\u00f6p\u00e4evaringselt<\/p>\n\n\n\n<p class=\"has-medium-font-size\"><strong>Anal\u00fc\u00fcsimeetod: <\/strong>kineetiline fotomeetriline meetod<\/p>\n\n\n\n<p class=\"has-medium-font-size\"><strong>Referentsv\u00e4\u00e4rtused<\/strong><\/p>\n\n\n\n<figure class=\"wp-block-table\"><table width=\"100%\"><tbody><tr><td width=\"1%\"><\/td><td width=\"15%\"><strong>&lt; 1 a<\/strong><\/td><td width=\"15%\"><\/td><td width=\"69%\">&lt; 71 U\/L<\/td><\/tr><tr><td><\/td><td><strong>1 a \u2013 &lt; 4 a<\/strong><\/td><td><\/td><td>&lt; 31 U\/L<\/td><\/tr><tr><td><\/td><td><strong>4 a \u2013 &lt; 7 a<\/strong><\/td><td><\/td><td>&lt; 36 U\/L<\/td><\/tr><tr><td><\/td><td><strong>7 a \u2013 &lt; 13 a<\/strong><\/td><td><\/td><td>&lt; 44 U\/L<\/td><\/tr><tr><td><\/td><td><strong>13 a \u2013 &lt; 18 a<\/strong><\/td><td><\/td><td>&lt; 45 U\/L<\/td><\/tr><tr><td><\/td><td><strong>\u2265 18 a<\/strong><\/td><td><strong>M<\/strong><\/td><td>&lt; 50 U\/L<\/td><\/tr><tr><td><\/td><td><\/td><td><strong>N<\/strong><\/td><td>&lt; 35 U\/L<\/td><\/tr><\/tbody><\/table><\/figure>\n\n\n\n<p class=\"has-medium-font-size\"><strong>N\u00e4idustus ja kliiniline t\u00e4hendus<\/strong><\/p>\n\n\n\n<p>Kahtlus maksakahjustusele.<\/p>\n\n\n\n<p>ALAT aktiivsuse suurenemine v\u00f5ib esineda igasuguse maksakahjustuse korral. Enamasti on maksakahjustuse korral ALAT aktiivsus suurenenud enam kui ASAT aktiivsus (erandiks v\u00f5ivad olla alkohoolne hepatiit, maksatsirroos ning maksakasvajad).<\/p>\n\n\n\n<p>V\u00e4ljendunud ALAT aktiivsuse suurenemine (10\u2013100 kordne) esineb \u00e4gedate viirus- v\u00f5i toksiliste hepatiitide puhul (nt paratsetamoolim\u00fcrgistus), samuti v\u00e4ljendunud kudede h\u00fcpoksia korral. Viirushepatiitide ja maksa nekroosiga seotud seisundite puhul tekib ALAT aktiivsuse t\u00f5us juba preikteerilises faasis.<\/p>\n\n\n\n<p>M\u00f5\u00f5dukas ALAT aktiivsuse suurenemine (kuni 10-kordne) v\u00f5ib esineda maksatsirroosi, kolestaasi, kroonilise hepatiidi, autoimmuunsete maksahaiguste, alkohoolse hepatiidi, mittealkohoolse steatohepatiidi, maksakasvajate, \u03b1<sub>1<\/sub>-antitr\u00fcpsiini defitsiidi, hemokromatoosi, Wilsoni t\u00f5ve, infektsioosse mononukleoosi ja skeletilihaste haiguste puhul, samuti trauma- v\u00f5i operatsioonij\u00e4rgselt ning m\u00f5ningate ravimite tarvitamisel.<\/p>\n\n\n\n<p>ALAT aktiivsuse t\u00f5us esineb ka nii <em>in vivo<\/em> kui <em>in vitro<\/em> hemol\u00fc\u00fcsi korral.<\/p>\n\n\n\n<p>Sulfasalasiin ja sulfap\u00fcridiin v\u00f5ivad p\u00f5hjustada eba\u00f5igeid ALAT tulemusi.<\/p>\n\n\n\n<p>Koostaja: Katrin Reimand<br>Muudetud 24.08.2016<\/p>\n\n\n\n<p><\/p>\n","protected":false},"excerpt":{"rendered":"<p>Kliinilise keemia ja laboratoorse hematoloogia osakond Alaniini aminotransferaas (ALAT) on ens\u00fc\u00fcm, mis katal\u00fc\u00fcsib aminor\u00fchma \u00fclekannet alaniini ja \u03b1-ketoglutaraadi vahel. ALAT esineb k\u00f5ige suuremas kontsentratsioonis maksa parenh\u00fc\u00fcmi rakkudes, v\u00e4hemal m\u00e4\u00e4ral neerudes, skeletilihastes, s\u00fcdamelihases, pankreases, p\u00f5rnas, kopsudes ja er\u00fctrots\u00fc\u00fctides. Uuritav materjal, selle v\u00f5tmine, saatmine ja s\u00e4ilitamine Proov ei tohi olla hemol\u00fc\u00fctiline! Katsuti Geeli ja h\u00fc\u00fcbimisaktivaatoriga katsuti (punane [&hellip;]<\/p>\n","protected":false},"author":38,"featured_media":0,"parent":7286,"menu_order":1,"comment_status":"closed","ping_status":"closed","template":"","meta":{"_uag_custom_page_level_css":"","footnotes":""},"class_list":["post-13229","page","type-page","status-publish","hentry"],"acf":[],"yoast_head":"<!-- This site is optimized with the Yoast SEO plugin v27.3 - https:\/\/yoast.com\/product\/yoast-seo-wordpress\/ -->\n<title>Alaniini aminotransferaas (S,P-ALAT) - \u00dchendlabor<\/title>\n<meta name=\"robots\" content=\"index, follow, max-snippet:-1, max-image-preview:large, max-video-preview:-1\" \/>\n<link rel=\"canonical\" href=\"https:\/\/www.kliinikum.ee\/yhendlabor\/kasiraamat\/kliinilise-keemia-uuringud\/alaniini-aminotransferaas-sp-alat\/\" \/>\n<meta property=\"og:locale\" content=\"et_EE\" \/>\n<meta property=\"og:type\" content=\"article\" \/>\n<meta property=\"og:title\" content=\"Alaniini aminotransferaas (S,P-ALAT) - \u00dchendlabor\" \/>\n<meta property=\"og:description\" content=\"Kliinilise keemia ja laboratoorse hematoloogia osakond Alaniini aminotransferaas (ALAT) on ens\u00fc\u00fcm, mis katal\u00fc\u00fcsib aminor\u00fchma \u00fclekannet alaniini ja \u03b1-ketoglutaraadi vahel. ALAT esineb k\u00f5ige suuremas kontsentratsioonis maksa parenh\u00fc\u00fcmi rakkudes, v\u00e4hemal m\u00e4\u00e4ral neerudes, skeletilihastes, s\u00fcdamelihases, pankreases, p\u00f5rnas, kopsudes ja er\u00fctrots\u00fc\u00fctides. Uuritav materjal, selle v\u00f5tmine, saatmine ja s\u00e4ilitamine Proov ei tohi olla hemol\u00fc\u00fctiline! Katsuti Geeli ja h\u00fc\u00fcbimisaktivaatoriga katsuti (punane [&hellip;]\" \/>\n<meta property=\"og:url\" content=\"https:\/\/www.kliinikum.ee\/yhendlabor\/kasiraamat\/kliinilise-keemia-uuringud\/alaniini-aminotransferaas-sp-alat\/\" \/>\n<meta property=\"og:site_name\" content=\"\u00dchendlabor\" \/>\n<meta property=\"article:modified_time\" content=\"2025-12-09T19:46:49+00:00\" \/>\n<meta name=\"twitter:card\" content=\"summary_large_image\" \/>\n<meta name=\"twitter:label1\" content=\"Est. reading time\" \/>\n\t<meta name=\"twitter:data1\" content=\"2 minutit\" \/>\n<script type=\"application\/ld+json\" class=\"yoast-schema-graph\">{\"@context\":\"https:\\\/\\\/schema.org\",\"@graph\":[{\"@type\":\"WebPage\",\"@id\":\"https:\\\/\\\/www.kliinikum.ee\\\/yhendlabor\\\/kasiraamat\\\/kliinilise-keemia-uuringud\\\/alaniini-aminotransferaas-sp-alat\\\/\",\"url\":\"https:\\\/\\\/www.kliinikum.ee\\\/yhendlabor\\\/kasiraamat\\\/kliinilise-keemia-uuringud\\\/alaniini-aminotransferaas-sp-alat\\\/\",\"name\":\"Alaniini aminotransferaas (S,P-ALAT) - \u00dchendlabor\",\"isPartOf\":{\"@id\":\"https:\\\/\\\/www.kliinikum.ee\\\/yhendlabor\\\/#website\"},\"datePublished\":\"2025-09-28T09:25:58+00:00\",\"dateModified\":\"2025-12-09T19:46:49+00:00\",\"breadcrumb\":{\"@id\":\"https:\\\/\\\/www.kliinikum.ee\\\/yhendlabor\\\/kasiraamat\\\/kliinilise-keemia-uuringud\\\/alaniini-aminotransferaas-sp-alat\\\/#breadcrumb\"},\"inLanguage\":\"et\",\"potentialAction\":[{\"@type\":\"ReadAction\",\"target\":[\"https:\\\/\\\/www.kliinikum.ee\\\/yhendlabor\\\/kasiraamat\\\/kliinilise-keemia-uuringud\\\/alaniini-aminotransferaas-sp-alat\\\/\"]}]},{\"@type\":\"BreadcrumbList\",\"@id\":\"https:\\\/\\\/www.kliinikum.ee\\\/yhendlabor\\\/kasiraamat\\\/kliinilise-keemia-uuringud\\\/alaniini-aminotransferaas-sp-alat\\\/#breadcrumb\",\"itemListElement\":[{\"@type\":\"ListItem\",\"position\":1,\"name\":\"Home\",\"item\":\"https:\\\/\\\/www.kliinikum.ee\\\/yhendlabor\\\/\"},{\"@type\":\"ListItem\",\"position\":2,\"name\":\"K\u00e4siraamat\",\"item\":\"https:\\\/\\\/www.kliinikum.ee\\\/yhendlabor\\\/kasiraamat\\\/\"},{\"@type\":\"ListItem\",\"position\":3,\"name\":\"Kliinilise keemia uuringud\",\"item\":\"https:\\\/\\\/www.kliinikum.ee\\\/yhendlabor\\\/kasiraamat\\\/kliinilise-keemia-uuringud\\\/\"},{\"@type\":\"ListItem\",\"position\":4,\"name\":\"Alaniini aminotransferaas (S,P-ALAT)\"}]},{\"@type\":\"WebSite\",\"@id\":\"https:\\\/\\\/www.kliinikum.ee\\\/yhendlabor\\\/#website\",\"url\":\"https:\\\/\\\/www.kliinikum.ee\\\/yhendlabor\\\/\",\"name\":\"\u00dchendlabor\",\"description\":\"Hoolivus, Uuendusmeelsus, P\u00e4devus ja Usaldusv\u00e4\u00e4rsus\",\"potentialAction\":[{\"@type\":\"SearchAction\",\"target\":{\"@type\":\"EntryPoint\",\"urlTemplate\":\"https:\\\/\\\/www.kliinikum.ee\\\/yhendlabor\\\/?s={search_term_string}\"},\"query-input\":{\"@type\":\"PropertyValueSpecification\",\"valueRequired\":true,\"valueName\":\"search_term_string\"}}],\"inLanguage\":\"et\"}]}<\/script>\n<!-- \/ Yoast SEO plugin. -->","yoast_head_json":{"title":"Alaniini aminotransferaas (S,P-ALAT) - \u00dchendlabor","robots":{"index":"index","follow":"follow","max-snippet":"max-snippet:-1","max-image-preview":"max-image-preview:large","max-video-preview":"max-video-preview:-1"},"canonical":"https:\/\/www.kliinikum.ee\/yhendlabor\/kasiraamat\/kliinilise-keemia-uuringud\/alaniini-aminotransferaas-sp-alat\/","og_locale":"et_EE","og_type":"article","og_title":"Alaniini aminotransferaas (S,P-ALAT) - \u00dchendlabor","og_description":"Kliinilise keemia ja laboratoorse hematoloogia osakond Alaniini aminotransferaas (ALAT) on ens\u00fc\u00fcm, mis katal\u00fc\u00fcsib aminor\u00fchma \u00fclekannet alaniini ja \u03b1-ketoglutaraadi vahel. ALAT esineb k\u00f5ige suuremas kontsentratsioonis maksa parenh\u00fc\u00fcmi rakkudes, v\u00e4hemal m\u00e4\u00e4ral neerudes, skeletilihastes, s\u00fcdamelihases, pankreases, p\u00f5rnas, kopsudes ja er\u00fctrots\u00fc\u00fctides. Uuritav materjal, selle v\u00f5tmine, saatmine ja s\u00e4ilitamine Proov ei tohi olla hemol\u00fc\u00fctiline! Katsuti Geeli ja h\u00fc\u00fcbimisaktivaatoriga katsuti (punane [&hellip;]","og_url":"https:\/\/www.kliinikum.ee\/yhendlabor\/kasiraamat\/kliinilise-keemia-uuringud\/alaniini-aminotransferaas-sp-alat\/","og_site_name":"\u00dchendlabor","article_modified_time":"2025-12-09T19:46:49+00:00","twitter_card":"summary_large_image","twitter_misc":{"Est. reading time":"2 minutit"},"schema":{"@context":"https:\/\/schema.org","@graph":[{"@type":"WebPage","@id":"https:\/\/www.kliinikum.ee\/yhendlabor\/kasiraamat\/kliinilise-keemia-uuringud\/alaniini-aminotransferaas-sp-alat\/","url":"https:\/\/www.kliinikum.ee\/yhendlabor\/kasiraamat\/kliinilise-keemia-uuringud\/alaniini-aminotransferaas-sp-alat\/","name":"Alaniini aminotransferaas (S,P-ALAT) - \u00dchendlabor","isPartOf":{"@id":"https:\/\/www.kliinikum.ee\/yhendlabor\/#website"},"datePublished":"2025-09-28T09:25:58+00:00","dateModified":"2025-12-09T19:46:49+00:00","breadcrumb":{"@id":"https:\/\/www.kliinikum.ee\/yhendlabor\/kasiraamat\/kliinilise-keemia-uuringud\/alaniini-aminotransferaas-sp-alat\/#breadcrumb"},"inLanguage":"et","potentialAction":[{"@type":"ReadAction","target":["https:\/\/www.kliinikum.ee\/yhendlabor\/kasiraamat\/kliinilise-keemia-uuringud\/alaniini-aminotransferaas-sp-alat\/"]}]},{"@type":"BreadcrumbList","@id":"https:\/\/www.kliinikum.ee\/yhendlabor\/kasiraamat\/kliinilise-keemia-uuringud\/alaniini-aminotransferaas-sp-alat\/#breadcrumb","itemListElement":[{"@type":"ListItem","position":1,"name":"Home","item":"https:\/\/www.kliinikum.ee\/yhendlabor\/"},{"@type":"ListItem","position":2,"name":"K\u00e4siraamat","item":"https:\/\/www.kliinikum.ee\/yhendlabor\/kasiraamat\/"},{"@type":"ListItem","position":3,"name":"Kliinilise keemia uuringud","item":"https:\/\/www.kliinikum.ee\/yhendlabor\/kasiraamat\/kliinilise-keemia-uuringud\/"},{"@type":"ListItem","position":4,"name":"Alaniini aminotransferaas (S,P-ALAT)"}]},{"@type":"WebSite","@id":"https:\/\/www.kliinikum.ee\/yhendlabor\/#website","url":"https:\/\/www.kliinikum.ee\/yhendlabor\/","name":"\u00dchendlabor","description":"Hoolivus, Uuendusmeelsus, P\u00e4devus ja Usaldusv\u00e4\u00e4rsus","potentialAction":[{"@type":"SearchAction","target":{"@type":"EntryPoint","urlTemplate":"https:\/\/www.kliinikum.ee\/yhendlabor\/?s={search_term_string}"},"query-input":{"@type":"PropertyValueSpecification","valueRequired":true,"valueName":"search_term_string"}}],"inLanguage":"et"}]}},"uagb_featured_image_src":{"full":false,"thumbnail":false,"medium":false,"medium_large":false,"large":false,"1536x1536":false,"2048x2048":false},"uagb_author_info":{"display_name":"Kadi Siigur","author_link":"https:\/\/www.kliinikum.ee\/yhendlabor\/author\/kadisi\/"},"uagb_comment_info":0,"uagb_excerpt":"Kliinilise keemia ja laboratoorse hematoloogia osakond Alaniini aminotransferaas (ALAT) on ens\u00fc\u00fcm, mis katal\u00fc\u00fcsib aminor\u00fchma \u00fclekannet alaniini ja \u03b1-ketoglutaraadi vahel. ALAT esineb k\u00f5ige suuremas kontsentratsioonis maksa parenh\u00fc\u00fcmi rakkudes, v\u00e4hemal m\u00e4\u00e4ral neerudes, skeletilihastes, s\u00fcdamelihases, pankreases, p\u00f5rnas, kopsudes ja er\u00fctrots\u00fc\u00fctides. Uuritav materjal, selle v\u00f5tmine, saatmine ja s\u00e4ilitamine Proov ei tohi olla hemol\u00fc\u00fctiline! Katsuti Geeli ja h\u00fc\u00fcbimisaktivaatoriga katsuti (punane&hellip;","_links":{"self":[{"href":"https:\/\/www.kliinikum.ee\/yhendlabor\/wp-json\/wp\/v2\/pages\/13229","targetHints":{"allow":["GET"]}}],"collection":[{"href":"https:\/\/www.kliinikum.ee\/yhendlabor\/wp-json\/wp\/v2\/pages"}],"about":[{"href":"https:\/\/www.kliinikum.ee\/yhendlabor\/wp-json\/wp\/v2\/types\/page"}],"author":[{"embeddable":true,"href":"https:\/\/www.kliinikum.ee\/yhendlabor\/wp-json\/wp\/v2\/users\/38"}],"replies":[{"embeddable":true,"href":"https:\/\/www.kliinikum.ee\/yhendlabor\/wp-json\/wp\/v2\/comments?post=13229"}],"version-history":[{"count":0,"href":"https:\/\/www.kliinikum.ee\/yhendlabor\/wp-json\/wp\/v2\/pages\/13229\/revisions"}],"up":[{"embeddable":true,"href":"https:\/\/www.kliinikum.ee\/yhendlabor\/wp-json\/wp\/v2\/pages\/7286"}],"wp:attachment":[{"href":"https:\/\/www.kliinikum.ee\/yhendlabor\/wp-json\/wp\/v2\/media?parent=13229"}],"curies":[{"name":"wp","href":"https:\/\/api.w.org\/{rel}","templated":true}]}}