{"id":13232,"date":"2025-09-28T11:33:19","date_gmt":"2025-09-28T09:33:19","guid":{"rendered":"https:\/\/www.kliinikum.ee\/yhendlabor\/?page_id=13232"},"modified":"2025-12-09T21:49:15","modified_gmt":"2025-12-09T19:49:15","slug":"albumiin-sp-alb","status":"publish","type":"page","link":"https:\/\/www.kliinikum.ee\/yhendlabor\/kasiraamat\/kliinilise-keemia-uuringud\/albumiin-sp-alb\/","title":{"rendered":"Albumiin (S,P-Alb)"},"content":{"rendered":"\n<p><em>Kliinilise keemia ja laboratoorse hematoloogia osakond<\/em><\/p>\n\n\n\n<p><strong>Albumiin <\/strong>on maksas s\u00fcnteesitav ja kvantitatiivselt k\u00f5ige olulisem plasmavalk, moodustades umbes 60% valgu \u00fcldhulgast. Ta on plasma onkootse r\u00f5hu peamine hoidja ja seega osaleb vedeliku jaotuses intra- ning ekstravaskulaarse ruumi vahel. Albumiin on paljude ainete (kaltsium, vabad rasvhapped, aminohapped, bilirubiin, hormoonid) ja mitmete ravimite transportvalk. Albumiini kontsentratsioon plasmas s\u00f5ltub tema s\u00fcnteesi, lagundamise ja eritumise kiiruse vahekordadest, samuti ka jaotusest ekstra- ja intratsellulaarse ruumi vahel.<\/p>\n\n\n\n<p class=\"has-medium-font-size\"><strong>Uuritav materjal, selle v\u00f5tmine, saatmine ja s\u00e4ilitamine<\/strong><\/p>\n\n\n\n<p><em>Proov ei tohi olla hemol\u00fc\u00fctiline!<\/em><\/p>\n\n\n\n<figure class=\"wp-block-table is-style-stripes\"><table width=\"100%\"><tbody><tr><td width=\"1%\"><\/td><td width=\"15%\"><strong>Katsuti<\/strong><\/td><td width=\"84%\">Geeli ja h\u00fc\u00fcbimisaktivaatoriga katsuti (punane kollase r\u00f5ngaga v\u00f5i kollane kork) v\u00f5i geeliga LH-katsuti (roheline kollase r\u00f5ngaga v\u00f5i heleroheline kork)<\/td><\/tr><tr><td><\/td><td><strong>S\u00e4ilivus<\/strong><\/td><td>Seerum\/plasma toatemperatuuril 2,5 kuud, +4 \u00b0C viis kuud, -20 \u00b0C neli kuud<\/td><\/tr><\/tbody><\/table><\/figure>\n\n\n\n<p class=\"has-medium-font-size\"><strong>Anal\u00fc\u00fcsi tegemise aeg: <\/strong>\u00f6\u00f6p\u00e4evaringselt<\/p>\n\n\n\n<p class=\"has-medium-font-size\"><strong>Anal\u00fc\u00fcsimeetod: <\/strong>kolorimeetriline meetod<\/p>\n\n\n\n<p class=\"has-medium-font-size\"><strong>Referentsv\u00e4\u00e4rtused<\/strong><\/p>\n\n\n\n<figure class=\"wp-block-table\"><table width=\"100%\"><tbody><tr><td width=\"1%\"><\/td><td width=\"30%\"><strong>&lt; 4 p<\/strong><\/td><td width=\"69%\">28\u201344 g\/L<\/td><\/tr><tr><td><\/td><td><strong>4 p \u2013 &lt; 14 a<\/strong><\/td><td>38\u201354 g\/L<\/td><\/tr><tr><td><\/td><td><strong>14 a \u2013 &lt; 18 a<\/strong><\/td><td>32\u201345 g\/L<\/td><\/tr><tr><td><\/td><td><strong>\u2265 18 a<\/strong><\/td><td>35\u201352 g\/L<\/td><\/tr><\/tbody><\/table><\/figure>\n\n\n\n<p class=\"has-medium-font-size\"><strong>N\u00e4idustus ja kliiniline t\u00e4hendus<\/strong><\/p>\n\n\n\n<p>Onkootse r\u00f5hu ja h\u00fcdratatsioonitaseme hindamine. Ebaselge geneesiga tursed. Maksa s\u00fcnteesiv\u00f5ime hindamine. Valgukaotuse hindamine enteropaatiate, nefrootilise s\u00fcndroomi korral.<\/p>\n\n\n\n<p><em>H\u00fcperalbumineemia p\u00f5hjused:<\/em><\/p>\n\n\n\n<ul class=\"wp-block-list\">\n<li>deh\u00fcdratatsioon, kaasneb ka teiste plasmavalkude taseme t\u00f5us;<\/li>\n\n\n\n<li>albumiini \u00fclemanustamine infusiooniga;<\/li>\n\n\n\n<li>artefakt (n\u00e4iteks vereproovi v\u00f5tmisel tekkinud venoosse staasi tagaj\u00e4rjel).<\/li>\n<\/ul>\n\n\n\n<p><em>H\u00fcpoalbumineemia p\u00f5hjused:<\/em><\/p>\n\n\n\n<ul class=\"wp-block-list\">\n<li>v\u00e4henenud s\u00fcntees (alatoitumus, malabsorptsioon, p\u00f5letikureaktsioon, maksakahjustus);<\/li>\n\n\n\n<li>suurenenud katabolism (trauma, sepsis, k\u00f5rge palavik, pahaloomulised kasvajad, h\u00fcpert\u00fcreoos, preeklampsia);<\/li>\n\n\n\n<li>suuremate albumiinihulkade \u00fcmberpaigutus v\u00f5i kaotus rakuv\u00e4lisesse ruumi krooniliste maksahaiguste v\u00f5i raske s\u00fcdamepuudulikkuse, samuti kapillaaride permeaabelsuse suurenemise korral, tingituna septitseemiast v\u00f5i h\u00fcpoksiast;<\/li>\n\n\n\n<li>suurenenud kaotus neerude (nefrootiline s\u00fcndroom), naha (p\u00f5letused) v\u00f5i seedetrakti (enteropaatiad) kaudu.<\/li>\n<\/ul>\n\n\n\n<p>Koostaja: Kaja Vaagen<br>Muudetud 18.01.2023<\/p>\n","protected":false},"excerpt":{"rendered":"<p>Kliinilise keemia ja laboratoorse hematoloogia osakond Albumiin on maksas s\u00fcnteesitav ja kvantitatiivselt k\u00f5ige olulisem plasmavalk, moodustades umbes 60% valgu \u00fcldhulgast. Ta on plasma onkootse r\u00f5hu peamine hoidja ja seega osaleb vedeliku jaotuses intra- ning ekstravaskulaarse ruumi vahel. Albumiin on paljude ainete (kaltsium, vabad rasvhapped, aminohapped, bilirubiin, hormoonid) ja mitmete ravimite transportvalk. Albumiini kontsentratsioon plasmas s\u00f5ltub [&hellip;]<\/p>\n","protected":false},"author":38,"featured_media":0,"parent":7286,"menu_order":2,"comment_status":"closed","ping_status":"closed","template":"","meta":{"_uag_custom_page_level_css":"","footnotes":""},"class_list":["post-13232","page","type-page","status-publish","hentry"],"acf":[],"yoast_head":"<!-- This site is optimized with the Yoast SEO plugin v27.3 - https:\/\/yoast.com\/product\/yoast-seo-wordpress\/ -->\n<title>Albumiin (S,P-Alb) - \u00dchendlabor<\/title>\n<meta name=\"robots\" content=\"index, follow, max-snippet:-1, max-image-preview:large, max-video-preview:-1\" \/>\n<link rel=\"canonical\" href=\"https:\/\/www.kliinikum.ee\/yhendlabor\/kasiraamat\/kliinilise-keemia-uuringud\/albumiin-sp-alb\/\" \/>\n<meta property=\"og:locale\" content=\"et_EE\" \/>\n<meta property=\"og:type\" content=\"article\" \/>\n<meta property=\"og:title\" content=\"Albumiin (S,P-Alb) - \u00dchendlabor\" \/>\n<meta property=\"og:description\" content=\"Kliinilise keemia ja laboratoorse hematoloogia osakond Albumiin on maksas s\u00fcnteesitav ja kvantitatiivselt k\u00f5ige olulisem plasmavalk, moodustades umbes 60% valgu \u00fcldhulgast. Ta on plasma onkootse r\u00f5hu peamine hoidja ja seega osaleb vedeliku jaotuses intra- ning ekstravaskulaarse ruumi vahel. Albumiin on paljude ainete (kaltsium, vabad rasvhapped, aminohapped, bilirubiin, hormoonid) ja mitmete ravimite transportvalk. Albumiini kontsentratsioon plasmas s\u00f5ltub [&hellip;]\" \/>\n<meta property=\"og:url\" content=\"https:\/\/www.kliinikum.ee\/yhendlabor\/kasiraamat\/kliinilise-keemia-uuringud\/albumiin-sp-alb\/\" \/>\n<meta property=\"og:site_name\" content=\"\u00dchendlabor\" \/>\n<meta property=\"article:modified_time\" content=\"2025-12-09T19:49:15+00:00\" \/>\n<meta name=\"twitter:card\" content=\"summary_large_image\" \/>\n<meta name=\"twitter:label1\" content=\"Est. reading time\" \/>\n\t<meta name=\"twitter:data1\" content=\"2 minutit\" \/>\n<script type=\"application\/ld+json\" class=\"yoast-schema-graph\">{\"@context\":\"https:\\\/\\\/schema.org\",\"@graph\":[{\"@type\":\"WebPage\",\"@id\":\"https:\\\/\\\/www.kliinikum.ee\\\/yhendlabor\\\/kasiraamat\\\/kliinilise-keemia-uuringud\\\/albumiin-sp-alb\\\/\",\"url\":\"https:\\\/\\\/www.kliinikum.ee\\\/yhendlabor\\\/kasiraamat\\\/kliinilise-keemia-uuringud\\\/albumiin-sp-alb\\\/\",\"name\":\"Albumiin (S,P-Alb) - \u00dchendlabor\",\"isPartOf\":{\"@id\":\"https:\\\/\\\/www.kliinikum.ee\\\/yhendlabor\\\/#website\"},\"datePublished\":\"2025-09-28T09:33:19+00:00\",\"dateModified\":\"2025-12-09T19:49:15+00:00\",\"breadcrumb\":{\"@id\":\"https:\\\/\\\/www.kliinikum.ee\\\/yhendlabor\\\/kasiraamat\\\/kliinilise-keemia-uuringud\\\/albumiin-sp-alb\\\/#breadcrumb\"},\"inLanguage\":\"et\",\"potentialAction\":[{\"@type\":\"ReadAction\",\"target\":[\"https:\\\/\\\/www.kliinikum.ee\\\/yhendlabor\\\/kasiraamat\\\/kliinilise-keemia-uuringud\\\/albumiin-sp-alb\\\/\"]}]},{\"@type\":\"BreadcrumbList\",\"@id\":\"https:\\\/\\\/www.kliinikum.ee\\\/yhendlabor\\\/kasiraamat\\\/kliinilise-keemia-uuringud\\\/albumiin-sp-alb\\\/#breadcrumb\",\"itemListElement\":[{\"@type\":\"ListItem\",\"position\":1,\"name\":\"Home\",\"item\":\"https:\\\/\\\/www.kliinikum.ee\\\/yhendlabor\\\/\"},{\"@type\":\"ListItem\",\"position\":2,\"name\":\"K\u00e4siraamat\",\"item\":\"https:\\\/\\\/www.kliinikum.ee\\\/yhendlabor\\\/kasiraamat\\\/\"},{\"@type\":\"ListItem\",\"position\":3,\"name\":\"Kliinilise keemia uuringud\",\"item\":\"https:\\\/\\\/www.kliinikum.ee\\\/yhendlabor\\\/kasiraamat\\\/kliinilise-keemia-uuringud\\\/\"},{\"@type\":\"ListItem\",\"position\":4,\"name\":\"Albumiin (S,P-Alb)\"}]},{\"@type\":\"WebSite\",\"@id\":\"https:\\\/\\\/www.kliinikum.ee\\\/yhendlabor\\\/#website\",\"url\":\"https:\\\/\\\/www.kliinikum.ee\\\/yhendlabor\\\/\",\"name\":\"\u00dchendlabor\",\"description\":\"Hoolivus, Uuendusmeelsus, P\u00e4devus ja Usaldusv\u00e4\u00e4rsus\",\"potentialAction\":[{\"@type\":\"SearchAction\",\"target\":{\"@type\":\"EntryPoint\",\"urlTemplate\":\"https:\\\/\\\/www.kliinikum.ee\\\/yhendlabor\\\/?s={search_term_string}\"},\"query-input\":{\"@type\":\"PropertyValueSpecification\",\"valueRequired\":true,\"valueName\":\"search_term_string\"}}],\"inLanguage\":\"et\"}]}<\/script>\n<!-- \/ Yoast SEO plugin. -->","yoast_head_json":{"title":"Albumiin (S,P-Alb) - \u00dchendlabor","robots":{"index":"index","follow":"follow","max-snippet":"max-snippet:-1","max-image-preview":"max-image-preview:large","max-video-preview":"max-video-preview:-1"},"canonical":"https:\/\/www.kliinikum.ee\/yhendlabor\/kasiraamat\/kliinilise-keemia-uuringud\/albumiin-sp-alb\/","og_locale":"et_EE","og_type":"article","og_title":"Albumiin (S,P-Alb) - \u00dchendlabor","og_description":"Kliinilise keemia ja laboratoorse hematoloogia osakond Albumiin on maksas s\u00fcnteesitav ja kvantitatiivselt k\u00f5ige olulisem plasmavalk, moodustades umbes 60% valgu \u00fcldhulgast. Ta on plasma onkootse r\u00f5hu peamine hoidja ja seega osaleb vedeliku jaotuses intra- ning ekstravaskulaarse ruumi vahel. Albumiin on paljude ainete (kaltsium, vabad rasvhapped, aminohapped, bilirubiin, hormoonid) ja mitmete ravimite transportvalk. Albumiini kontsentratsioon plasmas s\u00f5ltub [&hellip;]","og_url":"https:\/\/www.kliinikum.ee\/yhendlabor\/kasiraamat\/kliinilise-keemia-uuringud\/albumiin-sp-alb\/","og_site_name":"\u00dchendlabor","article_modified_time":"2025-12-09T19:49:15+00:00","twitter_card":"summary_large_image","twitter_misc":{"Est. reading time":"2 minutit"},"schema":{"@context":"https:\/\/schema.org","@graph":[{"@type":"WebPage","@id":"https:\/\/www.kliinikum.ee\/yhendlabor\/kasiraamat\/kliinilise-keemia-uuringud\/albumiin-sp-alb\/","url":"https:\/\/www.kliinikum.ee\/yhendlabor\/kasiraamat\/kliinilise-keemia-uuringud\/albumiin-sp-alb\/","name":"Albumiin (S,P-Alb) - \u00dchendlabor","isPartOf":{"@id":"https:\/\/www.kliinikum.ee\/yhendlabor\/#website"},"datePublished":"2025-09-28T09:33:19+00:00","dateModified":"2025-12-09T19:49:15+00:00","breadcrumb":{"@id":"https:\/\/www.kliinikum.ee\/yhendlabor\/kasiraamat\/kliinilise-keemia-uuringud\/albumiin-sp-alb\/#breadcrumb"},"inLanguage":"et","potentialAction":[{"@type":"ReadAction","target":["https:\/\/www.kliinikum.ee\/yhendlabor\/kasiraamat\/kliinilise-keemia-uuringud\/albumiin-sp-alb\/"]}]},{"@type":"BreadcrumbList","@id":"https:\/\/www.kliinikum.ee\/yhendlabor\/kasiraamat\/kliinilise-keemia-uuringud\/albumiin-sp-alb\/#breadcrumb","itemListElement":[{"@type":"ListItem","position":1,"name":"Home","item":"https:\/\/www.kliinikum.ee\/yhendlabor\/"},{"@type":"ListItem","position":2,"name":"K\u00e4siraamat","item":"https:\/\/www.kliinikum.ee\/yhendlabor\/kasiraamat\/"},{"@type":"ListItem","position":3,"name":"Kliinilise keemia uuringud","item":"https:\/\/www.kliinikum.ee\/yhendlabor\/kasiraamat\/kliinilise-keemia-uuringud\/"},{"@type":"ListItem","position":4,"name":"Albumiin (S,P-Alb)"}]},{"@type":"WebSite","@id":"https:\/\/www.kliinikum.ee\/yhendlabor\/#website","url":"https:\/\/www.kliinikum.ee\/yhendlabor\/","name":"\u00dchendlabor","description":"Hoolivus, Uuendusmeelsus, P\u00e4devus ja Usaldusv\u00e4\u00e4rsus","potentialAction":[{"@type":"SearchAction","target":{"@type":"EntryPoint","urlTemplate":"https:\/\/www.kliinikum.ee\/yhendlabor\/?s={search_term_string}"},"query-input":{"@type":"PropertyValueSpecification","valueRequired":true,"valueName":"search_term_string"}}],"inLanguage":"et"}]}},"uagb_featured_image_src":{"full":false,"thumbnail":false,"medium":false,"medium_large":false,"large":false,"1536x1536":false,"2048x2048":false},"uagb_author_info":{"display_name":"Kadi Siigur","author_link":"https:\/\/www.kliinikum.ee\/yhendlabor\/author\/kadisi\/"},"uagb_comment_info":0,"uagb_excerpt":"Kliinilise keemia ja laboratoorse hematoloogia osakond Albumiin on maksas s\u00fcnteesitav ja kvantitatiivselt k\u00f5ige olulisem plasmavalk, moodustades umbes 60% valgu \u00fcldhulgast. Ta on plasma onkootse r\u00f5hu peamine hoidja ja seega osaleb vedeliku jaotuses intra- ning ekstravaskulaarse ruumi vahel. Albumiin on paljude ainete (kaltsium, vabad rasvhapped, aminohapped, bilirubiin, hormoonid) ja mitmete ravimite transportvalk. Albumiini kontsentratsioon plasmas s\u00f5ltub&hellip;","_links":{"self":[{"href":"https:\/\/www.kliinikum.ee\/yhendlabor\/wp-json\/wp\/v2\/pages\/13232","targetHints":{"allow":["GET"]}}],"collection":[{"href":"https:\/\/www.kliinikum.ee\/yhendlabor\/wp-json\/wp\/v2\/pages"}],"about":[{"href":"https:\/\/www.kliinikum.ee\/yhendlabor\/wp-json\/wp\/v2\/types\/page"}],"author":[{"embeddable":true,"href":"https:\/\/www.kliinikum.ee\/yhendlabor\/wp-json\/wp\/v2\/users\/38"}],"replies":[{"embeddable":true,"href":"https:\/\/www.kliinikum.ee\/yhendlabor\/wp-json\/wp\/v2\/comments?post=13232"}],"version-history":[{"count":0,"href":"https:\/\/www.kliinikum.ee\/yhendlabor\/wp-json\/wp\/v2\/pages\/13232\/revisions"}],"up":[{"embeddable":true,"href":"https:\/\/www.kliinikum.ee\/yhendlabor\/wp-json\/wp\/v2\/pages\/7286"}],"wp:attachment":[{"href":"https:\/\/www.kliinikum.ee\/yhendlabor\/wp-json\/wp\/v2\/media?parent=13232"}],"curies":[{"name":"wp","href":"https:\/\/api.w.org\/{rel}","templated":true}]}}