{"id":13249,"date":"2025-09-28T12:03:19","date_gmt":"2025-09-28T10:03:19","guid":{"rendered":"https:\/\/www.kliinikum.ee\/yhendlabor\/?page_id=13249"},"modified":"2025-12-21T19:02:56","modified_gmt":"2025-12-21T17:02:56","slug":"amulaas-sp-amyl","status":"publish","type":"page","link":"https:\/\/www.kliinikum.ee\/yhendlabor\/kasiraamat\/kliinilise-keemia-uuringud\/amulaas-sp-amyl\/","title":{"rendered":"Am\u00fclaas (S,P-Amyl)"},"content":{"rendered":"\n<p><em>Kliinilise keemia ja laboratoorse hematoloogia osakond<\/em><\/p>\n\n\n\n<p><strong>Am\u00fclaas <\/strong>on ens\u00fc\u00fcm, mis katal\u00fc\u00fcsib toidus leiduvate pol\u00fcsahhariidide, nagu t\u00e4rklis ja gl\u00fckogeen, l\u00f5hustamist. Am\u00fclaasi produtseeritakse peamiselt s\u00fcljen\u00e4\u00e4rmetes ja k\u00f5hun\u00e4\u00e4rmes, kuid v\u00e4hemal m\u00e4\u00e4ral ka mitmetes teistes organites ja kudedes (nt munasarjades, munajuhades, testistes, kopsudes, v\u00f6\u00f6tlihastes ja rasvkoes). Oma v\u00e4ikese molekulmassi t\u00f5ttu l\u00e4bib am\u00fclaas glomerulaarfiltrit ja eritub p\u00f5hiliselt uriiniga. Seerumis leidub kaks am\u00fclaasi isovormi: pankrease am\u00fclaas ja s\u00fclje am\u00fclaas. SA T\u00dcK \u00dchendlaboris kasutatava meetodi puhul m\u00e4\u00e4ratakse am\u00fclaasi \u00fcldaktiivsus uuritavas materjalis.<\/p>\n\n\n\n<p class=\"has-medium-font-size\"><strong>Uuritav materjal, selle v\u00f5tmine, saatmine ja s\u00e4ilitamine<\/strong><\/p>\n\n\n\n<figure class=\"wp-block-table is-style-stripes\"><table width=\"100%\"><tbody><tr><td width=\"1%\"><\/td><td width=\"15%\"><strong>Katsuti<\/strong><\/td><td width=\"84%\">Geeli ja h\u00fc\u00fcbimisaktivaatoriga katsuti (punane kollase r\u00f5ngaga v\u00f5i kollane kork) v\u00f5i geeliga LH-katsuti (roheline kollase r\u00f5ngaga v\u00f5i heleroheline kork)<\/td><\/tr><tr><td><\/td><td><strong>S\u00e4ilivus<\/strong><\/td><td>Seerum\/plasma toatemperatuuril seitse p\u00e4eva, +4 \u00b0C \u00fcks kuu.<\/td><\/tr><\/tbody><\/table><\/figure>\n\n\n\n<p class=\"has-medium-font-size\"><strong>Anal\u00fc\u00fcsi tegemise aeg: <\/strong>\u00f6\u00f6p\u00e4evaringselt<\/p>\n\n\n\n<p class=\"has-medium-font-size\"><strong>Anal\u00fc\u00fcsimeetod: <\/strong>ens\u00fcmaatiline kolorimeetriline meetod<\/p>\n\n\n\n<p class=\"has-medium-font-size\"><strong>Referentsv\u00e4\u00e4rtused<\/strong><\/p>\n\n\n\n<figure class=\"wp-block-table\"><table width=\"100%\"><tbody><tr><td width=\"1%\"><\/td><td width=\"30%\"><strong>S,P-Amyl<\/strong><\/td><td width=\"30%\"><strong>\u2265 18 a<\/strong><\/td><td width=\"39%\">28\u2013100 U\/L<\/td><\/tr><\/tbody><\/table><\/figure>\n\n\n\n<p class=\"has-medium-font-size\"><strong>N\u00e4idustus ja kliiniline t\u00e4hendus<\/strong><\/p>\n\n\n\n<p>\u00c4geda pankreatiidi diagnostika ja kulu j\u00e4lgimine.<\/p>\n\n\n\n<p>T\u00e4nap\u00e4eval on \u00e4geda pankreatiidi diagnostikas eelistatud lipaasi m\u00e4\u00e4ramine. Am\u00fclaasi ja lipaasi paralleelne m\u00e4\u00e4ramine ei lisa diagnostilist v\u00e4\u00e4rtust ja pole seet\u00f5ttu n\u00e4idustatud.<\/p>\n\n\n\n<p>\u00c4geda pankreatiidi puhul t\u00f5useb am\u00fclaasi aktiivsus seerumis kiiresti (5\u20138 tundi peale haiguse algust), maksimaalne on aktiivsus umbes 24 tunni p\u00e4rast ning langeb kolmandaks-neljandaks \u00f6\u00f6p\u00e4evaks. \u00c4gedale pankreatiidile on sobiva kliinilise pildi olemasolul diagnostiline am\u00fclaasi aktiivsuse v\u00e4hemalt <em>3-kordne t\u00f5us<\/em> \u00fcle referentsv\u00e4\u00e4rtuse \u00fclemise piiri (tavap\u00e4rane on ens\u00fc\u00fcmi aktiivsuse 4\u20136-kordne t\u00f5us).<\/p>\n\n\n\n<p>Korduvate \u00e4gedate pankreatiitide puhul on am\u00fclaasi aktiivsuse t\u00f5us j\u00e4rjest v\u00e4iksema ulatusega.<\/p>\n\n\n\n<p>Am\u00fclaasi aktiivsuse m\u00e4\u00e4ramist kasutatakse \u00e4geda pankreatiidi kulu j\u00e4lgimisel, m\u00e4\u00e4ramist v\u00f5ib korrata 8\u201312 tunni tagant. Am\u00fclaasi aktiivsuse \u00e4kiline langus \u00e4geda pankreatiidi ajal viitab pankrease nekroosi v\u00f5imalusele.<\/p>\n\n\n\n<p>Am\u00fclaasi aktiivsuse t\u00f5us pole spetsiifiline \u00e4gedale pankreatiidile, vaid v\u00f5ib esineda k\u00f5igi \u201e\u00e4geda k\u00f5hu\u201c s\u00fcmptomaatikat andvate haiguste korral (nt \u00e4ge kolets\u00fcstiit, iileus, mesenteriaaltromboos, \u00f5\u00f5nesorgani perforatsioon). Samuti esineb am\u00fclaasi aktiivsuse suurenemine s\u00fcljen\u00e4\u00e4rmete haiguste puhul, pankreasejuha sulguse puhul (kivi, <em>sphincter Oddi <\/em>spasm opiaatide kasutamisel, tuumorid), pankrease trauma korral ja m\u00f5nikord kirurgiliste operatsioonide j\u00e4rgselt. Ka paljude muude haiguste ja seisundite (diabeetiline ketoatsidoos, munasarja kasvajad, kopsuv\u00e4hk, pneumoonia, \u00e4ge alkoholim\u00fcrgistus jne) puhul v\u00f5ib esineda am\u00fclaasi aktiivsuse m\u00f5\u00f5dukas t\u00f5us.<\/p>\n\n\n\n<p>Am\u00fclaasi k\u00f5rge aktiivsuse p\u00f5hjuseks seerumis v\u00f5ib olla neerupuudulikkus, mille korral am\u00fclaas kuhjub v\u00e4henenud erituse t\u00f5ttu, samuti makroam\u00fclaseemia (am\u00fclaas moodustab immuunglobuliinidega komplekse, mis oma suure molekulmassi t\u00f5ttu ei l\u00e4bi glomerulaarfiltrit).<\/p>\n\n\n\n<p>Madalat am\u00fclaasi aktiivsust seerumis on t\u00e4heldatud pankrease eksokriinse puudulikkuse korral.<\/p>\n\n\n\n<p>Vt ka: <a href=\"https:\/\/www.kliinikum.ee\/yhendlabor\/kasiraamat\/kliinilise-keemia-uuringud\/lipaas-sp-lip\/\">Lipaas<\/a><\/p>\n\n\n\n<p>Koostaja: Katrin Reimand<br>Muudetud 02.04.2018<\/p>\n","protected":false},"excerpt":{"rendered":"<p>Kliinilise keemia ja laboratoorse hematoloogia osakond Am\u00fclaas on ens\u00fc\u00fcm, mis katal\u00fc\u00fcsib toidus leiduvate pol\u00fcsahhariidide, nagu t\u00e4rklis ja gl\u00fckogeen, l\u00f5hustamist. Am\u00fclaasi produtseeritakse peamiselt s\u00fcljen\u00e4\u00e4rmetes ja k\u00f5hun\u00e4\u00e4rmes, kuid v\u00e4hemal m\u00e4\u00e4ral ka mitmetes teistes organites ja kudedes (nt munasarjades, munajuhades, testistes, kopsudes, v\u00f6\u00f6tlihastes ja rasvkoes). Oma v\u00e4ikese molekulmassi t\u00f5ttu l\u00e4bib am\u00fclaas glomerulaarfiltrit ja eritub p\u00f5hiliselt uriiniga. Seerumis leidub [&hellip;]<\/p>\n","protected":false},"author":38,"featured_media":0,"parent":7286,"menu_order":6,"comment_status":"closed","ping_status":"closed","template":"","meta":{"_uag_custom_page_level_css":"","footnotes":""},"class_list":["post-13249","page","type-page","status-publish","hentry"],"acf":[],"yoast_head":"<!-- This site is optimized with the Yoast SEO plugin v27.3 - https:\/\/yoast.com\/product\/yoast-seo-wordpress\/ -->\n<title>Am\u00fclaas (S,P-Amyl) - \u00dchendlabor<\/title>\n<meta name=\"robots\" content=\"index, follow, max-snippet:-1, max-image-preview:large, max-video-preview:-1\" \/>\n<link rel=\"canonical\" href=\"https:\/\/www.kliinikum.ee\/yhendlabor\/kasiraamat\/kliinilise-keemia-uuringud\/amulaas-sp-amyl\/\" \/>\n<meta property=\"og:locale\" content=\"et_EE\" \/>\n<meta property=\"og:type\" content=\"article\" \/>\n<meta property=\"og:title\" content=\"Am\u00fclaas (S,P-Amyl) - \u00dchendlabor\" \/>\n<meta property=\"og:description\" content=\"Kliinilise keemia ja laboratoorse hematoloogia osakond Am\u00fclaas on ens\u00fc\u00fcm, mis katal\u00fc\u00fcsib toidus leiduvate pol\u00fcsahhariidide, nagu t\u00e4rklis ja gl\u00fckogeen, l\u00f5hustamist. Am\u00fclaasi produtseeritakse peamiselt s\u00fcljen\u00e4\u00e4rmetes ja k\u00f5hun\u00e4\u00e4rmes, kuid v\u00e4hemal m\u00e4\u00e4ral ka mitmetes teistes organites ja kudedes (nt munasarjades, munajuhades, testistes, kopsudes, v\u00f6\u00f6tlihastes ja rasvkoes). Oma v\u00e4ikese molekulmassi t\u00f5ttu l\u00e4bib am\u00fclaas glomerulaarfiltrit ja eritub p\u00f5hiliselt uriiniga. Seerumis leidub [&hellip;]\" \/>\n<meta property=\"og:url\" content=\"https:\/\/www.kliinikum.ee\/yhendlabor\/kasiraamat\/kliinilise-keemia-uuringud\/amulaas-sp-amyl\/\" \/>\n<meta property=\"og:site_name\" content=\"\u00dchendlabor\" \/>\n<meta property=\"article:modified_time\" content=\"2025-12-21T17:02:56+00:00\" \/>\n<meta name=\"twitter:card\" content=\"summary_large_image\" \/>\n<meta name=\"twitter:label1\" content=\"Est. reading time\" \/>\n\t<meta name=\"twitter:data1\" content=\"2 minutit\" \/>\n<script type=\"application\/ld+json\" class=\"yoast-schema-graph\">{\"@context\":\"https:\\\/\\\/schema.org\",\"@graph\":[{\"@type\":\"WebPage\",\"@id\":\"https:\\\/\\\/www.kliinikum.ee\\\/yhendlabor\\\/kasiraamat\\\/kliinilise-keemia-uuringud\\\/amulaas-sp-amyl\\\/\",\"url\":\"https:\\\/\\\/www.kliinikum.ee\\\/yhendlabor\\\/kasiraamat\\\/kliinilise-keemia-uuringud\\\/amulaas-sp-amyl\\\/\",\"name\":\"Am\u00fclaas (S,P-Amyl) - \u00dchendlabor\",\"isPartOf\":{\"@id\":\"https:\\\/\\\/www.kliinikum.ee\\\/yhendlabor\\\/#website\"},\"datePublished\":\"2025-09-28T10:03:19+00:00\",\"dateModified\":\"2025-12-21T17:02:56+00:00\",\"breadcrumb\":{\"@id\":\"https:\\\/\\\/www.kliinikum.ee\\\/yhendlabor\\\/kasiraamat\\\/kliinilise-keemia-uuringud\\\/amulaas-sp-amyl\\\/#breadcrumb\"},\"inLanguage\":\"et\",\"potentialAction\":[{\"@type\":\"ReadAction\",\"target\":[\"https:\\\/\\\/www.kliinikum.ee\\\/yhendlabor\\\/kasiraamat\\\/kliinilise-keemia-uuringud\\\/amulaas-sp-amyl\\\/\"]}]},{\"@type\":\"BreadcrumbList\",\"@id\":\"https:\\\/\\\/www.kliinikum.ee\\\/yhendlabor\\\/kasiraamat\\\/kliinilise-keemia-uuringud\\\/amulaas-sp-amyl\\\/#breadcrumb\",\"itemListElement\":[{\"@type\":\"ListItem\",\"position\":1,\"name\":\"Home\",\"item\":\"https:\\\/\\\/www.kliinikum.ee\\\/yhendlabor\\\/\"},{\"@type\":\"ListItem\",\"position\":2,\"name\":\"K\u00e4siraamat\",\"item\":\"https:\\\/\\\/www.kliinikum.ee\\\/yhendlabor\\\/kasiraamat\\\/\"},{\"@type\":\"ListItem\",\"position\":3,\"name\":\"Kliinilise keemia uuringud\",\"item\":\"https:\\\/\\\/www.kliinikum.ee\\\/yhendlabor\\\/kasiraamat\\\/kliinilise-keemia-uuringud\\\/\"},{\"@type\":\"ListItem\",\"position\":4,\"name\":\"Am\u00fclaas (S,P-Amyl)\"}]},{\"@type\":\"WebSite\",\"@id\":\"https:\\\/\\\/www.kliinikum.ee\\\/yhendlabor\\\/#website\",\"url\":\"https:\\\/\\\/www.kliinikum.ee\\\/yhendlabor\\\/\",\"name\":\"\u00dchendlabor\",\"description\":\"Hoolivus, Uuendusmeelsus, P\u00e4devus ja Usaldusv\u00e4\u00e4rsus\",\"potentialAction\":[{\"@type\":\"SearchAction\",\"target\":{\"@type\":\"EntryPoint\",\"urlTemplate\":\"https:\\\/\\\/www.kliinikum.ee\\\/yhendlabor\\\/?s={search_term_string}\"},\"query-input\":{\"@type\":\"PropertyValueSpecification\",\"valueRequired\":true,\"valueName\":\"search_term_string\"}}],\"inLanguage\":\"et\"}]}<\/script>\n<!-- \/ Yoast SEO plugin. -->","yoast_head_json":{"title":"Am\u00fclaas (S,P-Amyl) - \u00dchendlabor","robots":{"index":"index","follow":"follow","max-snippet":"max-snippet:-1","max-image-preview":"max-image-preview:large","max-video-preview":"max-video-preview:-1"},"canonical":"https:\/\/www.kliinikum.ee\/yhendlabor\/kasiraamat\/kliinilise-keemia-uuringud\/amulaas-sp-amyl\/","og_locale":"et_EE","og_type":"article","og_title":"Am\u00fclaas (S,P-Amyl) - \u00dchendlabor","og_description":"Kliinilise keemia ja laboratoorse hematoloogia osakond Am\u00fclaas on ens\u00fc\u00fcm, mis katal\u00fc\u00fcsib toidus leiduvate pol\u00fcsahhariidide, nagu t\u00e4rklis ja gl\u00fckogeen, l\u00f5hustamist. Am\u00fclaasi produtseeritakse peamiselt s\u00fcljen\u00e4\u00e4rmetes ja k\u00f5hun\u00e4\u00e4rmes, kuid v\u00e4hemal m\u00e4\u00e4ral ka mitmetes teistes organites ja kudedes (nt munasarjades, munajuhades, testistes, kopsudes, v\u00f6\u00f6tlihastes ja rasvkoes). Oma v\u00e4ikese molekulmassi t\u00f5ttu l\u00e4bib am\u00fclaas glomerulaarfiltrit ja eritub p\u00f5hiliselt uriiniga. Seerumis leidub [&hellip;]","og_url":"https:\/\/www.kliinikum.ee\/yhendlabor\/kasiraamat\/kliinilise-keemia-uuringud\/amulaas-sp-amyl\/","og_site_name":"\u00dchendlabor","article_modified_time":"2025-12-21T17:02:56+00:00","twitter_card":"summary_large_image","twitter_misc":{"Est. reading time":"2 minutit"},"schema":{"@context":"https:\/\/schema.org","@graph":[{"@type":"WebPage","@id":"https:\/\/www.kliinikum.ee\/yhendlabor\/kasiraamat\/kliinilise-keemia-uuringud\/amulaas-sp-amyl\/","url":"https:\/\/www.kliinikum.ee\/yhendlabor\/kasiraamat\/kliinilise-keemia-uuringud\/amulaas-sp-amyl\/","name":"Am\u00fclaas (S,P-Amyl) - \u00dchendlabor","isPartOf":{"@id":"https:\/\/www.kliinikum.ee\/yhendlabor\/#website"},"datePublished":"2025-09-28T10:03:19+00:00","dateModified":"2025-12-21T17:02:56+00:00","breadcrumb":{"@id":"https:\/\/www.kliinikum.ee\/yhendlabor\/kasiraamat\/kliinilise-keemia-uuringud\/amulaas-sp-amyl\/#breadcrumb"},"inLanguage":"et","potentialAction":[{"@type":"ReadAction","target":["https:\/\/www.kliinikum.ee\/yhendlabor\/kasiraamat\/kliinilise-keemia-uuringud\/amulaas-sp-amyl\/"]}]},{"@type":"BreadcrumbList","@id":"https:\/\/www.kliinikum.ee\/yhendlabor\/kasiraamat\/kliinilise-keemia-uuringud\/amulaas-sp-amyl\/#breadcrumb","itemListElement":[{"@type":"ListItem","position":1,"name":"Home","item":"https:\/\/www.kliinikum.ee\/yhendlabor\/"},{"@type":"ListItem","position":2,"name":"K\u00e4siraamat","item":"https:\/\/www.kliinikum.ee\/yhendlabor\/kasiraamat\/"},{"@type":"ListItem","position":3,"name":"Kliinilise keemia uuringud","item":"https:\/\/www.kliinikum.ee\/yhendlabor\/kasiraamat\/kliinilise-keemia-uuringud\/"},{"@type":"ListItem","position":4,"name":"Am\u00fclaas (S,P-Amyl)"}]},{"@type":"WebSite","@id":"https:\/\/www.kliinikum.ee\/yhendlabor\/#website","url":"https:\/\/www.kliinikum.ee\/yhendlabor\/","name":"\u00dchendlabor","description":"Hoolivus, Uuendusmeelsus, P\u00e4devus ja Usaldusv\u00e4\u00e4rsus","potentialAction":[{"@type":"SearchAction","target":{"@type":"EntryPoint","urlTemplate":"https:\/\/www.kliinikum.ee\/yhendlabor\/?s={search_term_string}"},"query-input":{"@type":"PropertyValueSpecification","valueRequired":true,"valueName":"search_term_string"}}],"inLanguage":"et"}]}},"uagb_featured_image_src":{"full":false,"thumbnail":false,"medium":false,"medium_large":false,"large":false,"1536x1536":false,"2048x2048":false},"uagb_author_info":{"display_name":"Kadi Siigur","author_link":"https:\/\/www.kliinikum.ee\/yhendlabor\/author\/kadisi\/"},"uagb_comment_info":0,"uagb_excerpt":"Kliinilise keemia ja laboratoorse hematoloogia osakond Am\u00fclaas on ens\u00fc\u00fcm, mis katal\u00fc\u00fcsib toidus leiduvate pol\u00fcsahhariidide, nagu t\u00e4rklis ja gl\u00fckogeen, l\u00f5hustamist. Am\u00fclaasi produtseeritakse peamiselt s\u00fcljen\u00e4\u00e4rmetes ja k\u00f5hun\u00e4\u00e4rmes, kuid v\u00e4hemal m\u00e4\u00e4ral ka mitmetes teistes organites ja kudedes (nt munasarjades, munajuhades, testistes, kopsudes, v\u00f6\u00f6tlihastes ja rasvkoes). Oma v\u00e4ikese molekulmassi t\u00f5ttu l\u00e4bib am\u00fclaas glomerulaarfiltrit ja eritub p\u00f5hiliselt uriiniga. Seerumis leidub&hellip;","_links":{"self":[{"href":"https:\/\/www.kliinikum.ee\/yhendlabor\/wp-json\/wp\/v2\/pages\/13249","targetHints":{"allow":["GET"]}}],"collection":[{"href":"https:\/\/www.kliinikum.ee\/yhendlabor\/wp-json\/wp\/v2\/pages"}],"about":[{"href":"https:\/\/www.kliinikum.ee\/yhendlabor\/wp-json\/wp\/v2\/types\/page"}],"author":[{"embeddable":true,"href":"https:\/\/www.kliinikum.ee\/yhendlabor\/wp-json\/wp\/v2\/users\/38"}],"replies":[{"embeddable":true,"href":"https:\/\/www.kliinikum.ee\/yhendlabor\/wp-json\/wp\/v2\/comments?post=13249"}],"version-history":[{"count":0,"href":"https:\/\/www.kliinikum.ee\/yhendlabor\/wp-json\/wp\/v2\/pages\/13249\/revisions"}],"up":[{"embeddable":true,"href":"https:\/\/www.kliinikum.ee\/yhendlabor\/wp-json\/wp\/v2\/pages\/7286"}],"wp:attachment":[{"href":"https:\/\/www.kliinikum.ee\/yhendlabor\/wp-json\/wp\/v2\/media?parent=13249"}],"curies":[{"name":"wp","href":"https:\/\/api.w.org\/{rel}","templated":true}]}}