{"id":13254,"date":"2025-09-28T12:09:08","date_gmt":"2025-09-28T10:09:08","guid":{"rendered":"https:\/\/www.kliinikum.ee\/yhendlabor\/?page_id=13254"},"modified":"2025-12-21T19:03:18","modified_gmt":"2025-12-21T17:03:18","slug":"lipaas-sp-lip","status":"publish","type":"page","link":"https:\/\/www.kliinikum.ee\/yhendlabor\/kasiraamat\/kliinilise-keemia-uuringud\/lipaas-sp-lip\/","title":{"rendered":"Lipaas (S,P-Lip)"},"content":{"rendered":"\n<p><em>Kliinilise keemia ja laboratoorse hematoloogia osakond<\/em><\/p>\n\n\n\n<p><strong>Lipaas <\/strong>on peamiselt pankrease eksokriinsete rakkude poolt s\u00fcnteesitav ens\u00fc\u00fcm, mis on t\u00e4htsaim toidust saadavate trigl\u00fctseriidide l\u00f5hustaja. T\u00e4ielikuks katal\u00fc\u00fctiliseks aktiivsuseks on vaja sapphapete ja kolipaasi (kofaktor, mida s\u00fcnteesitakse pankreases) olemasolu. Lipaasi kontsentratsioon pankreases on umbes viis tuhat korda k\u00f5rgem, kui teistes kudedes. R\u00f5huv enamus seerumi lipaasist on p\u00e4rit pankreasest, v\u00e4ike osa ka s\u00fcljen\u00e4\u00e4rmetest ning mao, kopsude ja soole limaskestast. V\u00e4ikese molekulmassi t\u00f5ttu filtreerub lipaas l\u00e4bi glomerulaarmembraani ning reabsorbeeritakse t\u00e4ielikult neerutorukestes. Seet\u00f5ttu normaaljuhul teda uriinis ei ole.<\/p>\n\n\n\n<p class=\"has-medium-font-size\"><strong>Uuritav materjal, selle v\u00f5tmine, saatmine ja s\u00e4ilitamine<\/strong><\/p>\n\n\n\n<figure class=\"wp-block-table is-style-stripes\"><table width=\"100%\"><tbody><tr><td width=\"1%\"><\/td><td width=\"15%\"><strong>Katsuti<\/strong><\/td><td width=\"84%\">Geeli ja h\u00fc\u00fcbimisaktivaatoriga katsuti (punane kollase r\u00f5ngaga v\u00f5i kollane kork) v\u00f5i geeliga LH-katsuti (roheline kollase r\u00f5ngaga v\u00f5i heleroheline kork)<\/td><\/tr><tr><td><\/td><td><strong>S\u00e4ilivus<\/strong><\/td><td>Seerum\/plasma toatemperatuuril v\u00f5i +4 \u00b0C \u00fcks n\u00e4dal; seerum -20 \u00b0C \u00fcks aasta, plasma -20 \u00b0C kaks kuud<\/td><\/tr><\/tbody><\/table><\/figure>\n\n\n\n<p class=\"has-medium-font-size\"><strong>Anal\u00fc\u00fcsi tegemise aeg:<\/strong> \u00f6\u00f6p\u00e4evaringselt<\/p>\n\n\n\n<p class=\"has-medium-font-size\"><strong>Anal\u00fc\u00fcsimeetod:<\/strong> kolorimeetriline meetod<\/p>\n\n\n\n<p class=\"has-medium-font-size\"><strong>Referentsv\u00e4\u00e4rtused<\/strong><\/p>\n\n\n\n<figure class=\"wp-block-table\"><table width=\"100%\"><tbody><tr><td width=\"1%\"><\/td><td width=\"30%\"><strong>&lt; 1 k<\/strong><\/td><td width=\"69%\">&lt; 34 U\/L<\/td><\/tr><tr><td><\/td><td><strong>1 k \u2013 &lt; 13 a<\/strong><\/td><td>&lt; 31 U\/L<\/td><\/tr><tr><td><\/td><td><strong>16 a \u2013 &lt; 18 a<\/strong><\/td><td>&lt; 55 U\/L<\/td><\/tr><tr><td><\/td><td><strong>\u2265 18 a<\/strong><\/td><td>13\u201360 U\/L<\/td><\/tr><\/tbody><\/table><\/figure>\n\n\n\n<p class=\"has-medium-font-size\"><strong>N\u00e4idustus ja kliiniline t\u00e4hendus<\/strong><\/p>\n\n\n\n<p>\u00c4geda pankreatiidi diagnostika.<\/p>\n\n\n\n<p>P\u00e4rast \u00e4geda pankreatiidi algust t\u00f5useb lipaasi aktiivsus 4\u20138 tunniga, saavutab maksimumi 24 tunni p\u00e4rast ning normaliseerub 8\u201314 p\u00e4evaga. Lipaas on v\u00f5rreldes am\u00fclaasiga eelistatum marker \u00e4geda pankreatiidi diagnostikas, kuna ta on spetsiifilisem pankrease kahjustusele, tema aktiivsus suureneb enam ja j\u00e4\u00e4b kauemaks k\u00f5rgemale tasemele p\u00fcsima kui am\u00fclaasi aktiivsus. \u00c4gedale pankreatiidile on iseloomulik lipaasi aktiivsuse v\u00e4hemalt kolmekordne t\u00f5us \u00fcle referentsvahemiku \u00fclemise piiri. Lipaasi aktiivsus ja pankrease kahjustuse ulatus ei pruugi olla omavahel korrelatsioonis.<\/p>\n\n\n\n<p>Lipaasi aktiivsuse t\u00f5usu p\u00f5hjustavad ka pankreasejuha sulgus kivi v\u00f5i pankrease tuumori t\u00f5ttu, sapiteede uuring endoskoopilise retrograadse kolangiopankreatograafia abil v\u00f5i ravi opiaatidega (<em>sphincter Oddi<\/em> spasmist tingituna). Samuti on lipaasi aktiivsuse t\u00f5usu t\u00e4heldatud kroonilise pankreatiidi, \u00e4geda kolets\u00fcstiidi, organite (neer, maks, s\u00fcda) t\u00fcsistunud transplantatsiooni (\u00e4rat\u00f5ukereaktsioon, ts\u00fctomegaloviirusinfektsioon, ts\u00fcklosporiini toksilisus), alkoholismi ja diabeetilise ketoatsidoosi puhul ning m\u00f5ningatel intrakraniaalse hemorraagia juhtudel. Suurenenud aktiivsust v\u00f5ivad p\u00f5hjustada ka lipaasi makrovormid (l\u00fcmfoomi, tsirroosi puhul). Neerupuudulikkuse korral on lipaasi aktiivsus suurenenud ning seda tuleb tulemuste t\u00f5lgendamisel arvesse v\u00f5tta.<\/p>\n\n\n\n<p>Vt ka: <a href=\"https:\/\/www.kliinikum.ee\/yhendlabor\/kasiraamat\/kliinilise-keemia-uuringud\/amulaas-sp-amyl\/\">Am\u00fclaas<\/a><\/p>\n\n\n\n<p>Koostaja: Katrin Reimand<br>Muudetud 18.08.2023<\/p>\n","protected":false},"excerpt":{"rendered":"<p>Kliinilise keemia ja laboratoorse hematoloogia osakond Lipaas on peamiselt pankrease eksokriinsete rakkude poolt s\u00fcnteesitav ens\u00fc\u00fcm, mis on t\u00e4htsaim toidust saadavate trigl\u00fctseriidide l\u00f5hustaja. T\u00e4ielikuks katal\u00fc\u00fctiliseks aktiivsuseks on vaja sapphapete ja kolipaasi (kofaktor, mida s\u00fcnteesitakse pankreases) olemasolu. Lipaasi kontsentratsioon pankreases on umbes viis tuhat korda k\u00f5rgem, kui teistes kudedes. R\u00f5huv enamus seerumi lipaasist on p\u00e4rit pankreasest, v\u00e4ike [&hellip;]<\/p>\n","protected":false},"author":38,"featured_media":0,"parent":7286,"menu_order":30,"comment_status":"closed","ping_status":"closed","template":"","meta":{"_uag_custom_page_level_css":"","footnotes":""},"class_list":["post-13254","page","type-page","status-publish","hentry"],"acf":[],"yoast_head":"<!-- This site is optimized with the Yoast SEO plugin v27.3 - https:\/\/yoast.com\/product\/yoast-seo-wordpress\/ -->\n<title>Lipaas (S,P-Lip) - \u00dchendlabor<\/title>\n<meta name=\"robots\" content=\"index, follow, max-snippet:-1, max-image-preview:large, max-video-preview:-1\" \/>\n<link rel=\"canonical\" href=\"https:\/\/www.kliinikum.ee\/yhendlabor\/kasiraamat\/kliinilise-keemia-uuringud\/lipaas-sp-lip\/\" \/>\n<meta property=\"og:locale\" content=\"et_EE\" \/>\n<meta property=\"og:type\" content=\"article\" \/>\n<meta property=\"og:title\" content=\"Lipaas (S,P-Lip) - \u00dchendlabor\" \/>\n<meta property=\"og:description\" content=\"Kliinilise keemia ja laboratoorse hematoloogia osakond Lipaas on peamiselt pankrease eksokriinsete rakkude poolt s\u00fcnteesitav ens\u00fc\u00fcm, mis on t\u00e4htsaim toidust saadavate trigl\u00fctseriidide l\u00f5hustaja. T\u00e4ielikuks katal\u00fc\u00fctiliseks aktiivsuseks on vaja sapphapete ja kolipaasi (kofaktor, mida s\u00fcnteesitakse pankreases) olemasolu. Lipaasi kontsentratsioon pankreases on umbes viis tuhat korda k\u00f5rgem, kui teistes kudedes. R\u00f5huv enamus seerumi lipaasist on p\u00e4rit pankreasest, v\u00e4ike [&hellip;]\" \/>\n<meta property=\"og:url\" content=\"https:\/\/www.kliinikum.ee\/yhendlabor\/kasiraamat\/kliinilise-keemia-uuringud\/lipaas-sp-lip\/\" \/>\n<meta property=\"og:site_name\" content=\"\u00dchendlabor\" \/>\n<meta property=\"article:modified_time\" content=\"2025-12-21T17:03:18+00:00\" \/>\n<meta name=\"twitter:card\" content=\"summary_large_image\" \/>\n<meta name=\"twitter:label1\" content=\"Est. reading time\" \/>\n\t<meta name=\"twitter:data1\" content=\"2 minutit\" \/>\n<script type=\"application\/ld+json\" class=\"yoast-schema-graph\">{\"@context\":\"https:\\\/\\\/schema.org\",\"@graph\":[{\"@type\":\"WebPage\",\"@id\":\"https:\\\/\\\/www.kliinikum.ee\\\/yhendlabor\\\/kasiraamat\\\/kliinilise-keemia-uuringud\\\/lipaas-sp-lip\\\/\",\"url\":\"https:\\\/\\\/www.kliinikum.ee\\\/yhendlabor\\\/kasiraamat\\\/kliinilise-keemia-uuringud\\\/lipaas-sp-lip\\\/\",\"name\":\"Lipaas (S,P-Lip) - \u00dchendlabor\",\"isPartOf\":{\"@id\":\"https:\\\/\\\/www.kliinikum.ee\\\/yhendlabor\\\/#website\"},\"datePublished\":\"2025-09-28T10:09:08+00:00\",\"dateModified\":\"2025-12-21T17:03:18+00:00\",\"breadcrumb\":{\"@id\":\"https:\\\/\\\/www.kliinikum.ee\\\/yhendlabor\\\/kasiraamat\\\/kliinilise-keemia-uuringud\\\/lipaas-sp-lip\\\/#breadcrumb\"},\"inLanguage\":\"et\",\"potentialAction\":[{\"@type\":\"ReadAction\",\"target\":[\"https:\\\/\\\/www.kliinikum.ee\\\/yhendlabor\\\/kasiraamat\\\/kliinilise-keemia-uuringud\\\/lipaas-sp-lip\\\/\"]}]},{\"@type\":\"BreadcrumbList\",\"@id\":\"https:\\\/\\\/www.kliinikum.ee\\\/yhendlabor\\\/kasiraamat\\\/kliinilise-keemia-uuringud\\\/lipaas-sp-lip\\\/#breadcrumb\",\"itemListElement\":[{\"@type\":\"ListItem\",\"position\":1,\"name\":\"Home\",\"item\":\"https:\\\/\\\/www.kliinikum.ee\\\/yhendlabor\\\/\"},{\"@type\":\"ListItem\",\"position\":2,\"name\":\"K\u00e4siraamat\",\"item\":\"https:\\\/\\\/www.kliinikum.ee\\\/yhendlabor\\\/kasiraamat\\\/\"},{\"@type\":\"ListItem\",\"position\":3,\"name\":\"Kliinilise keemia uuringud\",\"item\":\"https:\\\/\\\/www.kliinikum.ee\\\/yhendlabor\\\/kasiraamat\\\/kliinilise-keemia-uuringud\\\/\"},{\"@type\":\"ListItem\",\"position\":4,\"name\":\"Lipaas (S,P-Lip)\"}]},{\"@type\":\"WebSite\",\"@id\":\"https:\\\/\\\/www.kliinikum.ee\\\/yhendlabor\\\/#website\",\"url\":\"https:\\\/\\\/www.kliinikum.ee\\\/yhendlabor\\\/\",\"name\":\"\u00dchendlabor\",\"description\":\"Hoolivus, Uuendusmeelsus, P\u00e4devus ja Usaldusv\u00e4\u00e4rsus\",\"potentialAction\":[{\"@type\":\"SearchAction\",\"target\":{\"@type\":\"EntryPoint\",\"urlTemplate\":\"https:\\\/\\\/www.kliinikum.ee\\\/yhendlabor\\\/?s={search_term_string}\"},\"query-input\":{\"@type\":\"PropertyValueSpecification\",\"valueRequired\":true,\"valueName\":\"search_term_string\"}}],\"inLanguage\":\"et\"}]}<\/script>\n<!-- \/ Yoast SEO plugin. -->","yoast_head_json":{"title":"Lipaas (S,P-Lip) - \u00dchendlabor","robots":{"index":"index","follow":"follow","max-snippet":"max-snippet:-1","max-image-preview":"max-image-preview:large","max-video-preview":"max-video-preview:-1"},"canonical":"https:\/\/www.kliinikum.ee\/yhendlabor\/kasiraamat\/kliinilise-keemia-uuringud\/lipaas-sp-lip\/","og_locale":"et_EE","og_type":"article","og_title":"Lipaas (S,P-Lip) - \u00dchendlabor","og_description":"Kliinilise keemia ja laboratoorse hematoloogia osakond Lipaas on peamiselt pankrease eksokriinsete rakkude poolt s\u00fcnteesitav ens\u00fc\u00fcm, mis on t\u00e4htsaim toidust saadavate trigl\u00fctseriidide l\u00f5hustaja. T\u00e4ielikuks katal\u00fc\u00fctiliseks aktiivsuseks on vaja sapphapete ja kolipaasi (kofaktor, mida s\u00fcnteesitakse pankreases) olemasolu. Lipaasi kontsentratsioon pankreases on umbes viis tuhat korda k\u00f5rgem, kui teistes kudedes. R\u00f5huv enamus seerumi lipaasist on p\u00e4rit pankreasest, v\u00e4ike [&hellip;]","og_url":"https:\/\/www.kliinikum.ee\/yhendlabor\/kasiraamat\/kliinilise-keemia-uuringud\/lipaas-sp-lip\/","og_site_name":"\u00dchendlabor","article_modified_time":"2025-12-21T17:03:18+00:00","twitter_card":"summary_large_image","twitter_misc":{"Est. reading time":"2 minutit"},"schema":{"@context":"https:\/\/schema.org","@graph":[{"@type":"WebPage","@id":"https:\/\/www.kliinikum.ee\/yhendlabor\/kasiraamat\/kliinilise-keemia-uuringud\/lipaas-sp-lip\/","url":"https:\/\/www.kliinikum.ee\/yhendlabor\/kasiraamat\/kliinilise-keemia-uuringud\/lipaas-sp-lip\/","name":"Lipaas (S,P-Lip) - \u00dchendlabor","isPartOf":{"@id":"https:\/\/www.kliinikum.ee\/yhendlabor\/#website"},"datePublished":"2025-09-28T10:09:08+00:00","dateModified":"2025-12-21T17:03:18+00:00","breadcrumb":{"@id":"https:\/\/www.kliinikum.ee\/yhendlabor\/kasiraamat\/kliinilise-keemia-uuringud\/lipaas-sp-lip\/#breadcrumb"},"inLanguage":"et","potentialAction":[{"@type":"ReadAction","target":["https:\/\/www.kliinikum.ee\/yhendlabor\/kasiraamat\/kliinilise-keemia-uuringud\/lipaas-sp-lip\/"]}]},{"@type":"BreadcrumbList","@id":"https:\/\/www.kliinikum.ee\/yhendlabor\/kasiraamat\/kliinilise-keemia-uuringud\/lipaas-sp-lip\/#breadcrumb","itemListElement":[{"@type":"ListItem","position":1,"name":"Home","item":"https:\/\/www.kliinikum.ee\/yhendlabor\/"},{"@type":"ListItem","position":2,"name":"K\u00e4siraamat","item":"https:\/\/www.kliinikum.ee\/yhendlabor\/kasiraamat\/"},{"@type":"ListItem","position":3,"name":"Kliinilise keemia uuringud","item":"https:\/\/www.kliinikum.ee\/yhendlabor\/kasiraamat\/kliinilise-keemia-uuringud\/"},{"@type":"ListItem","position":4,"name":"Lipaas (S,P-Lip)"}]},{"@type":"WebSite","@id":"https:\/\/www.kliinikum.ee\/yhendlabor\/#website","url":"https:\/\/www.kliinikum.ee\/yhendlabor\/","name":"\u00dchendlabor","description":"Hoolivus, Uuendusmeelsus, P\u00e4devus ja Usaldusv\u00e4\u00e4rsus","potentialAction":[{"@type":"SearchAction","target":{"@type":"EntryPoint","urlTemplate":"https:\/\/www.kliinikum.ee\/yhendlabor\/?s={search_term_string}"},"query-input":{"@type":"PropertyValueSpecification","valueRequired":true,"valueName":"search_term_string"}}],"inLanguage":"et"}]}},"uagb_featured_image_src":{"full":false,"thumbnail":false,"medium":false,"medium_large":false,"large":false,"1536x1536":false,"2048x2048":false},"uagb_author_info":{"display_name":"Kadi Siigur","author_link":"https:\/\/www.kliinikum.ee\/yhendlabor\/author\/kadisi\/"},"uagb_comment_info":0,"uagb_excerpt":"Kliinilise keemia ja laboratoorse hematoloogia osakond Lipaas on peamiselt pankrease eksokriinsete rakkude poolt s\u00fcnteesitav ens\u00fc\u00fcm, mis on t\u00e4htsaim toidust saadavate trigl\u00fctseriidide l\u00f5hustaja. T\u00e4ielikuks katal\u00fc\u00fctiliseks aktiivsuseks on vaja sapphapete ja kolipaasi (kofaktor, mida s\u00fcnteesitakse pankreases) olemasolu. Lipaasi kontsentratsioon pankreases on umbes viis tuhat korda k\u00f5rgem, kui teistes kudedes. R\u00f5huv enamus seerumi lipaasist on p\u00e4rit pankreasest, v\u00e4ike&hellip;","_links":{"self":[{"href":"https:\/\/www.kliinikum.ee\/yhendlabor\/wp-json\/wp\/v2\/pages\/13254","targetHints":{"allow":["GET"]}}],"collection":[{"href":"https:\/\/www.kliinikum.ee\/yhendlabor\/wp-json\/wp\/v2\/pages"}],"about":[{"href":"https:\/\/www.kliinikum.ee\/yhendlabor\/wp-json\/wp\/v2\/types\/page"}],"author":[{"embeddable":true,"href":"https:\/\/www.kliinikum.ee\/yhendlabor\/wp-json\/wp\/v2\/users\/38"}],"replies":[{"embeddable":true,"href":"https:\/\/www.kliinikum.ee\/yhendlabor\/wp-json\/wp\/v2\/comments?post=13254"}],"version-history":[{"count":0,"href":"https:\/\/www.kliinikum.ee\/yhendlabor\/wp-json\/wp\/v2\/pages\/13254\/revisions"}],"up":[{"embeddable":true,"href":"https:\/\/www.kliinikum.ee\/yhendlabor\/wp-json\/wp\/v2\/pages\/7286"}],"wp:attachment":[{"href":"https:\/\/www.kliinikum.ee\/yhendlabor\/wp-json\/wp\/v2\/media?parent=13254"}],"curies":[{"name":"wp","href":"https:\/\/api.w.org\/{rel}","templated":true}]}}