{"id":13263,"date":"2025-09-28T12:23:31","date_gmt":"2025-09-28T10:23:31","guid":{"rendered":"https:\/\/www.kliinikum.ee\/yhendlabor\/?page_id=13263"},"modified":"2025-12-09T22:01:00","modified_gmt":"2025-12-09T20:01:00","slug":"antistreptolusiin-o-sp-aso","status":"publish","type":"page","link":"https:\/\/www.kliinikum.ee\/yhendlabor\/kasiraamat\/kliinilise-keemia-uuringud\/antistreptolusiin-o-sp-aso\/","title":{"rendered":"Antistreptol\u00fcsiin O (S,P-ASO)"},"content":{"rendered":"\n<p><em>Kliinilise keemia ja laboratoorse hematoloogia osakond<\/em><\/p>\n\n\n\n<p>Beetahemol\u00fc\u00fctiliste streptokokkide seror\u00fchmad A, C ja G produtseerivad erinevaid toksiine ja hemol\u00fcsiine. Hemol\u00fcsiin e <strong>streptol\u00fcsiin O <\/strong>on tugevalt antigeensete omadustega ning n\u00e4iteks <em>Streptococcus pyogenes\u2019e <\/em>poolt p\u00f5hjustatud infektsiooni korral tekivad organismis 80\u201385% juhtudel streptol\u00fcsiin O vastased antikehad. Antikehad hakkavad tekkima umbes \u00fche n\u00e4dala jooksul peale infektsiooni algust, saavutavad maksimaalse hulga 3\u20134 n\u00e4dala jooksul ja j\u00e4\u00e4vad p\u00fcsima kuudeks v\u00f5i madalas tiitris isegi aastateks.<\/p>\n\n\n\n<p class=\"has-medium-font-size\"><strong>Uuritav materjal, selle v\u00f5tmine, saatmine ja s\u00e4ilitamine<\/strong><\/p>\n\n\n\n<figure class=\"wp-block-table is-style-stripes\"><table width=\"100%\"><tbody><tr><td width=\"1%\"><\/td><td width=\"15%\"><strong>Katsuti<\/strong><\/td><td width=\"84%\">Geeli ja h\u00fc\u00fcbimisaktivaatoriga katsuti (punane kollase r\u00f5ngaga v\u00f5i kollane kork) v\u00f5i geeliga LH-katsuti (roheline kollase r\u00f5ngaga v\u00f5i heleroheline kork)<\/td><\/tr><tr><td><\/td><td><strong>S\u00e4ilivus<\/strong><\/td><td>Seerum\/plasma toatemperatuuril kaks p\u00e4eva, +4 \u00b0C kaheksa p\u00e4eva, -20 \u00b0C kuus kuud<\/td><\/tr><\/tbody><\/table><\/figure>\n\n\n\n<p class=\"has-medium-font-size\"><strong>Anal\u00fc\u00fcsi tegemise aeg:<\/strong> t\u00f6\u00f6p\u00e4eviti<\/p>\n\n\n\n<p class=\"has-medium-font-size\"><strong>Anal\u00fc\u00fcsimeetod:<\/strong> immuunturbidimeetriline meetod<\/p>\n\n\n\n<p class=\"has-medium-font-size\"><strong>Referentsv\u00e4\u00e4rtused<\/strong><\/p>\n\n\n\n<figure class=\"wp-block-table\"><table width=\"100%\"><tbody><tr><td width=\"1%\"><\/td><td width=\"30%\"><strong>&lt; 6 a<\/strong><\/td><td width=\"69%\">&lt; 150 kIU\/L<\/td><\/tr><tr><td><\/td><td><strong>6 a \u2013 &lt; 18 a<\/strong><\/td><td>&lt; 240 kIU\/L<\/td><\/tr><tr><td><\/td><td><strong>\u2265 18 a<\/strong><\/td><td>&lt; 200 kIU\/L<\/td><\/tr><\/tbody><\/table><\/figure>\n\n\n\n<p class=\"has-medium-font-size\"><strong>N\u00e4idustus ja kliiniline t\u00e4hendus<\/strong><\/p>\n\n\n\n<p>Abiuuring streptokokk-infektsioonide poolt p\u00f5hjustatud komplikatsioonide (reumaatiline palavik e reuma, reaktiivne artriit, kardiit, glomerulonefriit) diagnostikas ja haiguskulu j\u00e4lgimises.<\/p>\n\n\n\n<p>ASO taseme t\u00f5usu ei pruugi esineda k\u00f5igi beetahemol\u00fc\u00fctiliste streptokokkide poolt p\u00f5hjustatud infektsioonide korral. Uuringu sensitiivsus on \u00fcsna madal (nt on ASO positiivne ainult 80% reumaatilise palavikuga haigetest). Nahainfektsioonide j\u00e4rgselt esineb ASO taseme t\u00f5usu harvem kui neeluinfektsioonide j\u00e4rgselt. \u00dchekordsest referentsv\u00e4\u00e4rtust \u00fcletavast tulemusest informatiivsem on tiitri t\u00f5usev d\u00fcnaamika 1\u20132 n\u00e4dala v\u00e4ltel.<\/p>\n\n\n\n<p>ASO v\u00f5ib olla referentsv\u00e4\u00e4rtustest k\u00f5rgem ka m\u00f5nedest teistest bakteritest, nt klostriidiumidest p\u00f5hjustatud infektsioonide korral.<\/p>\n\n\n\n<p>Koostaja: Kaja Vaagen<br>Muudetud 25.01.2023<\/p>\n","protected":false},"excerpt":{"rendered":"<p>Kliinilise keemia ja laboratoorse hematoloogia osakond Beetahemol\u00fc\u00fctiliste streptokokkide seror\u00fchmad A, C ja G produtseerivad erinevaid toksiine ja hemol\u00fcsiine. Hemol\u00fcsiin e streptol\u00fcsiin O on tugevalt antigeensete omadustega ning n\u00e4iteks Streptococcus pyogenes\u2019e poolt p\u00f5hjustatud infektsiooni korral tekivad organismis 80\u201385% juhtudel streptol\u00fcsiin O vastased antikehad. Antikehad hakkavad tekkima umbes \u00fche n\u00e4dala jooksul peale infektsiooni algust, saavutavad maksimaalse hulga [&hellip;]<\/p>\n","protected":false},"author":38,"featured_media":0,"parent":7286,"menu_order":8,"comment_status":"closed","ping_status":"closed","template":"","meta":{"_uag_custom_page_level_css":"","footnotes":""},"class_list":["post-13263","page","type-page","status-publish","hentry"],"acf":[],"yoast_head":"<!-- This site is optimized with the Yoast SEO plugin v27.3 - https:\/\/yoast.com\/product\/yoast-seo-wordpress\/ -->\n<title>Antistreptol\u00fcsiin O (S,P-ASO) - \u00dchendlabor<\/title>\n<meta name=\"robots\" content=\"index, follow, max-snippet:-1, max-image-preview:large, max-video-preview:-1\" \/>\n<link rel=\"canonical\" href=\"https:\/\/www.kliinikum.ee\/yhendlabor\/kasiraamat\/kliinilise-keemia-uuringud\/antistreptolusiin-o-sp-aso\/\" \/>\n<meta property=\"og:locale\" content=\"et_EE\" \/>\n<meta property=\"og:type\" content=\"article\" \/>\n<meta property=\"og:title\" content=\"Antistreptol\u00fcsiin O (S,P-ASO) - \u00dchendlabor\" \/>\n<meta property=\"og:description\" content=\"Kliinilise keemia ja laboratoorse hematoloogia osakond Beetahemol\u00fc\u00fctiliste streptokokkide seror\u00fchmad A, C ja G produtseerivad erinevaid toksiine ja hemol\u00fcsiine. Hemol\u00fcsiin e streptol\u00fcsiin O on tugevalt antigeensete omadustega ning n\u00e4iteks Streptococcus pyogenes\u2019e poolt p\u00f5hjustatud infektsiooni korral tekivad organismis 80\u201385% juhtudel streptol\u00fcsiin O vastased antikehad. Antikehad hakkavad tekkima umbes \u00fche n\u00e4dala jooksul peale infektsiooni algust, saavutavad maksimaalse hulga [&hellip;]\" \/>\n<meta property=\"og:url\" content=\"https:\/\/www.kliinikum.ee\/yhendlabor\/kasiraamat\/kliinilise-keemia-uuringud\/antistreptolusiin-o-sp-aso\/\" \/>\n<meta property=\"og:site_name\" content=\"\u00dchendlabor\" \/>\n<meta property=\"article:modified_time\" content=\"2025-12-09T20:01:00+00:00\" \/>\n<meta name=\"twitter:card\" content=\"summary_large_image\" \/>\n<meta name=\"twitter:label1\" content=\"Est. reading time\" \/>\n\t<meta name=\"twitter:data1\" content=\"2 minutit\" \/>\n<script type=\"application\/ld+json\" class=\"yoast-schema-graph\">{\"@context\":\"https:\\\/\\\/schema.org\",\"@graph\":[{\"@type\":\"WebPage\",\"@id\":\"https:\\\/\\\/www.kliinikum.ee\\\/yhendlabor\\\/kasiraamat\\\/kliinilise-keemia-uuringud\\\/antistreptolusiin-o-sp-aso\\\/\",\"url\":\"https:\\\/\\\/www.kliinikum.ee\\\/yhendlabor\\\/kasiraamat\\\/kliinilise-keemia-uuringud\\\/antistreptolusiin-o-sp-aso\\\/\",\"name\":\"Antistreptol\u00fcsiin O (S,P-ASO) - \u00dchendlabor\",\"isPartOf\":{\"@id\":\"https:\\\/\\\/www.kliinikum.ee\\\/yhendlabor\\\/#website\"},\"datePublished\":\"2025-09-28T10:23:31+00:00\",\"dateModified\":\"2025-12-09T20:01:00+00:00\",\"breadcrumb\":{\"@id\":\"https:\\\/\\\/www.kliinikum.ee\\\/yhendlabor\\\/kasiraamat\\\/kliinilise-keemia-uuringud\\\/antistreptolusiin-o-sp-aso\\\/#breadcrumb\"},\"inLanguage\":\"et\",\"potentialAction\":[{\"@type\":\"ReadAction\",\"target\":[\"https:\\\/\\\/www.kliinikum.ee\\\/yhendlabor\\\/kasiraamat\\\/kliinilise-keemia-uuringud\\\/antistreptolusiin-o-sp-aso\\\/\"]}]},{\"@type\":\"BreadcrumbList\",\"@id\":\"https:\\\/\\\/www.kliinikum.ee\\\/yhendlabor\\\/kasiraamat\\\/kliinilise-keemia-uuringud\\\/antistreptolusiin-o-sp-aso\\\/#breadcrumb\",\"itemListElement\":[{\"@type\":\"ListItem\",\"position\":1,\"name\":\"Home\",\"item\":\"https:\\\/\\\/www.kliinikum.ee\\\/yhendlabor\\\/\"},{\"@type\":\"ListItem\",\"position\":2,\"name\":\"K\u00e4siraamat\",\"item\":\"https:\\\/\\\/www.kliinikum.ee\\\/yhendlabor\\\/kasiraamat\\\/\"},{\"@type\":\"ListItem\",\"position\":3,\"name\":\"Kliinilise keemia uuringud\",\"item\":\"https:\\\/\\\/www.kliinikum.ee\\\/yhendlabor\\\/kasiraamat\\\/kliinilise-keemia-uuringud\\\/\"},{\"@type\":\"ListItem\",\"position\":4,\"name\":\"Antistreptol\u00fcsiin O (S,P-ASO)\"}]},{\"@type\":\"WebSite\",\"@id\":\"https:\\\/\\\/www.kliinikum.ee\\\/yhendlabor\\\/#website\",\"url\":\"https:\\\/\\\/www.kliinikum.ee\\\/yhendlabor\\\/\",\"name\":\"\u00dchendlabor\",\"description\":\"Hoolivus, Uuendusmeelsus, P\u00e4devus ja Usaldusv\u00e4\u00e4rsus\",\"potentialAction\":[{\"@type\":\"SearchAction\",\"target\":{\"@type\":\"EntryPoint\",\"urlTemplate\":\"https:\\\/\\\/www.kliinikum.ee\\\/yhendlabor\\\/?s={search_term_string}\"},\"query-input\":{\"@type\":\"PropertyValueSpecification\",\"valueRequired\":true,\"valueName\":\"search_term_string\"}}],\"inLanguage\":\"et\"}]}<\/script>\n<!-- \/ Yoast SEO plugin. -->","yoast_head_json":{"title":"Antistreptol\u00fcsiin O (S,P-ASO) - \u00dchendlabor","robots":{"index":"index","follow":"follow","max-snippet":"max-snippet:-1","max-image-preview":"max-image-preview:large","max-video-preview":"max-video-preview:-1"},"canonical":"https:\/\/www.kliinikum.ee\/yhendlabor\/kasiraamat\/kliinilise-keemia-uuringud\/antistreptolusiin-o-sp-aso\/","og_locale":"et_EE","og_type":"article","og_title":"Antistreptol\u00fcsiin O (S,P-ASO) - \u00dchendlabor","og_description":"Kliinilise keemia ja laboratoorse hematoloogia osakond Beetahemol\u00fc\u00fctiliste streptokokkide seror\u00fchmad A, C ja G produtseerivad erinevaid toksiine ja hemol\u00fcsiine. Hemol\u00fcsiin e streptol\u00fcsiin O on tugevalt antigeensete omadustega ning n\u00e4iteks Streptococcus pyogenes\u2019e poolt p\u00f5hjustatud infektsiooni korral tekivad organismis 80\u201385% juhtudel streptol\u00fcsiin O vastased antikehad. Antikehad hakkavad tekkima umbes \u00fche n\u00e4dala jooksul peale infektsiooni algust, saavutavad maksimaalse hulga [&hellip;]","og_url":"https:\/\/www.kliinikum.ee\/yhendlabor\/kasiraamat\/kliinilise-keemia-uuringud\/antistreptolusiin-o-sp-aso\/","og_site_name":"\u00dchendlabor","article_modified_time":"2025-12-09T20:01:00+00:00","twitter_card":"summary_large_image","twitter_misc":{"Est. reading time":"2 minutit"},"schema":{"@context":"https:\/\/schema.org","@graph":[{"@type":"WebPage","@id":"https:\/\/www.kliinikum.ee\/yhendlabor\/kasiraamat\/kliinilise-keemia-uuringud\/antistreptolusiin-o-sp-aso\/","url":"https:\/\/www.kliinikum.ee\/yhendlabor\/kasiraamat\/kliinilise-keemia-uuringud\/antistreptolusiin-o-sp-aso\/","name":"Antistreptol\u00fcsiin O (S,P-ASO) - \u00dchendlabor","isPartOf":{"@id":"https:\/\/www.kliinikum.ee\/yhendlabor\/#website"},"datePublished":"2025-09-28T10:23:31+00:00","dateModified":"2025-12-09T20:01:00+00:00","breadcrumb":{"@id":"https:\/\/www.kliinikum.ee\/yhendlabor\/kasiraamat\/kliinilise-keemia-uuringud\/antistreptolusiin-o-sp-aso\/#breadcrumb"},"inLanguage":"et","potentialAction":[{"@type":"ReadAction","target":["https:\/\/www.kliinikum.ee\/yhendlabor\/kasiraamat\/kliinilise-keemia-uuringud\/antistreptolusiin-o-sp-aso\/"]}]},{"@type":"BreadcrumbList","@id":"https:\/\/www.kliinikum.ee\/yhendlabor\/kasiraamat\/kliinilise-keemia-uuringud\/antistreptolusiin-o-sp-aso\/#breadcrumb","itemListElement":[{"@type":"ListItem","position":1,"name":"Home","item":"https:\/\/www.kliinikum.ee\/yhendlabor\/"},{"@type":"ListItem","position":2,"name":"K\u00e4siraamat","item":"https:\/\/www.kliinikum.ee\/yhendlabor\/kasiraamat\/"},{"@type":"ListItem","position":3,"name":"Kliinilise keemia uuringud","item":"https:\/\/www.kliinikum.ee\/yhendlabor\/kasiraamat\/kliinilise-keemia-uuringud\/"},{"@type":"ListItem","position":4,"name":"Antistreptol\u00fcsiin O (S,P-ASO)"}]},{"@type":"WebSite","@id":"https:\/\/www.kliinikum.ee\/yhendlabor\/#website","url":"https:\/\/www.kliinikum.ee\/yhendlabor\/","name":"\u00dchendlabor","description":"Hoolivus, Uuendusmeelsus, P\u00e4devus ja Usaldusv\u00e4\u00e4rsus","potentialAction":[{"@type":"SearchAction","target":{"@type":"EntryPoint","urlTemplate":"https:\/\/www.kliinikum.ee\/yhendlabor\/?s={search_term_string}"},"query-input":{"@type":"PropertyValueSpecification","valueRequired":true,"valueName":"search_term_string"}}],"inLanguage":"et"}]}},"uagb_featured_image_src":{"full":false,"thumbnail":false,"medium":false,"medium_large":false,"large":false,"1536x1536":false,"2048x2048":false},"uagb_author_info":{"display_name":"Kadi Siigur","author_link":"https:\/\/www.kliinikum.ee\/yhendlabor\/author\/kadisi\/"},"uagb_comment_info":0,"uagb_excerpt":"Kliinilise keemia ja laboratoorse hematoloogia osakond Beetahemol\u00fc\u00fctiliste streptokokkide seror\u00fchmad A, C ja G produtseerivad erinevaid toksiine ja hemol\u00fcsiine. Hemol\u00fcsiin e streptol\u00fcsiin O on tugevalt antigeensete omadustega ning n\u00e4iteks Streptococcus pyogenes\u2019e poolt p\u00f5hjustatud infektsiooni korral tekivad organismis 80\u201385% juhtudel streptol\u00fcsiin O vastased antikehad. Antikehad hakkavad tekkima umbes \u00fche n\u00e4dala jooksul peale infektsiooni algust, saavutavad maksimaalse hulga&hellip;","_links":{"self":[{"href":"https:\/\/www.kliinikum.ee\/yhendlabor\/wp-json\/wp\/v2\/pages\/13263","targetHints":{"allow":["GET"]}}],"collection":[{"href":"https:\/\/www.kliinikum.ee\/yhendlabor\/wp-json\/wp\/v2\/pages"}],"about":[{"href":"https:\/\/www.kliinikum.ee\/yhendlabor\/wp-json\/wp\/v2\/types\/page"}],"author":[{"embeddable":true,"href":"https:\/\/www.kliinikum.ee\/yhendlabor\/wp-json\/wp\/v2\/users\/38"}],"replies":[{"embeddable":true,"href":"https:\/\/www.kliinikum.ee\/yhendlabor\/wp-json\/wp\/v2\/comments?post=13263"}],"version-history":[{"count":0,"href":"https:\/\/www.kliinikum.ee\/yhendlabor\/wp-json\/wp\/v2\/pages\/13263\/revisions"}],"up":[{"embeddable":true,"href":"https:\/\/www.kliinikum.ee\/yhendlabor\/wp-json\/wp\/v2\/pages\/7286"}],"wp:attachment":[{"href":"https:\/\/www.kliinikum.ee\/yhendlabor\/wp-json\/wp\/v2\/media?parent=13263"}],"curies":[{"name":"wp","href":"https:\/\/api.w.org\/{rel}","templated":true}]}}