{"id":13276,"date":"2025-09-28T12:48:01","date_gmt":"2025-09-28T10:48:01","guid":{"rendered":"https:\/\/www.kliinikum.ee\/yhendlabor\/?page_id=13276"},"modified":"2025-12-09T22:08:24","modified_gmt":"2025-12-09T20:08:24","slug":"bilirubiin-sp-bil-konjugeeritud-bilirubiin-sp-bil-conj","status":"publish","type":"page","link":"https:\/\/www.kliinikum.ee\/yhendlabor\/kasiraamat\/kliinilise-keemia-uuringud\/bilirubiin-sp-bil-konjugeeritud-bilirubiin-sp-bil-conj\/","title":{"rendered":"Bilirubiin (S,P-Bil), konjugeeritud bilirubiin (S,P-Bil-conj)"},"content":{"rendered":"\n<p><em>Kliinilise keemia ja laboratoorse hematoloogia osakond<\/em><\/p>\n\n\n\n<p><strong>Bilirubiin <\/strong>moodustub retikuloendoteliaals\u00fcsteemis heemi katabolismi k\u00e4igus. ~85% produtseeritavast bilirubiinist on p\u00e4rit er\u00fctrots\u00fc\u00fctide lagundamisel vabanevast heemist ning ~15% produtseeritakse er\u00fctrots\u00fc\u00fctide eellaste ja teiste heemi sisaldavate valkude (m\u00fcoglobiin, ts\u00fctokroomid, peroks\u00fcdaasid) katabolismi k\u00e4igus. L\u00f5pp-produkt, mis sekreteerub plasmasse, on vees lahustumatu (mittekonjugeeritud) bilirubiin. Viimane seotakse plasmas albumiiniga ning transporditakse maksa, kus toimub konjugeerimine gl\u00fckuroonhappega. Moodustunud vesilahustuv konjugeeritud bilirubiin (bilirubiingl\u00fckuroniid) eritub sapiga soolde, kus ta konverteeritakse bakterite toimel urobilinogeenideks (urobilinogeen, mesobilinogeen ja sterkobilinogeen), seej\u00e4rel vastavalt urobiliiniks, mesobiliiniks ja sterkobiliiniks ning eritatakse v\u00e4ljaheitega. V\u00e4ike osa urobilinogeenist p\u00e4\u00e4seb ka \u00fcldtsirkulatsiooni ning eritatakse uriiniga. Normaalselt on bilirubiin plasmas valdavalt (~95%) konjugeerimata kujul. Bilirubiini m\u00e4\u00e4ramisel m\u00f5\u00f5detakse summaarselt nii konjugeeritud kui mittekonjugeeritud bilirubiini kontsentratsioon. Konjugeeritud bilirubiin on ka eraldi m\u00e4\u00e4ratav.<\/p>\n\n\n\n<p class=\"has-medium-font-size\"><strong>Uuritav materjal, selle v\u00f5tmine, saatmine ja s\u00e4ilitamine<\/strong><\/p>\n\n\n\n<figure class=\"wp-block-table is-style-stripes\"><table width=\"100%\"><tbody><tr><td width=\"1%\"><\/td><td width=\"15%\"><strong>Katsuti<\/strong><\/td><td width=\"84%\">Geeli ja h\u00fc\u00fcbimisaktivaatoriga katsuti (kollane punase r\u00f5ngaga v\u00f5i kollane kork) v\u00f5i geeliga LH-katsuti (roheline kollase r\u00f5ngaga v\u00f5i heleroheline kork)<\/td><\/tr><tr><td><\/td><td><strong>S\u00e4ilivus<\/strong><\/td><td>Bilirubiin: seerum\/plasma toatemperatuuril <em>pimedas <\/em>\u00fcks p\u00e4ev, +4 \u00b0C \u00fcks n\u00e4dal, -20 \u00b0C kuus kuud. <br>Konjugeeritud bilirubiin: seerum\/plasma toatemperatuuril <em>pimedas <\/em>kaks p\u00e4eva, +4 \u00b0C \u00fcks n\u00e4dal, -20 \u00b0C kuus kuud<\/td><\/tr><\/tbody><\/table><\/figure>\n\n\n\n<p class=\"has-medium-font-size\"><strong>Anal\u00fc\u00fcsi tegemise aeg: <\/strong>\u00f6\u00f6p\u00e4evaringselt<\/p>\n\n\n\n<p class=\"has-medium-font-size\"><strong>Anal\u00fc\u00fcsimeetod: <\/strong>kolorimeetriline meetod<\/p>\n\n\n\n<p class=\"has-medium-font-size\"><strong>Referentsv\u00e4\u00e4rtused<\/strong><\/p>\n\n\n\n<p><em>Bilirubiin<\/em><\/p>\n\n\n\n<figure class=\"wp-block-table\"><table width=\"100%\"><tbody><tr><td width=\"1%\"><\/td><td width=\"30%\"><strong>&lt; 2 p (ajaline)<\/strong><\/td><td width=\"19%\">&lt; 150 \u00b5mol\/L<\/td><td width=\"30%\"><strong>&lt; 2 p (enneaegne)<\/strong><\/td><td width=\"20%\">&lt; 140 \u00b5mol\/L<\/td><\/tr><tr><td><\/td><td><strong>2 p \u2013 &lt; 3 p (ajaline)<\/strong><\/td><td>&lt; 193 \u00b5mol\/L<\/td><td><strong>2 p \u2013 &lt; 3 p (enneaegne)<\/strong><\/td><td>&lt; 205 \u00b5mol\/L<\/td><\/tr><tr><td><\/td><td><strong>3 p \u2013 &lt; 4 p (ajaline)<\/strong><\/td><td>&lt; 217 \u00b5mol\/L<\/td><td><strong>3 p \u2013 &lt; 6 p (enneaegne)<\/strong><\/td><td>&lt; 410 \u00b5mol\/L<\/td><\/tr><tr><td><\/td><td><strong>4 p \u2013 &lt; 7 p (ajaline)<\/strong><\/td><td>&lt; 216 \u00b5mol\/L<\/td><td>&nbsp;<\/td><td>&nbsp;<\/td><\/tr><tr><td><\/td><td><strong>1 k \u2013 &lt; 18 a<\/strong><\/td><td>&lt; 17 \u00b5mol\/L<\/td><td>&nbsp;<\/td><td>&nbsp;<\/td><\/tr><tr><td><\/td><td><strong>\u2265 18 a<\/strong><\/td><td>&lt; 21 \u00b5mol\/L<\/td><td>&nbsp;<\/td><td>&nbsp;<\/td><\/tr><\/tbody><\/table><\/figure>\n\n\n\n<p><em>Konjugeeritud bilirubiin<\/em><\/p>\n\n\n\n<figure class=\"wp-block-table\"><table width=\"100%\"><tbody><tr><td width=\"1%\"><\/td><td width=\"30%\"><strong>&lt; 1 k<\/strong><\/td><td width=\"69%\">&lt; 10 \u00b5mol\/L<\/td><\/tr><tr><td><\/td><td><strong>\u2265 1 k<\/strong><\/td><td>\u2264 3,4 \u00b5mol\/L<\/td><\/tr><\/tbody><\/table><\/figure>\n\n\n\n<p class=\"has-medium-font-size\"><strong>N\u00e4idustus ja kliiniline t\u00e4hendus<\/strong><\/p>\n\n\n\n<p>Maksa- ja sapiteede haiguste, samuti hemol\u00fc\u00fctilise aneemia jt hemol\u00fc\u00fcsiga seotud seisundite diagnostika ning ravi j\u00e4lgimine. Vasts\u00fcndinute h\u00fcperbilirubineemia diagnostika ja ravi j\u00e4lgimine.<\/p>\n\n\n\n<p>Konjugeeritud bilirubiini m\u00e4\u00e4ramine on vajalik h\u00fcperbilirubineemia p\u00f5hjuse v\u00e4ljaselgitamisel.<\/p>\n\n\n\n<p><em>H\u00fcperbilirubineemia mittekonjugeeritud bilirubiini arvel:<\/em><\/p>\n\n\n\n<ul class=\"wp-block-list\">\n<li>bilirubiini suurenenud produktsioon (hemol\u00fc\u00fcsiga seotud seisundid, pol\u00fcts\u00fcteemia, vere resorptsioon sisemiste hemorraagiate puhul);<\/li>\n\n\n\n<li>konjugatsiooniv\u00f5ime kaasas\u00fcndinud puudulikkus (Gilberti s\u00fcndroom, Crigleri-Najjari s\u00fcndroom) v\u00f5i ebak\u00fcpsus (vasts\u00fcndinute f\u00fcsioloogiline h\u00fcperbilirubineemia).<\/li>\n<\/ul>\n\n\n\n<p><em>H\u00fcperbilirubineemia konjugeeritud bilirubiini arvel:<\/em><\/p>\n\n\n\n<ul class=\"wp-block-list\">\n<li>intra- ja ekstrahepaatiline kolestaas, hepatiidid;<\/li>\n\n\n\n<li>m\u00f5ned p\u00e4rilikud bilirubiini ainevahetuse h\u00e4ired (Dubini-Johnsoni s\u00fcndroom, Rotori s\u00fcndroom).<\/li>\n<\/ul>\n\n\n\n<p>Koostaja: Katrin Reimand<br>Muudetud 27.01.2023<\/p>\n","protected":false},"excerpt":{"rendered":"<p>Kliinilise keemia ja laboratoorse hematoloogia osakond Bilirubiin moodustub retikuloendoteliaals\u00fcsteemis heemi katabolismi k\u00e4igus. ~85% produtseeritavast bilirubiinist on p\u00e4rit er\u00fctrots\u00fc\u00fctide lagundamisel vabanevast heemist ning ~15% produtseeritakse er\u00fctrots\u00fc\u00fctide eellaste ja teiste heemi sisaldavate valkude (m\u00fcoglobiin, ts\u00fctokroomid, peroks\u00fcdaasid) katabolismi k\u00e4igus. L\u00f5pp-produkt, mis sekreteerub plasmasse, on vees lahustumatu (mittekonjugeeritud) bilirubiin. Viimane seotakse plasmas albumiiniga ning transporditakse maksa, kus toimub konjugeerimine [&hellip;]<\/p>\n","protected":false},"author":38,"featured_media":0,"parent":7286,"menu_order":11,"comment_status":"closed","ping_status":"closed","template":"","meta":{"_uag_custom_page_level_css":"","footnotes":""},"class_list":["post-13276","page","type-page","status-publish","hentry"],"acf":[],"yoast_head":"<!-- This site is optimized with the Yoast SEO plugin v27.3 - https:\/\/yoast.com\/product\/yoast-seo-wordpress\/ -->\n<title>Bilirubiin (S,P-Bil), konjugeeritud bilirubiin (S,P-Bil-conj) - \u00dchendlabor<\/title>\n<meta name=\"robots\" content=\"index, follow, max-snippet:-1, max-image-preview:large, max-video-preview:-1\" \/>\n<link rel=\"canonical\" href=\"https:\/\/www.kliinikum.ee\/yhendlabor\/kasiraamat\/kliinilise-keemia-uuringud\/bilirubiin-sp-bil-konjugeeritud-bilirubiin-sp-bil-conj\/\" \/>\n<meta property=\"og:locale\" content=\"et_EE\" \/>\n<meta property=\"og:type\" content=\"article\" \/>\n<meta property=\"og:title\" content=\"Bilirubiin (S,P-Bil), konjugeeritud bilirubiin (S,P-Bil-conj) - \u00dchendlabor\" \/>\n<meta property=\"og:description\" content=\"Kliinilise keemia ja laboratoorse hematoloogia osakond Bilirubiin moodustub retikuloendoteliaals\u00fcsteemis heemi katabolismi k\u00e4igus. ~85% produtseeritavast bilirubiinist on p\u00e4rit er\u00fctrots\u00fc\u00fctide lagundamisel vabanevast heemist ning ~15% produtseeritakse er\u00fctrots\u00fc\u00fctide eellaste ja teiste heemi sisaldavate valkude (m\u00fcoglobiin, ts\u00fctokroomid, peroks\u00fcdaasid) katabolismi k\u00e4igus. L\u00f5pp-produkt, mis sekreteerub plasmasse, on vees lahustumatu (mittekonjugeeritud) bilirubiin. Viimane seotakse plasmas albumiiniga ning transporditakse maksa, kus toimub konjugeerimine [&hellip;]\" \/>\n<meta property=\"og:url\" content=\"https:\/\/www.kliinikum.ee\/yhendlabor\/kasiraamat\/kliinilise-keemia-uuringud\/bilirubiin-sp-bil-konjugeeritud-bilirubiin-sp-bil-conj\/\" \/>\n<meta property=\"og:site_name\" content=\"\u00dchendlabor\" \/>\n<meta property=\"article:modified_time\" content=\"2025-12-09T20:08:24+00:00\" \/>\n<meta name=\"twitter:card\" content=\"summary_large_image\" \/>\n<meta name=\"twitter:label1\" content=\"Est. reading time\" \/>\n\t<meta name=\"twitter:data1\" content=\"2 minutit\" \/>\n<script type=\"application\/ld+json\" class=\"yoast-schema-graph\">{\"@context\":\"https:\\\/\\\/schema.org\",\"@graph\":[{\"@type\":\"WebPage\",\"@id\":\"https:\\\/\\\/www.kliinikum.ee\\\/yhendlabor\\\/kasiraamat\\\/kliinilise-keemia-uuringud\\\/bilirubiin-sp-bil-konjugeeritud-bilirubiin-sp-bil-conj\\\/\",\"url\":\"https:\\\/\\\/www.kliinikum.ee\\\/yhendlabor\\\/kasiraamat\\\/kliinilise-keemia-uuringud\\\/bilirubiin-sp-bil-konjugeeritud-bilirubiin-sp-bil-conj\\\/\",\"name\":\"Bilirubiin (S,P-Bil), konjugeeritud bilirubiin (S,P-Bil-conj) - \u00dchendlabor\",\"isPartOf\":{\"@id\":\"https:\\\/\\\/www.kliinikum.ee\\\/yhendlabor\\\/#website\"},\"datePublished\":\"2025-09-28T10:48:01+00:00\",\"dateModified\":\"2025-12-09T20:08:24+00:00\",\"breadcrumb\":{\"@id\":\"https:\\\/\\\/www.kliinikum.ee\\\/yhendlabor\\\/kasiraamat\\\/kliinilise-keemia-uuringud\\\/bilirubiin-sp-bil-konjugeeritud-bilirubiin-sp-bil-conj\\\/#breadcrumb\"},\"inLanguage\":\"et\",\"potentialAction\":[{\"@type\":\"ReadAction\",\"target\":[\"https:\\\/\\\/www.kliinikum.ee\\\/yhendlabor\\\/kasiraamat\\\/kliinilise-keemia-uuringud\\\/bilirubiin-sp-bil-konjugeeritud-bilirubiin-sp-bil-conj\\\/\"]}]},{\"@type\":\"BreadcrumbList\",\"@id\":\"https:\\\/\\\/www.kliinikum.ee\\\/yhendlabor\\\/kasiraamat\\\/kliinilise-keemia-uuringud\\\/bilirubiin-sp-bil-konjugeeritud-bilirubiin-sp-bil-conj\\\/#breadcrumb\",\"itemListElement\":[{\"@type\":\"ListItem\",\"position\":1,\"name\":\"Home\",\"item\":\"https:\\\/\\\/www.kliinikum.ee\\\/yhendlabor\\\/\"},{\"@type\":\"ListItem\",\"position\":2,\"name\":\"K\u00e4siraamat\",\"item\":\"https:\\\/\\\/www.kliinikum.ee\\\/yhendlabor\\\/kasiraamat\\\/\"},{\"@type\":\"ListItem\",\"position\":3,\"name\":\"Kliinilise keemia uuringud\",\"item\":\"https:\\\/\\\/www.kliinikum.ee\\\/yhendlabor\\\/kasiraamat\\\/kliinilise-keemia-uuringud\\\/\"},{\"@type\":\"ListItem\",\"position\":4,\"name\":\"Bilirubiin (S,P-Bil), konjugeeritud bilirubiin (S,P-Bil-conj)\"}]},{\"@type\":\"WebSite\",\"@id\":\"https:\\\/\\\/www.kliinikum.ee\\\/yhendlabor\\\/#website\",\"url\":\"https:\\\/\\\/www.kliinikum.ee\\\/yhendlabor\\\/\",\"name\":\"\u00dchendlabor\",\"description\":\"Hoolivus, Uuendusmeelsus, P\u00e4devus ja Usaldusv\u00e4\u00e4rsus\",\"potentialAction\":[{\"@type\":\"SearchAction\",\"target\":{\"@type\":\"EntryPoint\",\"urlTemplate\":\"https:\\\/\\\/www.kliinikum.ee\\\/yhendlabor\\\/?s={search_term_string}\"},\"query-input\":{\"@type\":\"PropertyValueSpecification\",\"valueRequired\":true,\"valueName\":\"search_term_string\"}}],\"inLanguage\":\"et\"}]}<\/script>\n<!-- \/ Yoast SEO plugin. -->","yoast_head_json":{"title":"Bilirubiin (S,P-Bil), konjugeeritud bilirubiin (S,P-Bil-conj) - \u00dchendlabor","robots":{"index":"index","follow":"follow","max-snippet":"max-snippet:-1","max-image-preview":"max-image-preview:large","max-video-preview":"max-video-preview:-1"},"canonical":"https:\/\/www.kliinikum.ee\/yhendlabor\/kasiraamat\/kliinilise-keemia-uuringud\/bilirubiin-sp-bil-konjugeeritud-bilirubiin-sp-bil-conj\/","og_locale":"et_EE","og_type":"article","og_title":"Bilirubiin (S,P-Bil), konjugeeritud bilirubiin (S,P-Bil-conj) - \u00dchendlabor","og_description":"Kliinilise keemia ja laboratoorse hematoloogia osakond Bilirubiin moodustub retikuloendoteliaals\u00fcsteemis heemi katabolismi k\u00e4igus. ~85% produtseeritavast bilirubiinist on p\u00e4rit er\u00fctrots\u00fc\u00fctide lagundamisel vabanevast heemist ning ~15% produtseeritakse er\u00fctrots\u00fc\u00fctide eellaste ja teiste heemi sisaldavate valkude (m\u00fcoglobiin, ts\u00fctokroomid, peroks\u00fcdaasid) katabolismi k\u00e4igus. L\u00f5pp-produkt, mis sekreteerub plasmasse, on vees lahustumatu (mittekonjugeeritud) bilirubiin. Viimane seotakse plasmas albumiiniga ning transporditakse maksa, kus toimub konjugeerimine [&hellip;]","og_url":"https:\/\/www.kliinikum.ee\/yhendlabor\/kasiraamat\/kliinilise-keemia-uuringud\/bilirubiin-sp-bil-konjugeeritud-bilirubiin-sp-bil-conj\/","og_site_name":"\u00dchendlabor","article_modified_time":"2025-12-09T20:08:24+00:00","twitter_card":"summary_large_image","twitter_misc":{"Est. reading time":"2 minutit"},"schema":{"@context":"https:\/\/schema.org","@graph":[{"@type":"WebPage","@id":"https:\/\/www.kliinikum.ee\/yhendlabor\/kasiraamat\/kliinilise-keemia-uuringud\/bilirubiin-sp-bil-konjugeeritud-bilirubiin-sp-bil-conj\/","url":"https:\/\/www.kliinikum.ee\/yhendlabor\/kasiraamat\/kliinilise-keemia-uuringud\/bilirubiin-sp-bil-konjugeeritud-bilirubiin-sp-bil-conj\/","name":"Bilirubiin (S,P-Bil), konjugeeritud bilirubiin (S,P-Bil-conj) - \u00dchendlabor","isPartOf":{"@id":"https:\/\/www.kliinikum.ee\/yhendlabor\/#website"},"datePublished":"2025-09-28T10:48:01+00:00","dateModified":"2025-12-09T20:08:24+00:00","breadcrumb":{"@id":"https:\/\/www.kliinikum.ee\/yhendlabor\/kasiraamat\/kliinilise-keemia-uuringud\/bilirubiin-sp-bil-konjugeeritud-bilirubiin-sp-bil-conj\/#breadcrumb"},"inLanguage":"et","potentialAction":[{"@type":"ReadAction","target":["https:\/\/www.kliinikum.ee\/yhendlabor\/kasiraamat\/kliinilise-keemia-uuringud\/bilirubiin-sp-bil-konjugeeritud-bilirubiin-sp-bil-conj\/"]}]},{"@type":"BreadcrumbList","@id":"https:\/\/www.kliinikum.ee\/yhendlabor\/kasiraamat\/kliinilise-keemia-uuringud\/bilirubiin-sp-bil-konjugeeritud-bilirubiin-sp-bil-conj\/#breadcrumb","itemListElement":[{"@type":"ListItem","position":1,"name":"Home","item":"https:\/\/www.kliinikum.ee\/yhendlabor\/"},{"@type":"ListItem","position":2,"name":"K\u00e4siraamat","item":"https:\/\/www.kliinikum.ee\/yhendlabor\/kasiraamat\/"},{"@type":"ListItem","position":3,"name":"Kliinilise keemia uuringud","item":"https:\/\/www.kliinikum.ee\/yhendlabor\/kasiraamat\/kliinilise-keemia-uuringud\/"},{"@type":"ListItem","position":4,"name":"Bilirubiin (S,P-Bil), konjugeeritud bilirubiin (S,P-Bil-conj)"}]},{"@type":"WebSite","@id":"https:\/\/www.kliinikum.ee\/yhendlabor\/#website","url":"https:\/\/www.kliinikum.ee\/yhendlabor\/","name":"\u00dchendlabor","description":"Hoolivus, Uuendusmeelsus, P\u00e4devus ja Usaldusv\u00e4\u00e4rsus","potentialAction":[{"@type":"SearchAction","target":{"@type":"EntryPoint","urlTemplate":"https:\/\/www.kliinikum.ee\/yhendlabor\/?s={search_term_string}"},"query-input":{"@type":"PropertyValueSpecification","valueRequired":true,"valueName":"search_term_string"}}],"inLanguage":"et"}]}},"uagb_featured_image_src":{"full":false,"thumbnail":false,"medium":false,"medium_large":false,"large":false,"1536x1536":false,"2048x2048":false},"uagb_author_info":{"display_name":"Kadi Siigur","author_link":"https:\/\/www.kliinikum.ee\/yhendlabor\/author\/kadisi\/"},"uagb_comment_info":0,"uagb_excerpt":"Kliinilise keemia ja laboratoorse hematoloogia osakond Bilirubiin moodustub retikuloendoteliaals\u00fcsteemis heemi katabolismi k\u00e4igus. ~85% produtseeritavast bilirubiinist on p\u00e4rit er\u00fctrots\u00fc\u00fctide lagundamisel vabanevast heemist ning ~15% produtseeritakse er\u00fctrots\u00fc\u00fctide eellaste ja teiste heemi sisaldavate valkude (m\u00fcoglobiin, ts\u00fctokroomid, peroks\u00fcdaasid) katabolismi k\u00e4igus. L\u00f5pp-produkt, mis sekreteerub plasmasse, on vees lahustumatu (mittekonjugeeritud) bilirubiin. Viimane seotakse plasmas albumiiniga ning transporditakse maksa, kus toimub konjugeerimine&hellip;","_links":{"self":[{"href":"https:\/\/www.kliinikum.ee\/yhendlabor\/wp-json\/wp\/v2\/pages\/13276","targetHints":{"allow":["GET"]}}],"collection":[{"href":"https:\/\/www.kliinikum.ee\/yhendlabor\/wp-json\/wp\/v2\/pages"}],"about":[{"href":"https:\/\/www.kliinikum.ee\/yhendlabor\/wp-json\/wp\/v2\/types\/page"}],"author":[{"embeddable":true,"href":"https:\/\/www.kliinikum.ee\/yhendlabor\/wp-json\/wp\/v2\/users\/38"}],"replies":[{"embeddable":true,"href":"https:\/\/www.kliinikum.ee\/yhendlabor\/wp-json\/wp\/v2\/comments?post=13276"}],"version-history":[{"count":0,"href":"https:\/\/www.kliinikum.ee\/yhendlabor\/wp-json\/wp\/v2\/pages\/13276\/revisions"}],"up":[{"embeddable":true,"href":"https:\/\/www.kliinikum.ee\/yhendlabor\/wp-json\/wp\/v2\/pages\/7286"}],"wp:attachment":[{"href":"https:\/\/www.kliinikum.ee\/yhendlabor\/wp-json\/wp\/v2\/media?parent=13276"}],"curies":[{"name":"wp","href":"https:\/\/api.w.org\/{rel}","templated":true}]}}