{"id":13289,"date":"2025-09-28T13:12:07","date_gmt":"2025-09-28T11:12:07","guid":{"rendered":"https:\/\/www.kliinikum.ee\/yhendlabor\/?page_id=13289"},"modified":"2025-12-09T22:13:33","modified_gmt":"2025-12-09T20:13:33","slug":"gammaglutamuuli-transferaas-sp-ggt","status":"publish","type":"page","link":"https:\/\/www.kliinikum.ee\/yhendlabor\/kasiraamat\/kliinilise-keemia-uuringud\/gammaglutamuuli-transferaas-sp-ggt\/","title":{"rendered":"Gammaglutam\u00fc\u00fcli transferaas (S,P-GGT)"},"content":{"rendered":"\n<p><em>Kliinilise keemia osakond, tel. 731 8316<\/em><\/p>\n\n\n\n<p><strong>Gammaglutam\u00fc\u00fcli transferaas (GGT)<\/strong> on ens\u00fc\u00fcm, mis katal\u00fc\u00fcsib \u03b3-glutam\u00fc\u00fclgrupi \u00fclekannet peptiididelt erinevatele orgaanilistele \u00fchenditele. Gammaglutam\u00fc\u00fcli transferaasi leidub\u00a0 maksas, pankreases, neerudes ja sooltes. Seerumis\/plasmas leitav GGT aktiivsus p\u00e4rineb normaaljuhul valdavalt maksast.<\/p>\n\n\n\n<p class=\"has-medium-font-size\"><strong>Uuritav materjal, selle v\u00f5tmine, saatmine ja s\u00e4ilitamine<\/strong><\/p>\n\n\n\n<p><em>Proov ei tohi olla hemol\u00fc\u00fctiline!<\/em><\/p>\n\n\n\n<figure class=\"wp-block-table is-style-stripes\"><table width=\"100%\"><tbody><tr><td width=\"1%\"><\/td><td width=\"15%\"><strong>Katsuti<\/strong><\/td><td width=\"84%\">Geeli ja h\u00fc\u00fcbimisaktivaatoriga katsuti (kollane kork) v\u00f5i geeliga LH-katsuti (heleroheline kork)<\/td><\/tr><tr><td><\/td><td><strong>S\u00e4ilivus<\/strong><\/td><td>Seerum toatemperatuuril ja +4 \u00b0C \u00fcks n\u00e4dal, -20 \u00b0C \u00fcks aasta<\/td><\/tr><\/tbody><\/table><\/figure>\n\n\n\n<p class=\"has-medium-font-size\"><strong>Anal\u00fc\u00fcsi tegemise aeg:<\/strong> \u00f6\u00f6p\u00e4evaringselt<\/p>\n\n\n\n<p class=\"has-medium-font-size\"><strong>Anal\u00fc\u00fcsimeetod:<\/strong> ens\u00fcmaatiline kolorimeetriline meetod<\/p>\n\n\n\n<p class=\"has-medium-font-size\"><strong>Referentsv\u00e4\u00e4rtused<\/strong><\/p>\n\n\n\n<figure class=\"wp-block-table\"><table width=\"100%\"><tbody><tr><td width=\"1%\"><\/td><td width=\"20%\"><strong>Enneaegsed vasts\u00fcndinud<\/strong><\/td><td width=\"20%\"><\/td><td width=\"59%\">&lt; 257 U\/L<\/td><\/tr><tr><td><\/td><td><strong>&lt; 2 p\u00a0\u00a0\u00a0\u00a0\u00a0<\/strong><\/td><td><\/td><td>&lt; 151 U\/L<\/td><\/tr><tr><td><\/td><td><strong>2 p \u2013 &lt; 6 p<\/strong><\/td><td><\/td><td>&lt; 185 U\/L<\/td><\/tr><tr><td><\/td><td><strong>6 p \u2013 &lt; 7 k<\/strong><\/td><td><\/td><td>&lt; 204 U\/L<\/td><\/tr><tr><td><\/td><td><strong>7 k \u2013 &lt; 1 a<\/strong><\/td><td><\/td><td>&lt; 34 U\/L<\/td><\/tr><tr><td><\/td><td><strong>1 a \u2013 &lt; 4 a<\/strong><\/td><td><\/td><td>&lt; 18 U\/L<\/td><\/tr><tr><td><\/td><td><strong>4 a \u2013 &lt; 7 a<\/strong><\/td><td><\/td><td>&lt; 23 U\/L<\/td><\/tr><tr><td><\/td><td><strong>7 a \u2013 &lt; 13 a<\/strong><\/td><td><\/td><td>&lt; 17 U\/L<\/td><\/tr><tr><td><\/td><td><strong>13 a \u2013 &lt; 18 a<\/strong><\/td><td><strong>M<\/strong><\/td><td>&lt; 45 U\/L<\/td><\/tr><tr><td><\/td><td><\/td><td><strong>N<\/strong><\/td><td>&lt; 33 U\/L<\/td><\/tr><tr><td><\/td><td><strong>\u2265 18 a<\/strong><\/td><td><strong>M<\/strong><\/td><td>&lt; 60 U\/L<\/td><\/tr><tr><td><\/td><td><\/td><td><strong>N<\/strong><\/td><td>&lt; 40 U\/L<\/td><\/tr><\/tbody><\/table><\/figure>\n\n\n\n<p class=\"has-medium-font-size\"><strong>N\u00e4idustus ja kliiniline t\u00e4hendus<\/strong><\/p>\n\n\n\n<p>Maksahaiguste diagnostika ja ravi j\u00e4lgimine.<\/p>\n\n\n\n<p>GGT on tundlik, kuid mittespetsiifiline maksakahjustuse n\u00e4itaja. GGT aktiivsus on suurenenud praktiliselt k\u00f5igi hepatobiliaarsete haiguste korral. Aktiivsus suureneb enim nii intra- kui ka ekstrahepaatilise kolestaasi korral. K\u00f5rgeid GGT v\u00e4\u00e4rtusi on t\u00e4heldatud nii primaarste maksakasvajate, kui ka maksa metastaaside puhul. Viirushepatiitide ja mittealkohoolse steatohepatiidi korral on aktiivsuse suurenemine tagasihoidlikum. Krambivastaste ravimite kasutamine (fenobarbitaal ja fen\u00fctoiin) suurendab GGT aktiivsust. Alkoholi kroonilistel liigtarbijatel v\u00f5ib GGT aktiivsus olla tunduvalt suurenenud, \u00fchekordne alkoholi pruukimine GGT aktiivsust oluliselt ei m\u00f5juta. GGT aktiivsuse t\u00f5us v\u00f5ib esineda nii \u00e4geda kui kroonilise pankreatiidi ja pankrease kasvajate puhul.<\/p>\n\n\n\n<p>Koostaja: Katrin Reimand<\/p>\n","protected":false},"excerpt":{"rendered":"<p>Kliinilise keemia osakond, tel. 731 8316 Gammaglutam\u00fc\u00fcli transferaas (GGT) on ens\u00fc\u00fcm, mis katal\u00fc\u00fcsib \u03b3-glutam\u00fc\u00fclgrupi \u00fclekannet peptiididelt erinevatele orgaanilistele \u00fchenditele. Gammaglutam\u00fc\u00fcli transferaasi leidub\u00a0 maksas, pankreases, neerudes ja sooltes. Seerumis\/plasmas leitav GGT aktiivsus p\u00e4rineb normaaljuhul valdavalt maksast. Uuritav materjal, selle v\u00f5tmine, saatmine ja s\u00e4ilitamine Proov ei tohi olla hemol\u00fc\u00fctiline! Katsuti Geeli ja h\u00fc\u00fcbimisaktivaatoriga katsuti (kollane kork) v\u00f5i [&hellip;]<\/p>\n","protected":false},"author":38,"featured_media":0,"parent":7286,"menu_order":14,"comment_status":"closed","ping_status":"closed","template":"","meta":{"_uag_custom_page_level_css":"","footnotes":""},"class_list":["post-13289","page","type-page","status-publish","hentry"],"acf":[],"yoast_head":"<!-- This site is optimized with the Yoast SEO plugin v27.3 - https:\/\/yoast.com\/product\/yoast-seo-wordpress\/ -->\n<title>Gammaglutam\u00fc\u00fcli transferaas (S,P-GGT) - \u00dchendlabor<\/title>\n<meta name=\"robots\" content=\"index, follow, max-snippet:-1, max-image-preview:large, max-video-preview:-1\" \/>\n<link rel=\"canonical\" href=\"https:\/\/www.kliinikum.ee\/yhendlabor\/kasiraamat\/kliinilise-keemia-uuringud\/gammaglutamuuli-transferaas-sp-ggt\/\" \/>\n<meta property=\"og:locale\" content=\"et_EE\" \/>\n<meta property=\"og:type\" content=\"article\" \/>\n<meta property=\"og:title\" content=\"Gammaglutam\u00fc\u00fcli transferaas (S,P-GGT) - \u00dchendlabor\" \/>\n<meta property=\"og:description\" content=\"Kliinilise keemia osakond, tel. 731 8316 Gammaglutam\u00fc\u00fcli transferaas (GGT) on ens\u00fc\u00fcm, mis katal\u00fc\u00fcsib \u03b3-glutam\u00fc\u00fclgrupi \u00fclekannet peptiididelt erinevatele orgaanilistele \u00fchenditele. Gammaglutam\u00fc\u00fcli transferaasi leidub\u00a0 maksas, pankreases, neerudes ja sooltes. Seerumis\/plasmas leitav GGT aktiivsus p\u00e4rineb normaaljuhul valdavalt maksast. Uuritav materjal, selle v\u00f5tmine, saatmine ja s\u00e4ilitamine Proov ei tohi olla hemol\u00fc\u00fctiline! Katsuti Geeli ja h\u00fc\u00fcbimisaktivaatoriga katsuti (kollane kork) v\u00f5i [&hellip;]\" \/>\n<meta property=\"og:url\" content=\"https:\/\/www.kliinikum.ee\/yhendlabor\/kasiraamat\/kliinilise-keemia-uuringud\/gammaglutamuuli-transferaas-sp-ggt\/\" \/>\n<meta property=\"og:site_name\" content=\"\u00dchendlabor\" \/>\n<meta property=\"article:modified_time\" content=\"2025-12-09T20:13:33+00:00\" \/>\n<meta name=\"twitter:card\" content=\"summary_large_image\" \/>\n<meta name=\"twitter:label1\" content=\"Est. reading time\" \/>\n\t<meta name=\"twitter:data1\" content=\"2 minutit\" \/>\n<script type=\"application\/ld+json\" class=\"yoast-schema-graph\">{\"@context\":\"https:\\\/\\\/schema.org\",\"@graph\":[{\"@type\":\"WebPage\",\"@id\":\"https:\\\/\\\/www.kliinikum.ee\\\/yhendlabor\\\/kasiraamat\\\/kliinilise-keemia-uuringud\\\/gammaglutamuuli-transferaas-sp-ggt\\\/\",\"url\":\"https:\\\/\\\/www.kliinikum.ee\\\/yhendlabor\\\/kasiraamat\\\/kliinilise-keemia-uuringud\\\/gammaglutamuuli-transferaas-sp-ggt\\\/\",\"name\":\"Gammaglutam\u00fc\u00fcli transferaas (S,P-GGT) - \u00dchendlabor\",\"isPartOf\":{\"@id\":\"https:\\\/\\\/www.kliinikum.ee\\\/yhendlabor\\\/#website\"},\"datePublished\":\"2025-09-28T11:12:07+00:00\",\"dateModified\":\"2025-12-09T20:13:33+00:00\",\"breadcrumb\":{\"@id\":\"https:\\\/\\\/www.kliinikum.ee\\\/yhendlabor\\\/kasiraamat\\\/kliinilise-keemia-uuringud\\\/gammaglutamuuli-transferaas-sp-ggt\\\/#breadcrumb\"},\"inLanguage\":\"et\",\"potentialAction\":[{\"@type\":\"ReadAction\",\"target\":[\"https:\\\/\\\/www.kliinikum.ee\\\/yhendlabor\\\/kasiraamat\\\/kliinilise-keemia-uuringud\\\/gammaglutamuuli-transferaas-sp-ggt\\\/\"]}]},{\"@type\":\"BreadcrumbList\",\"@id\":\"https:\\\/\\\/www.kliinikum.ee\\\/yhendlabor\\\/kasiraamat\\\/kliinilise-keemia-uuringud\\\/gammaglutamuuli-transferaas-sp-ggt\\\/#breadcrumb\",\"itemListElement\":[{\"@type\":\"ListItem\",\"position\":1,\"name\":\"Home\",\"item\":\"https:\\\/\\\/www.kliinikum.ee\\\/yhendlabor\\\/\"},{\"@type\":\"ListItem\",\"position\":2,\"name\":\"K\u00e4siraamat\",\"item\":\"https:\\\/\\\/www.kliinikum.ee\\\/yhendlabor\\\/kasiraamat\\\/\"},{\"@type\":\"ListItem\",\"position\":3,\"name\":\"Kliinilise keemia uuringud\",\"item\":\"https:\\\/\\\/www.kliinikum.ee\\\/yhendlabor\\\/kasiraamat\\\/kliinilise-keemia-uuringud\\\/\"},{\"@type\":\"ListItem\",\"position\":4,\"name\":\"Gammaglutam\u00fc\u00fcli transferaas (S,P-GGT)\"}]},{\"@type\":\"WebSite\",\"@id\":\"https:\\\/\\\/www.kliinikum.ee\\\/yhendlabor\\\/#website\",\"url\":\"https:\\\/\\\/www.kliinikum.ee\\\/yhendlabor\\\/\",\"name\":\"\u00dchendlabor\",\"description\":\"Hoolivus, Uuendusmeelsus, P\u00e4devus ja Usaldusv\u00e4\u00e4rsus\",\"potentialAction\":[{\"@type\":\"SearchAction\",\"target\":{\"@type\":\"EntryPoint\",\"urlTemplate\":\"https:\\\/\\\/www.kliinikum.ee\\\/yhendlabor\\\/?s={search_term_string}\"},\"query-input\":{\"@type\":\"PropertyValueSpecification\",\"valueRequired\":true,\"valueName\":\"search_term_string\"}}],\"inLanguage\":\"et\"}]}<\/script>\n<!-- \/ Yoast SEO plugin. -->","yoast_head_json":{"title":"Gammaglutam\u00fc\u00fcli transferaas (S,P-GGT) - \u00dchendlabor","robots":{"index":"index","follow":"follow","max-snippet":"max-snippet:-1","max-image-preview":"max-image-preview:large","max-video-preview":"max-video-preview:-1"},"canonical":"https:\/\/www.kliinikum.ee\/yhendlabor\/kasiraamat\/kliinilise-keemia-uuringud\/gammaglutamuuli-transferaas-sp-ggt\/","og_locale":"et_EE","og_type":"article","og_title":"Gammaglutam\u00fc\u00fcli transferaas (S,P-GGT) - \u00dchendlabor","og_description":"Kliinilise keemia osakond, tel. 731 8316 Gammaglutam\u00fc\u00fcli transferaas (GGT) on ens\u00fc\u00fcm, mis katal\u00fc\u00fcsib \u03b3-glutam\u00fc\u00fclgrupi \u00fclekannet peptiididelt erinevatele orgaanilistele \u00fchenditele. Gammaglutam\u00fc\u00fcli transferaasi leidub\u00a0 maksas, pankreases, neerudes ja sooltes. Seerumis\/plasmas leitav GGT aktiivsus p\u00e4rineb normaaljuhul valdavalt maksast. Uuritav materjal, selle v\u00f5tmine, saatmine ja s\u00e4ilitamine Proov ei tohi olla hemol\u00fc\u00fctiline! Katsuti Geeli ja h\u00fc\u00fcbimisaktivaatoriga katsuti (kollane kork) v\u00f5i [&hellip;]","og_url":"https:\/\/www.kliinikum.ee\/yhendlabor\/kasiraamat\/kliinilise-keemia-uuringud\/gammaglutamuuli-transferaas-sp-ggt\/","og_site_name":"\u00dchendlabor","article_modified_time":"2025-12-09T20:13:33+00:00","twitter_card":"summary_large_image","twitter_misc":{"Est. reading time":"2 minutit"},"schema":{"@context":"https:\/\/schema.org","@graph":[{"@type":"WebPage","@id":"https:\/\/www.kliinikum.ee\/yhendlabor\/kasiraamat\/kliinilise-keemia-uuringud\/gammaglutamuuli-transferaas-sp-ggt\/","url":"https:\/\/www.kliinikum.ee\/yhendlabor\/kasiraamat\/kliinilise-keemia-uuringud\/gammaglutamuuli-transferaas-sp-ggt\/","name":"Gammaglutam\u00fc\u00fcli transferaas (S,P-GGT) - \u00dchendlabor","isPartOf":{"@id":"https:\/\/www.kliinikum.ee\/yhendlabor\/#website"},"datePublished":"2025-09-28T11:12:07+00:00","dateModified":"2025-12-09T20:13:33+00:00","breadcrumb":{"@id":"https:\/\/www.kliinikum.ee\/yhendlabor\/kasiraamat\/kliinilise-keemia-uuringud\/gammaglutamuuli-transferaas-sp-ggt\/#breadcrumb"},"inLanguage":"et","potentialAction":[{"@type":"ReadAction","target":["https:\/\/www.kliinikum.ee\/yhendlabor\/kasiraamat\/kliinilise-keemia-uuringud\/gammaglutamuuli-transferaas-sp-ggt\/"]}]},{"@type":"BreadcrumbList","@id":"https:\/\/www.kliinikum.ee\/yhendlabor\/kasiraamat\/kliinilise-keemia-uuringud\/gammaglutamuuli-transferaas-sp-ggt\/#breadcrumb","itemListElement":[{"@type":"ListItem","position":1,"name":"Home","item":"https:\/\/www.kliinikum.ee\/yhendlabor\/"},{"@type":"ListItem","position":2,"name":"K\u00e4siraamat","item":"https:\/\/www.kliinikum.ee\/yhendlabor\/kasiraamat\/"},{"@type":"ListItem","position":3,"name":"Kliinilise keemia uuringud","item":"https:\/\/www.kliinikum.ee\/yhendlabor\/kasiraamat\/kliinilise-keemia-uuringud\/"},{"@type":"ListItem","position":4,"name":"Gammaglutam\u00fc\u00fcli transferaas (S,P-GGT)"}]},{"@type":"WebSite","@id":"https:\/\/www.kliinikum.ee\/yhendlabor\/#website","url":"https:\/\/www.kliinikum.ee\/yhendlabor\/","name":"\u00dchendlabor","description":"Hoolivus, Uuendusmeelsus, P\u00e4devus ja Usaldusv\u00e4\u00e4rsus","potentialAction":[{"@type":"SearchAction","target":{"@type":"EntryPoint","urlTemplate":"https:\/\/www.kliinikum.ee\/yhendlabor\/?s={search_term_string}"},"query-input":{"@type":"PropertyValueSpecification","valueRequired":true,"valueName":"search_term_string"}}],"inLanguage":"et"}]}},"uagb_featured_image_src":{"full":false,"thumbnail":false,"medium":false,"medium_large":false,"large":false,"1536x1536":false,"2048x2048":false},"uagb_author_info":{"display_name":"Kadi Siigur","author_link":"https:\/\/www.kliinikum.ee\/yhendlabor\/author\/kadisi\/"},"uagb_comment_info":0,"uagb_excerpt":"Kliinilise keemia osakond, tel. 731 8316 Gammaglutam\u00fc\u00fcli transferaas (GGT) on ens\u00fc\u00fcm, mis katal\u00fc\u00fcsib \u03b3-glutam\u00fc\u00fclgrupi \u00fclekannet peptiididelt erinevatele orgaanilistele \u00fchenditele. Gammaglutam\u00fc\u00fcli transferaasi leidub\u00a0 maksas, pankreases, neerudes ja sooltes. Seerumis\/plasmas leitav GGT aktiivsus p\u00e4rineb normaaljuhul valdavalt maksast. Uuritav materjal, selle v\u00f5tmine, saatmine ja s\u00e4ilitamine Proov ei tohi olla hemol\u00fc\u00fctiline! Katsuti Geeli ja h\u00fc\u00fcbimisaktivaatoriga katsuti (kollane kork) v\u00f5i&hellip;","_links":{"self":[{"href":"https:\/\/www.kliinikum.ee\/yhendlabor\/wp-json\/wp\/v2\/pages\/13289","targetHints":{"allow":["GET"]}}],"collection":[{"href":"https:\/\/www.kliinikum.ee\/yhendlabor\/wp-json\/wp\/v2\/pages"}],"about":[{"href":"https:\/\/www.kliinikum.ee\/yhendlabor\/wp-json\/wp\/v2\/types\/page"}],"author":[{"embeddable":true,"href":"https:\/\/www.kliinikum.ee\/yhendlabor\/wp-json\/wp\/v2\/users\/38"}],"replies":[{"embeddable":true,"href":"https:\/\/www.kliinikum.ee\/yhendlabor\/wp-json\/wp\/v2\/comments?post=13289"}],"version-history":[{"count":0,"href":"https:\/\/www.kliinikum.ee\/yhendlabor\/wp-json\/wp\/v2\/pages\/13289\/revisions"}],"up":[{"embeddable":true,"href":"https:\/\/www.kliinikum.ee\/yhendlabor\/wp-json\/wp\/v2\/pages\/7286"}],"wp:attachment":[{"href":"https:\/\/www.kliinikum.ee\/yhendlabor\/wp-json\/wp\/v2\/media?parent=13289"}],"curies":[{"name":"wp","href":"https:\/\/api.w.org\/{rel}","templated":true}]}}