{"id":13297,"date":"2025-09-28T13:34:02","date_gmt":"2025-09-28T11:34:02","guid":{"rendered":"https:\/\/www.kliinikum.ee\/yhendlabor\/?page_id=13297"},"modified":"2025-12-09T22:18:43","modified_gmt":"2025-12-09T20:18:43","slug":"glukoosi-taluvuse-proov-gtt","status":"publish","type":"page","link":"https:\/\/www.kliinikum.ee\/yhendlabor\/kasiraamat\/kliinilise-keemia-uuringud\/glukoosi-taluvuse-proov-gtt\/","title":{"rendered":"Gl\u00fckoosi taluvuse proov (GTT)"},"content":{"rendered":"\n<p><em>Kliinilise keemia ja laboratoorse hematoloogia osakond<\/em><br><em>Lastekliiniku osakond<\/em><\/p>\n\n\n\n<p><strong>Test gl\u00fckoosi ainevahetuse h\u00e4irete tuvastamiseks.<\/strong> J\u00e4relduste aluseks on gl\u00fckoosi tase paastuveres ja selle muutused ajas p\u00e4rast m\u00f5\u00f5detud gl\u00fckoosiannuse manustamist.<\/p>\n\n\n\n<p class=\"has-medium-font-size\"><strong>Uuritav materjal, selle v\u00f5tmine, saatmine ja s\u00e4ilitamine<\/strong><\/p>\n\n\n\n<figure class=\"wp-block-table is-style-stripes\"><table width=\"100%\"><tbody><tr><td width=\"1%\"><\/td><td width=\"15%\"><strong>Katsuti<\/strong><\/td><td width=\"84%\">Gl\u00fckol\u00fc\u00fcsi inhibiitoriga katsuti (hall kork)<\/td><\/tr><tr><td><\/td><td><strong>S\u00e4ilivus<\/strong><\/td><td>Gl\u00fckol\u00fc\u00fcsi inhibiitoriga katsutis v\u00f5ib proovi s\u00e4ilitada toatemperatuuril 24 tundi<\/td><\/tr><\/tbody><\/table><\/figure>\n\n\n\n<p><em>Testi l\u00e4biviimine<\/em><\/p>\n\n\n\n<p>Uuritav peab kolm p\u00e4eva enne testi j\u00e4rgima tavalist elustiili ja f\u00fc\u00fcsilist aktiivsust ning s\u00fcsivesikute sisaldus dieedis peab olema v\u00e4hemalt 150 g p\u00e4evas. Testi eel peab uuritav 8\u201314 tundi paastuma, samuti ei tohiks tarvitada ravimeid, mis m\u00f5jutavad gl\u00fckoosi taset veres (tiasiid-diureetikumid, oraalsed kontratseptiivid, kortikosteroidid). Testi ajal on uuritaval keelatud suitsetamine ja f\u00fc\u00fcsiline koormus.<\/p>\n\n\n\n<p><em>I vereproov<\/em> v\u00f5etakse gl\u00fckoosi algkontsentratsiooni m\u00e4\u00e4ramiseks hommikul kl 7\u20139. Seej\u00e4rel joob uuritav 3\u20135 minuti jooksul \u00e4ra gl\u00fckoosilahuse. Gl\u00fckoosi annus t\u00e4iskasvanutel on 75 g lahustatuna 300 mL vees, lastel puhul 1,75 g gl\u00fckoosi 1 kg kehakaalu kohta, kuid kokku mitte rohkem kui 75 g. V\u00f5ib kasutada ka valmis gl\u00fckoosilahust (Glycodyn), mis on saadaval apteekides.<\/p>\n\n\n\n<p><em>II vereproov<\/em> v\u00f5etakse t\u00e4pselt kaks tundi peale gl\u00fckoosi manustamist. Katsutid nummerdatakse.<\/p>\n\n\n\n<p><em>Gestatsioonidiabeedi s\u00f5eluuringuks<\/em> teostatakse test suure riskiga rasedatel kohe esimesel k\u00fclastusel, keskmise riski korral 24. ja 28. rasedusn\u00e4dala vahel ning v\u00e4ikese riski korral, kui arst peab s\u00f5eluuringut vajalikuks, samuti 24.\u201328. rasedusn\u00e4dala vahel. Erinevalt tavap\u00e4rasest gl\u00fckoosi taluvuse proovist v\u00f5etakse vereproov gl\u00fckoosi m\u00e4\u00e4ramiseks ka \u00fcks tund p\u00e4rast gl\u00fckoosi manustamist.<\/p>\n\n\n\n<p class=\"has-medium-font-size\"><strong>Anal\u00fc\u00fcsi tegemise aeg: <\/strong>t\u00f6\u00f6p\u00e4eviti<\/p>\n\n\n\n<p class=\"has-medium-font-size\"><strong>Anal\u00fc\u00fcsimeetod: <\/strong>ens\u00fcmaatiline meetod heksokinaasiga<\/p>\n\n\n\n<p class=\"has-medium-font-size\"><strong>Referentsv\u00e4\u00e4rtused<\/strong><\/p>\n\n\n\n<p>GTT hindamiskriteeriumid<\/p>\n\n\n\n<figure class=\"wp-block-table\"><table width=\"100%\"><tbody><tr><td width=\"1%\"><\/td><td width=\"30%\">&nbsp;<\/td><td width=\"28%\"><strong>Gl\u00fckoos paastuplasmas, mmol\/L<\/strong><\/td><td width=\"7%\">&nbsp;<\/td><td width=\"34%\"><strong>Gl\u00fckoos plasmas 120 min p\u00e4rast gl\u00fckoosi manustamist, mmol\/L<\/strong><\/td><\/tr><tr><td><\/td><td><strong>Normaalne<\/strong><\/td><td>\u2264 6,0<\/td><td>ja<\/td><td>&lt; 7,8<\/td><\/tr><tr><td><\/td><td><strong>Paastugl\u00fckoosi h\u00e4ire (IFG)<\/strong><\/td><td>6,1\u20136,9<\/td><td>ja<\/td><td>&lt; 7,8<\/td><\/tr><tr><td><\/td><td><strong>Gl\u00fckoositaluvuse h\u00e4ire (IGT)<\/strong><\/td><td>&lt; 7,0<\/td><td>ja<\/td><td>7,8\u201311,0<\/td><\/tr><tr><td><\/td><td><strong>Diabeet<\/strong><\/td><td>\u2265 7,0<\/td><td>ja\/v\u00f5i<\/td><td>\u2265 11,1<\/td><\/tr><\/tbody><\/table><\/figure>\n\n\n\n<p>GTT referentsv\u00e4\u00e4rtused ja hindamiskriteeriumid rasedal<\/p>\n\n\n\n<figure class=\"wp-block-table\"><table width=\"100%\"><tbody><tr><td width=\"1%\"><\/td><td width=\"69%\"><strong>Gl\u00fckoos paastuplasmas<\/strong><\/td><td width=\"30%\">&lt; 5,1 mmol\/L<\/td><\/tr><tr><td><\/td><td><strong>60 min p\u00e4rast 75 g gl\u00fckoosi manustamist<\/strong><\/td><td>&lt; 10,0 mmol\/L<\/td><\/tr><tr><td><\/td><td><strong>120 min p\u00e4rast 75 g gl\u00fckoosi manustamist<\/strong><\/td><td>&lt; 8,5 mmol\/L<\/td><\/tr><\/tbody><\/table><\/figure>\n\n\n\n<p>\u00dche referentsv\u00e4\u00e4rtustest k\u00f5rgema anal\u00fc\u00fcsitulemuse korral v\u00f5ib rasedal diagnoosida gl\u00fckoositaluvuse h\u00e4iret ning kahe ja enama referentsv\u00e4\u00e4rtustest k\u00f5rgema anal\u00fc\u00fcsitulemuse korral gestatsioonidiabeeti.<\/p>\n\n\n\n<p class=\"has-medium-font-size\"><strong>N\u00e4idustus ja kliiniline t\u00e4hendus<\/strong><\/p>\n\n\n\n<p>Diabeedi, paastugl\u00fckoosi h\u00e4ire (IFG) ja gl\u00fckoosi taluvuse h\u00e4ire (IGT) diagnostika.<\/p>\n\n\n\n<p>Diabeedi s\u00f5eluuringuks sobib nii gl\u00fckoosi m\u00e4\u00e4ramine paastuplasmast kui ka gl\u00fckoosi taluvuse proov. Viimast tuleks eelistada j\u00e4rgmistel juhtudel: gl\u00fckoos paastuplasmas on 6,1\u20136,9 mmol\/L; kahe paastugl\u00fckoosi v\u00e4\u00e4rtuse alusel ei ole v\u00f5imalik m\u00e4\u00e4rata h\u00e4ire t\u00fc\u00fcpi; esineb s\u00fcdame-veresoonkonnahaigus; anamneesis gestatsioonidiabeet.<\/p>\n\n\n\n<p>Koostaja: Katrin Reimand<br>Muudetud 02.08.2017<\/p>\n","protected":false},"excerpt":{"rendered":"<p>Kliinilise keemia ja laboratoorse hematoloogia osakondLastekliiniku osakond Test gl\u00fckoosi ainevahetuse h\u00e4irete tuvastamiseks. J\u00e4relduste aluseks on gl\u00fckoosi tase paastuveres ja selle muutused ajas p\u00e4rast m\u00f5\u00f5detud gl\u00fckoosiannuse manustamist. Uuritav materjal, selle v\u00f5tmine, saatmine ja s\u00e4ilitamine Katsuti Gl\u00fckol\u00fc\u00fcsi inhibiitoriga katsuti (hall kork) S\u00e4ilivus Gl\u00fckol\u00fc\u00fcsi inhibiitoriga katsutis v\u00f5ib proovi s\u00e4ilitada toatemperatuuril 24 tundi Testi l\u00e4biviimine Uuritav peab kolm p\u00e4eva [&hellip;]<\/p>\n","protected":false},"author":38,"featured_media":0,"parent":7286,"menu_order":17,"comment_status":"closed","ping_status":"closed","template":"","meta":{"_uag_custom_page_level_css":"","footnotes":""},"class_list":["post-13297","page","type-page","status-publish","hentry"],"acf":[],"yoast_head":"<!-- This site is optimized with the Yoast SEO plugin v27.3 - https:\/\/yoast.com\/product\/yoast-seo-wordpress\/ -->\n<title>Gl\u00fckoosi taluvuse proov (GTT) - \u00dchendlabor<\/title>\n<meta name=\"robots\" content=\"index, follow, max-snippet:-1, max-image-preview:large, max-video-preview:-1\" \/>\n<link rel=\"canonical\" href=\"https:\/\/www.kliinikum.ee\/yhendlabor\/kasiraamat\/kliinilise-keemia-uuringud\/glukoosi-taluvuse-proov-gtt\/\" \/>\n<meta property=\"og:locale\" content=\"et_EE\" \/>\n<meta property=\"og:type\" content=\"article\" \/>\n<meta property=\"og:title\" content=\"Gl\u00fckoosi taluvuse proov (GTT) - \u00dchendlabor\" \/>\n<meta property=\"og:description\" content=\"Kliinilise keemia ja laboratoorse hematoloogia osakondLastekliiniku osakond Test gl\u00fckoosi ainevahetuse h\u00e4irete tuvastamiseks. J\u00e4relduste aluseks on gl\u00fckoosi tase paastuveres ja selle muutused ajas p\u00e4rast m\u00f5\u00f5detud gl\u00fckoosiannuse manustamist. Uuritav materjal, selle v\u00f5tmine, saatmine ja s\u00e4ilitamine Katsuti Gl\u00fckol\u00fc\u00fcsi inhibiitoriga katsuti (hall kork) S\u00e4ilivus Gl\u00fckol\u00fc\u00fcsi inhibiitoriga katsutis v\u00f5ib proovi s\u00e4ilitada toatemperatuuril 24 tundi Testi l\u00e4biviimine Uuritav peab kolm p\u00e4eva [&hellip;]\" \/>\n<meta property=\"og:url\" content=\"https:\/\/www.kliinikum.ee\/yhendlabor\/kasiraamat\/kliinilise-keemia-uuringud\/glukoosi-taluvuse-proov-gtt\/\" \/>\n<meta property=\"og:site_name\" content=\"\u00dchendlabor\" \/>\n<meta property=\"article:modified_time\" content=\"2025-12-09T20:18:43+00:00\" \/>\n<meta name=\"twitter:card\" content=\"summary_large_image\" \/>\n<meta name=\"twitter:label1\" content=\"Est. reading time\" \/>\n\t<meta name=\"twitter:data1\" content=\"2 minutit\" \/>\n<script type=\"application\/ld+json\" class=\"yoast-schema-graph\">{\"@context\":\"https:\\\/\\\/schema.org\",\"@graph\":[{\"@type\":\"WebPage\",\"@id\":\"https:\\\/\\\/www.kliinikum.ee\\\/yhendlabor\\\/kasiraamat\\\/kliinilise-keemia-uuringud\\\/glukoosi-taluvuse-proov-gtt\\\/\",\"url\":\"https:\\\/\\\/www.kliinikum.ee\\\/yhendlabor\\\/kasiraamat\\\/kliinilise-keemia-uuringud\\\/glukoosi-taluvuse-proov-gtt\\\/\",\"name\":\"Gl\u00fckoosi taluvuse proov (GTT) - \u00dchendlabor\",\"isPartOf\":{\"@id\":\"https:\\\/\\\/www.kliinikum.ee\\\/yhendlabor\\\/#website\"},\"datePublished\":\"2025-09-28T11:34:02+00:00\",\"dateModified\":\"2025-12-09T20:18:43+00:00\",\"breadcrumb\":{\"@id\":\"https:\\\/\\\/www.kliinikum.ee\\\/yhendlabor\\\/kasiraamat\\\/kliinilise-keemia-uuringud\\\/glukoosi-taluvuse-proov-gtt\\\/#breadcrumb\"},\"inLanguage\":\"et\",\"potentialAction\":[{\"@type\":\"ReadAction\",\"target\":[\"https:\\\/\\\/www.kliinikum.ee\\\/yhendlabor\\\/kasiraamat\\\/kliinilise-keemia-uuringud\\\/glukoosi-taluvuse-proov-gtt\\\/\"]}]},{\"@type\":\"BreadcrumbList\",\"@id\":\"https:\\\/\\\/www.kliinikum.ee\\\/yhendlabor\\\/kasiraamat\\\/kliinilise-keemia-uuringud\\\/glukoosi-taluvuse-proov-gtt\\\/#breadcrumb\",\"itemListElement\":[{\"@type\":\"ListItem\",\"position\":1,\"name\":\"Home\",\"item\":\"https:\\\/\\\/www.kliinikum.ee\\\/yhendlabor\\\/\"},{\"@type\":\"ListItem\",\"position\":2,\"name\":\"K\u00e4siraamat\",\"item\":\"https:\\\/\\\/www.kliinikum.ee\\\/yhendlabor\\\/kasiraamat\\\/\"},{\"@type\":\"ListItem\",\"position\":3,\"name\":\"Kliinilise keemia uuringud\",\"item\":\"https:\\\/\\\/www.kliinikum.ee\\\/yhendlabor\\\/kasiraamat\\\/kliinilise-keemia-uuringud\\\/\"},{\"@type\":\"ListItem\",\"position\":4,\"name\":\"Gl\u00fckoosi taluvuse proov (GTT)\"}]},{\"@type\":\"WebSite\",\"@id\":\"https:\\\/\\\/www.kliinikum.ee\\\/yhendlabor\\\/#website\",\"url\":\"https:\\\/\\\/www.kliinikum.ee\\\/yhendlabor\\\/\",\"name\":\"\u00dchendlabor\",\"description\":\"Hoolivus, Uuendusmeelsus, P\u00e4devus ja Usaldusv\u00e4\u00e4rsus\",\"potentialAction\":[{\"@type\":\"SearchAction\",\"target\":{\"@type\":\"EntryPoint\",\"urlTemplate\":\"https:\\\/\\\/www.kliinikum.ee\\\/yhendlabor\\\/?s={search_term_string}\"},\"query-input\":{\"@type\":\"PropertyValueSpecification\",\"valueRequired\":true,\"valueName\":\"search_term_string\"}}],\"inLanguage\":\"et\"}]}<\/script>\n<!-- \/ Yoast SEO plugin. -->","yoast_head_json":{"title":"Gl\u00fckoosi taluvuse proov (GTT) - \u00dchendlabor","robots":{"index":"index","follow":"follow","max-snippet":"max-snippet:-1","max-image-preview":"max-image-preview:large","max-video-preview":"max-video-preview:-1"},"canonical":"https:\/\/www.kliinikum.ee\/yhendlabor\/kasiraamat\/kliinilise-keemia-uuringud\/glukoosi-taluvuse-proov-gtt\/","og_locale":"et_EE","og_type":"article","og_title":"Gl\u00fckoosi taluvuse proov (GTT) - \u00dchendlabor","og_description":"Kliinilise keemia ja laboratoorse hematoloogia osakondLastekliiniku osakond Test gl\u00fckoosi ainevahetuse h\u00e4irete tuvastamiseks. J\u00e4relduste aluseks on gl\u00fckoosi tase paastuveres ja selle muutused ajas p\u00e4rast m\u00f5\u00f5detud gl\u00fckoosiannuse manustamist. Uuritav materjal, selle v\u00f5tmine, saatmine ja s\u00e4ilitamine Katsuti Gl\u00fckol\u00fc\u00fcsi inhibiitoriga katsuti (hall kork) S\u00e4ilivus Gl\u00fckol\u00fc\u00fcsi inhibiitoriga katsutis v\u00f5ib proovi s\u00e4ilitada toatemperatuuril 24 tundi Testi l\u00e4biviimine Uuritav peab kolm p\u00e4eva [&hellip;]","og_url":"https:\/\/www.kliinikum.ee\/yhendlabor\/kasiraamat\/kliinilise-keemia-uuringud\/glukoosi-taluvuse-proov-gtt\/","og_site_name":"\u00dchendlabor","article_modified_time":"2025-12-09T20:18:43+00:00","twitter_card":"summary_large_image","twitter_misc":{"Est. reading time":"2 minutit"},"schema":{"@context":"https:\/\/schema.org","@graph":[{"@type":"WebPage","@id":"https:\/\/www.kliinikum.ee\/yhendlabor\/kasiraamat\/kliinilise-keemia-uuringud\/glukoosi-taluvuse-proov-gtt\/","url":"https:\/\/www.kliinikum.ee\/yhendlabor\/kasiraamat\/kliinilise-keemia-uuringud\/glukoosi-taluvuse-proov-gtt\/","name":"Gl\u00fckoosi taluvuse proov (GTT) - \u00dchendlabor","isPartOf":{"@id":"https:\/\/www.kliinikum.ee\/yhendlabor\/#website"},"datePublished":"2025-09-28T11:34:02+00:00","dateModified":"2025-12-09T20:18:43+00:00","breadcrumb":{"@id":"https:\/\/www.kliinikum.ee\/yhendlabor\/kasiraamat\/kliinilise-keemia-uuringud\/glukoosi-taluvuse-proov-gtt\/#breadcrumb"},"inLanguage":"et","potentialAction":[{"@type":"ReadAction","target":["https:\/\/www.kliinikum.ee\/yhendlabor\/kasiraamat\/kliinilise-keemia-uuringud\/glukoosi-taluvuse-proov-gtt\/"]}]},{"@type":"BreadcrumbList","@id":"https:\/\/www.kliinikum.ee\/yhendlabor\/kasiraamat\/kliinilise-keemia-uuringud\/glukoosi-taluvuse-proov-gtt\/#breadcrumb","itemListElement":[{"@type":"ListItem","position":1,"name":"Home","item":"https:\/\/www.kliinikum.ee\/yhendlabor\/"},{"@type":"ListItem","position":2,"name":"K\u00e4siraamat","item":"https:\/\/www.kliinikum.ee\/yhendlabor\/kasiraamat\/"},{"@type":"ListItem","position":3,"name":"Kliinilise keemia uuringud","item":"https:\/\/www.kliinikum.ee\/yhendlabor\/kasiraamat\/kliinilise-keemia-uuringud\/"},{"@type":"ListItem","position":4,"name":"Gl\u00fckoosi taluvuse proov (GTT)"}]},{"@type":"WebSite","@id":"https:\/\/www.kliinikum.ee\/yhendlabor\/#website","url":"https:\/\/www.kliinikum.ee\/yhendlabor\/","name":"\u00dchendlabor","description":"Hoolivus, Uuendusmeelsus, P\u00e4devus ja Usaldusv\u00e4\u00e4rsus","potentialAction":[{"@type":"SearchAction","target":{"@type":"EntryPoint","urlTemplate":"https:\/\/www.kliinikum.ee\/yhendlabor\/?s={search_term_string}"},"query-input":{"@type":"PropertyValueSpecification","valueRequired":true,"valueName":"search_term_string"}}],"inLanguage":"et"}]}},"uagb_featured_image_src":{"full":false,"thumbnail":false,"medium":false,"medium_large":false,"large":false,"1536x1536":false,"2048x2048":false},"uagb_author_info":{"display_name":"Kadi Siigur","author_link":"https:\/\/www.kliinikum.ee\/yhendlabor\/author\/kadisi\/"},"uagb_comment_info":0,"uagb_excerpt":"Kliinilise keemia ja laboratoorse hematoloogia osakondLastekliiniku osakond Test gl\u00fckoosi ainevahetuse h\u00e4irete tuvastamiseks. J\u00e4relduste aluseks on gl\u00fckoosi tase paastuveres ja selle muutused ajas p\u00e4rast m\u00f5\u00f5detud gl\u00fckoosiannuse manustamist. Uuritav materjal, selle v\u00f5tmine, saatmine ja s\u00e4ilitamine Katsuti Gl\u00fckol\u00fc\u00fcsi inhibiitoriga katsuti (hall kork) S\u00e4ilivus Gl\u00fckol\u00fc\u00fcsi inhibiitoriga katsutis v\u00f5ib proovi s\u00e4ilitada toatemperatuuril 24 tundi Testi l\u00e4biviimine Uuritav peab kolm p\u00e4eva&hellip;","_links":{"self":[{"href":"https:\/\/www.kliinikum.ee\/yhendlabor\/wp-json\/wp\/v2\/pages\/13297","targetHints":{"allow":["GET"]}}],"collection":[{"href":"https:\/\/www.kliinikum.ee\/yhendlabor\/wp-json\/wp\/v2\/pages"}],"about":[{"href":"https:\/\/www.kliinikum.ee\/yhendlabor\/wp-json\/wp\/v2\/types\/page"}],"author":[{"embeddable":true,"href":"https:\/\/www.kliinikum.ee\/yhendlabor\/wp-json\/wp\/v2\/users\/38"}],"replies":[{"embeddable":true,"href":"https:\/\/www.kliinikum.ee\/yhendlabor\/wp-json\/wp\/v2\/comments?post=13297"}],"version-history":[{"count":0,"href":"https:\/\/www.kliinikum.ee\/yhendlabor\/wp-json\/wp\/v2\/pages\/13297\/revisions"}],"up":[{"embeddable":true,"href":"https:\/\/www.kliinikum.ee\/yhendlabor\/wp-json\/wp\/v2\/pages\/7286"}],"wp:attachment":[{"href":"https:\/\/www.kliinikum.ee\/yhendlabor\/wp-json\/wp\/v2\/media?parent=13297"}],"curies":[{"name":"wp","href":"https:\/\/api.w.org\/{rel}","templated":true}]}}