{"id":13311,"date":"2025-09-28T13:55:17","date_gmt":"2025-09-28T11:55:17","guid":{"rendered":"https:\/\/www.kliinikum.ee\/yhendlabor\/?page_id=13311"},"modified":"2025-12-09T22:23:33","modified_gmt":"2025-12-09T20:23:33","slug":"hemoglobiin-plasmas-p-hb","status":"publish","type":"page","link":"https:\/\/www.kliinikum.ee\/yhendlabor\/kasiraamat\/kliinilise-keemia-uuringud\/hemoglobiin-plasmas-p-hb\/","title":{"rendered":"Hemoglobiin plasmas (P-Hb)"},"content":{"rendered":"\n<p><em>Kliinilise keemia ja laboratoorse hematoloogia osakond<\/em><\/p>\n\n\n\n<p>Veres on praktiliselt kogu <strong>hemoglobiin <\/strong>er\u00fctrots\u00fc\u00fctides. Er\u00fctrots\u00fc\u00fctide normaalne eliminatsioon toimub fagots\u00fctoosi teel makrofaags\u00fcsteemis, peamiselt maksas ja p\u00f5rnas (ekstravaskulaarne hemol\u00fc\u00fcs), millega kaasneb v\u00e4hene hemoglobiini leke plasmasse. Samuti vabaneb hemoglobiini er\u00fctrots\u00fc\u00fctide destruktsioonil vereringes (intravaskulaarne hemol\u00fc\u00fcs). Plasmas seotakse hemoglobiin haptoglobiiniga ning moodustunud kompleks eemaldatakse makrofaags\u00fcsteemi poolt. Tugeva hemol\u00fc\u00fcsi korral \u00fcletatakse haptoglobiini sidumisv\u00f5ime ja vaba hemoglobiin j\u00e4\u00e4b plasmasse, p\u00e4\u00e4seb glomerulaarfiltraati ning edasi uriini. Osa hemoglobiinist absorbeeritakse tuubulusrakkude poolt, vabanenud raud seotakse hemosideriinina. \u00c4geda hemol\u00fc\u00fcsi j\u00e4rgselt kaob vaba hemoglobiin plasmast ja uriinist kiiresti.<\/p>\n\n\n\n<p class=\"has-medium-font-size\"><strong>Uuritav materjal, selle v\u00f5tmine, saatmine ja s\u00e4ilitamine<\/strong><\/p>\n\n\n\n<p><em>Proovi v\u00f5tmisel v\u00e4ltida igati hemol\u00fc\u00fcsi teket!&nbsp; Prooviv\u00f5tul tekkinud hemol\u00fc\u00fcs muudab tulemused k\u00f5lbmatuks!<\/em><\/p>\n\n\n\n<figure class=\"wp-block-table is-style-stripes\"><table width=\"100%\"><tbody><tr><td width=\"1%\"><\/td><td width=\"15%\"><strong>Katsuti<\/strong><\/td><td width=\"84%\">Geeliga LH-katsuti (roheline kollase r\u00f5ngaga v\u00f5i heleroheline kork)<\/td><\/tr><tr><td><\/td><td><strong>S\u00e4ilivus<\/strong><\/td><td>Plasma +4 \u00b0C \u00fcks n\u00e4dal<\/td><\/tr><\/tbody><\/table><\/figure>\n\n\n\n<p class=\"has-medium-font-size\"><strong>Anal\u00fc\u00fcsi tegemise aeg: <\/strong>\u00f6\u00f6p\u00e4evaringselt<\/p>\n\n\n\n<p class=\"has-medium-font-size\"><strong>Anal\u00fc\u00fcsimeetod: <\/strong>fotomeetriline meetod<\/p>\n\n\n\n<p class=\"has-medium-font-size\"><strong>Referentsv\u00e4\u00e4rtused<\/strong><\/p>\n\n\n\n<figure class=\"wp-block-table\"><table width=\"100%\"><tbody><tr><td width=\"1%\"><\/td><td width=\"30%\"><strong>\u2265 18 a<\/strong><\/td><td width=\"69%\">&lt;100 mg\/L<\/td><\/tr><\/tbody><\/table><\/figure>\n\n\n\n<p class=\"has-medium-font-size\"><strong>N\u00e4idustus ja kliiniline t\u00e4hendus<\/strong><\/p>\n\n\n\n<p>Kahtlus \u00e4gedale intravaskulaarsele hemol\u00fc\u00fcsile.<\/p>\n\n\n\n<p>Vaba hemoglobiini sisaldus plasmas suureneb intravaskulaarse hemol\u00fc\u00fcsi puhul, n\u00e4iteks hemol\u00fc\u00fctiliste aneemiate, vere\u00fclekande komplikatsioonide, DIK-s\u00fcndroomi, m\u00f5ningate s\u00fcdameklapi proteeside ja ekstrakorporaalse vereringe puhul. Intravaskulaarset hemol\u00fc\u00fcsi v\u00f5ivad p\u00f5hjustada ka toksiinid (\u00e4\u00e4dikhappem\u00fcrgistus, maom\u00fcrk jm).<\/p>\n\n\n\n<p>Koostaja: Sirje Leedo<br>Muudetud 22.03.2021<\/p>\n","protected":false},"excerpt":{"rendered":"<p>Kliinilise keemia ja laboratoorse hematoloogia osakond Veres on praktiliselt kogu hemoglobiin er\u00fctrots\u00fc\u00fctides. Er\u00fctrots\u00fc\u00fctide normaalne eliminatsioon toimub fagots\u00fctoosi teel makrofaags\u00fcsteemis, peamiselt maksas ja p\u00f5rnas (ekstravaskulaarne hemol\u00fc\u00fcs), millega kaasneb v\u00e4hene hemoglobiini leke plasmasse. Samuti vabaneb hemoglobiini er\u00fctrots\u00fc\u00fctide destruktsioonil vereringes (intravaskulaarne hemol\u00fc\u00fcs). Plasmas seotakse hemoglobiin haptoglobiiniga ning moodustunud kompleks eemaldatakse makrofaags\u00fcsteemi poolt. Tugeva hemol\u00fc\u00fcsi korral \u00fcletatakse haptoglobiini sidumisv\u00f5ime [&hellip;]<\/p>\n","protected":false},"author":38,"featured_media":0,"parent":7286,"menu_order":19,"comment_status":"closed","ping_status":"closed","template":"","meta":{"_uag_custom_page_level_css":"","footnotes":""},"class_list":["post-13311","page","type-page","status-publish","hentry"],"acf":[],"yoast_head":"<!-- This site is optimized with the Yoast SEO plugin v27.3 - https:\/\/yoast.com\/product\/yoast-seo-wordpress\/ -->\n<title>Hemoglobiin plasmas (P-Hb) - \u00dchendlabor<\/title>\n<meta name=\"robots\" content=\"index, follow, max-snippet:-1, max-image-preview:large, max-video-preview:-1\" \/>\n<link rel=\"canonical\" href=\"https:\/\/www.kliinikum.ee\/yhendlabor\/kasiraamat\/kliinilise-keemia-uuringud\/hemoglobiin-plasmas-p-hb\/\" \/>\n<meta property=\"og:locale\" content=\"et_EE\" \/>\n<meta property=\"og:type\" content=\"article\" \/>\n<meta property=\"og:title\" content=\"Hemoglobiin plasmas (P-Hb) - \u00dchendlabor\" \/>\n<meta property=\"og:description\" content=\"Kliinilise keemia ja laboratoorse hematoloogia osakond Veres on praktiliselt kogu hemoglobiin er\u00fctrots\u00fc\u00fctides. Er\u00fctrots\u00fc\u00fctide normaalne eliminatsioon toimub fagots\u00fctoosi teel makrofaags\u00fcsteemis, peamiselt maksas ja p\u00f5rnas (ekstravaskulaarne hemol\u00fc\u00fcs), millega kaasneb v\u00e4hene hemoglobiini leke plasmasse. Samuti vabaneb hemoglobiini er\u00fctrots\u00fc\u00fctide destruktsioonil vereringes (intravaskulaarne hemol\u00fc\u00fcs). Plasmas seotakse hemoglobiin haptoglobiiniga ning moodustunud kompleks eemaldatakse makrofaags\u00fcsteemi poolt. Tugeva hemol\u00fc\u00fcsi korral \u00fcletatakse haptoglobiini sidumisv\u00f5ime [&hellip;]\" \/>\n<meta property=\"og:url\" content=\"https:\/\/www.kliinikum.ee\/yhendlabor\/kasiraamat\/kliinilise-keemia-uuringud\/hemoglobiin-plasmas-p-hb\/\" \/>\n<meta property=\"og:site_name\" content=\"\u00dchendlabor\" \/>\n<meta property=\"article:modified_time\" content=\"2025-12-09T20:23:33+00:00\" \/>\n<meta name=\"twitter:card\" content=\"summary_large_image\" \/>\n<meta name=\"twitter:label1\" content=\"Est. reading time\" \/>\n\t<meta name=\"twitter:data1\" content=\"1 minut\" \/>\n<script type=\"application\/ld+json\" class=\"yoast-schema-graph\">{\"@context\":\"https:\\\/\\\/schema.org\",\"@graph\":[{\"@type\":\"WebPage\",\"@id\":\"https:\\\/\\\/www.kliinikum.ee\\\/yhendlabor\\\/kasiraamat\\\/kliinilise-keemia-uuringud\\\/hemoglobiin-plasmas-p-hb\\\/\",\"url\":\"https:\\\/\\\/www.kliinikum.ee\\\/yhendlabor\\\/kasiraamat\\\/kliinilise-keemia-uuringud\\\/hemoglobiin-plasmas-p-hb\\\/\",\"name\":\"Hemoglobiin plasmas (P-Hb) - \u00dchendlabor\",\"isPartOf\":{\"@id\":\"https:\\\/\\\/www.kliinikum.ee\\\/yhendlabor\\\/#website\"},\"datePublished\":\"2025-09-28T11:55:17+00:00\",\"dateModified\":\"2025-12-09T20:23:33+00:00\",\"breadcrumb\":{\"@id\":\"https:\\\/\\\/www.kliinikum.ee\\\/yhendlabor\\\/kasiraamat\\\/kliinilise-keemia-uuringud\\\/hemoglobiin-plasmas-p-hb\\\/#breadcrumb\"},\"inLanguage\":\"et\",\"potentialAction\":[{\"@type\":\"ReadAction\",\"target\":[\"https:\\\/\\\/www.kliinikum.ee\\\/yhendlabor\\\/kasiraamat\\\/kliinilise-keemia-uuringud\\\/hemoglobiin-plasmas-p-hb\\\/\"]}]},{\"@type\":\"BreadcrumbList\",\"@id\":\"https:\\\/\\\/www.kliinikum.ee\\\/yhendlabor\\\/kasiraamat\\\/kliinilise-keemia-uuringud\\\/hemoglobiin-plasmas-p-hb\\\/#breadcrumb\",\"itemListElement\":[{\"@type\":\"ListItem\",\"position\":1,\"name\":\"Home\",\"item\":\"https:\\\/\\\/www.kliinikum.ee\\\/yhendlabor\\\/\"},{\"@type\":\"ListItem\",\"position\":2,\"name\":\"K\u00e4siraamat\",\"item\":\"https:\\\/\\\/www.kliinikum.ee\\\/yhendlabor\\\/kasiraamat\\\/\"},{\"@type\":\"ListItem\",\"position\":3,\"name\":\"Kliinilise keemia uuringud\",\"item\":\"https:\\\/\\\/www.kliinikum.ee\\\/yhendlabor\\\/kasiraamat\\\/kliinilise-keemia-uuringud\\\/\"},{\"@type\":\"ListItem\",\"position\":4,\"name\":\"Hemoglobiin plasmas (P-Hb)\"}]},{\"@type\":\"WebSite\",\"@id\":\"https:\\\/\\\/www.kliinikum.ee\\\/yhendlabor\\\/#website\",\"url\":\"https:\\\/\\\/www.kliinikum.ee\\\/yhendlabor\\\/\",\"name\":\"\u00dchendlabor\",\"description\":\"Hoolivus, Uuendusmeelsus, P\u00e4devus ja Usaldusv\u00e4\u00e4rsus\",\"potentialAction\":[{\"@type\":\"SearchAction\",\"target\":{\"@type\":\"EntryPoint\",\"urlTemplate\":\"https:\\\/\\\/www.kliinikum.ee\\\/yhendlabor\\\/?s={search_term_string}\"},\"query-input\":{\"@type\":\"PropertyValueSpecification\",\"valueRequired\":true,\"valueName\":\"search_term_string\"}}],\"inLanguage\":\"et\"}]}<\/script>\n<!-- \/ Yoast SEO plugin. -->","yoast_head_json":{"title":"Hemoglobiin plasmas (P-Hb) - \u00dchendlabor","robots":{"index":"index","follow":"follow","max-snippet":"max-snippet:-1","max-image-preview":"max-image-preview:large","max-video-preview":"max-video-preview:-1"},"canonical":"https:\/\/www.kliinikum.ee\/yhendlabor\/kasiraamat\/kliinilise-keemia-uuringud\/hemoglobiin-plasmas-p-hb\/","og_locale":"et_EE","og_type":"article","og_title":"Hemoglobiin plasmas (P-Hb) - \u00dchendlabor","og_description":"Kliinilise keemia ja laboratoorse hematoloogia osakond Veres on praktiliselt kogu hemoglobiin er\u00fctrots\u00fc\u00fctides. Er\u00fctrots\u00fc\u00fctide normaalne eliminatsioon toimub fagots\u00fctoosi teel makrofaags\u00fcsteemis, peamiselt maksas ja p\u00f5rnas (ekstravaskulaarne hemol\u00fc\u00fcs), millega kaasneb v\u00e4hene hemoglobiini leke plasmasse. Samuti vabaneb hemoglobiini er\u00fctrots\u00fc\u00fctide destruktsioonil vereringes (intravaskulaarne hemol\u00fc\u00fcs). Plasmas seotakse hemoglobiin haptoglobiiniga ning moodustunud kompleks eemaldatakse makrofaags\u00fcsteemi poolt. Tugeva hemol\u00fc\u00fcsi korral \u00fcletatakse haptoglobiini sidumisv\u00f5ime [&hellip;]","og_url":"https:\/\/www.kliinikum.ee\/yhendlabor\/kasiraamat\/kliinilise-keemia-uuringud\/hemoglobiin-plasmas-p-hb\/","og_site_name":"\u00dchendlabor","article_modified_time":"2025-12-09T20:23:33+00:00","twitter_card":"summary_large_image","twitter_misc":{"Est. reading time":"1 minut"},"schema":{"@context":"https:\/\/schema.org","@graph":[{"@type":"WebPage","@id":"https:\/\/www.kliinikum.ee\/yhendlabor\/kasiraamat\/kliinilise-keemia-uuringud\/hemoglobiin-plasmas-p-hb\/","url":"https:\/\/www.kliinikum.ee\/yhendlabor\/kasiraamat\/kliinilise-keemia-uuringud\/hemoglobiin-plasmas-p-hb\/","name":"Hemoglobiin plasmas (P-Hb) - \u00dchendlabor","isPartOf":{"@id":"https:\/\/www.kliinikum.ee\/yhendlabor\/#website"},"datePublished":"2025-09-28T11:55:17+00:00","dateModified":"2025-12-09T20:23:33+00:00","breadcrumb":{"@id":"https:\/\/www.kliinikum.ee\/yhendlabor\/kasiraamat\/kliinilise-keemia-uuringud\/hemoglobiin-plasmas-p-hb\/#breadcrumb"},"inLanguage":"et","potentialAction":[{"@type":"ReadAction","target":["https:\/\/www.kliinikum.ee\/yhendlabor\/kasiraamat\/kliinilise-keemia-uuringud\/hemoglobiin-plasmas-p-hb\/"]}]},{"@type":"BreadcrumbList","@id":"https:\/\/www.kliinikum.ee\/yhendlabor\/kasiraamat\/kliinilise-keemia-uuringud\/hemoglobiin-plasmas-p-hb\/#breadcrumb","itemListElement":[{"@type":"ListItem","position":1,"name":"Home","item":"https:\/\/www.kliinikum.ee\/yhendlabor\/"},{"@type":"ListItem","position":2,"name":"K\u00e4siraamat","item":"https:\/\/www.kliinikum.ee\/yhendlabor\/kasiraamat\/"},{"@type":"ListItem","position":3,"name":"Kliinilise keemia uuringud","item":"https:\/\/www.kliinikum.ee\/yhendlabor\/kasiraamat\/kliinilise-keemia-uuringud\/"},{"@type":"ListItem","position":4,"name":"Hemoglobiin plasmas (P-Hb)"}]},{"@type":"WebSite","@id":"https:\/\/www.kliinikum.ee\/yhendlabor\/#website","url":"https:\/\/www.kliinikum.ee\/yhendlabor\/","name":"\u00dchendlabor","description":"Hoolivus, Uuendusmeelsus, P\u00e4devus ja Usaldusv\u00e4\u00e4rsus","potentialAction":[{"@type":"SearchAction","target":{"@type":"EntryPoint","urlTemplate":"https:\/\/www.kliinikum.ee\/yhendlabor\/?s={search_term_string}"},"query-input":{"@type":"PropertyValueSpecification","valueRequired":true,"valueName":"search_term_string"}}],"inLanguage":"et"}]}},"uagb_featured_image_src":{"full":false,"thumbnail":false,"medium":false,"medium_large":false,"large":false,"1536x1536":false,"2048x2048":false},"uagb_author_info":{"display_name":"Kadi Siigur","author_link":"https:\/\/www.kliinikum.ee\/yhendlabor\/author\/kadisi\/"},"uagb_comment_info":0,"uagb_excerpt":"Kliinilise keemia ja laboratoorse hematoloogia osakond Veres on praktiliselt kogu hemoglobiin er\u00fctrots\u00fc\u00fctides. Er\u00fctrots\u00fc\u00fctide normaalne eliminatsioon toimub fagots\u00fctoosi teel makrofaags\u00fcsteemis, peamiselt maksas ja p\u00f5rnas (ekstravaskulaarne hemol\u00fc\u00fcs), millega kaasneb v\u00e4hene hemoglobiini leke plasmasse. Samuti vabaneb hemoglobiini er\u00fctrots\u00fc\u00fctide destruktsioonil vereringes (intravaskulaarne hemol\u00fc\u00fcs). Plasmas seotakse hemoglobiin haptoglobiiniga ning moodustunud kompleks eemaldatakse makrofaags\u00fcsteemi poolt. Tugeva hemol\u00fc\u00fcsi korral \u00fcletatakse haptoglobiini sidumisv\u00f5ime&hellip;","_links":{"self":[{"href":"https:\/\/www.kliinikum.ee\/yhendlabor\/wp-json\/wp\/v2\/pages\/13311","targetHints":{"allow":["GET"]}}],"collection":[{"href":"https:\/\/www.kliinikum.ee\/yhendlabor\/wp-json\/wp\/v2\/pages"}],"about":[{"href":"https:\/\/www.kliinikum.ee\/yhendlabor\/wp-json\/wp\/v2\/types\/page"}],"author":[{"embeddable":true,"href":"https:\/\/www.kliinikum.ee\/yhendlabor\/wp-json\/wp\/v2\/users\/38"}],"replies":[{"embeddable":true,"href":"https:\/\/www.kliinikum.ee\/yhendlabor\/wp-json\/wp\/v2\/comments?post=13311"}],"version-history":[{"count":0,"href":"https:\/\/www.kliinikum.ee\/yhendlabor\/wp-json\/wp\/v2\/pages\/13311\/revisions"}],"up":[{"embeddable":true,"href":"https:\/\/www.kliinikum.ee\/yhendlabor\/wp-json\/wp\/v2\/pages\/7286"}],"wp:attachment":[{"href":"https:\/\/www.kliinikum.ee\/yhendlabor\/wp-json\/wp\/v2\/media?parent=13311"}],"curies":[{"name":"wp","href":"https:\/\/api.w.org\/{rel}","templated":true}]}}