{"id":13319,"date":"2025-09-28T14:08:09","date_gmt":"2025-09-28T12:08:09","guid":{"rendered":"https:\/\/www.kliinikum.ee\/yhendlabor\/?page_id=13319"},"modified":"2025-12-09T22:29:34","modified_gmt":"2025-12-09T20:29:34","slug":"interleukiin-6-sp-il-6-semp-il-6","status":"publish","type":"page","link":"https:\/\/www.kliinikum.ee\/yhendlabor\/kasiraamat\/kliinilise-keemia-uuringud\/interleukiin-6-sp-il-6-semp-il-6\/","title":{"rendered":"Interleukiin 6 (S,P-IL-6, SemP-IL-6)"},"content":{"rendered":"\n<p><em>Kliinilise keemia ja laboratoorse hematoloogia osakond<\/em><\/p>\n\n\n\n<p><strong>Interleukiin 6 (IL-6)<\/strong> on \u00fcks paljudest immuunreaktsioone reguleerivatest ts\u00fctokiinidest. IL-6 on v\u00f5imelised s\u00fcnteesima erinevad rakud: monots\u00fc\u00fcdid, endoteelirakud, fibroblastid. Samuti v\u00f5ivad IL-6 produtseerida makrofaagid, keratinots\u00fc\u00fcdid, nuumrakud, gliiarakud, T-l\u00fcmfots\u00fc\u00fcdid ja m\u00f5ned kasvajarakud.<\/p>\n\n\n\n<p>IL-6 indutseerib hematopoeesi ja hemostaasi, kuid keskne roll on tal organismi immuunvastuse ja p\u00f5letikulise reaktsiooni kujunemisel. P\u00f5letikku soodustava faktorina (proinflammatoorse ts\u00fctokiinina) on IL-6 p\u00f5himediaatoriks \u00e4geda faasi reaktsioonis, aktiveerides akuutse faasi valkude (C-reaktiivne valk, seerumam\u00fcloid A, fibrinogeen) s\u00fcnteesi maksas. Samuti suurendab IL-6 h\u00fcpotalamuse-h\u00fcpof\u00fc\u00fcsi-neerupealise telje aktiivsust, mist\u00f5ttu intensiivistub ka adrenokortikotroopse hormooni s\u00fcntees h\u00fcpof\u00fc\u00fcsis ja kortisooli s\u00fcntees neerupealiste koores. Kortisool omakorda inhibeerib IL-6 ja teiste proinflammatoorsete ts\u00fctokiinide produktsiooni. Endogeense p\u00fcrogeenina soodustab IL-6 palaviku teket.<\/p>\n\n\n\n<p>IL-6 taseme kiire t\u00f5us raskete bakteriaalsete v\u00f5i viirusinfektsioonide puhul teeb ta efektiivseks sepsise markeriks, mis on seerumis m\u00e4\u00e4ratav tunduvalt varem kui C-reaktiivne valk. Samas suureneb IL-6 kontsentratsioon ka kirurgiliste operatsioonide, traumade ning krooniliste p\u00f5letikuliste seisundite puhul.<\/p>\n\n\n\n<p class=\"has-medium-font-size\"><strong>Uuritav materjal, selle v\u00f5tmine, saatmine ja s\u00e4ilitamine<\/strong><\/p>\n\n\n\n<figure class=\"wp-block-table is-style-stripes\"><table width=\"100%\"><tbody><tr><td width=\"1%\"><\/td><td width=\"15%\"><strong>Katsuti<\/strong><\/td><td width=\"84%\">Geeli ja h\u00fc\u00fcbimisaktivaatoriga katsuti (punane kollase r\u00f5ngaga v\u00f5i kollane kork) v\u00f5i geeliga LH-katsuti (roheline kollase r\u00f5ngaga v\u00f5i heleroheline kork)<\/td><\/tr><tr><td><\/td><td><strong>S\u00e4ilivus<\/strong><\/td><td>Seerum\/plasma toatemperatuuril kuus tundi, +4 \u00b0C kaks p\u00e4eva, -20 \u00b0C 24 kuud<\/td><\/tr><\/tbody><\/table><\/figure>\n\n\n\n<p class=\"has-medium-font-size\"><strong>Anal\u00fc\u00fcsi tegemise aeg: <\/strong>seerumist\/plasmast \u00f6\u00f6p\u00e4evaringselt, seminaalplasmast t\u00f6\u00f6p\u00e4eviti<\/p>\n\n\n\n<p class=\"has-medium-font-size\"><strong>Anal\u00fc\u00fcsimeetod: <\/strong>elektrokemoluminestsents-immuunanal\u00fc\u00fcs (ECLIA)<\/p>\n\n\n\n<p class=\"has-medium-font-size\"><strong>Referentsv\u00e4\u00e4rtused<\/strong><\/p>\n\n\n\n<figure class=\"wp-block-table\"><table width=\"100%\"><tbody><tr><td width=\"1%\"><\/td><td width=\"30%\"><strong>S,P-IL-6<\/strong><\/td><td width=\"30%\"><strong>\u2265 18 a<\/strong><\/td><td width=\"39%\">&lt; 7 ng\/L<\/td><\/tr><\/tbody><\/table><\/figure>\n\n\n\n<p>NB! Vasts\u00fcndinutel on 48 tunni jooksul peale s\u00fcndi IL-6 sisaldus f\u00fcsioloogiliselt suurenenud.<\/p>\n\n\n\n<p class=\"has-medium-font-size\"><strong>N\u00e4idustus ja kliiniline t\u00e4hendus<\/strong><\/p>\n\n\n\n<p>Lisauuring p\u00f5letiku ja sepsise diagnostikas, p\u00f5letikureaktsiooni aktiivsuse hindamine. Immuunreaktsiooni ulatuse hindamine (nn. ts\u00fctokiinide tormi kindlakstegemine), haiguse kulu j\u00e4lgimine ja prognoosi hindamine raske SARS-CoV-2 infektsiooni puhul.<\/p>\n\n\n\n<p>IL-6 tase t\u00f5useb kiiresti \u00e4gedate s\u00fcsteemsete p\u00f5letikuliste haiguste, sepsise, raskete traumade ja operatsioonide korral. Kuna IL-6 poolestusaeg on v\u00e4ga l\u00fchike (45 minutit), on IL-6 kontsentratsioon seerumis heas korrelatsioonis seisundi raskusastmega ning v\u00e4heneb kiiresti p\u00f5letiku taandumisel. Siiski on oluline pikemaajaline j\u00e4lgimine. P\u00fcsivalt k\u00f5rge v\u00f5i t\u00f5usev IL-6 tase viitab komplikatsioonidele ja halvemale prognoosile.<\/p>\n\n\n\n<p>Vasts\u00fcndinute sepsise korral t\u00f5useb IL-6 tase kiiresti (1\u20132 tundi enne C-reaktiivse valgu taseme t\u00f5usu) ja langeb 24 tunni jooksul referentspiiridesse olenemata infektsiooni p\u00fcsimisest. Hilisemad m\u00e4\u00e4ramised v\u00f5ivad anda valenegatiivseid tulemusi, nende v\u00e4ltimiseks on soovitav IL-6 m\u00e4\u00e4rata koos C-reaktiivse valguga. Lisaks tuleb arvestada, et vasts\u00fcndinutel esineb esimestel elup\u00e4evadel f\u00fcsioloogiline IL-6 taseme t\u00f5us.<\/p>\n\n\n\n<p>P\u00fcsivalt v\u00f5ib IL-6 kontsentratsioon olla suurenenud m\u00f5nede autoimmuunhaiguste, liigesehaiguste (reumatoidartriit, s\u00fcsteemne juveniilne idiopaatiline artriit), kasvajate (l\u00fcmfoom, hulgim\u00fceloom, hepatotsellulaarne kartsinoom, rinnav\u00e4hk, eesn\u00e4\u00e4rmev\u00e4hk, luumetastaasid), nahahaiguste (psoriaas), AIDSi, alkohoolse maksatsirroosi, s.o s\u00fcsteemsete immuunreaktsioonide puhul.<\/p>\n\n\n\n<p>Kui IL-6 taseme t\u00f5us seerumis viitab s\u00fcsteemsele p\u00f5letikule, siis teistes kehavedelikes, nagu seminaalplasma, eesn\u00e4\u00e4rme sekreet, liikvor, liigesevedelik, v\u00f5ib ta olla lokaalse p\u00f5letiku marker. IL-6 kontsentratsiooni suurenemine seminaalplasmas korreleerub h\u00e4sti p\u00f5letikurakkude hulgaga spermas ja v\u00e4heneb ravi tulemusena kiiresti, olles varaseim v\u00f5imalus hinnata ravi efektiivsust. Liigesevedelikus on leitud olulist IL-6 taseme t\u00f5usu reumatoidartriidi korral. Liikvorisse v\u00f5ib IL-6 sattuda hematoentsefaalbarj\u00e4\u00e4ri kahjustumise korral traumade v\u00f5i p\u00f5letike t\u00f5ttu.<\/p>\n\n\n\n<p>IL-6 kontsentratsiooni seerumis suurendavad f\u00fc\u00fcsiline koormus, stress ning v\u00e4hendavad gl\u00fckokortikoidid ja IL-6 retseptori antagonistid (nt totsilizumab).<\/p>\n\n\n\n<p>Koostaja: Katrin Reimand<br>Muudetud 29.10.2021<\/p>\n","protected":false},"excerpt":{"rendered":"<p>Kliinilise keemia ja laboratoorse hematoloogia osakond Interleukiin 6 (IL-6) on \u00fcks paljudest immuunreaktsioone reguleerivatest ts\u00fctokiinidest. IL-6 on v\u00f5imelised s\u00fcnteesima erinevad rakud: monots\u00fc\u00fcdid, endoteelirakud, fibroblastid. Samuti v\u00f5ivad IL-6 produtseerida makrofaagid, keratinots\u00fc\u00fcdid, nuumrakud, gliiarakud, T-l\u00fcmfots\u00fc\u00fcdid ja m\u00f5ned kasvajarakud. IL-6 indutseerib hematopoeesi ja hemostaasi, kuid keskne roll on tal organismi immuunvastuse ja p\u00f5letikulise reaktsiooni kujunemisel. P\u00f5letikku soodustava faktorina [&hellip;]<\/p>\n","protected":false},"author":38,"featured_media":0,"parent":7286,"menu_order":21,"comment_status":"closed","ping_status":"closed","template":"","meta":{"_uag_custom_page_level_css":"","footnotes":""},"class_list":["post-13319","page","type-page","status-publish","hentry"],"acf":[],"yoast_head":"<!-- This site is optimized with the Yoast SEO plugin v27.3 - https:\/\/yoast.com\/product\/yoast-seo-wordpress\/ -->\n<title>Interleukiin 6 (S,P-IL-6, SemP-IL-6) - \u00dchendlabor<\/title>\n<meta name=\"robots\" content=\"index, follow, max-snippet:-1, max-image-preview:large, max-video-preview:-1\" \/>\n<link rel=\"canonical\" href=\"https:\/\/www.kliinikum.ee\/yhendlabor\/kasiraamat\/kliinilise-keemia-uuringud\/interleukiin-6-sp-il-6-semp-il-6\/\" \/>\n<meta property=\"og:locale\" content=\"et_EE\" \/>\n<meta property=\"og:type\" content=\"article\" \/>\n<meta property=\"og:title\" content=\"Interleukiin 6 (S,P-IL-6, SemP-IL-6) - \u00dchendlabor\" \/>\n<meta property=\"og:description\" content=\"Kliinilise keemia ja laboratoorse hematoloogia osakond Interleukiin 6 (IL-6) on \u00fcks paljudest immuunreaktsioone reguleerivatest ts\u00fctokiinidest. IL-6 on v\u00f5imelised s\u00fcnteesima erinevad rakud: monots\u00fc\u00fcdid, endoteelirakud, fibroblastid. Samuti v\u00f5ivad IL-6 produtseerida makrofaagid, keratinots\u00fc\u00fcdid, nuumrakud, gliiarakud, T-l\u00fcmfots\u00fc\u00fcdid ja m\u00f5ned kasvajarakud. IL-6 indutseerib hematopoeesi ja hemostaasi, kuid keskne roll on tal organismi immuunvastuse ja p\u00f5letikulise reaktsiooni kujunemisel. P\u00f5letikku soodustava faktorina [&hellip;]\" \/>\n<meta property=\"og:url\" content=\"https:\/\/www.kliinikum.ee\/yhendlabor\/kasiraamat\/kliinilise-keemia-uuringud\/interleukiin-6-sp-il-6-semp-il-6\/\" \/>\n<meta property=\"og:site_name\" content=\"\u00dchendlabor\" \/>\n<meta property=\"article:modified_time\" content=\"2025-12-09T20:29:34+00:00\" \/>\n<meta name=\"twitter:card\" content=\"summary_large_image\" \/>\n<meta name=\"twitter:label1\" content=\"Est. reading time\" \/>\n\t<meta name=\"twitter:data1\" content=\"3 minutit\" \/>\n<script type=\"application\/ld+json\" class=\"yoast-schema-graph\">{\"@context\":\"https:\\\/\\\/schema.org\",\"@graph\":[{\"@type\":\"WebPage\",\"@id\":\"https:\\\/\\\/www.kliinikum.ee\\\/yhendlabor\\\/kasiraamat\\\/kliinilise-keemia-uuringud\\\/interleukiin-6-sp-il-6-semp-il-6\\\/\",\"url\":\"https:\\\/\\\/www.kliinikum.ee\\\/yhendlabor\\\/kasiraamat\\\/kliinilise-keemia-uuringud\\\/interleukiin-6-sp-il-6-semp-il-6\\\/\",\"name\":\"Interleukiin 6 (S,P-IL-6, SemP-IL-6) - \u00dchendlabor\",\"isPartOf\":{\"@id\":\"https:\\\/\\\/www.kliinikum.ee\\\/yhendlabor\\\/#website\"},\"datePublished\":\"2025-09-28T12:08:09+00:00\",\"dateModified\":\"2025-12-09T20:29:34+00:00\",\"breadcrumb\":{\"@id\":\"https:\\\/\\\/www.kliinikum.ee\\\/yhendlabor\\\/kasiraamat\\\/kliinilise-keemia-uuringud\\\/interleukiin-6-sp-il-6-semp-il-6\\\/#breadcrumb\"},\"inLanguage\":\"et\",\"potentialAction\":[{\"@type\":\"ReadAction\",\"target\":[\"https:\\\/\\\/www.kliinikum.ee\\\/yhendlabor\\\/kasiraamat\\\/kliinilise-keemia-uuringud\\\/interleukiin-6-sp-il-6-semp-il-6\\\/\"]}]},{\"@type\":\"BreadcrumbList\",\"@id\":\"https:\\\/\\\/www.kliinikum.ee\\\/yhendlabor\\\/kasiraamat\\\/kliinilise-keemia-uuringud\\\/interleukiin-6-sp-il-6-semp-il-6\\\/#breadcrumb\",\"itemListElement\":[{\"@type\":\"ListItem\",\"position\":1,\"name\":\"Home\",\"item\":\"https:\\\/\\\/www.kliinikum.ee\\\/yhendlabor\\\/\"},{\"@type\":\"ListItem\",\"position\":2,\"name\":\"K\u00e4siraamat\",\"item\":\"https:\\\/\\\/www.kliinikum.ee\\\/yhendlabor\\\/kasiraamat\\\/\"},{\"@type\":\"ListItem\",\"position\":3,\"name\":\"Kliinilise keemia uuringud\",\"item\":\"https:\\\/\\\/www.kliinikum.ee\\\/yhendlabor\\\/kasiraamat\\\/kliinilise-keemia-uuringud\\\/\"},{\"@type\":\"ListItem\",\"position\":4,\"name\":\"Interleukiin 6 (S,P-IL-6, SemP-IL-6)\"}]},{\"@type\":\"WebSite\",\"@id\":\"https:\\\/\\\/www.kliinikum.ee\\\/yhendlabor\\\/#website\",\"url\":\"https:\\\/\\\/www.kliinikum.ee\\\/yhendlabor\\\/\",\"name\":\"\u00dchendlabor\",\"description\":\"Hoolivus, Uuendusmeelsus, P\u00e4devus ja Usaldusv\u00e4\u00e4rsus\",\"potentialAction\":[{\"@type\":\"SearchAction\",\"target\":{\"@type\":\"EntryPoint\",\"urlTemplate\":\"https:\\\/\\\/www.kliinikum.ee\\\/yhendlabor\\\/?s={search_term_string}\"},\"query-input\":{\"@type\":\"PropertyValueSpecification\",\"valueRequired\":true,\"valueName\":\"search_term_string\"}}],\"inLanguage\":\"et\"}]}<\/script>\n<!-- \/ Yoast SEO plugin. -->","yoast_head_json":{"title":"Interleukiin 6 (S,P-IL-6, SemP-IL-6) - \u00dchendlabor","robots":{"index":"index","follow":"follow","max-snippet":"max-snippet:-1","max-image-preview":"max-image-preview:large","max-video-preview":"max-video-preview:-1"},"canonical":"https:\/\/www.kliinikum.ee\/yhendlabor\/kasiraamat\/kliinilise-keemia-uuringud\/interleukiin-6-sp-il-6-semp-il-6\/","og_locale":"et_EE","og_type":"article","og_title":"Interleukiin 6 (S,P-IL-6, SemP-IL-6) - \u00dchendlabor","og_description":"Kliinilise keemia ja laboratoorse hematoloogia osakond Interleukiin 6 (IL-6) on \u00fcks paljudest immuunreaktsioone reguleerivatest ts\u00fctokiinidest. IL-6 on v\u00f5imelised s\u00fcnteesima erinevad rakud: monots\u00fc\u00fcdid, endoteelirakud, fibroblastid. Samuti v\u00f5ivad IL-6 produtseerida makrofaagid, keratinots\u00fc\u00fcdid, nuumrakud, gliiarakud, T-l\u00fcmfots\u00fc\u00fcdid ja m\u00f5ned kasvajarakud. IL-6 indutseerib hematopoeesi ja hemostaasi, kuid keskne roll on tal organismi immuunvastuse ja p\u00f5letikulise reaktsiooni kujunemisel. P\u00f5letikku soodustava faktorina [&hellip;]","og_url":"https:\/\/www.kliinikum.ee\/yhendlabor\/kasiraamat\/kliinilise-keemia-uuringud\/interleukiin-6-sp-il-6-semp-il-6\/","og_site_name":"\u00dchendlabor","article_modified_time":"2025-12-09T20:29:34+00:00","twitter_card":"summary_large_image","twitter_misc":{"Est. reading time":"3 minutit"},"schema":{"@context":"https:\/\/schema.org","@graph":[{"@type":"WebPage","@id":"https:\/\/www.kliinikum.ee\/yhendlabor\/kasiraamat\/kliinilise-keemia-uuringud\/interleukiin-6-sp-il-6-semp-il-6\/","url":"https:\/\/www.kliinikum.ee\/yhendlabor\/kasiraamat\/kliinilise-keemia-uuringud\/interleukiin-6-sp-il-6-semp-il-6\/","name":"Interleukiin 6 (S,P-IL-6, SemP-IL-6) - \u00dchendlabor","isPartOf":{"@id":"https:\/\/www.kliinikum.ee\/yhendlabor\/#website"},"datePublished":"2025-09-28T12:08:09+00:00","dateModified":"2025-12-09T20:29:34+00:00","breadcrumb":{"@id":"https:\/\/www.kliinikum.ee\/yhendlabor\/kasiraamat\/kliinilise-keemia-uuringud\/interleukiin-6-sp-il-6-semp-il-6\/#breadcrumb"},"inLanguage":"et","potentialAction":[{"@type":"ReadAction","target":["https:\/\/www.kliinikum.ee\/yhendlabor\/kasiraamat\/kliinilise-keemia-uuringud\/interleukiin-6-sp-il-6-semp-il-6\/"]}]},{"@type":"BreadcrumbList","@id":"https:\/\/www.kliinikum.ee\/yhendlabor\/kasiraamat\/kliinilise-keemia-uuringud\/interleukiin-6-sp-il-6-semp-il-6\/#breadcrumb","itemListElement":[{"@type":"ListItem","position":1,"name":"Home","item":"https:\/\/www.kliinikum.ee\/yhendlabor\/"},{"@type":"ListItem","position":2,"name":"K\u00e4siraamat","item":"https:\/\/www.kliinikum.ee\/yhendlabor\/kasiraamat\/"},{"@type":"ListItem","position":3,"name":"Kliinilise keemia uuringud","item":"https:\/\/www.kliinikum.ee\/yhendlabor\/kasiraamat\/kliinilise-keemia-uuringud\/"},{"@type":"ListItem","position":4,"name":"Interleukiin 6 (S,P-IL-6, SemP-IL-6)"}]},{"@type":"WebSite","@id":"https:\/\/www.kliinikum.ee\/yhendlabor\/#website","url":"https:\/\/www.kliinikum.ee\/yhendlabor\/","name":"\u00dchendlabor","description":"Hoolivus, Uuendusmeelsus, P\u00e4devus ja Usaldusv\u00e4\u00e4rsus","potentialAction":[{"@type":"SearchAction","target":{"@type":"EntryPoint","urlTemplate":"https:\/\/www.kliinikum.ee\/yhendlabor\/?s={search_term_string}"},"query-input":{"@type":"PropertyValueSpecification","valueRequired":true,"valueName":"search_term_string"}}],"inLanguage":"et"}]}},"uagb_featured_image_src":{"full":false,"thumbnail":false,"medium":false,"medium_large":false,"large":false,"1536x1536":false,"2048x2048":false},"uagb_author_info":{"display_name":"Kadi Siigur","author_link":"https:\/\/www.kliinikum.ee\/yhendlabor\/author\/kadisi\/"},"uagb_comment_info":0,"uagb_excerpt":"Kliinilise keemia ja laboratoorse hematoloogia osakond Interleukiin 6 (IL-6) on \u00fcks paljudest immuunreaktsioone reguleerivatest ts\u00fctokiinidest. IL-6 on v\u00f5imelised s\u00fcnteesima erinevad rakud: monots\u00fc\u00fcdid, endoteelirakud, fibroblastid. Samuti v\u00f5ivad IL-6 produtseerida makrofaagid, keratinots\u00fc\u00fcdid, nuumrakud, gliiarakud, T-l\u00fcmfots\u00fc\u00fcdid ja m\u00f5ned kasvajarakud. IL-6 indutseerib hematopoeesi ja hemostaasi, kuid keskne roll on tal organismi immuunvastuse ja p\u00f5letikulise reaktsiooni kujunemisel. P\u00f5letikku soodustava faktorina&hellip;","_links":{"self":[{"href":"https:\/\/www.kliinikum.ee\/yhendlabor\/wp-json\/wp\/v2\/pages\/13319","targetHints":{"allow":["GET"]}}],"collection":[{"href":"https:\/\/www.kliinikum.ee\/yhendlabor\/wp-json\/wp\/v2\/pages"}],"about":[{"href":"https:\/\/www.kliinikum.ee\/yhendlabor\/wp-json\/wp\/v2\/types\/page"}],"author":[{"embeddable":true,"href":"https:\/\/www.kliinikum.ee\/yhendlabor\/wp-json\/wp\/v2\/users\/38"}],"replies":[{"embeddable":true,"href":"https:\/\/www.kliinikum.ee\/yhendlabor\/wp-json\/wp\/v2\/comments?post=13319"}],"version-history":[{"count":0,"href":"https:\/\/www.kliinikum.ee\/yhendlabor\/wp-json\/wp\/v2\/pages\/13319\/revisions"}],"up":[{"embeddable":true,"href":"https:\/\/www.kliinikum.ee\/yhendlabor\/wp-json\/wp\/v2\/pages\/7286"}],"wp:attachment":[{"href":"https:\/\/www.kliinikum.ee\/yhendlabor\/wp-json\/wp\/v2\/media?parent=13319"}],"curies":[{"name":"wp","href":"https:\/\/api.w.org\/{rel}","templated":true}]}}