{"id":13323,"date":"2025-09-28T14:14:18","date_gmt":"2025-09-28T12:14:18","guid":{"rendered":"https:\/\/www.kliinikum.ee\/yhendlabor\/?page_id=13323"},"modified":"2026-01-22T15:53:56","modified_gmt":"2026-01-22T13:53:56","slug":"kloriid-higis-sw-cl","status":"publish","type":"page","link":"https:\/\/www.kliinikum.ee\/yhendlabor\/kasiraamat\/kliinilise-keemia-uuringud\/kloriid-higis-sw-cl\/","title":{"rendered":"Kloriid higis (Sw-Cl)"},"content":{"rendered":"\n<p><em>Kliinilise keemia ja laboratoorse hematoloogia osakond<\/em><\/p>\n\n\n\n<p><strong>Kloori ioonid<\/strong> erituvad organismist peamiselt neerude, osaliselt ka higin\u00e4\u00e4rmete kaudu. Ts\u00fcstilise fibroosi puhul on h\u00e4iritud kloori ioonide reabsorptsioon primaarhigist ja selle tagaj\u00e4rjel suureneb kloriidisisaldus higis.<\/p>\n\n\n\n<p>Ts\u00fcstiline fibroos (CF) on autosoom-retsessiivselt p\u00e4randuv haigus, mille p\u00f5hjuseks on mutatsioonid ts\u00fcstilise fibroosi transmembraanse juhtivuse regulaatorgeenis. Mutatsioonide t\u00f5ttu h\u00e4irub n\u00e4\u00e4rmeepiteelides rakumembraanide kloriidikanalite l\u00e4bitavus, seega ka mineraalide ja vee tasakaal k\u00f5igis keha sekreetides, mist\u00f5ttu nende viskoossus t\u00f5useb oluliselt. Kliiniliselt on ts\u00fcstilisele fibroosile iseloomulikud progresseeruv obstruktiivne kopsuhaigus, kroonilised hingamisteede infektsioonid, pankrease eksokriinse funktsiooni puudulikkus, higin\u00e4\u00e4rmete d\u00fcsfunktsioon ja meeste viljatus.<\/p>\n\n\n\n<p>Kuiv\u00f5rd mutatsioone, mis p\u00f5hjustavad ts\u00fcstilist fibroosi, on teada \u00fcle 2000, ei ole DNA anal\u00fc\u00fcs kasutatav ts\u00fcstilise fibroosi esmasel diagnoosimisel. See p\u00f5hineb kliinilisel leiul ja higi kloriidide m\u00e4\u00e4ramisel.<\/p>\n\n\n\n<p class=\"has-medium-font-size\"><strong>Uuritav materjal, selle v\u00f5tmine, saatmine ja s\u00e4ilitamine<\/strong><\/p>\n\n\n\n<p>Uuringu v\u00f5ib teha CF kahtlusega as\u00fcmptomaatilistele lastele vanuses \u2265 10 p\u00e4eva, kaaluga \u2265 2 kg ja viljastumisj\u00e4rgse vanusega \u2265 36 n\u00e4dala ning t\u00e4iskasvanutele. Patsiendil ei tohiks olla olulist s\u00fcsteemset haigust, ta peaks olema normaalselt h\u00fcdreeritud, palavikuvaba ega tohi saada kortikosteroidravi. S\u00fcmptomaatilisel vasts\u00fcndinutel (n\u00e4iteks mekooniumiileuse puhul) v\u00f5ib higi stimuleerimist ja kogumist teha alates 48 tunni vanusest, kui saavutatakse adekvaatne higi kogus.<\/p>\n\n\n\n<p>Protseduur higi stimuleerimiseks ja kogumiseks tehakse Laste ja noorukite arenduse ja taastusravi keskuses (leppida kokku telefonil 731 9644).<\/p>\n\n\n\n<p>Proovin\u00f5u kogutud higiga tuleb laborisse tuua v\u00e4hemalt 1 tunni jooksul peale protseduuri. Ei tohi saata torupostiga!<\/p>\n\n\n\n<p>Higi kaalumine ja kloriidide sisalduse m\u00e4\u00e4ramine tehakse \u00fchendlaboris.<\/p>\n\n\n\n<p class=\"has-medium-font-size\"><strong>Anal\u00fc\u00fcsi tegemise aeg:<\/strong> t\u00f6\u00f6p\u00e4eviti<\/p>\n\n\n\n<p class=\"has-medium-font-size\"><strong>Anal\u00fc\u00fcsimeetod:<\/strong> kulonomeetriline tiitrimine<\/p>\n\n\n\n<p class=\"has-medium-font-size\"><strong>Referentsv\u00e4\u00e4rtused<\/strong><\/p>\n\n\n\n<figure class=\"wp-block-table\"><table><tbody><tr><td width=\"1%\"><\/td><td width=\"33%\"><strong>Normaalne<\/strong><\/td><td width=\"33%\"><strong>Piiripealne<\/strong><\/td><td width=\"33%\"><strong>Ts\u00fcstiline fibroos<\/strong><\/td><\/tr><tr><td><\/td><td>\u2264 29 mmol\/L<\/td><td>30\u201359 mmol\/L<\/td><td>\u2265 60 mmol\/L<\/td><\/tr><\/tbody><\/table><\/figure>\n\n\n\n<p class=\"has-medium-font-size\"><strong>N\u00e4idustus ja kliiniline t\u00e4hendus<\/strong><\/p>\n\n\n\n<p>Ts\u00fcstilise fibroosi kahtlus.<\/p>\n\n\n\n<p>Ts\u00fcstilist fibroosi saab diagnoosida juhul, kui patsiendil on ts\u00fcstilise fibroosi kliinilised tunnused ja kloriid higis on v\u00e4hemalt kahel m\u00e4\u00e4ramisel \u2265 60 mmol\/L. Piiripealsetel &nbsp;higikloriidi v\u00e4\u00e4rtustel &nbsp;tuleks anal\u00fc\u00fcsi korrata, kuni saadakse kindlalt normaalne v\u00f5i patoloogiline tulemus.<\/p>\n\n\n\n<p>Kloriidi eritumine higiga v\u00f5ib olla suurenenud ka m\u00f5ningate muude haiguste puhul, nt ravimata atoopiline dermatiit, <em>anorexia nervosa<\/em>, neerupealiste puudulikkus, h\u00fcpot\u00fcreoidism, nefrogeenne <em>diabetes insipidus<\/em>.<\/p>\n\n\n\n<p>Kirjanduse andmetel v\u00f5ib topiramaat p\u00f5hjustada suurenenud kloriidide sisaldust higis.<\/p>\n\n\n\n<p>Vt ka: <a href=\"https:\/\/www.kliinikum.ee\/yhendlabor\/kasiraamat\/parilike-haiguste-ja-riskialleelide-uuringud\/tsustiline-fibroos-tf-cftr-geeni-mutatsioonid\/\">Ts\u00fcstiline fibroos \u2013 CFTR geeni mutatsioonid<\/a><\/p>\n\n\n\n<p>Koostaja: Sirje Leedo<br>Muudetud 16.01.2026<\/p>\n","protected":false},"excerpt":{"rendered":"<p>Kliinilise keemia ja laboratoorse hematoloogia osakond Kloori ioonid erituvad organismist peamiselt neerude, osaliselt ka higin\u00e4\u00e4rmete kaudu. Ts\u00fcstilise fibroosi puhul on h\u00e4iritud kloori ioonide reabsorptsioon primaarhigist ja selle tagaj\u00e4rjel suureneb kloriidisisaldus higis. Ts\u00fcstiline fibroos (CF) on autosoom-retsessiivselt p\u00e4randuv haigus, mille p\u00f5hjuseks on mutatsioonid ts\u00fcstilise fibroosi transmembraanse juhtivuse regulaatorgeenis. Mutatsioonide t\u00f5ttu h\u00e4irub n\u00e4\u00e4rmeepiteelides rakumembraanide kloriidikanalite l\u00e4bitavus, seega [&hellip;]<\/p>\n","protected":false},"author":38,"featured_media":0,"parent":7286,"menu_order":22,"comment_status":"closed","ping_status":"closed","template":"","meta":{"_uag_custom_page_level_css":"","footnotes":""},"class_list":["post-13323","page","type-page","status-publish","hentry"],"acf":[],"yoast_head":"<!-- This site is optimized with the Yoast SEO plugin v27.3 - https:\/\/yoast.com\/product\/yoast-seo-wordpress\/ -->\n<title>Kloriid higis (Sw-Cl) - \u00dchendlabor<\/title>\n<meta name=\"robots\" content=\"index, follow, max-snippet:-1, max-image-preview:large, max-video-preview:-1\" \/>\n<link rel=\"canonical\" href=\"https:\/\/www.kliinikum.ee\/yhendlabor\/kasiraamat\/kliinilise-keemia-uuringud\/kloriid-higis-sw-cl\/\" \/>\n<meta property=\"og:locale\" content=\"et_EE\" \/>\n<meta property=\"og:type\" content=\"article\" \/>\n<meta property=\"og:title\" content=\"Kloriid higis (Sw-Cl) - \u00dchendlabor\" \/>\n<meta property=\"og:description\" content=\"Kliinilise keemia ja laboratoorse hematoloogia osakond Kloori ioonid erituvad organismist peamiselt neerude, osaliselt ka higin\u00e4\u00e4rmete kaudu. Ts\u00fcstilise fibroosi puhul on h\u00e4iritud kloori ioonide reabsorptsioon primaarhigist ja selle tagaj\u00e4rjel suureneb kloriidisisaldus higis. Ts\u00fcstiline fibroos (CF) on autosoom-retsessiivselt p\u00e4randuv haigus, mille p\u00f5hjuseks on mutatsioonid ts\u00fcstilise fibroosi transmembraanse juhtivuse regulaatorgeenis. Mutatsioonide t\u00f5ttu h\u00e4irub n\u00e4\u00e4rmeepiteelides rakumembraanide kloriidikanalite l\u00e4bitavus, seega [&hellip;]\" \/>\n<meta property=\"og:url\" content=\"https:\/\/www.kliinikum.ee\/yhendlabor\/kasiraamat\/kliinilise-keemia-uuringud\/kloriid-higis-sw-cl\/\" \/>\n<meta property=\"og:site_name\" content=\"\u00dchendlabor\" \/>\n<meta property=\"article:modified_time\" content=\"2026-01-22T13:53:56+00:00\" \/>\n<meta name=\"twitter:card\" content=\"summary_large_image\" \/>\n<meta name=\"twitter:label1\" content=\"Est. reading time\" \/>\n\t<meta name=\"twitter:data1\" content=\"2 minutit\" \/>\n<script type=\"application\/ld+json\" class=\"yoast-schema-graph\">{\"@context\":\"https:\\\/\\\/schema.org\",\"@graph\":[{\"@type\":\"WebPage\",\"@id\":\"https:\\\/\\\/www.kliinikum.ee\\\/yhendlabor\\\/kasiraamat\\\/kliinilise-keemia-uuringud\\\/kloriid-higis-sw-cl\\\/\",\"url\":\"https:\\\/\\\/www.kliinikum.ee\\\/yhendlabor\\\/kasiraamat\\\/kliinilise-keemia-uuringud\\\/kloriid-higis-sw-cl\\\/\",\"name\":\"Kloriid higis (Sw-Cl) - \u00dchendlabor\",\"isPartOf\":{\"@id\":\"https:\\\/\\\/www.kliinikum.ee\\\/yhendlabor\\\/#website\"},\"datePublished\":\"2025-09-28T12:14:18+00:00\",\"dateModified\":\"2026-01-22T13:53:56+00:00\",\"breadcrumb\":{\"@id\":\"https:\\\/\\\/www.kliinikum.ee\\\/yhendlabor\\\/kasiraamat\\\/kliinilise-keemia-uuringud\\\/kloriid-higis-sw-cl\\\/#breadcrumb\"},\"inLanguage\":\"et\",\"potentialAction\":[{\"@type\":\"ReadAction\",\"target\":[\"https:\\\/\\\/www.kliinikum.ee\\\/yhendlabor\\\/kasiraamat\\\/kliinilise-keemia-uuringud\\\/kloriid-higis-sw-cl\\\/\"]}]},{\"@type\":\"BreadcrumbList\",\"@id\":\"https:\\\/\\\/www.kliinikum.ee\\\/yhendlabor\\\/kasiraamat\\\/kliinilise-keemia-uuringud\\\/kloriid-higis-sw-cl\\\/#breadcrumb\",\"itemListElement\":[{\"@type\":\"ListItem\",\"position\":1,\"name\":\"Home\",\"item\":\"https:\\\/\\\/www.kliinikum.ee\\\/yhendlabor\\\/\"},{\"@type\":\"ListItem\",\"position\":2,\"name\":\"K\u00e4siraamat\",\"item\":\"https:\\\/\\\/www.kliinikum.ee\\\/yhendlabor\\\/kasiraamat\\\/\"},{\"@type\":\"ListItem\",\"position\":3,\"name\":\"Kliinilise keemia uuringud\",\"item\":\"https:\\\/\\\/www.kliinikum.ee\\\/yhendlabor\\\/kasiraamat\\\/kliinilise-keemia-uuringud\\\/\"},{\"@type\":\"ListItem\",\"position\":4,\"name\":\"Kloriid higis (Sw-Cl)\"}]},{\"@type\":\"WebSite\",\"@id\":\"https:\\\/\\\/www.kliinikum.ee\\\/yhendlabor\\\/#website\",\"url\":\"https:\\\/\\\/www.kliinikum.ee\\\/yhendlabor\\\/\",\"name\":\"\u00dchendlabor\",\"description\":\"Hoolivus, Uuendusmeelsus, P\u00e4devus ja Usaldusv\u00e4\u00e4rsus\",\"potentialAction\":[{\"@type\":\"SearchAction\",\"target\":{\"@type\":\"EntryPoint\",\"urlTemplate\":\"https:\\\/\\\/www.kliinikum.ee\\\/yhendlabor\\\/?s={search_term_string}\"},\"query-input\":{\"@type\":\"PropertyValueSpecification\",\"valueRequired\":true,\"valueName\":\"search_term_string\"}}],\"inLanguage\":\"et\"}]}<\/script>\n<!-- \/ Yoast SEO plugin. -->","yoast_head_json":{"title":"Kloriid higis (Sw-Cl) - \u00dchendlabor","robots":{"index":"index","follow":"follow","max-snippet":"max-snippet:-1","max-image-preview":"max-image-preview:large","max-video-preview":"max-video-preview:-1"},"canonical":"https:\/\/www.kliinikum.ee\/yhendlabor\/kasiraamat\/kliinilise-keemia-uuringud\/kloriid-higis-sw-cl\/","og_locale":"et_EE","og_type":"article","og_title":"Kloriid higis (Sw-Cl) - \u00dchendlabor","og_description":"Kliinilise keemia ja laboratoorse hematoloogia osakond Kloori ioonid erituvad organismist peamiselt neerude, osaliselt ka higin\u00e4\u00e4rmete kaudu. Ts\u00fcstilise fibroosi puhul on h\u00e4iritud kloori ioonide reabsorptsioon primaarhigist ja selle tagaj\u00e4rjel suureneb kloriidisisaldus higis. Ts\u00fcstiline fibroos (CF) on autosoom-retsessiivselt p\u00e4randuv haigus, mille p\u00f5hjuseks on mutatsioonid ts\u00fcstilise fibroosi transmembraanse juhtivuse regulaatorgeenis. Mutatsioonide t\u00f5ttu h\u00e4irub n\u00e4\u00e4rmeepiteelides rakumembraanide kloriidikanalite l\u00e4bitavus, seega [&hellip;]","og_url":"https:\/\/www.kliinikum.ee\/yhendlabor\/kasiraamat\/kliinilise-keemia-uuringud\/kloriid-higis-sw-cl\/","og_site_name":"\u00dchendlabor","article_modified_time":"2026-01-22T13:53:56+00:00","twitter_card":"summary_large_image","twitter_misc":{"Est. reading time":"2 minutit"},"schema":{"@context":"https:\/\/schema.org","@graph":[{"@type":"WebPage","@id":"https:\/\/www.kliinikum.ee\/yhendlabor\/kasiraamat\/kliinilise-keemia-uuringud\/kloriid-higis-sw-cl\/","url":"https:\/\/www.kliinikum.ee\/yhendlabor\/kasiraamat\/kliinilise-keemia-uuringud\/kloriid-higis-sw-cl\/","name":"Kloriid higis (Sw-Cl) - \u00dchendlabor","isPartOf":{"@id":"https:\/\/www.kliinikum.ee\/yhendlabor\/#website"},"datePublished":"2025-09-28T12:14:18+00:00","dateModified":"2026-01-22T13:53:56+00:00","breadcrumb":{"@id":"https:\/\/www.kliinikum.ee\/yhendlabor\/kasiraamat\/kliinilise-keemia-uuringud\/kloriid-higis-sw-cl\/#breadcrumb"},"inLanguage":"et","potentialAction":[{"@type":"ReadAction","target":["https:\/\/www.kliinikum.ee\/yhendlabor\/kasiraamat\/kliinilise-keemia-uuringud\/kloriid-higis-sw-cl\/"]}]},{"@type":"BreadcrumbList","@id":"https:\/\/www.kliinikum.ee\/yhendlabor\/kasiraamat\/kliinilise-keemia-uuringud\/kloriid-higis-sw-cl\/#breadcrumb","itemListElement":[{"@type":"ListItem","position":1,"name":"Home","item":"https:\/\/www.kliinikum.ee\/yhendlabor\/"},{"@type":"ListItem","position":2,"name":"K\u00e4siraamat","item":"https:\/\/www.kliinikum.ee\/yhendlabor\/kasiraamat\/"},{"@type":"ListItem","position":3,"name":"Kliinilise keemia uuringud","item":"https:\/\/www.kliinikum.ee\/yhendlabor\/kasiraamat\/kliinilise-keemia-uuringud\/"},{"@type":"ListItem","position":4,"name":"Kloriid higis (Sw-Cl)"}]},{"@type":"WebSite","@id":"https:\/\/www.kliinikum.ee\/yhendlabor\/#website","url":"https:\/\/www.kliinikum.ee\/yhendlabor\/","name":"\u00dchendlabor","description":"Hoolivus, Uuendusmeelsus, P\u00e4devus ja Usaldusv\u00e4\u00e4rsus","potentialAction":[{"@type":"SearchAction","target":{"@type":"EntryPoint","urlTemplate":"https:\/\/www.kliinikum.ee\/yhendlabor\/?s={search_term_string}"},"query-input":{"@type":"PropertyValueSpecification","valueRequired":true,"valueName":"search_term_string"}}],"inLanguage":"et"}]}},"uagb_featured_image_src":{"full":false,"thumbnail":false,"medium":false,"medium_large":false,"large":false,"1536x1536":false,"2048x2048":false},"uagb_author_info":{"display_name":"Kadi Siigur","author_link":"https:\/\/www.kliinikum.ee\/yhendlabor\/author\/kadisi\/"},"uagb_comment_info":0,"uagb_excerpt":"Kliinilise keemia ja laboratoorse hematoloogia osakond Kloori ioonid erituvad organismist peamiselt neerude, osaliselt ka higin\u00e4\u00e4rmete kaudu. Ts\u00fcstilise fibroosi puhul on h\u00e4iritud kloori ioonide reabsorptsioon primaarhigist ja selle tagaj\u00e4rjel suureneb kloriidisisaldus higis. Ts\u00fcstiline fibroos (CF) on autosoom-retsessiivselt p\u00e4randuv haigus, mille p\u00f5hjuseks on mutatsioonid ts\u00fcstilise fibroosi transmembraanse juhtivuse regulaatorgeenis. Mutatsioonide t\u00f5ttu h\u00e4irub n\u00e4\u00e4rmeepiteelides rakumembraanide kloriidikanalite l\u00e4bitavus, seega&hellip;","_links":{"self":[{"href":"https:\/\/www.kliinikum.ee\/yhendlabor\/wp-json\/wp\/v2\/pages\/13323","targetHints":{"allow":["GET"]}}],"collection":[{"href":"https:\/\/www.kliinikum.ee\/yhendlabor\/wp-json\/wp\/v2\/pages"}],"about":[{"href":"https:\/\/www.kliinikum.ee\/yhendlabor\/wp-json\/wp\/v2\/types\/page"}],"author":[{"embeddable":true,"href":"https:\/\/www.kliinikum.ee\/yhendlabor\/wp-json\/wp\/v2\/users\/38"}],"replies":[{"embeddable":true,"href":"https:\/\/www.kliinikum.ee\/yhendlabor\/wp-json\/wp\/v2\/comments?post=13323"}],"version-history":[{"count":0,"href":"https:\/\/www.kliinikum.ee\/yhendlabor\/wp-json\/wp\/v2\/pages\/13323\/revisions"}],"up":[{"embeddable":true,"href":"https:\/\/www.kliinikum.ee\/yhendlabor\/wp-json\/wp\/v2\/pages\/7286"}],"wp:attachment":[{"href":"https:\/\/www.kliinikum.ee\/yhendlabor\/wp-json\/wp\/v2\/media?parent=13323"}],"curies":[{"name":"wp","href":"https:\/\/api.w.org\/{rel}","templated":true}]}}