{"id":13337,"date":"2025-09-28T14:52:14","date_gmt":"2025-09-28T12:52:14","guid":{"rendered":"https:\/\/www.kliinikum.ee\/yhendlabor\/?page_id=13337"},"modified":"2025-12-09T22:37:23","modified_gmt":"2025-12-09T20:37:23","slug":"koliini-esteraas-sp-che-dibukaiinarv-dn","status":"publish","type":"page","link":"https:\/\/www.kliinikum.ee\/yhendlabor\/kasiraamat\/kliinilise-keemia-uuringud\/koliini-esteraas-sp-che-dibukaiinarv-dn\/","title":{"rendered":"Koliini esteraas (S,P-ChE), dibukaiinarv (DN)"},"content":{"rendered":"\n<p><em>Kliinilise keemia osakond, tel. 731 8316<\/em><\/p>\n\n\n\n<p>Inimorganismis on kaks p\u00f5hilist ens\u00fc\u00fcmi, mis katal\u00fc\u00fcsivad neurotransmitteri atset\u00fc\u00fclkoliini h\u00fcdrol\u00fc\u00fcsi: atset\u00fc\u00fclkoliini esteraas (\u201ct\u00f5eline\u201d koliini esteraas), mis esineb n\u00e4rvil\u00f5pmetes, aju hallaines, er\u00fctrots\u00fc\u00fctides, kopsudes ja p\u00f5rnas, ning <strong>ats\u00fc\u00fclkoliini ats\u00fc\u00fclh\u00fcdrolaas<\/strong> (seerumi koliini esteraas ehk \u201epseudo\u201c koliini esteraas, ChE), mida leidub seerumis, maksas, s\u00fcdames, sooltes, aju valgeaines ja pankreases. ChE \u00a0s\u00fcnteesitakse peamiselt maksas.<\/p>\n\n\n\n<p>\u201eT\u00f5eline\u201c koliini esteraas osaleb n\u00e4rviimpulsi \u00fclekandes s\u00fcnapsides. Tema roll seisneb atset\u00fc\u00fclkoliini lagundamises, mis on vajalik n\u00e4rvi depolarisatsiooniks. \u201ePseudo\u201c koliini esteraasi (ChE) bioloogiline roll on teadmata.<\/p>\n\n\n\n<p>ChE s\u00fcnteesi kontrolliv geen v\u00f5ib esineda mitmes alleelses vormis. Neli tuntuimat vormi on E<sup>u <\/sup>(<em>usual<\/em>) \u2013 normaalne ens\u00fc\u00fcmi aktiivsus, E<sup>a<\/sup> (<em>atypical<\/em>) \u2013 madal ens\u00fc\u00fcmi aktiivsus ja v\u00e4henenud inhibeerumine dibukaiini toimel, E<sup>f<\/sup> (<em>fluoride resistant<\/em>) \u2013 madal ens\u00fc\u00fcmi aktiivsus ja v\u00e4henenud inhibeerumine fluoriidi toimel ning E<sup>s<\/sup> (<em>silent<\/em>) \u2013 ens\u00fc\u00fcmi katal\u00fc\u00fctiline aktiivsus puudub. Normaalne, k\u00f5ige sagedasem fenot\u00fc\u00fcp on UU. Isikud fenot\u00fc\u00fcpidega AA, AS, FF, FS, SS, AF ja m\u00f5ningal m\u00e4\u00e4ral ka UA on teatud m\u00fcorelaksantide kasutamisel ohustatud nn skoliini-apnoest. At\u00fc\u00fcpiliste ens\u00fc\u00fcmivariantide kindlakstegemiseks kasutatakse ChE \u00fcldaktiivsuse ja dibukaiiniarvu (DN) m\u00e4\u00e4ramist (see n\u00e4itab ChE inhibeerumise protsenti standardkoguse dibukaiini juuresolekul).<\/p>\n\n\n\n<p class=\"has-medium-font-size\"><strong>Uuritav materjal, selle v\u00f5tmine, saatmine ja s\u00e4ilitamine<\/strong><\/p>\n\n\n\n<p><em>Proov ei tohi olla hemol\u00fc\u00fctiline!<\/em><\/p>\n\n\n\n<figure class=\"wp-block-table is-style-stripes\"><table width=\"100%\"><tbody><tr><td width=\"1%\"><\/td><td width=\"15%\"><strong>Katsuti<\/strong><\/td><td width=\"84%\">Geeli ja h\u00fc\u00fcbimisaktivaatoriga katsuti (kollane kork) v\u00f5i geeliga LH-katsuti (heleroheline kork)<\/td><\/tr><tr><td><\/td><td><strong>S\u00e4ilivus<\/strong><\/td><td>Seerum\/plasma toatemperatuuril kuus tundi, +4 \u00b0C seitse p\u00e4eva, -20 \u00b0C \u00fcks aasta<\/td><\/tr><\/tbody><\/table><\/figure>\n\n\n\n<p class=\"has-medium-font-size\"><strong>Anal\u00fc\u00fcsi tegemise aeg:<\/strong> \u00f6\u00f6p\u00e4evaringselt<\/p>\n\n\n\n<p class=\"has-medium-font-size\"><strong>Anal\u00fc\u00fcsimeetod:<\/strong> kolorimeetriline meetod<\/p>\n\n\n\n<p class=\"has-medium-font-size\"><strong>Referentsv\u00e4\u00e4rtused<\/strong><\/p>\n\n\n\n<p><em>ChE \u00fcldaktiivsus:<\/em><\/p>\n\n\n\n<figure class=\"wp-block-table\"><table width=\"100%\"><tbody><tr><td width=\"1%\"><\/td><td width=\"20%\"><strong>&lt; 16 a<\/strong><\/td><td width=\"39%\"><strong>M, N<\/strong><\/td><td width=\"40%\">5320\u201312920 U\/L<\/td><\/tr><tr><td><\/td><td><strong>\u2265 16 a<\/strong><\/td><td><strong>M<\/strong><\/td><td>5320\u201312920 U\/L<\/td><\/tr><tr><td><\/td><td><strong>16 a \u2013 &lt; 40 a<\/strong><\/td><td><strong>N<\/strong><\/td><td>4260\u201311250 U\/L<\/td><\/tr><tr><td><\/td><td><strong>\u2265 40 a<\/strong><\/td><td><strong>N<\/strong><\/td><td>5320\u201312920 U\/L<\/td><\/tr><tr><td><\/td><td colspan=\"2\"><strong>Rasedad v\u00f5i hormonaalseid kontratseptiive kasutavad naised (18 a \u2013&lt; 42 a)<\/strong><\/td><td>3650\u20139120 U\/L<\/td><\/tr><\/tbody><\/table><\/figure>\n\n\n\n<p><em>Dibukaiiniarv:<\/em><\/p>\n\n\n\n<figure class=\"wp-block-table\"><table width=\"100%\"><tbody><tr><td width=\"1%\"><\/td><td width=\"59%\"><strong>Fenot\u00fc\u00fcp UU<\/strong><\/td><td width=\"40%\">\u2265 73<\/td><\/tr><tr><td><\/td><td><strong>Fenot\u00fc\u00fcp UA<\/strong><\/td><td>57\u201372<\/td><\/tr><tr><td><\/td><td><strong>Fenot\u00fc\u00fcp AA<\/strong><\/td><td>\u2264 50<\/td><\/tr><tr><td><\/td><td><strong>Skoliini-apnoe oht<\/strong><\/td><td>&lt; 57<\/td><\/tr><\/tbody><\/table><\/figure>\n\n\n\n<p class=\"has-medium-font-size\"><strong>N\u00e4idustus ja kliiniline t\u00e4hendus<\/strong><\/p>\n\n\n\n<p>Fosfororgaanilistest \u00fchenditest p\u00f5hjustatud m\u00fcrgistuste diagnostika. Preoperatiivne anesteesiariski hindamine. Maksa s\u00fcnteesiv\u00f5ime hindamine.<\/p>\n\n\n\n<p>Mitmesugused fosfororgaanilised \u00fchendid (pestitsiidid, fosforv\u00e4etised, insektitsiidid) seovad fosfor\u00fcleerimise teel nii \u201et\u00f5elist\u201c koliini esteraasi kui \u201epseudo\u201c koliini esteraasi, mille tagaj\u00e4rjel tekib endogeenne atset\u00fc\u00fclkoliinim\u00fcrgistus \u201cmuskariini-sarnase\u201d ja \u201cnikotiini-sarnase\u201d s\u00fcmptomaatikaga. M\u00fcrgistuste puhul esineb ChE aktiivsuse oluline langus. Nivoo normaliseerub uue ens\u00fc\u00fcmi s\u00fcnteesimisega kahe n\u00e4dala jooksul.<\/p>\n\n\n\n<p>At\u00fc\u00fcpiliste ChE variantide korral v\u00e4heneb oluliselt m\u00fcorelaksantide (suksametooniumkloriid, nt <em>Lysthenon<\/em>) taluvus ja suureneb narkoosi risk. Lihasrelaksante ei lagundata piisavalt kiiresti ning v\u00f5ib tekkida prolongeeritud lihasrelaksatsioon ja\/v\u00f5i hingamislihaste paral\u00fc\u00fcs \u2013 nn skoliini-apnoe. Neil juhtudel tuleks uurida ka patsiendi l\u00e4hisugulasi koliini esteraasi aktiivsuse suhtes.<\/p>\n\n\n\n<p>ChE aktiivsus v\u00e4heneb ka maksa s\u00fcnteesiv\u00f5ime kahjustumise korral. Korduvad m\u00e4\u00e4ramised on abiks maksahaigustega patsientide prognoosi hindamisel ning patsientide j\u00e4lgimisel p\u00e4rast maksa transplantatsiooni.<\/p>\n\n\n\n<p>V\u00e4henenud ChE aktiivsus v\u00f5ib esineda ka lihasd\u00fcstroofiate, m\u00fcokardiinfarkti, \u00e4gedate infektsioonide, alatoitumuse, kahheksia, h\u00fcpot\u00fcreoidismi, metastaseerunud pahaloomuliste kasvajate ja laiaulatuslike p\u00f5letuste korral ning operatsioonij\u00e4rgses perioodis, samuti on koliini esteraasi aktiivsus madalam raseduse korral.<\/p>\n\n\n\n<p>Suurenenud ChE aktiivsus v\u00f5ib esineda nefrootilise s\u00fcndroomi, t\u00fcreotoksikoosi, hemokromatoosi, diabeedi, rasvumise ja m\u00f5ningate ps\u00fchhiaatriliste haiguste korral.<\/p>\n\n\n\n<p>Koostaja: Katrin Reimand<\/p>\n","protected":false},"excerpt":{"rendered":"<p>Kliinilise keemia osakond, tel. 731 8316 Inimorganismis on kaks p\u00f5hilist ens\u00fc\u00fcmi, mis katal\u00fc\u00fcsivad neurotransmitteri atset\u00fc\u00fclkoliini h\u00fcdrol\u00fc\u00fcsi: atset\u00fc\u00fclkoliini esteraas (\u201ct\u00f5eline\u201d koliini esteraas), mis esineb n\u00e4rvil\u00f5pmetes, aju hallaines, er\u00fctrots\u00fc\u00fctides, kopsudes ja p\u00f5rnas, ning ats\u00fc\u00fclkoliini ats\u00fc\u00fclh\u00fcdrolaas (seerumi koliini esteraas ehk \u201epseudo\u201c koliini esteraas, ChE), mida leidub seerumis, maksas, s\u00fcdames, sooltes, aju valgeaines ja pankreases. ChE \u00a0s\u00fcnteesitakse peamiselt maksas. [&hellip;]<\/p>\n","protected":false},"author":38,"featured_media":0,"parent":7286,"menu_order":24,"comment_status":"closed","ping_status":"closed","template":"","meta":{"_uag_custom_page_level_css":"","footnotes":""},"class_list":["post-13337","page","type-page","status-publish","hentry"],"acf":[],"yoast_head":"<!-- This site is optimized with the Yoast SEO plugin v27.3 - https:\/\/yoast.com\/product\/yoast-seo-wordpress\/ -->\n<title>Koliini esteraas (S,P-ChE), dibukaiinarv (DN) - \u00dchendlabor<\/title>\n<meta name=\"robots\" content=\"index, follow, max-snippet:-1, max-image-preview:large, max-video-preview:-1\" \/>\n<link rel=\"canonical\" href=\"https:\/\/www.kliinikum.ee\/yhendlabor\/kasiraamat\/kliinilise-keemia-uuringud\/koliini-esteraas-sp-che-dibukaiinarv-dn\/\" \/>\n<meta property=\"og:locale\" content=\"et_EE\" \/>\n<meta property=\"og:type\" content=\"article\" \/>\n<meta property=\"og:title\" content=\"Koliini esteraas (S,P-ChE), dibukaiinarv (DN) - \u00dchendlabor\" \/>\n<meta property=\"og:description\" content=\"Kliinilise keemia osakond, tel. 731 8316 Inimorganismis on kaks p\u00f5hilist ens\u00fc\u00fcmi, mis katal\u00fc\u00fcsivad neurotransmitteri atset\u00fc\u00fclkoliini h\u00fcdrol\u00fc\u00fcsi: atset\u00fc\u00fclkoliini esteraas (\u201ct\u00f5eline\u201d koliini esteraas), mis esineb n\u00e4rvil\u00f5pmetes, aju hallaines, er\u00fctrots\u00fc\u00fctides, kopsudes ja p\u00f5rnas, ning ats\u00fc\u00fclkoliini ats\u00fc\u00fclh\u00fcdrolaas (seerumi koliini esteraas ehk \u201epseudo\u201c koliini esteraas, ChE), mida leidub seerumis, maksas, s\u00fcdames, sooltes, aju valgeaines ja pankreases. ChE \u00a0s\u00fcnteesitakse peamiselt maksas. [&hellip;]\" \/>\n<meta property=\"og:url\" content=\"https:\/\/www.kliinikum.ee\/yhendlabor\/kasiraamat\/kliinilise-keemia-uuringud\/koliini-esteraas-sp-che-dibukaiinarv-dn\/\" \/>\n<meta property=\"og:site_name\" content=\"\u00dchendlabor\" \/>\n<meta property=\"article:modified_time\" content=\"2025-12-09T20:37:23+00:00\" \/>\n<meta name=\"twitter:card\" content=\"summary_large_image\" \/>\n<meta name=\"twitter:label1\" content=\"Est. reading time\" \/>\n\t<meta name=\"twitter:data1\" content=\"3 minutit\" \/>\n<script type=\"application\/ld+json\" class=\"yoast-schema-graph\">{\"@context\":\"https:\\\/\\\/schema.org\",\"@graph\":[{\"@type\":\"WebPage\",\"@id\":\"https:\\\/\\\/www.kliinikum.ee\\\/yhendlabor\\\/kasiraamat\\\/kliinilise-keemia-uuringud\\\/koliini-esteraas-sp-che-dibukaiinarv-dn\\\/\",\"url\":\"https:\\\/\\\/www.kliinikum.ee\\\/yhendlabor\\\/kasiraamat\\\/kliinilise-keemia-uuringud\\\/koliini-esteraas-sp-che-dibukaiinarv-dn\\\/\",\"name\":\"Koliini esteraas (S,P-ChE), dibukaiinarv (DN) - \u00dchendlabor\",\"isPartOf\":{\"@id\":\"https:\\\/\\\/www.kliinikum.ee\\\/yhendlabor\\\/#website\"},\"datePublished\":\"2025-09-28T12:52:14+00:00\",\"dateModified\":\"2025-12-09T20:37:23+00:00\",\"breadcrumb\":{\"@id\":\"https:\\\/\\\/www.kliinikum.ee\\\/yhendlabor\\\/kasiraamat\\\/kliinilise-keemia-uuringud\\\/koliini-esteraas-sp-che-dibukaiinarv-dn\\\/#breadcrumb\"},\"inLanguage\":\"et\",\"potentialAction\":[{\"@type\":\"ReadAction\",\"target\":[\"https:\\\/\\\/www.kliinikum.ee\\\/yhendlabor\\\/kasiraamat\\\/kliinilise-keemia-uuringud\\\/koliini-esteraas-sp-che-dibukaiinarv-dn\\\/\"]}]},{\"@type\":\"BreadcrumbList\",\"@id\":\"https:\\\/\\\/www.kliinikum.ee\\\/yhendlabor\\\/kasiraamat\\\/kliinilise-keemia-uuringud\\\/koliini-esteraas-sp-che-dibukaiinarv-dn\\\/#breadcrumb\",\"itemListElement\":[{\"@type\":\"ListItem\",\"position\":1,\"name\":\"Home\",\"item\":\"https:\\\/\\\/www.kliinikum.ee\\\/yhendlabor\\\/\"},{\"@type\":\"ListItem\",\"position\":2,\"name\":\"K\u00e4siraamat\",\"item\":\"https:\\\/\\\/www.kliinikum.ee\\\/yhendlabor\\\/kasiraamat\\\/\"},{\"@type\":\"ListItem\",\"position\":3,\"name\":\"Kliinilise keemia uuringud\",\"item\":\"https:\\\/\\\/www.kliinikum.ee\\\/yhendlabor\\\/kasiraamat\\\/kliinilise-keemia-uuringud\\\/\"},{\"@type\":\"ListItem\",\"position\":4,\"name\":\"Koliini esteraas (S,P-ChE), dibukaiinarv (DN)\"}]},{\"@type\":\"WebSite\",\"@id\":\"https:\\\/\\\/www.kliinikum.ee\\\/yhendlabor\\\/#website\",\"url\":\"https:\\\/\\\/www.kliinikum.ee\\\/yhendlabor\\\/\",\"name\":\"\u00dchendlabor\",\"description\":\"Hoolivus, Uuendusmeelsus, P\u00e4devus ja Usaldusv\u00e4\u00e4rsus\",\"potentialAction\":[{\"@type\":\"SearchAction\",\"target\":{\"@type\":\"EntryPoint\",\"urlTemplate\":\"https:\\\/\\\/www.kliinikum.ee\\\/yhendlabor\\\/?s={search_term_string}\"},\"query-input\":{\"@type\":\"PropertyValueSpecification\",\"valueRequired\":true,\"valueName\":\"search_term_string\"}}],\"inLanguage\":\"et\"}]}<\/script>\n<!-- \/ Yoast SEO plugin. -->","yoast_head_json":{"title":"Koliini esteraas (S,P-ChE), dibukaiinarv (DN) - \u00dchendlabor","robots":{"index":"index","follow":"follow","max-snippet":"max-snippet:-1","max-image-preview":"max-image-preview:large","max-video-preview":"max-video-preview:-1"},"canonical":"https:\/\/www.kliinikum.ee\/yhendlabor\/kasiraamat\/kliinilise-keemia-uuringud\/koliini-esteraas-sp-che-dibukaiinarv-dn\/","og_locale":"et_EE","og_type":"article","og_title":"Koliini esteraas (S,P-ChE), dibukaiinarv (DN) - \u00dchendlabor","og_description":"Kliinilise keemia osakond, tel. 731 8316 Inimorganismis on kaks p\u00f5hilist ens\u00fc\u00fcmi, mis katal\u00fc\u00fcsivad neurotransmitteri atset\u00fc\u00fclkoliini h\u00fcdrol\u00fc\u00fcsi: atset\u00fc\u00fclkoliini esteraas (\u201ct\u00f5eline\u201d koliini esteraas), mis esineb n\u00e4rvil\u00f5pmetes, aju hallaines, er\u00fctrots\u00fc\u00fctides, kopsudes ja p\u00f5rnas, ning ats\u00fc\u00fclkoliini ats\u00fc\u00fclh\u00fcdrolaas (seerumi koliini esteraas ehk \u201epseudo\u201c koliini esteraas, ChE), mida leidub seerumis, maksas, s\u00fcdames, sooltes, aju valgeaines ja pankreases. ChE \u00a0s\u00fcnteesitakse peamiselt maksas. [&hellip;]","og_url":"https:\/\/www.kliinikum.ee\/yhendlabor\/kasiraamat\/kliinilise-keemia-uuringud\/koliini-esteraas-sp-che-dibukaiinarv-dn\/","og_site_name":"\u00dchendlabor","article_modified_time":"2025-12-09T20:37:23+00:00","twitter_card":"summary_large_image","twitter_misc":{"Est. reading time":"3 minutit"},"schema":{"@context":"https:\/\/schema.org","@graph":[{"@type":"WebPage","@id":"https:\/\/www.kliinikum.ee\/yhendlabor\/kasiraamat\/kliinilise-keemia-uuringud\/koliini-esteraas-sp-che-dibukaiinarv-dn\/","url":"https:\/\/www.kliinikum.ee\/yhendlabor\/kasiraamat\/kliinilise-keemia-uuringud\/koliini-esteraas-sp-che-dibukaiinarv-dn\/","name":"Koliini esteraas (S,P-ChE), dibukaiinarv (DN) - \u00dchendlabor","isPartOf":{"@id":"https:\/\/www.kliinikum.ee\/yhendlabor\/#website"},"datePublished":"2025-09-28T12:52:14+00:00","dateModified":"2025-12-09T20:37:23+00:00","breadcrumb":{"@id":"https:\/\/www.kliinikum.ee\/yhendlabor\/kasiraamat\/kliinilise-keemia-uuringud\/koliini-esteraas-sp-che-dibukaiinarv-dn\/#breadcrumb"},"inLanguage":"et","potentialAction":[{"@type":"ReadAction","target":["https:\/\/www.kliinikum.ee\/yhendlabor\/kasiraamat\/kliinilise-keemia-uuringud\/koliini-esteraas-sp-che-dibukaiinarv-dn\/"]}]},{"@type":"BreadcrumbList","@id":"https:\/\/www.kliinikum.ee\/yhendlabor\/kasiraamat\/kliinilise-keemia-uuringud\/koliini-esteraas-sp-che-dibukaiinarv-dn\/#breadcrumb","itemListElement":[{"@type":"ListItem","position":1,"name":"Home","item":"https:\/\/www.kliinikum.ee\/yhendlabor\/"},{"@type":"ListItem","position":2,"name":"K\u00e4siraamat","item":"https:\/\/www.kliinikum.ee\/yhendlabor\/kasiraamat\/"},{"@type":"ListItem","position":3,"name":"Kliinilise keemia uuringud","item":"https:\/\/www.kliinikum.ee\/yhendlabor\/kasiraamat\/kliinilise-keemia-uuringud\/"},{"@type":"ListItem","position":4,"name":"Koliini esteraas (S,P-ChE), dibukaiinarv (DN)"}]},{"@type":"WebSite","@id":"https:\/\/www.kliinikum.ee\/yhendlabor\/#website","url":"https:\/\/www.kliinikum.ee\/yhendlabor\/","name":"\u00dchendlabor","description":"Hoolivus, Uuendusmeelsus, P\u00e4devus ja Usaldusv\u00e4\u00e4rsus","potentialAction":[{"@type":"SearchAction","target":{"@type":"EntryPoint","urlTemplate":"https:\/\/www.kliinikum.ee\/yhendlabor\/?s={search_term_string}"},"query-input":{"@type":"PropertyValueSpecification","valueRequired":true,"valueName":"search_term_string"}}],"inLanguage":"et"}]}},"uagb_featured_image_src":{"full":false,"thumbnail":false,"medium":false,"medium_large":false,"large":false,"1536x1536":false,"2048x2048":false},"uagb_author_info":{"display_name":"Kadi Siigur","author_link":"https:\/\/www.kliinikum.ee\/yhendlabor\/author\/kadisi\/"},"uagb_comment_info":0,"uagb_excerpt":"Kliinilise keemia osakond, tel. 731 8316 Inimorganismis on kaks p\u00f5hilist ens\u00fc\u00fcmi, mis katal\u00fc\u00fcsivad neurotransmitteri atset\u00fc\u00fclkoliini h\u00fcdrol\u00fc\u00fcsi: atset\u00fc\u00fclkoliini esteraas (\u201ct\u00f5eline\u201d koliini esteraas), mis esineb n\u00e4rvil\u00f5pmetes, aju hallaines, er\u00fctrots\u00fc\u00fctides, kopsudes ja p\u00f5rnas, ning ats\u00fc\u00fclkoliini ats\u00fc\u00fclh\u00fcdrolaas (seerumi koliini esteraas ehk \u201epseudo\u201c koliini esteraas, ChE), mida leidub seerumis, maksas, s\u00fcdames, sooltes, aju valgeaines ja pankreases. ChE \u00a0s\u00fcnteesitakse peamiselt maksas.&hellip;","_links":{"self":[{"href":"https:\/\/www.kliinikum.ee\/yhendlabor\/wp-json\/wp\/v2\/pages\/13337","targetHints":{"allow":["GET"]}}],"collection":[{"href":"https:\/\/www.kliinikum.ee\/yhendlabor\/wp-json\/wp\/v2\/pages"}],"about":[{"href":"https:\/\/www.kliinikum.ee\/yhendlabor\/wp-json\/wp\/v2\/types\/page"}],"author":[{"embeddable":true,"href":"https:\/\/www.kliinikum.ee\/yhendlabor\/wp-json\/wp\/v2\/users\/38"}],"replies":[{"embeddable":true,"href":"https:\/\/www.kliinikum.ee\/yhendlabor\/wp-json\/wp\/v2\/comments?post=13337"}],"version-history":[{"count":0,"href":"https:\/\/www.kliinikum.ee\/yhendlabor\/wp-json\/wp\/v2\/pages\/13337\/revisions"}],"up":[{"embeddable":true,"href":"https:\/\/www.kliinikum.ee\/yhendlabor\/wp-json\/wp\/v2\/pages\/7286"}],"wp:attachment":[{"href":"https:\/\/www.kliinikum.ee\/yhendlabor\/wp-json\/wp\/v2\/media?parent=13337"}],"curies":[{"name":"wp","href":"https:\/\/api.w.org\/{rel}","templated":true}]}}