{"id":13342,"date":"2025-09-28T15:04:25","date_gmt":"2025-09-28T13:04:25","guid":{"rendered":"https:\/\/www.kliinikum.ee\/yhendlabor\/?page_id=13342"},"modified":"2025-12-21T19:16:33","modified_gmt":"2025-12-21T17:16:33","slug":"kreatiini-kinaas-sp-ck","status":"publish","type":"page","link":"https:\/\/www.kliinikum.ee\/yhendlabor\/kasiraamat\/kliinilise-keemia-uuringud\/kreatiini-kinaas-sp-ck\/","title":{"rendered":"Kreatiini kinaas (S,P-CK)"},"content":{"rendered":"\n<p><em>Kliinilise keemia osakond, tel. 731 8316<\/em><\/p>\n\n\n\n<p><strong>Kreatiini kinaas (CK)<\/strong> on ens\u00fc\u00fcm, mis katal\u00fc\u00fcsib kreatiini p\u00f6\u00f6rduvat fosfor\u00fcleerumist. Kreatiini kinaas on dimeer, tema kolm isoens\u00fc\u00fcmi kombineeruvad kahest monomeerist: B (\u201ebrain\u201c \u2013 aju) ja M (\u201emuscle\u201c \u2013 lihas). Isoens\u00fc\u00fcm CK-BB esineb valdavalt ajus, eesn\u00e4\u00e4rmes, soolestikus, kopsudes, kusep\u00f5ies, emakas, platsentas ja kilpn\u00e4\u00e4rmes. Kreatiini kinaasi CK-MM isoens\u00fc\u00fcmi leidub skeleti- ja s\u00fcdamelihases. CK-MB \u00a0isoens\u00fc\u00fcmi leidub rohkesti s\u00fcdamelihases ja v\u00e4hesel m\u00e4\u00e4ral skeletilihastes. Olemas on ka neljas isoens\u00fc\u00fcm, CK-Mt, samuti on teada kreatiini kinaasi nn makrovorme (<em>macro-CK<\/em>), mis oma olemuselt on isoens\u00fc\u00fcmide kompleksid immuunglobuliinidega. Kliinilist t\u00e4htsust omab kreatiini kinaasi MB isoens\u00fc\u00fcmi massi m\u00e4\u00e4ramine (vt <a href=\"https:\/\/www.kliinikum.ee\/yhendlabor\/kasiraamat\/sudamemarkerite-uuringud\/kreatiini-kinaasi-mb-isoensuumi-mass-sp-ck-mbm\/\">Kreatiini kinaasi MB isoens\u00fc\u00fcmi mass<\/a>). Normaalselt p\u00e4rineb \u00fcle 90% seerumi kreatiini kinaasi aktiivsusest skeletilihastest.<\/p>\n\n\n\n<p class=\"has-medium-font-size\"><strong>Uuritav materjal, selle v\u00f5tmine, saatmine ja s\u00e4ilitamine<\/strong><\/p>\n\n\n\n<p><em>Proov ei tohi olla hemol\u00fc\u00fctiline!<\/em><\/p>\n\n\n\n<figure class=\"wp-block-table is-style-stripes\"><table width=\"100%\"><tbody><tr><td width=\"1%\"><\/td><td width=\"15%\"><strong>Katsuti<\/strong><\/td><td width=\"84%\">Geeli ja h\u00fc\u00fcbimisaktivaatoriga katsuti (kollane kork) v\u00f5i geeliga LH-katsuti (heleroheline kork)<\/td><\/tr><tr><td><\/td><td><strong>S\u00e4ilivus<\/strong><\/td><td>Seerum\/plasma toatemperatuuril kaks p\u00e4eva, +4 \u00b0C \u00fcks n\u00e4dal, -20 \u00b0C \u00fcks kuu<\/td><\/tr><\/tbody><\/table><\/figure>\n\n\n\n<p class=\"has-medium-font-size\"><strong>Anal\u00fc\u00fcsi tegemise aeg: <\/strong>\u00f6\u00f6p\u00e4evaringselt<\/p>\n\n\n\n<p class=\"has-medium-font-size\"><strong>Anal\u00fc\u00fcsimeetod:<\/strong> kineetiline fotomeetriline meetod<\/p>\n\n\n\n<p class=\"has-medium-font-size\"><strong>Referentsv\u00e4\u00e4rtused<\/strong><\/p>\n\n\n\n<figure class=\"wp-block-table\"><table width=\"100%\"><tbody><tr><td width=\"1%\"><\/td><td width=\"20%\"><strong>&lt; 2 p<\/strong><\/td><td width=\"20%\"><\/td><td width=\"59%\">&lt; 712 U\/L<\/td><\/tr><tr><td><\/td><td><strong>2 p \u2013 &lt; 6 p<\/strong><\/td><td><\/td><td>&lt; 652 U\/L<\/td><\/tr><tr><td><\/td><td><strong>6 p \u2013 &lt; 7 k<\/strong><\/td><td><\/td><td>&lt; 295 U\/L<\/td><\/tr><tr><td><\/td><td><strong>7 k \u2013 &lt; 1 a<\/strong><\/td><td><\/td><td>&lt; 203 U\/L<\/td><\/tr><tr><td><\/td><td><strong>1 a \u2013 &lt; 4 a<\/strong><\/td><td><\/td><td>&lt; 228 U\/L<\/td><\/tr><tr><td><\/td><td><strong>4 a \u2013 &lt; 7 a<\/strong><\/td><td><\/td><td>&lt; 149 U\/L<\/td><\/tr><tr><td><\/td><td><strong>7 a \u2013 &lt; 13 a<\/strong><\/td><td><strong>M<\/strong><\/td><td>&lt; 247 U\/L<\/td><\/tr><tr><td><\/td><td><\/td><td><strong>N<\/strong><\/td><td>&lt; 154 U\/L<\/td><\/tr><tr><td><\/td><td><strong>13 a \u2013 &lt; 18 a<\/strong><\/td><td><strong>M<\/strong><\/td><td>&lt; 270 U\/L<\/td><\/tr><tr><td><\/td><td><\/td><td><strong>N<\/strong><\/td><td>&lt; 123 U\/L<\/td><\/tr><tr><td><\/td><td><strong>\u2265 18 a<\/strong><\/td><td><strong>M<\/strong><\/td><td>&lt; 308 U\/L<\/td><\/tr><tr><td><\/td><td><\/td><td><strong>N<\/strong><\/td><td>&lt; 192 U\/L<\/td><\/tr><\/tbody><\/table><\/figure>\n\n\n\n<p class=\"has-medium-font-size\"><strong>N\u00e4idustus ja kliiniline t\u00e4hendus<\/strong><\/p>\n\n\n\n<p>Lihashaiguste diagnostika.<\/p>\n\n\n\n<p>Kreatiini kinaasi aktiivsus on m\u00e4rkimisv\u00e4\u00e4rselt suurenenud igat t\u00fc\u00fcpi lihasd\u00fcstroofiate korral. Progresseeruvate lihasd\u00fcstroofiate (nt <em>Duchenne\u2019i<\/em> lihasd\u00fcstroofia) puhul on kreatiini kinaasi aktiivsus suurim varases lapseeas, haiguse progresseerumisel v\u00e4heneb funktsioneeriva lihaskoe mass ning seoses sellega j\u00e4rkj\u00e4rguliselt ka kreatiini kinaasi aktiivsus. V\u00e4ga k\u00f5rget kreatiini kinaasi aktiivsust on t\u00e4heldatud maliigse h\u00fcpertermia puhul ja&nbsp; \u00e4geda rabdom\u00fcol\u00fc\u00fcsi (c<em>rush<\/em>-s\u00fcndroom) puhul. Kreatiini kinaasi aktiivsus suureneb ka m\u00fcosiitide korral. Neurogeensete lihashaiguste korral (nt <em>myasthenia gravis<\/em>)on ens\u00fc\u00fcmi aktiivsus tavaliselt normaalne. M\u00f5ningast kreatiini kinaasi aktiivsuse t\u00f5usu p\u00f5hjustavad k\u00f5ik lihastraumad (k.a operatsioonid, intramuskulaarsed s\u00fcsted) ja tugev f\u00fc\u00fcsiline pingutus, samuti krambid.<\/p>\n\n\n\n<p>Kreatiini kinaasi \u00fcldaktiivsus on suurenenud m\u00fcokardiinfarkti korral, kuid infarkti diagnostikas seda t\u00e4nap\u00e4eval ebapiisava spetsiifilisuse t\u00f5ttu ei kasutata. M\u00fcokardiinfarkti diagnostikas on kasutusel kreatiini kinaasi MB isoens\u00fc\u00fcmi massi m\u00e4\u00e4ramine (vt <a href=\"https:\/\/www.kliinikum.ee\/yhendlabor\/kasiraamat\/sudamemarkerite-uuringud\/kreatiini-kinaasi-mb-isoensuumi-mass-sp-ck-mbm\/\">Kreatiini kinaasi MB isoens\u00fc\u00fcmi mass<\/a>). Kreatiini kinaasi \u00fcldaktiivusus suureneb ka mitmesuguste teiste s\u00fcdamehaiguste ja s\u00fcdamel tehtavate meditsiiniliste protseduuride korral, nt m\u00fcokardiit, perikardiit, kardioversioon, aortokoronaarne \u0161unteerimine, s\u00fcdame transplantatsioon.<\/p>\n\n\n\n<p>Suurenenud kreatiini kinaasi aktiivsust on t\u00e4heldatud ka kopsuarteri trombemboolia ja h\u00fcpot\u00fcreoidismi puhul. Kreatiini kinaasi aktiivsus on suurenenud s\u00fcnnituse ajal ja m\u00f5ned p\u00e4evad p\u00e4rast s\u00fcnnitust.<\/p>\n\n\n\n<p>Koostaja: Katrin Reimand<\/p>\n\n\n\n<h4 class=\"wp-block-heading\">&nbsp;<\/h4>\n","protected":false},"excerpt":{"rendered":"<p>Kliinilise keemia osakond, tel. 731 8316 Kreatiini kinaas (CK) on ens\u00fc\u00fcm, mis katal\u00fc\u00fcsib kreatiini p\u00f6\u00f6rduvat fosfor\u00fcleerumist. Kreatiini kinaas on dimeer, tema kolm isoens\u00fc\u00fcmi kombineeruvad kahest monomeerist: B (\u201ebrain\u201c \u2013 aju) ja M (\u201emuscle\u201c \u2013 lihas). Isoens\u00fc\u00fcm CK-BB esineb valdavalt ajus, eesn\u00e4\u00e4rmes, soolestikus, kopsudes, kusep\u00f5ies, emakas, platsentas ja kilpn\u00e4\u00e4rmes. Kreatiini kinaasi CK-MM isoens\u00fc\u00fcmi leidub skeleti- ja [&hellip;]<\/p>\n","protected":false},"author":38,"featured_media":0,"parent":7286,"menu_order":25,"comment_status":"closed","ping_status":"closed","template":"","meta":{"_uag_custom_page_level_css":"","footnotes":""},"class_list":["post-13342","page","type-page","status-publish","hentry"],"acf":[],"yoast_head":"<!-- This site is optimized with the Yoast SEO plugin v27.3 - https:\/\/yoast.com\/product\/yoast-seo-wordpress\/ -->\n<title>Kreatiini kinaas (S,P-CK) - \u00dchendlabor<\/title>\n<meta name=\"robots\" content=\"index, follow, max-snippet:-1, max-image-preview:large, max-video-preview:-1\" \/>\n<link rel=\"canonical\" href=\"https:\/\/www.kliinikum.ee\/yhendlabor\/kasiraamat\/kliinilise-keemia-uuringud\/kreatiini-kinaas-sp-ck\/\" \/>\n<meta property=\"og:locale\" content=\"et_EE\" \/>\n<meta property=\"og:type\" content=\"article\" \/>\n<meta property=\"og:title\" content=\"Kreatiini kinaas (S,P-CK) - \u00dchendlabor\" \/>\n<meta property=\"og:description\" content=\"Kliinilise keemia osakond, tel. 731 8316 Kreatiini kinaas (CK) on ens\u00fc\u00fcm, mis katal\u00fc\u00fcsib kreatiini p\u00f6\u00f6rduvat fosfor\u00fcleerumist. Kreatiini kinaas on dimeer, tema kolm isoens\u00fc\u00fcmi kombineeruvad kahest monomeerist: B (\u201ebrain\u201c \u2013 aju) ja M (\u201emuscle\u201c \u2013 lihas). Isoens\u00fc\u00fcm CK-BB esineb valdavalt ajus, eesn\u00e4\u00e4rmes, soolestikus, kopsudes, kusep\u00f5ies, emakas, platsentas ja kilpn\u00e4\u00e4rmes. Kreatiini kinaasi CK-MM isoens\u00fc\u00fcmi leidub skeleti- ja [&hellip;]\" \/>\n<meta property=\"og:url\" content=\"https:\/\/www.kliinikum.ee\/yhendlabor\/kasiraamat\/kliinilise-keemia-uuringud\/kreatiini-kinaas-sp-ck\/\" \/>\n<meta property=\"og:site_name\" content=\"\u00dchendlabor\" \/>\n<meta property=\"article:modified_time\" content=\"2025-12-21T17:16:33+00:00\" \/>\n<meta name=\"twitter:card\" content=\"summary_large_image\" \/>\n<meta name=\"twitter:label1\" content=\"Est. reading time\" \/>\n\t<meta name=\"twitter:data1\" content=\"2 minutit\" \/>\n<script type=\"application\/ld+json\" class=\"yoast-schema-graph\">{\"@context\":\"https:\\\/\\\/schema.org\",\"@graph\":[{\"@type\":\"WebPage\",\"@id\":\"https:\\\/\\\/www.kliinikum.ee\\\/yhendlabor\\\/kasiraamat\\\/kliinilise-keemia-uuringud\\\/kreatiini-kinaas-sp-ck\\\/\",\"url\":\"https:\\\/\\\/www.kliinikum.ee\\\/yhendlabor\\\/kasiraamat\\\/kliinilise-keemia-uuringud\\\/kreatiini-kinaas-sp-ck\\\/\",\"name\":\"Kreatiini kinaas (S,P-CK) - \u00dchendlabor\",\"isPartOf\":{\"@id\":\"https:\\\/\\\/www.kliinikum.ee\\\/yhendlabor\\\/#website\"},\"datePublished\":\"2025-09-28T13:04:25+00:00\",\"dateModified\":\"2025-12-21T17:16:33+00:00\",\"breadcrumb\":{\"@id\":\"https:\\\/\\\/www.kliinikum.ee\\\/yhendlabor\\\/kasiraamat\\\/kliinilise-keemia-uuringud\\\/kreatiini-kinaas-sp-ck\\\/#breadcrumb\"},\"inLanguage\":\"et\",\"potentialAction\":[{\"@type\":\"ReadAction\",\"target\":[\"https:\\\/\\\/www.kliinikum.ee\\\/yhendlabor\\\/kasiraamat\\\/kliinilise-keemia-uuringud\\\/kreatiini-kinaas-sp-ck\\\/\"]}]},{\"@type\":\"BreadcrumbList\",\"@id\":\"https:\\\/\\\/www.kliinikum.ee\\\/yhendlabor\\\/kasiraamat\\\/kliinilise-keemia-uuringud\\\/kreatiini-kinaas-sp-ck\\\/#breadcrumb\",\"itemListElement\":[{\"@type\":\"ListItem\",\"position\":1,\"name\":\"Home\",\"item\":\"https:\\\/\\\/www.kliinikum.ee\\\/yhendlabor\\\/\"},{\"@type\":\"ListItem\",\"position\":2,\"name\":\"K\u00e4siraamat\",\"item\":\"https:\\\/\\\/www.kliinikum.ee\\\/yhendlabor\\\/kasiraamat\\\/\"},{\"@type\":\"ListItem\",\"position\":3,\"name\":\"Kliinilise keemia uuringud\",\"item\":\"https:\\\/\\\/www.kliinikum.ee\\\/yhendlabor\\\/kasiraamat\\\/kliinilise-keemia-uuringud\\\/\"},{\"@type\":\"ListItem\",\"position\":4,\"name\":\"Kreatiini kinaas (S,P-CK)\"}]},{\"@type\":\"WebSite\",\"@id\":\"https:\\\/\\\/www.kliinikum.ee\\\/yhendlabor\\\/#website\",\"url\":\"https:\\\/\\\/www.kliinikum.ee\\\/yhendlabor\\\/\",\"name\":\"\u00dchendlabor\",\"description\":\"Hoolivus, Uuendusmeelsus, P\u00e4devus ja Usaldusv\u00e4\u00e4rsus\",\"potentialAction\":[{\"@type\":\"SearchAction\",\"target\":{\"@type\":\"EntryPoint\",\"urlTemplate\":\"https:\\\/\\\/www.kliinikum.ee\\\/yhendlabor\\\/?s={search_term_string}\"},\"query-input\":{\"@type\":\"PropertyValueSpecification\",\"valueRequired\":true,\"valueName\":\"search_term_string\"}}],\"inLanguage\":\"et\"}]}<\/script>\n<!-- \/ Yoast SEO plugin. -->","yoast_head_json":{"title":"Kreatiini kinaas (S,P-CK) - \u00dchendlabor","robots":{"index":"index","follow":"follow","max-snippet":"max-snippet:-1","max-image-preview":"max-image-preview:large","max-video-preview":"max-video-preview:-1"},"canonical":"https:\/\/www.kliinikum.ee\/yhendlabor\/kasiraamat\/kliinilise-keemia-uuringud\/kreatiini-kinaas-sp-ck\/","og_locale":"et_EE","og_type":"article","og_title":"Kreatiini kinaas (S,P-CK) - \u00dchendlabor","og_description":"Kliinilise keemia osakond, tel. 731 8316 Kreatiini kinaas (CK) on ens\u00fc\u00fcm, mis katal\u00fc\u00fcsib kreatiini p\u00f6\u00f6rduvat fosfor\u00fcleerumist. Kreatiini kinaas on dimeer, tema kolm isoens\u00fc\u00fcmi kombineeruvad kahest monomeerist: B (\u201ebrain\u201c \u2013 aju) ja M (\u201emuscle\u201c \u2013 lihas). Isoens\u00fc\u00fcm CK-BB esineb valdavalt ajus, eesn\u00e4\u00e4rmes, soolestikus, kopsudes, kusep\u00f5ies, emakas, platsentas ja kilpn\u00e4\u00e4rmes. Kreatiini kinaasi CK-MM isoens\u00fc\u00fcmi leidub skeleti- ja [&hellip;]","og_url":"https:\/\/www.kliinikum.ee\/yhendlabor\/kasiraamat\/kliinilise-keemia-uuringud\/kreatiini-kinaas-sp-ck\/","og_site_name":"\u00dchendlabor","article_modified_time":"2025-12-21T17:16:33+00:00","twitter_card":"summary_large_image","twitter_misc":{"Est. reading time":"2 minutit"},"schema":{"@context":"https:\/\/schema.org","@graph":[{"@type":"WebPage","@id":"https:\/\/www.kliinikum.ee\/yhendlabor\/kasiraamat\/kliinilise-keemia-uuringud\/kreatiini-kinaas-sp-ck\/","url":"https:\/\/www.kliinikum.ee\/yhendlabor\/kasiraamat\/kliinilise-keemia-uuringud\/kreatiini-kinaas-sp-ck\/","name":"Kreatiini kinaas (S,P-CK) - \u00dchendlabor","isPartOf":{"@id":"https:\/\/www.kliinikum.ee\/yhendlabor\/#website"},"datePublished":"2025-09-28T13:04:25+00:00","dateModified":"2025-12-21T17:16:33+00:00","breadcrumb":{"@id":"https:\/\/www.kliinikum.ee\/yhendlabor\/kasiraamat\/kliinilise-keemia-uuringud\/kreatiini-kinaas-sp-ck\/#breadcrumb"},"inLanguage":"et","potentialAction":[{"@type":"ReadAction","target":["https:\/\/www.kliinikum.ee\/yhendlabor\/kasiraamat\/kliinilise-keemia-uuringud\/kreatiini-kinaas-sp-ck\/"]}]},{"@type":"BreadcrumbList","@id":"https:\/\/www.kliinikum.ee\/yhendlabor\/kasiraamat\/kliinilise-keemia-uuringud\/kreatiini-kinaas-sp-ck\/#breadcrumb","itemListElement":[{"@type":"ListItem","position":1,"name":"Home","item":"https:\/\/www.kliinikum.ee\/yhendlabor\/"},{"@type":"ListItem","position":2,"name":"K\u00e4siraamat","item":"https:\/\/www.kliinikum.ee\/yhendlabor\/kasiraamat\/"},{"@type":"ListItem","position":3,"name":"Kliinilise keemia uuringud","item":"https:\/\/www.kliinikum.ee\/yhendlabor\/kasiraamat\/kliinilise-keemia-uuringud\/"},{"@type":"ListItem","position":4,"name":"Kreatiini kinaas (S,P-CK)"}]},{"@type":"WebSite","@id":"https:\/\/www.kliinikum.ee\/yhendlabor\/#website","url":"https:\/\/www.kliinikum.ee\/yhendlabor\/","name":"\u00dchendlabor","description":"Hoolivus, Uuendusmeelsus, P\u00e4devus ja Usaldusv\u00e4\u00e4rsus","potentialAction":[{"@type":"SearchAction","target":{"@type":"EntryPoint","urlTemplate":"https:\/\/www.kliinikum.ee\/yhendlabor\/?s={search_term_string}"},"query-input":{"@type":"PropertyValueSpecification","valueRequired":true,"valueName":"search_term_string"}}],"inLanguage":"et"}]}},"uagb_featured_image_src":{"full":false,"thumbnail":false,"medium":false,"medium_large":false,"large":false,"1536x1536":false,"2048x2048":false},"uagb_author_info":{"display_name":"Kadi Siigur","author_link":"https:\/\/www.kliinikum.ee\/yhendlabor\/author\/kadisi\/"},"uagb_comment_info":0,"uagb_excerpt":"Kliinilise keemia osakond, tel. 731 8316 Kreatiini kinaas (CK) on ens\u00fc\u00fcm, mis katal\u00fc\u00fcsib kreatiini p\u00f6\u00f6rduvat fosfor\u00fcleerumist. Kreatiini kinaas on dimeer, tema kolm isoens\u00fc\u00fcmi kombineeruvad kahest monomeerist: B (\u201ebrain\u201c \u2013 aju) ja M (\u201emuscle\u201c \u2013 lihas). Isoens\u00fc\u00fcm CK-BB esineb valdavalt ajus, eesn\u00e4\u00e4rmes, soolestikus, kopsudes, kusep\u00f5ies, emakas, platsentas ja kilpn\u00e4\u00e4rmes. Kreatiini kinaasi CK-MM isoens\u00fc\u00fcmi leidub skeleti- ja&hellip;","_links":{"self":[{"href":"https:\/\/www.kliinikum.ee\/yhendlabor\/wp-json\/wp\/v2\/pages\/13342","targetHints":{"allow":["GET"]}}],"collection":[{"href":"https:\/\/www.kliinikum.ee\/yhendlabor\/wp-json\/wp\/v2\/pages"}],"about":[{"href":"https:\/\/www.kliinikum.ee\/yhendlabor\/wp-json\/wp\/v2\/types\/page"}],"author":[{"embeddable":true,"href":"https:\/\/www.kliinikum.ee\/yhendlabor\/wp-json\/wp\/v2\/users\/38"}],"replies":[{"embeddable":true,"href":"https:\/\/www.kliinikum.ee\/yhendlabor\/wp-json\/wp\/v2\/comments?post=13342"}],"version-history":[{"count":0,"href":"https:\/\/www.kliinikum.ee\/yhendlabor\/wp-json\/wp\/v2\/pages\/13342\/revisions"}],"up":[{"embeddable":true,"href":"https:\/\/www.kliinikum.ee\/yhendlabor\/wp-json\/wp\/v2\/pages\/7286"}],"wp:attachment":[{"href":"https:\/\/www.kliinikum.ee\/yhendlabor\/wp-json\/wp\/v2\/media?parent=13342"}],"curies":[{"name":"wp","href":"https:\/\/api.w.org\/{rel}","templated":true}]}}