{"id":13382,"date":"2025-09-28T16:33:56","date_gmt":"2025-09-28T14:33:56","guid":{"rendered":"https:\/\/www.kliinikum.ee\/yhendlabor\/?page_id=13382"},"modified":"2025-12-09T22:55:58","modified_gmt":"2025-12-09T20:55:58","slug":"prokaltsitoniin-sp-pct","status":"publish","type":"page","link":"https:\/\/www.kliinikum.ee\/yhendlabor\/kasiraamat\/kliinilise-keemia-uuringud\/prokaltsitoniin-sp-pct\/","title":{"rendered":"Prokaltsitoniin (S,P-PCT)"},"content":{"rendered":"\n<p><em>Kliinilise keemia ja laboratoorse hematoloogia osakond<\/em><\/p>\n\n\n\n<p><strong>Prokaltsitoniin <\/strong>on 116 aminohappest koosnev valk, mis on kaltsitoniini eelhormooniks. Normaaljuhul produtseeritakse kilpn\u00e4\u00e4rme C-rakkudes prokaltsitoniinist spetsiaalse rakusisese l\u00f5hustumisprotsessi k\u00e4igus hormonaalselt aktiivne kaltsitoniin ning prokaltsitoniini on veres v\u00e4ga v\u00e4he (&lt; 0,05 ng\/mL). Sepsise puhul toimub intensiivne prokaltsitoniini s\u00fcntees praktiliselt k\u00f5igis organites ja kudedes, kontsentratsioon hakkab suurenema juba 2\u20134 tundi p\u00e4rast sepsise algust. Prokaltsitoniini v\u00e4\u00e4rtus korreleerub sepsise raskusastmega. Eduka ravi puhul langeb prokaltsitoniini tase kiiresti (poolv\u00e4\u00e4rtusajaga umbes 24 tundi), mist\u00f5ttu on soovitav monitooring kord \u00f6\u00f6p\u00e4evas. P\u00fcsivalt k\u00f5rged v\u00f5i t\u00f5usvad prokaltsitoniini v\u00e4\u00e4rtused on halva prognostilise t\u00e4hendusega.<\/p>\n\n\n\n<p class=\"has-medium-font-size\"><strong>Uuritav materjal, selle v\u00f5tmine, saatmine ja s\u00e4ilitamine<\/strong><\/p>\n\n\n\n<figure class=\"wp-block-table is-style-stripes\"><table width=\"100%\"><tbody><tr><td width=\"1%\"><\/td><td width=\"15%\"><strong>Katsuti<\/strong><\/td><td width=\"84%\">Geeli ja h\u00fc\u00fcbimisaktivaatoriga katsuti (punane kollase r\u00f5ngaga v\u00f5i kollane kork) v\u00f5i geeliga LH-katsuti (roheline kollase r\u00f5ngaga v\u00f5i heleroheline kork)<\/td><\/tr><tr><td><\/td><td><strong>S\u00e4ilivus<\/strong><\/td><td>Seerum\/plasma toatemperatuuril 24 tundi, +4 \u00b0C 48 tundi, \u201320 \u00b0C kolmteist kuud<\/td><\/tr><\/tbody><\/table><\/figure>\n\n\n\n<p>NB! Korduvate m\u00e4\u00e4ramiste puhul tuleks samal patsiendil alati kasutada sama materjali.<\/p>\n\n\n\n<p class=\"has-medium-font-size\"><strong>Anal\u00fc\u00fcsi tegemise aeg:<\/strong> \u00f6\u00f6p\u00e4evaringselt<\/p>\n\n\n\n<p class=\"has-medium-font-size\"><strong>Anal\u00fc\u00fcsimeetod: <\/strong>elektrokemoluminestsents-immuunmeetod (ECLIA)<\/p>\n\n\n\n<p class=\"has-medium-font-size\"><strong>Referentsv\u00e4\u00e4rtused<\/strong><\/p>\n\n\n\n<figure class=\"wp-block-table\"><table width=\"100%\"><tbody><tr><td width=\"1%\"><\/td><td width=\"30%\"><strong>0 h \u2013 &lt; 6 h<\/strong><\/td><td width=\"69%\">&lt; 2 \u00b5g\/L<\/td><\/tr><tr><td><\/td><td><strong>6 h \u2013 &lt; 12 h<\/strong><\/td><td>&lt; 8 \u00b5g\/L<\/td><\/tr><tr><td><\/td><td><strong>12 h \u2013&lt; 18 h<\/strong><\/td><td>&lt; 15 \u00b5g\/L<\/td><\/tr><tr><td><\/td><td><strong>18 h \u2013 &lt; 30 h<\/strong><\/td><td>&lt; 21 \u00b5g\/L<\/td><\/tr><tr><td><\/td><td><strong>30 h \u2013 &lt; 36 h<\/strong><\/td><td>&lt; 15 \u00b5g\/L<\/td><\/tr><tr><td><\/td><td><strong>36 h \u2013 &lt; 42 h<\/strong><\/td><td>&lt; 8 \u00b5g\/L<\/td><\/tr><tr><td><\/td><td><strong>42 h \u2013 &lt; 48 h<\/strong><\/td><td>&lt; 2 \u00b5g\/L<\/td><\/tr><tr><td><\/td><td><strong>\u2265 3 p<\/strong><\/td><td>&lt; 0,05 \u00b5g\/L <br>V\u00e4\u00e4rtus > 2 \u00b5g\/L viitab sepsisele<\/td><\/tr><\/tbody><\/table><\/figure>\n\n\n\n<p>NB! Vasts\u00fcndinutel on kahel esimesel elup\u00e4eval prokaltsitoniini tase f\u00fcsioloogiliselt suurenenud ning tulemuste interpreteerimisel tuleb l\u00e4htuda eakohastest referentsv\u00e4\u00e4rtustest.<\/p>\n\n\n\n<p class=\"has-medium-font-size\"><strong>N\u00e4idustus ja kliiniline t\u00e4hendus<\/strong><\/p>\n\n\n\n<p>Prokaltsitoniini m\u00e4\u00e4ramine on kasutusel eelk\u00f5ige sepsise diagnostikas ja ravi monitoorimisel.<\/p>\n\n\n\n<p>Tulemusi tuleks interpreteerida allj\u00e4rgnevalt:<\/p>\n\n\n\n<figure class=\"wp-block-table\"><table width=\"100%\"><tbody><tr><td width=\"1%\"><\/td><td width=\"20%\"><strong>PCT &lt; 0,5 \u00b5g\/L<\/strong><\/td><td width=\"79%\">S\u00fcsteemne p\u00f5letikuline vastus puudub v\u00f5i on minimaalne. V\u00f5imalik on lokaalne bakteriaalne infektsioon.<\/td><\/tr><tr><td><\/td><td><strong>PCT 0,5\u20132,0 \u00b5g\/L<\/strong><\/td><td>Nn \u201chall tsoon\u201d. Soovitatav on korrata m\u00e4\u00e4ramist 6\u201324 tunni jooksul. T\u00f5estatud infektsiooni korral v\u00f5ib diagnoosida sepsist.<\/td><\/tr><tr><td><\/td><td><strong>PCT \u2265 2 ja &lt; 10 \u00b5g\/L<\/strong><\/td><td>Sepsis. K\u00f5rge risk organpuudulikkuse kujunemiseks. Soovitatav m\u00e4\u00e4rata PCT taset kord \u00f6\u00f6p\u00e4evas.<\/td><\/tr><tr><td><\/td><td><strong>PCT \u2265 10 \u00b5g\/L<\/strong><\/td><td>Sepsis, sageli koos organpuudulikkusega. Suur risk letaalseks l\u00f5ppeks. Soovitatav m\u00e4\u00e4rata PCT taset kord \u00f6\u00f6p\u00e4evas.<\/td><\/tr><\/tbody><\/table><\/figure>\n\n\n\n<p>Prokaltsitoniini kontsentratsiooni v\u00e4henemine 30\u201350% \u00f6\u00f6p\u00e4evas on eduka ravi n\u00e4itajaks. Prokaltsitoniini kontsentratsioon v\u00f5ib olla suurenenud ka muudel p\u00f5hjustel: esimestel p\u00e4evadel p\u00e4rast hulgitraumat, p\u00f5letusi ja suuri kirurgilisi operatsioone, samuti kilpn\u00e4\u00e4rme medullaarse C-rakulise v\u00e4hi ja v\u00e4ikeserakulise kopsuv\u00e4hi korral, pikaajalise kardiogeense \u0161oki ning organite perfusiooni h\u00e4irete puhul. Prokaltsitoniini suurenenud v\u00e4\u00e4rtusi on leitud ka malaaria korral.<\/p>\n\n\n\n<p>Koostaja: Katrin Reimand<br>Muudetud 14.12.2020<\/p>\n","protected":false},"excerpt":{"rendered":"<p>Kliinilise keemia ja laboratoorse hematoloogia osakond Prokaltsitoniin on 116 aminohappest koosnev valk, mis on kaltsitoniini eelhormooniks. Normaaljuhul produtseeritakse kilpn\u00e4\u00e4rme C-rakkudes prokaltsitoniinist spetsiaalse rakusisese l\u00f5hustumisprotsessi k\u00e4igus hormonaalselt aktiivne kaltsitoniin ning prokaltsitoniini on veres v\u00e4ga v\u00e4he (&lt; 0,05 ng\/mL). Sepsise puhul toimub intensiivne prokaltsitoniini s\u00fcntees praktiliselt k\u00f5igis organites ja kudedes, kontsentratsioon hakkab suurenema juba 2\u20134 tundi p\u00e4rast [&hellip;]<\/p>\n","protected":false},"author":38,"featured_media":0,"parent":7286,"menu_order":35,"comment_status":"closed","ping_status":"closed","template":"","meta":{"_uag_custom_page_level_css":"","footnotes":""},"class_list":["post-13382","page","type-page","status-publish","hentry"],"acf":[],"yoast_head":"<!-- This site is optimized with the Yoast SEO plugin v27.3 - https:\/\/yoast.com\/product\/yoast-seo-wordpress\/ -->\n<title>Prokaltsitoniin (S,P-PCT) - \u00dchendlabor<\/title>\n<meta name=\"robots\" content=\"index, follow, max-snippet:-1, max-image-preview:large, max-video-preview:-1\" \/>\n<link rel=\"canonical\" href=\"https:\/\/www.kliinikum.ee\/yhendlabor\/kasiraamat\/kliinilise-keemia-uuringud\/prokaltsitoniin-sp-pct\/\" \/>\n<meta property=\"og:locale\" content=\"et_EE\" \/>\n<meta property=\"og:type\" content=\"article\" \/>\n<meta property=\"og:title\" content=\"Prokaltsitoniin (S,P-PCT) - \u00dchendlabor\" \/>\n<meta property=\"og:description\" content=\"Kliinilise keemia ja laboratoorse hematoloogia osakond Prokaltsitoniin on 116 aminohappest koosnev valk, mis on kaltsitoniini eelhormooniks. Normaaljuhul produtseeritakse kilpn\u00e4\u00e4rme C-rakkudes prokaltsitoniinist spetsiaalse rakusisese l\u00f5hustumisprotsessi k\u00e4igus hormonaalselt aktiivne kaltsitoniin ning prokaltsitoniini on veres v\u00e4ga v\u00e4he (&lt; 0,05 ng\/mL). Sepsise puhul toimub intensiivne prokaltsitoniini s\u00fcntees praktiliselt k\u00f5igis organites ja kudedes, kontsentratsioon hakkab suurenema juba 2\u20134 tundi p\u00e4rast [&hellip;]\" \/>\n<meta property=\"og:url\" content=\"https:\/\/www.kliinikum.ee\/yhendlabor\/kasiraamat\/kliinilise-keemia-uuringud\/prokaltsitoniin-sp-pct\/\" \/>\n<meta property=\"og:site_name\" content=\"\u00dchendlabor\" \/>\n<meta property=\"article:modified_time\" content=\"2025-12-09T20:55:58+00:00\" \/>\n<meta name=\"twitter:card\" content=\"summary_large_image\" \/>\n<meta name=\"twitter:label1\" content=\"Est. reading time\" \/>\n\t<meta name=\"twitter:data1\" content=\"2 minutit\" \/>\n<script type=\"application\/ld+json\" class=\"yoast-schema-graph\">{\"@context\":\"https:\\\/\\\/schema.org\",\"@graph\":[{\"@type\":\"WebPage\",\"@id\":\"https:\\\/\\\/www.kliinikum.ee\\\/yhendlabor\\\/kasiraamat\\\/kliinilise-keemia-uuringud\\\/prokaltsitoniin-sp-pct\\\/\",\"url\":\"https:\\\/\\\/www.kliinikum.ee\\\/yhendlabor\\\/kasiraamat\\\/kliinilise-keemia-uuringud\\\/prokaltsitoniin-sp-pct\\\/\",\"name\":\"Prokaltsitoniin (S,P-PCT) - \u00dchendlabor\",\"isPartOf\":{\"@id\":\"https:\\\/\\\/www.kliinikum.ee\\\/yhendlabor\\\/#website\"},\"datePublished\":\"2025-09-28T14:33:56+00:00\",\"dateModified\":\"2025-12-09T20:55:58+00:00\",\"breadcrumb\":{\"@id\":\"https:\\\/\\\/www.kliinikum.ee\\\/yhendlabor\\\/kasiraamat\\\/kliinilise-keemia-uuringud\\\/prokaltsitoniin-sp-pct\\\/#breadcrumb\"},\"inLanguage\":\"et\",\"potentialAction\":[{\"@type\":\"ReadAction\",\"target\":[\"https:\\\/\\\/www.kliinikum.ee\\\/yhendlabor\\\/kasiraamat\\\/kliinilise-keemia-uuringud\\\/prokaltsitoniin-sp-pct\\\/\"]}]},{\"@type\":\"BreadcrumbList\",\"@id\":\"https:\\\/\\\/www.kliinikum.ee\\\/yhendlabor\\\/kasiraamat\\\/kliinilise-keemia-uuringud\\\/prokaltsitoniin-sp-pct\\\/#breadcrumb\",\"itemListElement\":[{\"@type\":\"ListItem\",\"position\":1,\"name\":\"Home\",\"item\":\"https:\\\/\\\/www.kliinikum.ee\\\/yhendlabor\\\/\"},{\"@type\":\"ListItem\",\"position\":2,\"name\":\"K\u00e4siraamat\",\"item\":\"https:\\\/\\\/www.kliinikum.ee\\\/yhendlabor\\\/kasiraamat\\\/\"},{\"@type\":\"ListItem\",\"position\":3,\"name\":\"Kliinilise keemia uuringud\",\"item\":\"https:\\\/\\\/www.kliinikum.ee\\\/yhendlabor\\\/kasiraamat\\\/kliinilise-keemia-uuringud\\\/\"},{\"@type\":\"ListItem\",\"position\":4,\"name\":\"Prokaltsitoniin (S,P-PCT)\"}]},{\"@type\":\"WebSite\",\"@id\":\"https:\\\/\\\/www.kliinikum.ee\\\/yhendlabor\\\/#website\",\"url\":\"https:\\\/\\\/www.kliinikum.ee\\\/yhendlabor\\\/\",\"name\":\"\u00dchendlabor\",\"description\":\"Hoolivus, Uuendusmeelsus, P\u00e4devus ja Usaldusv\u00e4\u00e4rsus\",\"potentialAction\":[{\"@type\":\"SearchAction\",\"target\":{\"@type\":\"EntryPoint\",\"urlTemplate\":\"https:\\\/\\\/www.kliinikum.ee\\\/yhendlabor\\\/?s={search_term_string}\"},\"query-input\":{\"@type\":\"PropertyValueSpecification\",\"valueRequired\":true,\"valueName\":\"search_term_string\"}}],\"inLanguage\":\"et\"}]}<\/script>\n<!-- \/ Yoast SEO plugin. -->","yoast_head_json":{"title":"Prokaltsitoniin (S,P-PCT) - \u00dchendlabor","robots":{"index":"index","follow":"follow","max-snippet":"max-snippet:-1","max-image-preview":"max-image-preview:large","max-video-preview":"max-video-preview:-1"},"canonical":"https:\/\/www.kliinikum.ee\/yhendlabor\/kasiraamat\/kliinilise-keemia-uuringud\/prokaltsitoniin-sp-pct\/","og_locale":"et_EE","og_type":"article","og_title":"Prokaltsitoniin (S,P-PCT) - \u00dchendlabor","og_description":"Kliinilise keemia ja laboratoorse hematoloogia osakond Prokaltsitoniin on 116 aminohappest koosnev valk, mis on kaltsitoniini eelhormooniks. Normaaljuhul produtseeritakse kilpn\u00e4\u00e4rme C-rakkudes prokaltsitoniinist spetsiaalse rakusisese l\u00f5hustumisprotsessi k\u00e4igus hormonaalselt aktiivne kaltsitoniin ning prokaltsitoniini on veres v\u00e4ga v\u00e4he (&lt; 0,05 ng\/mL). Sepsise puhul toimub intensiivne prokaltsitoniini s\u00fcntees praktiliselt k\u00f5igis organites ja kudedes, kontsentratsioon hakkab suurenema juba 2\u20134 tundi p\u00e4rast [&hellip;]","og_url":"https:\/\/www.kliinikum.ee\/yhendlabor\/kasiraamat\/kliinilise-keemia-uuringud\/prokaltsitoniin-sp-pct\/","og_site_name":"\u00dchendlabor","article_modified_time":"2025-12-09T20:55:58+00:00","twitter_card":"summary_large_image","twitter_misc":{"Est. reading time":"2 minutit"},"schema":{"@context":"https:\/\/schema.org","@graph":[{"@type":"WebPage","@id":"https:\/\/www.kliinikum.ee\/yhendlabor\/kasiraamat\/kliinilise-keemia-uuringud\/prokaltsitoniin-sp-pct\/","url":"https:\/\/www.kliinikum.ee\/yhendlabor\/kasiraamat\/kliinilise-keemia-uuringud\/prokaltsitoniin-sp-pct\/","name":"Prokaltsitoniin (S,P-PCT) - \u00dchendlabor","isPartOf":{"@id":"https:\/\/www.kliinikum.ee\/yhendlabor\/#website"},"datePublished":"2025-09-28T14:33:56+00:00","dateModified":"2025-12-09T20:55:58+00:00","breadcrumb":{"@id":"https:\/\/www.kliinikum.ee\/yhendlabor\/kasiraamat\/kliinilise-keemia-uuringud\/prokaltsitoniin-sp-pct\/#breadcrumb"},"inLanguage":"et","potentialAction":[{"@type":"ReadAction","target":["https:\/\/www.kliinikum.ee\/yhendlabor\/kasiraamat\/kliinilise-keemia-uuringud\/prokaltsitoniin-sp-pct\/"]}]},{"@type":"BreadcrumbList","@id":"https:\/\/www.kliinikum.ee\/yhendlabor\/kasiraamat\/kliinilise-keemia-uuringud\/prokaltsitoniin-sp-pct\/#breadcrumb","itemListElement":[{"@type":"ListItem","position":1,"name":"Home","item":"https:\/\/www.kliinikum.ee\/yhendlabor\/"},{"@type":"ListItem","position":2,"name":"K\u00e4siraamat","item":"https:\/\/www.kliinikum.ee\/yhendlabor\/kasiraamat\/"},{"@type":"ListItem","position":3,"name":"Kliinilise keemia uuringud","item":"https:\/\/www.kliinikum.ee\/yhendlabor\/kasiraamat\/kliinilise-keemia-uuringud\/"},{"@type":"ListItem","position":4,"name":"Prokaltsitoniin (S,P-PCT)"}]},{"@type":"WebSite","@id":"https:\/\/www.kliinikum.ee\/yhendlabor\/#website","url":"https:\/\/www.kliinikum.ee\/yhendlabor\/","name":"\u00dchendlabor","description":"Hoolivus, Uuendusmeelsus, P\u00e4devus ja Usaldusv\u00e4\u00e4rsus","potentialAction":[{"@type":"SearchAction","target":{"@type":"EntryPoint","urlTemplate":"https:\/\/www.kliinikum.ee\/yhendlabor\/?s={search_term_string}"},"query-input":{"@type":"PropertyValueSpecification","valueRequired":true,"valueName":"search_term_string"}}],"inLanguage":"et"}]}},"uagb_featured_image_src":{"full":false,"thumbnail":false,"medium":false,"medium_large":false,"large":false,"1536x1536":false,"2048x2048":false},"uagb_author_info":{"display_name":"Kadi Siigur","author_link":"https:\/\/www.kliinikum.ee\/yhendlabor\/author\/kadisi\/"},"uagb_comment_info":0,"uagb_excerpt":"Kliinilise keemia ja laboratoorse hematoloogia osakond Prokaltsitoniin on 116 aminohappest koosnev valk, mis on kaltsitoniini eelhormooniks. Normaaljuhul produtseeritakse kilpn\u00e4\u00e4rme C-rakkudes prokaltsitoniinist spetsiaalse rakusisese l\u00f5hustumisprotsessi k\u00e4igus hormonaalselt aktiivne kaltsitoniin ning prokaltsitoniini on veres v\u00e4ga v\u00e4he (&lt; 0,05 ng\/mL). Sepsise puhul toimub intensiivne prokaltsitoniini s\u00fcntees praktiliselt k\u00f5igis organites ja kudedes, kontsentratsioon hakkab suurenema juba 2\u20134 tundi p\u00e4rast&hellip;","_links":{"self":[{"href":"https:\/\/www.kliinikum.ee\/yhendlabor\/wp-json\/wp\/v2\/pages\/13382","targetHints":{"allow":["GET"]}}],"collection":[{"href":"https:\/\/www.kliinikum.ee\/yhendlabor\/wp-json\/wp\/v2\/pages"}],"about":[{"href":"https:\/\/www.kliinikum.ee\/yhendlabor\/wp-json\/wp\/v2\/types\/page"}],"author":[{"embeddable":true,"href":"https:\/\/www.kliinikum.ee\/yhendlabor\/wp-json\/wp\/v2\/users\/38"}],"replies":[{"embeddable":true,"href":"https:\/\/www.kliinikum.ee\/yhendlabor\/wp-json\/wp\/v2\/comments?post=13382"}],"version-history":[{"count":0,"href":"https:\/\/www.kliinikum.ee\/yhendlabor\/wp-json\/wp\/v2\/pages\/13382\/revisions"}],"up":[{"embeddable":true,"href":"https:\/\/www.kliinikum.ee\/yhendlabor\/wp-json\/wp\/v2\/pages\/7286"}],"wp:attachment":[{"href":"https:\/\/www.kliinikum.ee\/yhendlabor\/wp-json\/wp\/v2\/media?parent=13382"}],"curies":[{"name":"wp","href":"https:\/\/api.w.org\/{rel}","templated":true}]}}