{"id":13404,"date":"2025-09-28T17:59:10","date_gmt":"2025-09-28T15:59:10","guid":{"rendered":"https:\/\/www.kliinikum.ee\/yhendlabor\/?page_id=13404"},"modified":"2025-12-09T23:05:34","modified_gmt":"2025-12-09T21:05:34","slug":"tsustatiin-c","status":"publish","type":"page","link":"https:\/\/www.kliinikum.ee\/yhendlabor\/kasiraamat\/kliinilise-keemia-uuringud\/tsustatiin-c\/","title":{"rendered":"Ts\u00fcstatiin C (S,P-CysC). Hinnanguline glomerulaarfiltratsiooni kiirus (eGFR (CysC, CKD-EPI) ja (eGFR (Crea, CysC, CKD-EPI))"},"content":{"rendered":"\n<p><em>Kliinilise keemia ja laboratoorse hematoloogia osakond<\/em><\/p>\n\n\n\n<p><strong>Ts\u00fcstatiin C <\/strong>on madalamolekulaarne valk, mida s\u00fcnteesitakse p\u00fcsivas koguses praktiliselt k\u00f5igis organismi tuumaga rakkudes. P\u00e4rast glomerulaarfiltratsiooni reabsorbeeritakse ja kataboliseeritakse ts\u00fcstatiin C peaaegu t\u00e4ielikult proksimaalsetes tuubulites ning normaaljuhul on tema eritus uriiniga v\u00e4ga v\u00e4ike. Ts\u00fcstatiin C taset veres ei m\u00f5juta lihasmassi suurus ja dieet ning tema kontsentratsioon plasmas on s\u00f5ltuv eelk\u00f5ige glomerulaarfiltratsiooni kiirusest, mis teeb v\u00f5imalikuks ts\u00fcstatiin C kasutamise neerufunktsiooni markerina.<\/p>\n\n\n\n<p>Vasts\u00fcndinutel on esimestel elup\u00e4evadel ts\u00fcstatiin C nivoo ligikaudu kaks korda k\u00f5rgem t\u00e4iskasvanu omast, seej\u00e4rel hakkab langema ning j\u00f5uab t\u00e4iskasvanu tasemele esimese eluaasta l\u00f5puks. P\u00e4rast 50. eluaastat hakkab ts\u00fcstatiin C kontsentratsioon suurenema seoses glomerulaarfiltratsiooni kiiruse m\u00f5ningase v\u00e4henemisega.<\/p>\n\n\n\n<p>Vastavalt rahvusvaheliste erialaorganisatsioonide soovitustele v\u00e4ljastatakse \u00dchendlaboris koos iga ts\u00fcstatiin C m\u00e4\u00e4ramistulemusega t\u00e4iskasvanud patsientidele ka selle baasil arvutatud hinnanguline glomerulaarfiltratsiooni kiirus (eGFR (CysC, CKD-EPI)), mis on informatiivsem kui ainult ts\u00fcstatiin C hulk seerumis. Ts\u00fcstatiin C-st l\u00e4htuva glomerulaarfiltratsioonikiiruse arvutamiseks kasutatakse kolmeparameetrilist 2012 CKD-EPI <em>(Chronic Kidney Disease Epidemiology Collaboration) <\/em>valemit, mis v\u00f5tab arvesse patsiendi sugu, vanust ja ts\u00fcstatiin C hulka. Antud valem ei sobi kasutamiseks lastel.<\/p>\n\n\n\n<p>Kui t\u00e4iskasvanud patsiendil on m\u00e4\u00e4ratud nii kreatiniin kui ts\u00fcstatiin C, v\u00e4ljastatakse vastavalt rahvusvahelistele soovitustele <em>(KDIGO 2024 Clinical<\/em> <em>Practice Guideline for the Evaluation and Management of Chronic Kidney Disease)<\/em> ka neil m\u00f5lemal parameetril p\u00f5hinev hinnanguline glomerulaarfiltratsiooni kiirus: eGFR (Crea, CysC, CKD-EPI), mis arvutatakse 2012 CKD-EPIkombineeritud valemi alusel. 2012 CKD-EPI kombineeritud valem ei sobi kasutamiseks lastel.<\/p>\n\n\n\n<p class=\"has-medium-font-size\"><strong>Uuritav materjal, selle v\u00f5tmine, saatmine ja s\u00e4ilitamine<\/strong><\/p>\n\n\n\n<figure class=\"wp-block-table is-style-stripes\"><table width=\"100%\"><tbody><tr><td width=\"1%\"><\/td><td width=\"15%\"><strong>Katsuti<\/strong><\/td><td width=\"84%\">Geeli ja h\u00fc\u00fcbimisaktivaatoriga katsuti (punane kollase r\u00f5ngaga v\u00f5i kollane kork) v\u00f5i geeliga LH-katsuti (roheline kollase r\u00f5ngaga v\u00f5i heleroheline kork).<\/td><\/tr><tr><td><\/td><td><strong>S\u00e4ilivus<\/strong><\/td><td>Seerum\/plasma toatemperatuuril ja +4 \u00b0C seitse p\u00e4eva, -20 \u00b0C kuus kuud<\/td><\/tr><\/tbody><\/table><\/figure>\n\n\n\n<p class=\"has-medium-font-size\"><strong>Anal\u00fc\u00fcsi tegemise aeg:<\/strong> \u00f6\u00f6p\u00e4evaringselt<\/p>\n\n\n\n<p class=\"has-medium-font-size\"><strong>Anal\u00fc\u00fcsimeetod: <\/strong>immuunturbidimeetriline meetod<\/p>\n\n\n\n<p class=\"has-medium-font-size\"><strong>Referentsv\u00e4\u00e4rtused<\/strong><\/p>\n\n\n\n<p><em>Ts\u00fcstatiin C<\/em><\/p>\n\n\n\n<figure class=\"wp-block-table\"><table width=\"100%\"><tbody><tr><td width=\"1%\"><\/td><td width=\"30%\"><strong>&lt; 1 k<\/strong><\/td><td width=\"30%\">1,1\u20132,2 mg\/L<\/td><td width=\"39%\"><\/td><\/tr><tr><td><\/td><td><strong>1 k \u2013 &lt; 1 a<\/strong><\/td><td>0,5\u20131,4 mg\/L<\/td><td><\/td><\/tr><tr><td><\/td><td><strong>1 a \u2013 &lt; 2 a<\/strong><\/td><td>M 0,74\u20131,22 mg\/L \u00a0<\/td><td>N 0,74-1,20 mg\/L<\/td><\/tr><tr><td><\/td><td><strong>2 a \u2013 &lt; 3 a<\/strong><\/td><td>M 0,67\u20131,10 mg\/L \u00a0<\/td><td>N 0,67\u20131,08 mg\/L<\/td><\/tr><tr><td><\/td><td><strong>3 a \u2013 &lt; 5 a<\/strong><\/td><td>M 0,65\u20131,06 mg\/L \u00a0<\/td><td>N 0,64\u20131,04 mg\/L<\/td><\/tr><tr><td><\/td><td><strong>5 a \u2013 &lt; 6 a<\/strong><\/td><td>M 0,65\u20131,07 mg\/L \u00a0<\/td><td>N 0,66\u20131,06 mg\/L<\/td><\/tr><tr><td><\/td><td><strong>6 a \u2013 &lt; 9 a<\/strong><\/td><td>M 0,65\u20131,09 mg\/L \u00a0<\/td><td>N 0,67\u20131,08 mg\/L<\/td><\/tr><tr><td><\/td><td><strong>9 a \u2013 &lt; 10 a<\/strong><\/td><td>M 0,66\u20131,10 mg\/L \u00a0<\/td><td>N 0,68\u20131,09 mg\/L<\/td><\/tr><tr><td><\/td><td><strong>10 a \u2013 &lt; 11 a<\/strong><\/td><td>M 0,66\u20131,11 mg\/L \u00a0<\/td><td>N 0,68\u20131,11 mg\/L<\/td><\/tr><tr><td><\/td><td><strong>11 a \u2013 &lt; 12 a<\/strong><\/td><td>M 0,67\u20131,13 mg\/L \u00a0<\/td><td>N 0,69-1,14 mg\/L<\/td><\/tr><tr><td><\/td><td><strong>12 a \u2013 &lt; 13 a<\/strong><\/td><td>M 0,69\u20131,17 gm\/L \u00a0<\/td><td>N 0,68\u20131,16 mg\/L<\/td><\/tr><tr><td><\/td><td><strong>13 a \u2013 &lt; 14 a<\/strong><\/td><td>M 0,72\u20131,22 mg\/L \u00a0<\/td><td>N 0,66\u20131,14 mg\/L<\/td><\/tr><tr><td><\/td><td><strong>14 a \u2013 &lt; 15 a<\/strong><\/td><td>M 0,74\u20131,24 mg\/L <\/td><td>N 0,64\u20131,11 mg\/L<\/td><\/tr><tr><td><\/td><td><strong>15 a \u2013 &lt; 16 a<\/strong><\/td><td>M 0,74\u20131,23 mg\/L \u00a0<\/td><td>N 0,63\u20131,09 mg\/L<\/td><\/tr><tr><td><\/td><td><strong>16 a \u2013 &lt; 17 a<\/strong><\/td><td>M 0,73\u20131,20 mg\/L \u00a0<\/td><td>N 0,62\u20131,07 mg\/L<\/td><\/tr><tr><td><\/td><td><strong>17 a \u2013 &lt; 18 a<\/strong><\/td><td>M 0,71\u20131,15 mg\/L \u00a0<\/td><td>N 0,61\u20131,05 mg\/L<\/td><\/tr><tr><td><\/td><td><strong>18 a \u2013 &lt; 78 a<\/strong><\/td><td>0,61\u20130,95 mg\/L<\/td><td><\/td><\/tr><\/tbody><\/table><\/figure>\n\n\n\n<p><em>eGFR (CysC, CKD-EPI) ja eGFR (Crea, CysC, CKD-EPI)<\/em><\/p>\n\n\n\n<figure class=\"wp-block-table\"><table width=\"100%\"><tbody><tr><td width=\"1%\"><\/td><td width=\"30%\"><strong>\u2265 18 a<\/strong><\/td><td width=\"69%\">&nbsp;\u2265 90mL\/min\/1,73m<sup>2<\/sup><\/td><\/tr><\/tbody><\/table><\/figure>\n\n\n\n<p class=\"has-medium-font-size\"><strong>N\u00e4idustus ja kliiniline t\u00e4hendus<\/strong><\/p>\n\n\n\n<p>Neerufunktsiooni hindamine kroonilise neeruhaiguse diagnoosimisel ja staadiumi m\u00e4\u00e4ramisel. Kroonilise neeruhaiguse kulu j\u00e4lgimine ja prognoosi\/progresseerumise hindamine. Neerufunktsiooni hindamine ravimite optimaalseks doseerimiseks. Neerufunktsiooni hindamine diagnostiliste protseduuride eelselt (kontrastainega uuringud). Soovitatav kasutada koos hinnangulise glomerulaarfiltratsiooni kiirusega.<\/p>\n\n\n\n<p>Ts\u00fcstatiin C kontsentratsioon seerumis suureneb glomerulaarfiltratsiooni kiiruse v\u00e4henemise korral. Kontsentratsiooni t\u00f5usu on t\u00e4heldatud ka rakkude kiire proliferatsiooni puhul, eriti hematoloogiliste kasvajate korral. Samuti v\u00f5ib ts\u00fcstatiin C tase suureneda rasvumise ja kilpn\u00e4\u00e4rmehaiguste (nii h\u00fcpo- kui ka h\u00fcpert\u00fcreoos) puhul, tulemust v\u00f5ivad m\u00f5jutada kroonilise p\u00f5letiku esinemine, kortikosteroidide kasutamine ja suitsetamine.<\/p>\n\n\n\n<p>Ts\u00fcstatiin C v\u00e4\u00e4rtuse t\u00f5us ja ts\u00fcstatiinil p\u00f5hineva eGFR-i v\u00e4henemine viitab neerufunktsiooni kahjustusele, v\u00e4\u00e4rtuste p\u00f5hjal (koos samaaegse albuminuuria hindamisega) saab kindlaks teha kroonilise neeruhaiguse staadiumi.<\/p>\n\n\n\n<figure class=\"wp-block-table\"><table width=\"100%\"><tbody><tr><td width=\"1%\"><\/td><td width=\"19%\"><strong>Staadium<\/strong><\/td><td width=\"50%\"><strong>Kirjeldus<\/strong><\/td><td width=\"30%\"><strong>GFR ml\/min\/1,73m<sup>2<\/sup><\/strong><\/td><\/tr><tr><td><\/td><td>G1<\/td><td>Neerukahjustus normaalse GFR-ga<\/td><td>\u2265 90<\/td><\/tr><tr><td><\/td><td>G2<\/td><td>Neerukahjustus kergelt v\u00e4henenud GFR-ga<\/td><td>60\u201389<\/td><\/tr><tr><td><\/td><td>G3a<\/td><td>Kergelt kuni m\u00f5\u00f5dukalt v\u00e4henenud GFR<\/td><td>45\u201359<\/td><\/tr><tr><td><\/td><td>G3b<\/td><td>M\u00f5\u00f5dukalt kuni ulatuslikult v\u00e4henenud GFR<\/td><td>30\u201344<\/td><\/tr><tr><td><\/td><td>G4<\/td><td>Ulatuslikult v\u00e4henenud GFR<\/td><td>15\u201329<\/td><\/tr><tr><td><\/td><td>G5<\/td><td>Neerupuudulikkus<\/td><td>&lt; 15<\/td><\/tr><\/tbody><\/table><\/figure>\n\n\n\n<p>Tavaolukorras piisab neerufunktsiooni hindamisel kreatiniini baasil arvutatud glomerulaarfiltratsiooni kiirusest, v\u00e4lja arvatud olukordades, kus kreatiniini v\u00e4\u00e4rtus v\u00f5ib olla valemadal v\u00f5i valek\u00f5rge (suure v\u00f5i v\u00e4hese lihasmassiga patsiendid, valgurikas v\u00f5i valguvaene dieet, kreatiini sisaldavate toidulisandite tarvitamine). Sellistel juhtudel tuleks kasutada glomerulaarfunktsiooni hindamiseks ts\u00fcstatiin C-l p\u00f5hinevat eGFRi.<\/p>\n\n\n\n<p>Rakkude kiire proliferatsiooni puhul, eriti hematoloogiliste kasvajate korral ei ole ts\u00fcstatiin C-l p\u00f5hineva eGFRi kasutamine soovitatav.<\/p>\n\n\n\n<p>Kuna kreatiniin ega ts\u00fcstatiin C ei ole kumbki ideaalsed glomerulaarfunktsiooni markerid, tuleks \u00fcldjuhul kroonilise neeruhaiguse staadiumi m\u00e4\u00e4ramisel ja haiguse prognoosi hindamisel, samuti ravimite doseerimisel kasutada nii kreatiniinil kui ts\u00fcstatiin C-l p\u00f5hinevat kombineeritud eGFRi. Eriti oluline on kombineeritud valemi kasutamine juhtudel, kui kreatiniinil p\u00f5hinev eGFR j\u00e4\u00e4b vahemikku 45\u201359 mL\/min\/1,73m\u00b2 ning albuminuuria ja muud neerukahjustuse tunnused puuduvad.<\/p>\n\n\n\n<p>eGFR ei sobi neerufunktsiooni hindamiseks kiirelt muutuva glomerulaarfunktsiooni korral (nt \u00e4ge neerupuudulikkus).<\/p>\n\n\n\n<p>Koostaja: Katrin Reimand<br>Muudetud 27.06.2024<\/p>\n","protected":false},"excerpt":{"rendered":"<p>Kliinilise keemia ja laboratoorse hematoloogia osakond Ts\u00fcstatiin C on madalamolekulaarne valk, mida s\u00fcnteesitakse p\u00fcsivas koguses praktiliselt k\u00f5igis organismi tuumaga rakkudes. P\u00e4rast glomerulaarfiltratsiooni reabsorbeeritakse ja kataboliseeritakse ts\u00fcstatiin C peaaegu t\u00e4ielikult proksimaalsetes tuubulites ning normaaljuhul on tema eritus uriiniga v\u00e4ga v\u00e4ike. Ts\u00fcstatiin C taset veres ei m\u00f5juta lihasmassi suurus ja dieet ning tema kontsentratsioon plasmas on s\u00f5ltuv [&hellip;]<\/p>\n","protected":false},"author":38,"featured_media":0,"parent":7286,"menu_order":41,"comment_status":"closed","ping_status":"closed","template":"","meta":{"_uag_custom_page_level_css":"","footnotes":""},"class_list":["post-13404","page","type-page","status-publish","hentry"],"acf":[],"yoast_head":"<!-- This site is optimized with the Yoast SEO plugin v27.3 - https:\/\/yoast.com\/product\/yoast-seo-wordpress\/ -->\n<title>Ts\u00fcstatiin C (S,P-CysC). Hinnanguline glomerulaarfiltratsiooni kiirus (eGFR (CysC, CKD-EPI) ja (eGFR (Crea, CysC, CKD-EPI)) - \u00dchendlabor<\/title>\n<meta name=\"robots\" content=\"index, follow, max-snippet:-1, max-image-preview:large, max-video-preview:-1\" \/>\n<link rel=\"canonical\" href=\"https:\/\/www.kliinikum.ee\/yhendlabor\/kasiraamat\/kliinilise-keemia-uuringud\/tsustatiin-c\/\" \/>\n<meta property=\"og:locale\" content=\"et_EE\" \/>\n<meta property=\"og:type\" content=\"article\" \/>\n<meta property=\"og:title\" content=\"Ts\u00fcstatiin C (S,P-CysC). Hinnanguline glomerulaarfiltratsiooni kiirus (eGFR (CysC, CKD-EPI) ja (eGFR (Crea, CysC, CKD-EPI)) - \u00dchendlabor\" \/>\n<meta property=\"og:description\" content=\"Kliinilise keemia ja laboratoorse hematoloogia osakond Ts\u00fcstatiin C on madalamolekulaarne valk, mida s\u00fcnteesitakse p\u00fcsivas koguses praktiliselt k\u00f5igis organismi tuumaga rakkudes. P\u00e4rast glomerulaarfiltratsiooni reabsorbeeritakse ja kataboliseeritakse ts\u00fcstatiin C peaaegu t\u00e4ielikult proksimaalsetes tuubulites ning normaaljuhul on tema eritus uriiniga v\u00e4ga v\u00e4ike. Ts\u00fcstatiin C taset veres ei m\u00f5juta lihasmassi suurus ja dieet ning tema kontsentratsioon plasmas on s\u00f5ltuv [&hellip;]\" \/>\n<meta property=\"og:url\" content=\"https:\/\/www.kliinikum.ee\/yhendlabor\/kasiraamat\/kliinilise-keemia-uuringud\/tsustatiin-c\/\" \/>\n<meta property=\"og:site_name\" content=\"\u00dchendlabor\" \/>\n<meta property=\"article:modified_time\" content=\"2025-12-09T21:05:34+00:00\" \/>\n<meta name=\"twitter:card\" content=\"summary_large_image\" \/>\n<meta name=\"twitter:label1\" content=\"Est. reading time\" \/>\n\t<meta name=\"twitter:data1\" content=\"4 minutit\" \/>\n<script type=\"application\/ld+json\" class=\"yoast-schema-graph\">{\"@context\":\"https:\\\/\\\/schema.org\",\"@graph\":[{\"@type\":\"WebPage\",\"@id\":\"https:\\\/\\\/www.kliinikum.ee\\\/yhendlabor\\\/kasiraamat\\\/kliinilise-keemia-uuringud\\\/tsustatiin-c\\\/\",\"url\":\"https:\\\/\\\/www.kliinikum.ee\\\/yhendlabor\\\/kasiraamat\\\/kliinilise-keemia-uuringud\\\/tsustatiin-c\\\/\",\"name\":\"Ts\u00fcstatiin C (S,P-CysC). Hinnanguline glomerulaarfiltratsiooni kiirus (eGFR (CysC, CKD-EPI) ja (eGFR (Crea, CysC, CKD-EPI)) - \u00dchendlabor\",\"isPartOf\":{\"@id\":\"https:\\\/\\\/www.kliinikum.ee\\\/yhendlabor\\\/#website\"},\"datePublished\":\"2025-09-28T15:59:10+00:00\",\"dateModified\":\"2025-12-09T21:05:34+00:00\",\"breadcrumb\":{\"@id\":\"https:\\\/\\\/www.kliinikum.ee\\\/yhendlabor\\\/kasiraamat\\\/kliinilise-keemia-uuringud\\\/tsustatiin-c\\\/#breadcrumb\"},\"inLanguage\":\"et\",\"potentialAction\":[{\"@type\":\"ReadAction\",\"target\":[\"https:\\\/\\\/www.kliinikum.ee\\\/yhendlabor\\\/kasiraamat\\\/kliinilise-keemia-uuringud\\\/tsustatiin-c\\\/\"]}]},{\"@type\":\"BreadcrumbList\",\"@id\":\"https:\\\/\\\/www.kliinikum.ee\\\/yhendlabor\\\/kasiraamat\\\/kliinilise-keemia-uuringud\\\/tsustatiin-c\\\/#breadcrumb\",\"itemListElement\":[{\"@type\":\"ListItem\",\"position\":1,\"name\":\"Home\",\"item\":\"https:\\\/\\\/www.kliinikum.ee\\\/yhendlabor\\\/\"},{\"@type\":\"ListItem\",\"position\":2,\"name\":\"K\u00e4siraamat\",\"item\":\"https:\\\/\\\/www.kliinikum.ee\\\/yhendlabor\\\/kasiraamat\\\/\"},{\"@type\":\"ListItem\",\"position\":3,\"name\":\"Kliinilise keemia uuringud\",\"item\":\"https:\\\/\\\/www.kliinikum.ee\\\/yhendlabor\\\/kasiraamat\\\/kliinilise-keemia-uuringud\\\/\"},{\"@type\":\"ListItem\",\"position\":4,\"name\":\"Ts\u00fcstatiin C (S,P-CysC). Hinnanguline glomerulaarfiltratsiooni kiirus (eGFR (CysC, CKD-EPI) ja (eGFR (Crea, CysC, CKD-EPI))\"}]},{\"@type\":\"WebSite\",\"@id\":\"https:\\\/\\\/www.kliinikum.ee\\\/yhendlabor\\\/#website\",\"url\":\"https:\\\/\\\/www.kliinikum.ee\\\/yhendlabor\\\/\",\"name\":\"\u00dchendlabor\",\"description\":\"Hoolivus, Uuendusmeelsus, P\u00e4devus ja Usaldusv\u00e4\u00e4rsus\",\"potentialAction\":[{\"@type\":\"SearchAction\",\"target\":{\"@type\":\"EntryPoint\",\"urlTemplate\":\"https:\\\/\\\/www.kliinikum.ee\\\/yhendlabor\\\/?s={search_term_string}\"},\"query-input\":{\"@type\":\"PropertyValueSpecification\",\"valueRequired\":true,\"valueName\":\"search_term_string\"}}],\"inLanguage\":\"et\"}]}<\/script>\n<!-- \/ Yoast SEO plugin. -->","yoast_head_json":{"title":"Ts\u00fcstatiin C (S,P-CysC). Hinnanguline glomerulaarfiltratsiooni kiirus (eGFR (CysC, CKD-EPI) ja (eGFR (Crea, CysC, CKD-EPI)) - \u00dchendlabor","robots":{"index":"index","follow":"follow","max-snippet":"max-snippet:-1","max-image-preview":"max-image-preview:large","max-video-preview":"max-video-preview:-1"},"canonical":"https:\/\/www.kliinikum.ee\/yhendlabor\/kasiraamat\/kliinilise-keemia-uuringud\/tsustatiin-c\/","og_locale":"et_EE","og_type":"article","og_title":"Ts\u00fcstatiin C (S,P-CysC). Hinnanguline glomerulaarfiltratsiooni kiirus (eGFR (CysC, CKD-EPI) ja (eGFR (Crea, CysC, CKD-EPI)) - \u00dchendlabor","og_description":"Kliinilise keemia ja laboratoorse hematoloogia osakond Ts\u00fcstatiin C on madalamolekulaarne valk, mida s\u00fcnteesitakse p\u00fcsivas koguses praktiliselt k\u00f5igis organismi tuumaga rakkudes. P\u00e4rast glomerulaarfiltratsiooni reabsorbeeritakse ja kataboliseeritakse ts\u00fcstatiin C peaaegu t\u00e4ielikult proksimaalsetes tuubulites ning normaaljuhul on tema eritus uriiniga v\u00e4ga v\u00e4ike. Ts\u00fcstatiin C taset veres ei m\u00f5juta lihasmassi suurus ja dieet ning tema kontsentratsioon plasmas on s\u00f5ltuv [&hellip;]","og_url":"https:\/\/www.kliinikum.ee\/yhendlabor\/kasiraamat\/kliinilise-keemia-uuringud\/tsustatiin-c\/","og_site_name":"\u00dchendlabor","article_modified_time":"2025-12-09T21:05:34+00:00","twitter_card":"summary_large_image","twitter_misc":{"Est. reading time":"4 minutit"},"schema":{"@context":"https:\/\/schema.org","@graph":[{"@type":"WebPage","@id":"https:\/\/www.kliinikum.ee\/yhendlabor\/kasiraamat\/kliinilise-keemia-uuringud\/tsustatiin-c\/","url":"https:\/\/www.kliinikum.ee\/yhendlabor\/kasiraamat\/kliinilise-keemia-uuringud\/tsustatiin-c\/","name":"Ts\u00fcstatiin C (S,P-CysC). Hinnanguline glomerulaarfiltratsiooni kiirus (eGFR (CysC, CKD-EPI) ja (eGFR (Crea, CysC, CKD-EPI)) - \u00dchendlabor","isPartOf":{"@id":"https:\/\/www.kliinikum.ee\/yhendlabor\/#website"},"datePublished":"2025-09-28T15:59:10+00:00","dateModified":"2025-12-09T21:05:34+00:00","breadcrumb":{"@id":"https:\/\/www.kliinikum.ee\/yhendlabor\/kasiraamat\/kliinilise-keemia-uuringud\/tsustatiin-c\/#breadcrumb"},"inLanguage":"et","potentialAction":[{"@type":"ReadAction","target":["https:\/\/www.kliinikum.ee\/yhendlabor\/kasiraamat\/kliinilise-keemia-uuringud\/tsustatiin-c\/"]}]},{"@type":"BreadcrumbList","@id":"https:\/\/www.kliinikum.ee\/yhendlabor\/kasiraamat\/kliinilise-keemia-uuringud\/tsustatiin-c\/#breadcrumb","itemListElement":[{"@type":"ListItem","position":1,"name":"Home","item":"https:\/\/www.kliinikum.ee\/yhendlabor\/"},{"@type":"ListItem","position":2,"name":"K\u00e4siraamat","item":"https:\/\/www.kliinikum.ee\/yhendlabor\/kasiraamat\/"},{"@type":"ListItem","position":3,"name":"Kliinilise keemia uuringud","item":"https:\/\/www.kliinikum.ee\/yhendlabor\/kasiraamat\/kliinilise-keemia-uuringud\/"},{"@type":"ListItem","position":4,"name":"Ts\u00fcstatiin C (S,P-CysC). Hinnanguline glomerulaarfiltratsiooni kiirus (eGFR (CysC, CKD-EPI) ja (eGFR (Crea, CysC, CKD-EPI))"}]},{"@type":"WebSite","@id":"https:\/\/www.kliinikum.ee\/yhendlabor\/#website","url":"https:\/\/www.kliinikum.ee\/yhendlabor\/","name":"\u00dchendlabor","description":"Hoolivus, Uuendusmeelsus, P\u00e4devus ja Usaldusv\u00e4\u00e4rsus","potentialAction":[{"@type":"SearchAction","target":{"@type":"EntryPoint","urlTemplate":"https:\/\/www.kliinikum.ee\/yhendlabor\/?s={search_term_string}"},"query-input":{"@type":"PropertyValueSpecification","valueRequired":true,"valueName":"search_term_string"}}],"inLanguage":"et"}]}},"uagb_featured_image_src":{"full":false,"thumbnail":false,"medium":false,"medium_large":false,"large":false,"1536x1536":false,"2048x2048":false},"uagb_author_info":{"display_name":"Kadi Siigur","author_link":"https:\/\/www.kliinikum.ee\/yhendlabor\/author\/kadisi\/"},"uagb_comment_info":0,"uagb_excerpt":"Kliinilise keemia ja laboratoorse hematoloogia osakond Ts\u00fcstatiin C on madalamolekulaarne valk, mida s\u00fcnteesitakse p\u00fcsivas koguses praktiliselt k\u00f5igis organismi tuumaga rakkudes. P\u00e4rast glomerulaarfiltratsiooni reabsorbeeritakse ja kataboliseeritakse ts\u00fcstatiin C peaaegu t\u00e4ielikult proksimaalsetes tuubulites ning normaaljuhul on tema eritus uriiniga v\u00e4ga v\u00e4ike. Ts\u00fcstatiin C taset veres ei m\u00f5juta lihasmassi suurus ja dieet ning tema kontsentratsioon plasmas on s\u00f5ltuv&hellip;","_links":{"self":[{"href":"https:\/\/www.kliinikum.ee\/yhendlabor\/wp-json\/wp\/v2\/pages\/13404","targetHints":{"allow":["GET"]}}],"collection":[{"href":"https:\/\/www.kliinikum.ee\/yhendlabor\/wp-json\/wp\/v2\/pages"}],"about":[{"href":"https:\/\/www.kliinikum.ee\/yhendlabor\/wp-json\/wp\/v2\/types\/page"}],"author":[{"embeddable":true,"href":"https:\/\/www.kliinikum.ee\/yhendlabor\/wp-json\/wp\/v2\/users\/38"}],"replies":[{"embeddable":true,"href":"https:\/\/www.kliinikum.ee\/yhendlabor\/wp-json\/wp\/v2\/comments?post=13404"}],"version-history":[{"count":0,"href":"https:\/\/www.kliinikum.ee\/yhendlabor\/wp-json\/wp\/v2\/pages\/13404\/revisions"}],"up":[{"embeddable":true,"href":"https:\/\/www.kliinikum.ee\/yhendlabor\/wp-json\/wp\/v2\/pages\/7286"}],"wp:attachment":[{"href":"https:\/\/www.kliinikum.ee\/yhendlabor\/wp-json\/wp\/v2\/media?parent=13404"}],"curies":[{"name":"wp","href":"https:\/\/api.w.org\/{rel}","templated":true}]}}