{"id":13409,"date":"2025-09-28T18:06:28","date_gmt":"2025-09-28T16:06:28","guid":{"rendered":"https:\/\/www.kliinikum.ee\/yhendlabor\/?page_id=13409"},"modified":"2025-12-09T23:07:09","modified_gmt":"2025-12-09T21:07:09","slug":"uurea-seerumis-plasmas-sp-urea","status":"publish","type":"page","link":"https:\/\/www.kliinikum.ee\/yhendlabor\/kasiraamat\/kliinilise-keemia-uuringud\/uurea-seerumis-plasmas-sp-urea\/","title":{"rendered":"Uurea seerumis\/plasmas (S,P-Urea)"},"content":{"rendered":"\n<p><em>Kliinilise keemia ja laboratoorse hematoloogia osakond<\/em><\/p>\n\n\n\n<p><strong>Uurea <\/strong>on valkude ainevahetuse l\u00f5pp-produkt. S\u00fcntees toimub maksas uurea ts\u00fcklis aminohapete oks\u00fcdatiivsel desamiinimisel tekkinud ammoniaagist. Uurea eritub peamiselt neerude kaudu, v\u00e4ike osa ka seedetrakti kaudu ning higiga. Uurea filtreerub vabalt neerude p\u00e4smakestes ning difundeerub tuubulites osaliselt tagasi verre. Viimane protsess s\u00f5ltub verevoolu kiirusest neerudes.<\/p>\n\n\n\n<p class=\"has-medium-font-size\"><strong>Uuritav materjal, selle v\u00f5tmine, saatmine ja s\u00e4ilitamine<\/strong><\/p>\n\n\n\n<figure class=\"wp-block-table is-style-stripes\"><table width=\"100%\"><tbody><tr><td width=\"1%\"><\/td><td width=\"15%\"><strong>Katsuti<\/strong><\/td><td width=\"84%\">Geeli ja h\u00fc\u00fcbimisaktivaatoriga katsuti (punane kollase r\u00f5ngaga v\u00f5i kollane kork) v\u00f5i geeliga LH-katsuti (roheline kollase r\u00f5ngaga v\u00f5i heleroheline kork)<\/td><\/tr><tr><td><\/td><td><strong>S\u00e4ilivus<\/strong><\/td><td>Seerum\/plasma toatemperatuuril ja +4 \u00b0C \u00fcks n\u00e4dal, -20 \u00b0C \u00fcks aasta<\/td><\/tr><\/tbody><\/table><\/figure>\n\n\n\n<p class=\"has-medium-font-size\"><strong>Anal\u00fc\u00fcsi tegemise aeg:<\/strong> \u00f6\u00f6p\u00e4evaringselt<\/p>\n\n\n\n<p class=\"has-medium-font-size\"><strong>Anal\u00fc\u00fcsimeetod:<\/strong> kineetiline fotomeetriline meetod<\/p>\n\n\n\n<p class=\"has-medium-font-size\"><strong>Referentsv\u00e4\u00e4rtused<\/strong><\/p>\n\n\n\n<figure class=\"wp-block-table\"><table width=\"100%\"><tbody><tr><td width=\"1%\"><\/td><td width=\"30%\"><strong>0 p \u2013 &lt; 15 p<\/strong><\/td><td width=\"69%\">1,1\u20137,9<\/td><\/tr><tr><td><\/td><td><strong>15 p \u2013 &lt; 1 a<\/strong><\/td><td>1,3\u20135,8<\/td><\/tr><tr><td><\/td><td><strong>1 a \u2013 &lt; 10 a<\/strong><\/td><td>3,2\u20137,6<\/td><\/tr><tr><td><\/td><td><strong>10 a \u2013 &lt; 19 a<\/strong><\/td><td>M 2,6\u20137,2 <br>N 2,6\u20136,5<\/td><\/tr><tr><td><\/td><td><strong>\u2265 19 a<\/strong><\/td><td>&lt; 8,1 mmol\/L<\/td><\/tr><\/tbody><\/table><\/figure>\n\n\n\n<p class=\"has-medium-font-size\"><strong>N\u00e4idustus ja kliiniline t\u00e4hendus<\/strong><\/p>\n\n\n\n<p>Valkude ja aminohapete ainevahetuse, organismi vedelikutasakaalu ja neerufunktsiooni hindamine. Reeglina piisab neerufunktsiooni hindamiseks kreatiniini ja hinnangulise glomerulaarfiltratsiooni (eGFR) m\u00e4\u00e4ramisest, uurea ei anna diagnostilist lisainformatsiooni. Seega uurea ja kreatiniini samaaegne&nbsp; m\u00e4\u00e4ramine ei ole enamikel juhtudel n\u00e4idustatud. Uurea kontsentratsioon on m\u00f5jutatud paljude ekstrarenaalsete faktorite poolt, samuti ei sobi uurea kroonilise neerupuudulikkuse varaseks diagnostikaks, kuna uurea kontsentratsiooni suurenemist v\u00f5ib t\u00e4heldada alles siis, kui glomerulaarfiltratsiooni kiirus on v\u00e4henenud juba enam kui poole v\u00f5rra.<\/p>\n\n\n\n<p><em>Suurenenud kontsentratsioon<\/em><\/p>\n\n\n\n<ul class=\"wp-block-list\">\n<li>Suurenenud produktsioon: valgurikas dieet v\u00f5i valgu parenteraalne manustamine (veri, plasma, aminohapped); valkude suurenenud katabolism (n\u00e4lgimine, koekahjustus, febriilsed seisundid, sepsis, kortikosteroidravi); aminohapete imendumine seedetrakti verejooksude puhul, hematoomide resorptsioon, transudaatide imendumine soolevalendikust iileuse puhul.<\/li>\n\n\n\n<li>V\u00e4henenud eritus: prerenaalsetel p\u00f5hjustel (neerude v\u00e4henenud perfusioon: \u0161okk, deh\u00fcdratatsioon, raske s\u00fcdamepuudulikkus); renaalsetel p\u00f5hjustel (neerukoe kahjustus seoses neeruhaigustega); postrenaalsetel p\u00f5hjustel (uriini \u00e4ravoolu mehaaniline takistus: urolitiaas, kasvajad).<\/li>\n<\/ul>\n\n\n\n<p><em>V\u00e4henenud kontsentratsioon<\/em><\/p>\n\n\n\n<ul class=\"wp-block-list\">\n<li>V\u00e4henenud produktsioon: valguvaene dieet, maksapuudulikkus, androgeenide ja kasvuhormooni manustamine.<\/li>\n<\/ul>\n\n\n\n<p>Uurea kontsentratsiooni v\u00e4henemine v\u00f5ib esineda ka suurenenud diureesi ja h\u00fcperh\u00fcdratatsiooni puhul, samuti raseduse hilisfaasis.<\/p>\n\n\n\n<p>Koostaja: Katrin Reimand<br>Muudetud 18.08.2023<\/p>\n","protected":false},"excerpt":{"rendered":"<p>Kliinilise keemia ja laboratoorse hematoloogia osakond Uurea on valkude ainevahetuse l\u00f5pp-produkt. S\u00fcntees toimub maksas uurea ts\u00fcklis aminohapete oks\u00fcdatiivsel desamiinimisel tekkinud ammoniaagist. Uurea eritub peamiselt neerude kaudu, v\u00e4ike osa ka seedetrakti kaudu ning higiga. Uurea filtreerub vabalt neerude p\u00e4smakestes ning difundeerub tuubulites osaliselt tagasi verre. Viimane protsess s\u00f5ltub verevoolu kiirusest neerudes. Uuritav materjal, selle v\u00f5tmine, saatmine [&hellip;]<\/p>\n","protected":false},"author":38,"featured_media":0,"parent":7286,"menu_order":42,"comment_status":"closed","ping_status":"closed","template":"","meta":{"_uag_custom_page_level_css":"","footnotes":""},"class_list":["post-13409","page","type-page","status-publish","hentry"],"acf":[],"yoast_head":"<!-- This site is optimized with the Yoast SEO plugin v27.3 - https:\/\/yoast.com\/product\/yoast-seo-wordpress\/ -->\n<title>Uurea seerumis\/plasmas (S,P-Urea) - \u00dchendlabor<\/title>\n<meta name=\"robots\" content=\"index, follow, max-snippet:-1, max-image-preview:large, max-video-preview:-1\" \/>\n<link rel=\"canonical\" href=\"https:\/\/www.kliinikum.ee\/yhendlabor\/kasiraamat\/kliinilise-keemia-uuringud\/uurea-seerumis-plasmas-sp-urea\/\" \/>\n<meta property=\"og:locale\" content=\"et_EE\" \/>\n<meta property=\"og:type\" content=\"article\" \/>\n<meta property=\"og:title\" content=\"Uurea seerumis\/plasmas (S,P-Urea) - \u00dchendlabor\" \/>\n<meta property=\"og:description\" content=\"Kliinilise keemia ja laboratoorse hematoloogia osakond Uurea on valkude ainevahetuse l\u00f5pp-produkt. S\u00fcntees toimub maksas uurea ts\u00fcklis aminohapete oks\u00fcdatiivsel desamiinimisel tekkinud ammoniaagist. Uurea eritub peamiselt neerude kaudu, v\u00e4ike osa ka seedetrakti kaudu ning higiga. Uurea filtreerub vabalt neerude p\u00e4smakestes ning difundeerub tuubulites osaliselt tagasi verre. Viimane protsess s\u00f5ltub verevoolu kiirusest neerudes. Uuritav materjal, selle v\u00f5tmine, saatmine [&hellip;]\" \/>\n<meta property=\"og:url\" content=\"https:\/\/www.kliinikum.ee\/yhendlabor\/kasiraamat\/kliinilise-keemia-uuringud\/uurea-seerumis-plasmas-sp-urea\/\" \/>\n<meta property=\"og:site_name\" content=\"\u00dchendlabor\" \/>\n<meta property=\"article:modified_time\" content=\"2025-12-09T21:07:09+00:00\" \/>\n<meta name=\"twitter:card\" content=\"summary_large_image\" \/>\n<meta name=\"twitter:label1\" content=\"Est. reading time\" \/>\n\t<meta name=\"twitter:data1\" content=\"2 minutit\" \/>\n<script type=\"application\/ld+json\" class=\"yoast-schema-graph\">{\"@context\":\"https:\\\/\\\/schema.org\",\"@graph\":[{\"@type\":\"WebPage\",\"@id\":\"https:\\\/\\\/www.kliinikum.ee\\\/yhendlabor\\\/kasiraamat\\\/kliinilise-keemia-uuringud\\\/uurea-seerumis-plasmas-sp-urea\\\/\",\"url\":\"https:\\\/\\\/www.kliinikum.ee\\\/yhendlabor\\\/kasiraamat\\\/kliinilise-keemia-uuringud\\\/uurea-seerumis-plasmas-sp-urea\\\/\",\"name\":\"Uurea seerumis\\\/plasmas (S,P-Urea) - \u00dchendlabor\",\"isPartOf\":{\"@id\":\"https:\\\/\\\/www.kliinikum.ee\\\/yhendlabor\\\/#website\"},\"datePublished\":\"2025-09-28T16:06:28+00:00\",\"dateModified\":\"2025-12-09T21:07:09+00:00\",\"breadcrumb\":{\"@id\":\"https:\\\/\\\/www.kliinikum.ee\\\/yhendlabor\\\/kasiraamat\\\/kliinilise-keemia-uuringud\\\/uurea-seerumis-plasmas-sp-urea\\\/#breadcrumb\"},\"inLanguage\":\"et\",\"potentialAction\":[{\"@type\":\"ReadAction\",\"target\":[\"https:\\\/\\\/www.kliinikum.ee\\\/yhendlabor\\\/kasiraamat\\\/kliinilise-keemia-uuringud\\\/uurea-seerumis-plasmas-sp-urea\\\/\"]}]},{\"@type\":\"BreadcrumbList\",\"@id\":\"https:\\\/\\\/www.kliinikum.ee\\\/yhendlabor\\\/kasiraamat\\\/kliinilise-keemia-uuringud\\\/uurea-seerumis-plasmas-sp-urea\\\/#breadcrumb\",\"itemListElement\":[{\"@type\":\"ListItem\",\"position\":1,\"name\":\"Home\",\"item\":\"https:\\\/\\\/www.kliinikum.ee\\\/yhendlabor\\\/\"},{\"@type\":\"ListItem\",\"position\":2,\"name\":\"K\u00e4siraamat\",\"item\":\"https:\\\/\\\/www.kliinikum.ee\\\/yhendlabor\\\/kasiraamat\\\/\"},{\"@type\":\"ListItem\",\"position\":3,\"name\":\"Kliinilise keemia uuringud\",\"item\":\"https:\\\/\\\/www.kliinikum.ee\\\/yhendlabor\\\/kasiraamat\\\/kliinilise-keemia-uuringud\\\/\"},{\"@type\":\"ListItem\",\"position\":4,\"name\":\"Uurea seerumis\\\/plasmas (S,P-Urea)\"}]},{\"@type\":\"WebSite\",\"@id\":\"https:\\\/\\\/www.kliinikum.ee\\\/yhendlabor\\\/#website\",\"url\":\"https:\\\/\\\/www.kliinikum.ee\\\/yhendlabor\\\/\",\"name\":\"\u00dchendlabor\",\"description\":\"Hoolivus, Uuendusmeelsus, P\u00e4devus ja Usaldusv\u00e4\u00e4rsus\",\"potentialAction\":[{\"@type\":\"SearchAction\",\"target\":{\"@type\":\"EntryPoint\",\"urlTemplate\":\"https:\\\/\\\/www.kliinikum.ee\\\/yhendlabor\\\/?s={search_term_string}\"},\"query-input\":{\"@type\":\"PropertyValueSpecification\",\"valueRequired\":true,\"valueName\":\"search_term_string\"}}],\"inLanguage\":\"et\"}]}<\/script>\n<!-- \/ Yoast SEO plugin. -->","yoast_head_json":{"title":"Uurea seerumis\/plasmas (S,P-Urea) - \u00dchendlabor","robots":{"index":"index","follow":"follow","max-snippet":"max-snippet:-1","max-image-preview":"max-image-preview:large","max-video-preview":"max-video-preview:-1"},"canonical":"https:\/\/www.kliinikum.ee\/yhendlabor\/kasiraamat\/kliinilise-keemia-uuringud\/uurea-seerumis-plasmas-sp-urea\/","og_locale":"et_EE","og_type":"article","og_title":"Uurea seerumis\/plasmas (S,P-Urea) - \u00dchendlabor","og_description":"Kliinilise keemia ja laboratoorse hematoloogia osakond Uurea on valkude ainevahetuse l\u00f5pp-produkt. S\u00fcntees toimub maksas uurea ts\u00fcklis aminohapete oks\u00fcdatiivsel desamiinimisel tekkinud ammoniaagist. Uurea eritub peamiselt neerude kaudu, v\u00e4ike osa ka seedetrakti kaudu ning higiga. Uurea filtreerub vabalt neerude p\u00e4smakestes ning difundeerub tuubulites osaliselt tagasi verre. Viimane protsess s\u00f5ltub verevoolu kiirusest neerudes. Uuritav materjal, selle v\u00f5tmine, saatmine [&hellip;]","og_url":"https:\/\/www.kliinikum.ee\/yhendlabor\/kasiraamat\/kliinilise-keemia-uuringud\/uurea-seerumis-plasmas-sp-urea\/","og_site_name":"\u00dchendlabor","article_modified_time":"2025-12-09T21:07:09+00:00","twitter_card":"summary_large_image","twitter_misc":{"Est. reading time":"2 minutit"},"schema":{"@context":"https:\/\/schema.org","@graph":[{"@type":"WebPage","@id":"https:\/\/www.kliinikum.ee\/yhendlabor\/kasiraamat\/kliinilise-keemia-uuringud\/uurea-seerumis-plasmas-sp-urea\/","url":"https:\/\/www.kliinikum.ee\/yhendlabor\/kasiraamat\/kliinilise-keemia-uuringud\/uurea-seerumis-plasmas-sp-urea\/","name":"Uurea seerumis\/plasmas (S,P-Urea) - \u00dchendlabor","isPartOf":{"@id":"https:\/\/www.kliinikum.ee\/yhendlabor\/#website"},"datePublished":"2025-09-28T16:06:28+00:00","dateModified":"2025-12-09T21:07:09+00:00","breadcrumb":{"@id":"https:\/\/www.kliinikum.ee\/yhendlabor\/kasiraamat\/kliinilise-keemia-uuringud\/uurea-seerumis-plasmas-sp-urea\/#breadcrumb"},"inLanguage":"et","potentialAction":[{"@type":"ReadAction","target":["https:\/\/www.kliinikum.ee\/yhendlabor\/kasiraamat\/kliinilise-keemia-uuringud\/uurea-seerumis-plasmas-sp-urea\/"]}]},{"@type":"BreadcrumbList","@id":"https:\/\/www.kliinikum.ee\/yhendlabor\/kasiraamat\/kliinilise-keemia-uuringud\/uurea-seerumis-plasmas-sp-urea\/#breadcrumb","itemListElement":[{"@type":"ListItem","position":1,"name":"Home","item":"https:\/\/www.kliinikum.ee\/yhendlabor\/"},{"@type":"ListItem","position":2,"name":"K\u00e4siraamat","item":"https:\/\/www.kliinikum.ee\/yhendlabor\/kasiraamat\/"},{"@type":"ListItem","position":3,"name":"Kliinilise keemia uuringud","item":"https:\/\/www.kliinikum.ee\/yhendlabor\/kasiraamat\/kliinilise-keemia-uuringud\/"},{"@type":"ListItem","position":4,"name":"Uurea seerumis\/plasmas (S,P-Urea)"}]},{"@type":"WebSite","@id":"https:\/\/www.kliinikum.ee\/yhendlabor\/#website","url":"https:\/\/www.kliinikum.ee\/yhendlabor\/","name":"\u00dchendlabor","description":"Hoolivus, Uuendusmeelsus, P\u00e4devus ja Usaldusv\u00e4\u00e4rsus","potentialAction":[{"@type":"SearchAction","target":{"@type":"EntryPoint","urlTemplate":"https:\/\/www.kliinikum.ee\/yhendlabor\/?s={search_term_string}"},"query-input":{"@type":"PropertyValueSpecification","valueRequired":true,"valueName":"search_term_string"}}],"inLanguage":"et"}]}},"uagb_featured_image_src":{"full":false,"thumbnail":false,"medium":false,"medium_large":false,"large":false,"1536x1536":false,"2048x2048":false},"uagb_author_info":{"display_name":"Kadi Siigur","author_link":"https:\/\/www.kliinikum.ee\/yhendlabor\/author\/kadisi\/"},"uagb_comment_info":0,"uagb_excerpt":"Kliinilise keemia ja laboratoorse hematoloogia osakond Uurea on valkude ainevahetuse l\u00f5pp-produkt. S\u00fcntees toimub maksas uurea ts\u00fcklis aminohapete oks\u00fcdatiivsel desamiinimisel tekkinud ammoniaagist. Uurea eritub peamiselt neerude kaudu, v\u00e4ike osa ka seedetrakti kaudu ning higiga. Uurea filtreerub vabalt neerude p\u00e4smakestes ning difundeerub tuubulites osaliselt tagasi verre. Viimane protsess s\u00f5ltub verevoolu kiirusest neerudes. Uuritav materjal, selle v\u00f5tmine, saatmine&hellip;","_links":{"self":[{"href":"https:\/\/www.kliinikum.ee\/yhendlabor\/wp-json\/wp\/v2\/pages\/13409","targetHints":{"allow":["GET"]}}],"collection":[{"href":"https:\/\/www.kliinikum.ee\/yhendlabor\/wp-json\/wp\/v2\/pages"}],"about":[{"href":"https:\/\/www.kliinikum.ee\/yhendlabor\/wp-json\/wp\/v2\/types\/page"}],"author":[{"embeddable":true,"href":"https:\/\/www.kliinikum.ee\/yhendlabor\/wp-json\/wp\/v2\/users\/38"}],"replies":[{"embeddable":true,"href":"https:\/\/www.kliinikum.ee\/yhendlabor\/wp-json\/wp\/v2\/comments?post=13409"}],"version-history":[{"count":0,"href":"https:\/\/www.kliinikum.ee\/yhendlabor\/wp-json\/wp\/v2\/pages\/13409\/revisions"}],"up":[{"embeddable":true,"href":"https:\/\/www.kliinikum.ee\/yhendlabor\/wp-json\/wp\/v2\/pages\/7286"}],"wp:attachment":[{"href":"https:\/\/www.kliinikum.ee\/yhendlabor\/wp-json\/wp\/v2\/media?parent=13409"}],"curies":[{"name":"wp","href":"https:\/\/api.w.org\/{rel}","templated":true}]}}