{"id":13415,"date":"2025-09-28T18:10:40","date_gmt":"2025-09-28T16:10:40","guid":{"rendered":"https:\/\/www.kliinikum.ee\/yhendlabor\/?page_id=13415"},"modified":"2025-12-09T23:08:49","modified_gmt":"2025-12-09T21:08:49","slug":"valk-sp-prot","status":"publish","type":"page","link":"https:\/\/www.kliinikum.ee\/yhendlabor\/kasiraamat\/kliinilise-keemia-uuringud\/valk-sp-prot\/","title":{"rendered":"Valk (S,P-Prot)"},"content":{"rendered":"\n<p><em>Kliinilise keemia ja laboratoorse hematoloogia osakond<\/em><br><em>Lastekliiniku osakond<\/em><\/p>\n\n\n\n<p>Antud proovi puhul m\u00f5\u00f5detakse <strong>k\u00f5igi seerumis olevate valkude summaarset kontsentratsiooni<\/strong>. Valdav osa neist s\u00fcnteesitakse maksas, immuunglobuliinid B-l\u00fcmfots\u00fc\u00fctides. Valgu tase seerumis s\u00f5ltub nende s\u00fcnteesi ja katabolismi kiirusest, samuti kaotusest ning suhtelisest jaotuvusest intra- ja ekstratsellulaarruumi vahel.<\/p>\n\n\n\n<p class=\"has-medium-font-size\"><strong>Uuritav materjal, selle v\u00f5tmine, saatmine ja s\u00e4ilitamine<\/strong><\/p>\n\n\n\n<figure class=\"wp-block-table is-style-stripes\"><table width=\"100%\"><tbody><tr><td width=\"1%\"><\/td><td width=\"15%\"><strong>Katsuti<\/strong><\/td><td width=\"84%\">Geeli ja h\u00fc\u00fcbimisaktivaatoriga katsuti (punane kollase r\u00f5ngaga v\u00f5i kollane kork) v\u00f5i geeliga LH-katsuti (roheline kollase r\u00f5ngaga v\u00f5i heleroheline kork)<\/td><\/tr><tr><td><\/td><td><strong>S\u00e4ilivus<\/strong><\/td><td>Seerum\/plasma toatemperatuuril kuus p\u00e4eva, +4 \u00b0C \u00fcks kuu, -20 \u00b0C \u00fcks aasta<\/td><\/tr><\/tbody><\/table><\/figure>\n\n\n\n<p class=\"has-medium-font-size\"><strong>Anal\u00fc\u00fcsi tegemise aeg:<\/strong> \u00f6\u00f6p\u00e4evaringselt<\/p>\n\n\n\n<p class=\"has-medium-font-size\"><strong>Anal\u00fc\u00fcsimeetod:<\/strong> kolorimeetriline meetod<\/p>\n\n\n\n<p class=\"has-medium-font-size\"><strong>Referentsv\u00e4\u00e4rtused<\/strong><\/p>\n\n\n\n<figure class=\"wp-block-table\"><table width=\"100%\"><tbody><tr><td width=\"1%\"><\/td><td width=\"30%\"><strong>&lt; 15 p<\/strong><\/td><td width=\"69%\">51\u201380 g\/L<\/td><\/tr><tr><td><\/td><td><strong>15 p \u2013 &lt; 1 a<\/strong><\/td><td>43\u201369 g\/L<\/td><\/tr><tr><td><\/td><td><strong>1 a \u2013 &lt; 6 a<\/strong><\/td><td>59\u201373 g\/L<\/td><\/tr><tr><td><\/td><td><strong>6 a \u2013 &lt; 9 a<\/strong><\/td><td>62\u201375 g\/L<\/td><\/tr><tr><td><\/td><td><strong>9 a \u2013 &lt; 19 a<\/strong><\/td><td>63\u201378 g\/L<\/td><\/tr><tr><td><\/td><td><strong>\u2265 19 a<\/strong><\/td><td>64\u201383 g\/L<\/td><\/tr><\/tbody><\/table><\/figure>\n\n\n\n<p class=\"has-medium-font-size\"><strong>N\u00e4idustus ja kliiniline t\u00e4hendus<\/strong><\/p>\n\n\n\n<p><em>H\u00fcperproteineemia<\/em><\/p>\n\n\n\n<p>Deh\u00fcdratatsioon (vee v\u00e4hene lisandumine v\u00f5i suurenenud kaotus (oksendamine, k\u00f5hulahtisus, Addisoni t\u00f5bi, diabeetiline ketoatsidoos) v\u00f5i immuunglobuliinide suurenenud pol\u00fcklonaalne (kroonilised p\u00f5letikud, maksatsirroos) v\u00f5i monoklonaalne (m\u00fceloom) s\u00fcntees.<\/p>\n\n\n\n<p><em>H\u00fcpoproteineemia<\/em><\/p>\n\n\n\n<p>Suurenenud valgukaotus neerude (nefrootiline s\u00fcndroom), naha (p\u00f5letused) v\u00f5i soole (gastroenteropaatiad) kaudu; valgu v\u00e4henenud lisandumine (n\u00e4lgimine, malabsorptsioonis\u00fcndroom); v\u00e4henenud valgus\u00fcntees (kroonilised maksahaigused); h\u00fcperh\u00fcdratatsioon; suurenenud katabolism (palavik, p\u00f5letik, h\u00fcpert\u00fcreoos, pahaloomulised kasvajad).<\/p>\n\n\n\n<p>Koostaja: Kaja Vaagen<br>Muudetud 19.03.2021<\/p>\n","protected":false},"excerpt":{"rendered":"<p>Kliinilise keemia ja laboratoorse hematoloogia osakondLastekliiniku osakond Antud proovi puhul m\u00f5\u00f5detakse k\u00f5igi seerumis olevate valkude summaarset kontsentratsiooni. Valdav osa neist s\u00fcnteesitakse maksas, immuunglobuliinid B-l\u00fcmfots\u00fc\u00fctides. Valgu tase seerumis s\u00f5ltub nende s\u00fcnteesi ja katabolismi kiirusest, samuti kaotusest ning suhtelisest jaotuvusest intra- ja ekstratsellulaarruumi vahel. Uuritav materjal, selle v\u00f5tmine, saatmine ja s\u00e4ilitamine Katsuti Geeli ja h\u00fc\u00fcbimisaktivaatoriga katsuti (punane [&hellip;]<\/p>\n","protected":false},"author":38,"featured_media":0,"parent":7286,"menu_order":43,"comment_status":"closed","ping_status":"closed","template":"","meta":{"_uag_custom_page_level_css":"","footnotes":""},"class_list":["post-13415","page","type-page","status-publish","hentry"],"acf":[],"yoast_head":"<!-- This site is optimized with the Yoast SEO plugin v27.3 - https:\/\/yoast.com\/product\/yoast-seo-wordpress\/ -->\n<title>Valk (S,P-Prot) - \u00dchendlabor<\/title>\n<meta name=\"robots\" content=\"index, follow, max-snippet:-1, max-image-preview:large, max-video-preview:-1\" \/>\n<link rel=\"canonical\" href=\"https:\/\/www.kliinikum.ee\/yhendlabor\/kasiraamat\/kliinilise-keemia-uuringud\/valk-sp-prot\/\" \/>\n<meta property=\"og:locale\" content=\"et_EE\" \/>\n<meta property=\"og:type\" content=\"article\" \/>\n<meta property=\"og:title\" content=\"Valk (S,P-Prot) - \u00dchendlabor\" \/>\n<meta property=\"og:description\" content=\"Kliinilise keemia ja laboratoorse hematoloogia osakondLastekliiniku osakond Antud proovi puhul m\u00f5\u00f5detakse k\u00f5igi seerumis olevate valkude summaarset kontsentratsiooni. Valdav osa neist s\u00fcnteesitakse maksas, immuunglobuliinid B-l\u00fcmfots\u00fc\u00fctides. Valgu tase seerumis s\u00f5ltub nende s\u00fcnteesi ja katabolismi kiirusest, samuti kaotusest ning suhtelisest jaotuvusest intra- ja ekstratsellulaarruumi vahel. Uuritav materjal, selle v\u00f5tmine, saatmine ja s\u00e4ilitamine Katsuti Geeli ja h\u00fc\u00fcbimisaktivaatoriga katsuti (punane [&hellip;]\" \/>\n<meta property=\"og:url\" content=\"https:\/\/www.kliinikum.ee\/yhendlabor\/kasiraamat\/kliinilise-keemia-uuringud\/valk-sp-prot\/\" \/>\n<meta property=\"og:site_name\" content=\"\u00dchendlabor\" \/>\n<meta property=\"article:modified_time\" content=\"2025-12-09T21:08:49+00:00\" \/>\n<meta name=\"twitter:card\" content=\"summary_large_image\" \/>\n<meta name=\"twitter:label1\" content=\"Est. reading time\" \/>\n\t<meta name=\"twitter:data1\" content=\"1 minut\" \/>\n<script type=\"application\/ld+json\" class=\"yoast-schema-graph\">{\"@context\":\"https:\\\/\\\/schema.org\",\"@graph\":[{\"@type\":\"WebPage\",\"@id\":\"https:\\\/\\\/www.kliinikum.ee\\\/yhendlabor\\\/kasiraamat\\\/kliinilise-keemia-uuringud\\\/valk-sp-prot\\\/\",\"url\":\"https:\\\/\\\/www.kliinikum.ee\\\/yhendlabor\\\/kasiraamat\\\/kliinilise-keemia-uuringud\\\/valk-sp-prot\\\/\",\"name\":\"Valk (S,P-Prot) - \u00dchendlabor\",\"isPartOf\":{\"@id\":\"https:\\\/\\\/www.kliinikum.ee\\\/yhendlabor\\\/#website\"},\"datePublished\":\"2025-09-28T16:10:40+00:00\",\"dateModified\":\"2025-12-09T21:08:49+00:00\",\"breadcrumb\":{\"@id\":\"https:\\\/\\\/www.kliinikum.ee\\\/yhendlabor\\\/kasiraamat\\\/kliinilise-keemia-uuringud\\\/valk-sp-prot\\\/#breadcrumb\"},\"inLanguage\":\"et\",\"potentialAction\":[{\"@type\":\"ReadAction\",\"target\":[\"https:\\\/\\\/www.kliinikum.ee\\\/yhendlabor\\\/kasiraamat\\\/kliinilise-keemia-uuringud\\\/valk-sp-prot\\\/\"]}]},{\"@type\":\"BreadcrumbList\",\"@id\":\"https:\\\/\\\/www.kliinikum.ee\\\/yhendlabor\\\/kasiraamat\\\/kliinilise-keemia-uuringud\\\/valk-sp-prot\\\/#breadcrumb\",\"itemListElement\":[{\"@type\":\"ListItem\",\"position\":1,\"name\":\"Home\",\"item\":\"https:\\\/\\\/www.kliinikum.ee\\\/yhendlabor\\\/\"},{\"@type\":\"ListItem\",\"position\":2,\"name\":\"K\u00e4siraamat\",\"item\":\"https:\\\/\\\/www.kliinikum.ee\\\/yhendlabor\\\/kasiraamat\\\/\"},{\"@type\":\"ListItem\",\"position\":3,\"name\":\"Kliinilise keemia uuringud\",\"item\":\"https:\\\/\\\/www.kliinikum.ee\\\/yhendlabor\\\/kasiraamat\\\/kliinilise-keemia-uuringud\\\/\"},{\"@type\":\"ListItem\",\"position\":4,\"name\":\"Valk (S,P-Prot)\"}]},{\"@type\":\"WebSite\",\"@id\":\"https:\\\/\\\/www.kliinikum.ee\\\/yhendlabor\\\/#website\",\"url\":\"https:\\\/\\\/www.kliinikum.ee\\\/yhendlabor\\\/\",\"name\":\"\u00dchendlabor\",\"description\":\"Hoolivus, Uuendusmeelsus, P\u00e4devus ja Usaldusv\u00e4\u00e4rsus\",\"potentialAction\":[{\"@type\":\"SearchAction\",\"target\":{\"@type\":\"EntryPoint\",\"urlTemplate\":\"https:\\\/\\\/www.kliinikum.ee\\\/yhendlabor\\\/?s={search_term_string}\"},\"query-input\":{\"@type\":\"PropertyValueSpecification\",\"valueRequired\":true,\"valueName\":\"search_term_string\"}}],\"inLanguage\":\"et\"}]}<\/script>\n<!-- \/ Yoast SEO plugin. -->","yoast_head_json":{"title":"Valk (S,P-Prot) - \u00dchendlabor","robots":{"index":"index","follow":"follow","max-snippet":"max-snippet:-1","max-image-preview":"max-image-preview:large","max-video-preview":"max-video-preview:-1"},"canonical":"https:\/\/www.kliinikum.ee\/yhendlabor\/kasiraamat\/kliinilise-keemia-uuringud\/valk-sp-prot\/","og_locale":"et_EE","og_type":"article","og_title":"Valk (S,P-Prot) - \u00dchendlabor","og_description":"Kliinilise keemia ja laboratoorse hematoloogia osakondLastekliiniku osakond Antud proovi puhul m\u00f5\u00f5detakse k\u00f5igi seerumis olevate valkude summaarset kontsentratsiooni. Valdav osa neist s\u00fcnteesitakse maksas, immuunglobuliinid B-l\u00fcmfots\u00fc\u00fctides. Valgu tase seerumis s\u00f5ltub nende s\u00fcnteesi ja katabolismi kiirusest, samuti kaotusest ning suhtelisest jaotuvusest intra- ja ekstratsellulaarruumi vahel. Uuritav materjal, selle v\u00f5tmine, saatmine ja s\u00e4ilitamine Katsuti Geeli ja h\u00fc\u00fcbimisaktivaatoriga katsuti (punane [&hellip;]","og_url":"https:\/\/www.kliinikum.ee\/yhendlabor\/kasiraamat\/kliinilise-keemia-uuringud\/valk-sp-prot\/","og_site_name":"\u00dchendlabor","article_modified_time":"2025-12-09T21:08:49+00:00","twitter_card":"summary_large_image","twitter_misc":{"Est. reading time":"1 minut"},"schema":{"@context":"https:\/\/schema.org","@graph":[{"@type":"WebPage","@id":"https:\/\/www.kliinikum.ee\/yhendlabor\/kasiraamat\/kliinilise-keemia-uuringud\/valk-sp-prot\/","url":"https:\/\/www.kliinikum.ee\/yhendlabor\/kasiraamat\/kliinilise-keemia-uuringud\/valk-sp-prot\/","name":"Valk (S,P-Prot) - \u00dchendlabor","isPartOf":{"@id":"https:\/\/www.kliinikum.ee\/yhendlabor\/#website"},"datePublished":"2025-09-28T16:10:40+00:00","dateModified":"2025-12-09T21:08:49+00:00","breadcrumb":{"@id":"https:\/\/www.kliinikum.ee\/yhendlabor\/kasiraamat\/kliinilise-keemia-uuringud\/valk-sp-prot\/#breadcrumb"},"inLanguage":"et","potentialAction":[{"@type":"ReadAction","target":["https:\/\/www.kliinikum.ee\/yhendlabor\/kasiraamat\/kliinilise-keemia-uuringud\/valk-sp-prot\/"]}]},{"@type":"BreadcrumbList","@id":"https:\/\/www.kliinikum.ee\/yhendlabor\/kasiraamat\/kliinilise-keemia-uuringud\/valk-sp-prot\/#breadcrumb","itemListElement":[{"@type":"ListItem","position":1,"name":"Home","item":"https:\/\/www.kliinikum.ee\/yhendlabor\/"},{"@type":"ListItem","position":2,"name":"K\u00e4siraamat","item":"https:\/\/www.kliinikum.ee\/yhendlabor\/kasiraamat\/"},{"@type":"ListItem","position":3,"name":"Kliinilise keemia uuringud","item":"https:\/\/www.kliinikum.ee\/yhendlabor\/kasiraamat\/kliinilise-keemia-uuringud\/"},{"@type":"ListItem","position":4,"name":"Valk (S,P-Prot)"}]},{"@type":"WebSite","@id":"https:\/\/www.kliinikum.ee\/yhendlabor\/#website","url":"https:\/\/www.kliinikum.ee\/yhendlabor\/","name":"\u00dchendlabor","description":"Hoolivus, Uuendusmeelsus, P\u00e4devus ja Usaldusv\u00e4\u00e4rsus","potentialAction":[{"@type":"SearchAction","target":{"@type":"EntryPoint","urlTemplate":"https:\/\/www.kliinikum.ee\/yhendlabor\/?s={search_term_string}"},"query-input":{"@type":"PropertyValueSpecification","valueRequired":true,"valueName":"search_term_string"}}],"inLanguage":"et"}]}},"uagb_featured_image_src":{"full":false,"thumbnail":false,"medium":false,"medium_large":false,"large":false,"1536x1536":false,"2048x2048":false},"uagb_author_info":{"display_name":"Kadi Siigur","author_link":"https:\/\/www.kliinikum.ee\/yhendlabor\/author\/kadisi\/"},"uagb_comment_info":0,"uagb_excerpt":"Kliinilise keemia ja laboratoorse hematoloogia osakondLastekliiniku osakond Antud proovi puhul m\u00f5\u00f5detakse k\u00f5igi seerumis olevate valkude summaarset kontsentratsiooni. Valdav osa neist s\u00fcnteesitakse maksas, immuunglobuliinid B-l\u00fcmfots\u00fc\u00fctides. Valgu tase seerumis s\u00f5ltub nende s\u00fcnteesi ja katabolismi kiirusest, samuti kaotusest ning suhtelisest jaotuvusest intra- ja ekstratsellulaarruumi vahel. Uuritav materjal, selle v\u00f5tmine, saatmine ja s\u00e4ilitamine Katsuti Geeli ja h\u00fc\u00fcbimisaktivaatoriga katsuti (punane&hellip;","_links":{"self":[{"href":"https:\/\/www.kliinikum.ee\/yhendlabor\/wp-json\/wp\/v2\/pages\/13415","targetHints":{"allow":["GET"]}}],"collection":[{"href":"https:\/\/www.kliinikum.ee\/yhendlabor\/wp-json\/wp\/v2\/pages"}],"about":[{"href":"https:\/\/www.kliinikum.ee\/yhendlabor\/wp-json\/wp\/v2\/types\/page"}],"author":[{"embeddable":true,"href":"https:\/\/www.kliinikum.ee\/yhendlabor\/wp-json\/wp\/v2\/users\/38"}],"replies":[{"embeddable":true,"href":"https:\/\/www.kliinikum.ee\/yhendlabor\/wp-json\/wp\/v2\/comments?post=13415"}],"version-history":[{"count":0,"href":"https:\/\/www.kliinikum.ee\/yhendlabor\/wp-json\/wp\/v2\/pages\/13415\/revisions"}],"up":[{"embeddable":true,"href":"https:\/\/www.kliinikum.ee\/yhendlabor\/wp-json\/wp\/v2\/pages\/7286"}],"wp:attachment":[{"href":"https:\/\/www.kliinikum.ee\/yhendlabor\/wp-json\/wp\/v2\/media?parent=13415"}],"curies":[{"name":"wp","href":"https:\/\/api.w.org\/{rel}","templated":true}]}}