{"id":13420,"date":"2025-10-01T15:55:10","date_gmt":"2025-10-01T13:55:10","guid":{"rendered":"https:\/\/www.kliinikum.ee\/yhendlabor\/?page_id=13420"},"modified":"2025-11-29T18:05:14","modified_gmt":"2025-11-29T16:05:14","slug":"dialuusivedeliku-uuringud","status":"publish","type":"page","link":"https:\/\/www.kliinikum.ee\/yhendlabor\/kasiraamat\/kehavedelike-uuringud\/dialuusivedeliku-uuringud\/","title":{"rendered":"Dial\u00fc\u00fcsivedeliku uuringud"},"content":{"rendered":"\n<p><em>Kliinilise keemia osakond, tel. 731 8316<\/em><\/p>\n\n\n\n<p class=\"has-medium-font-size\"><strong>Anal\u00fc\u00fcsid:<\/strong><\/p>\n\n\n\n<figure class=\"wp-block-table is-style-stripes\"><table width=\"100%\"><tbody><tr><td width=\"1%\"><\/td><td width=\"69%\">Uurea dial\u00fc\u00fcsivedelikus<\/td><td width=\"30%\">DiaF-Urea<\/td><\/tr><tr><td><\/td><td>Kreatiniin dial\u00fc\u00fcsivedelikus<\/td><td>DiaF-Crea<\/td><\/tr><tr><td><\/td><td>Gl\u00fckoos dial\u00fc\u00fcsivedelikus<\/td><td>DiaF-Gluc<\/td><\/tr><\/tbody><\/table><\/figure>\n\n\n\n<p>Dial\u00fc\u00fcsi on v\u00f5imalik l\u00e4bi viia kahel viisil: hemodial\u00fc\u00fcs v\u00f5i peritoneaaldial\u00fc\u00fcs. Laboratoorselt uuritakse vaid peritoneaaldial\u00fc\u00fcsivedelikku.<\/p>\n\n\n\n<p class=\"has-medium-font-size\"><strong>Uuritav materjal, selle v\u00f5tmine, saatmine ja s\u00e4ilitamine<\/strong><\/p>\n\n\n\n<figure class=\"wp-block-table is-style-stripes\"><table width=\"100%\"><tbody><tr><td width=\"1%\"><\/td><td width=\"15%\"><strong>Proovin\u00f5u<\/strong><\/td><td width=\"84%\">&nbsp;Proovitops (50 mL)<\/td><\/tr><tr><td><\/td><td><strong>S\u00e4ilivus<\/strong><\/td><td>&nbsp;Toimetada koheselt laborisse<\/td><\/tr><\/tbody><\/table><\/figure>\n\n\n\n<p class=\"has-medium-font-size\"><strong>Anal\u00fc\u00fcsi tegemise aeg: <\/strong>\u00f6\u00f6p\u00e4evaringselt<\/p>\n\n\n\n<p class=\"has-medium-font-size\"><strong>Anal\u00fc\u00fcsimeetod<\/strong><\/p>\n\n\n\n<p>DiaF-Gluc: ens\u00fcmaatiline meetod heksokinaasiga<\/p>\n\n\n\n<p>DiaF-Crea: kineetiline kolorimeetriline meetod (Jaff\u00e9 kompenseeritud meetod)<\/p>\n\n\n\n<p>DiaF-Urea: kineetiline fotomeetriline meetod<\/p>\n\n\n\n<p class=\"has-medium-font-size\"><strong>N\u00e4idustus ja kliiniline t\u00e4hendus<\/strong><\/p>\n\n\n\n<p>Ravi efektiivsuse hindamine ning optimaalse raviskeemi leidmine peritoneaaldial\u00fc\u00fcsi korral.<\/p>\n\n\n\n<p>Peritoneaaldial\u00fc\u00fcsi efektiivsuse hindamiseks kasutatakse uurea n\u00e4dalast kogukliirensit (renaalse kliirensi ja dial\u00fc\u00fcsi kliirensi summa). Vajalik on m\u00e4\u00e4rata uurea kontsentratsioon nii seerumis\/plasmas kui ka \u00f6\u00f6p\u00e4evases dial\u00fc\u00fcsivedelikus ning teada \u00f6\u00f6p\u00e4evast dial\u00fc\u00fcsivedeliku kogust. S\u00e4ilinud uriini erituse korral on vajalik koguda \u00f6\u00f6p\u00e4evane uriin ning m\u00e4\u00e4rata selles uurea kontsentratsioon renaalse uurea kliirensi arvutamiseks. Uurea n\u00e4dalane kogukliirens peaks olema \u2265 1,7. Hinnangu andmine dial\u00fc\u00fcsi efektiivsusele toimub nefroloogi poolt.<\/p>\n\n\n\n<p>Optimaalse dial\u00fc\u00fcsire\u017eiimi leidmiseks on vaja k\u00f5igil patsientidel p\u00e4rast ravi alustamist ning hiljem kord aastas teostada PET (<em>Peritoneal Equilibrium Test<\/em>) test. Viimane p\u00f5hineb gl\u00fckoosi, kreatiniini ja uurea m\u00e4\u00e4ramisel dreenitud dial\u00fc\u00fcsivedelikus erinevatel ajahetkedel p\u00e4rast dial\u00fc\u00fcsilahuse viimist k\u00f5hu\u00f5\u00f5nde. Hinnangu andmine PET-testile toimub spetsiaalse tarkvara abil nefroloogi poolt.<\/p>\n\n\n\n<p>Koostaja: Katrin Reimand<\/p>\n","protected":false},"excerpt":{"rendered":"<p>Kliinilise keemia osakond, tel. 731 8316 Anal\u00fc\u00fcsid: Uurea dial\u00fc\u00fcsivedelikus DiaF-Urea Kreatiniin dial\u00fc\u00fcsivedelikus DiaF-Crea Gl\u00fckoos dial\u00fc\u00fcsivedelikus DiaF-Gluc Dial\u00fc\u00fcsi on v\u00f5imalik l\u00e4bi viia kahel viisil: hemodial\u00fc\u00fcs v\u00f5i peritoneaaldial\u00fc\u00fcs. Laboratoorselt uuritakse vaid peritoneaaldial\u00fc\u00fcsivedelikku. Uuritav materjal, selle v\u00f5tmine, saatmine ja s\u00e4ilitamine Proovin\u00f5u &nbsp;Proovitops (50 mL) S\u00e4ilivus &nbsp;Toimetada koheselt laborisse Anal\u00fc\u00fcsi tegemise aeg: \u00f6\u00f6p\u00e4evaringselt Anal\u00fc\u00fcsimeetod DiaF-Gluc: ens\u00fcmaatiline meetod heksokinaasiga DiaF-Crea: [&hellip;]<\/p>\n","protected":false},"author":38,"featured_media":0,"parent":7283,"menu_order":0,"comment_status":"closed","ping_status":"closed","template":"","meta":{"_uag_custom_page_level_css":"","footnotes":""},"class_list":["post-13420","page","type-page","status-publish","hentry"],"acf":[],"yoast_head":"<!-- This site is optimized with the Yoast SEO plugin v27.3 - https:\/\/yoast.com\/product\/yoast-seo-wordpress\/ -->\n<title>Dial\u00fc\u00fcsivedeliku uuringud - \u00dchendlabor<\/title>\n<meta name=\"robots\" content=\"index, follow, max-snippet:-1, max-image-preview:large, max-video-preview:-1\" \/>\n<link rel=\"canonical\" href=\"https:\/\/www.kliinikum.ee\/yhendlabor\/kasiraamat\/kehavedelike-uuringud\/dialuusivedeliku-uuringud\/\" \/>\n<meta property=\"og:locale\" content=\"et_EE\" \/>\n<meta property=\"og:type\" content=\"article\" \/>\n<meta property=\"og:title\" content=\"Dial\u00fc\u00fcsivedeliku uuringud - \u00dchendlabor\" \/>\n<meta property=\"og:description\" content=\"Kliinilise keemia osakond, tel. 731 8316 Anal\u00fc\u00fcsid: Uurea dial\u00fc\u00fcsivedelikus DiaF-Urea Kreatiniin dial\u00fc\u00fcsivedelikus DiaF-Crea Gl\u00fckoos dial\u00fc\u00fcsivedelikus DiaF-Gluc Dial\u00fc\u00fcsi on v\u00f5imalik l\u00e4bi viia kahel viisil: hemodial\u00fc\u00fcs v\u00f5i peritoneaaldial\u00fc\u00fcs. Laboratoorselt uuritakse vaid peritoneaaldial\u00fc\u00fcsivedelikku. Uuritav materjal, selle v\u00f5tmine, saatmine ja s\u00e4ilitamine Proovin\u00f5u &nbsp;Proovitops (50 mL) S\u00e4ilivus &nbsp;Toimetada koheselt laborisse Anal\u00fc\u00fcsi tegemise aeg: \u00f6\u00f6p\u00e4evaringselt Anal\u00fc\u00fcsimeetod DiaF-Gluc: ens\u00fcmaatiline meetod heksokinaasiga DiaF-Crea: [&hellip;]\" \/>\n<meta property=\"og:url\" content=\"https:\/\/www.kliinikum.ee\/yhendlabor\/kasiraamat\/kehavedelike-uuringud\/dialuusivedeliku-uuringud\/\" \/>\n<meta property=\"og:site_name\" content=\"\u00dchendlabor\" \/>\n<meta property=\"article:modified_time\" content=\"2025-11-29T16:05:14+00:00\" \/>\n<meta name=\"twitter:card\" content=\"summary_large_image\" \/>\n<meta name=\"twitter:label1\" content=\"Est. reading time\" \/>\n\t<meta name=\"twitter:data1\" content=\"2 minutit\" \/>\n<script type=\"application\/ld+json\" class=\"yoast-schema-graph\">{\"@context\":\"https:\\\/\\\/schema.org\",\"@graph\":[{\"@type\":\"WebPage\",\"@id\":\"https:\\\/\\\/www.kliinikum.ee\\\/yhendlabor\\\/kasiraamat\\\/kehavedelike-uuringud\\\/dialuusivedeliku-uuringud\\\/\",\"url\":\"https:\\\/\\\/www.kliinikum.ee\\\/yhendlabor\\\/kasiraamat\\\/kehavedelike-uuringud\\\/dialuusivedeliku-uuringud\\\/\",\"name\":\"Dial\u00fc\u00fcsivedeliku uuringud - \u00dchendlabor\",\"isPartOf\":{\"@id\":\"https:\\\/\\\/www.kliinikum.ee\\\/yhendlabor\\\/#website\"},\"datePublished\":\"2025-10-01T13:55:10+00:00\",\"dateModified\":\"2025-11-29T16:05:14+00:00\",\"breadcrumb\":{\"@id\":\"https:\\\/\\\/www.kliinikum.ee\\\/yhendlabor\\\/kasiraamat\\\/kehavedelike-uuringud\\\/dialuusivedeliku-uuringud\\\/#breadcrumb\"},\"inLanguage\":\"et\",\"potentialAction\":[{\"@type\":\"ReadAction\",\"target\":[\"https:\\\/\\\/www.kliinikum.ee\\\/yhendlabor\\\/kasiraamat\\\/kehavedelike-uuringud\\\/dialuusivedeliku-uuringud\\\/\"]}]},{\"@type\":\"BreadcrumbList\",\"@id\":\"https:\\\/\\\/www.kliinikum.ee\\\/yhendlabor\\\/kasiraamat\\\/kehavedelike-uuringud\\\/dialuusivedeliku-uuringud\\\/#breadcrumb\",\"itemListElement\":[{\"@type\":\"ListItem\",\"position\":1,\"name\":\"Home\",\"item\":\"https:\\\/\\\/www.kliinikum.ee\\\/yhendlabor\\\/\"},{\"@type\":\"ListItem\",\"position\":2,\"name\":\"K\u00e4siraamat\",\"item\":\"https:\\\/\\\/www.kliinikum.ee\\\/yhendlabor\\\/kasiraamat\\\/\"},{\"@type\":\"ListItem\",\"position\":3,\"name\":\"Kehavedelike uuringud\",\"item\":\"https:\\\/\\\/www.kliinikum.ee\\\/yhendlabor\\\/kasiraamat\\\/kehavedelike-uuringud\\\/\"},{\"@type\":\"ListItem\",\"position\":4,\"name\":\"Dial\u00fc\u00fcsivedeliku uuringud\"}]},{\"@type\":\"WebSite\",\"@id\":\"https:\\\/\\\/www.kliinikum.ee\\\/yhendlabor\\\/#website\",\"url\":\"https:\\\/\\\/www.kliinikum.ee\\\/yhendlabor\\\/\",\"name\":\"\u00dchendlabor\",\"description\":\"Hoolivus, Uuendusmeelsus, P\u00e4devus ja Usaldusv\u00e4\u00e4rsus\",\"potentialAction\":[{\"@type\":\"SearchAction\",\"target\":{\"@type\":\"EntryPoint\",\"urlTemplate\":\"https:\\\/\\\/www.kliinikum.ee\\\/yhendlabor\\\/?s={search_term_string}\"},\"query-input\":{\"@type\":\"PropertyValueSpecification\",\"valueRequired\":true,\"valueName\":\"search_term_string\"}}],\"inLanguage\":\"et\"}]}<\/script>\n<!-- \/ Yoast SEO plugin. -->","yoast_head_json":{"title":"Dial\u00fc\u00fcsivedeliku uuringud - \u00dchendlabor","robots":{"index":"index","follow":"follow","max-snippet":"max-snippet:-1","max-image-preview":"max-image-preview:large","max-video-preview":"max-video-preview:-1"},"canonical":"https:\/\/www.kliinikum.ee\/yhendlabor\/kasiraamat\/kehavedelike-uuringud\/dialuusivedeliku-uuringud\/","og_locale":"et_EE","og_type":"article","og_title":"Dial\u00fc\u00fcsivedeliku uuringud - \u00dchendlabor","og_description":"Kliinilise keemia osakond, tel. 731 8316 Anal\u00fc\u00fcsid: Uurea dial\u00fc\u00fcsivedelikus DiaF-Urea Kreatiniin dial\u00fc\u00fcsivedelikus DiaF-Crea Gl\u00fckoos dial\u00fc\u00fcsivedelikus DiaF-Gluc Dial\u00fc\u00fcsi on v\u00f5imalik l\u00e4bi viia kahel viisil: hemodial\u00fc\u00fcs v\u00f5i peritoneaaldial\u00fc\u00fcs. Laboratoorselt uuritakse vaid peritoneaaldial\u00fc\u00fcsivedelikku. Uuritav materjal, selle v\u00f5tmine, saatmine ja s\u00e4ilitamine Proovin\u00f5u &nbsp;Proovitops (50 mL) S\u00e4ilivus &nbsp;Toimetada koheselt laborisse Anal\u00fc\u00fcsi tegemise aeg: \u00f6\u00f6p\u00e4evaringselt Anal\u00fc\u00fcsimeetod DiaF-Gluc: ens\u00fcmaatiline meetod heksokinaasiga DiaF-Crea: [&hellip;]","og_url":"https:\/\/www.kliinikum.ee\/yhendlabor\/kasiraamat\/kehavedelike-uuringud\/dialuusivedeliku-uuringud\/","og_site_name":"\u00dchendlabor","article_modified_time":"2025-11-29T16:05:14+00:00","twitter_card":"summary_large_image","twitter_misc":{"Est. reading time":"2 minutit"},"schema":{"@context":"https:\/\/schema.org","@graph":[{"@type":"WebPage","@id":"https:\/\/www.kliinikum.ee\/yhendlabor\/kasiraamat\/kehavedelike-uuringud\/dialuusivedeliku-uuringud\/","url":"https:\/\/www.kliinikum.ee\/yhendlabor\/kasiraamat\/kehavedelike-uuringud\/dialuusivedeliku-uuringud\/","name":"Dial\u00fc\u00fcsivedeliku uuringud - \u00dchendlabor","isPartOf":{"@id":"https:\/\/www.kliinikum.ee\/yhendlabor\/#website"},"datePublished":"2025-10-01T13:55:10+00:00","dateModified":"2025-11-29T16:05:14+00:00","breadcrumb":{"@id":"https:\/\/www.kliinikum.ee\/yhendlabor\/kasiraamat\/kehavedelike-uuringud\/dialuusivedeliku-uuringud\/#breadcrumb"},"inLanguage":"et","potentialAction":[{"@type":"ReadAction","target":["https:\/\/www.kliinikum.ee\/yhendlabor\/kasiraamat\/kehavedelike-uuringud\/dialuusivedeliku-uuringud\/"]}]},{"@type":"BreadcrumbList","@id":"https:\/\/www.kliinikum.ee\/yhendlabor\/kasiraamat\/kehavedelike-uuringud\/dialuusivedeliku-uuringud\/#breadcrumb","itemListElement":[{"@type":"ListItem","position":1,"name":"Home","item":"https:\/\/www.kliinikum.ee\/yhendlabor\/"},{"@type":"ListItem","position":2,"name":"K\u00e4siraamat","item":"https:\/\/www.kliinikum.ee\/yhendlabor\/kasiraamat\/"},{"@type":"ListItem","position":3,"name":"Kehavedelike uuringud","item":"https:\/\/www.kliinikum.ee\/yhendlabor\/kasiraamat\/kehavedelike-uuringud\/"},{"@type":"ListItem","position":4,"name":"Dial\u00fc\u00fcsivedeliku uuringud"}]},{"@type":"WebSite","@id":"https:\/\/www.kliinikum.ee\/yhendlabor\/#website","url":"https:\/\/www.kliinikum.ee\/yhendlabor\/","name":"\u00dchendlabor","description":"Hoolivus, Uuendusmeelsus, P\u00e4devus ja Usaldusv\u00e4\u00e4rsus","potentialAction":[{"@type":"SearchAction","target":{"@type":"EntryPoint","urlTemplate":"https:\/\/www.kliinikum.ee\/yhendlabor\/?s={search_term_string}"},"query-input":{"@type":"PropertyValueSpecification","valueRequired":true,"valueName":"search_term_string"}}],"inLanguage":"et"}]}},"uagb_featured_image_src":{"full":false,"thumbnail":false,"medium":false,"medium_large":false,"large":false,"1536x1536":false,"2048x2048":false},"uagb_author_info":{"display_name":"Kadi Siigur","author_link":"https:\/\/www.kliinikum.ee\/yhendlabor\/author\/kadisi\/"},"uagb_comment_info":0,"uagb_excerpt":"Kliinilise keemia osakond, tel. 731 8316 Anal\u00fc\u00fcsid: Uurea dial\u00fc\u00fcsivedelikus DiaF-Urea Kreatiniin dial\u00fc\u00fcsivedelikus DiaF-Crea Gl\u00fckoos dial\u00fc\u00fcsivedelikus DiaF-Gluc Dial\u00fc\u00fcsi on v\u00f5imalik l\u00e4bi viia kahel viisil: hemodial\u00fc\u00fcs v\u00f5i peritoneaaldial\u00fc\u00fcs. Laboratoorselt uuritakse vaid peritoneaaldial\u00fc\u00fcsivedelikku. Uuritav materjal, selle v\u00f5tmine, saatmine ja s\u00e4ilitamine Proovin\u00f5u &nbsp;Proovitops (50 mL) S\u00e4ilivus &nbsp;Toimetada koheselt laborisse Anal\u00fc\u00fcsi tegemise aeg: \u00f6\u00f6p\u00e4evaringselt Anal\u00fc\u00fcsimeetod DiaF-Gluc: ens\u00fcmaatiline meetod heksokinaasiga DiaF-Crea:&hellip;","_links":{"self":[{"href":"https:\/\/www.kliinikum.ee\/yhendlabor\/wp-json\/wp\/v2\/pages\/13420","targetHints":{"allow":["GET"]}}],"collection":[{"href":"https:\/\/www.kliinikum.ee\/yhendlabor\/wp-json\/wp\/v2\/pages"}],"about":[{"href":"https:\/\/www.kliinikum.ee\/yhendlabor\/wp-json\/wp\/v2\/types\/page"}],"author":[{"embeddable":true,"href":"https:\/\/www.kliinikum.ee\/yhendlabor\/wp-json\/wp\/v2\/users\/38"}],"replies":[{"embeddable":true,"href":"https:\/\/www.kliinikum.ee\/yhendlabor\/wp-json\/wp\/v2\/comments?post=13420"}],"version-history":[{"count":0,"href":"https:\/\/www.kliinikum.ee\/yhendlabor\/wp-json\/wp\/v2\/pages\/13420\/revisions"}],"up":[{"embeddable":true,"href":"https:\/\/www.kliinikum.ee\/yhendlabor\/wp-json\/wp\/v2\/pages\/7283"}],"wp:attachment":[{"href":"https:\/\/www.kliinikum.ee\/yhendlabor\/wp-json\/wp\/v2\/media?parent=13420"}],"curies":[{"name":"wp","href":"https:\/\/api.w.org\/{rel}","templated":true}]}}