{"id":13626,"date":"2025-10-14T11:40:06","date_gmt":"2025-10-14T09:40:06","guid":{"rendered":"https:\/\/www.kliinikum.ee\/yhendlabor\/?page_id=13626"},"modified":"2025-11-26T21:24:40","modified_gmt":"2025-11-26T19:24:40","slug":"gastriin-s-gastr","status":"publish","type":"page","link":"https:\/\/www.kliinikum.ee\/yhendlabor\/kasiraamat\/kasvajamarkerite-uuringud\/gastriin-s-gastr\/","title":{"rendered":"Gastriin (S-Gastr)"},"content":{"rendered":"\n<p><em>Kliinilise keemia ja laboratoorse hematoloogia osakond<\/em><\/p>\n\n\n\n<p><strong>Gastriin <\/strong>on peamine gastrointestinaalne hormoon, mida s\u00fcnteesitakse peamiselt mao antrumi limaskestas ja mis stimuleerib maos soolhappe sekretsiooni, aga ka silelihaste kokkut\u00f5mbeid ning pepsiini ja sisemise faktori vabanemist. Hormoonil on mitu molekulaarset vormi, mis erinevad pol\u00fcpeptiidahela pikkuse poolest. Kolm peamist vormi on gastriin-17, gastriin-34 ja gastriin-14. Produktsiooni reguleerib mao keskkonna pH tase \u2013 kui pH t\u00f5useb, siis gastriini produktsioon suureneb ja vastupidi.<\/p>\n\n\n\n<p>Gastrinoom on neuroendokriinne kasvaja, mis toodab suures hulgas gastriini, v\u00e4hemal m\u00e4\u00e4ral ka teisi hormoone. Tagaj\u00e4rjeks on mao soolhappe produktsiooni suurenemine ja maohaavandite teke (Zollinger-Ellisoni s\u00fcndroom). Kasvaja paikneb k\u00f5ige sagedamini pankreases (20\u201340%) v\u00f5i kaksteists\u00f5rmiksooles (50\u201370%), aga ka maos. Umbes 25% gastronoomidest on seotud MEN1-s\u00fcndroomiga.<\/p>\n\n\n\n<p class=\"has-medium-font-size\"><strong>Uuritav materjal, selle v\u00f5tmine, saatmine ja s\u00e4ilitamine<\/strong><\/p>\n\n\n\n<p>Enne proovi v\u00f5tmist peab patsient paastuma v\u00e4hemalt 8 tundi, vastasel juhul ei ole tulemused interpreteeritavad!<\/p>\n\n\n\n<p>Proov tuleb koheselt toimetada laborisse seerumi eraldamiseks ja s\u00fcgavk\u00fclmutamiseks!<\/p>\n\n\n\n<figure class=\"wp-block-table is-style-stripes\"><table width=\"100%\"><tbody><tr><td width=\"1%\"><\/td><td width=\"15%\"><strong>Katsuti<\/strong><\/td><td width=\"84%\">Geeli ja h\u00fc\u00fcbimisaktivaatoriga katsuti (punane kollase r\u00f5ngaga v\u00f5i kollane kork)<\/td><\/tr><tr><td><\/td><td><strong>S\u00e4ilivus<\/strong><\/td><td>Seerum +4 \u00b0C neli tundi, -20 \u00b0C \u00fcks kuu<\/td><\/tr><\/tbody><\/table><\/figure>\n\n\n\n<p>Prootonpumba inhibiitorite ja opioidide manustamine tuleb katkestada 2 n\u00e4dalat enne proovi v\u00f5tmist. Proovi pole soovitav v\u00f5tta ka peale gastroskoopiat.<\/p>\n\n\n\n<p class=\"has-medium-font-size\"><strong>Anal\u00fc\u00fcsi tegemise aeg:<\/strong> kaks korda n\u00e4dalas<\/p>\n\n\n\n<p class=\"has-medium-font-size\"><strong>Anal\u00fc\u00fcsimeetod: <\/strong>kemoluminestsents-immuunmeetod (CLIA)<\/p>\n\n\n\n<p class=\"has-medium-font-size\"><strong>Referentsv\u00e4\u00e4rtused<\/strong><\/p>\n\n\n\n<p>Referentsv\u00e4\u00e4rtused kehtivad ainult paastuproovide korral! L\u00fchem paastuperiood kui 8 tundi v\u00f5ib t\u00f5sta gastriini taset 50\u201360%.<\/p>\n\n\n\n<figure class=\"wp-block-table\"><table width=\"100%\"><tbody><tr><td width=\"1%\"><\/td><td width=\"30%\"><strong>K\u00f5ik vanusegrupid<\/strong><\/td><td width=\"69%\">6,2\u201354,8 pmol\/L<\/td><\/tr><\/tbody><\/table><\/figure>\n\n\n\n<p class=\"has-medium-font-size\"><strong>N\u00e4idustus ja kliiniline t\u00e4hendus<\/strong><\/p>\n\n\n\n<p>Gastrinoomi ja Zollinger-Ellisoni s\u00fcndroomi diagnostika. Lisauuring aklorh\u00fc\u00fcdria ja pernitsioosse aneemia diagnostikas.<\/p>\n\n\n\n<p>Gastrinoomi puhul on gastriini tase tunduvalt t\u00f5usnud, \u00fcletades tugevasti tervete inimeste \u00fclemise referentspiiri (sageli \u00fcle 190 pmol\/L).<\/p>\n\n\n\n<p>K\u00f5ige sagedasem h\u00fcpergastrineemia p\u00f5hjus on aklorh\u00fc\u00fcdria (soolhappetus). Sagedamini p\u00f5hjustavad aklorh\u00fc\u00fcdriat gastroduodenaalhaavandi ravi, mitteultseratiivne d\u00fcspepsia, gastro\u00f6sofageaalne refluks, lisaks atroofiline gastriit, maohaavand, maov\u00e4hk, vagotoomia.<\/p>\n\n\n\n<p>Teised h\u00fcpergastrineemia p\u00f5hjused on p\u00fc\u00fcloruse obstruktsioon, <em>bypass<\/em>-operatsioonid, dumping s\u00fcndroom, mao resektsioon. Harvadel juhtudel on p\u00f5hjuseks diabeet, autonoomne neuropaatia gastropareesiga, feokromots\u00fctoom, t\u00fcreotoksikoos, paraneoplastilised s\u00fcndroomid.<\/p>\n\n\n\n<p>Teiste h\u00fcpergastrineemia p\u00f5hjuste eristamiseks gastrinoomist kasutatakse provokatsiooniteste, nt sekretiini infusiooni, mille tagaj\u00e4rjel gastrinoomiga patsientide gastriini tase t\u00f5useb m\u00e4rgatavalt.<\/p>\n\n\n\n<p>H\u00fcpogastrineemia p\u00f5hjused: antrektoomia, h\u00fcpot\u00fcreoos.<\/p>\n\n\n\n<p>Koostaja: Kaja Vaagen<\/p>\n","protected":false},"excerpt":{"rendered":"<p>Kliinilise keemia ja laboratoorse hematoloogia osakond Gastriin on peamine gastrointestinaalne hormoon, mida s\u00fcnteesitakse peamiselt mao antrumi limaskestas ja mis stimuleerib maos soolhappe sekretsiooni, aga ka silelihaste kokkut\u00f5mbeid ning pepsiini ja sisemise faktori vabanemist. Hormoonil on mitu molekulaarset vormi, mis erinevad pol\u00fcpeptiidahela pikkuse poolest. Kolm peamist vormi on gastriin-17, gastriin-34 ja gastriin-14. Produktsiooni reguleerib mao keskkonna [&hellip;]<\/p>\n","protected":false},"author":38,"featured_media":0,"parent":7280,"menu_order":4,"comment_status":"closed","ping_status":"closed","template":"","meta":{"_uag_custom_page_level_css":"","footnotes":""},"class_list":["post-13626","page","type-page","status-publish","hentry"],"acf":[],"yoast_head":"<!-- This site is optimized with the Yoast SEO plugin v27.3 - https:\/\/yoast.com\/product\/yoast-seo-wordpress\/ -->\n<title>Gastriin (S-Gastr) - \u00dchendlabor<\/title>\n<meta name=\"robots\" content=\"index, follow, max-snippet:-1, max-image-preview:large, max-video-preview:-1\" \/>\n<link rel=\"canonical\" href=\"https:\/\/www.kliinikum.ee\/yhendlabor\/kasiraamat\/kasvajamarkerite-uuringud\/gastriin-s-gastr\/\" \/>\n<meta property=\"og:locale\" content=\"et_EE\" \/>\n<meta property=\"og:type\" content=\"article\" \/>\n<meta property=\"og:title\" content=\"Gastriin (S-Gastr) - \u00dchendlabor\" \/>\n<meta property=\"og:description\" content=\"Kliinilise keemia ja laboratoorse hematoloogia osakond Gastriin on peamine gastrointestinaalne hormoon, mida s\u00fcnteesitakse peamiselt mao antrumi limaskestas ja mis stimuleerib maos soolhappe sekretsiooni, aga ka silelihaste kokkut\u00f5mbeid ning pepsiini ja sisemise faktori vabanemist. Hormoonil on mitu molekulaarset vormi, mis erinevad pol\u00fcpeptiidahela pikkuse poolest. Kolm peamist vormi on gastriin-17, gastriin-34 ja gastriin-14. Produktsiooni reguleerib mao keskkonna [&hellip;]\" \/>\n<meta property=\"og:url\" content=\"https:\/\/www.kliinikum.ee\/yhendlabor\/kasiraamat\/kasvajamarkerite-uuringud\/gastriin-s-gastr\/\" \/>\n<meta property=\"og:site_name\" content=\"\u00dchendlabor\" \/>\n<meta property=\"article:modified_time\" content=\"2025-11-26T19:24:40+00:00\" \/>\n<meta name=\"twitter:card\" content=\"summary_large_image\" \/>\n<meta name=\"twitter:label1\" content=\"Est. reading time\" \/>\n\t<meta name=\"twitter:data1\" content=\"2 minutit\" \/>\n<script type=\"application\/ld+json\" class=\"yoast-schema-graph\">{\"@context\":\"https:\\\/\\\/schema.org\",\"@graph\":[{\"@type\":\"WebPage\",\"@id\":\"https:\\\/\\\/www.kliinikum.ee\\\/yhendlabor\\\/kasiraamat\\\/kasvajamarkerite-uuringud\\\/gastriin-s-gastr\\\/\",\"url\":\"https:\\\/\\\/www.kliinikum.ee\\\/yhendlabor\\\/kasiraamat\\\/kasvajamarkerite-uuringud\\\/gastriin-s-gastr\\\/\",\"name\":\"Gastriin (S-Gastr) - \u00dchendlabor\",\"isPartOf\":{\"@id\":\"https:\\\/\\\/www.kliinikum.ee\\\/yhendlabor\\\/#website\"},\"datePublished\":\"2025-10-14T09:40:06+00:00\",\"dateModified\":\"2025-11-26T19:24:40+00:00\",\"breadcrumb\":{\"@id\":\"https:\\\/\\\/www.kliinikum.ee\\\/yhendlabor\\\/kasiraamat\\\/kasvajamarkerite-uuringud\\\/gastriin-s-gastr\\\/#breadcrumb\"},\"inLanguage\":\"et\",\"potentialAction\":[{\"@type\":\"ReadAction\",\"target\":[\"https:\\\/\\\/www.kliinikum.ee\\\/yhendlabor\\\/kasiraamat\\\/kasvajamarkerite-uuringud\\\/gastriin-s-gastr\\\/\"]}]},{\"@type\":\"BreadcrumbList\",\"@id\":\"https:\\\/\\\/www.kliinikum.ee\\\/yhendlabor\\\/kasiraamat\\\/kasvajamarkerite-uuringud\\\/gastriin-s-gastr\\\/#breadcrumb\",\"itemListElement\":[{\"@type\":\"ListItem\",\"position\":1,\"name\":\"Home\",\"item\":\"https:\\\/\\\/www.kliinikum.ee\\\/yhendlabor\\\/\"},{\"@type\":\"ListItem\",\"position\":2,\"name\":\"K\u00e4siraamat\",\"item\":\"https:\\\/\\\/www.kliinikum.ee\\\/yhendlabor\\\/kasiraamat\\\/\"},{\"@type\":\"ListItem\",\"position\":3,\"name\":\"Kasvajamarkerite uuringud\",\"item\":\"https:\\\/\\\/www.kliinikum.ee\\\/yhendlabor\\\/kasiraamat\\\/kasvajamarkerite-uuringud\\\/\"},{\"@type\":\"ListItem\",\"position\":4,\"name\":\"Gastriin (S-Gastr)\"}]},{\"@type\":\"WebSite\",\"@id\":\"https:\\\/\\\/www.kliinikum.ee\\\/yhendlabor\\\/#website\",\"url\":\"https:\\\/\\\/www.kliinikum.ee\\\/yhendlabor\\\/\",\"name\":\"\u00dchendlabor\",\"description\":\"Hoolivus, Uuendusmeelsus, P\u00e4devus ja Usaldusv\u00e4\u00e4rsus\",\"potentialAction\":[{\"@type\":\"SearchAction\",\"target\":{\"@type\":\"EntryPoint\",\"urlTemplate\":\"https:\\\/\\\/www.kliinikum.ee\\\/yhendlabor\\\/?s={search_term_string}\"},\"query-input\":{\"@type\":\"PropertyValueSpecification\",\"valueRequired\":true,\"valueName\":\"search_term_string\"}}],\"inLanguage\":\"et\"}]}<\/script>\n<!-- \/ Yoast SEO plugin. -->","yoast_head_json":{"title":"Gastriin (S-Gastr) - \u00dchendlabor","robots":{"index":"index","follow":"follow","max-snippet":"max-snippet:-1","max-image-preview":"max-image-preview:large","max-video-preview":"max-video-preview:-1"},"canonical":"https:\/\/www.kliinikum.ee\/yhendlabor\/kasiraamat\/kasvajamarkerite-uuringud\/gastriin-s-gastr\/","og_locale":"et_EE","og_type":"article","og_title":"Gastriin (S-Gastr) - \u00dchendlabor","og_description":"Kliinilise keemia ja laboratoorse hematoloogia osakond Gastriin on peamine gastrointestinaalne hormoon, mida s\u00fcnteesitakse peamiselt mao antrumi limaskestas ja mis stimuleerib maos soolhappe sekretsiooni, aga ka silelihaste kokkut\u00f5mbeid ning pepsiini ja sisemise faktori vabanemist. Hormoonil on mitu molekulaarset vormi, mis erinevad pol\u00fcpeptiidahela pikkuse poolest. Kolm peamist vormi on gastriin-17, gastriin-34 ja gastriin-14. Produktsiooni reguleerib mao keskkonna [&hellip;]","og_url":"https:\/\/www.kliinikum.ee\/yhendlabor\/kasiraamat\/kasvajamarkerite-uuringud\/gastriin-s-gastr\/","og_site_name":"\u00dchendlabor","article_modified_time":"2025-11-26T19:24:40+00:00","twitter_card":"summary_large_image","twitter_misc":{"Est. reading time":"2 minutit"},"schema":{"@context":"https:\/\/schema.org","@graph":[{"@type":"WebPage","@id":"https:\/\/www.kliinikum.ee\/yhendlabor\/kasiraamat\/kasvajamarkerite-uuringud\/gastriin-s-gastr\/","url":"https:\/\/www.kliinikum.ee\/yhendlabor\/kasiraamat\/kasvajamarkerite-uuringud\/gastriin-s-gastr\/","name":"Gastriin (S-Gastr) - \u00dchendlabor","isPartOf":{"@id":"https:\/\/www.kliinikum.ee\/yhendlabor\/#website"},"datePublished":"2025-10-14T09:40:06+00:00","dateModified":"2025-11-26T19:24:40+00:00","breadcrumb":{"@id":"https:\/\/www.kliinikum.ee\/yhendlabor\/kasiraamat\/kasvajamarkerite-uuringud\/gastriin-s-gastr\/#breadcrumb"},"inLanguage":"et","potentialAction":[{"@type":"ReadAction","target":["https:\/\/www.kliinikum.ee\/yhendlabor\/kasiraamat\/kasvajamarkerite-uuringud\/gastriin-s-gastr\/"]}]},{"@type":"BreadcrumbList","@id":"https:\/\/www.kliinikum.ee\/yhendlabor\/kasiraamat\/kasvajamarkerite-uuringud\/gastriin-s-gastr\/#breadcrumb","itemListElement":[{"@type":"ListItem","position":1,"name":"Home","item":"https:\/\/www.kliinikum.ee\/yhendlabor\/"},{"@type":"ListItem","position":2,"name":"K\u00e4siraamat","item":"https:\/\/www.kliinikum.ee\/yhendlabor\/kasiraamat\/"},{"@type":"ListItem","position":3,"name":"Kasvajamarkerite uuringud","item":"https:\/\/www.kliinikum.ee\/yhendlabor\/kasiraamat\/kasvajamarkerite-uuringud\/"},{"@type":"ListItem","position":4,"name":"Gastriin (S-Gastr)"}]},{"@type":"WebSite","@id":"https:\/\/www.kliinikum.ee\/yhendlabor\/#website","url":"https:\/\/www.kliinikum.ee\/yhendlabor\/","name":"\u00dchendlabor","description":"Hoolivus, Uuendusmeelsus, P\u00e4devus ja Usaldusv\u00e4\u00e4rsus","potentialAction":[{"@type":"SearchAction","target":{"@type":"EntryPoint","urlTemplate":"https:\/\/www.kliinikum.ee\/yhendlabor\/?s={search_term_string}"},"query-input":{"@type":"PropertyValueSpecification","valueRequired":true,"valueName":"search_term_string"}}],"inLanguage":"et"}]}},"uagb_featured_image_src":{"full":false,"thumbnail":false,"medium":false,"medium_large":false,"large":false,"1536x1536":false,"2048x2048":false},"uagb_author_info":{"display_name":"Kadi Siigur","author_link":"https:\/\/www.kliinikum.ee\/yhendlabor\/author\/kadisi\/"},"uagb_comment_info":0,"uagb_excerpt":"Kliinilise keemia ja laboratoorse hematoloogia osakond Gastriin on peamine gastrointestinaalne hormoon, mida s\u00fcnteesitakse peamiselt mao antrumi limaskestas ja mis stimuleerib maos soolhappe sekretsiooni, aga ka silelihaste kokkut\u00f5mbeid ning pepsiini ja sisemise faktori vabanemist. Hormoonil on mitu molekulaarset vormi, mis erinevad pol\u00fcpeptiidahela pikkuse poolest. Kolm peamist vormi on gastriin-17, gastriin-34 ja gastriin-14. Produktsiooni reguleerib mao keskkonna&hellip;","_links":{"self":[{"href":"https:\/\/www.kliinikum.ee\/yhendlabor\/wp-json\/wp\/v2\/pages\/13626","targetHints":{"allow":["GET"]}}],"collection":[{"href":"https:\/\/www.kliinikum.ee\/yhendlabor\/wp-json\/wp\/v2\/pages"}],"about":[{"href":"https:\/\/www.kliinikum.ee\/yhendlabor\/wp-json\/wp\/v2\/types\/page"}],"author":[{"embeddable":true,"href":"https:\/\/www.kliinikum.ee\/yhendlabor\/wp-json\/wp\/v2\/users\/38"}],"replies":[{"embeddable":true,"href":"https:\/\/www.kliinikum.ee\/yhendlabor\/wp-json\/wp\/v2\/comments?post=13626"}],"version-history":[{"count":0,"href":"https:\/\/www.kliinikum.ee\/yhendlabor\/wp-json\/wp\/v2\/pages\/13626\/revisions"}],"up":[{"embeddable":true,"href":"https:\/\/www.kliinikum.ee\/yhendlabor\/wp-json\/wp\/v2\/pages\/7280"}],"wp:attachment":[{"href":"https:\/\/www.kliinikum.ee\/yhendlabor\/wp-json\/wp\/v2\/media?parent=13626"}],"curies":[{"name":"wp","href":"https:\/\/api.w.org\/{rel}","templated":true}]}}