{"id":13633,"date":"2025-10-14T11:58:26","date_gmt":"2025-10-14T09:58:26","guid":{"rendered":"https:\/\/www.kliinikum.ee\/yhendlabor\/?page_id=13633"},"modified":"2025-11-26T21:28:49","modified_gmt":"2025-11-26T19:28:49","slug":"kartsinoembruonaalne-antigeen-sp-cea","status":"publish","type":"page","link":"https:\/\/www.kliinikum.ee\/yhendlabor\/kasiraamat\/kasvajamarkerite-uuringud\/kartsinoembruonaalne-antigeen-sp-cea\/","title":{"rendered":"Kartsinoembr\u00fconaalne antigeen (S,P-CEA)"},"content":{"rendered":"\n<p><em>Kliinilise keemia ja laboratoorse hematoloogia osakond<\/em><\/p>\n\n\n\n<p><strong>Kartsinoembr\u00fconaalne antigeen (CEA)<\/strong> on gl\u00fckoproteiin, mis kuulub onkofetaalsete antigeenide hulka. Kuigi CEA-d leidub loote erinevates kudedes (sooles, maksas, pankreases), on tema bioloogiline funktsioon loote arengus ebaselge. V\u00e4hesel m\u00e4\u00e4ral s\u00fcnteesitakse CEA-d ka t\u00e4iskasvanu j\u00e4mesoole limaskestas, kopsudes, p\u00f5rnas, maksas jm. CEA taseme t\u00f5us veres on t\u00e4heldatav erineva lokalisatsiooniga v\u00e4hivormide korral, samuti mitmete krooniliste p\u00f5letikuliste protsesside korral.<\/p>\n\n\n\n<p class=\"has-medium-font-size\"><strong>Uuritav materjal, selle v\u00f5tmine, saatmine ja s\u00e4ilitamine<\/strong><\/p>\n\n\n\n<figure class=\"wp-block-table is-style-stripes\"><table width=\"100%\"><tbody><tr><td width=\"1%\"><\/td><td width=\"15%\"><strong>Katsuti<\/strong><\/td><td width=\"84%\">Geeli ja h\u00fc\u00fcbimisaktivaatoriga katsuti (punana kollase r\u00f5ngaga v\u00f5i kollane kork) v\u00f5i geeliga LH-katsuti (roheline kollase r\u00f5ngaga v\u00f5i heleroheline kork)<\/td><\/tr><tr><td><\/td><td><strong>S\u00e4ilivus<\/strong><\/td><td>Seerum\/plasma toatemperatuuril \u00fcks n\u00e4dal, +4 \u00b0C kaks n\u00e4dalat, -20 \u00b0C kuus kuud<\/td><\/tr><\/tbody><\/table><\/figure>\n\n\n\n<p class=\"has-medium-font-size\"><strong>Anal\u00fc\u00fcsi tegemise aeg:<\/strong> t\u00f6\u00f6p\u00e4eviti<\/p>\n\n\n\n<p class=\"has-medium-font-size\"><strong>Anal\u00fc\u00fcsimeetod:<\/strong> elektrokemoluminestsents-immuunmeetod (ECLIA)<\/p>\n\n\n\n<p class=\"has-medium-font-size\"><strong>Referentsv\u00e4\u00e4rtused<\/strong><\/p>\n\n\n\n<figure class=\"wp-block-table\"><table width=\"100%\"><tbody><tr><td width=\"1%\"><\/td><td width=\"50%\"><strong>20 a \u2013 &lt; 70 a\u00a0 mittesuitsetajad<\/strong><\/td><td width=\"49%\">&lt; 3,8 \u03bcg\/L<\/td><\/tr><tr><td><\/td><td><strong>suitsetajad<\/strong><\/td><td>&lt; 5,5 \u03bcg\/L<\/td><\/tr><\/tbody><\/table><\/figure>\n\n\n\n<p class=\"has-medium-font-size\"><strong>N\u00e4idustus ja kliiniline t\u00e4hendus<\/strong><\/p>\n\n\n\n<p>CEA spetsiifilisus ja tundlikkus kasvajate diagnostikas on k\u00fcllaltki madal, seep\u00e4rast soovitatakse CEA-d m\u00e4\u00e4rata peamiselt haiguskulu j\u00e4lgimiseks, metastaseerumise v\u00f5i retsidiivide tekke avastamiseks ning raviefektiivsuse ja prognoosi hindamiseks. CEA tase seerumis v\u00f5ib t\u00f5usta 4\u20136 kuud enne retsidiivide kliinilist avaldumist.<\/p>\n\n\n\n<p>CEA nivoo seerumis v\u00f5ib tunduvalt t\u00f5usta kolorektaal-, aga ka k\u00f5hun\u00e4\u00e4rme-, mao-, kopsu-, rinna-, emaka- ja munasarjav\u00e4hi korral.<\/p>\n\n\n\n<p>Esineb korrelatsioon preoperatiivse CEA v\u00e4\u00e4rtuse ja retsidiveerumise ning metastaseerumise (eriti kolorektaalv\u00e4hi maksametastaaside) riski vahel. Kolorektaalv\u00e4hi (CRC) puhul korreleerub CEA nivoo p\u00f6\u00f6rdv\u00f5rdeliselt retsidiivide tekke ajaga, s\u00f5ltudes samas tuumori staadiumist, tihedusest ja diferentseerumisastmest. Madalalt diferentseerunud kasvaja v\u00f5ib produtseerida v\u00e4hem CEA-d (v\u00f5i ei produtseeri \u00fcldse), kuigi on pahaloomulisem kui keskmiselt ja k\u00f5rgesti diferentseerunud CRC.<\/p>\n\n\n\n<p>Preoperatiivse kiiritusravi ajal p\u00fcsima j\u00e4\u00e4v k\u00f5rge CEA tase n\u00e4itab, et kasvaja on radiatsioonialast v\u00e4ljas, seega ka halvemat prognoosi. Samuti on prognostiliselt halb preoperatiivse keemiaravi ajal p\u00fcsiv k\u00f5rge CEA tase.<\/p>\n\n\n\n<p>Radikaalse operatsiooni j\u00e4rgselt langeb CEA tase kiiresti (4\u20136 n\u00e4dalaga). Vastasel juhul on tegemist mitteradikaalse operatsiooniga, kasvaja kiire retsidiiviga v\u00f5i metastaseerumisega ning CEA k\u00f5rge tase n\u00e4itab kasvaja progressiooni ja halba prognoosi (eriti j\u00e4mesoolev\u00e4hi korral).<\/p>\n\n\n\n<p>CEA v\u00e4\u00e4rtused v\u00f5ivad olla suurenenud pleuraefusioonide (suurenenud CEA kontsentratsioon toetab v\u00e4hidiagnoosi), maksahaiguste (maksatsirroos, hepatiit), pankreatiidi, p\u00f5letikuliste soolehaiguste (haavandiline koliit, Crohni t\u00f5bi), kolorektaalsete adenomatoossete pol\u00fc\u00fcpide, krooniliste kopsuhaiguste ning neeruhaiguste korral.<\/p>\n\n\n\n<p>On t\u00e4heldatud CEA kontsentratsiooni suurenemist suitsetajatel (ka nendel, kes on suitsetamisest loobunud), rasedatel, keemia- ja kiiritusravi<em> saanutel. Hepariin nii <\/em><em>in vivo<\/em><em> kui <\/em><em>in<\/em><em> <\/em><em>vitro<\/em><em> v\u00f5ib v\u00e4hendada CEA taset.<\/em><em><\/em><\/p>\n\n\n\n<p>Koostaja: Kaja Vaagen<br>Muudetud 06.05.2019<\/p>\n","protected":false},"excerpt":{"rendered":"<p>Kliinilise keemia ja laboratoorse hematoloogia osakond Kartsinoembr\u00fconaalne antigeen (CEA) on gl\u00fckoproteiin, mis kuulub onkofetaalsete antigeenide hulka. Kuigi CEA-d leidub loote erinevates kudedes (sooles, maksas, pankreases), on tema bioloogiline funktsioon loote arengus ebaselge. V\u00e4hesel m\u00e4\u00e4ral s\u00fcnteesitakse CEA-d ka t\u00e4iskasvanu j\u00e4mesoole limaskestas, kopsudes, p\u00f5rnas, maksas jm. CEA taseme t\u00f5us veres on t\u00e4heldatav erineva lokalisatsiooniga v\u00e4hivormide korral, samuti [&hellip;]<\/p>\n","protected":false},"author":38,"featured_media":0,"parent":7280,"menu_order":7,"comment_status":"closed","ping_status":"closed","template":"","meta":{"_uag_custom_page_level_css":"","footnotes":""},"class_list":["post-13633","page","type-page","status-publish","hentry"],"acf":[],"yoast_head":"<!-- This site is optimized with the Yoast SEO plugin v27.3 - https:\/\/yoast.com\/product\/yoast-seo-wordpress\/ -->\n<title>Kartsinoembr\u00fconaalne antigeen (S,P-CEA) - \u00dchendlabor<\/title>\n<meta name=\"robots\" content=\"index, follow, max-snippet:-1, max-image-preview:large, max-video-preview:-1\" \/>\n<link rel=\"canonical\" href=\"https:\/\/www.kliinikum.ee\/yhendlabor\/kasiraamat\/kasvajamarkerite-uuringud\/kartsinoembruonaalne-antigeen-sp-cea\/\" \/>\n<meta property=\"og:locale\" content=\"et_EE\" \/>\n<meta property=\"og:type\" content=\"article\" \/>\n<meta property=\"og:title\" content=\"Kartsinoembr\u00fconaalne antigeen (S,P-CEA) - \u00dchendlabor\" \/>\n<meta property=\"og:description\" content=\"Kliinilise keemia ja laboratoorse hematoloogia osakond Kartsinoembr\u00fconaalne antigeen (CEA) on gl\u00fckoproteiin, mis kuulub onkofetaalsete antigeenide hulka. Kuigi CEA-d leidub loote erinevates kudedes (sooles, maksas, pankreases), on tema bioloogiline funktsioon loote arengus ebaselge. V\u00e4hesel m\u00e4\u00e4ral s\u00fcnteesitakse CEA-d ka t\u00e4iskasvanu j\u00e4mesoole limaskestas, kopsudes, p\u00f5rnas, maksas jm. CEA taseme t\u00f5us veres on t\u00e4heldatav erineva lokalisatsiooniga v\u00e4hivormide korral, samuti [&hellip;]\" \/>\n<meta property=\"og:url\" content=\"https:\/\/www.kliinikum.ee\/yhendlabor\/kasiraamat\/kasvajamarkerite-uuringud\/kartsinoembruonaalne-antigeen-sp-cea\/\" \/>\n<meta property=\"og:site_name\" content=\"\u00dchendlabor\" \/>\n<meta property=\"article:modified_time\" content=\"2025-11-26T19:28:49+00:00\" \/>\n<meta name=\"twitter:card\" content=\"summary_large_image\" \/>\n<meta name=\"twitter:label1\" content=\"Est. reading time\" \/>\n\t<meta name=\"twitter:data1\" content=\"2 minutit\" \/>\n<script type=\"application\/ld+json\" class=\"yoast-schema-graph\">{\"@context\":\"https:\\\/\\\/schema.org\",\"@graph\":[{\"@type\":\"WebPage\",\"@id\":\"https:\\\/\\\/www.kliinikum.ee\\\/yhendlabor\\\/kasiraamat\\\/kasvajamarkerite-uuringud\\\/kartsinoembruonaalne-antigeen-sp-cea\\\/\",\"url\":\"https:\\\/\\\/www.kliinikum.ee\\\/yhendlabor\\\/kasiraamat\\\/kasvajamarkerite-uuringud\\\/kartsinoembruonaalne-antigeen-sp-cea\\\/\",\"name\":\"Kartsinoembr\u00fconaalne antigeen (S,P-CEA) - \u00dchendlabor\",\"isPartOf\":{\"@id\":\"https:\\\/\\\/www.kliinikum.ee\\\/yhendlabor\\\/#website\"},\"datePublished\":\"2025-10-14T09:58:26+00:00\",\"dateModified\":\"2025-11-26T19:28:49+00:00\",\"breadcrumb\":{\"@id\":\"https:\\\/\\\/www.kliinikum.ee\\\/yhendlabor\\\/kasiraamat\\\/kasvajamarkerite-uuringud\\\/kartsinoembruonaalne-antigeen-sp-cea\\\/#breadcrumb\"},\"inLanguage\":\"et\",\"potentialAction\":[{\"@type\":\"ReadAction\",\"target\":[\"https:\\\/\\\/www.kliinikum.ee\\\/yhendlabor\\\/kasiraamat\\\/kasvajamarkerite-uuringud\\\/kartsinoembruonaalne-antigeen-sp-cea\\\/\"]}]},{\"@type\":\"BreadcrumbList\",\"@id\":\"https:\\\/\\\/www.kliinikum.ee\\\/yhendlabor\\\/kasiraamat\\\/kasvajamarkerite-uuringud\\\/kartsinoembruonaalne-antigeen-sp-cea\\\/#breadcrumb\",\"itemListElement\":[{\"@type\":\"ListItem\",\"position\":1,\"name\":\"Home\",\"item\":\"https:\\\/\\\/www.kliinikum.ee\\\/yhendlabor\\\/\"},{\"@type\":\"ListItem\",\"position\":2,\"name\":\"K\u00e4siraamat\",\"item\":\"https:\\\/\\\/www.kliinikum.ee\\\/yhendlabor\\\/kasiraamat\\\/\"},{\"@type\":\"ListItem\",\"position\":3,\"name\":\"Kasvajamarkerite uuringud\",\"item\":\"https:\\\/\\\/www.kliinikum.ee\\\/yhendlabor\\\/kasiraamat\\\/kasvajamarkerite-uuringud\\\/\"},{\"@type\":\"ListItem\",\"position\":4,\"name\":\"Kartsinoembr\u00fconaalne antigeen (S,P-CEA)\"}]},{\"@type\":\"WebSite\",\"@id\":\"https:\\\/\\\/www.kliinikum.ee\\\/yhendlabor\\\/#website\",\"url\":\"https:\\\/\\\/www.kliinikum.ee\\\/yhendlabor\\\/\",\"name\":\"\u00dchendlabor\",\"description\":\"Hoolivus, Uuendusmeelsus, P\u00e4devus ja Usaldusv\u00e4\u00e4rsus\",\"potentialAction\":[{\"@type\":\"SearchAction\",\"target\":{\"@type\":\"EntryPoint\",\"urlTemplate\":\"https:\\\/\\\/www.kliinikum.ee\\\/yhendlabor\\\/?s={search_term_string}\"},\"query-input\":{\"@type\":\"PropertyValueSpecification\",\"valueRequired\":true,\"valueName\":\"search_term_string\"}}],\"inLanguage\":\"et\"}]}<\/script>\n<!-- \/ Yoast SEO plugin. -->","yoast_head_json":{"title":"Kartsinoembr\u00fconaalne antigeen (S,P-CEA) - \u00dchendlabor","robots":{"index":"index","follow":"follow","max-snippet":"max-snippet:-1","max-image-preview":"max-image-preview:large","max-video-preview":"max-video-preview:-1"},"canonical":"https:\/\/www.kliinikum.ee\/yhendlabor\/kasiraamat\/kasvajamarkerite-uuringud\/kartsinoembruonaalne-antigeen-sp-cea\/","og_locale":"et_EE","og_type":"article","og_title":"Kartsinoembr\u00fconaalne antigeen (S,P-CEA) - \u00dchendlabor","og_description":"Kliinilise keemia ja laboratoorse hematoloogia osakond Kartsinoembr\u00fconaalne antigeen (CEA) on gl\u00fckoproteiin, mis kuulub onkofetaalsete antigeenide hulka. Kuigi CEA-d leidub loote erinevates kudedes (sooles, maksas, pankreases), on tema bioloogiline funktsioon loote arengus ebaselge. V\u00e4hesel m\u00e4\u00e4ral s\u00fcnteesitakse CEA-d ka t\u00e4iskasvanu j\u00e4mesoole limaskestas, kopsudes, p\u00f5rnas, maksas jm. CEA taseme t\u00f5us veres on t\u00e4heldatav erineva lokalisatsiooniga v\u00e4hivormide korral, samuti [&hellip;]","og_url":"https:\/\/www.kliinikum.ee\/yhendlabor\/kasiraamat\/kasvajamarkerite-uuringud\/kartsinoembruonaalne-antigeen-sp-cea\/","og_site_name":"\u00dchendlabor","article_modified_time":"2025-11-26T19:28:49+00:00","twitter_card":"summary_large_image","twitter_misc":{"Est. reading time":"2 minutit"},"schema":{"@context":"https:\/\/schema.org","@graph":[{"@type":"WebPage","@id":"https:\/\/www.kliinikum.ee\/yhendlabor\/kasiraamat\/kasvajamarkerite-uuringud\/kartsinoembruonaalne-antigeen-sp-cea\/","url":"https:\/\/www.kliinikum.ee\/yhendlabor\/kasiraamat\/kasvajamarkerite-uuringud\/kartsinoembruonaalne-antigeen-sp-cea\/","name":"Kartsinoembr\u00fconaalne antigeen (S,P-CEA) - \u00dchendlabor","isPartOf":{"@id":"https:\/\/www.kliinikum.ee\/yhendlabor\/#website"},"datePublished":"2025-10-14T09:58:26+00:00","dateModified":"2025-11-26T19:28:49+00:00","breadcrumb":{"@id":"https:\/\/www.kliinikum.ee\/yhendlabor\/kasiraamat\/kasvajamarkerite-uuringud\/kartsinoembruonaalne-antigeen-sp-cea\/#breadcrumb"},"inLanguage":"et","potentialAction":[{"@type":"ReadAction","target":["https:\/\/www.kliinikum.ee\/yhendlabor\/kasiraamat\/kasvajamarkerite-uuringud\/kartsinoembruonaalne-antigeen-sp-cea\/"]}]},{"@type":"BreadcrumbList","@id":"https:\/\/www.kliinikum.ee\/yhendlabor\/kasiraamat\/kasvajamarkerite-uuringud\/kartsinoembruonaalne-antigeen-sp-cea\/#breadcrumb","itemListElement":[{"@type":"ListItem","position":1,"name":"Home","item":"https:\/\/www.kliinikum.ee\/yhendlabor\/"},{"@type":"ListItem","position":2,"name":"K\u00e4siraamat","item":"https:\/\/www.kliinikum.ee\/yhendlabor\/kasiraamat\/"},{"@type":"ListItem","position":3,"name":"Kasvajamarkerite uuringud","item":"https:\/\/www.kliinikum.ee\/yhendlabor\/kasiraamat\/kasvajamarkerite-uuringud\/"},{"@type":"ListItem","position":4,"name":"Kartsinoembr\u00fconaalne antigeen (S,P-CEA)"}]},{"@type":"WebSite","@id":"https:\/\/www.kliinikum.ee\/yhendlabor\/#website","url":"https:\/\/www.kliinikum.ee\/yhendlabor\/","name":"\u00dchendlabor","description":"Hoolivus, Uuendusmeelsus, P\u00e4devus ja Usaldusv\u00e4\u00e4rsus","potentialAction":[{"@type":"SearchAction","target":{"@type":"EntryPoint","urlTemplate":"https:\/\/www.kliinikum.ee\/yhendlabor\/?s={search_term_string}"},"query-input":{"@type":"PropertyValueSpecification","valueRequired":true,"valueName":"search_term_string"}}],"inLanguage":"et"}]}},"uagb_featured_image_src":{"full":false,"thumbnail":false,"medium":false,"medium_large":false,"large":false,"1536x1536":false,"2048x2048":false},"uagb_author_info":{"display_name":"Kadi Siigur","author_link":"https:\/\/www.kliinikum.ee\/yhendlabor\/author\/kadisi\/"},"uagb_comment_info":0,"uagb_excerpt":"Kliinilise keemia ja laboratoorse hematoloogia osakond Kartsinoembr\u00fconaalne antigeen (CEA) on gl\u00fckoproteiin, mis kuulub onkofetaalsete antigeenide hulka. Kuigi CEA-d leidub loote erinevates kudedes (sooles, maksas, pankreases), on tema bioloogiline funktsioon loote arengus ebaselge. V\u00e4hesel m\u00e4\u00e4ral s\u00fcnteesitakse CEA-d ka t\u00e4iskasvanu j\u00e4mesoole limaskestas, kopsudes, p\u00f5rnas, maksas jm. CEA taseme t\u00f5us veres on t\u00e4heldatav erineva lokalisatsiooniga v\u00e4hivormide korral, samuti&hellip;","_links":{"self":[{"href":"https:\/\/www.kliinikum.ee\/yhendlabor\/wp-json\/wp\/v2\/pages\/13633","targetHints":{"allow":["GET"]}}],"collection":[{"href":"https:\/\/www.kliinikum.ee\/yhendlabor\/wp-json\/wp\/v2\/pages"}],"about":[{"href":"https:\/\/www.kliinikum.ee\/yhendlabor\/wp-json\/wp\/v2\/types\/page"}],"author":[{"embeddable":true,"href":"https:\/\/www.kliinikum.ee\/yhendlabor\/wp-json\/wp\/v2\/users\/38"}],"replies":[{"embeddable":true,"href":"https:\/\/www.kliinikum.ee\/yhendlabor\/wp-json\/wp\/v2\/comments?post=13633"}],"version-history":[{"count":0,"href":"https:\/\/www.kliinikum.ee\/yhendlabor\/wp-json\/wp\/v2\/pages\/13633\/revisions"}],"up":[{"embeddable":true,"href":"https:\/\/www.kliinikum.ee\/yhendlabor\/wp-json\/wp\/v2\/pages\/7280"}],"wp:attachment":[{"href":"https:\/\/www.kliinikum.ee\/yhendlabor\/wp-json\/wp\/v2\/media?parent=13633"}],"curies":[{"name":"wp","href":"https:\/\/api.w.org\/{rel}","templated":true}]}}