{"id":13642,"date":"2025-10-14T12:33:32","date_gmt":"2025-10-14T10:33:32","guid":{"rendered":"https:\/\/www.kliinikum.ee\/yhendlabor\/?page_id=13642"},"modified":"2025-11-26T21:32:55","modified_gmt":"2025-11-26T19:32:55","slug":"kasvajaantigeen-ca-15-3-sp-ca-15-3","status":"publish","type":"page","link":"https:\/\/www.kliinikum.ee\/yhendlabor\/kasiraamat\/kasvajamarkerite-uuringud\/kasvajaantigeen-ca-15-3-sp-ca-15-3\/","title":{"rendered":"Kasvajaantigeen CA 15-3 (S,P-CA 15-3)"},"content":{"rendered":"\n<p><em>Kliinilise keemia ja laboratoorse hematoloogia osakond<\/em><\/p>\n\n\n\n<p><strong>Kasvajaantigeen CA 15-3<\/strong> on pol\u00fcmorfne epiteliaalmutsiin, mis esineb nii normaalsetes kui kasvaja epiteelirakkudes. Rinnan\u00e4\u00e4rme rasvagloobulite membraanis on seotud umbes 15% normaalsest CA 15-3-st ja seda loetakse rinnan\u00e4\u00e4rme epiteelirakkude diferentseerumise astme markeriks. Rinnan\u00e4\u00e4rme kasvajate korral on t\u00e4heldatud CA 15-3 taseme m\u00e4rgatavat t\u00f5usu.<\/p>\n\n\n\n<p class=\"has-medium-font-size\"><strong>Uuritav materjal, selle v\u00f5tmine, saatmine ja s\u00e4ilitamine<\/strong><\/p>\n\n\n\n<figure class=\"wp-block-table is-style-stripes\"><table width=\"100%\"><tbody><tr><td width=\"1%\"><\/td><td width=\"15%\"><strong>Katsuti<\/strong><\/td><td width=\"84%\">Geeli ja h\u00fc\u00fcbimisaktivaatoriga katsuti (punane kollase r\u00f5ngaga v\u00f5i kollane kork) v\u00f5i geeliga LH-katsuti (roheline kollase r\u00f5ngaga v\u00f5i heleroheline kork)<\/td><\/tr><tr><td><\/td><td><strong>S\u00e4ilivus<\/strong><\/td><td>Seerum\/plasma toatemperatuuril kaks p\u00e4eva, +4 \u00b0C viis p\u00e4eva, -20 \u00b0C kolm kuud<\/td><\/tr><\/tbody><\/table><\/figure>\n\n\n\n<p class=\"has-medium-font-size\"><strong>Anal\u00fc\u00fcsi tegemise aeg:<\/strong> t\u00f6\u00f6p\u00e4eviti<\/p>\n\n\n\n<p class=\"has-medium-font-size\"><strong>Anal\u00fc\u00fcsimeetod:<\/strong> elektrokemoluminestsents-immuunmeetod (ECLIA)<\/p>\n\n\n\n<p class=\"has-medium-font-size\"><strong>Referentsv\u00e4\u00e4rtused<\/strong><\/p>\n\n\n\n<figure class=\"wp-block-table\"><table width=\"100%\"><tbody><tr><td width=\"1%\"><\/td><td width=\"30%\"><strong>\u2265 18 a<\/strong><\/td><td width=\"69%\">\u2264 25 kU\/L<\/td><\/tr><\/tbody><\/table><\/figure>\n\n\n\n<p class=\"has-medium-font-size\"><strong>N\u00e4idustus ja kliiniline t\u00e4hendus<\/strong><\/p>\n\n\n\n<p>Lisauuring rinnan\u00e4\u00e4rme kasvajate diagnoosimisel, ravi efektiivsuse hindamisel ja haiguskulu j\u00e4lgimisel.<\/p>\n\n\n\n<p>Soovitav m\u00e4\u00e4rata koos kartsinoembr\u00fconaalse antigeeniga (CEA).<\/p>\n\n\n\n<p>CA 15-3 tase veres t\u00f5useb oluliselt rinnav\u00e4hi korral, aga v\u00f5ib t\u00f5usta ka maksa, pankrease-, kolorektaal-, kopsu- ja munasarjav\u00e4hi korral.<\/p>\n\n\n\n<p>Preoperatiivne CA 15-3 tase oleneb tuumori staadiumist, eriti k\u00f5rge on see rinnav\u00e4hi metastaseerumisel. Testi miinuseks on suhteliselt madal tundlikkus kasvaja I ja II staadiumi korral, kuid sobiv on see varajase retsidiveerumise, j\u00e4tkuva remissiooni v\u00f5i prognoosi hindamiseks.<\/p>\n\n\n\n<p>Suurenenud CA 15-3 v\u00e4\u00e4rtusi v\u00f5ib leida healoomuliste rinnan\u00e4\u00e4rme kasvajate, maksa-, neeru- ja g\u00fcnekoloogiliste haiguste korral, samuti raseduse ja laktatsiooni ajal.<\/p>\n\n\n\n<p>Koostaja: Kaja Vaagen<br>Muudetud 06.05.2019<\/p>\n\n\n\n<p><\/p>\n","protected":false},"excerpt":{"rendered":"<p>Kliinilise keemia ja laboratoorse hematoloogia osakond Kasvajaantigeen CA 15-3 on pol\u00fcmorfne epiteliaalmutsiin, mis esineb nii normaalsetes kui kasvaja epiteelirakkudes. Rinnan\u00e4\u00e4rme rasvagloobulite membraanis on seotud umbes 15% normaalsest CA 15-3-st ja seda loetakse rinnan\u00e4\u00e4rme epiteelirakkude diferentseerumise astme markeriks. Rinnan\u00e4\u00e4rme kasvajate korral on t\u00e4heldatud CA 15-3 taseme m\u00e4rgatavat t\u00f5usu. Uuritav materjal, selle v\u00f5tmine, saatmine ja s\u00e4ilitamine Katsuti [&hellip;]<\/p>\n","protected":false},"author":38,"featured_media":0,"parent":7280,"menu_order":9,"comment_status":"closed","ping_status":"closed","template":"","meta":{"_uag_custom_page_level_css":"","footnotes":""},"class_list":["post-13642","page","type-page","status-publish","hentry"],"acf":[],"yoast_head":"<!-- This site is optimized with the Yoast SEO plugin v27.3 - https:\/\/yoast.com\/product\/yoast-seo-wordpress\/ -->\n<title>Kasvajaantigeen CA 15-3 (S,P-CA 15-3) - \u00dchendlabor<\/title>\n<meta name=\"robots\" content=\"index, follow, max-snippet:-1, max-image-preview:large, max-video-preview:-1\" \/>\n<link rel=\"canonical\" href=\"https:\/\/www.kliinikum.ee\/yhendlabor\/kasiraamat\/kasvajamarkerite-uuringud\/kasvajaantigeen-ca-15-3-sp-ca-15-3\/\" \/>\n<meta property=\"og:locale\" content=\"et_EE\" \/>\n<meta property=\"og:type\" content=\"article\" \/>\n<meta property=\"og:title\" content=\"Kasvajaantigeen CA 15-3 (S,P-CA 15-3) - \u00dchendlabor\" \/>\n<meta property=\"og:description\" content=\"Kliinilise keemia ja laboratoorse hematoloogia osakond Kasvajaantigeen CA 15-3 on pol\u00fcmorfne epiteliaalmutsiin, mis esineb nii normaalsetes kui kasvaja epiteelirakkudes. Rinnan\u00e4\u00e4rme rasvagloobulite membraanis on seotud umbes 15% normaalsest CA 15-3-st ja seda loetakse rinnan\u00e4\u00e4rme epiteelirakkude diferentseerumise astme markeriks. Rinnan\u00e4\u00e4rme kasvajate korral on t\u00e4heldatud CA 15-3 taseme m\u00e4rgatavat t\u00f5usu. Uuritav materjal, selle v\u00f5tmine, saatmine ja s\u00e4ilitamine Katsuti [&hellip;]\" \/>\n<meta property=\"og:url\" content=\"https:\/\/www.kliinikum.ee\/yhendlabor\/kasiraamat\/kasvajamarkerite-uuringud\/kasvajaantigeen-ca-15-3-sp-ca-15-3\/\" \/>\n<meta property=\"og:site_name\" content=\"\u00dchendlabor\" \/>\n<meta property=\"article:modified_time\" content=\"2025-11-26T19:32:55+00:00\" \/>\n<meta name=\"twitter:card\" content=\"summary_large_image\" \/>\n<meta name=\"twitter:label1\" content=\"Est. reading time\" \/>\n\t<meta name=\"twitter:data1\" content=\"2 minutit\" \/>\n<script type=\"application\/ld+json\" class=\"yoast-schema-graph\">{\"@context\":\"https:\\\/\\\/schema.org\",\"@graph\":[{\"@type\":\"WebPage\",\"@id\":\"https:\\\/\\\/www.kliinikum.ee\\\/yhendlabor\\\/kasiraamat\\\/kasvajamarkerite-uuringud\\\/kasvajaantigeen-ca-15-3-sp-ca-15-3\\\/\",\"url\":\"https:\\\/\\\/www.kliinikum.ee\\\/yhendlabor\\\/kasiraamat\\\/kasvajamarkerite-uuringud\\\/kasvajaantigeen-ca-15-3-sp-ca-15-3\\\/\",\"name\":\"Kasvajaantigeen CA 15-3 (S,P-CA 15-3) - \u00dchendlabor\",\"isPartOf\":{\"@id\":\"https:\\\/\\\/www.kliinikum.ee\\\/yhendlabor\\\/#website\"},\"datePublished\":\"2025-10-14T10:33:32+00:00\",\"dateModified\":\"2025-11-26T19:32:55+00:00\",\"breadcrumb\":{\"@id\":\"https:\\\/\\\/www.kliinikum.ee\\\/yhendlabor\\\/kasiraamat\\\/kasvajamarkerite-uuringud\\\/kasvajaantigeen-ca-15-3-sp-ca-15-3\\\/#breadcrumb\"},\"inLanguage\":\"et\",\"potentialAction\":[{\"@type\":\"ReadAction\",\"target\":[\"https:\\\/\\\/www.kliinikum.ee\\\/yhendlabor\\\/kasiraamat\\\/kasvajamarkerite-uuringud\\\/kasvajaantigeen-ca-15-3-sp-ca-15-3\\\/\"]}]},{\"@type\":\"BreadcrumbList\",\"@id\":\"https:\\\/\\\/www.kliinikum.ee\\\/yhendlabor\\\/kasiraamat\\\/kasvajamarkerite-uuringud\\\/kasvajaantigeen-ca-15-3-sp-ca-15-3\\\/#breadcrumb\",\"itemListElement\":[{\"@type\":\"ListItem\",\"position\":1,\"name\":\"Home\",\"item\":\"https:\\\/\\\/www.kliinikum.ee\\\/yhendlabor\\\/\"},{\"@type\":\"ListItem\",\"position\":2,\"name\":\"K\u00e4siraamat\",\"item\":\"https:\\\/\\\/www.kliinikum.ee\\\/yhendlabor\\\/kasiraamat\\\/\"},{\"@type\":\"ListItem\",\"position\":3,\"name\":\"Kasvajamarkerite uuringud\",\"item\":\"https:\\\/\\\/www.kliinikum.ee\\\/yhendlabor\\\/kasiraamat\\\/kasvajamarkerite-uuringud\\\/\"},{\"@type\":\"ListItem\",\"position\":4,\"name\":\"Kasvajaantigeen CA 15-3 (S,P-CA 15-3)\"}]},{\"@type\":\"WebSite\",\"@id\":\"https:\\\/\\\/www.kliinikum.ee\\\/yhendlabor\\\/#website\",\"url\":\"https:\\\/\\\/www.kliinikum.ee\\\/yhendlabor\\\/\",\"name\":\"\u00dchendlabor\",\"description\":\"Hoolivus, Uuendusmeelsus, P\u00e4devus ja Usaldusv\u00e4\u00e4rsus\",\"potentialAction\":[{\"@type\":\"SearchAction\",\"target\":{\"@type\":\"EntryPoint\",\"urlTemplate\":\"https:\\\/\\\/www.kliinikum.ee\\\/yhendlabor\\\/?s={search_term_string}\"},\"query-input\":{\"@type\":\"PropertyValueSpecification\",\"valueRequired\":true,\"valueName\":\"search_term_string\"}}],\"inLanguage\":\"et\"}]}<\/script>\n<!-- \/ Yoast SEO plugin. -->","yoast_head_json":{"title":"Kasvajaantigeen CA 15-3 (S,P-CA 15-3) - \u00dchendlabor","robots":{"index":"index","follow":"follow","max-snippet":"max-snippet:-1","max-image-preview":"max-image-preview:large","max-video-preview":"max-video-preview:-1"},"canonical":"https:\/\/www.kliinikum.ee\/yhendlabor\/kasiraamat\/kasvajamarkerite-uuringud\/kasvajaantigeen-ca-15-3-sp-ca-15-3\/","og_locale":"et_EE","og_type":"article","og_title":"Kasvajaantigeen CA 15-3 (S,P-CA 15-3) - \u00dchendlabor","og_description":"Kliinilise keemia ja laboratoorse hematoloogia osakond Kasvajaantigeen CA 15-3 on pol\u00fcmorfne epiteliaalmutsiin, mis esineb nii normaalsetes kui kasvaja epiteelirakkudes. Rinnan\u00e4\u00e4rme rasvagloobulite membraanis on seotud umbes 15% normaalsest CA 15-3-st ja seda loetakse rinnan\u00e4\u00e4rme epiteelirakkude diferentseerumise astme markeriks. Rinnan\u00e4\u00e4rme kasvajate korral on t\u00e4heldatud CA 15-3 taseme m\u00e4rgatavat t\u00f5usu. Uuritav materjal, selle v\u00f5tmine, saatmine ja s\u00e4ilitamine Katsuti [&hellip;]","og_url":"https:\/\/www.kliinikum.ee\/yhendlabor\/kasiraamat\/kasvajamarkerite-uuringud\/kasvajaantigeen-ca-15-3-sp-ca-15-3\/","og_site_name":"\u00dchendlabor","article_modified_time":"2025-11-26T19:32:55+00:00","twitter_card":"summary_large_image","twitter_misc":{"Est. reading time":"2 minutit"},"schema":{"@context":"https:\/\/schema.org","@graph":[{"@type":"WebPage","@id":"https:\/\/www.kliinikum.ee\/yhendlabor\/kasiraamat\/kasvajamarkerite-uuringud\/kasvajaantigeen-ca-15-3-sp-ca-15-3\/","url":"https:\/\/www.kliinikum.ee\/yhendlabor\/kasiraamat\/kasvajamarkerite-uuringud\/kasvajaantigeen-ca-15-3-sp-ca-15-3\/","name":"Kasvajaantigeen CA 15-3 (S,P-CA 15-3) - \u00dchendlabor","isPartOf":{"@id":"https:\/\/www.kliinikum.ee\/yhendlabor\/#website"},"datePublished":"2025-10-14T10:33:32+00:00","dateModified":"2025-11-26T19:32:55+00:00","breadcrumb":{"@id":"https:\/\/www.kliinikum.ee\/yhendlabor\/kasiraamat\/kasvajamarkerite-uuringud\/kasvajaantigeen-ca-15-3-sp-ca-15-3\/#breadcrumb"},"inLanguage":"et","potentialAction":[{"@type":"ReadAction","target":["https:\/\/www.kliinikum.ee\/yhendlabor\/kasiraamat\/kasvajamarkerite-uuringud\/kasvajaantigeen-ca-15-3-sp-ca-15-3\/"]}]},{"@type":"BreadcrumbList","@id":"https:\/\/www.kliinikum.ee\/yhendlabor\/kasiraamat\/kasvajamarkerite-uuringud\/kasvajaantigeen-ca-15-3-sp-ca-15-3\/#breadcrumb","itemListElement":[{"@type":"ListItem","position":1,"name":"Home","item":"https:\/\/www.kliinikum.ee\/yhendlabor\/"},{"@type":"ListItem","position":2,"name":"K\u00e4siraamat","item":"https:\/\/www.kliinikum.ee\/yhendlabor\/kasiraamat\/"},{"@type":"ListItem","position":3,"name":"Kasvajamarkerite uuringud","item":"https:\/\/www.kliinikum.ee\/yhendlabor\/kasiraamat\/kasvajamarkerite-uuringud\/"},{"@type":"ListItem","position":4,"name":"Kasvajaantigeen CA 15-3 (S,P-CA 15-3)"}]},{"@type":"WebSite","@id":"https:\/\/www.kliinikum.ee\/yhendlabor\/#website","url":"https:\/\/www.kliinikum.ee\/yhendlabor\/","name":"\u00dchendlabor","description":"Hoolivus, Uuendusmeelsus, P\u00e4devus ja Usaldusv\u00e4\u00e4rsus","potentialAction":[{"@type":"SearchAction","target":{"@type":"EntryPoint","urlTemplate":"https:\/\/www.kliinikum.ee\/yhendlabor\/?s={search_term_string}"},"query-input":{"@type":"PropertyValueSpecification","valueRequired":true,"valueName":"search_term_string"}}],"inLanguage":"et"}]}},"uagb_featured_image_src":{"full":false,"thumbnail":false,"medium":false,"medium_large":false,"large":false,"1536x1536":false,"2048x2048":false},"uagb_author_info":{"display_name":"Kadi Siigur","author_link":"https:\/\/www.kliinikum.ee\/yhendlabor\/author\/kadisi\/"},"uagb_comment_info":0,"uagb_excerpt":"Kliinilise keemia ja laboratoorse hematoloogia osakond Kasvajaantigeen CA 15-3 on pol\u00fcmorfne epiteliaalmutsiin, mis esineb nii normaalsetes kui kasvaja epiteelirakkudes. Rinnan\u00e4\u00e4rme rasvagloobulite membraanis on seotud umbes 15% normaalsest CA 15-3-st ja seda loetakse rinnan\u00e4\u00e4rme epiteelirakkude diferentseerumise astme markeriks. Rinnan\u00e4\u00e4rme kasvajate korral on t\u00e4heldatud CA 15-3 taseme m\u00e4rgatavat t\u00f5usu. Uuritav materjal, selle v\u00f5tmine, saatmine ja s\u00e4ilitamine Katsuti&hellip;","_links":{"self":[{"href":"https:\/\/www.kliinikum.ee\/yhendlabor\/wp-json\/wp\/v2\/pages\/13642","targetHints":{"allow":["GET"]}}],"collection":[{"href":"https:\/\/www.kliinikum.ee\/yhendlabor\/wp-json\/wp\/v2\/pages"}],"about":[{"href":"https:\/\/www.kliinikum.ee\/yhendlabor\/wp-json\/wp\/v2\/types\/page"}],"author":[{"embeddable":true,"href":"https:\/\/www.kliinikum.ee\/yhendlabor\/wp-json\/wp\/v2\/users\/38"}],"replies":[{"embeddable":true,"href":"https:\/\/www.kliinikum.ee\/yhendlabor\/wp-json\/wp\/v2\/comments?post=13642"}],"version-history":[{"count":0,"href":"https:\/\/www.kliinikum.ee\/yhendlabor\/wp-json\/wp\/v2\/pages\/13642\/revisions"}],"up":[{"embeddable":true,"href":"https:\/\/www.kliinikum.ee\/yhendlabor\/wp-json\/wp\/v2\/pages\/7280"}],"wp:attachment":[{"href":"https:\/\/www.kliinikum.ee\/yhendlabor\/wp-json\/wp\/v2\/media?parent=13642"}],"curies":[{"name":"wp","href":"https:\/\/api.w.org\/{rel}","templated":true}]}}