{"id":13649,"date":"2025-10-14T12:45:39","date_gmt":"2025-10-14T10:45:39","guid":{"rendered":"https:\/\/www.kliinikum.ee\/yhendlabor\/?page_id=13649"},"modified":"2025-11-26T21:35:41","modified_gmt":"2025-11-26T19:35:41","slug":"kasvajaantigeen-ca-72-4-sp-ca-72-4","status":"publish","type":"page","link":"https:\/\/www.kliinikum.ee\/yhendlabor\/kasiraamat\/kasvajamarkerite-uuringud\/kasvajaantigeen-ca-72-4-sp-ca-72-4\/","title":{"rendered":"Kasvajaantigeen CA 72-4 (S,P-CA 72-4)"},"content":{"rendered":"\n<p><em>Kliinilise keemia ja laboratoorse hematoloogia osakond<\/em><\/p>\n\n\n\n<p><strong>Kasvajaantigeen 72-4 (TAG 72)<\/strong> on suure molekulmassiga mutsiin, mida identifitseeritakse kahe monoklonaalse antikeha (CC49 ja B72.3) abil. Seda on histokeemiliste meetodite abil leitud paljude epiteliaalsete kasvajate korral. Selle kasvajamarkeri omap\u00e4raks on suur spetsiifilisus, s.t see annab v\u00e4he valepositiivseid tulemusi. CA 72-4 on kasutusel gastrointestinaalsete tuumorite diagnostikas, aga taseme t\u00f5usu v\u00f5ib t\u00e4heldada ka rinnan\u00e4\u00e4rme, munasarja v\u00f5i kopsuv\u00e4hi korral.<\/p>\n\n\n\n<p class=\"has-medium-font-size\"><strong>Uuritav materjal, selle v\u00f5tmine, saatmine ja s\u00e4ilitamine<\/strong><\/p>\n\n\n\n<figure class=\"wp-block-table is-style-stripes\"><table width=\"100%\"><tbody><tr><td width=\"1%\"><\/td><td width=\"15%\"><strong>Katsuti<\/strong><\/td><td width=\"84%\">Geeli ja h\u00fc\u00fcbimisaktivaatoriga katsuti (punane kollase r\u00f5ngaga v\u00f5i kollane kork) v\u00f5i geeliga LH-katsuti (roheline kollase r\u00f5ngaga v\u00f5i heleroheline kork)<\/td><\/tr><tr><td><\/td><td><strong>S\u00e4ilivus<\/strong><\/td><td>Seerum\/plasma toatemperatuuril \u00fcks p\u00e4ev, +4 \u00b0C \u00fcks kuu, -20 \u00b0C kolm kuud<\/td><\/tr><\/tbody><\/table><\/figure>\n\n\n\n<p class=\"has-medium-font-size\"><strong>Anal\u00fc\u00fcsi tegemise aeg:<\/strong> t\u00f6\u00f6p\u00e4eviti<\/p>\n\n\n\n<p class=\"has-medium-font-size\"><strong>Anal\u00fc\u00fcsimeetod: <\/strong>elektrokemoluminestsents-immuunmeetod (ECLIA)<\/p>\n\n\n\n<p class=\"has-medium-font-size\"><strong>Referentsv\u00e4\u00e4rtused<\/strong><\/p>\n\n\n\n<figure class=\"wp-block-table\"><table width=\"100%\"><tbody><tr><td width=\"1%\"><\/td><td width=\"30%\"><strong>\u2265 18 a<\/strong><\/td><td width=\"69%\">&lt; 6,9 kU\/L<\/td><\/tr><\/tbody><\/table><\/figure>\n\n\n\n<p class=\"has-medium-font-size\"><strong>N\u00e4idustus ja kliiniline t\u00e4hendus<\/strong><\/p>\n\n\n\n<p>Lisauuring gastrointestinaaltrakti kasvajate diagnostikas, haiguskulu j\u00e4lgimisel, ravi efektiivsuse ja prognoosi hindamisel.<\/p>\n\n\n\n<p>Maov\u00e4hi korral kasutatakse CA 72-4 k\u00f5ige sagedamini kombinatsioonis CA 19-9 ja CEA-ga. Maov\u00e4hi diagnoosimisel on CA 72-4 tundlikkus 50\u201375% olenevalt haiguse staadiumist. Sensitiivsus on suurem v\u00e4hediferentseerunud maov\u00e4hi puhul, v\u00e4iksem diferentseerunud maov\u00e4hi ja sooletuumorite korral. CA 72-4, CA 19-9 ja CEA kombinatsioon on maov\u00e4hi diagnoosimisel tundlikkusega 52\u201381%. Mida kaugemale on kasvaja arenenud, seda k\u00f5rgem on CA 72-4 tase. Preoperatiivne CA 72-4 tase on prognostiline n\u00e4itaja.<\/p>\n\n\n\n<p>Eduka ravi korral CA 72-4 tase v\u00e4heneb. Varajaste retsidiivide avastamisel on CA 72-4 tundlikkus 51%, kasutades CA 72-4, CA 19-9 ja CEA kombinatsiooni, on tundlikkus 87%.<\/p>\n\n\n\n<p>Munasarja v\u00e4hi korral on CA 72-4 diagnostiline sensitiivsus 47\u201380%, mutsinoosse v\u00e4hi korral on CA 72-4 sensitiivsus k\u00f5rgem kui CA 125-l.<\/p>\n\n\n\n<p>Kolorektaalv\u00e4hi korral on CA 72-4 diagnostiline tundlikkus 20\u201341%, olenevalt staadiumist. Eduka ravi korral tase langeb, retsidiivide korral on CA 72-4 ja CEA kombineeritud kasutamisel tundlikkus 87%.<\/p>\n\n\n\n<p>Valepositiivseid tulemusi v\u00f5ivad anda paljud healoomulised haigused (pankreatiit, maksatsirroos, reumaatilised, g\u00fcnekoloogilised, rinnan\u00e4\u00e4rme, gastrointestinaaltrakti ja kopsuhaigused), kuid valepositiivsust esineb harvem kui teiste kasvajamarkerite puhul. K\u00f5ige sagedamini v\u00f5ib valepositiivsust p\u00f5hjustada omeprasooli, kortikosteroidide ja mittesteroidsete p\u00f5letikuvastaste preparaatide manustamine (kuni 80 kU\/L).<\/p>\n\n\n\n<p>Koostaja: Kaja Vaagen<br>Muudetud 06.05.2019<\/p>\n","protected":false},"excerpt":{"rendered":"<p>Kliinilise keemia ja laboratoorse hematoloogia osakond Kasvajaantigeen 72-4 (TAG 72) on suure molekulmassiga mutsiin, mida identifitseeritakse kahe monoklonaalse antikeha (CC49 ja B72.3) abil. Seda on histokeemiliste meetodite abil leitud paljude epiteliaalsete kasvajate korral. Selle kasvajamarkeri omap\u00e4raks on suur spetsiifilisus, s.t see annab v\u00e4he valepositiivseid tulemusi. CA 72-4 on kasutusel gastrointestinaalsete tuumorite diagnostikas, aga taseme t\u00f5usu [&hellip;]<\/p>\n","protected":false},"author":38,"featured_media":0,"parent":7280,"menu_order":11,"comment_status":"closed","ping_status":"closed","template":"","meta":{"_uag_custom_page_level_css":"","footnotes":""},"class_list":["post-13649","page","type-page","status-publish","hentry"],"acf":[],"yoast_head":"<!-- This site is optimized with the Yoast SEO plugin v27.3 - https:\/\/yoast.com\/product\/yoast-seo-wordpress\/ -->\n<title>Kasvajaantigeen CA 72-4 (S,P-CA 72-4) - \u00dchendlabor<\/title>\n<meta name=\"robots\" content=\"index, follow, max-snippet:-1, max-image-preview:large, max-video-preview:-1\" \/>\n<link rel=\"canonical\" href=\"https:\/\/www.kliinikum.ee\/yhendlabor\/kasiraamat\/kasvajamarkerite-uuringud\/kasvajaantigeen-ca-72-4-sp-ca-72-4\/\" \/>\n<meta property=\"og:locale\" content=\"et_EE\" \/>\n<meta property=\"og:type\" content=\"article\" \/>\n<meta property=\"og:title\" content=\"Kasvajaantigeen CA 72-4 (S,P-CA 72-4) - \u00dchendlabor\" \/>\n<meta property=\"og:description\" content=\"Kliinilise keemia ja laboratoorse hematoloogia osakond Kasvajaantigeen 72-4 (TAG 72) on suure molekulmassiga mutsiin, mida identifitseeritakse kahe monoklonaalse antikeha (CC49 ja B72.3) abil. Seda on histokeemiliste meetodite abil leitud paljude epiteliaalsete kasvajate korral. Selle kasvajamarkeri omap\u00e4raks on suur spetsiifilisus, s.t see annab v\u00e4he valepositiivseid tulemusi. CA 72-4 on kasutusel gastrointestinaalsete tuumorite diagnostikas, aga taseme t\u00f5usu [&hellip;]\" \/>\n<meta property=\"og:url\" content=\"https:\/\/www.kliinikum.ee\/yhendlabor\/kasiraamat\/kasvajamarkerite-uuringud\/kasvajaantigeen-ca-72-4-sp-ca-72-4\/\" \/>\n<meta property=\"og:site_name\" content=\"\u00dchendlabor\" \/>\n<meta property=\"article:modified_time\" content=\"2025-11-26T19:35:41+00:00\" \/>\n<meta name=\"twitter:card\" content=\"summary_large_image\" \/>\n<meta name=\"twitter:label1\" content=\"Est. reading time\" \/>\n\t<meta name=\"twitter:data1\" content=\"2 minutit\" \/>\n<script type=\"application\/ld+json\" class=\"yoast-schema-graph\">{\"@context\":\"https:\\\/\\\/schema.org\",\"@graph\":[{\"@type\":\"WebPage\",\"@id\":\"https:\\\/\\\/www.kliinikum.ee\\\/yhendlabor\\\/kasiraamat\\\/kasvajamarkerite-uuringud\\\/kasvajaantigeen-ca-72-4-sp-ca-72-4\\\/\",\"url\":\"https:\\\/\\\/www.kliinikum.ee\\\/yhendlabor\\\/kasiraamat\\\/kasvajamarkerite-uuringud\\\/kasvajaantigeen-ca-72-4-sp-ca-72-4\\\/\",\"name\":\"Kasvajaantigeen CA 72-4 (S,P-CA 72-4) - \u00dchendlabor\",\"isPartOf\":{\"@id\":\"https:\\\/\\\/www.kliinikum.ee\\\/yhendlabor\\\/#website\"},\"datePublished\":\"2025-10-14T10:45:39+00:00\",\"dateModified\":\"2025-11-26T19:35:41+00:00\",\"breadcrumb\":{\"@id\":\"https:\\\/\\\/www.kliinikum.ee\\\/yhendlabor\\\/kasiraamat\\\/kasvajamarkerite-uuringud\\\/kasvajaantigeen-ca-72-4-sp-ca-72-4\\\/#breadcrumb\"},\"inLanguage\":\"et\",\"potentialAction\":[{\"@type\":\"ReadAction\",\"target\":[\"https:\\\/\\\/www.kliinikum.ee\\\/yhendlabor\\\/kasiraamat\\\/kasvajamarkerite-uuringud\\\/kasvajaantigeen-ca-72-4-sp-ca-72-4\\\/\"]}]},{\"@type\":\"BreadcrumbList\",\"@id\":\"https:\\\/\\\/www.kliinikum.ee\\\/yhendlabor\\\/kasiraamat\\\/kasvajamarkerite-uuringud\\\/kasvajaantigeen-ca-72-4-sp-ca-72-4\\\/#breadcrumb\",\"itemListElement\":[{\"@type\":\"ListItem\",\"position\":1,\"name\":\"Home\",\"item\":\"https:\\\/\\\/www.kliinikum.ee\\\/yhendlabor\\\/\"},{\"@type\":\"ListItem\",\"position\":2,\"name\":\"K\u00e4siraamat\",\"item\":\"https:\\\/\\\/www.kliinikum.ee\\\/yhendlabor\\\/kasiraamat\\\/\"},{\"@type\":\"ListItem\",\"position\":3,\"name\":\"Kasvajamarkerite uuringud\",\"item\":\"https:\\\/\\\/www.kliinikum.ee\\\/yhendlabor\\\/kasiraamat\\\/kasvajamarkerite-uuringud\\\/\"},{\"@type\":\"ListItem\",\"position\":4,\"name\":\"Kasvajaantigeen CA 72-4 (S,P-CA 72-4)\"}]},{\"@type\":\"WebSite\",\"@id\":\"https:\\\/\\\/www.kliinikum.ee\\\/yhendlabor\\\/#website\",\"url\":\"https:\\\/\\\/www.kliinikum.ee\\\/yhendlabor\\\/\",\"name\":\"\u00dchendlabor\",\"description\":\"Hoolivus, Uuendusmeelsus, P\u00e4devus ja Usaldusv\u00e4\u00e4rsus\",\"potentialAction\":[{\"@type\":\"SearchAction\",\"target\":{\"@type\":\"EntryPoint\",\"urlTemplate\":\"https:\\\/\\\/www.kliinikum.ee\\\/yhendlabor\\\/?s={search_term_string}\"},\"query-input\":{\"@type\":\"PropertyValueSpecification\",\"valueRequired\":true,\"valueName\":\"search_term_string\"}}],\"inLanguage\":\"et\"}]}<\/script>\n<!-- \/ Yoast SEO plugin. -->","yoast_head_json":{"title":"Kasvajaantigeen CA 72-4 (S,P-CA 72-4) - \u00dchendlabor","robots":{"index":"index","follow":"follow","max-snippet":"max-snippet:-1","max-image-preview":"max-image-preview:large","max-video-preview":"max-video-preview:-1"},"canonical":"https:\/\/www.kliinikum.ee\/yhendlabor\/kasiraamat\/kasvajamarkerite-uuringud\/kasvajaantigeen-ca-72-4-sp-ca-72-4\/","og_locale":"et_EE","og_type":"article","og_title":"Kasvajaantigeen CA 72-4 (S,P-CA 72-4) - \u00dchendlabor","og_description":"Kliinilise keemia ja laboratoorse hematoloogia osakond Kasvajaantigeen 72-4 (TAG 72) on suure molekulmassiga mutsiin, mida identifitseeritakse kahe monoklonaalse antikeha (CC49 ja B72.3) abil. Seda on histokeemiliste meetodite abil leitud paljude epiteliaalsete kasvajate korral. Selle kasvajamarkeri omap\u00e4raks on suur spetsiifilisus, s.t see annab v\u00e4he valepositiivseid tulemusi. CA 72-4 on kasutusel gastrointestinaalsete tuumorite diagnostikas, aga taseme t\u00f5usu [&hellip;]","og_url":"https:\/\/www.kliinikum.ee\/yhendlabor\/kasiraamat\/kasvajamarkerite-uuringud\/kasvajaantigeen-ca-72-4-sp-ca-72-4\/","og_site_name":"\u00dchendlabor","article_modified_time":"2025-11-26T19:35:41+00:00","twitter_card":"summary_large_image","twitter_misc":{"Est. reading time":"2 minutit"},"schema":{"@context":"https:\/\/schema.org","@graph":[{"@type":"WebPage","@id":"https:\/\/www.kliinikum.ee\/yhendlabor\/kasiraamat\/kasvajamarkerite-uuringud\/kasvajaantigeen-ca-72-4-sp-ca-72-4\/","url":"https:\/\/www.kliinikum.ee\/yhendlabor\/kasiraamat\/kasvajamarkerite-uuringud\/kasvajaantigeen-ca-72-4-sp-ca-72-4\/","name":"Kasvajaantigeen CA 72-4 (S,P-CA 72-4) - \u00dchendlabor","isPartOf":{"@id":"https:\/\/www.kliinikum.ee\/yhendlabor\/#website"},"datePublished":"2025-10-14T10:45:39+00:00","dateModified":"2025-11-26T19:35:41+00:00","breadcrumb":{"@id":"https:\/\/www.kliinikum.ee\/yhendlabor\/kasiraamat\/kasvajamarkerite-uuringud\/kasvajaantigeen-ca-72-4-sp-ca-72-4\/#breadcrumb"},"inLanguage":"et","potentialAction":[{"@type":"ReadAction","target":["https:\/\/www.kliinikum.ee\/yhendlabor\/kasiraamat\/kasvajamarkerite-uuringud\/kasvajaantigeen-ca-72-4-sp-ca-72-4\/"]}]},{"@type":"BreadcrumbList","@id":"https:\/\/www.kliinikum.ee\/yhendlabor\/kasiraamat\/kasvajamarkerite-uuringud\/kasvajaantigeen-ca-72-4-sp-ca-72-4\/#breadcrumb","itemListElement":[{"@type":"ListItem","position":1,"name":"Home","item":"https:\/\/www.kliinikum.ee\/yhendlabor\/"},{"@type":"ListItem","position":2,"name":"K\u00e4siraamat","item":"https:\/\/www.kliinikum.ee\/yhendlabor\/kasiraamat\/"},{"@type":"ListItem","position":3,"name":"Kasvajamarkerite uuringud","item":"https:\/\/www.kliinikum.ee\/yhendlabor\/kasiraamat\/kasvajamarkerite-uuringud\/"},{"@type":"ListItem","position":4,"name":"Kasvajaantigeen CA 72-4 (S,P-CA 72-4)"}]},{"@type":"WebSite","@id":"https:\/\/www.kliinikum.ee\/yhendlabor\/#website","url":"https:\/\/www.kliinikum.ee\/yhendlabor\/","name":"\u00dchendlabor","description":"Hoolivus, Uuendusmeelsus, P\u00e4devus ja Usaldusv\u00e4\u00e4rsus","potentialAction":[{"@type":"SearchAction","target":{"@type":"EntryPoint","urlTemplate":"https:\/\/www.kliinikum.ee\/yhendlabor\/?s={search_term_string}"},"query-input":{"@type":"PropertyValueSpecification","valueRequired":true,"valueName":"search_term_string"}}],"inLanguage":"et"}]}},"uagb_featured_image_src":{"full":false,"thumbnail":false,"medium":false,"medium_large":false,"large":false,"1536x1536":false,"2048x2048":false},"uagb_author_info":{"display_name":"Kadi Siigur","author_link":"https:\/\/www.kliinikum.ee\/yhendlabor\/author\/kadisi\/"},"uagb_comment_info":0,"uagb_excerpt":"Kliinilise keemia ja laboratoorse hematoloogia osakond Kasvajaantigeen 72-4 (TAG 72) on suure molekulmassiga mutsiin, mida identifitseeritakse kahe monoklonaalse antikeha (CC49 ja B72.3) abil. Seda on histokeemiliste meetodite abil leitud paljude epiteliaalsete kasvajate korral. Selle kasvajamarkeri omap\u00e4raks on suur spetsiifilisus, s.t see annab v\u00e4he valepositiivseid tulemusi. CA 72-4 on kasutusel gastrointestinaalsete tuumorite diagnostikas, aga taseme t\u00f5usu&hellip;","_links":{"self":[{"href":"https:\/\/www.kliinikum.ee\/yhendlabor\/wp-json\/wp\/v2\/pages\/13649","targetHints":{"allow":["GET"]}}],"collection":[{"href":"https:\/\/www.kliinikum.ee\/yhendlabor\/wp-json\/wp\/v2\/pages"}],"about":[{"href":"https:\/\/www.kliinikum.ee\/yhendlabor\/wp-json\/wp\/v2\/types\/page"}],"author":[{"embeddable":true,"href":"https:\/\/www.kliinikum.ee\/yhendlabor\/wp-json\/wp\/v2\/users\/38"}],"replies":[{"embeddable":true,"href":"https:\/\/www.kliinikum.ee\/yhendlabor\/wp-json\/wp\/v2\/comments?post=13649"}],"version-history":[{"count":0,"href":"https:\/\/www.kliinikum.ee\/yhendlabor\/wp-json\/wp\/v2\/pages\/13649\/revisions"}],"up":[{"embeddable":true,"href":"https:\/\/www.kliinikum.ee\/yhendlabor\/wp-json\/wp\/v2\/pages\/7280"}],"wp:attachment":[{"href":"https:\/\/www.kliinikum.ee\/yhendlabor\/wp-json\/wp\/v2\/media?parent=13649"}],"curies":[{"name":"wp","href":"https:\/\/api.w.org\/{rel}","templated":true}]}}