{"id":13666,"date":"2025-10-14T13:13:11","date_gmt":"2025-10-14T11:13:11","guid":{"rendered":"https:\/\/www.kliinikum.ee\/yhendlabor\/?page_id=13666"},"modified":"2025-11-26T21:43:18","modified_gmt":"2025-11-26T19:43:18","slug":"mikrosatelliitide-ebastabiilsus-rt-pcr","status":"publish","type":"page","link":"https:\/\/www.kliinikum.ee\/yhendlabor\/kasiraamat\/kasvajamarkerite-uuringud\/mikrosatelliitide-ebastabiilsus-rt-pcr\/","title":{"rendered":"Mikrosatelliitide ebastabiilsus (RT-PCR)"},"content":{"rendered":"\n<p><em>Geneetika ja personaalmeditsiini kliinik, laboratoorse geneetika osakond, molekulaardiagnostika labor, tel. 731 9487, 731 9488<br><a href=\"http:\/\/www.kliinikum.ee\/geneetika\">www.kliinikum.ee\/geneetika<\/a><\/em><\/p>\n\n\n\n<p><strong>Mikrosatelliidid (MS)<\/strong> on genoomis esinevad nukleotiidsed kordused, mille t\u00e4pne funktsioon on teadmata. MS pikkused varieeruvad populatsiooniti, kuid inimese eluea jooksul need ei muutu. Mikrosatelliitide pikkuse muutumine ehk mikrosatelliitide ebastabiilsus (<em>microsatellite instability<\/em> \u2013 MSI) on seotud mutatsioonidega DNA reparatsioonis\u00fcsteemi (<em>mismatch repair genes<\/em> \u2013 MMR) geenides. MSI ise ei p\u00f5hjusta rakkude pahaloomuliseks muutumist, kuid v\u00f5ib viidata vigadele MMR geenides, eelk\u00f5ige MLH1, MSH2, MSH6 ja PMS2geenis. Vead nendes geenides suurendavad omakorda kolorektaalv\u00e4hki ja ka teistesse pahaloomulistesse kasvajatesse haigestumise riski.<\/p>\n\n\n\n<p>MSI p\u00f5hjus v\u00f5ib olla nii sporaadiline kui ka p\u00e4rilik. K\u00f5rge MSI (MSI-H) leitakse ligikaudu 15% k\u00f5ikidest kolorektaalv\u00e4hkidest. Neist 3% on seotud Lynchi s\u00fcndroomiga, \u00fclej\u00e4\u00e4nud 12%-l v\u00f5ivad esineda muud sporaadilised kasvajad.<\/p>\n\n\n\n<p class=\"has-medium-font-size\"><strong>Uuritav muutus<\/strong><\/p>\n\n\n\n<p>Anal\u00fc\u00fcs tuvastab muutused seitsmes homopol\u00fcmeerses MSI lookuses (ACVR2A, BTBD7, DIDO1, MRE11, RYR3, SEC31A ja SULF2). Need biomarkerid on kasvajaspetsiifilised ning nende esinemissagedus kolorektaalv\u00e4hi puhul on stabiilne erinevate etniliste gruppide l\u00f5ikes, tagades seel\u00e4bi anal\u00fc\u00fcsi k\u00f5rge spetsiifilisuse.<\/p>\n\n\n\n<p class=\"has-medium-font-size\"><strong>Uuritav materjal, selle v\u00f5tmine, saatmine ja s\u00e4ilitamine<\/strong><\/p>\n\n\n\n<p>Anal\u00fc\u00fcsi tellimisel tuleb sisestada e-tellimus ja materjaliv\u00f5tjaks m\u00e4\u00e4rata \u201eMaarjam\u00f5isa patoloogia\u201c.<\/p>\n\n\n\n<figure class=\"wp-block-table is-style-stripes\"><table width=\"100%\"><tbody><tr><td width=\"1%\"><\/td><td width=\"20%\"><strong>Katsuti<\/strong><\/td><td width=\"79%\">Fikseeritud koet\u00fckid: 3 steriilset 1,5 mL katsutit<\/td><\/tr><tr><td><\/td><td><strong>Anal\u00fc\u00fcsitav kogus<\/strong><\/td><td>Fikseeritud koel\u00f5igud: soovitavalt kahest erinevast paikmest, 6\u201310 v\u00e4rskelt l\u00f5igatud 10 mm paksust koel\u00f5iku, neist 2\u20133 l\u00f5iku \u00fches 1,5 mL katsutis, kasvajakudet peaks materjalis olema \u2265 20%<\/td><\/tr><tr><td><\/td><td><strong>S\u00e4ilivus<\/strong><\/td><td>Fikseeritud koel\u00f5igud: peale parafiinplokist l\u00f5ikude tegemist 3\u20135 \u00f6\u00f6p\u00e4eva. Peale l\u00f5ikude tegemist hoida +4 \u00b0C. Laborisse v\u00f5ib saata toatemperatuuril.<\/td><\/tr><\/tbody><\/table><\/figure>\n\n\n\n<p class=\"has-medium-font-size\"><strong>Anal\u00fc\u00fcsi tegemise aeg: <\/strong>t\u00f6\u00f6p\u00e4eviti, anal\u00fc\u00fcsi valmimisaeg 3 p\u00e4eva alates laborisse saabumise kuup\u00e4evast.<\/p>\n\n\n\n<p class=\"has-medium-font-size\"><strong>Anal\u00fc\u00fcsimeetod: <\/strong>kvantitatiivne PCR anal\u00fc\u00fcs anal\u00fcsaatoril Idylla<sup>TM <\/sup>&nbsp;(Biocartis)<\/p>\n\n\n\n<p class=\"has-medium-font-size\"><strong>Vastuse vorm<\/strong><\/p>\n\n\n\n<p>Mikrosatelliitide staatus ja interpretatsioon<\/p>\n\n\n\n<ul class=\"wp-block-list\">\n<li>MSI-k\u00f5rge: \u2265 2 markeri seitsmest n\u00e4itavad ebastabiilsust<\/li>\n\n\n\n<li>MS-stabiilne: &lt; 2 markeri seitsmest n\u00e4itab ebastabiilsust<\/li>\n<\/ul>\n\n\n\n<p class=\"has-medium-font-size\"><strong>N\u00e4idustus<\/strong><\/p>\n\n\n\n<p>Immuunravi m\u00e4\u00e4ramiseks.<\/p>\n\n\n\n<p>MSI staatust on soovitav hinnata k\u00f5igil kolorektaal- v\u00f5i endomeetriumi v\u00e4higa patsientidel v\u00f5imaliku Lynchi s\u00fcndroomi tuvastamiseks. Samuti on MSI-H selektiivne marker immunoteraapiaks.<\/p>\n\n\n\n<p>Koostaja: Hanno Roomere<br>Koostatud 28.03.2023<\/p>\n","protected":false},"excerpt":{"rendered":"<p>Geneetika ja personaalmeditsiini kliinik, laboratoorse geneetika osakond, molekulaardiagnostika labor, tel. 731 9487, 731 9488www.kliinikum.ee\/geneetika Mikrosatelliidid (MS) on genoomis esinevad nukleotiidsed kordused, mille t\u00e4pne funktsioon on teadmata. MS pikkused varieeruvad populatsiooniti, kuid inimese eluea jooksul need ei muutu. Mikrosatelliitide pikkuse muutumine ehk mikrosatelliitide ebastabiilsus (microsatellite instability \u2013 MSI) on seotud mutatsioonidega DNA reparatsioonis\u00fcsteemi (mismatch repair genes [&hellip;]<\/p>\n","protected":false},"author":38,"featured_media":0,"parent":7280,"menu_order":15,"comment_status":"closed","ping_status":"closed","template":"","meta":{"_uag_custom_page_level_css":"","footnotes":""},"class_list":["post-13666","page","type-page","status-publish","hentry"],"acf":[],"yoast_head":"<!-- This site is optimized with the Yoast SEO plugin v27.3 - https:\/\/yoast.com\/product\/yoast-seo-wordpress\/ -->\n<title>Mikrosatelliitide ebastabiilsus (RT-PCR) - \u00dchendlabor<\/title>\n<meta name=\"robots\" content=\"index, follow, max-snippet:-1, max-image-preview:large, max-video-preview:-1\" \/>\n<link rel=\"canonical\" href=\"https:\/\/www.kliinikum.ee\/yhendlabor\/kasiraamat\/kasvajamarkerite-uuringud\/mikrosatelliitide-ebastabiilsus-rt-pcr\/\" \/>\n<meta property=\"og:locale\" content=\"et_EE\" \/>\n<meta property=\"og:type\" content=\"article\" \/>\n<meta property=\"og:title\" content=\"Mikrosatelliitide ebastabiilsus (RT-PCR) - \u00dchendlabor\" \/>\n<meta property=\"og:description\" content=\"Geneetika ja personaalmeditsiini kliinik, laboratoorse geneetika osakond, molekulaardiagnostika labor, tel. 731 9487, 731 9488www.kliinikum.ee\/geneetika Mikrosatelliidid (MS) on genoomis esinevad nukleotiidsed kordused, mille t\u00e4pne funktsioon on teadmata. MS pikkused varieeruvad populatsiooniti, kuid inimese eluea jooksul need ei muutu. Mikrosatelliitide pikkuse muutumine ehk mikrosatelliitide ebastabiilsus (microsatellite instability \u2013 MSI) on seotud mutatsioonidega DNA reparatsioonis\u00fcsteemi (mismatch repair genes [&hellip;]\" \/>\n<meta property=\"og:url\" content=\"https:\/\/www.kliinikum.ee\/yhendlabor\/kasiraamat\/kasvajamarkerite-uuringud\/mikrosatelliitide-ebastabiilsus-rt-pcr\/\" \/>\n<meta property=\"og:site_name\" content=\"\u00dchendlabor\" \/>\n<meta property=\"article:modified_time\" content=\"2025-11-26T19:43:18+00:00\" \/>\n<meta name=\"twitter:card\" content=\"summary_large_image\" \/>\n<meta name=\"twitter:label1\" content=\"Est. reading time\" \/>\n\t<meta name=\"twitter:data1\" content=\"2 minutit\" \/>\n<script type=\"application\/ld+json\" class=\"yoast-schema-graph\">{\"@context\":\"https:\\\/\\\/schema.org\",\"@graph\":[{\"@type\":\"WebPage\",\"@id\":\"https:\\\/\\\/www.kliinikum.ee\\\/yhendlabor\\\/kasiraamat\\\/kasvajamarkerite-uuringud\\\/mikrosatelliitide-ebastabiilsus-rt-pcr\\\/\",\"url\":\"https:\\\/\\\/www.kliinikum.ee\\\/yhendlabor\\\/kasiraamat\\\/kasvajamarkerite-uuringud\\\/mikrosatelliitide-ebastabiilsus-rt-pcr\\\/\",\"name\":\"Mikrosatelliitide ebastabiilsus (RT-PCR) - \u00dchendlabor\",\"isPartOf\":{\"@id\":\"https:\\\/\\\/www.kliinikum.ee\\\/yhendlabor\\\/#website\"},\"datePublished\":\"2025-10-14T11:13:11+00:00\",\"dateModified\":\"2025-11-26T19:43:18+00:00\",\"breadcrumb\":{\"@id\":\"https:\\\/\\\/www.kliinikum.ee\\\/yhendlabor\\\/kasiraamat\\\/kasvajamarkerite-uuringud\\\/mikrosatelliitide-ebastabiilsus-rt-pcr\\\/#breadcrumb\"},\"inLanguage\":\"et\",\"potentialAction\":[{\"@type\":\"ReadAction\",\"target\":[\"https:\\\/\\\/www.kliinikum.ee\\\/yhendlabor\\\/kasiraamat\\\/kasvajamarkerite-uuringud\\\/mikrosatelliitide-ebastabiilsus-rt-pcr\\\/\"]}]},{\"@type\":\"BreadcrumbList\",\"@id\":\"https:\\\/\\\/www.kliinikum.ee\\\/yhendlabor\\\/kasiraamat\\\/kasvajamarkerite-uuringud\\\/mikrosatelliitide-ebastabiilsus-rt-pcr\\\/#breadcrumb\",\"itemListElement\":[{\"@type\":\"ListItem\",\"position\":1,\"name\":\"Home\",\"item\":\"https:\\\/\\\/www.kliinikum.ee\\\/yhendlabor\\\/\"},{\"@type\":\"ListItem\",\"position\":2,\"name\":\"K\u00e4siraamat\",\"item\":\"https:\\\/\\\/www.kliinikum.ee\\\/yhendlabor\\\/kasiraamat\\\/\"},{\"@type\":\"ListItem\",\"position\":3,\"name\":\"Kasvajamarkerite uuringud\",\"item\":\"https:\\\/\\\/www.kliinikum.ee\\\/yhendlabor\\\/kasiraamat\\\/kasvajamarkerite-uuringud\\\/\"},{\"@type\":\"ListItem\",\"position\":4,\"name\":\"Mikrosatelliitide ebastabiilsus (RT-PCR)\"}]},{\"@type\":\"WebSite\",\"@id\":\"https:\\\/\\\/www.kliinikum.ee\\\/yhendlabor\\\/#website\",\"url\":\"https:\\\/\\\/www.kliinikum.ee\\\/yhendlabor\\\/\",\"name\":\"\u00dchendlabor\",\"description\":\"Hoolivus, Uuendusmeelsus, P\u00e4devus ja Usaldusv\u00e4\u00e4rsus\",\"potentialAction\":[{\"@type\":\"SearchAction\",\"target\":{\"@type\":\"EntryPoint\",\"urlTemplate\":\"https:\\\/\\\/www.kliinikum.ee\\\/yhendlabor\\\/?s={search_term_string}\"},\"query-input\":{\"@type\":\"PropertyValueSpecification\",\"valueRequired\":true,\"valueName\":\"search_term_string\"}}],\"inLanguage\":\"et\"}]}<\/script>\n<!-- \/ Yoast SEO plugin. -->","yoast_head_json":{"title":"Mikrosatelliitide ebastabiilsus (RT-PCR) - \u00dchendlabor","robots":{"index":"index","follow":"follow","max-snippet":"max-snippet:-1","max-image-preview":"max-image-preview:large","max-video-preview":"max-video-preview:-1"},"canonical":"https:\/\/www.kliinikum.ee\/yhendlabor\/kasiraamat\/kasvajamarkerite-uuringud\/mikrosatelliitide-ebastabiilsus-rt-pcr\/","og_locale":"et_EE","og_type":"article","og_title":"Mikrosatelliitide ebastabiilsus (RT-PCR) - \u00dchendlabor","og_description":"Geneetika ja personaalmeditsiini kliinik, laboratoorse geneetika osakond, molekulaardiagnostika labor, tel. 731 9487, 731 9488www.kliinikum.ee\/geneetika Mikrosatelliidid (MS) on genoomis esinevad nukleotiidsed kordused, mille t\u00e4pne funktsioon on teadmata. MS pikkused varieeruvad populatsiooniti, kuid inimese eluea jooksul need ei muutu. Mikrosatelliitide pikkuse muutumine ehk mikrosatelliitide ebastabiilsus (microsatellite instability \u2013 MSI) on seotud mutatsioonidega DNA reparatsioonis\u00fcsteemi (mismatch repair genes [&hellip;]","og_url":"https:\/\/www.kliinikum.ee\/yhendlabor\/kasiraamat\/kasvajamarkerite-uuringud\/mikrosatelliitide-ebastabiilsus-rt-pcr\/","og_site_name":"\u00dchendlabor","article_modified_time":"2025-11-26T19:43:18+00:00","twitter_card":"summary_large_image","twitter_misc":{"Est. reading time":"2 minutit"},"schema":{"@context":"https:\/\/schema.org","@graph":[{"@type":"WebPage","@id":"https:\/\/www.kliinikum.ee\/yhendlabor\/kasiraamat\/kasvajamarkerite-uuringud\/mikrosatelliitide-ebastabiilsus-rt-pcr\/","url":"https:\/\/www.kliinikum.ee\/yhendlabor\/kasiraamat\/kasvajamarkerite-uuringud\/mikrosatelliitide-ebastabiilsus-rt-pcr\/","name":"Mikrosatelliitide ebastabiilsus (RT-PCR) - \u00dchendlabor","isPartOf":{"@id":"https:\/\/www.kliinikum.ee\/yhendlabor\/#website"},"datePublished":"2025-10-14T11:13:11+00:00","dateModified":"2025-11-26T19:43:18+00:00","breadcrumb":{"@id":"https:\/\/www.kliinikum.ee\/yhendlabor\/kasiraamat\/kasvajamarkerite-uuringud\/mikrosatelliitide-ebastabiilsus-rt-pcr\/#breadcrumb"},"inLanguage":"et","potentialAction":[{"@type":"ReadAction","target":["https:\/\/www.kliinikum.ee\/yhendlabor\/kasiraamat\/kasvajamarkerite-uuringud\/mikrosatelliitide-ebastabiilsus-rt-pcr\/"]}]},{"@type":"BreadcrumbList","@id":"https:\/\/www.kliinikum.ee\/yhendlabor\/kasiraamat\/kasvajamarkerite-uuringud\/mikrosatelliitide-ebastabiilsus-rt-pcr\/#breadcrumb","itemListElement":[{"@type":"ListItem","position":1,"name":"Home","item":"https:\/\/www.kliinikum.ee\/yhendlabor\/"},{"@type":"ListItem","position":2,"name":"K\u00e4siraamat","item":"https:\/\/www.kliinikum.ee\/yhendlabor\/kasiraamat\/"},{"@type":"ListItem","position":3,"name":"Kasvajamarkerite uuringud","item":"https:\/\/www.kliinikum.ee\/yhendlabor\/kasiraamat\/kasvajamarkerite-uuringud\/"},{"@type":"ListItem","position":4,"name":"Mikrosatelliitide ebastabiilsus (RT-PCR)"}]},{"@type":"WebSite","@id":"https:\/\/www.kliinikum.ee\/yhendlabor\/#website","url":"https:\/\/www.kliinikum.ee\/yhendlabor\/","name":"\u00dchendlabor","description":"Hoolivus, Uuendusmeelsus, P\u00e4devus ja Usaldusv\u00e4\u00e4rsus","potentialAction":[{"@type":"SearchAction","target":{"@type":"EntryPoint","urlTemplate":"https:\/\/www.kliinikum.ee\/yhendlabor\/?s={search_term_string}"},"query-input":{"@type":"PropertyValueSpecification","valueRequired":true,"valueName":"search_term_string"}}],"inLanguage":"et"}]}},"uagb_featured_image_src":{"full":false,"thumbnail":false,"medium":false,"medium_large":false,"large":false,"1536x1536":false,"2048x2048":false},"uagb_author_info":{"display_name":"Kadi Siigur","author_link":"https:\/\/www.kliinikum.ee\/yhendlabor\/author\/kadisi\/"},"uagb_comment_info":0,"uagb_excerpt":"Geneetika ja personaalmeditsiini kliinik, laboratoorse geneetika osakond, molekulaardiagnostika labor, tel. 731 9487, 731 9488www.kliinikum.ee\/geneetika Mikrosatelliidid (MS) on genoomis esinevad nukleotiidsed kordused, mille t\u00e4pne funktsioon on teadmata. MS pikkused varieeruvad populatsiooniti, kuid inimese eluea jooksul need ei muutu. Mikrosatelliitide pikkuse muutumine ehk mikrosatelliitide ebastabiilsus (microsatellite instability \u2013 MSI) on seotud mutatsioonidega DNA reparatsioonis\u00fcsteemi (mismatch repair genes&hellip;","_links":{"self":[{"href":"https:\/\/www.kliinikum.ee\/yhendlabor\/wp-json\/wp\/v2\/pages\/13666","targetHints":{"allow":["GET"]}}],"collection":[{"href":"https:\/\/www.kliinikum.ee\/yhendlabor\/wp-json\/wp\/v2\/pages"}],"about":[{"href":"https:\/\/www.kliinikum.ee\/yhendlabor\/wp-json\/wp\/v2\/types\/page"}],"author":[{"embeddable":true,"href":"https:\/\/www.kliinikum.ee\/yhendlabor\/wp-json\/wp\/v2\/users\/38"}],"replies":[{"embeddable":true,"href":"https:\/\/www.kliinikum.ee\/yhendlabor\/wp-json\/wp\/v2\/comments?post=13666"}],"version-history":[{"count":0,"href":"https:\/\/www.kliinikum.ee\/yhendlabor\/wp-json\/wp\/v2\/pages\/13666\/revisions"}],"up":[{"embeddable":true,"href":"https:\/\/www.kliinikum.ee\/yhendlabor\/wp-json\/wp\/v2\/pages\/7280"}],"wp:attachment":[{"href":"https:\/\/www.kliinikum.ee\/yhendlabor\/wp-json\/wp\/v2\/media?parent=13666"}],"curies":[{"name":"wp","href":"https:\/\/api.w.org\/{rel}","templated":true}]}}