{"id":13669,"date":"2025-10-14T13:20:08","date_gmt":"2025-10-14T11:20:08","guid":{"rendered":"https:\/\/www.kliinikum.ee\/yhendlabor\/?page_id=13669"},"modified":"2025-11-26T21:47:36","modified_gmt":"2025-11-26T19:47:36","slug":"neuronspetsiifiline-enolaas-s-nse","status":"publish","type":"page","link":"https:\/\/www.kliinikum.ee\/yhendlabor\/kasiraamat\/kasvajamarkerite-uuringud\/neuronspetsiifiline-enolaas-s-nse\/","title":{"rendered":"Neuronspetsiifiline enolaas (S-NSE)"},"content":{"rendered":"\n<p><em>Kliinilise keemia ja laboratoorse hematoloogia osakond<\/em><\/p>\n\n\n\n<p><strong>Neuronspetsiifiline enolaas (NSE)<\/strong> on gl\u00fckol\u00fc\u00fctilise ens\u00fc\u00fcmi \u2013 enolaasi \u2013 rakuspetsiifiline isoens\u00fc\u00fcm. Enolaasil on viis isoens\u00fc\u00fcmi, mis tekivad kolme ala\u00fchiku (alfa, beeta ja gamma) kombineerumisel. NSE on gammaisoens\u00fc\u00fcm, mis formeerub kahest gamma-ala\u00fchikust. Seda s\u00fcnteesitakse tsentraalsetes ja perifeersetes neuronites ning neuroendokriinsetes rakkudes.<\/p>\n\n\n\n<p class=\"has-medium-font-size\"><strong>Uuritav materjal, selle v\u00f5tmine, saatmine ja s\u00e4ilitamine<\/strong><\/p>\n\n\n\n<p><em>Materjal ei tohi olla hemol\u00fc\u00fctiline! Veri tuleb tsentrifuugida \u00fche tunni jooksul peale prooviv\u00f5ttu!<\/em><\/p>\n\n\n\n<figure class=\"wp-block-table is-style-stripes\"><table width=\"100%\"><tbody><tr><td width=\"1%\"><\/td><td width=\"15%\"><strong>Katsuti<\/strong><\/td><td width=\"84%\">Geeli ja h\u00fc\u00fcbimisaktivaatoriga katsuti (punane kollase r\u00f5ngaga v\u00f5i kollane kork)<\/td><\/tr><tr><td><\/td><td><strong>S\u00e4ilivus<\/strong><\/td><td>Seerum toatemperatuuril kaks p\u00e4eva,\u00a0+4 \u00b0C viis p\u00e4eva, -20 \u00b0C kolm kuud<\/td><\/tr><\/tbody><\/table><\/figure>\n\n\n\n<p class=\"has-medium-font-size\"><strong>Anal\u00fc\u00fcsi tegemise aeg:<\/strong> kaks korda n\u00e4dalas (kolmap\u00e4eviti ja reedeti)<\/p>\n\n\n\n<p class=\"has-medium-font-size\"><strong>Anal\u00fc\u00fcsimeetod: <\/strong>elektrokemoluminestsents-immuunmeetod (ECLIA)<\/p>\n\n\n\n<p class=\"has-medium-font-size\"><strong>Referentsv\u00e4\u00e4rtused<\/strong><\/p>\n\n\n\n<figure class=\"wp-block-table\"><table width=\"100%\"><tbody><tr><td width=\"1%\"><\/td><td width=\"30%\"><strong>\u2265 18 a<\/strong><\/td><td width=\"69%\">&lt; 16,3 \u00b5g\/L<\/td><\/tr><\/tbody><\/table><\/figure>\n\n\n\n<p class=\"has-medium-font-size\"><strong>N\u00e4idustus ja kliiniline t\u00e4hendus<\/strong><\/p>\n\n\n\n<p>Abiuuring neuroendokriinsete tuumorite (kartsinoid, neuroblastoom jt) ja v\u00e4ikerakulise kopsuv\u00e4hi diagnostikas, ravi j\u00e4lgimisel, retsidiivide tekke ja prognoosi hindamisel.<\/p>\n\n\n\n<p>Neuroendokriinsete tuumorite puhul kasutatakse NSE-d kombinatsioonis kromograniin A (CgA), 5-h\u00fcdroks\u00fcindool\u00e4\u00e4dikhappe (5-HIAA) jt kasvajamarkeritega. K\u00f5rgenenud NSE taset leitakse sagedamini kaugelearenenud metastaatilise protsessi korral ja see korreleerub halvema prognoosiga.<\/p>\n\n\n\n<p>V\u00e4ikerakulise kopsuv\u00e4hi puhul kasutatakse NSE-d kombinatsioonis proGRP-ga (kooskasutades on diagnostiline sensitiivsus 70\u00ad\u201390%). NSE tase korreleerub kasvaja suurusega, metastaaside arvuga ja prognoosiga, taseme v\u00e4henemise j\u00e4rgi saab hinnata ravivastust.<\/p>\n\n\n\n<p>NSE tase v\u00f5ib olla k\u00f5rgem lisaks eelnimetatutele ka paljude teiste pahaloomuliste kasvajate korral, aga samuti maksahaiguste, neuropaatiate, neerupuudulikkuse, intratserebraalse hemorraagia v\u00f5i isheemia, peatraumade ja Creutzfeldt-Jakobi t\u00f5ve korral. Kuna er\u00fctrots\u00fc\u00fcdid sisaldavad enolaasi alfa-gamma isoens\u00fc\u00fcmi, siis tuleb valepositiivsetest tulemustest hoidumiseks v\u00e4ltida hemol\u00fc\u00fcsi ning proovimaterjal tsentrifuugida \u00fche tunni jooksul peale v\u00f5tmist.<\/p>\n\n\n\n<p>Koostaja: Kaja Vaagen<br>Muudetud 20.06.2020<\/p>\n","protected":false},"excerpt":{"rendered":"<p>Kliinilise keemia ja laboratoorse hematoloogia osakond Neuronspetsiifiline enolaas (NSE) on gl\u00fckol\u00fc\u00fctilise ens\u00fc\u00fcmi \u2013 enolaasi \u2013 rakuspetsiifiline isoens\u00fc\u00fcm. Enolaasil on viis isoens\u00fc\u00fcmi, mis tekivad kolme ala\u00fchiku (alfa, beeta ja gamma) kombineerumisel. NSE on gammaisoens\u00fc\u00fcm, mis formeerub kahest gamma-ala\u00fchikust. Seda s\u00fcnteesitakse tsentraalsetes ja perifeersetes neuronites ning neuroendokriinsetes rakkudes. Uuritav materjal, selle v\u00f5tmine, saatmine ja s\u00e4ilitamine Materjal ei [&hellip;]<\/p>\n","protected":false},"author":38,"featured_media":0,"parent":7280,"menu_order":16,"comment_status":"closed","ping_status":"closed","template":"","meta":{"_uag_custom_page_level_css":"","footnotes":""},"class_list":["post-13669","page","type-page","status-publish","hentry"],"acf":[],"yoast_head":"<!-- This site is optimized with the Yoast SEO plugin v27.3 - https:\/\/yoast.com\/product\/yoast-seo-wordpress\/ -->\n<title>Neuronspetsiifiline enolaas (S-NSE) - \u00dchendlabor<\/title>\n<meta name=\"robots\" content=\"index, follow, max-snippet:-1, max-image-preview:large, max-video-preview:-1\" \/>\n<link rel=\"canonical\" href=\"https:\/\/www.kliinikum.ee\/yhendlabor\/kasiraamat\/kasvajamarkerite-uuringud\/neuronspetsiifiline-enolaas-s-nse\/\" \/>\n<meta property=\"og:locale\" content=\"et_EE\" \/>\n<meta property=\"og:type\" content=\"article\" \/>\n<meta property=\"og:title\" content=\"Neuronspetsiifiline enolaas (S-NSE) - \u00dchendlabor\" \/>\n<meta property=\"og:description\" content=\"Kliinilise keemia ja laboratoorse hematoloogia osakond Neuronspetsiifiline enolaas (NSE) on gl\u00fckol\u00fc\u00fctilise ens\u00fc\u00fcmi \u2013 enolaasi \u2013 rakuspetsiifiline isoens\u00fc\u00fcm. Enolaasil on viis isoens\u00fc\u00fcmi, mis tekivad kolme ala\u00fchiku (alfa, beeta ja gamma) kombineerumisel. NSE on gammaisoens\u00fc\u00fcm, mis formeerub kahest gamma-ala\u00fchikust. Seda s\u00fcnteesitakse tsentraalsetes ja perifeersetes neuronites ning neuroendokriinsetes rakkudes. Uuritav materjal, selle v\u00f5tmine, saatmine ja s\u00e4ilitamine Materjal ei [&hellip;]\" \/>\n<meta property=\"og:url\" content=\"https:\/\/www.kliinikum.ee\/yhendlabor\/kasiraamat\/kasvajamarkerite-uuringud\/neuronspetsiifiline-enolaas-s-nse\/\" \/>\n<meta property=\"og:site_name\" content=\"\u00dchendlabor\" \/>\n<meta property=\"article:modified_time\" content=\"2025-11-26T19:47:36+00:00\" \/>\n<meta name=\"twitter:card\" content=\"summary_large_image\" \/>\n<meta name=\"twitter:label1\" content=\"Est. reading time\" \/>\n\t<meta name=\"twitter:data1\" content=\"2 minutit\" \/>\n<script type=\"application\/ld+json\" class=\"yoast-schema-graph\">{\"@context\":\"https:\\\/\\\/schema.org\",\"@graph\":[{\"@type\":\"WebPage\",\"@id\":\"https:\\\/\\\/www.kliinikum.ee\\\/yhendlabor\\\/kasiraamat\\\/kasvajamarkerite-uuringud\\\/neuronspetsiifiline-enolaas-s-nse\\\/\",\"url\":\"https:\\\/\\\/www.kliinikum.ee\\\/yhendlabor\\\/kasiraamat\\\/kasvajamarkerite-uuringud\\\/neuronspetsiifiline-enolaas-s-nse\\\/\",\"name\":\"Neuronspetsiifiline enolaas (S-NSE) - \u00dchendlabor\",\"isPartOf\":{\"@id\":\"https:\\\/\\\/www.kliinikum.ee\\\/yhendlabor\\\/#website\"},\"datePublished\":\"2025-10-14T11:20:08+00:00\",\"dateModified\":\"2025-11-26T19:47:36+00:00\",\"breadcrumb\":{\"@id\":\"https:\\\/\\\/www.kliinikum.ee\\\/yhendlabor\\\/kasiraamat\\\/kasvajamarkerite-uuringud\\\/neuronspetsiifiline-enolaas-s-nse\\\/#breadcrumb\"},\"inLanguage\":\"et\",\"potentialAction\":[{\"@type\":\"ReadAction\",\"target\":[\"https:\\\/\\\/www.kliinikum.ee\\\/yhendlabor\\\/kasiraamat\\\/kasvajamarkerite-uuringud\\\/neuronspetsiifiline-enolaas-s-nse\\\/\"]}]},{\"@type\":\"BreadcrumbList\",\"@id\":\"https:\\\/\\\/www.kliinikum.ee\\\/yhendlabor\\\/kasiraamat\\\/kasvajamarkerite-uuringud\\\/neuronspetsiifiline-enolaas-s-nse\\\/#breadcrumb\",\"itemListElement\":[{\"@type\":\"ListItem\",\"position\":1,\"name\":\"Home\",\"item\":\"https:\\\/\\\/www.kliinikum.ee\\\/yhendlabor\\\/\"},{\"@type\":\"ListItem\",\"position\":2,\"name\":\"K\u00e4siraamat\",\"item\":\"https:\\\/\\\/www.kliinikum.ee\\\/yhendlabor\\\/kasiraamat\\\/\"},{\"@type\":\"ListItem\",\"position\":3,\"name\":\"Kasvajamarkerite uuringud\",\"item\":\"https:\\\/\\\/www.kliinikum.ee\\\/yhendlabor\\\/kasiraamat\\\/kasvajamarkerite-uuringud\\\/\"},{\"@type\":\"ListItem\",\"position\":4,\"name\":\"Neuronspetsiifiline enolaas (S-NSE)\"}]},{\"@type\":\"WebSite\",\"@id\":\"https:\\\/\\\/www.kliinikum.ee\\\/yhendlabor\\\/#website\",\"url\":\"https:\\\/\\\/www.kliinikum.ee\\\/yhendlabor\\\/\",\"name\":\"\u00dchendlabor\",\"description\":\"Hoolivus, Uuendusmeelsus, P\u00e4devus ja Usaldusv\u00e4\u00e4rsus\",\"potentialAction\":[{\"@type\":\"SearchAction\",\"target\":{\"@type\":\"EntryPoint\",\"urlTemplate\":\"https:\\\/\\\/www.kliinikum.ee\\\/yhendlabor\\\/?s={search_term_string}\"},\"query-input\":{\"@type\":\"PropertyValueSpecification\",\"valueRequired\":true,\"valueName\":\"search_term_string\"}}],\"inLanguage\":\"et\"}]}<\/script>\n<!-- \/ Yoast SEO plugin. -->","yoast_head_json":{"title":"Neuronspetsiifiline enolaas (S-NSE) - \u00dchendlabor","robots":{"index":"index","follow":"follow","max-snippet":"max-snippet:-1","max-image-preview":"max-image-preview:large","max-video-preview":"max-video-preview:-1"},"canonical":"https:\/\/www.kliinikum.ee\/yhendlabor\/kasiraamat\/kasvajamarkerite-uuringud\/neuronspetsiifiline-enolaas-s-nse\/","og_locale":"et_EE","og_type":"article","og_title":"Neuronspetsiifiline enolaas (S-NSE) - \u00dchendlabor","og_description":"Kliinilise keemia ja laboratoorse hematoloogia osakond Neuronspetsiifiline enolaas (NSE) on gl\u00fckol\u00fc\u00fctilise ens\u00fc\u00fcmi \u2013 enolaasi \u2013 rakuspetsiifiline isoens\u00fc\u00fcm. Enolaasil on viis isoens\u00fc\u00fcmi, mis tekivad kolme ala\u00fchiku (alfa, beeta ja gamma) kombineerumisel. NSE on gammaisoens\u00fc\u00fcm, mis formeerub kahest gamma-ala\u00fchikust. Seda s\u00fcnteesitakse tsentraalsetes ja perifeersetes neuronites ning neuroendokriinsetes rakkudes. Uuritav materjal, selle v\u00f5tmine, saatmine ja s\u00e4ilitamine Materjal ei [&hellip;]","og_url":"https:\/\/www.kliinikum.ee\/yhendlabor\/kasiraamat\/kasvajamarkerite-uuringud\/neuronspetsiifiline-enolaas-s-nse\/","og_site_name":"\u00dchendlabor","article_modified_time":"2025-11-26T19:47:36+00:00","twitter_card":"summary_large_image","twitter_misc":{"Est. reading time":"2 minutit"},"schema":{"@context":"https:\/\/schema.org","@graph":[{"@type":"WebPage","@id":"https:\/\/www.kliinikum.ee\/yhendlabor\/kasiraamat\/kasvajamarkerite-uuringud\/neuronspetsiifiline-enolaas-s-nse\/","url":"https:\/\/www.kliinikum.ee\/yhendlabor\/kasiraamat\/kasvajamarkerite-uuringud\/neuronspetsiifiline-enolaas-s-nse\/","name":"Neuronspetsiifiline enolaas (S-NSE) - \u00dchendlabor","isPartOf":{"@id":"https:\/\/www.kliinikum.ee\/yhendlabor\/#website"},"datePublished":"2025-10-14T11:20:08+00:00","dateModified":"2025-11-26T19:47:36+00:00","breadcrumb":{"@id":"https:\/\/www.kliinikum.ee\/yhendlabor\/kasiraamat\/kasvajamarkerite-uuringud\/neuronspetsiifiline-enolaas-s-nse\/#breadcrumb"},"inLanguage":"et","potentialAction":[{"@type":"ReadAction","target":["https:\/\/www.kliinikum.ee\/yhendlabor\/kasiraamat\/kasvajamarkerite-uuringud\/neuronspetsiifiline-enolaas-s-nse\/"]}]},{"@type":"BreadcrumbList","@id":"https:\/\/www.kliinikum.ee\/yhendlabor\/kasiraamat\/kasvajamarkerite-uuringud\/neuronspetsiifiline-enolaas-s-nse\/#breadcrumb","itemListElement":[{"@type":"ListItem","position":1,"name":"Home","item":"https:\/\/www.kliinikum.ee\/yhendlabor\/"},{"@type":"ListItem","position":2,"name":"K\u00e4siraamat","item":"https:\/\/www.kliinikum.ee\/yhendlabor\/kasiraamat\/"},{"@type":"ListItem","position":3,"name":"Kasvajamarkerite uuringud","item":"https:\/\/www.kliinikum.ee\/yhendlabor\/kasiraamat\/kasvajamarkerite-uuringud\/"},{"@type":"ListItem","position":4,"name":"Neuronspetsiifiline enolaas (S-NSE)"}]},{"@type":"WebSite","@id":"https:\/\/www.kliinikum.ee\/yhendlabor\/#website","url":"https:\/\/www.kliinikum.ee\/yhendlabor\/","name":"\u00dchendlabor","description":"Hoolivus, Uuendusmeelsus, P\u00e4devus ja Usaldusv\u00e4\u00e4rsus","potentialAction":[{"@type":"SearchAction","target":{"@type":"EntryPoint","urlTemplate":"https:\/\/www.kliinikum.ee\/yhendlabor\/?s={search_term_string}"},"query-input":{"@type":"PropertyValueSpecification","valueRequired":true,"valueName":"search_term_string"}}],"inLanguage":"et"}]}},"uagb_featured_image_src":{"full":false,"thumbnail":false,"medium":false,"medium_large":false,"large":false,"1536x1536":false,"2048x2048":false},"uagb_author_info":{"display_name":"Kadi Siigur","author_link":"https:\/\/www.kliinikum.ee\/yhendlabor\/author\/kadisi\/"},"uagb_comment_info":0,"uagb_excerpt":"Kliinilise keemia ja laboratoorse hematoloogia osakond Neuronspetsiifiline enolaas (NSE) on gl\u00fckol\u00fc\u00fctilise ens\u00fc\u00fcmi \u2013 enolaasi \u2013 rakuspetsiifiline isoens\u00fc\u00fcm. Enolaasil on viis isoens\u00fc\u00fcmi, mis tekivad kolme ala\u00fchiku (alfa, beeta ja gamma) kombineerumisel. NSE on gammaisoens\u00fc\u00fcm, mis formeerub kahest gamma-ala\u00fchikust. Seda s\u00fcnteesitakse tsentraalsetes ja perifeersetes neuronites ning neuroendokriinsetes rakkudes. Uuritav materjal, selle v\u00f5tmine, saatmine ja s\u00e4ilitamine Materjal ei&hellip;","_links":{"self":[{"href":"https:\/\/www.kliinikum.ee\/yhendlabor\/wp-json\/wp\/v2\/pages\/13669","targetHints":{"allow":["GET"]}}],"collection":[{"href":"https:\/\/www.kliinikum.ee\/yhendlabor\/wp-json\/wp\/v2\/pages"}],"about":[{"href":"https:\/\/www.kliinikum.ee\/yhendlabor\/wp-json\/wp\/v2\/types\/page"}],"author":[{"embeddable":true,"href":"https:\/\/www.kliinikum.ee\/yhendlabor\/wp-json\/wp\/v2\/users\/38"}],"replies":[{"embeddable":true,"href":"https:\/\/www.kliinikum.ee\/yhendlabor\/wp-json\/wp\/v2\/comments?post=13669"}],"version-history":[{"count":0,"href":"https:\/\/www.kliinikum.ee\/yhendlabor\/wp-json\/wp\/v2\/pages\/13669\/revisions"}],"up":[{"embeddable":true,"href":"https:\/\/www.kliinikum.ee\/yhendlabor\/wp-json\/wp\/v2\/pages\/7280"}],"wp:attachment":[{"href":"https:\/\/www.kliinikum.ee\/yhendlabor\/wp-json\/wp\/v2\/media?parent=13669"}],"curies":[{"name":"wp","href":"https:\/\/api.w.org\/{rel}","templated":true}]}}