{"id":13673,"date":"2025-10-14T13:29:12","date_gmt":"2025-10-14T11:29:12","guid":{"rendered":"https:\/\/www.kliinikum.ee\/yhendlabor\/?page_id=13673"},"modified":"2025-11-26T21:50:11","modified_gmt":"2025-11-26T19:50:11","slug":"prostataspetsiifiline-antigeen-sp-psa","status":"publish","type":"page","link":"https:\/\/www.kliinikum.ee\/yhendlabor\/kasiraamat\/kasvajamarkerite-uuringud\/prostataspetsiifiline-antigeen-sp-psa\/","title":{"rendered":"Prostataspetsiifiline antigeen (S,P-PSA)"},"content":{"rendered":"\n<p><em>Kliinilise keemia ja laboratoorse hematoloogia osakond<\/em><\/p>\n\n\n\n<p><strong>Prostataspetsiifiline antigeen (PSA)<\/strong> on proteol\u00fc\u00fctiline ens\u00fc\u00fcm, mida s\u00fcnteesitakse peamiselt eesn\u00e4\u00e4rmekoes vastavalt meessuguhormoonide regulatsioonile. PSA f\u00fcsioloogiline roll on spermatosoididele sobiva keskkonna loomine seminaalplasmas. PSA kontsentratsioon on k\u00f5rge (1\u20135 g\/L) eesn\u00e4\u00e4rme sekreedis. V\u00e4hene hulk PSA-d satub meestel ka vereringesse, kus see moodustab komplekse vere proteaaside inhibiitoritega. PSA kontsentratsioon seerumis on normaalselt v\u00e4ga madal, kuid t\u00f5useb eesn\u00e4\u00e4rmehaiguste korral, eriti eesn\u00e4\u00e4rme kasvajate puhul.<\/p>\n\n\n\n<p class=\"has-medium-font-size\"><strong>Uuritav materjal, selle v\u00f5tmine, saatmine ja s\u00e4ilitamine<\/strong><\/p>\n\n\n\n<p>Proov tuleb v\u00f5tta enne prostata palpatsiooni v\u00f5i teisi eesn\u00e4\u00e4ret traumeerivaid protseduure v\u00f5i 2\u20133 p\u00e4eva p\u00e4rast neid. Prostata biopsia v\u00f5i muude kirurgiliste protseduuride ning eesn\u00e4\u00e4rmep\u00f5letiku j\u00e4rgselt peaks vahe prooviv\u00f5tuga olema 2\u20133 n\u00e4dalat.<\/p>\n\n\n\n<figure class=\"wp-block-table is-style-stripes\"><table width=\"100%\"><tbody><tr><td width=\"1%\"><\/td><td width=\"15%\"><strong>Katsuti<\/strong><\/td><td width=\"84%\">Geeli ja h\u00fc\u00fcbimisaktivaatoriga katsuti (kollane kork) v\u00f5i geeliga LH-katsuti<\/td><\/tr><tr><td><\/td><td><strong>S\u00e4ilivus<\/strong><\/td><td>Seerum toatemperatuuril 24 tundi, +4 \u00b0C viis p\u00e4eva, -20 \u00b0C kuus kuud<\/td><\/tr><\/tbody><\/table><\/figure>\n\n\n\n<p class=\"has-medium-font-size\"><strong>Anal\u00fc\u00fcsi tegemise aeg:<\/strong> t\u00f6\u00f6p\u00e4eviti<\/p>\n\n\n\n<p class=\"has-medium-font-size\"><strong>Anal\u00fc\u00fcsimeetod: <\/strong>elektrokemoluminestsents-immuunmeetod (ECLIA)<\/p>\n\n\n\n<p class=\"has-medium-font-size\"><strong>Referentsv\u00e4\u00e4rtused<\/strong><\/p>\n\n\n\n<figure class=\"wp-block-table\"><table width=\"100%\"><tbody><tr><td width=\"1%\"><\/td><td width=\"30%\"><strong>&lt; 40 a<\/strong><\/td><td width=\"69%\">&lt; 1,4 \u00b5g\/L<\/td><\/tr><tr><td><\/td><td><strong>40 a \u2013 &lt; 50 a<\/strong><\/td><td>&lt; 2,0 \u00b5g\/L<\/td><\/tr><tr><td><\/td><td><strong>50 a \u2013 &lt; 60 a<\/strong><\/td><td>&lt; 3,1 \u00b5g\/L<\/td><\/tr><tr><td><\/td><td><strong>60 a \u2013 &lt; 70 a<\/strong><\/td><td>&lt; 4,1 \u00b5g\/L<\/td><\/tr><tr><td><\/td><td><strong>\u2265 70 a<\/strong><\/td><td>&lt; 4,4 \u00b5g\/L<\/td><\/tr><\/tbody><\/table><\/figure>\n\n\n\n<p>Siiani puudub \u00fchtne seisukoht PSA referentsv\u00e4\u00e4rtuste osas, kuid t\u00e4nap\u00e4eval tunnistatakse, et PSA on vanusespetsiifiline n\u00e4itaja ja selle sisaldus veres suureneb seoses vanuse ja eesn\u00e4\u00e4rme suurenemisega.<\/p>\n\n\n\n<p>Esmatasandi patsiendi k\u00e4sitluses vt otsustuspiire: Meeste kusemish\u00e4irete k\u00e4sitlus- ja ravijuhend perearstidele (Eesti Arst 2011; 90(5):241-242).<\/p>\n\n\n\n<p class=\"has-medium-font-size\"><strong>N\u00e4idustus ja kliiniline t\u00e4hendus<\/strong><\/p>\n\n\n\n<p>Lisauuring eesn\u00e4\u00e4rmehaiguste diagnostikas, raviefektiivsuse hindamisel ja haiguskulu j\u00e4lgimisel ning prognoosi m\u00e4\u00e4ramisel.<\/p>\n\n\n\n<p>PSA on eesn\u00e4\u00e4rme koespetsiifiline antigeen, mitte kasvajaspetsiifiline antigeen. Suurenenud PSA v\u00e4\u00e4rtused esinevad nii eesn\u00e4\u00e4rme kasvaja kui ka eesn\u00e4\u00e4rme healoomulise h\u00fcperplaasia, \u00e4geda ja kroonilise p\u00f5letiku, trauma ning kuseteede infektsioonide korral. Seega peab tulemusi alati hindama kliinilise pildi, f\u00fc\u00fcsikaliste, radioloogiliste ja histoloogiliste tulemustega kompleksis.<\/p>\n\n\n\n<p>PSA v\u00e4\u00e4rtused &gt; 20 \u00b5g\/L viitavad suure t\u00f5en\u00e4osusega maliigsele protsessile eesn\u00e4\u00e4rmes, kuid m\u00f5\u00f5dukalt suurenenud v\u00f5i referentsvahemikus PSA v\u00e4\u00e4rtused ei v\u00e4lista kasvajat. Peale kasvaja radikaalset eemaldamist langeb PSA nivoo seerumis kiiresti (poolv\u00e4\u00e4rtusaeg 2\u20133 p\u00e4eva), remissioonis p\u00fcsib madalana ning t\u00f5useb taas retsidiivi puhul. P\u00e4rast hormoonravi ei kajasta PSA alati kasvaja k\u00e4itumist \u2013 antiandrogeenne ravi v\u00f5ib v\u00e4hendada PSA taset kasvaja progressioonist s\u00f5ltumata. Esimene anal\u00fc\u00fcs ehk nn baasnivoo on soovitav m\u00e4\u00e4rata \u00fcks kuu p\u00e4rast prostatektoomiat ning edaspidi teostada PSA m\u00f5\u00f5tmisi vastavalt raviprotokollile, avastamaks PSA taseme t\u00f5usu operatsioonij\u00e4rgsega v\u00f5rreldes.<\/p>\n\n\n\n<p>Ravitud eesn\u00e4\u00e4rmev\u00e4higa haigetel on oluliseks laboratoorseks n\u00e4itajaks PSA \u00fcldhulga d\u00fcnaamika: <\/p>\n\n\n\n<ol class=\"wp-block-list\">\n<li>PSA v\u00e4\u00e4rtuse suurenemine aastas (<em>PSA velocity<\/em> e PSAV, \u00b5g\/L\/a) ja<\/li>\n\n\n\n<li>PSA kahekordistumise aeg (<em>PSA doubling time<\/em>, PSADT).<\/li>\n<\/ol>\n\n\n\n<p>Prostata healoomulise h\u00fcperplaasia korral j\u00e4\u00e4vad PSA v\u00e4\u00e4rtused enamasti referentsvahemiku piiridesse, v\u00e4ga harva on leitud &gt; 10 \u00b5g\/L tulemusi.<\/p>\n\n\n\n<p>Suurenenud PSA v\u00e4\u00e4rtused v\u00f5ivad esineda ka eesn\u00e4\u00e4rme p\u00f5letike (\u00e4ge, krooniline bakteriaalne, mittebakteriaalne prostatiit) korral, k\u00f5ige sagedamini t\u00f5stab PSA taset eesn\u00e4\u00e4rme krooniline p\u00f5letik. On leitud, et p\u00f5letiku ulatuse, agressiivsuse ning PSA taseme vahel esineb oluline seos. Ka subkliiniline ja as\u00fcmptomaatiline eesn\u00e4\u00e4rmep\u00f5letik v\u00f5ivad anda m\u00e4rgatavat PSA taseme t\u00f5usu.<\/p>\n\n\n\n<p><em>Muud segavad faktorid<\/em><\/p>\n\n\n\n<p>PSA taset seerumis t\u00f5stavad hiljutine seemnepurse, verev\u00f5tule eelnev pikem jalgrattas\u00f5it ja testosteroon, langetavad (kuni 50% 6-kuulise ravi j\u00e4rgselt) 5-alfa-reduktaasi inhibiitorid finasteriid ja dutasteriid. PSA tulemuste t\u00f5lgendamist v\u00f5ivad segada PSA sisalduse juhuslikud k\u00f5ikumised.<\/p>\n\n\n\n<p>Vt ka: <a href=\"https:\/\/www.kliinikum.ee\/yhendlabor\/kasiraamat\/kasvajamarkerite-uuringud\/vaba-prostataspetsiifiline-antigeen-sp-fpsa-vaba-prostataspetsiifilise-antigeeni-sp-fpsa\/\">Vaba prostataspetsiifiline antigeen<\/a><\/p>\n\n\n\n<p>Koostajad: Ly Aru, Kaja Vaagen<br>Muudetud 23.02.2021<\/p>\n","protected":false},"excerpt":{"rendered":"<p>Kliinilise keemia ja laboratoorse hematoloogia osakond Prostataspetsiifiline antigeen (PSA) on proteol\u00fc\u00fctiline ens\u00fc\u00fcm, mida s\u00fcnteesitakse peamiselt eesn\u00e4\u00e4rmekoes vastavalt meessuguhormoonide regulatsioonile. PSA f\u00fcsioloogiline roll on spermatosoididele sobiva keskkonna loomine seminaalplasmas. PSA kontsentratsioon on k\u00f5rge (1\u20135 g\/L) eesn\u00e4\u00e4rme sekreedis. V\u00e4hene hulk PSA-d satub meestel ka vereringesse, kus see moodustab komplekse vere proteaaside inhibiitoritega. PSA kontsentratsioon seerumis on normaalselt [&hellip;]<\/p>\n","protected":false},"author":38,"featured_media":0,"parent":7280,"menu_order":17,"comment_status":"closed","ping_status":"closed","template":"","meta":{"_uag_custom_page_level_css":"","footnotes":""},"class_list":["post-13673","page","type-page","status-publish","hentry"],"acf":[],"yoast_head":"<!-- This site is optimized with the Yoast SEO plugin v27.3 - https:\/\/yoast.com\/product\/yoast-seo-wordpress\/ -->\n<title>Prostataspetsiifiline antigeen (S,P-PSA) - \u00dchendlabor<\/title>\n<meta name=\"robots\" content=\"index, follow, max-snippet:-1, max-image-preview:large, max-video-preview:-1\" \/>\n<link rel=\"canonical\" href=\"https:\/\/www.kliinikum.ee\/yhendlabor\/kasiraamat\/kasvajamarkerite-uuringud\/prostataspetsiifiline-antigeen-sp-psa\/\" \/>\n<meta property=\"og:locale\" content=\"et_EE\" \/>\n<meta property=\"og:type\" content=\"article\" \/>\n<meta property=\"og:title\" content=\"Prostataspetsiifiline antigeen (S,P-PSA) - \u00dchendlabor\" \/>\n<meta property=\"og:description\" content=\"Kliinilise keemia ja laboratoorse hematoloogia osakond Prostataspetsiifiline antigeen (PSA) on proteol\u00fc\u00fctiline ens\u00fc\u00fcm, mida s\u00fcnteesitakse peamiselt eesn\u00e4\u00e4rmekoes vastavalt meessuguhormoonide regulatsioonile. PSA f\u00fcsioloogiline roll on spermatosoididele sobiva keskkonna loomine seminaalplasmas. PSA kontsentratsioon on k\u00f5rge (1\u20135 g\/L) eesn\u00e4\u00e4rme sekreedis. V\u00e4hene hulk PSA-d satub meestel ka vereringesse, kus see moodustab komplekse vere proteaaside inhibiitoritega. PSA kontsentratsioon seerumis on normaalselt [&hellip;]\" \/>\n<meta property=\"og:url\" content=\"https:\/\/www.kliinikum.ee\/yhendlabor\/kasiraamat\/kasvajamarkerite-uuringud\/prostataspetsiifiline-antigeen-sp-psa\/\" \/>\n<meta property=\"og:site_name\" content=\"\u00dchendlabor\" \/>\n<meta property=\"article:modified_time\" content=\"2025-11-26T19:50:11+00:00\" \/>\n<meta name=\"twitter:card\" content=\"summary_large_image\" \/>\n<meta name=\"twitter:label1\" content=\"Est. reading time\" \/>\n\t<meta name=\"twitter:data1\" content=\"3 minutit\" \/>\n<script type=\"application\/ld+json\" class=\"yoast-schema-graph\">{\"@context\":\"https:\\\/\\\/schema.org\",\"@graph\":[{\"@type\":\"WebPage\",\"@id\":\"https:\\\/\\\/www.kliinikum.ee\\\/yhendlabor\\\/kasiraamat\\\/kasvajamarkerite-uuringud\\\/prostataspetsiifiline-antigeen-sp-psa\\\/\",\"url\":\"https:\\\/\\\/www.kliinikum.ee\\\/yhendlabor\\\/kasiraamat\\\/kasvajamarkerite-uuringud\\\/prostataspetsiifiline-antigeen-sp-psa\\\/\",\"name\":\"Prostataspetsiifiline antigeen (S,P-PSA) - \u00dchendlabor\",\"isPartOf\":{\"@id\":\"https:\\\/\\\/www.kliinikum.ee\\\/yhendlabor\\\/#website\"},\"datePublished\":\"2025-10-14T11:29:12+00:00\",\"dateModified\":\"2025-11-26T19:50:11+00:00\",\"breadcrumb\":{\"@id\":\"https:\\\/\\\/www.kliinikum.ee\\\/yhendlabor\\\/kasiraamat\\\/kasvajamarkerite-uuringud\\\/prostataspetsiifiline-antigeen-sp-psa\\\/#breadcrumb\"},\"inLanguage\":\"et\",\"potentialAction\":[{\"@type\":\"ReadAction\",\"target\":[\"https:\\\/\\\/www.kliinikum.ee\\\/yhendlabor\\\/kasiraamat\\\/kasvajamarkerite-uuringud\\\/prostataspetsiifiline-antigeen-sp-psa\\\/\"]}]},{\"@type\":\"BreadcrumbList\",\"@id\":\"https:\\\/\\\/www.kliinikum.ee\\\/yhendlabor\\\/kasiraamat\\\/kasvajamarkerite-uuringud\\\/prostataspetsiifiline-antigeen-sp-psa\\\/#breadcrumb\",\"itemListElement\":[{\"@type\":\"ListItem\",\"position\":1,\"name\":\"Home\",\"item\":\"https:\\\/\\\/www.kliinikum.ee\\\/yhendlabor\\\/\"},{\"@type\":\"ListItem\",\"position\":2,\"name\":\"K\u00e4siraamat\",\"item\":\"https:\\\/\\\/www.kliinikum.ee\\\/yhendlabor\\\/kasiraamat\\\/\"},{\"@type\":\"ListItem\",\"position\":3,\"name\":\"Kasvajamarkerite uuringud\",\"item\":\"https:\\\/\\\/www.kliinikum.ee\\\/yhendlabor\\\/kasiraamat\\\/kasvajamarkerite-uuringud\\\/\"},{\"@type\":\"ListItem\",\"position\":4,\"name\":\"Prostataspetsiifiline antigeen (S,P-PSA)\"}]},{\"@type\":\"WebSite\",\"@id\":\"https:\\\/\\\/www.kliinikum.ee\\\/yhendlabor\\\/#website\",\"url\":\"https:\\\/\\\/www.kliinikum.ee\\\/yhendlabor\\\/\",\"name\":\"\u00dchendlabor\",\"description\":\"Hoolivus, Uuendusmeelsus, P\u00e4devus ja Usaldusv\u00e4\u00e4rsus\",\"potentialAction\":[{\"@type\":\"SearchAction\",\"target\":{\"@type\":\"EntryPoint\",\"urlTemplate\":\"https:\\\/\\\/www.kliinikum.ee\\\/yhendlabor\\\/?s={search_term_string}\"},\"query-input\":{\"@type\":\"PropertyValueSpecification\",\"valueRequired\":true,\"valueName\":\"search_term_string\"}}],\"inLanguage\":\"et\"}]}<\/script>\n<!-- \/ Yoast SEO plugin. -->","yoast_head_json":{"title":"Prostataspetsiifiline antigeen (S,P-PSA) - \u00dchendlabor","robots":{"index":"index","follow":"follow","max-snippet":"max-snippet:-1","max-image-preview":"max-image-preview:large","max-video-preview":"max-video-preview:-1"},"canonical":"https:\/\/www.kliinikum.ee\/yhendlabor\/kasiraamat\/kasvajamarkerite-uuringud\/prostataspetsiifiline-antigeen-sp-psa\/","og_locale":"et_EE","og_type":"article","og_title":"Prostataspetsiifiline antigeen (S,P-PSA) - \u00dchendlabor","og_description":"Kliinilise keemia ja laboratoorse hematoloogia osakond Prostataspetsiifiline antigeen (PSA) on proteol\u00fc\u00fctiline ens\u00fc\u00fcm, mida s\u00fcnteesitakse peamiselt eesn\u00e4\u00e4rmekoes vastavalt meessuguhormoonide regulatsioonile. PSA f\u00fcsioloogiline roll on spermatosoididele sobiva keskkonna loomine seminaalplasmas. PSA kontsentratsioon on k\u00f5rge (1\u20135 g\/L) eesn\u00e4\u00e4rme sekreedis. V\u00e4hene hulk PSA-d satub meestel ka vereringesse, kus see moodustab komplekse vere proteaaside inhibiitoritega. PSA kontsentratsioon seerumis on normaalselt [&hellip;]","og_url":"https:\/\/www.kliinikum.ee\/yhendlabor\/kasiraamat\/kasvajamarkerite-uuringud\/prostataspetsiifiline-antigeen-sp-psa\/","og_site_name":"\u00dchendlabor","article_modified_time":"2025-11-26T19:50:11+00:00","twitter_card":"summary_large_image","twitter_misc":{"Est. reading time":"3 minutit"},"schema":{"@context":"https:\/\/schema.org","@graph":[{"@type":"WebPage","@id":"https:\/\/www.kliinikum.ee\/yhendlabor\/kasiraamat\/kasvajamarkerite-uuringud\/prostataspetsiifiline-antigeen-sp-psa\/","url":"https:\/\/www.kliinikum.ee\/yhendlabor\/kasiraamat\/kasvajamarkerite-uuringud\/prostataspetsiifiline-antigeen-sp-psa\/","name":"Prostataspetsiifiline antigeen (S,P-PSA) - \u00dchendlabor","isPartOf":{"@id":"https:\/\/www.kliinikum.ee\/yhendlabor\/#website"},"datePublished":"2025-10-14T11:29:12+00:00","dateModified":"2025-11-26T19:50:11+00:00","breadcrumb":{"@id":"https:\/\/www.kliinikum.ee\/yhendlabor\/kasiraamat\/kasvajamarkerite-uuringud\/prostataspetsiifiline-antigeen-sp-psa\/#breadcrumb"},"inLanguage":"et","potentialAction":[{"@type":"ReadAction","target":["https:\/\/www.kliinikum.ee\/yhendlabor\/kasiraamat\/kasvajamarkerite-uuringud\/prostataspetsiifiline-antigeen-sp-psa\/"]}]},{"@type":"BreadcrumbList","@id":"https:\/\/www.kliinikum.ee\/yhendlabor\/kasiraamat\/kasvajamarkerite-uuringud\/prostataspetsiifiline-antigeen-sp-psa\/#breadcrumb","itemListElement":[{"@type":"ListItem","position":1,"name":"Home","item":"https:\/\/www.kliinikum.ee\/yhendlabor\/"},{"@type":"ListItem","position":2,"name":"K\u00e4siraamat","item":"https:\/\/www.kliinikum.ee\/yhendlabor\/kasiraamat\/"},{"@type":"ListItem","position":3,"name":"Kasvajamarkerite uuringud","item":"https:\/\/www.kliinikum.ee\/yhendlabor\/kasiraamat\/kasvajamarkerite-uuringud\/"},{"@type":"ListItem","position":4,"name":"Prostataspetsiifiline antigeen (S,P-PSA)"}]},{"@type":"WebSite","@id":"https:\/\/www.kliinikum.ee\/yhendlabor\/#website","url":"https:\/\/www.kliinikum.ee\/yhendlabor\/","name":"\u00dchendlabor","description":"Hoolivus, Uuendusmeelsus, P\u00e4devus ja Usaldusv\u00e4\u00e4rsus","potentialAction":[{"@type":"SearchAction","target":{"@type":"EntryPoint","urlTemplate":"https:\/\/www.kliinikum.ee\/yhendlabor\/?s={search_term_string}"},"query-input":{"@type":"PropertyValueSpecification","valueRequired":true,"valueName":"search_term_string"}}],"inLanguage":"et"}]}},"uagb_featured_image_src":{"full":false,"thumbnail":false,"medium":false,"medium_large":false,"large":false,"1536x1536":false,"2048x2048":false},"uagb_author_info":{"display_name":"Kadi Siigur","author_link":"https:\/\/www.kliinikum.ee\/yhendlabor\/author\/kadisi\/"},"uagb_comment_info":0,"uagb_excerpt":"Kliinilise keemia ja laboratoorse hematoloogia osakond Prostataspetsiifiline antigeen (PSA) on proteol\u00fc\u00fctiline ens\u00fc\u00fcm, mida s\u00fcnteesitakse peamiselt eesn\u00e4\u00e4rmekoes vastavalt meessuguhormoonide regulatsioonile. PSA f\u00fcsioloogiline roll on spermatosoididele sobiva keskkonna loomine seminaalplasmas. PSA kontsentratsioon on k\u00f5rge (1\u20135 g\/L) eesn\u00e4\u00e4rme sekreedis. V\u00e4hene hulk PSA-d satub meestel ka vereringesse, kus see moodustab komplekse vere proteaaside inhibiitoritega. PSA kontsentratsioon seerumis on normaalselt&hellip;","_links":{"self":[{"href":"https:\/\/www.kliinikum.ee\/yhendlabor\/wp-json\/wp\/v2\/pages\/13673","targetHints":{"allow":["GET"]}}],"collection":[{"href":"https:\/\/www.kliinikum.ee\/yhendlabor\/wp-json\/wp\/v2\/pages"}],"about":[{"href":"https:\/\/www.kliinikum.ee\/yhendlabor\/wp-json\/wp\/v2\/types\/page"}],"author":[{"embeddable":true,"href":"https:\/\/www.kliinikum.ee\/yhendlabor\/wp-json\/wp\/v2\/users\/38"}],"replies":[{"embeddable":true,"href":"https:\/\/www.kliinikum.ee\/yhendlabor\/wp-json\/wp\/v2\/comments?post=13673"}],"version-history":[{"count":0,"href":"https:\/\/www.kliinikum.ee\/yhendlabor\/wp-json\/wp\/v2\/pages\/13673\/revisions"}],"up":[{"embeddable":true,"href":"https:\/\/www.kliinikum.ee\/yhendlabor\/wp-json\/wp\/v2\/pages\/7280"}],"wp:attachment":[{"href":"https:\/\/www.kliinikum.ee\/yhendlabor\/wp-json\/wp\/v2\/media?parent=13673"}],"curies":[{"name":"wp","href":"https:\/\/api.w.org\/{rel}","templated":true}]}}