{"id":13688,"date":"2025-10-14T14:02:29","date_gmt":"2025-10-14T12:02:29","guid":{"rendered":"https:\/\/www.kliinikum.ee\/yhendlabor\/?page_id=13688"},"modified":"2025-12-21T18:41:45","modified_gmt":"2025-12-21T16:41:45","slug":"tureoglobuliin-sp-tg","status":"publish","type":"page","link":"https:\/\/www.kliinikum.ee\/yhendlabor\/kasiraamat\/kasvajamarkerite-uuringud\/tureoglobuliin-sp-tg\/","title":{"rendered":"T\u00fcreoglobuliin (S,P-TG)"},"content":{"rendered":"\n<p><em>Kliinilise keemia ja laboratoorse hematoloogia osakond<\/em><\/p>\n\n\n\n<p><strong>T\u00fcreoglobuliin (TG)<\/strong> on kilpn\u00e4\u00e4rme epiteelirakkude poolt s\u00fcnteesitav dimeerne gl\u00fckoproteiin (MW=660 kDa). Ta on kilpn\u00e4\u00e4rme folliikulite kolloidi peamine koostisosa. Folliikulites toimub kilpn\u00e4\u00e4rme hormoonide s\u00fcntees t\u00fcreoglobuliini t\u00fcrosiinij\u00e4\u00e4kidest, samuti nende s\u00e4ilitamine. Terve inimese vereringesse satub t\u00fcreoglobuliini v\u00e4he, nivoo t\u00f5us \u00fcle referentsv\u00e4\u00e4rtuste piiri on seotud kilpn\u00e4\u00e4rme kude destruktureerivate protsessidega \u2013 t\u00fcreoidiit, toksiline adenoom, difuusne toksiline struuma ja kilpn\u00e4\u00e4rme diferentseerunud v\u00e4hk ning selle kaugmetastaasid.<\/p>\n\n\n\n<p class=\"has-medium-font-size\"><strong>Uuritav materjal, selle v\u00f5tmine, saatmine ja s\u00e4ilitamine.<\/strong><\/p>\n\n\n\n<figure class=\"wp-block-table is-style-stripes\"><table width=\"100%\"><tbody><tr><td width=\"1%\"><\/td><td width=\"15%\"><strong>Katsuti<\/strong><\/td><td width=\"84%\">Geeli ja h\u00fc\u00fcbimisaktivaatoriga katsuti (punane kollase r\u00f5ngaga v\u00f5i kollane kork) v\u00f5i geeliga LH-katsuti (roheline kollase r\u00f5ngaga v\u00f5i heleroheline kork)<\/td><\/tr><tr><td><\/td><td><strong>S\u00e4ilivus<\/strong><\/td><td>Seerum\/plasma toatemperatuuril 14 p\u00e4eva, +4 \u00b0C 14 p\u00e4eva, -20 \u00b0C 24 kuud<\/td><\/tr><\/tbody><\/table><\/figure>\n\n\n\n<p class=\"has-medium-font-size\"><strong>Anal\u00fc\u00fcsi tegemise aeg:<\/strong> t\u00f6\u00f6p\u00e4eviti<\/p>\n\n\n\n<p class=\"has-medium-font-size\"><strong>Anal\u00fc\u00fcsimeetod: <\/strong>elektrokemoluminestsents-immuunmeetod (ECLIA)<\/p>\n\n\n\n<p class=\"has-medium-font-size\"><strong>Referentsv\u00e4\u00e4rtused<\/strong><\/p>\n\n\n\n<figure class=\"wp-block-table\"><table width=\"100%\"><tbody><tr><td width=\"1%\"><\/td><td width=\"30%\"><strong>&lt; 6 p<\/strong><\/td><td width=\"69%\">25\u2013307 \u00b5g\/L<\/td><\/tr><tr><td><\/td><td><strong>6 p \u2013 &lt; 4 k<\/strong><\/td><td>20\u2013228 \u00b5g\/L<\/td><\/tr><tr><td><\/td><td><strong>4 k \u2013 &lt; 1 a<\/strong><\/td><td>18\u2013125 \u00b5g\/L<\/td><\/tr><tr><td><\/td><td><strong>1 a \u2013 &lt; 7 a<\/strong><\/td><td>9,0\u201367 \u00b5g\/L<\/td><\/tr><tr><td><\/td><td><strong>7 a \u2013 &lt; 12 a<\/strong><\/td><td>5,1\u201343 \u00b5g\/L<\/td><\/tr><tr><td><\/td><td><strong>12 a \u2013 &lt; 21 a<\/strong><\/td><td>2,6\u201336 \u00b5g\/L<\/td><\/tr><tr><td><\/td><td><strong>\u2265 21 a<\/strong><\/td><td>3,5\u201377 \u00b5g\/L<\/td><\/tr><\/tbody><\/table><\/figure>\n\n\n\n<p class=\"has-medium-font-size\"><strong>N\u00e4idustus ja kliiniline t\u00e4hendus<\/strong><\/p>\n\n\n\n<p>Diferentseerunud kilpn\u00e4\u00e4rmev\u00e4hkide ja nende metastaaside diagnostika ning ravi efektiivsuse j\u00e4lgimine.<\/p>\n\n\n\n<p>TG tase on t\u00f5usnud kilpn\u00e4\u00e4rme mitteneoplastiliste haiguste korral, kuid ei saavuta sel puhul kunagi sellist taset, kui kaugmetastaasidega follikulaarsete v\u00f5i papillaarsete kilpn\u00e4\u00e4rmev\u00e4hkide puhul. Papillaarse ja follikulaarse kilpn\u00e4\u00e4rmev\u00e4hi raviks on radikaalne operatsioon (sageli koej\u00e4\u00e4kide ablatsioon radiojoodraviga) ning j\u00e4rgnev k\u00f5rgedoosiline t\u00fcroksiinravi kilpn\u00e4\u00e4ret stimuleeriva hormooni (TSH) sekretsiooni p\u00e4rssimiseks. Kogu ravi kestel tuleks TSH k\u00f5rval kontrollida ka TG nivood. Ravi ajal suurenev TG nivoo on tingitud mitteradikaalsest operatsioonist v\u00f5i metastaaside tekkimisest. Neoplastilised kilpn\u00e4\u00e4rmerakud on v\u00f5imelised sekreteerima t\u00fcreoglobuliini ka ilma TSH stimulatsioonita. Test ei ole informatiivne kilpn\u00e4\u00e4rme medullaarse v\u00e4hi puhul, mille laboratoorseks markeriks on kaltsitoniin.<\/p>\n\n\n\n<p>M\u00f5nikord kasutatakse ebaselgetel juhtudel (retsidiivi v\u00f5i metastaseerumise kahtluse korral) menetlust, kus t\u00fcroksiinravi katkestatakse 4\u20135 n\u00e4dalaks ja kontrollitakse korduvalt TG nivood, v\u00f5rreldes seda raviaegse nivooga. TSH t\u00f5usu foonil tekkinud TG taseme t\u00f5us annab tunnistust retsidiivist v\u00f5i metastaseerumisest.<\/p>\n\n\n\n<p>Patsientidel, kellel m\u00e4\u00e4ratakse TG kontsentratsioon, tuleb kontrollida ka t\u00fcreoglobuliinivastaste antikehade (TG Ab) olemasolu. TG Ab esinemise korral on TG m\u00e4\u00e4ramine kasutu (esineb nii valepositiivseid, kui valenegatiivseid tulemusi).<\/p>\n\n\n\n<p>Vt ka: <a href=\"https:\/\/www.kliinikum.ee\/yhendlabor\/kasiraamat\/autoimmuunuuringud\/tureoglobuliinivastane-igg-s-tg-igg\/\">T\u00fcreoglobuliinivastane IgG<\/a><\/p>\n\n\n\n<p>Koostajad: Rain Lehtme, Kaja Vaagen<br>Muudetud 04.11.2021<\/p>\n\n\n\n<p><\/p>\n","protected":false},"excerpt":{"rendered":"<p>Kliinilise keemia ja laboratoorse hematoloogia osakond T\u00fcreoglobuliin (TG) on kilpn\u00e4\u00e4rme epiteelirakkude poolt s\u00fcnteesitav dimeerne gl\u00fckoproteiin (MW=660 kDa). Ta on kilpn\u00e4\u00e4rme folliikulite kolloidi peamine koostisosa. Folliikulites toimub kilpn\u00e4\u00e4rme hormoonide s\u00fcntees t\u00fcreoglobuliini t\u00fcrosiinij\u00e4\u00e4kidest, samuti nende s\u00e4ilitamine. Terve inimese vereringesse satub t\u00fcreoglobuliini v\u00e4he, nivoo t\u00f5us \u00fcle referentsv\u00e4\u00e4rtuste piiri on seotud kilpn\u00e4\u00e4rme kude destruktureerivate protsessidega \u2013 t\u00fcreoidiit, toksiline adenoom, [&hellip;]<\/p>\n","protected":false},"author":38,"featured_media":0,"parent":7280,"menu_order":20,"comment_status":"closed","ping_status":"closed","template":"","meta":{"_uag_custom_page_level_css":"","footnotes":""},"class_list":["post-13688","page","type-page","status-publish","hentry"],"acf":[],"yoast_head":"<!-- This site is optimized with the Yoast SEO plugin v27.3 - https:\/\/yoast.com\/product\/yoast-seo-wordpress\/ -->\n<title>T\u00fcreoglobuliin (S,P-TG) - \u00dchendlabor<\/title>\n<meta name=\"robots\" content=\"index, follow, max-snippet:-1, max-image-preview:large, max-video-preview:-1\" \/>\n<link rel=\"canonical\" href=\"https:\/\/www.kliinikum.ee\/yhendlabor\/kasiraamat\/kasvajamarkerite-uuringud\/tureoglobuliin-sp-tg\/\" \/>\n<meta property=\"og:locale\" content=\"et_EE\" \/>\n<meta property=\"og:type\" content=\"article\" \/>\n<meta property=\"og:title\" content=\"T\u00fcreoglobuliin (S,P-TG) - \u00dchendlabor\" \/>\n<meta property=\"og:description\" content=\"Kliinilise keemia ja laboratoorse hematoloogia osakond T\u00fcreoglobuliin (TG) on kilpn\u00e4\u00e4rme epiteelirakkude poolt s\u00fcnteesitav dimeerne gl\u00fckoproteiin (MW=660 kDa). Ta on kilpn\u00e4\u00e4rme folliikulite kolloidi peamine koostisosa. Folliikulites toimub kilpn\u00e4\u00e4rme hormoonide s\u00fcntees t\u00fcreoglobuliini t\u00fcrosiinij\u00e4\u00e4kidest, samuti nende s\u00e4ilitamine. Terve inimese vereringesse satub t\u00fcreoglobuliini v\u00e4he, nivoo t\u00f5us \u00fcle referentsv\u00e4\u00e4rtuste piiri on seotud kilpn\u00e4\u00e4rme kude destruktureerivate protsessidega \u2013 t\u00fcreoidiit, toksiline adenoom, [&hellip;]\" \/>\n<meta property=\"og:url\" content=\"https:\/\/www.kliinikum.ee\/yhendlabor\/kasiraamat\/kasvajamarkerite-uuringud\/tureoglobuliin-sp-tg\/\" \/>\n<meta property=\"og:site_name\" content=\"\u00dchendlabor\" \/>\n<meta property=\"article:modified_time\" content=\"2025-12-21T16:41:45+00:00\" \/>\n<meta name=\"twitter:card\" content=\"summary_large_image\" \/>\n<meta name=\"twitter:label1\" content=\"Est. reading time\" \/>\n\t<meta name=\"twitter:data1\" content=\"2 minutit\" \/>\n<script type=\"application\/ld+json\" class=\"yoast-schema-graph\">{\"@context\":\"https:\\\/\\\/schema.org\",\"@graph\":[{\"@type\":\"WebPage\",\"@id\":\"https:\\\/\\\/www.kliinikum.ee\\\/yhendlabor\\\/kasiraamat\\\/kasvajamarkerite-uuringud\\\/tureoglobuliin-sp-tg\\\/\",\"url\":\"https:\\\/\\\/www.kliinikum.ee\\\/yhendlabor\\\/kasiraamat\\\/kasvajamarkerite-uuringud\\\/tureoglobuliin-sp-tg\\\/\",\"name\":\"T\u00fcreoglobuliin (S,P-TG) - \u00dchendlabor\",\"isPartOf\":{\"@id\":\"https:\\\/\\\/www.kliinikum.ee\\\/yhendlabor\\\/#website\"},\"datePublished\":\"2025-10-14T12:02:29+00:00\",\"dateModified\":\"2025-12-21T16:41:45+00:00\",\"breadcrumb\":{\"@id\":\"https:\\\/\\\/www.kliinikum.ee\\\/yhendlabor\\\/kasiraamat\\\/kasvajamarkerite-uuringud\\\/tureoglobuliin-sp-tg\\\/#breadcrumb\"},\"inLanguage\":\"et\",\"potentialAction\":[{\"@type\":\"ReadAction\",\"target\":[\"https:\\\/\\\/www.kliinikum.ee\\\/yhendlabor\\\/kasiraamat\\\/kasvajamarkerite-uuringud\\\/tureoglobuliin-sp-tg\\\/\"]}]},{\"@type\":\"BreadcrumbList\",\"@id\":\"https:\\\/\\\/www.kliinikum.ee\\\/yhendlabor\\\/kasiraamat\\\/kasvajamarkerite-uuringud\\\/tureoglobuliin-sp-tg\\\/#breadcrumb\",\"itemListElement\":[{\"@type\":\"ListItem\",\"position\":1,\"name\":\"Home\",\"item\":\"https:\\\/\\\/www.kliinikum.ee\\\/yhendlabor\\\/\"},{\"@type\":\"ListItem\",\"position\":2,\"name\":\"K\u00e4siraamat\",\"item\":\"https:\\\/\\\/www.kliinikum.ee\\\/yhendlabor\\\/kasiraamat\\\/\"},{\"@type\":\"ListItem\",\"position\":3,\"name\":\"Kasvajamarkerite uuringud\",\"item\":\"https:\\\/\\\/www.kliinikum.ee\\\/yhendlabor\\\/kasiraamat\\\/kasvajamarkerite-uuringud\\\/\"},{\"@type\":\"ListItem\",\"position\":4,\"name\":\"T\u00fcreoglobuliin (S,P-TG)\"}]},{\"@type\":\"WebSite\",\"@id\":\"https:\\\/\\\/www.kliinikum.ee\\\/yhendlabor\\\/#website\",\"url\":\"https:\\\/\\\/www.kliinikum.ee\\\/yhendlabor\\\/\",\"name\":\"\u00dchendlabor\",\"description\":\"Hoolivus, Uuendusmeelsus, P\u00e4devus ja Usaldusv\u00e4\u00e4rsus\",\"potentialAction\":[{\"@type\":\"SearchAction\",\"target\":{\"@type\":\"EntryPoint\",\"urlTemplate\":\"https:\\\/\\\/www.kliinikum.ee\\\/yhendlabor\\\/?s={search_term_string}\"},\"query-input\":{\"@type\":\"PropertyValueSpecification\",\"valueRequired\":true,\"valueName\":\"search_term_string\"}}],\"inLanguage\":\"et\"}]}<\/script>\n<!-- \/ Yoast SEO plugin. -->","yoast_head_json":{"title":"T\u00fcreoglobuliin (S,P-TG) - \u00dchendlabor","robots":{"index":"index","follow":"follow","max-snippet":"max-snippet:-1","max-image-preview":"max-image-preview:large","max-video-preview":"max-video-preview:-1"},"canonical":"https:\/\/www.kliinikum.ee\/yhendlabor\/kasiraamat\/kasvajamarkerite-uuringud\/tureoglobuliin-sp-tg\/","og_locale":"et_EE","og_type":"article","og_title":"T\u00fcreoglobuliin (S,P-TG) - \u00dchendlabor","og_description":"Kliinilise keemia ja laboratoorse hematoloogia osakond T\u00fcreoglobuliin (TG) on kilpn\u00e4\u00e4rme epiteelirakkude poolt s\u00fcnteesitav dimeerne gl\u00fckoproteiin (MW=660 kDa). Ta on kilpn\u00e4\u00e4rme folliikulite kolloidi peamine koostisosa. Folliikulites toimub kilpn\u00e4\u00e4rme hormoonide s\u00fcntees t\u00fcreoglobuliini t\u00fcrosiinij\u00e4\u00e4kidest, samuti nende s\u00e4ilitamine. Terve inimese vereringesse satub t\u00fcreoglobuliini v\u00e4he, nivoo t\u00f5us \u00fcle referentsv\u00e4\u00e4rtuste piiri on seotud kilpn\u00e4\u00e4rme kude destruktureerivate protsessidega \u2013 t\u00fcreoidiit, toksiline adenoom, [&hellip;]","og_url":"https:\/\/www.kliinikum.ee\/yhendlabor\/kasiraamat\/kasvajamarkerite-uuringud\/tureoglobuliin-sp-tg\/","og_site_name":"\u00dchendlabor","article_modified_time":"2025-12-21T16:41:45+00:00","twitter_card":"summary_large_image","twitter_misc":{"Est. reading time":"2 minutit"},"schema":{"@context":"https:\/\/schema.org","@graph":[{"@type":"WebPage","@id":"https:\/\/www.kliinikum.ee\/yhendlabor\/kasiraamat\/kasvajamarkerite-uuringud\/tureoglobuliin-sp-tg\/","url":"https:\/\/www.kliinikum.ee\/yhendlabor\/kasiraamat\/kasvajamarkerite-uuringud\/tureoglobuliin-sp-tg\/","name":"T\u00fcreoglobuliin (S,P-TG) - \u00dchendlabor","isPartOf":{"@id":"https:\/\/www.kliinikum.ee\/yhendlabor\/#website"},"datePublished":"2025-10-14T12:02:29+00:00","dateModified":"2025-12-21T16:41:45+00:00","breadcrumb":{"@id":"https:\/\/www.kliinikum.ee\/yhendlabor\/kasiraamat\/kasvajamarkerite-uuringud\/tureoglobuliin-sp-tg\/#breadcrumb"},"inLanguage":"et","potentialAction":[{"@type":"ReadAction","target":["https:\/\/www.kliinikum.ee\/yhendlabor\/kasiraamat\/kasvajamarkerite-uuringud\/tureoglobuliin-sp-tg\/"]}]},{"@type":"BreadcrumbList","@id":"https:\/\/www.kliinikum.ee\/yhendlabor\/kasiraamat\/kasvajamarkerite-uuringud\/tureoglobuliin-sp-tg\/#breadcrumb","itemListElement":[{"@type":"ListItem","position":1,"name":"Home","item":"https:\/\/www.kliinikum.ee\/yhendlabor\/"},{"@type":"ListItem","position":2,"name":"K\u00e4siraamat","item":"https:\/\/www.kliinikum.ee\/yhendlabor\/kasiraamat\/"},{"@type":"ListItem","position":3,"name":"Kasvajamarkerite uuringud","item":"https:\/\/www.kliinikum.ee\/yhendlabor\/kasiraamat\/kasvajamarkerite-uuringud\/"},{"@type":"ListItem","position":4,"name":"T\u00fcreoglobuliin (S,P-TG)"}]},{"@type":"WebSite","@id":"https:\/\/www.kliinikum.ee\/yhendlabor\/#website","url":"https:\/\/www.kliinikum.ee\/yhendlabor\/","name":"\u00dchendlabor","description":"Hoolivus, Uuendusmeelsus, P\u00e4devus ja Usaldusv\u00e4\u00e4rsus","potentialAction":[{"@type":"SearchAction","target":{"@type":"EntryPoint","urlTemplate":"https:\/\/www.kliinikum.ee\/yhendlabor\/?s={search_term_string}"},"query-input":{"@type":"PropertyValueSpecification","valueRequired":true,"valueName":"search_term_string"}}],"inLanguage":"et"}]}},"uagb_featured_image_src":{"full":false,"thumbnail":false,"medium":false,"medium_large":false,"large":false,"1536x1536":false,"2048x2048":false},"uagb_author_info":{"display_name":"Kadi Siigur","author_link":"https:\/\/www.kliinikum.ee\/yhendlabor\/author\/kadisi\/"},"uagb_comment_info":0,"uagb_excerpt":"Kliinilise keemia ja laboratoorse hematoloogia osakond T\u00fcreoglobuliin (TG) on kilpn\u00e4\u00e4rme epiteelirakkude poolt s\u00fcnteesitav dimeerne gl\u00fckoproteiin (MW=660 kDa). Ta on kilpn\u00e4\u00e4rme folliikulite kolloidi peamine koostisosa. Folliikulites toimub kilpn\u00e4\u00e4rme hormoonide s\u00fcntees t\u00fcreoglobuliini t\u00fcrosiinij\u00e4\u00e4kidest, samuti nende s\u00e4ilitamine. Terve inimese vereringesse satub t\u00fcreoglobuliini v\u00e4he, nivoo t\u00f5us \u00fcle referentsv\u00e4\u00e4rtuste piiri on seotud kilpn\u00e4\u00e4rme kude destruktureerivate protsessidega \u2013 t\u00fcreoidiit, toksiline adenoom,&hellip;","_links":{"self":[{"href":"https:\/\/www.kliinikum.ee\/yhendlabor\/wp-json\/wp\/v2\/pages\/13688","targetHints":{"allow":["GET"]}}],"collection":[{"href":"https:\/\/www.kliinikum.ee\/yhendlabor\/wp-json\/wp\/v2\/pages"}],"about":[{"href":"https:\/\/www.kliinikum.ee\/yhendlabor\/wp-json\/wp\/v2\/types\/page"}],"author":[{"embeddable":true,"href":"https:\/\/www.kliinikum.ee\/yhendlabor\/wp-json\/wp\/v2\/users\/38"}],"replies":[{"embeddable":true,"href":"https:\/\/www.kliinikum.ee\/yhendlabor\/wp-json\/wp\/v2\/comments?post=13688"}],"version-history":[{"count":0,"href":"https:\/\/www.kliinikum.ee\/yhendlabor\/wp-json\/wp\/v2\/pages\/13688\/revisions"}],"up":[{"embeddable":true,"href":"https:\/\/www.kliinikum.ee\/yhendlabor\/wp-json\/wp\/v2\/pages\/7280"}],"wp:attachment":[{"href":"https:\/\/www.kliinikum.ee\/yhendlabor\/wp-json\/wp\/v2\/media?parent=13688"}],"curies":[{"name":"wp","href":"https:\/\/api.w.org\/{rel}","templated":true}]}}