{"id":13707,"date":"2025-10-22T20:06:36","date_gmt":"2025-10-22T18:06:36","guid":{"rendered":"https:\/\/www.kliinikum.ee\/yhendlabor\/?page_id=13707"},"modified":"2025-11-26T21:06:03","modified_gmt":"2025-11-26T19:06:03","slug":"komplemendi-komponendid-c3-sp-c3-ja-c4-sp-c4","status":"publish","type":"page","link":"https:\/\/www.kliinikum.ee\/yhendlabor\/kasiraamat\/immuunstaatuse-uuringud\/komplemendi-komponendid-c3-sp-c3-ja-c4-sp-c4\/","title":{"rendered":"Komplemendi komponendid C3 (S,P-C3) ja C4 (S,P-C4)"},"content":{"rendered":"\n<p><em>Kliinilise keemia ja laboratoorse hematoloogia osakond<\/em><\/p>\n\n\n\n<p><strong>Komplemendis\u00fcsteemi <\/strong>moodustab grupp gl\u00fckoproteiine, mis t\u00e4iendavad (ld <em>complementum<\/em> \u2013 t\u00e4iend) antikehade funktsioone. Neil on t\u00e4htis osa organismi kaitsemehhanismides: immuunvastuse tagamises ja p\u00f5letikureaktsioonides. S\u00fcsteemi komponendid tegutsevad kaskaadina. Komplemendis\u00fcsteemi aktiveerimiseks on kaks teed \u2013 klassikaline ja alternatiivne.<\/p>\n\n\n\n<p>C3 on keskne komplemendis\u00fcsteemi valk, mis v\u00f5tab osa nii klassikalisest kui alternatiivsest aktivatsiooniteest. C3 kontsentratsioon plasmas on v\u00f5rreldes teiste komplemendi komponentidega k\u00f5ige suurem. Enamik C3-st s\u00fcnteesitakse maksas, bakteriaalsed endotoksiinid stimuleerivad C3 s\u00fcnteesi ka monots\u00fc\u00fctides ja fibroblastides.<\/p>\n\n\n\n<p>C4 on komplemendis\u00fcsteemi valk, mis v\u00f5tab osa komplemendi aktiveerimise klassikalisest teest, mis aktiveeritakse antigeen-antikeha komplekside poolt. Enamikul C4-defitsiidiga patsientidest ei esine korduvaid raskeid bakteriaalseid infektsioone, seega suudab komplemendi aktivatsiooni alternatiivne tee teatud ulatuses kompenseerida klassikalise aktivatsioonitee puudulikkuse.<\/p>\n\n\n\n<p class=\"has-medium-font-size\"><strong>Uuritav materjal, selle v\u00f5tmine, saatmine ja s\u00e4ilitamine<\/strong><\/p>\n\n\n\n<figure class=\"wp-block-table is-style-stripes\"><table width=\"100%\"><tbody><tr><td width=\"1%\"><\/td><td width=\"15%\"><strong>Katsuti<\/strong><\/td><td width=\"84%\">Geeli ja h\u00fc\u00fcbimisaktivaatoriga katsuti (punane kollase r\u00f5ngaga v\u00f5i kollane kork) v\u00f5i geeliga LH-katsuti (roheline kollase r\u00f5ngaga v\u00f5i heleroheline kork)<\/td><\/tr><tr><td><\/td><td><strong>S\u00e4ilivus<\/strong><\/td><td>C3 \u2013 toatemperatuuril neli p\u00e4eva, +4 \u00b0C ja -20 \u00b0C kaheksa p\u00e4eva <br>C4 \u2013 toatemperatuuril kaks p\u00e4eva, +4 \u00b0C kaheksa p\u00e4eva, -20 \u00b0C kolm kuud<\/td><\/tr><\/tbody><\/table><\/figure>\n\n\n\n<p class=\"has-medium-font-size\"><strong>Anal\u00fc\u00fcsi tegemise aeg: <\/strong>t\u00f6\u00f6p\u00e4eviti<\/p>\n\n\n\n<p class=\"has-medium-font-size\"><strong>Anal\u00fc\u00fcsimeetod:<\/strong> immuunturbidimeetriline meetod<\/p>\n\n\n\n<p class=\"has-medium-font-size\"><strong>Referentsv\u00e4\u00e4rtused<\/strong><\/p>\n\n\n\n<figure class=\"wp-block-table\"><table width=\"100%\"><tbody><tr><td width=\"1%\"><\/td><td width=\"33%\">&nbsp;<\/td><td width=\"33%\"><strong>Komplement C3<\/strong><\/td><td width=\"33%\"><strong>Komplement C4<\/strong><\/td><\/tr><tr><td><\/td><td><strong>&lt; 15 p<\/strong><\/td><td>0,57\u20131,29 g\/L<\/td><td>0,07\u20130,31 g\/L<\/td><\/tr><tr><td><\/td><td><strong>15 p \u2013 &lt; 1 a<\/strong><\/td><td>0,58\u20131,69 g\/L<\/td><td>0,07\u20130,31 g\/L<\/td><\/tr><tr><td><\/td><td><strong>1 a \u2013 &lt; 19 a<\/strong><\/td><td>0,9\u20131,61 g\/L<\/td><td>0,13\u20130,38 g\/L<\/td><\/tr><tr><td><\/td><td><strong>\u2265 19 a<\/strong><\/td><td>0,9\u20131,8 g\/L<\/td><td>0,10\u20130,40 g\/L<\/td><\/tr><\/tbody><\/table><\/figure>\n\n\n\n<p class=\"has-medium-font-size\"><strong>N\u00e4idustus ja kliiniline t\u00e4hendus<\/strong><\/p>\n\n\n\n<p>Komplemendis\u00fcsteemi \u00fclem\u00e4\u00e4rase aktivatsiooniga kulgevate seisundite (SLE, glomerulonefriit jt immuunkompleksidest tingitud haigused) diagnostika ja aktiivsuse hindamine, ravi monitooring; immuundefitsiitsete seisundite ja p\u00e4riliku komplemendi puudulikkuse diagnostika.<\/p>\n\n\n\n<p>C3 ja C4 m\u00e4\u00e4ramise puhul on m\u00f5nev\u00f5rra suurem diagnostiline t\u00e4hendus nende kontsentratsiooni <em>v\u00e4henemisel <\/em>seerumis\/plasmas. Komplemendis\u00fcsteemi \u00fclem\u00e4\u00e4rase aktivatsiooni puhul kulutatakse C3 ja C4 \u00e4ra ning tase veres langeb korreleerudes enamasti haiguse aktiivsusega. Kontsentratsioon on v\u00e4henenud ka p\u00e4rilike komplemendi defitsiitide puhul. Kaasas\u00fcndinud angi\u00f6deemi (<em>hereditary angioedema<\/em>) puhul on C3 tase normaalne, C4 kontsentratsioon aga referentsv\u00e4\u00e4rtustest madalam.<\/p>\n\n\n\n<p>Komplemendi komponentide madal tase v\u00f5ib olla tingitud ka puudulikust s\u00fcnteesist (maksakahjustus) v\u00f5i suurenenud kaost (p\u00f5letused, valgukaotuslik enteropaatia).<\/p>\n\n\n\n<p>C3 ja C4 kui nn \u00e4geda faasi valkude kontsentratsioon on <em>suurenenud <\/em>mitmete p\u00f5letikuliste ja koekahjustusega kulgevate seisundite puhul, mis aga diagnostikas olulist t\u00e4htsust ei oma.<\/p>\n\n\n\n<p>Koostaja: Sirje Leedo<br>Muudetud 09.03.2021<\/p>\n","protected":false},"excerpt":{"rendered":"<p>Kliinilise keemia ja laboratoorse hematoloogia osakond Komplemendis\u00fcsteemi moodustab grupp gl\u00fckoproteiine, mis t\u00e4iendavad (ld complementum \u2013 t\u00e4iend) antikehade funktsioone. Neil on t\u00e4htis osa organismi kaitsemehhanismides: immuunvastuse tagamises ja p\u00f5letikureaktsioonides. S\u00fcsteemi komponendid tegutsevad kaskaadina. Komplemendis\u00fcsteemi aktiveerimiseks on kaks teed \u2013 klassikaline ja alternatiivne. C3 on keskne komplemendis\u00fcsteemi valk, mis v\u00f5tab osa nii klassikalisest kui alternatiivsest aktivatsiooniteest. C3 [&hellip;]<\/p>\n","protected":false},"author":38,"featured_media":0,"parent":7277,"menu_order":5,"comment_status":"closed","ping_status":"closed","template":"","meta":{"_uag_custom_page_level_css":"","footnotes":""},"class_list":["post-13707","page","type-page","status-publish","hentry"],"acf":[],"yoast_head":"<!-- This site is optimized with the Yoast SEO plugin v27.5 - https:\/\/yoast.com\/product\/yoast-seo-wordpress\/ -->\n<title>Komplemendi komponendid C3 (S,P-C3) ja C4 (S,P-C4) - \u00dchendlabor<\/title>\n<meta name=\"robots\" content=\"index, follow, max-snippet:-1, max-image-preview:large, max-video-preview:-1\" \/>\n<link rel=\"canonical\" href=\"https:\/\/www.kliinikum.ee\/yhendlabor\/kasiraamat\/immuunstaatuse-uuringud\/komplemendi-komponendid-c3-sp-c3-ja-c4-sp-c4\/\" \/>\n<meta property=\"og:locale\" content=\"et_EE\" \/>\n<meta property=\"og:type\" content=\"article\" \/>\n<meta property=\"og:title\" content=\"Komplemendi komponendid C3 (S,P-C3) ja C4 (S,P-C4) - \u00dchendlabor\" \/>\n<meta property=\"og:description\" content=\"Kliinilise keemia ja laboratoorse hematoloogia osakond Komplemendis\u00fcsteemi moodustab grupp gl\u00fckoproteiine, mis t\u00e4iendavad (ld complementum \u2013 t\u00e4iend) antikehade funktsioone. Neil on t\u00e4htis osa organismi kaitsemehhanismides: immuunvastuse tagamises ja p\u00f5letikureaktsioonides. S\u00fcsteemi komponendid tegutsevad kaskaadina. Komplemendis\u00fcsteemi aktiveerimiseks on kaks teed \u2013 klassikaline ja alternatiivne. C3 on keskne komplemendis\u00fcsteemi valk, mis v\u00f5tab osa nii klassikalisest kui alternatiivsest aktivatsiooniteest. C3 [&hellip;]\" \/>\n<meta property=\"og:url\" content=\"https:\/\/www.kliinikum.ee\/yhendlabor\/kasiraamat\/immuunstaatuse-uuringud\/komplemendi-komponendid-c3-sp-c3-ja-c4-sp-c4\/\" \/>\n<meta property=\"og:site_name\" content=\"\u00dchendlabor\" \/>\n<meta property=\"article:modified_time\" content=\"2025-11-26T19:06:03+00:00\" \/>\n<meta name=\"twitter:card\" content=\"summary_large_image\" \/>\n<meta name=\"twitter:label1\" content=\"Est. reading time\" \/>\n\t<meta name=\"twitter:data1\" content=\"2 minutit\" \/>\n<script type=\"application\/ld+json\" class=\"yoast-schema-graph\">{\"@context\":\"https:\\\/\\\/schema.org\",\"@graph\":[{\"@type\":\"WebPage\",\"@id\":\"https:\\\/\\\/www.kliinikum.ee\\\/yhendlabor\\\/kasiraamat\\\/immuunstaatuse-uuringud\\\/komplemendi-komponendid-c3-sp-c3-ja-c4-sp-c4\\\/\",\"url\":\"https:\\\/\\\/www.kliinikum.ee\\\/yhendlabor\\\/kasiraamat\\\/immuunstaatuse-uuringud\\\/komplemendi-komponendid-c3-sp-c3-ja-c4-sp-c4\\\/\",\"name\":\"Komplemendi komponendid C3 (S,P-C3) ja C4 (S,P-C4) - \u00dchendlabor\",\"isPartOf\":{\"@id\":\"https:\\\/\\\/www.kliinikum.ee\\\/yhendlabor\\\/#website\"},\"datePublished\":\"2025-10-22T18:06:36+00:00\",\"dateModified\":\"2025-11-26T19:06:03+00:00\",\"breadcrumb\":{\"@id\":\"https:\\\/\\\/www.kliinikum.ee\\\/yhendlabor\\\/kasiraamat\\\/immuunstaatuse-uuringud\\\/komplemendi-komponendid-c3-sp-c3-ja-c4-sp-c4\\\/#breadcrumb\"},\"inLanguage\":\"et\",\"potentialAction\":[{\"@type\":\"ReadAction\",\"target\":[\"https:\\\/\\\/www.kliinikum.ee\\\/yhendlabor\\\/kasiraamat\\\/immuunstaatuse-uuringud\\\/komplemendi-komponendid-c3-sp-c3-ja-c4-sp-c4\\\/\"]}]},{\"@type\":\"BreadcrumbList\",\"@id\":\"https:\\\/\\\/www.kliinikum.ee\\\/yhendlabor\\\/kasiraamat\\\/immuunstaatuse-uuringud\\\/komplemendi-komponendid-c3-sp-c3-ja-c4-sp-c4\\\/#breadcrumb\",\"itemListElement\":[{\"@type\":\"ListItem\",\"position\":1,\"name\":\"Home\",\"item\":\"https:\\\/\\\/www.kliinikum.ee\\\/yhendlabor\\\/\"},{\"@type\":\"ListItem\",\"position\":2,\"name\":\"K\u00e4siraamat\",\"item\":\"https:\\\/\\\/www.kliinikum.ee\\\/yhendlabor\\\/kasiraamat\\\/\"},{\"@type\":\"ListItem\",\"position\":3,\"name\":\"Immuunstaatuse uuringud\",\"item\":\"https:\\\/\\\/www.kliinikum.ee\\\/yhendlabor\\\/kasiraamat\\\/immuunstaatuse-uuringud\\\/\"},{\"@type\":\"ListItem\",\"position\":4,\"name\":\"Komplemendi komponendid C3 (S,P-C3) ja C4 (S,P-C4)\"}]},{\"@type\":\"WebSite\",\"@id\":\"https:\\\/\\\/www.kliinikum.ee\\\/yhendlabor\\\/#website\",\"url\":\"https:\\\/\\\/www.kliinikum.ee\\\/yhendlabor\\\/\",\"name\":\"\u00dchendlabor\",\"description\":\"Hoolivus, Uuendusmeelsus, P\u00e4devus ja Usaldusv\u00e4\u00e4rsus\",\"potentialAction\":[{\"@type\":\"SearchAction\",\"target\":{\"@type\":\"EntryPoint\",\"urlTemplate\":\"https:\\\/\\\/www.kliinikum.ee\\\/yhendlabor\\\/?s={search_term_string}\"},\"query-input\":{\"@type\":\"PropertyValueSpecification\",\"valueRequired\":true,\"valueName\":\"search_term_string\"}}],\"inLanguage\":\"et\"}]}<\/script>\n<!-- \/ Yoast SEO plugin. -->","yoast_head_json":{"title":"Komplemendi komponendid C3 (S,P-C3) ja C4 (S,P-C4) - \u00dchendlabor","robots":{"index":"index","follow":"follow","max-snippet":"max-snippet:-1","max-image-preview":"max-image-preview:large","max-video-preview":"max-video-preview:-1"},"canonical":"https:\/\/www.kliinikum.ee\/yhendlabor\/kasiraamat\/immuunstaatuse-uuringud\/komplemendi-komponendid-c3-sp-c3-ja-c4-sp-c4\/","og_locale":"et_EE","og_type":"article","og_title":"Komplemendi komponendid C3 (S,P-C3) ja C4 (S,P-C4) - \u00dchendlabor","og_description":"Kliinilise keemia ja laboratoorse hematoloogia osakond Komplemendis\u00fcsteemi moodustab grupp gl\u00fckoproteiine, mis t\u00e4iendavad (ld complementum \u2013 t\u00e4iend) antikehade funktsioone. Neil on t\u00e4htis osa organismi kaitsemehhanismides: immuunvastuse tagamises ja p\u00f5letikureaktsioonides. S\u00fcsteemi komponendid tegutsevad kaskaadina. Komplemendis\u00fcsteemi aktiveerimiseks on kaks teed \u2013 klassikaline ja alternatiivne. C3 on keskne komplemendis\u00fcsteemi valk, mis v\u00f5tab osa nii klassikalisest kui alternatiivsest aktivatsiooniteest. C3 [&hellip;]","og_url":"https:\/\/www.kliinikum.ee\/yhendlabor\/kasiraamat\/immuunstaatuse-uuringud\/komplemendi-komponendid-c3-sp-c3-ja-c4-sp-c4\/","og_site_name":"\u00dchendlabor","article_modified_time":"2025-11-26T19:06:03+00:00","twitter_card":"summary_large_image","twitter_misc":{"Est. reading time":"2 minutit"},"schema":{"@context":"https:\/\/schema.org","@graph":[{"@type":"WebPage","@id":"https:\/\/www.kliinikum.ee\/yhendlabor\/kasiraamat\/immuunstaatuse-uuringud\/komplemendi-komponendid-c3-sp-c3-ja-c4-sp-c4\/","url":"https:\/\/www.kliinikum.ee\/yhendlabor\/kasiraamat\/immuunstaatuse-uuringud\/komplemendi-komponendid-c3-sp-c3-ja-c4-sp-c4\/","name":"Komplemendi komponendid C3 (S,P-C3) ja C4 (S,P-C4) - \u00dchendlabor","isPartOf":{"@id":"https:\/\/www.kliinikum.ee\/yhendlabor\/#website"},"datePublished":"2025-10-22T18:06:36+00:00","dateModified":"2025-11-26T19:06:03+00:00","breadcrumb":{"@id":"https:\/\/www.kliinikum.ee\/yhendlabor\/kasiraamat\/immuunstaatuse-uuringud\/komplemendi-komponendid-c3-sp-c3-ja-c4-sp-c4\/#breadcrumb"},"inLanguage":"et","potentialAction":[{"@type":"ReadAction","target":["https:\/\/www.kliinikum.ee\/yhendlabor\/kasiraamat\/immuunstaatuse-uuringud\/komplemendi-komponendid-c3-sp-c3-ja-c4-sp-c4\/"]}]},{"@type":"BreadcrumbList","@id":"https:\/\/www.kliinikum.ee\/yhendlabor\/kasiraamat\/immuunstaatuse-uuringud\/komplemendi-komponendid-c3-sp-c3-ja-c4-sp-c4\/#breadcrumb","itemListElement":[{"@type":"ListItem","position":1,"name":"Home","item":"https:\/\/www.kliinikum.ee\/yhendlabor\/"},{"@type":"ListItem","position":2,"name":"K\u00e4siraamat","item":"https:\/\/www.kliinikum.ee\/yhendlabor\/kasiraamat\/"},{"@type":"ListItem","position":3,"name":"Immuunstaatuse uuringud","item":"https:\/\/www.kliinikum.ee\/yhendlabor\/kasiraamat\/immuunstaatuse-uuringud\/"},{"@type":"ListItem","position":4,"name":"Komplemendi komponendid C3 (S,P-C3) ja C4 (S,P-C4)"}]},{"@type":"WebSite","@id":"https:\/\/www.kliinikum.ee\/yhendlabor\/#website","url":"https:\/\/www.kliinikum.ee\/yhendlabor\/","name":"\u00dchendlabor","description":"Hoolivus, Uuendusmeelsus, P\u00e4devus ja Usaldusv\u00e4\u00e4rsus","potentialAction":[{"@type":"SearchAction","target":{"@type":"EntryPoint","urlTemplate":"https:\/\/www.kliinikum.ee\/yhendlabor\/?s={search_term_string}"},"query-input":{"@type":"PropertyValueSpecification","valueRequired":true,"valueName":"search_term_string"}}],"inLanguage":"et"}]}},"uagb_featured_image_src":{"full":false,"thumbnail":false,"medium":false,"medium_large":false,"large":false,"1536x1536":false,"2048x2048":false},"uagb_author_info":{"display_name":"Kadi Siigur","author_link":"https:\/\/www.kliinikum.ee\/yhendlabor\/author\/kadisi\/"},"uagb_comment_info":0,"uagb_excerpt":"Kliinilise keemia ja laboratoorse hematoloogia osakond Komplemendis\u00fcsteemi moodustab grupp gl\u00fckoproteiine, mis t\u00e4iendavad (ld complementum \u2013 t\u00e4iend) antikehade funktsioone. Neil on t\u00e4htis osa organismi kaitsemehhanismides: immuunvastuse tagamises ja p\u00f5letikureaktsioonides. S\u00fcsteemi komponendid tegutsevad kaskaadina. Komplemendis\u00fcsteemi aktiveerimiseks on kaks teed \u2013 klassikaline ja alternatiivne. C3 on keskne komplemendis\u00fcsteemi valk, mis v\u00f5tab osa nii klassikalisest kui alternatiivsest aktivatsiooniteest. C3&hellip;","_links":{"self":[{"href":"https:\/\/www.kliinikum.ee\/yhendlabor\/wp-json\/wp\/v2\/pages\/13707","targetHints":{"allow":["GET"]}}],"collection":[{"href":"https:\/\/www.kliinikum.ee\/yhendlabor\/wp-json\/wp\/v2\/pages"}],"about":[{"href":"https:\/\/www.kliinikum.ee\/yhendlabor\/wp-json\/wp\/v2\/types\/page"}],"author":[{"embeddable":true,"href":"https:\/\/www.kliinikum.ee\/yhendlabor\/wp-json\/wp\/v2\/users\/38"}],"replies":[{"embeddable":true,"href":"https:\/\/www.kliinikum.ee\/yhendlabor\/wp-json\/wp\/v2\/comments?post=13707"}],"version-history":[{"count":0,"href":"https:\/\/www.kliinikum.ee\/yhendlabor\/wp-json\/wp\/v2\/pages\/13707\/revisions"}],"up":[{"embeddable":true,"href":"https:\/\/www.kliinikum.ee\/yhendlabor\/wp-json\/wp\/v2\/pages\/7277"}],"wp:attachment":[{"href":"https:\/\/www.kliinikum.ee\/yhendlabor\/wp-json\/wp\/v2\/media?parent=13707"}],"curies":[{"name":"wp","href":"https:\/\/api.w.org\/{rel}","templated":true}]}}