{"id":13716,"date":"2025-10-22T20:43:16","date_gmt":"2025-10-22T18:43:16","guid":{"rendered":"https:\/\/www.kliinikum.ee\/yhendlabor\/?page_id=13716"},"modified":"2025-11-26T21:27:40","modified_gmt":"2025-11-26T19:27:40","slug":"kaltsitoniin-sp-ct","status":"publish","type":"page","link":"https:\/\/www.kliinikum.ee\/yhendlabor\/kasiraamat\/kasvajamarkerite-uuringud\/kaltsitoniin-sp-ct\/","title":{"rendered":"Kaltsitoniin (S,P-CT)"},"content":{"rendered":"\n<p><em>Kliinilise keemia ja laboratoorse hematoloogia osakond<\/em><\/p>\n\n\n\n<p><strong>Kaltsitoniin (CT)<\/strong> on 32 aminohappest koosnev peptiidhormoon, mida sekreteerivad p\u00f5hiliselt kilpn\u00e4\u00e4rme parafollikulaarsed rakud (C-rakud). CT reguleerib koos parathormooni (PTH) ja D-vitamiiniga kaltsiumi (Ca) ja fosfaatide ainevahetust. CT sekretsiooni stimuleerib t\u00f5usnud ekstratsellulaarse Ca nivoo. Kaltsitoniini funktsiooniks on Ca ladestamine luudesse ja Ca ekskretsiooni suurendamine neerude kaudu. CT inhibeerib Ca absorptsiooni soolestikus ning fosfaadi ja Ca reabsorptsiooni neerudes, t\u00f5stes Ca ja fosfaatide taset uriinis. Luudes inhibeerib CT osteoklastide aktiivsust, v\u00e4hendades seel\u00e4bi Ca resorptsiooni. CT ja parathormoon (PTH) k\u00e4ituvad antagonistidena, kaltsitoniin v\u00e4hendab kaltsiumi kontsentratsiooni veres, PTH suurendab.<\/p>\n\n\n\n<p>CT tase on tavaliselt v\u00e4ga madal, sageli meetodi tundlikkuse alumisel piiril. Baasnivoo on \u00fcldiselt v\u00e4heinformatiivne, seep\u00e4rast kasutatakse t\u00e4iendavaid diagnostilisi teste (nt pentagastriini test).<\/p>\n\n\n\n<p class=\"has-medium-font-size\"><strong>Uuritav materjal, selle v\u00f5tmine, saatmine ja s\u00e4ilitamine<\/strong><\/p>\n\n\n\n<figure class=\"wp-block-table is-style-stripes\"><table width=\"100%\"><tbody><tr><td width=\"1%\"><\/td><td width=\"15%\"><strong>Katsuti<\/strong><\/td><td width=\"84%\">Geeli ja h\u00fc\u00fcbimisaktivaatoriga katsuti (punane kollase r\u00f5ngaga v\u00f5i kollane kork) v\u00f5i geeliga LH-katsuti (roheline kollase r\u00f5ngaga v\u00f5i heleroheline kork)<\/td><\/tr><tr><td><\/td><td><strong>S\u00e4ilivus<\/strong><\/td><td>Seerum\/plasma toatemperatuuril neli tundi, +4 \u00b0C&nbsp; \u00fcks p\u00e4ev, -20 \u00b0C kaks aastat<\/td><\/tr><\/tbody><\/table><\/figure>\n\n\n\n<p class=\"has-medium-font-size\"><strong>Anal\u00fc\u00fcsi tegemise aeg:<\/strong> t\u00f6\u00f6p\u00e4eviti<\/p>\n\n\n\n<p class=\"has-medium-font-size\"><strong>Anal\u00fc\u00fcsimeetod: <\/strong>elektrokemoluminestsents-immuunmeetod (ECLIA)<\/p>\n\n\n\n<p class=\"has-medium-font-size\"><strong>Referentsv\u00e4\u00e4rtused<\/strong><\/p>\n\n\n\n<figure class=\"wp-block-table\"><table width=\"100%\"><tbody><tr><td width=\"1%\"><\/td><td width=\"20%\"><strong>&lt; 3 k<\/strong><\/td><td width=\"20%\"><\/td><td width=\"59%\">\u2264 10 pmol\/L<\/td><\/tr><tr><td><\/td><td><strong>3 k \u2013 &lt; 6 k<\/strong><\/td><td><\/td><td>\u2264 8,0 pmol\/L<\/td><\/tr><tr><td><\/td><td><strong>6 k \u2013 &lt; 9 k<\/strong><\/td><td><\/td><td>\u2264 6,4 pmol\/L<\/td><\/tr><tr><td><\/td><td><strong>9 k\u00ad \u2013 &lt; 18 k<\/strong><\/td><td><\/td><td>\u2264 5,0 pmol\/L<\/td><\/tr><tr><td><\/td><td><strong>18 k \u2013 &lt; 3 a<\/strong><\/td><td><\/td><td>\u2264 3,0 pmol\/L<\/td><\/tr><tr><td><\/td><td><strong>3 a \u2013 &lt; 17 a<\/strong><\/td><td><\/td><td>\u22642,0 pmol\/L<\/td><\/tr><tr><td><\/td><td><strong>\u2265 17 a<\/strong><\/td><td><strong>M<\/strong><\/td><td>\u2264 2,78 pmol\/L<\/td><\/tr><tr><td><\/td><td><\/td><td><strong>N<\/strong><\/td><td>\u22641,87 pmol\/L<\/td><\/tr><\/tbody><\/table><\/figure>\n\n\n\n<p class=\"has-medium-font-size\"><strong>N\u00e4idustus ja kliiniline t\u00e4hendus<\/strong><\/p>\n\n\n\n<p>Kilpn\u00e4\u00e4rme medullaarse v\u00e4hi ja perekondliku endokriinse hulgikasvaja (MEN2) diagnostika ja ravi j\u00e4lgimine.<\/p>\n\n\n\n<p>Seerumi CT sisaldus on suurenenud kilpn\u00e4\u00e4rme medullaarse v\u00e4hi ja perekondliku endokriinse hulgikasvaja 2. t\u00fc\u00fcbi (MEN2) korral. Anal\u00fc\u00fcsi on soovitav m\u00e4\u00e4rata ravi efektiivsuse ja radikaalsuse kontrollimiseks ning perekondlikuks skriininguks.<\/p>\n\n\n\n<p>CT nivoo t\u00f5us medullaarse v\u00e4hi postoperatiivses perioodis viitab v\u00e4hi retsidiivile. Ka rinna-, kopsu- ja eesn\u00e4\u00e4rmev\u00e4hi ning erinevate neuroendokriinsete kasvajate puhul on leitud CT taseme t\u00f5usu. Samuti esineb CT nivoo t\u00f5us healoomulise C-rakkude h\u00fcperplaasia, primaarse h\u00fcperparat\u00fcreoosi, autoimmuunsete t\u00fcreoidiitide, \u00e4geda pankreatiidi, mastots\u00fctoosi ja kroonilise neerupuudulikkuse korral.<\/p>\n\n\n\n<p>Koostajad: Rain Lehtme, Kaja Vaagen<br>Muudetud 01.09.2023<\/p>\n","protected":false},"excerpt":{"rendered":"<p>Kliinilise keemia ja laboratoorse hematoloogia osakond Kaltsitoniin (CT) on 32 aminohappest koosnev peptiidhormoon, mida sekreteerivad p\u00f5hiliselt kilpn\u00e4\u00e4rme parafollikulaarsed rakud (C-rakud). CT reguleerib koos parathormooni (PTH) ja D-vitamiiniga kaltsiumi (Ca) ja fosfaatide ainevahetust. CT sekretsiooni stimuleerib t\u00f5usnud ekstratsellulaarse Ca nivoo. Kaltsitoniini funktsiooniks on Ca ladestamine luudesse ja Ca ekskretsiooni suurendamine neerude kaudu. CT inhibeerib Ca absorptsiooni [&hellip;]<\/p>\n","protected":false},"author":38,"featured_media":0,"parent":7280,"menu_order":6,"comment_status":"closed","ping_status":"closed","template":"","meta":{"_uag_custom_page_level_css":"","footnotes":""},"class_list":["post-13716","page","type-page","status-publish","hentry"],"acf":[],"yoast_head":"<!-- This site is optimized with the Yoast SEO plugin v27.3 - https:\/\/yoast.com\/product\/yoast-seo-wordpress\/ -->\n<title>Kaltsitoniin (S,P-CT) - \u00dchendlabor<\/title>\n<meta name=\"robots\" content=\"index, follow, max-snippet:-1, max-image-preview:large, max-video-preview:-1\" \/>\n<link rel=\"canonical\" href=\"https:\/\/www.kliinikum.ee\/yhendlabor\/kasiraamat\/kasvajamarkerite-uuringud\/kaltsitoniin-sp-ct\/\" \/>\n<meta property=\"og:locale\" content=\"et_EE\" \/>\n<meta property=\"og:type\" content=\"article\" \/>\n<meta property=\"og:title\" content=\"Kaltsitoniin (S,P-CT) - \u00dchendlabor\" \/>\n<meta property=\"og:description\" content=\"Kliinilise keemia ja laboratoorse hematoloogia osakond Kaltsitoniin (CT) on 32 aminohappest koosnev peptiidhormoon, mida sekreteerivad p\u00f5hiliselt kilpn\u00e4\u00e4rme parafollikulaarsed rakud (C-rakud). CT reguleerib koos parathormooni (PTH) ja D-vitamiiniga kaltsiumi (Ca) ja fosfaatide ainevahetust. CT sekretsiooni stimuleerib t\u00f5usnud ekstratsellulaarse Ca nivoo. Kaltsitoniini funktsiooniks on Ca ladestamine luudesse ja Ca ekskretsiooni suurendamine neerude kaudu. CT inhibeerib Ca absorptsiooni [&hellip;]\" \/>\n<meta property=\"og:url\" content=\"https:\/\/www.kliinikum.ee\/yhendlabor\/kasiraamat\/kasvajamarkerite-uuringud\/kaltsitoniin-sp-ct\/\" \/>\n<meta property=\"og:site_name\" content=\"\u00dchendlabor\" \/>\n<meta property=\"article:modified_time\" content=\"2025-11-26T19:27:40+00:00\" \/>\n<meta name=\"twitter:card\" content=\"summary_large_image\" \/>\n<meta name=\"twitter:label1\" content=\"Est. reading time\" \/>\n\t<meta name=\"twitter:data1\" content=\"2 minutit\" \/>\n<script type=\"application\/ld+json\" class=\"yoast-schema-graph\">{\"@context\":\"https:\\\/\\\/schema.org\",\"@graph\":[{\"@type\":\"WebPage\",\"@id\":\"https:\\\/\\\/www.kliinikum.ee\\\/yhendlabor\\\/kasiraamat\\\/kasvajamarkerite-uuringud\\\/kaltsitoniin-sp-ct\\\/\",\"url\":\"https:\\\/\\\/www.kliinikum.ee\\\/yhendlabor\\\/kasiraamat\\\/kasvajamarkerite-uuringud\\\/kaltsitoniin-sp-ct\\\/\",\"name\":\"Kaltsitoniin (S,P-CT) - \u00dchendlabor\",\"isPartOf\":{\"@id\":\"https:\\\/\\\/www.kliinikum.ee\\\/yhendlabor\\\/#website\"},\"datePublished\":\"2025-10-22T18:43:16+00:00\",\"dateModified\":\"2025-11-26T19:27:40+00:00\",\"breadcrumb\":{\"@id\":\"https:\\\/\\\/www.kliinikum.ee\\\/yhendlabor\\\/kasiraamat\\\/kasvajamarkerite-uuringud\\\/kaltsitoniin-sp-ct\\\/#breadcrumb\"},\"inLanguage\":\"et\",\"potentialAction\":[{\"@type\":\"ReadAction\",\"target\":[\"https:\\\/\\\/www.kliinikum.ee\\\/yhendlabor\\\/kasiraamat\\\/kasvajamarkerite-uuringud\\\/kaltsitoniin-sp-ct\\\/\"]}]},{\"@type\":\"BreadcrumbList\",\"@id\":\"https:\\\/\\\/www.kliinikum.ee\\\/yhendlabor\\\/kasiraamat\\\/kasvajamarkerite-uuringud\\\/kaltsitoniin-sp-ct\\\/#breadcrumb\",\"itemListElement\":[{\"@type\":\"ListItem\",\"position\":1,\"name\":\"Home\",\"item\":\"https:\\\/\\\/www.kliinikum.ee\\\/yhendlabor\\\/\"},{\"@type\":\"ListItem\",\"position\":2,\"name\":\"K\u00e4siraamat\",\"item\":\"https:\\\/\\\/www.kliinikum.ee\\\/yhendlabor\\\/kasiraamat\\\/\"},{\"@type\":\"ListItem\",\"position\":3,\"name\":\"Kasvajamarkerite uuringud\",\"item\":\"https:\\\/\\\/www.kliinikum.ee\\\/yhendlabor\\\/kasiraamat\\\/kasvajamarkerite-uuringud\\\/\"},{\"@type\":\"ListItem\",\"position\":4,\"name\":\"Kaltsitoniin (S,P-CT)\"}]},{\"@type\":\"WebSite\",\"@id\":\"https:\\\/\\\/www.kliinikum.ee\\\/yhendlabor\\\/#website\",\"url\":\"https:\\\/\\\/www.kliinikum.ee\\\/yhendlabor\\\/\",\"name\":\"\u00dchendlabor\",\"description\":\"Hoolivus, Uuendusmeelsus, P\u00e4devus ja Usaldusv\u00e4\u00e4rsus\",\"potentialAction\":[{\"@type\":\"SearchAction\",\"target\":{\"@type\":\"EntryPoint\",\"urlTemplate\":\"https:\\\/\\\/www.kliinikum.ee\\\/yhendlabor\\\/?s={search_term_string}\"},\"query-input\":{\"@type\":\"PropertyValueSpecification\",\"valueRequired\":true,\"valueName\":\"search_term_string\"}}],\"inLanguage\":\"et\"}]}<\/script>\n<!-- \/ Yoast SEO plugin. -->","yoast_head_json":{"title":"Kaltsitoniin (S,P-CT) - \u00dchendlabor","robots":{"index":"index","follow":"follow","max-snippet":"max-snippet:-1","max-image-preview":"max-image-preview:large","max-video-preview":"max-video-preview:-1"},"canonical":"https:\/\/www.kliinikum.ee\/yhendlabor\/kasiraamat\/kasvajamarkerite-uuringud\/kaltsitoniin-sp-ct\/","og_locale":"et_EE","og_type":"article","og_title":"Kaltsitoniin (S,P-CT) - \u00dchendlabor","og_description":"Kliinilise keemia ja laboratoorse hematoloogia osakond Kaltsitoniin (CT) on 32 aminohappest koosnev peptiidhormoon, mida sekreteerivad p\u00f5hiliselt kilpn\u00e4\u00e4rme parafollikulaarsed rakud (C-rakud). CT reguleerib koos parathormooni (PTH) ja D-vitamiiniga kaltsiumi (Ca) ja fosfaatide ainevahetust. CT sekretsiooni stimuleerib t\u00f5usnud ekstratsellulaarse Ca nivoo. Kaltsitoniini funktsiooniks on Ca ladestamine luudesse ja Ca ekskretsiooni suurendamine neerude kaudu. CT inhibeerib Ca absorptsiooni [&hellip;]","og_url":"https:\/\/www.kliinikum.ee\/yhendlabor\/kasiraamat\/kasvajamarkerite-uuringud\/kaltsitoniin-sp-ct\/","og_site_name":"\u00dchendlabor","article_modified_time":"2025-11-26T19:27:40+00:00","twitter_card":"summary_large_image","twitter_misc":{"Est. reading time":"2 minutit"},"schema":{"@context":"https:\/\/schema.org","@graph":[{"@type":"WebPage","@id":"https:\/\/www.kliinikum.ee\/yhendlabor\/kasiraamat\/kasvajamarkerite-uuringud\/kaltsitoniin-sp-ct\/","url":"https:\/\/www.kliinikum.ee\/yhendlabor\/kasiraamat\/kasvajamarkerite-uuringud\/kaltsitoniin-sp-ct\/","name":"Kaltsitoniin (S,P-CT) - \u00dchendlabor","isPartOf":{"@id":"https:\/\/www.kliinikum.ee\/yhendlabor\/#website"},"datePublished":"2025-10-22T18:43:16+00:00","dateModified":"2025-11-26T19:27:40+00:00","breadcrumb":{"@id":"https:\/\/www.kliinikum.ee\/yhendlabor\/kasiraamat\/kasvajamarkerite-uuringud\/kaltsitoniin-sp-ct\/#breadcrumb"},"inLanguage":"et","potentialAction":[{"@type":"ReadAction","target":["https:\/\/www.kliinikum.ee\/yhendlabor\/kasiraamat\/kasvajamarkerite-uuringud\/kaltsitoniin-sp-ct\/"]}]},{"@type":"BreadcrumbList","@id":"https:\/\/www.kliinikum.ee\/yhendlabor\/kasiraamat\/kasvajamarkerite-uuringud\/kaltsitoniin-sp-ct\/#breadcrumb","itemListElement":[{"@type":"ListItem","position":1,"name":"Home","item":"https:\/\/www.kliinikum.ee\/yhendlabor\/"},{"@type":"ListItem","position":2,"name":"K\u00e4siraamat","item":"https:\/\/www.kliinikum.ee\/yhendlabor\/kasiraamat\/"},{"@type":"ListItem","position":3,"name":"Kasvajamarkerite uuringud","item":"https:\/\/www.kliinikum.ee\/yhendlabor\/kasiraamat\/kasvajamarkerite-uuringud\/"},{"@type":"ListItem","position":4,"name":"Kaltsitoniin (S,P-CT)"}]},{"@type":"WebSite","@id":"https:\/\/www.kliinikum.ee\/yhendlabor\/#website","url":"https:\/\/www.kliinikum.ee\/yhendlabor\/","name":"\u00dchendlabor","description":"Hoolivus, Uuendusmeelsus, P\u00e4devus ja Usaldusv\u00e4\u00e4rsus","potentialAction":[{"@type":"SearchAction","target":{"@type":"EntryPoint","urlTemplate":"https:\/\/www.kliinikum.ee\/yhendlabor\/?s={search_term_string}"},"query-input":{"@type":"PropertyValueSpecification","valueRequired":true,"valueName":"search_term_string"}}],"inLanguage":"et"}]}},"uagb_featured_image_src":{"full":false,"thumbnail":false,"medium":false,"medium_large":false,"large":false,"1536x1536":false,"2048x2048":false},"uagb_author_info":{"display_name":"Kadi Siigur","author_link":"https:\/\/www.kliinikum.ee\/yhendlabor\/author\/kadisi\/"},"uagb_comment_info":0,"uagb_excerpt":"Kliinilise keemia ja laboratoorse hematoloogia osakond Kaltsitoniin (CT) on 32 aminohappest koosnev peptiidhormoon, mida sekreteerivad p\u00f5hiliselt kilpn\u00e4\u00e4rme parafollikulaarsed rakud (C-rakud). CT reguleerib koos parathormooni (PTH) ja D-vitamiiniga kaltsiumi (Ca) ja fosfaatide ainevahetust. CT sekretsiooni stimuleerib t\u00f5usnud ekstratsellulaarse Ca nivoo. Kaltsitoniini funktsiooniks on Ca ladestamine luudesse ja Ca ekskretsiooni suurendamine neerude kaudu. CT inhibeerib Ca absorptsiooni&hellip;","_links":{"self":[{"href":"https:\/\/www.kliinikum.ee\/yhendlabor\/wp-json\/wp\/v2\/pages\/13716","targetHints":{"allow":["GET"]}}],"collection":[{"href":"https:\/\/www.kliinikum.ee\/yhendlabor\/wp-json\/wp\/v2\/pages"}],"about":[{"href":"https:\/\/www.kliinikum.ee\/yhendlabor\/wp-json\/wp\/v2\/types\/page"}],"author":[{"embeddable":true,"href":"https:\/\/www.kliinikum.ee\/yhendlabor\/wp-json\/wp\/v2\/users\/38"}],"replies":[{"embeddable":true,"href":"https:\/\/www.kliinikum.ee\/yhendlabor\/wp-json\/wp\/v2\/comments?post=13716"}],"version-history":[{"count":0,"href":"https:\/\/www.kliinikum.ee\/yhendlabor\/wp-json\/wp\/v2\/pages\/13716\/revisions"}],"up":[{"embeddable":true,"href":"https:\/\/www.kliinikum.ee\/yhendlabor\/wp-json\/wp\/v2\/pages\/7280"}],"wp:attachment":[{"href":"https:\/\/www.kliinikum.ee\/yhendlabor\/wp-json\/wp\/v2\/media?parent=13716"}],"curies":[{"name":"wp","href":"https:\/\/api.w.org\/{rel}","templated":true}]}}