{"id":13727,"date":"2025-10-22T21:20:23","date_gmt":"2025-10-22T19:20:23","guid":{"rendered":"https:\/\/www.kliinikum.ee\/yhendlabor\/?page_id=13727"},"modified":"2025-12-11T17:51:30","modified_gmt":"2025-12-11T15:51:30","slug":"posakonasool-p-posaconazole","status":"publish","type":"page","link":"https:\/\/www.kliinikum.ee\/yhendlabor\/kasiraamat\/ravimiseire-uuringud\/posakonasool-p-posaconazole\/","title":{"rendered":"Posakonasool (P-Posaconazole)"},"content":{"rendered":"\n<p><em>Kliinilise keemia ja laboratoorse hematoloogia osakond<\/em><\/p>\n\n\n\n<p><strong>Posakonasool <\/strong>on laia toimespektriga triasoolide r\u00fchma kuuluv seenevastane ravim, mis on n\u00e4idustatud invasiivsete seeninfektsioonidega patsientide raviks.<\/p>\n\n\n\n<p>Posakonasooli kasutatakse t\u00e4iskasvanud patsientidel invasiivse aspergilloosi, kromoblastom\u00fckoosi ja m\u00fctsetoomi, fusarioosi, koktsidioidm\u00fckoosi ja orofar\u00fcngeaalse kandidoosi (esimese rea ravimina raskekujulise haigusega v\u00f5i immuuns\u00fcsteemi puudulikkusega patsientidel, kellel haigus eeldatavalt ei allu lokaalsele ravile) korral. Posakonasooli kasutatakse prof\u00fclaktiliselt invasiivsete seeninfektsioonide ennetamiseks hematoloogiliste haigustega (\u00e4ge m\u00fceloidne leukeemia, m\u00fcelod\u00fcsplastiline s\u00fcndroom) patsientidel, kellel on suur risk neutropeenia tekkeks, samuti kasutatakse posakonasooli prof\u00fclaktiliselt vereloome t\u00fcvirakkude siirdamisel, kui patsient saab suures annuses immuunsupressiivset ravi. Posakonasooli manustatakse suukaudselt v\u00f5i intravenoosse tilkinfusioonina.<\/p>\n\n\n\n<p>Posakonasooli biosaadavus on indiviiditi varieeruv. Ravimi sissev\u00f5tmisel koos toiduga v\u00f5ib posakonasooli imendumine oluliselt suureneda, samuti on imendumine s\u00f5ltuv mao pH-st. &nbsp;Ravimi poolv\u00e4\u00e4rtusaeg on 24\u201337 tundi. Tasakaalukontsentratsioon saavutatakse esimese ravin\u00e4dala l\u00f5puks. Posakonasool metaboliseeritakse gl\u00fckuroonimise teel, metaboliidid eritatakse v\u00e4ljaheite ja uriiniga.<\/p>\n\n\n\n<p>Posakonasool on tugev CYP3A4 inhibiitor. Posakonasooli koosmanustamine CYP3A4 substraatidega v\u00f5ib p\u00f5hjustada CYP3A4 substraatide ulatusliku toime tugevnemise (nt. takroliimus, siroliimus, ts\u00fcklosporiin, atasanaviir ja midasolaam) ning seda tuleb loetletud ravimite annustamisel arvesse v\u00f5tta.<\/p>\n\n\n\n<p>Posakonasoolravi sagedasemad k\u00f5rvaltoimed on iiveldus, oksendamine, hepatotoksilisus.<\/p>\n\n\n\n<p class=\"has-medium-font-size\"><strong>Uuritav materjal, selle v\u00f5tmine, saatmine ja s\u00e4ilitamine<\/strong><\/p>\n\n\n\n<p><em>Proov tuleb v\u00f5tta vahetult enne j\u00e4rgmise ravimiannuse manustamist!<\/em><\/p>\n\n\n\n<p>Proov tuleb transportida koheselt laborisse.<\/p>\n\n\n\n<figure class=\"wp-block-table is-style-stripes\"><table width=\"100%\"><tbody><tr><td width=\"1%\"><\/td><td width=\"15%\"><strong>Katsuti<\/strong><\/td><td width=\"84%\">K2E\/K3E-katsuti (lilla kork)<\/td><\/tr><tr><td><\/td><td><strong>S\u00e4ilivus<\/strong><\/td><td>Plasmas +4 \u00b0C juures kuni \u00fcks n\u00e4dal<\/td><\/tr><\/tbody><\/table><\/figure>\n\n\n\n<p class=\"has-medium-font-size\"><strong>Anal\u00fc\u00fcsi tegemise aeg<\/strong><strong>:<\/strong> t\u00f6\u00f6p\u00e4eviti<\/p>\n\n\n\n<p class=\"has-medium-font-size\"><strong>Anal\u00fc\u00fcsimeetod<\/strong><strong>:<\/strong> vedelikkromatograafia-massispektromeetria (LC-MS\/MS)<\/p>\n\n\n\n<p class=\"has-medium-font-size\"><strong>Referentsv\u00e4\u00e4rtused<\/strong><\/p>\n\n\n\n<p>Terapeutiline vahemik ei ole \u00fcheselt m\u00e4\u00e4ratud. <a><\/a>Prof\u00fclaktilise ravi korral soovitatakse&nbsp; eesm\u00e4rkv\u00e4\u00e4rtuseks posakonasooli baaskontsentratsiooni &gt; 0,7 mg\/L. Kuna tasakaalukontsentratsioon ei saabu enne n\u00e4dala m\u00f6\u00f6dumist ravi algusest, siis soovitatakse kasutada ka eesm\u00e4rkv\u00e4\u00e4rtust &gt; 0,35 mg\/L 48 tundi p\u00e4rast ravi algust. Invasiivse aspergilloosi puhul soovitatakse kasutada eesm\u00e4rkv\u00e4\u00e4rtust &gt; 1 mg\/L.<strong><\/strong><\/p>\n\n\n\n<p class=\"has-medium-font-size\"><strong>N\u00e4idustus ja kliiniline t\u00e4hendus<\/strong><\/p>\n\n\n\n<p>Posakonasoolravi j\u00e4lgimine. Optimaalse raviskeemi leidmine ja kontroll, ravimim\u00fcrgistuse diagnostika.<\/p>\n\n\n\n<p>Koostaja: Katrin Reimand<br>27.02.2019<\/p>\n","protected":false},"excerpt":{"rendered":"<p>Kliinilise keemia ja laboratoorse hematoloogia osakond Posakonasool on laia toimespektriga triasoolide r\u00fchma kuuluv seenevastane ravim, mis on n\u00e4idustatud invasiivsete seeninfektsioonidega patsientide raviks. Posakonasooli kasutatakse t\u00e4iskasvanud patsientidel invasiivse aspergilloosi, kromoblastom\u00fckoosi ja m\u00fctsetoomi, fusarioosi, koktsidioidm\u00fckoosi ja orofar\u00fcngeaalse kandidoosi (esimese rea ravimina raskekujulise haigusega v\u00f5i immuuns\u00fcsteemi puudulikkusega patsientidel, kellel haigus eeldatavalt ei allu lokaalsele ravile) korral. Posakonasooli kasutatakse [&hellip;]<\/p>\n","protected":false},"author":38,"featured_media":0,"parent":7301,"menu_order":29,"comment_status":"closed","ping_status":"closed","template":"","meta":{"_uag_custom_page_level_css":"","footnotes":""},"class_list":["post-13727","page","type-page","status-publish","hentry"],"acf":[],"yoast_head":"<!-- This site is optimized with the Yoast SEO plugin v27.3 - https:\/\/yoast.com\/product\/yoast-seo-wordpress\/ -->\n<title>Posakonasool (P-Posaconazole) - \u00dchendlabor<\/title>\n<meta name=\"robots\" content=\"index, follow, max-snippet:-1, max-image-preview:large, max-video-preview:-1\" \/>\n<link rel=\"canonical\" href=\"https:\/\/www.kliinikum.ee\/yhendlabor\/kasiraamat\/ravimiseire-uuringud\/posakonasool-p-posaconazole\/\" \/>\n<meta property=\"og:locale\" content=\"et_EE\" \/>\n<meta property=\"og:type\" content=\"article\" \/>\n<meta property=\"og:title\" content=\"Posakonasool (P-Posaconazole) - \u00dchendlabor\" \/>\n<meta property=\"og:description\" content=\"Kliinilise keemia ja laboratoorse hematoloogia osakond Posakonasool on laia toimespektriga triasoolide r\u00fchma kuuluv seenevastane ravim, mis on n\u00e4idustatud invasiivsete seeninfektsioonidega patsientide raviks. Posakonasooli kasutatakse t\u00e4iskasvanud patsientidel invasiivse aspergilloosi, kromoblastom\u00fckoosi ja m\u00fctsetoomi, fusarioosi, koktsidioidm\u00fckoosi ja orofar\u00fcngeaalse kandidoosi (esimese rea ravimina raskekujulise haigusega v\u00f5i immuuns\u00fcsteemi puudulikkusega patsientidel, kellel haigus eeldatavalt ei allu lokaalsele ravile) korral. Posakonasooli kasutatakse [&hellip;]\" \/>\n<meta property=\"og:url\" content=\"https:\/\/www.kliinikum.ee\/yhendlabor\/kasiraamat\/ravimiseire-uuringud\/posakonasool-p-posaconazole\/\" \/>\n<meta property=\"og:site_name\" content=\"\u00dchendlabor\" \/>\n<meta property=\"article:modified_time\" content=\"2025-12-11T15:51:30+00:00\" \/>\n<meta name=\"twitter:card\" content=\"summary_large_image\" \/>\n<meta name=\"twitter:label1\" content=\"Est. reading time\" \/>\n\t<meta name=\"twitter:data1\" content=\"2 minutit\" \/>\n<script type=\"application\/ld+json\" class=\"yoast-schema-graph\">{\"@context\":\"https:\\\/\\\/schema.org\",\"@graph\":[{\"@type\":\"WebPage\",\"@id\":\"https:\\\/\\\/www.kliinikum.ee\\\/yhendlabor\\\/kasiraamat\\\/ravimiseire-uuringud\\\/posakonasool-p-posaconazole\\\/\",\"url\":\"https:\\\/\\\/www.kliinikum.ee\\\/yhendlabor\\\/kasiraamat\\\/ravimiseire-uuringud\\\/posakonasool-p-posaconazole\\\/\",\"name\":\"Posakonasool (P-Posaconazole) - \u00dchendlabor\",\"isPartOf\":{\"@id\":\"https:\\\/\\\/www.kliinikum.ee\\\/yhendlabor\\\/#website\"},\"datePublished\":\"2025-10-22T19:20:23+00:00\",\"dateModified\":\"2025-12-11T15:51:30+00:00\",\"breadcrumb\":{\"@id\":\"https:\\\/\\\/www.kliinikum.ee\\\/yhendlabor\\\/kasiraamat\\\/ravimiseire-uuringud\\\/posakonasool-p-posaconazole\\\/#breadcrumb\"},\"inLanguage\":\"et\",\"potentialAction\":[{\"@type\":\"ReadAction\",\"target\":[\"https:\\\/\\\/www.kliinikum.ee\\\/yhendlabor\\\/kasiraamat\\\/ravimiseire-uuringud\\\/posakonasool-p-posaconazole\\\/\"]}]},{\"@type\":\"BreadcrumbList\",\"@id\":\"https:\\\/\\\/www.kliinikum.ee\\\/yhendlabor\\\/kasiraamat\\\/ravimiseire-uuringud\\\/posakonasool-p-posaconazole\\\/#breadcrumb\",\"itemListElement\":[{\"@type\":\"ListItem\",\"position\":1,\"name\":\"Home\",\"item\":\"https:\\\/\\\/www.kliinikum.ee\\\/yhendlabor\\\/\"},{\"@type\":\"ListItem\",\"position\":2,\"name\":\"K\u00e4siraamat\",\"item\":\"https:\\\/\\\/www.kliinikum.ee\\\/yhendlabor\\\/kasiraamat\\\/\"},{\"@type\":\"ListItem\",\"position\":3,\"name\":\"Ravimiseire uuringud\",\"item\":\"https:\\\/\\\/www.kliinikum.ee\\\/yhendlabor\\\/kasiraamat\\\/ravimiseire-uuringud\\\/\"},{\"@type\":\"ListItem\",\"position\":4,\"name\":\"Posakonasool (P-Posaconazole)\"}]},{\"@type\":\"WebSite\",\"@id\":\"https:\\\/\\\/www.kliinikum.ee\\\/yhendlabor\\\/#website\",\"url\":\"https:\\\/\\\/www.kliinikum.ee\\\/yhendlabor\\\/\",\"name\":\"\u00dchendlabor\",\"description\":\"Hoolivus, Uuendusmeelsus, P\u00e4devus ja Usaldusv\u00e4\u00e4rsus\",\"potentialAction\":[{\"@type\":\"SearchAction\",\"target\":{\"@type\":\"EntryPoint\",\"urlTemplate\":\"https:\\\/\\\/www.kliinikum.ee\\\/yhendlabor\\\/?s={search_term_string}\"},\"query-input\":{\"@type\":\"PropertyValueSpecification\",\"valueRequired\":true,\"valueName\":\"search_term_string\"}}],\"inLanguage\":\"et\"}]}<\/script>\n<!-- \/ Yoast SEO plugin. -->","yoast_head_json":{"title":"Posakonasool (P-Posaconazole) - \u00dchendlabor","robots":{"index":"index","follow":"follow","max-snippet":"max-snippet:-1","max-image-preview":"max-image-preview:large","max-video-preview":"max-video-preview:-1"},"canonical":"https:\/\/www.kliinikum.ee\/yhendlabor\/kasiraamat\/ravimiseire-uuringud\/posakonasool-p-posaconazole\/","og_locale":"et_EE","og_type":"article","og_title":"Posakonasool (P-Posaconazole) - \u00dchendlabor","og_description":"Kliinilise keemia ja laboratoorse hematoloogia osakond Posakonasool on laia toimespektriga triasoolide r\u00fchma kuuluv seenevastane ravim, mis on n\u00e4idustatud invasiivsete seeninfektsioonidega patsientide raviks. Posakonasooli kasutatakse t\u00e4iskasvanud patsientidel invasiivse aspergilloosi, kromoblastom\u00fckoosi ja m\u00fctsetoomi, fusarioosi, koktsidioidm\u00fckoosi ja orofar\u00fcngeaalse kandidoosi (esimese rea ravimina raskekujulise haigusega v\u00f5i immuuns\u00fcsteemi puudulikkusega patsientidel, kellel haigus eeldatavalt ei allu lokaalsele ravile) korral. Posakonasooli kasutatakse [&hellip;]","og_url":"https:\/\/www.kliinikum.ee\/yhendlabor\/kasiraamat\/ravimiseire-uuringud\/posakonasool-p-posaconazole\/","og_site_name":"\u00dchendlabor","article_modified_time":"2025-12-11T15:51:30+00:00","twitter_card":"summary_large_image","twitter_misc":{"Est. reading time":"2 minutit"},"schema":{"@context":"https:\/\/schema.org","@graph":[{"@type":"WebPage","@id":"https:\/\/www.kliinikum.ee\/yhendlabor\/kasiraamat\/ravimiseire-uuringud\/posakonasool-p-posaconazole\/","url":"https:\/\/www.kliinikum.ee\/yhendlabor\/kasiraamat\/ravimiseire-uuringud\/posakonasool-p-posaconazole\/","name":"Posakonasool (P-Posaconazole) - \u00dchendlabor","isPartOf":{"@id":"https:\/\/www.kliinikum.ee\/yhendlabor\/#website"},"datePublished":"2025-10-22T19:20:23+00:00","dateModified":"2025-12-11T15:51:30+00:00","breadcrumb":{"@id":"https:\/\/www.kliinikum.ee\/yhendlabor\/kasiraamat\/ravimiseire-uuringud\/posakonasool-p-posaconazole\/#breadcrumb"},"inLanguage":"et","potentialAction":[{"@type":"ReadAction","target":["https:\/\/www.kliinikum.ee\/yhendlabor\/kasiraamat\/ravimiseire-uuringud\/posakonasool-p-posaconazole\/"]}]},{"@type":"BreadcrumbList","@id":"https:\/\/www.kliinikum.ee\/yhendlabor\/kasiraamat\/ravimiseire-uuringud\/posakonasool-p-posaconazole\/#breadcrumb","itemListElement":[{"@type":"ListItem","position":1,"name":"Home","item":"https:\/\/www.kliinikum.ee\/yhendlabor\/"},{"@type":"ListItem","position":2,"name":"K\u00e4siraamat","item":"https:\/\/www.kliinikum.ee\/yhendlabor\/kasiraamat\/"},{"@type":"ListItem","position":3,"name":"Ravimiseire uuringud","item":"https:\/\/www.kliinikum.ee\/yhendlabor\/kasiraamat\/ravimiseire-uuringud\/"},{"@type":"ListItem","position":4,"name":"Posakonasool (P-Posaconazole)"}]},{"@type":"WebSite","@id":"https:\/\/www.kliinikum.ee\/yhendlabor\/#website","url":"https:\/\/www.kliinikum.ee\/yhendlabor\/","name":"\u00dchendlabor","description":"Hoolivus, Uuendusmeelsus, P\u00e4devus ja Usaldusv\u00e4\u00e4rsus","potentialAction":[{"@type":"SearchAction","target":{"@type":"EntryPoint","urlTemplate":"https:\/\/www.kliinikum.ee\/yhendlabor\/?s={search_term_string}"},"query-input":{"@type":"PropertyValueSpecification","valueRequired":true,"valueName":"search_term_string"}}],"inLanguage":"et"}]}},"uagb_featured_image_src":{"full":false,"thumbnail":false,"medium":false,"medium_large":false,"large":false,"1536x1536":false,"2048x2048":false},"uagb_author_info":{"display_name":"Kadi Siigur","author_link":"https:\/\/www.kliinikum.ee\/yhendlabor\/author\/kadisi\/"},"uagb_comment_info":0,"uagb_excerpt":"Kliinilise keemia ja laboratoorse hematoloogia osakond Posakonasool on laia toimespektriga triasoolide r\u00fchma kuuluv seenevastane ravim, mis on n\u00e4idustatud invasiivsete seeninfektsioonidega patsientide raviks. Posakonasooli kasutatakse t\u00e4iskasvanud patsientidel invasiivse aspergilloosi, kromoblastom\u00fckoosi ja m\u00fctsetoomi, fusarioosi, koktsidioidm\u00fckoosi ja orofar\u00fcngeaalse kandidoosi (esimese rea ravimina raskekujulise haigusega v\u00f5i immuuns\u00fcsteemi puudulikkusega patsientidel, kellel haigus eeldatavalt ei allu lokaalsele ravile) korral. Posakonasooli kasutatakse&hellip;","_links":{"self":[{"href":"https:\/\/www.kliinikum.ee\/yhendlabor\/wp-json\/wp\/v2\/pages\/13727","targetHints":{"allow":["GET"]}}],"collection":[{"href":"https:\/\/www.kliinikum.ee\/yhendlabor\/wp-json\/wp\/v2\/pages"}],"about":[{"href":"https:\/\/www.kliinikum.ee\/yhendlabor\/wp-json\/wp\/v2\/types\/page"}],"author":[{"embeddable":true,"href":"https:\/\/www.kliinikum.ee\/yhendlabor\/wp-json\/wp\/v2\/users\/38"}],"replies":[{"embeddable":true,"href":"https:\/\/www.kliinikum.ee\/yhendlabor\/wp-json\/wp\/v2\/comments?post=13727"}],"version-history":[{"count":0,"href":"https:\/\/www.kliinikum.ee\/yhendlabor\/wp-json\/wp\/v2\/pages\/13727\/revisions"}],"up":[{"embeddable":true,"href":"https:\/\/www.kliinikum.ee\/yhendlabor\/wp-json\/wp\/v2\/pages\/7301"}],"wp:attachment":[{"href":"https:\/\/www.kliinikum.ee\/yhendlabor\/wp-json\/wp\/v2\/media?parent=13727"}],"curies":[{"name":"wp","href":"https:\/\/api.w.org\/{rel}","templated":true}]}}