{"id":13843,"date":"2025-11-09T15:36:17","date_gmt":"2025-11-09T13:36:17","guid":{"rendered":"https:\/\/www.kliinikum.ee\/yhendlabor\/?page_id=13843"},"modified":"2025-11-09T15:36:22","modified_gmt":"2025-11-09T13:36:22","slug":"aktiveeritud-osalise-tromboplastiini-aeg-p-aptt","status":"publish","type":"page","link":"https:\/\/www.kliinikum.ee\/yhendlabor\/kasiraamat\/huubimisuuringud\/aktiveeritud-osalise-tromboplastiini-aeg-p-aptt\/","title":{"rendered":"Aktiveeritud osalise tromboplastiini aeg (P-APTT)"},"content":{"rendered":"\n<p><em>Kliinilise keemia ja laboratoorse hematoloogia osakond<\/em><\/p>\n\n\n\n<p><strong>Aktiveeritud osalise tromboplastiini aeg (<em>Activated Partial Thromboplastin Time, <\/em>APTT<em>)<\/em><\/strong><em> <\/em>kuulub koos protrombiini ajaga nn sekundaarse hemostaasi s\u00f5eluuringute hulka ning peegeldab sisemise tee (faktorid XII, XI, IX, VIII) ja \u00fchise tee (faktorid X, V, II ja I) faktorite aktiivsust.<\/p>\n\n\n\n<p class=\"has-medium-font-size\"><strong>Uuritav materjal, selle v\u00f5tmine, saatmine ja s\u00e4ilitamine<\/strong><\/p>\n\n\n\n<figure class=\"wp-block-table is-style-stripes\"><table width=\"100%\"><tbody><tr><td width=\"1%\"><\/td><td width=\"15%\"><strong>Katsuti<\/strong><\/td><td width=\"84%\">9NC-katsuti (helesinine kork)<\/td><\/tr><tr><td><\/td><td><strong>S\u00e4ilivus<\/strong><\/td><td>Hepariinravi korral: veri toatemperatuuril \u00fcks tund, plasma toatemperatuuril kaks tundi. <br>Plasma tuleb eraldada \u00fche tunni jooksul peale proovi v\u00f5tmist (tsentrifuugida 2000\u20132500 x g juures 15 min). <br>Muudel juhtudel: veri ja plasma toatemperatuuril neli tundi. <br>Plasma tuleb eraldada nelja tunni jooksul peale proovi v\u00f5tmist (tsentrifuugida 2000\u20132500 x g juures 15 min).<\/td><\/tr><\/tbody><\/table><\/figure>\n\n\n\n<p>Proovimaterjal hemostaasi uuringuteks v\u00f5etakse esimese katsutina (v.a juhul, kui v\u00f5etakse ka verek\u00fclv).<\/p>\n\n\n\n<p>NB! Proovin\u00f5u peab olema t\u00e4itunud katsutil oleva m\u00e4rgini!<\/p>\n\n\n\n<p>Mistahes kliiniliste erijuhtude (nt hematokrit &gt; 0,55) puhul ja s\u00e4ilitamise\/saatmisega seotud k\u00fcsimuste korral tuleb n\u00f5u pidada laboriga.<\/p>\n\n\n\n<p class=\"has-medium-font-size\"><strong>Anal\u00fc\u00fcsi tegemise aeg: <\/strong>\u00f6\u00f6p\u00e4evaringselt<\/p>\n\n\n\n<p class=\"has-medium-font-size\"><strong>Anal\u00fc\u00fcsimeetod: <\/strong>koagulomeetriline meetod<\/p>\n\n\n\n<p class=\"has-medium-font-size\"><strong>Referentsv\u00e4\u00e4rtused<\/strong><\/p>\n\n\n\n<figure class=\"wp-block-table\"><table width=\"100%\"><tbody><tr><td width=\"1%\"><\/td><td width=\"30%\"><strong>0 p \u2013 &lt; 3 p<\/strong><\/td><td width=\"69%\">34,3\u201344,8 sek<\/td><\/tr><tr><td><\/td><td><strong>3 p \u2013 &lt; 1 k<\/strong><\/td><td>29,5\u201342,2 sek<\/td><\/tr><tr><td><\/td><td><strong>1 k \u2013 &lt; 1 a<\/strong><\/td><td>35,1\u201346,3 sek<\/td><\/tr><tr><td><\/td><td><strong>1 a \u2013 &lt; 6 a<\/strong><\/td><td>31,8\u201343,7 sek<\/td><\/tr><tr><td><\/td><td><strong>6 a \u2013 &lt; 11 a<\/strong><\/td><td>31,8\u201343,7 sek<\/td><\/tr><tr><td><\/td><td><strong>11 a \u2013 &lt; 18 a<\/strong><\/td><td>33,9\u201346,1 sek<\/td><\/tr><tr><td><\/td><td><strong>\u2265 18 a<\/strong><\/td><td>28,9\u201338,1 sek<\/td><\/tr><\/tbody><\/table><\/figure>\n\n\n\n<p>Hepariinravi puhul algv\u00e4\u00e4rtusest 1,5\u20132,5 korda pikem aeg.<\/p>\n\n\n\n<p class=\"has-medium-font-size\"><strong>N\u00e4idustus ja kliiniline t\u00e4hendus<\/strong><\/p>\n\n\n\n<p>Veritsuse p\u00f5hjuse v\u00e4ljaselgitamine (koos protormbiini aja (PT) jt hemostaasis\u00fcsteemi s\u00f5eluuringutega), sisemise ja \u00fchise tee faktorite kaasas\u00fcndinud ning omandatud puudulikkuse diagnostika, ravi monitoorimine fraktsioneerimata (UFH) hepariini kasutamise puhul.<\/p>\n\n\n\n<p>Tulemuste t\u00f5lgendamine:<\/p>\n\n\n\n<figure class=\"wp-block-table\"><table width=\"100%\"><tbody><tr><td width=\"1%\"><\/td><td width=\"10%\"><strong>APTT<\/strong><\/td><td width=\"5%\"><strong>PT<\/strong><\/td><td width=\"84%\"><strong>P\u00f5hjus<\/strong><\/td><\/tr><tr><td><\/td><td>N<\/td><td>\u2191<\/td><td>P\u00e4rilikud: <br>\u2014 Faktor VII defitsiit <br>Omandatud: <br>\u2014 Vitamiin K kerge deftsiit<br>\u2014 Kaugelearenenud maksahaigus<br>\u2014 Varfariin*<br>\u2014 Dissemineeritud intravaskulaarne koagulopaatia (DIK)<\/td><\/tr><tr><td><\/td><td>\u2191<\/td><td>N<\/td><td>P\u00e4rilikud: <br>\u2014 Faktor VIII (hemofiilia A), IX (hemofiilia B) v\u00f5i XI defitsiit<br>\u2014 Faktor XII, prekallikreiini v\u00f5i k\u00f5rgmolekulaarse kininogeeni defitsiit (ei p\u00f5hjusta veritsust)<br>\u2014 Von Willebrandi t\u00f5bi <br>Omandatud: <br>\u2014 Antikoagulandid \u2013 hepariin**, otsesed suukaudsed antikoagulandid (dabigatraan***, rivaroksabaan, apiksabaan, edoksabaan****)<br>\u2014 Faktor VIII, IX, XI v\u00f5i XII omandatud inhibiitor<br>\u2014 Omandatud von Willebrandi s\u00fcndroom<br>\u2014 Luupusantikoagulant<\/td><\/tr><tr><td><\/td><td>\u2191<\/td><td>\u2191<\/td><td>P\u00e4rilikud: <br>\u2014 fibrinogeeni (faktor I), protrombiini (faktor II), faktor V v\u00f5i X defitsiit<br>\u2014 Faktorite kombineeritud defitsiit <br>Omandatud: <br>\u2014 Kaugelearenenud maksahaigus<br>\u2014 DIK<br>\u2014 Vitamiin K t\u00f5sine defitsiit<br>\u2014 Anitkoagulandid \u2013 hepariin**, varfariin*, dabigatraan***, rivaroksabaan, apiksabaan, edoksabaan****<br>\u2014 Faktor II, V v\u00f5i X omandatud inhibiitor<br>\u2014 Am\u00fcloidoosiga seotud faktor X defitsiit<\/td><\/tr><\/tbody><\/table><\/figure>\n\n\n\n<p>*Varfariin pikendab t\u00fc\u00fcpiliselt PT aega, kuid k\u00f5rge kontsentratsiooni korral v\u00f5ib pikendada ka APTT-d.<br>**Hepariin pikendab t\u00fc\u00fcpiliselt vaid APTT aega, kuid k\u00f5rge kontsentratsiooni korral v\u00f5ib pikendada ka PT-d.<br>***Dabigatraan pikendab t\u00fc\u00fcpiliselt nii APTT kui PT aega, kuid madala kontsentratsiooni korral v\u00f5ib PT aeg olla normis.<br>****Rivaroksabaan, apiksabaan ja edoksabaan v\u00f5ivad pikendada nii APTT kui PT aega, kuid need v\u00f5ivad olla ka t\u00e4iesti normis (eriti apiksabaan-ravi korral).<\/p>\n\n\n\n<p>APTT ei pruugi pikeneda faktorite kerge puudulikkuse korral.<\/p>\n\n\n\n<p>Ebaselge APTT pikenemise p\u00f5hjuse v\u00e4ljaselgitamisel aitab h\u00fc\u00fcbimisfaktorite inhibiitorite s\u00f5eluuring (APTT segutest 1:1). Kui APTT segutesti k\u00e4igus APTT aeg normaliseerub, on tegu faktorite defitsiidiga, kui aga segutestil APTT aeg j\u00e4\u00e4b pikenenuks, on p\u00f5hjuseks faktorite inhibiitorid v\u00f5i luupusantikoagulant.<\/p>\n\n\n\n<p>Koostaja: Kaja Vaagen<br>Muudetud 02.08.2022<\/p>\n","protected":false},"excerpt":{"rendered":"<p>Kliinilise keemia ja laboratoorse hematoloogia osakond Aktiveeritud osalise tromboplastiini aeg (Activated Partial Thromboplastin Time, APTT) kuulub koos protrombiini ajaga nn sekundaarse hemostaasi s\u00f5eluuringute hulka ning peegeldab sisemise tee (faktorid XII, XI, IX, VIII) ja \u00fchise tee (faktorid X, V, II ja I) faktorite aktiivsust. Uuritav materjal, selle v\u00f5tmine, saatmine ja s\u00e4ilitamine Katsuti 9NC-katsuti (helesinine kork) [&hellip;]<\/p>\n","protected":false},"author":38,"featured_media":0,"parent":7274,"menu_order":0,"comment_status":"closed","ping_status":"closed","template":"","meta":{"_uag_custom_page_level_css":"","footnotes":""},"class_list":["post-13843","page","type-page","status-publish","hentry"],"acf":[],"yoast_head":"<!-- This site is optimized with the Yoast SEO plugin v27.3 - https:\/\/yoast.com\/product\/yoast-seo-wordpress\/ -->\n<title>Aktiveeritud osalise tromboplastiini aeg (P-APTT) - \u00dchendlabor<\/title>\n<meta name=\"robots\" content=\"index, follow, max-snippet:-1, max-image-preview:large, max-video-preview:-1\" \/>\n<link rel=\"canonical\" href=\"https:\/\/www.kliinikum.ee\/yhendlabor\/kasiraamat\/huubimisuuringud\/aktiveeritud-osalise-tromboplastiini-aeg-p-aptt\/\" \/>\n<meta property=\"og:locale\" content=\"et_EE\" \/>\n<meta property=\"og:type\" content=\"article\" \/>\n<meta property=\"og:title\" content=\"Aktiveeritud osalise tromboplastiini aeg (P-APTT) - \u00dchendlabor\" \/>\n<meta property=\"og:description\" content=\"Kliinilise keemia ja laboratoorse hematoloogia osakond Aktiveeritud osalise tromboplastiini aeg (Activated Partial Thromboplastin Time, APTT) kuulub koos protrombiini ajaga nn sekundaarse hemostaasi s\u00f5eluuringute hulka ning peegeldab sisemise tee (faktorid XII, XI, IX, VIII) ja \u00fchise tee (faktorid X, V, II ja I) faktorite aktiivsust. Uuritav materjal, selle v\u00f5tmine, saatmine ja s\u00e4ilitamine Katsuti 9NC-katsuti (helesinine kork) [&hellip;]\" \/>\n<meta property=\"og:url\" content=\"https:\/\/www.kliinikum.ee\/yhendlabor\/kasiraamat\/huubimisuuringud\/aktiveeritud-osalise-tromboplastiini-aeg-p-aptt\/\" \/>\n<meta property=\"og:site_name\" content=\"\u00dchendlabor\" \/>\n<meta property=\"article:modified_time\" content=\"2025-11-09T13:36:22+00:00\" \/>\n<meta name=\"twitter:card\" content=\"summary_large_image\" \/>\n<meta name=\"twitter:label1\" content=\"Est. reading time\" \/>\n\t<meta name=\"twitter:data1\" content=\"3 minutit\" \/>\n<script type=\"application\/ld+json\" class=\"yoast-schema-graph\">{\"@context\":\"https:\\\/\\\/schema.org\",\"@graph\":[{\"@type\":\"WebPage\",\"@id\":\"https:\\\/\\\/www.kliinikum.ee\\\/yhendlabor\\\/kasiraamat\\\/huubimisuuringud\\\/aktiveeritud-osalise-tromboplastiini-aeg-p-aptt\\\/\",\"url\":\"https:\\\/\\\/www.kliinikum.ee\\\/yhendlabor\\\/kasiraamat\\\/huubimisuuringud\\\/aktiveeritud-osalise-tromboplastiini-aeg-p-aptt\\\/\",\"name\":\"Aktiveeritud osalise tromboplastiini aeg (P-APTT) - \u00dchendlabor\",\"isPartOf\":{\"@id\":\"https:\\\/\\\/www.kliinikum.ee\\\/yhendlabor\\\/#website\"},\"datePublished\":\"2025-11-09T13:36:17+00:00\",\"dateModified\":\"2025-11-09T13:36:22+00:00\",\"breadcrumb\":{\"@id\":\"https:\\\/\\\/www.kliinikum.ee\\\/yhendlabor\\\/kasiraamat\\\/huubimisuuringud\\\/aktiveeritud-osalise-tromboplastiini-aeg-p-aptt\\\/#breadcrumb\"},\"inLanguage\":\"et\",\"potentialAction\":[{\"@type\":\"ReadAction\",\"target\":[\"https:\\\/\\\/www.kliinikum.ee\\\/yhendlabor\\\/kasiraamat\\\/huubimisuuringud\\\/aktiveeritud-osalise-tromboplastiini-aeg-p-aptt\\\/\"]}]},{\"@type\":\"BreadcrumbList\",\"@id\":\"https:\\\/\\\/www.kliinikum.ee\\\/yhendlabor\\\/kasiraamat\\\/huubimisuuringud\\\/aktiveeritud-osalise-tromboplastiini-aeg-p-aptt\\\/#breadcrumb\",\"itemListElement\":[{\"@type\":\"ListItem\",\"position\":1,\"name\":\"Home\",\"item\":\"https:\\\/\\\/www.kliinikum.ee\\\/yhendlabor\\\/\"},{\"@type\":\"ListItem\",\"position\":2,\"name\":\"K\u00e4siraamat\",\"item\":\"https:\\\/\\\/www.kliinikum.ee\\\/yhendlabor\\\/kasiraamat\\\/\"},{\"@type\":\"ListItem\",\"position\":3,\"name\":\"H\u00fc\u00fcbimisuuringud\",\"item\":\"https:\\\/\\\/www.kliinikum.ee\\\/yhendlabor\\\/kasiraamat\\\/huubimisuuringud\\\/\"},{\"@type\":\"ListItem\",\"position\":4,\"name\":\"Aktiveeritud osalise tromboplastiini aeg (P-APTT)\"}]},{\"@type\":\"WebSite\",\"@id\":\"https:\\\/\\\/www.kliinikum.ee\\\/yhendlabor\\\/#website\",\"url\":\"https:\\\/\\\/www.kliinikum.ee\\\/yhendlabor\\\/\",\"name\":\"\u00dchendlabor\",\"description\":\"Hoolivus, Uuendusmeelsus, P\u00e4devus ja Usaldusv\u00e4\u00e4rsus\",\"potentialAction\":[{\"@type\":\"SearchAction\",\"target\":{\"@type\":\"EntryPoint\",\"urlTemplate\":\"https:\\\/\\\/www.kliinikum.ee\\\/yhendlabor\\\/?s={search_term_string}\"},\"query-input\":{\"@type\":\"PropertyValueSpecification\",\"valueRequired\":true,\"valueName\":\"search_term_string\"}}],\"inLanguage\":\"et\"}]}<\/script>\n<!-- \/ Yoast SEO plugin. -->","yoast_head_json":{"title":"Aktiveeritud osalise tromboplastiini aeg (P-APTT) - \u00dchendlabor","robots":{"index":"index","follow":"follow","max-snippet":"max-snippet:-1","max-image-preview":"max-image-preview:large","max-video-preview":"max-video-preview:-1"},"canonical":"https:\/\/www.kliinikum.ee\/yhendlabor\/kasiraamat\/huubimisuuringud\/aktiveeritud-osalise-tromboplastiini-aeg-p-aptt\/","og_locale":"et_EE","og_type":"article","og_title":"Aktiveeritud osalise tromboplastiini aeg (P-APTT) - \u00dchendlabor","og_description":"Kliinilise keemia ja laboratoorse hematoloogia osakond Aktiveeritud osalise tromboplastiini aeg (Activated Partial Thromboplastin Time, APTT) kuulub koos protrombiini ajaga nn sekundaarse hemostaasi s\u00f5eluuringute hulka ning peegeldab sisemise tee (faktorid XII, XI, IX, VIII) ja \u00fchise tee (faktorid X, V, II ja I) faktorite aktiivsust. Uuritav materjal, selle v\u00f5tmine, saatmine ja s\u00e4ilitamine Katsuti 9NC-katsuti (helesinine kork) [&hellip;]","og_url":"https:\/\/www.kliinikum.ee\/yhendlabor\/kasiraamat\/huubimisuuringud\/aktiveeritud-osalise-tromboplastiini-aeg-p-aptt\/","og_site_name":"\u00dchendlabor","article_modified_time":"2025-11-09T13:36:22+00:00","twitter_card":"summary_large_image","twitter_misc":{"Est. reading time":"3 minutit"},"schema":{"@context":"https:\/\/schema.org","@graph":[{"@type":"WebPage","@id":"https:\/\/www.kliinikum.ee\/yhendlabor\/kasiraamat\/huubimisuuringud\/aktiveeritud-osalise-tromboplastiini-aeg-p-aptt\/","url":"https:\/\/www.kliinikum.ee\/yhendlabor\/kasiraamat\/huubimisuuringud\/aktiveeritud-osalise-tromboplastiini-aeg-p-aptt\/","name":"Aktiveeritud osalise tromboplastiini aeg (P-APTT) - \u00dchendlabor","isPartOf":{"@id":"https:\/\/www.kliinikum.ee\/yhendlabor\/#website"},"datePublished":"2025-11-09T13:36:17+00:00","dateModified":"2025-11-09T13:36:22+00:00","breadcrumb":{"@id":"https:\/\/www.kliinikum.ee\/yhendlabor\/kasiraamat\/huubimisuuringud\/aktiveeritud-osalise-tromboplastiini-aeg-p-aptt\/#breadcrumb"},"inLanguage":"et","potentialAction":[{"@type":"ReadAction","target":["https:\/\/www.kliinikum.ee\/yhendlabor\/kasiraamat\/huubimisuuringud\/aktiveeritud-osalise-tromboplastiini-aeg-p-aptt\/"]}]},{"@type":"BreadcrumbList","@id":"https:\/\/www.kliinikum.ee\/yhendlabor\/kasiraamat\/huubimisuuringud\/aktiveeritud-osalise-tromboplastiini-aeg-p-aptt\/#breadcrumb","itemListElement":[{"@type":"ListItem","position":1,"name":"Home","item":"https:\/\/www.kliinikum.ee\/yhendlabor\/"},{"@type":"ListItem","position":2,"name":"K\u00e4siraamat","item":"https:\/\/www.kliinikum.ee\/yhendlabor\/kasiraamat\/"},{"@type":"ListItem","position":3,"name":"H\u00fc\u00fcbimisuuringud","item":"https:\/\/www.kliinikum.ee\/yhendlabor\/kasiraamat\/huubimisuuringud\/"},{"@type":"ListItem","position":4,"name":"Aktiveeritud osalise tromboplastiini aeg (P-APTT)"}]},{"@type":"WebSite","@id":"https:\/\/www.kliinikum.ee\/yhendlabor\/#website","url":"https:\/\/www.kliinikum.ee\/yhendlabor\/","name":"\u00dchendlabor","description":"Hoolivus, Uuendusmeelsus, P\u00e4devus ja Usaldusv\u00e4\u00e4rsus","potentialAction":[{"@type":"SearchAction","target":{"@type":"EntryPoint","urlTemplate":"https:\/\/www.kliinikum.ee\/yhendlabor\/?s={search_term_string}"},"query-input":{"@type":"PropertyValueSpecification","valueRequired":true,"valueName":"search_term_string"}}],"inLanguage":"et"}]}},"uagb_featured_image_src":{"full":false,"thumbnail":false,"medium":false,"medium_large":false,"large":false,"1536x1536":false,"2048x2048":false},"uagb_author_info":{"display_name":"Kadi Siigur","author_link":"https:\/\/www.kliinikum.ee\/yhendlabor\/author\/kadisi\/"},"uagb_comment_info":0,"uagb_excerpt":"Kliinilise keemia ja laboratoorse hematoloogia osakond Aktiveeritud osalise tromboplastiini aeg (Activated Partial Thromboplastin Time, APTT) kuulub koos protrombiini ajaga nn sekundaarse hemostaasi s\u00f5eluuringute hulka ning peegeldab sisemise tee (faktorid XII, XI, IX, VIII) ja \u00fchise tee (faktorid X, V, II ja I) faktorite aktiivsust. Uuritav materjal, selle v\u00f5tmine, saatmine ja s\u00e4ilitamine Katsuti 9NC-katsuti (helesinine kork)&hellip;","_links":{"self":[{"href":"https:\/\/www.kliinikum.ee\/yhendlabor\/wp-json\/wp\/v2\/pages\/13843","targetHints":{"allow":["GET"]}}],"collection":[{"href":"https:\/\/www.kliinikum.ee\/yhendlabor\/wp-json\/wp\/v2\/pages"}],"about":[{"href":"https:\/\/www.kliinikum.ee\/yhendlabor\/wp-json\/wp\/v2\/types\/page"}],"author":[{"embeddable":true,"href":"https:\/\/www.kliinikum.ee\/yhendlabor\/wp-json\/wp\/v2\/users\/38"}],"replies":[{"embeddable":true,"href":"https:\/\/www.kliinikum.ee\/yhendlabor\/wp-json\/wp\/v2\/comments?post=13843"}],"version-history":[{"count":0,"href":"https:\/\/www.kliinikum.ee\/yhendlabor\/wp-json\/wp\/v2\/pages\/13843\/revisions"}],"up":[{"embeddable":true,"href":"https:\/\/www.kliinikum.ee\/yhendlabor\/wp-json\/wp\/v2\/pages\/7274"}],"wp:attachment":[{"href":"https:\/\/www.kliinikum.ee\/yhendlabor\/wp-json\/wp\/v2\/media?parent=13843"}],"curies":[{"name":"wp","href":"https:\/\/api.w.org\/{rel}","templated":true}]}}