{"id":13847,"date":"2025-11-09T17:12:23","date_gmt":"2025-11-09T15:12:23","guid":{"rendered":"https:\/\/www.kliinikum.ee\/yhendlabor\/?page_id=13847"},"modified":"2025-12-21T18:27:44","modified_gmt":"2025-12-21T16:27:44","slug":"aktiveeritud-proteiin-c-resistentsus-p-apc-r","status":"publish","type":"page","link":"https:\/\/www.kliinikum.ee\/yhendlabor\/kasiraamat\/huubimisuuringud\/aktiveeritud-proteiin-c-resistentsus-p-apc-r\/","title":{"rendered":"Aktiveeritud proteiin C resistentsus (P-APC-R)"},"content":{"rendered":"\n<p><em>Kliinilise keemia ja laboratoorse hematoloogia osakond<\/em><\/p>\n\n\n\n<p><strong>Aktiveeritud proteiin C (APC) <\/strong>reguleerib koagulatsiooniprotsesse, p\u00e4rssides faktorite Va ja VIIIa aktiivsust plasmas ning pidurdades seel\u00e4bi trombi laienemist.<\/p>\n\n\n\n<p>P\u00e4rilik APC resistentsus on h\u00fc\u00fcbimiss\u00fcsteemi patoloogia, mis on seotud mutatsiooniga faktor V geenis (tekib nn Leideni faktor), mille tulemusena faktor Va ei allu aktiveeritud proteiin C p\u00e4rssivale toimele.<\/p>\n\n\n\n<p>APC resistentsus on seotud k\u00f5rge tromboosiriskiga, eriti kui mutatsiooni kandjal esineb ka teisi riskifaktoreid.<\/p>\n\n\n\n<p class=\"has-medium-font-size\"><strong>Uuritav materjal, selle v\u00f5tmine, saatmine ja s\u00e4ilitamine<\/strong><\/p>\n\n\n\n<p>V\u00e4ltida proovi v\u00f5tmist antikoagulantravi foonil!<\/p>\n\n\n\n<figure class=\"wp-block-table is-style-stripes\"><table width=\"100%\"><tbody><tr><td width=\"1%\"><\/td><td width=\"15%\"><strong>Katsuti<\/strong><\/td><td width=\"84%\">9NC-katsuti (helesinine kork)<\/td><\/tr><tr><td><\/td><td><strong>S\u00e4ilivus<\/strong><\/td><td>Plasma tuleb eraldada peale vere v\u00f5tmist nelja tunni jooksul (tsentrifuugida 2000\u20132500 x g juures 15 min). Plasma on stabiilne toatemperatuuril kaheksa tundi, -20 \u00b0C kaks n\u00e4dalat, -80 \u00b0C kuus kuud.<\/td><\/tr><\/tbody><\/table><\/figure>\n\n\n\n<p>Proovimaterjal hemostaasi uuringuteks v\u00f5etakse esimese katsutina (v.a juhul, kui v\u00f5etakse ka verek\u00fclv).<\/p>\n\n\n\n<p>NB! Proovin\u00f5u peab olema t\u00e4itunud katsutil oleva m\u00e4rgini!<\/p>\n\n\n\n<p>Mistahes kliiniliste erijuhtude (nt hematokrit &gt; 0,55) puhul ja s\u00e4ilitamise\/saatmisega seotud k\u00fcsimuste korral tuleb n\u00f5u pidada laboriga.<\/p>\n\n\n\n<p class=\"has-medium-font-size\"><strong>Anal\u00fc\u00fcsi tegemise aeg:<\/strong> t\u00f6\u00f6p\u00e4eviti (tulemus kahe n\u00e4dala jooksul)<\/p>\n\n\n\n<p class=\"has-medium-font-size\"><strong>Anal\u00fc\u00fcsimeetod:<\/strong> koagulomeetriline meetod<\/p>\n\n\n\n<p class=\"has-medium-font-size\"><strong>Referentsv\u00e4\u00e4rtused<\/strong><\/p>\n\n\n\n<figure class=\"wp-block-table\"><table width=\"100%\"><tbody><tr><td width=\"1%\"><\/td><td width=\"30%\"><strong>K\u00f5ik vanusegrupid<\/strong><\/td><td width=\"69%\">\u2265 120 sek (APCR negatiivne)<\/td><\/tr><\/tbody><\/table><\/figure>\n\n\n\n<p class=\"has-medium-font-size\"><strong>N\u00e4idustus ja kliiniline t\u00e4hendus<\/strong><strong><\/strong><\/p>\n\n\n\n<p>Tromboosi etioloogia kindlakstegemine korduvate veenitrombooside puhul.<\/p>\n\n\n\n<p>APC resistentsuse positiivne tulemus tuleb kinnitada molekulaarbioloogiliselt V faktori geeni Leideni mutatsiooni uuringuga.<\/p>\n\n\n\n<p>APC resistentsus v\u00f5ib lisaks p\u00e4rilikule olla ka omandatud, p\u00f5hjuseks suukaudsete kontratseptiivide tarvitamine, rasedus, faktor II ja faktor VIII suur aktiivsus, luupusantikoagulantide esinemine, madal proteiin S tase, proteiin C vastased antikehad, m\u00f5ned pahaloomulised kasvajad. Omandatud resistentsuse p\u00f5hjus v\u00f5ib j\u00e4\u00e4da ka ebaselgeks. Nii nagu p\u00e4rilik, on ka omandatud APC resistentsus tromboosi tekke riskifaktoriks.<\/p>\n\n\n\n<p>Antud uuring ei ole tundlik omandatud APC resistentsuse suhtes.<\/p>\n\n\n\n<p>Tulemust v\u00f5ivad m\u00f5jutada preanal\u00fc\u00fctilised vead, antikoagulantravi (hepariin, dabigatraan, rivaroksabaan, apiksabaan, edoksabaan).<\/p>\n\n\n\n<p>Vt ka: <a href=\"https:\/\/www.kliinikum.ee\/yhendlabor\/kasiraamat\/parilike-haiguste-ja-riskialleelide-uuringud\/trombofiilia-v-faktori-geeni-leideni-mutatsioon\/\">Trombofiilia \u2013 V faktori geeni Leideni mutatsioon<\/a><\/p>\n\n\n\n<p>Koostaja: Kaja Vaagen<br>Muudetud 02.08.2022<\/p>\n\n\n\n<p><\/p>\n","protected":false},"excerpt":{"rendered":"<p>Kliinilise keemia ja laboratoorse hematoloogia osakond Aktiveeritud proteiin C (APC) reguleerib koagulatsiooniprotsesse, p\u00e4rssides faktorite Va ja VIIIa aktiivsust plasmas ning pidurdades seel\u00e4bi trombi laienemist. P\u00e4rilik APC resistentsus on h\u00fc\u00fcbimiss\u00fcsteemi patoloogia, mis on seotud mutatsiooniga faktor V geenis (tekib nn Leideni faktor), mille tulemusena faktor Va ei allu aktiveeritud proteiin C p\u00e4rssivale toimele. APC resistentsus on [&hellip;]<\/p>\n","protected":false},"author":38,"featured_media":0,"parent":7274,"menu_order":0,"comment_status":"closed","ping_status":"closed","template":"","meta":{"_uag_custom_page_level_css":"","footnotes":""},"class_list":["post-13847","page","type-page","status-publish","hentry"],"acf":[],"yoast_head":"<!-- This site is optimized with the Yoast SEO plugin v27.3 - https:\/\/yoast.com\/product\/yoast-seo-wordpress\/ -->\n<title>Aktiveeritud proteiin C resistentsus (P-APC-R) - \u00dchendlabor<\/title>\n<meta name=\"robots\" content=\"index, follow, max-snippet:-1, max-image-preview:large, max-video-preview:-1\" \/>\n<link rel=\"canonical\" href=\"https:\/\/www.kliinikum.ee\/yhendlabor\/kasiraamat\/huubimisuuringud\/aktiveeritud-proteiin-c-resistentsus-p-apc-r\/\" \/>\n<meta property=\"og:locale\" content=\"et_EE\" \/>\n<meta property=\"og:type\" content=\"article\" \/>\n<meta property=\"og:title\" content=\"Aktiveeritud proteiin C resistentsus (P-APC-R) - \u00dchendlabor\" \/>\n<meta property=\"og:description\" content=\"Kliinilise keemia ja laboratoorse hematoloogia osakond Aktiveeritud proteiin C (APC) reguleerib koagulatsiooniprotsesse, p\u00e4rssides faktorite Va ja VIIIa aktiivsust plasmas ning pidurdades seel\u00e4bi trombi laienemist. P\u00e4rilik APC resistentsus on h\u00fc\u00fcbimiss\u00fcsteemi patoloogia, mis on seotud mutatsiooniga faktor V geenis (tekib nn Leideni faktor), mille tulemusena faktor Va ei allu aktiveeritud proteiin C p\u00e4rssivale toimele. APC resistentsus on [&hellip;]\" \/>\n<meta property=\"og:url\" content=\"https:\/\/www.kliinikum.ee\/yhendlabor\/kasiraamat\/huubimisuuringud\/aktiveeritud-proteiin-c-resistentsus-p-apc-r\/\" \/>\n<meta property=\"og:site_name\" content=\"\u00dchendlabor\" \/>\n<meta property=\"article:modified_time\" content=\"2025-12-21T16:27:44+00:00\" \/>\n<meta name=\"twitter:card\" content=\"summary_large_image\" \/>\n<meta name=\"twitter:label1\" content=\"Est. reading time\" \/>\n\t<meta name=\"twitter:data1\" content=\"2 minutit\" \/>\n<script type=\"application\/ld+json\" class=\"yoast-schema-graph\">{\"@context\":\"https:\\\/\\\/schema.org\",\"@graph\":[{\"@type\":\"WebPage\",\"@id\":\"https:\\\/\\\/www.kliinikum.ee\\\/yhendlabor\\\/kasiraamat\\\/huubimisuuringud\\\/aktiveeritud-proteiin-c-resistentsus-p-apc-r\\\/\",\"url\":\"https:\\\/\\\/www.kliinikum.ee\\\/yhendlabor\\\/kasiraamat\\\/huubimisuuringud\\\/aktiveeritud-proteiin-c-resistentsus-p-apc-r\\\/\",\"name\":\"Aktiveeritud proteiin C resistentsus (P-APC-R) - \u00dchendlabor\",\"isPartOf\":{\"@id\":\"https:\\\/\\\/www.kliinikum.ee\\\/yhendlabor\\\/#website\"},\"datePublished\":\"2025-11-09T15:12:23+00:00\",\"dateModified\":\"2025-12-21T16:27:44+00:00\",\"breadcrumb\":{\"@id\":\"https:\\\/\\\/www.kliinikum.ee\\\/yhendlabor\\\/kasiraamat\\\/huubimisuuringud\\\/aktiveeritud-proteiin-c-resistentsus-p-apc-r\\\/#breadcrumb\"},\"inLanguage\":\"et\",\"potentialAction\":[{\"@type\":\"ReadAction\",\"target\":[\"https:\\\/\\\/www.kliinikum.ee\\\/yhendlabor\\\/kasiraamat\\\/huubimisuuringud\\\/aktiveeritud-proteiin-c-resistentsus-p-apc-r\\\/\"]}]},{\"@type\":\"BreadcrumbList\",\"@id\":\"https:\\\/\\\/www.kliinikum.ee\\\/yhendlabor\\\/kasiraamat\\\/huubimisuuringud\\\/aktiveeritud-proteiin-c-resistentsus-p-apc-r\\\/#breadcrumb\",\"itemListElement\":[{\"@type\":\"ListItem\",\"position\":1,\"name\":\"Home\",\"item\":\"https:\\\/\\\/www.kliinikum.ee\\\/yhendlabor\\\/\"},{\"@type\":\"ListItem\",\"position\":2,\"name\":\"K\u00e4siraamat\",\"item\":\"https:\\\/\\\/www.kliinikum.ee\\\/yhendlabor\\\/kasiraamat\\\/\"},{\"@type\":\"ListItem\",\"position\":3,\"name\":\"H\u00fc\u00fcbimisuuringud\",\"item\":\"https:\\\/\\\/www.kliinikum.ee\\\/yhendlabor\\\/kasiraamat\\\/huubimisuuringud\\\/\"},{\"@type\":\"ListItem\",\"position\":4,\"name\":\"Aktiveeritud proteiin C resistentsus (P-APC-R)\"}]},{\"@type\":\"WebSite\",\"@id\":\"https:\\\/\\\/www.kliinikum.ee\\\/yhendlabor\\\/#website\",\"url\":\"https:\\\/\\\/www.kliinikum.ee\\\/yhendlabor\\\/\",\"name\":\"\u00dchendlabor\",\"description\":\"Hoolivus, Uuendusmeelsus, P\u00e4devus ja Usaldusv\u00e4\u00e4rsus\",\"potentialAction\":[{\"@type\":\"SearchAction\",\"target\":{\"@type\":\"EntryPoint\",\"urlTemplate\":\"https:\\\/\\\/www.kliinikum.ee\\\/yhendlabor\\\/?s={search_term_string}\"},\"query-input\":{\"@type\":\"PropertyValueSpecification\",\"valueRequired\":true,\"valueName\":\"search_term_string\"}}],\"inLanguage\":\"et\"}]}<\/script>\n<!-- \/ Yoast SEO plugin. -->","yoast_head_json":{"title":"Aktiveeritud proteiin C resistentsus (P-APC-R) - \u00dchendlabor","robots":{"index":"index","follow":"follow","max-snippet":"max-snippet:-1","max-image-preview":"max-image-preview:large","max-video-preview":"max-video-preview:-1"},"canonical":"https:\/\/www.kliinikum.ee\/yhendlabor\/kasiraamat\/huubimisuuringud\/aktiveeritud-proteiin-c-resistentsus-p-apc-r\/","og_locale":"et_EE","og_type":"article","og_title":"Aktiveeritud proteiin C resistentsus (P-APC-R) - \u00dchendlabor","og_description":"Kliinilise keemia ja laboratoorse hematoloogia osakond Aktiveeritud proteiin C (APC) reguleerib koagulatsiooniprotsesse, p\u00e4rssides faktorite Va ja VIIIa aktiivsust plasmas ning pidurdades seel\u00e4bi trombi laienemist. P\u00e4rilik APC resistentsus on h\u00fc\u00fcbimiss\u00fcsteemi patoloogia, mis on seotud mutatsiooniga faktor V geenis (tekib nn Leideni faktor), mille tulemusena faktor Va ei allu aktiveeritud proteiin C p\u00e4rssivale toimele. APC resistentsus on [&hellip;]","og_url":"https:\/\/www.kliinikum.ee\/yhendlabor\/kasiraamat\/huubimisuuringud\/aktiveeritud-proteiin-c-resistentsus-p-apc-r\/","og_site_name":"\u00dchendlabor","article_modified_time":"2025-12-21T16:27:44+00:00","twitter_card":"summary_large_image","twitter_misc":{"Est. reading time":"2 minutit"},"schema":{"@context":"https:\/\/schema.org","@graph":[{"@type":"WebPage","@id":"https:\/\/www.kliinikum.ee\/yhendlabor\/kasiraamat\/huubimisuuringud\/aktiveeritud-proteiin-c-resistentsus-p-apc-r\/","url":"https:\/\/www.kliinikum.ee\/yhendlabor\/kasiraamat\/huubimisuuringud\/aktiveeritud-proteiin-c-resistentsus-p-apc-r\/","name":"Aktiveeritud proteiin C resistentsus (P-APC-R) - \u00dchendlabor","isPartOf":{"@id":"https:\/\/www.kliinikum.ee\/yhendlabor\/#website"},"datePublished":"2025-11-09T15:12:23+00:00","dateModified":"2025-12-21T16:27:44+00:00","breadcrumb":{"@id":"https:\/\/www.kliinikum.ee\/yhendlabor\/kasiraamat\/huubimisuuringud\/aktiveeritud-proteiin-c-resistentsus-p-apc-r\/#breadcrumb"},"inLanguage":"et","potentialAction":[{"@type":"ReadAction","target":["https:\/\/www.kliinikum.ee\/yhendlabor\/kasiraamat\/huubimisuuringud\/aktiveeritud-proteiin-c-resistentsus-p-apc-r\/"]}]},{"@type":"BreadcrumbList","@id":"https:\/\/www.kliinikum.ee\/yhendlabor\/kasiraamat\/huubimisuuringud\/aktiveeritud-proteiin-c-resistentsus-p-apc-r\/#breadcrumb","itemListElement":[{"@type":"ListItem","position":1,"name":"Home","item":"https:\/\/www.kliinikum.ee\/yhendlabor\/"},{"@type":"ListItem","position":2,"name":"K\u00e4siraamat","item":"https:\/\/www.kliinikum.ee\/yhendlabor\/kasiraamat\/"},{"@type":"ListItem","position":3,"name":"H\u00fc\u00fcbimisuuringud","item":"https:\/\/www.kliinikum.ee\/yhendlabor\/kasiraamat\/huubimisuuringud\/"},{"@type":"ListItem","position":4,"name":"Aktiveeritud proteiin C resistentsus (P-APC-R)"}]},{"@type":"WebSite","@id":"https:\/\/www.kliinikum.ee\/yhendlabor\/#website","url":"https:\/\/www.kliinikum.ee\/yhendlabor\/","name":"\u00dchendlabor","description":"Hoolivus, Uuendusmeelsus, P\u00e4devus ja Usaldusv\u00e4\u00e4rsus","potentialAction":[{"@type":"SearchAction","target":{"@type":"EntryPoint","urlTemplate":"https:\/\/www.kliinikum.ee\/yhendlabor\/?s={search_term_string}"},"query-input":{"@type":"PropertyValueSpecification","valueRequired":true,"valueName":"search_term_string"}}],"inLanguage":"et"}]}},"uagb_featured_image_src":{"full":false,"thumbnail":false,"medium":false,"medium_large":false,"large":false,"1536x1536":false,"2048x2048":false},"uagb_author_info":{"display_name":"Kadi Siigur","author_link":"https:\/\/www.kliinikum.ee\/yhendlabor\/author\/kadisi\/"},"uagb_comment_info":0,"uagb_excerpt":"Kliinilise keemia ja laboratoorse hematoloogia osakond Aktiveeritud proteiin C (APC) reguleerib koagulatsiooniprotsesse, p\u00e4rssides faktorite Va ja VIIIa aktiivsust plasmas ning pidurdades seel\u00e4bi trombi laienemist. P\u00e4rilik APC resistentsus on h\u00fc\u00fcbimiss\u00fcsteemi patoloogia, mis on seotud mutatsiooniga faktor V geenis (tekib nn Leideni faktor), mille tulemusena faktor Va ei allu aktiveeritud proteiin C p\u00e4rssivale toimele. APC resistentsus on&hellip;","_links":{"self":[{"href":"https:\/\/www.kliinikum.ee\/yhendlabor\/wp-json\/wp\/v2\/pages\/13847","targetHints":{"allow":["GET"]}}],"collection":[{"href":"https:\/\/www.kliinikum.ee\/yhendlabor\/wp-json\/wp\/v2\/pages"}],"about":[{"href":"https:\/\/www.kliinikum.ee\/yhendlabor\/wp-json\/wp\/v2\/types\/page"}],"author":[{"embeddable":true,"href":"https:\/\/www.kliinikum.ee\/yhendlabor\/wp-json\/wp\/v2\/users\/38"}],"replies":[{"embeddable":true,"href":"https:\/\/www.kliinikum.ee\/yhendlabor\/wp-json\/wp\/v2\/comments?post=13847"}],"version-history":[{"count":0,"href":"https:\/\/www.kliinikum.ee\/yhendlabor\/wp-json\/wp\/v2\/pages\/13847\/revisions"}],"up":[{"embeddable":true,"href":"https:\/\/www.kliinikum.ee\/yhendlabor\/wp-json\/wp\/v2\/pages\/7274"}],"wp:attachment":[{"href":"https:\/\/www.kliinikum.ee\/yhendlabor\/wp-json\/wp\/v2\/media?parent=13847"}],"curies":[{"name":"wp","href":"https:\/\/api.w.org\/{rel}","templated":true}]}}