{"id":13859,"date":"2025-11-09T17:39:09","date_gmt":"2025-11-09T15:39:09","guid":{"rendered":"https:\/\/www.kliinikum.ee\/yhendlabor\/?page_id=13859"},"modified":"2025-11-09T17:39:13","modified_gmt":"2025-11-09T15:39:13","slug":"d-dimeerid-p-d-di","status":"publish","type":"page","link":"https:\/\/www.kliinikum.ee\/yhendlabor\/kasiraamat\/huubimisuuringud\/d-dimeerid-p-d-di\/","title":{"rendered":"D-dimeerid (P-D-Di)"},"content":{"rendered":"\n<p><em>Kliinilise keemia ja laboratoorse hematoloogia osakond<\/em><\/p>\n\n\n\n<p><strong>D-dimeerid (D-Di)<\/strong> on h\u00fc\u00fcbimisel tekkinud stabiilse fibriini lagunemise l\u00f5pp-produktid. D-Di olemasolu viitab koagulatsiooniprotsessi aktiveerumisele ja selle tulemusena reaktiivse fibrinol\u00fc\u00fcsi k\u00e4ivitumisele. D-Di tase pole m\u00f5justatud fibrinogeeni kontsentratsioonist ega lahustuva fibriini hulgast.<\/p>\n\n\n\n<p class=\"has-medium-font-size\"><strong>Uuritav materjal, selle v\u00f5tmine, saatmine ja s\u00e4ilitamine<\/strong><\/p>\n\n\n\n<figure class=\"wp-block-table is-style-stripes\"><table width=\"100%\"><tbody><tr><td width=\"1%\"><\/td><td width=\"15%\"><strong>Katsuti<\/strong><\/td><td width=\"84%\">9NC-katsuti (helesinine kork)<\/td><\/tr><tr><td><\/td><td><strong>S\u00e4ilivus<\/strong><\/td><td>Plasma toatemperatuuril kaheksa tundi, -20 \u00b0C \u00fcks kuu. Plasma tuleb eraldada nelja tunni jooksul peale proovi v\u00f5tmist (tsentrifuugida 2000\u20132500 x g juures 15 min).<\/td><\/tr><\/tbody><\/table><\/figure>\n\n\n\n<p>Proovimaterjal hemostaasi uuringuteks v\u00f5etakse esimese katsutina (v.a juhul, kui v\u00f5etakse ka verek\u00fclv).<\/p>\n\n\n\n<p>NB! Proovin\u00f5u peab olema t\u00e4itunud katsutil oleva m\u00e4rgini!<\/p>\n\n\n\n<p>Mistahes kliiniliste erijuhtude (nt hematokrit &gt; 0,55) puhul ja s\u00e4ilitamise\/saatmisega seotud k\u00fcsimuste korral tuleb n\u00f5u pidada laboriga.<\/p>\n\n\n\n<p class=\"has-medium-font-size\"><strong>Anal\u00fc\u00fcsi tegemise aeg: <\/strong>\u00f6\u00f6p\u00e4evaringselt<\/p>\n\n\n\n<p class=\"has-medium-font-size\"><strong>Anal\u00fc\u00fcsimeetod: <\/strong>immuunturbidimeetriline meetod<\/p>\n\n\n\n<p class=\"has-medium-font-size\"><strong>Referentsv\u00e4\u00e4rtused<\/strong><\/p>\n\n\n\n<figure class=\"wp-block-table\"><table width=\"100%\"><tbody><tr><td width=\"1%\"><\/td><td width=\"30%\"><strong>0 p \u2013 &lt; 3 p<\/strong><\/td><td width=\"69%\">&lt; 2,47 mg\/L*<\/td><\/tr><tr><td><\/td><td><strong>3 p \u2013 &lt; 1 k<\/strong><\/td><td>&lt; 2,74 mg\/L<\/td><\/tr><tr><td><\/td><td><strong>1 k \u2013 &lt; 1 a<\/strong><\/td><td>&lt; 0,42 mg\/L<\/td><\/tr><tr><td><\/td><td><strong>1 a \u2013 &lt; 6 a<\/strong><\/td><td>&lt; 0,53 mg\/L<\/td><\/tr><tr><td><\/td><td><strong>6 a \u2013 &lt; 11 a<\/strong><\/td><td>&lt; 0,56 mg\/L<\/td><\/tr><tr><td><\/td><td><strong>11 a \u2013 &lt; 18 a<\/strong><\/td><td>&lt; 0,39 mg\/L<\/td><\/tr><tr><td><\/td><td><strong>18 a \u2013 &lt; 51 a<\/strong><\/td><td>&lt; 0,5 mg\/L<\/td><\/tr><tr><td><\/td><td><strong>\u2265 51 a<\/strong><\/td><td>0,01 x vanus mg\/L<\/td><\/tr><\/tbody><\/table><\/figure>\n\n\n\n<p>*\u00dchikud on antud fibrinogeeni ekvivalent\u00fchikutes (FEU, <em>fibrinogen equivalent unit<\/em>), s.o esialgne fibrinogeeni kogus, millest tekib m\u00f5\u00f5detud hulk D-dimeere.<\/p>\n\n\n\n<p class=\"has-medium-font-size\"><strong>N\u00e4idustus ja kliiniline t\u00e4hendus<\/strong><\/p>\n\n\n\n<p>Dissemineeritud intravaskulaarse koagulatsiooni (DIK) ja trombooside (s\u00fcvaveenitromboos, kopsuarteri trombemboolia, insult) diagnostika.<\/p>\n\n\n\n<p>Normaalne D-Di tase enamasti v\u00e4listab venoosse trombemboolia (VTE) madala ja keskmise kliinilise t\u00f5en\u00e4osuse korral. K\u00f5rge kliinilise t\u00f5en\u00e4osuse korral ei v\u00e4lista madal D-Di tase VTE-d t\u00e4ielikult.<\/p>\n\n\n\n<p>T\u00f5usnud D-Di tase pole spetsiifiline \u00fcksnes tromboosile. D-Di taseme t\u00f5us esineb ka hemorraagiate, p\u00f5letuste, pahaloomuliste kasvajate, krooniliste p\u00f5letikuliste haiguste, neeru- ja s\u00fcdamepuudulikkuse, kodade fibrillatsiooni, maksatsirroosi ja raskete infektsioonide korral (k.a COVID-19), traumade ja kirurigiliste operatsioonide j\u00e4rgselt, samuti raseduse l\u00f5pus ning s\u00fcnnitusj\u00e4rgses perioodis. Postoperatiivsel perioodil suurte l\u00f5ikuste j\u00e4rgselt v\u00f5ib D-Di tase olla t\u00f5usnud 2\u20133 p\u00e4eva, misj\u00e4rel see t\u00fcsistusteta kulu korral normaliseerub.<\/p>\n\n\n\n<p>Koostaja: Kaja Vaagen<br>Muudetud 05.08.2022<\/p>\n","protected":false},"excerpt":{"rendered":"<p>Kliinilise keemia ja laboratoorse hematoloogia osakond D-dimeerid (D-Di) on h\u00fc\u00fcbimisel tekkinud stabiilse fibriini lagunemise l\u00f5pp-produktid. D-Di olemasolu viitab koagulatsiooniprotsessi aktiveerumisele ja selle tulemusena reaktiivse fibrinol\u00fc\u00fcsi k\u00e4ivitumisele. D-Di tase pole m\u00f5justatud fibrinogeeni kontsentratsioonist ega lahustuva fibriini hulgast. Uuritav materjal, selle v\u00f5tmine, saatmine ja s\u00e4ilitamine Katsuti 9NC-katsuti (helesinine kork) S\u00e4ilivus Plasma toatemperatuuril kaheksa tundi, -20 \u00b0C \u00fcks [&hellip;]<\/p>\n","protected":false},"author":38,"featured_media":0,"parent":7274,"menu_order":0,"comment_status":"closed","ping_status":"closed","template":"","meta":{"_uag_custom_page_level_css":"","footnotes":""},"class_list":["post-13859","page","type-page","status-publish","hentry"],"acf":[],"yoast_head":"<!-- This site is optimized with the Yoast SEO plugin v27.3 - https:\/\/yoast.com\/product\/yoast-seo-wordpress\/ -->\n<title>D-dimeerid (P-D-Di) - \u00dchendlabor<\/title>\n<meta name=\"robots\" content=\"index, follow, max-snippet:-1, max-image-preview:large, max-video-preview:-1\" \/>\n<link rel=\"canonical\" href=\"https:\/\/www.kliinikum.ee\/yhendlabor\/kasiraamat\/huubimisuuringud\/d-dimeerid-p-d-di\/\" \/>\n<meta property=\"og:locale\" content=\"et_EE\" \/>\n<meta property=\"og:type\" content=\"article\" \/>\n<meta property=\"og:title\" content=\"D-dimeerid (P-D-Di) - \u00dchendlabor\" \/>\n<meta property=\"og:description\" content=\"Kliinilise keemia ja laboratoorse hematoloogia osakond D-dimeerid (D-Di) on h\u00fc\u00fcbimisel tekkinud stabiilse fibriini lagunemise l\u00f5pp-produktid. D-Di olemasolu viitab koagulatsiooniprotsessi aktiveerumisele ja selle tulemusena reaktiivse fibrinol\u00fc\u00fcsi k\u00e4ivitumisele. D-Di tase pole m\u00f5justatud fibrinogeeni kontsentratsioonist ega lahustuva fibriini hulgast. Uuritav materjal, selle v\u00f5tmine, saatmine ja s\u00e4ilitamine Katsuti 9NC-katsuti (helesinine kork) S\u00e4ilivus Plasma toatemperatuuril kaheksa tundi, -20 \u00b0C \u00fcks [&hellip;]\" \/>\n<meta property=\"og:url\" content=\"https:\/\/www.kliinikum.ee\/yhendlabor\/kasiraamat\/huubimisuuringud\/d-dimeerid-p-d-di\/\" \/>\n<meta property=\"og:site_name\" content=\"\u00dchendlabor\" \/>\n<meta property=\"article:modified_time\" content=\"2025-11-09T15:39:13+00:00\" \/>\n<meta name=\"twitter:card\" content=\"summary_large_image\" \/>\n<meta name=\"twitter:label1\" content=\"Est. reading time\" \/>\n\t<meta name=\"twitter:data1\" content=\"2 minutit\" \/>\n<script type=\"application\/ld+json\" class=\"yoast-schema-graph\">{\"@context\":\"https:\\\/\\\/schema.org\",\"@graph\":[{\"@type\":\"WebPage\",\"@id\":\"https:\\\/\\\/www.kliinikum.ee\\\/yhendlabor\\\/kasiraamat\\\/huubimisuuringud\\\/d-dimeerid-p-d-di\\\/\",\"url\":\"https:\\\/\\\/www.kliinikum.ee\\\/yhendlabor\\\/kasiraamat\\\/huubimisuuringud\\\/d-dimeerid-p-d-di\\\/\",\"name\":\"D-dimeerid (P-D-Di) - \u00dchendlabor\",\"isPartOf\":{\"@id\":\"https:\\\/\\\/www.kliinikum.ee\\\/yhendlabor\\\/#website\"},\"datePublished\":\"2025-11-09T15:39:09+00:00\",\"dateModified\":\"2025-11-09T15:39:13+00:00\",\"breadcrumb\":{\"@id\":\"https:\\\/\\\/www.kliinikum.ee\\\/yhendlabor\\\/kasiraamat\\\/huubimisuuringud\\\/d-dimeerid-p-d-di\\\/#breadcrumb\"},\"inLanguage\":\"et\",\"potentialAction\":[{\"@type\":\"ReadAction\",\"target\":[\"https:\\\/\\\/www.kliinikum.ee\\\/yhendlabor\\\/kasiraamat\\\/huubimisuuringud\\\/d-dimeerid-p-d-di\\\/\"]}]},{\"@type\":\"BreadcrumbList\",\"@id\":\"https:\\\/\\\/www.kliinikum.ee\\\/yhendlabor\\\/kasiraamat\\\/huubimisuuringud\\\/d-dimeerid-p-d-di\\\/#breadcrumb\",\"itemListElement\":[{\"@type\":\"ListItem\",\"position\":1,\"name\":\"Home\",\"item\":\"https:\\\/\\\/www.kliinikum.ee\\\/yhendlabor\\\/\"},{\"@type\":\"ListItem\",\"position\":2,\"name\":\"K\u00e4siraamat\",\"item\":\"https:\\\/\\\/www.kliinikum.ee\\\/yhendlabor\\\/kasiraamat\\\/\"},{\"@type\":\"ListItem\",\"position\":3,\"name\":\"H\u00fc\u00fcbimisuuringud\",\"item\":\"https:\\\/\\\/www.kliinikum.ee\\\/yhendlabor\\\/kasiraamat\\\/huubimisuuringud\\\/\"},{\"@type\":\"ListItem\",\"position\":4,\"name\":\"D-dimeerid (P-D-Di)\"}]},{\"@type\":\"WebSite\",\"@id\":\"https:\\\/\\\/www.kliinikum.ee\\\/yhendlabor\\\/#website\",\"url\":\"https:\\\/\\\/www.kliinikum.ee\\\/yhendlabor\\\/\",\"name\":\"\u00dchendlabor\",\"description\":\"Hoolivus, Uuendusmeelsus, P\u00e4devus ja Usaldusv\u00e4\u00e4rsus\",\"potentialAction\":[{\"@type\":\"SearchAction\",\"target\":{\"@type\":\"EntryPoint\",\"urlTemplate\":\"https:\\\/\\\/www.kliinikum.ee\\\/yhendlabor\\\/?s={search_term_string}\"},\"query-input\":{\"@type\":\"PropertyValueSpecification\",\"valueRequired\":true,\"valueName\":\"search_term_string\"}}],\"inLanguage\":\"et\"}]}<\/script>\n<!-- \/ Yoast SEO plugin. -->","yoast_head_json":{"title":"D-dimeerid (P-D-Di) - \u00dchendlabor","robots":{"index":"index","follow":"follow","max-snippet":"max-snippet:-1","max-image-preview":"max-image-preview:large","max-video-preview":"max-video-preview:-1"},"canonical":"https:\/\/www.kliinikum.ee\/yhendlabor\/kasiraamat\/huubimisuuringud\/d-dimeerid-p-d-di\/","og_locale":"et_EE","og_type":"article","og_title":"D-dimeerid (P-D-Di) - \u00dchendlabor","og_description":"Kliinilise keemia ja laboratoorse hematoloogia osakond D-dimeerid (D-Di) on h\u00fc\u00fcbimisel tekkinud stabiilse fibriini lagunemise l\u00f5pp-produktid. D-Di olemasolu viitab koagulatsiooniprotsessi aktiveerumisele ja selle tulemusena reaktiivse fibrinol\u00fc\u00fcsi k\u00e4ivitumisele. D-Di tase pole m\u00f5justatud fibrinogeeni kontsentratsioonist ega lahustuva fibriini hulgast. Uuritav materjal, selle v\u00f5tmine, saatmine ja s\u00e4ilitamine Katsuti 9NC-katsuti (helesinine kork) S\u00e4ilivus Plasma toatemperatuuril kaheksa tundi, -20 \u00b0C \u00fcks [&hellip;]","og_url":"https:\/\/www.kliinikum.ee\/yhendlabor\/kasiraamat\/huubimisuuringud\/d-dimeerid-p-d-di\/","og_site_name":"\u00dchendlabor","article_modified_time":"2025-11-09T15:39:13+00:00","twitter_card":"summary_large_image","twitter_misc":{"Est. reading time":"2 minutit"},"schema":{"@context":"https:\/\/schema.org","@graph":[{"@type":"WebPage","@id":"https:\/\/www.kliinikum.ee\/yhendlabor\/kasiraamat\/huubimisuuringud\/d-dimeerid-p-d-di\/","url":"https:\/\/www.kliinikum.ee\/yhendlabor\/kasiraamat\/huubimisuuringud\/d-dimeerid-p-d-di\/","name":"D-dimeerid (P-D-Di) - \u00dchendlabor","isPartOf":{"@id":"https:\/\/www.kliinikum.ee\/yhendlabor\/#website"},"datePublished":"2025-11-09T15:39:09+00:00","dateModified":"2025-11-09T15:39:13+00:00","breadcrumb":{"@id":"https:\/\/www.kliinikum.ee\/yhendlabor\/kasiraamat\/huubimisuuringud\/d-dimeerid-p-d-di\/#breadcrumb"},"inLanguage":"et","potentialAction":[{"@type":"ReadAction","target":["https:\/\/www.kliinikum.ee\/yhendlabor\/kasiraamat\/huubimisuuringud\/d-dimeerid-p-d-di\/"]}]},{"@type":"BreadcrumbList","@id":"https:\/\/www.kliinikum.ee\/yhendlabor\/kasiraamat\/huubimisuuringud\/d-dimeerid-p-d-di\/#breadcrumb","itemListElement":[{"@type":"ListItem","position":1,"name":"Home","item":"https:\/\/www.kliinikum.ee\/yhendlabor\/"},{"@type":"ListItem","position":2,"name":"K\u00e4siraamat","item":"https:\/\/www.kliinikum.ee\/yhendlabor\/kasiraamat\/"},{"@type":"ListItem","position":3,"name":"H\u00fc\u00fcbimisuuringud","item":"https:\/\/www.kliinikum.ee\/yhendlabor\/kasiraamat\/huubimisuuringud\/"},{"@type":"ListItem","position":4,"name":"D-dimeerid (P-D-Di)"}]},{"@type":"WebSite","@id":"https:\/\/www.kliinikum.ee\/yhendlabor\/#website","url":"https:\/\/www.kliinikum.ee\/yhendlabor\/","name":"\u00dchendlabor","description":"Hoolivus, Uuendusmeelsus, P\u00e4devus ja Usaldusv\u00e4\u00e4rsus","potentialAction":[{"@type":"SearchAction","target":{"@type":"EntryPoint","urlTemplate":"https:\/\/www.kliinikum.ee\/yhendlabor\/?s={search_term_string}"},"query-input":{"@type":"PropertyValueSpecification","valueRequired":true,"valueName":"search_term_string"}}],"inLanguage":"et"}]}},"uagb_featured_image_src":{"full":false,"thumbnail":false,"medium":false,"medium_large":false,"large":false,"1536x1536":false,"2048x2048":false},"uagb_author_info":{"display_name":"Kadi Siigur","author_link":"https:\/\/www.kliinikum.ee\/yhendlabor\/author\/kadisi\/"},"uagb_comment_info":0,"uagb_excerpt":"Kliinilise keemia ja laboratoorse hematoloogia osakond D-dimeerid (D-Di) on h\u00fc\u00fcbimisel tekkinud stabiilse fibriini lagunemise l\u00f5pp-produktid. D-Di olemasolu viitab koagulatsiooniprotsessi aktiveerumisele ja selle tulemusena reaktiivse fibrinol\u00fc\u00fcsi k\u00e4ivitumisele. D-Di tase pole m\u00f5justatud fibrinogeeni kontsentratsioonist ega lahustuva fibriini hulgast. Uuritav materjal, selle v\u00f5tmine, saatmine ja s\u00e4ilitamine Katsuti 9NC-katsuti (helesinine kork) S\u00e4ilivus Plasma toatemperatuuril kaheksa tundi, -20 \u00b0C \u00fcks&hellip;","_links":{"self":[{"href":"https:\/\/www.kliinikum.ee\/yhendlabor\/wp-json\/wp\/v2\/pages\/13859","targetHints":{"allow":["GET"]}}],"collection":[{"href":"https:\/\/www.kliinikum.ee\/yhendlabor\/wp-json\/wp\/v2\/pages"}],"about":[{"href":"https:\/\/www.kliinikum.ee\/yhendlabor\/wp-json\/wp\/v2\/types\/page"}],"author":[{"embeddable":true,"href":"https:\/\/www.kliinikum.ee\/yhendlabor\/wp-json\/wp\/v2\/users\/38"}],"replies":[{"embeddable":true,"href":"https:\/\/www.kliinikum.ee\/yhendlabor\/wp-json\/wp\/v2\/comments?post=13859"}],"version-history":[{"count":0,"href":"https:\/\/www.kliinikum.ee\/yhendlabor\/wp-json\/wp\/v2\/pages\/13859\/revisions"}],"up":[{"embeddable":true,"href":"https:\/\/www.kliinikum.ee\/yhendlabor\/wp-json\/wp\/v2\/pages\/7274"}],"wp:attachment":[{"href":"https:\/\/www.kliinikum.ee\/yhendlabor\/wp-json\/wp\/v2\/media?parent=13859"}],"curies":[{"name":"wp","href":"https:\/\/api.w.org\/{rel}","templated":true}]}}