{"id":13865,"date":"2025-11-09T17:49:37","date_gmt":"2025-11-09T15:49:37","guid":{"rendered":"https:\/\/www.kliinikum.ee\/yhendlabor\/?page_id=13865"},"modified":"2025-11-09T17:49:41","modified_gmt":"2025-11-09T15:49:41","slug":"fibrinogeen-p-fibr","status":"publish","type":"page","link":"https:\/\/www.kliinikum.ee\/yhendlabor\/kasiraamat\/huubimisuuringud\/fibrinogeen-p-fibr\/","title":{"rendered":"Fibrinogeen (P-Fibr)"},"content":{"rendered":"\n<p><em>Kliinilise keemia ja laboratoorse hematoloogia osakond<\/em><\/p>\n\n\n\n<p><strong>Fibrinogeen <\/strong>on peamiselt maksas s\u00fcnteesitav proteiin, millest h\u00fc\u00fcbimisprotsessis moodustub trombiini toimel ning faktor XIII (fibriini stabiliseeriv faktor) ja kaltsiumi juuresolekul fibriin.<\/p>\n\n\n\n<p class=\"has-medium-font-size\"><strong>Uuritav materjal, selle v\u00f5tmine, saatmine ja s\u00e4ilitamine<\/strong><\/p>\n\n\n\n<figure class=\"wp-block-table is-style-stripes\"><table width=\"100%\"><tbody><tr><td width=\"1%\"><\/td><td width=\"15%\"><strong>Katsuti<\/strong><\/td><td width=\"84%\">9NC-katsuti (helesinine kork)<\/td><\/tr><tr><td><\/td><td><strong>S\u00e4ilivus<\/strong><\/td><td>Plasma toatemperatuuril kaheksa tundi. Plasma tuleb eraldada nelja tunni jooksul peale proovi v\u00f5tmist (tsentrifuugida 2000\u20132500 x g juures 15 min).<\/td><\/tr><\/tbody><\/table><\/figure>\n\n\n\n<p>Proovimaterjal hemostaasi uuringuteks v\u00f5etakse esimese katsutina (v.a juhul, kui v\u00f5etakse ka verek\u00fclv).<\/p>\n\n\n\n<p>NB! Proovin\u00f5u peab olema t\u00e4itunud katsutil oleva m\u00e4rgini!<\/p>\n\n\n\n<p>Mistahes kliiniliste erijuhtude (nt hematokrit &gt; 0,55) puhul ja s\u00e4ilitamise\/saatmisega seotud k\u00fcsimuste korral tuleb n\u00f5u pidada laboriga.<\/p>\n\n\n\n<p class=\"has-medium-font-size\"><strong>Anal\u00fc\u00fcsi tegemise aeg: <\/strong>\u00f6\u00f6p\u00e4evaringselt<\/p>\n\n\n\n<p class=\"has-medium-font-size\"><strong>Anal\u00fc\u00fcsimeetod: <\/strong>koagulomeetriline meetod<\/p>\n\n\n\n<p class=\"has-medium-font-size\"><strong>Referentsv\u00e4\u00e4rtused<\/strong><\/p>\n\n\n\n<figure class=\"wp-block-table\"><table width=\"100%\"><tbody><tr><td width=\"1%\"><\/td><td width=\"30%\"><strong>0 p \u2013 &lt; 3 p<\/strong><\/td><td width=\"69%\">1,92\u20133,74 g\/L<\/td><\/tr><tr><td><\/td><td><strong>3 p \u2013 &lt; 1 k<\/strong><\/td><td>2,83\u20134,01 g\/L<\/td><\/tr><tr><td><\/td><td><strong>1 k \u2013 &lt; 1 a<\/strong><\/td><td>0,82\u20133,83 g\/L<\/td><\/tr><tr><td><\/td><td><strong>1 a \u2013 &lt; 6 a<\/strong><\/td><td>1,62\u20134,01 g\/L<\/td><\/tr><tr><td><\/td><td><strong>6 a \u2013 &lt; 11 a<\/strong><\/td><td>1,99\u20134,09 g\/L<\/td><\/tr><tr><td><\/td><td><strong>11 a \u2013 &lt; 18 a<\/strong><\/td><td>2,12\u20134,33 g\/L<\/td><\/tr><tr><td><\/td><td><strong>\u2265 18 a<\/strong><\/td><td>2,0\u20134,0 g\/L<\/td><\/tr><\/tbody><\/table><\/figure>\n\n\n\n<p class=\"has-medium-font-size\"><strong>N\u00e4idustus ja kliiniline t\u00e4hendus<\/strong><\/p>\n\n\n\n<p>Fibrinogeeni m\u00e4\u00e4ratakse veritsuse p\u00f5hjuste selgitamiseks.<\/p>\n\n\n\n<p>Fibrinogeeni sisaldust m\u00f5jutavad maksa s\u00fcnteesimisv\u00f5ime ja fibrinogeeni tarbimine.<\/p>\n\n\n\n<p>Fibrinogeen kuulub nn \u00e4geda faasi valkude hulka. Fibrinogeeni taseme&nbsp; t\u00f5us esineb p\u00f5letikuliste protsesside, traumade ja kasvajate korral, raseduse l\u00f5pus ning suukaudsete kontratseptiivide kasutamise puhul.<\/p>\n\n\n\n<p>Fibrinogeeni taseme langust v\u00f5ib t\u00e4heldada DIK-s\u00fcndroomi, trombol\u00fc\u00fctilise ravi, maksahaiguste, kaasas\u00fcndinud h\u00fcpo- ja d\u00fcsfibrinogeneemia korral.&nbsp;<\/p>\n\n\n\n<p>Kui fibrinogeeni tase langeb &lt; 1,0 g\/L, esineb verejooksu oht.<\/p>\n\n\n\n<p>Koostaja: Kaja Vaagen<br>Muudetud 08.08.2022<\/p>\n","protected":false},"excerpt":{"rendered":"<p>Kliinilise keemia ja laboratoorse hematoloogia osakond Fibrinogeen on peamiselt maksas s\u00fcnteesitav proteiin, millest h\u00fc\u00fcbimisprotsessis moodustub trombiini toimel ning faktor XIII (fibriini stabiliseeriv faktor) ja kaltsiumi juuresolekul fibriin. Uuritav materjal, selle v\u00f5tmine, saatmine ja s\u00e4ilitamine Katsuti 9NC-katsuti (helesinine kork) S\u00e4ilivus Plasma toatemperatuuril kaheksa tundi. Plasma tuleb eraldada nelja tunni jooksul peale proovi v\u00f5tmist (tsentrifuugida 2000\u20132500 x [&hellip;]<\/p>\n","protected":false},"author":38,"featured_media":0,"parent":7274,"menu_order":0,"comment_status":"closed","ping_status":"closed","template":"","meta":{"_uag_custom_page_level_css":"","footnotes":""},"class_list":["post-13865","page","type-page","status-publish","hentry"],"acf":[],"yoast_head":"<!-- This site is optimized with the Yoast SEO plugin v27.3 - https:\/\/yoast.com\/product\/yoast-seo-wordpress\/ -->\n<title>Fibrinogeen (P-Fibr) - \u00dchendlabor<\/title>\n<meta name=\"robots\" content=\"index, follow, max-snippet:-1, max-image-preview:large, max-video-preview:-1\" \/>\n<link rel=\"canonical\" href=\"https:\/\/www.kliinikum.ee\/yhendlabor\/kasiraamat\/huubimisuuringud\/fibrinogeen-p-fibr\/\" \/>\n<meta property=\"og:locale\" content=\"et_EE\" \/>\n<meta property=\"og:type\" content=\"article\" \/>\n<meta property=\"og:title\" content=\"Fibrinogeen (P-Fibr) - \u00dchendlabor\" \/>\n<meta property=\"og:description\" content=\"Kliinilise keemia ja laboratoorse hematoloogia osakond Fibrinogeen on peamiselt maksas s\u00fcnteesitav proteiin, millest h\u00fc\u00fcbimisprotsessis moodustub trombiini toimel ning faktor XIII (fibriini stabiliseeriv faktor) ja kaltsiumi juuresolekul fibriin. Uuritav materjal, selle v\u00f5tmine, saatmine ja s\u00e4ilitamine Katsuti 9NC-katsuti (helesinine kork) S\u00e4ilivus Plasma toatemperatuuril kaheksa tundi. Plasma tuleb eraldada nelja tunni jooksul peale proovi v\u00f5tmist (tsentrifuugida 2000\u20132500 x [&hellip;]\" \/>\n<meta property=\"og:url\" content=\"https:\/\/www.kliinikum.ee\/yhendlabor\/kasiraamat\/huubimisuuringud\/fibrinogeen-p-fibr\/\" \/>\n<meta property=\"og:site_name\" content=\"\u00dchendlabor\" \/>\n<meta property=\"article:modified_time\" content=\"2025-11-09T15:49:41+00:00\" \/>\n<meta name=\"twitter:card\" content=\"summary_large_image\" \/>\n<meta name=\"twitter:label1\" content=\"Est. reading time\" \/>\n\t<meta name=\"twitter:data1\" content=\"2 minutit\" \/>\n<script type=\"application\/ld+json\" class=\"yoast-schema-graph\">{\"@context\":\"https:\\\/\\\/schema.org\",\"@graph\":[{\"@type\":\"WebPage\",\"@id\":\"https:\\\/\\\/www.kliinikum.ee\\\/yhendlabor\\\/kasiraamat\\\/huubimisuuringud\\\/fibrinogeen-p-fibr\\\/\",\"url\":\"https:\\\/\\\/www.kliinikum.ee\\\/yhendlabor\\\/kasiraamat\\\/huubimisuuringud\\\/fibrinogeen-p-fibr\\\/\",\"name\":\"Fibrinogeen (P-Fibr) - \u00dchendlabor\",\"isPartOf\":{\"@id\":\"https:\\\/\\\/www.kliinikum.ee\\\/yhendlabor\\\/#website\"},\"datePublished\":\"2025-11-09T15:49:37+00:00\",\"dateModified\":\"2025-11-09T15:49:41+00:00\",\"breadcrumb\":{\"@id\":\"https:\\\/\\\/www.kliinikum.ee\\\/yhendlabor\\\/kasiraamat\\\/huubimisuuringud\\\/fibrinogeen-p-fibr\\\/#breadcrumb\"},\"inLanguage\":\"et\",\"potentialAction\":[{\"@type\":\"ReadAction\",\"target\":[\"https:\\\/\\\/www.kliinikum.ee\\\/yhendlabor\\\/kasiraamat\\\/huubimisuuringud\\\/fibrinogeen-p-fibr\\\/\"]}]},{\"@type\":\"BreadcrumbList\",\"@id\":\"https:\\\/\\\/www.kliinikum.ee\\\/yhendlabor\\\/kasiraamat\\\/huubimisuuringud\\\/fibrinogeen-p-fibr\\\/#breadcrumb\",\"itemListElement\":[{\"@type\":\"ListItem\",\"position\":1,\"name\":\"Home\",\"item\":\"https:\\\/\\\/www.kliinikum.ee\\\/yhendlabor\\\/\"},{\"@type\":\"ListItem\",\"position\":2,\"name\":\"K\u00e4siraamat\",\"item\":\"https:\\\/\\\/www.kliinikum.ee\\\/yhendlabor\\\/kasiraamat\\\/\"},{\"@type\":\"ListItem\",\"position\":3,\"name\":\"H\u00fc\u00fcbimisuuringud\",\"item\":\"https:\\\/\\\/www.kliinikum.ee\\\/yhendlabor\\\/kasiraamat\\\/huubimisuuringud\\\/\"},{\"@type\":\"ListItem\",\"position\":4,\"name\":\"Fibrinogeen (P-Fibr)\"}]},{\"@type\":\"WebSite\",\"@id\":\"https:\\\/\\\/www.kliinikum.ee\\\/yhendlabor\\\/#website\",\"url\":\"https:\\\/\\\/www.kliinikum.ee\\\/yhendlabor\\\/\",\"name\":\"\u00dchendlabor\",\"description\":\"Hoolivus, Uuendusmeelsus, P\u00e4devus ja Usaldusv\u00e4\u00e4rsus\",\"potentialAction\":[{\"@type\":\"SearchAction\",\"target\":{\"@type\":\"EntryPoint\",\"urlTemplate\":\"https:\\\/\\\/www.kliinikum.ee\\\/yhendlabor\\\/?s={search_term_string}\"},\"query-input\":{\"@type\":\"PropertyValueSpecification\",\"valueRequired\":true,\"valueName\":\"search_term_string\"}}],\"inLanguage\":\"et\"}]}<\/script>\n<!-- \/ Yoast SEO plugin. -->","yoast_head_json":{"title":"Fibrinogeen (P-Fibr) - \u00dchendlabor","robots":{"index":"index","follow":"follow","max-snippet":"max-snippet:-1","max-image-preview":"max-image-preview:large","max-video-preview":"max-video-preview:-1"},"canonical":"https:\/\/www.kliinikum.ee\/yhendlabor\/kasiraamat\/huubimisuuringud\/fibrinogeen-p-fibr\/","og_locale":"et_EE","og_type":"article","og_title":"Fibrinogeen (P-Fibr) - \u00dchendlabor","og_description":"Kliinilise keemia ja laboratoorse hematoloogia osakond Fibrinogeen on peamiselt maksas s\u00fcnteesitav proteiin, millest h\u00fc\u00fcbimisprotsessis moodustub trombiini toimel ning faktor XIII (fibriini stabiliseeriv faktor) ja kaltsiumi juuresolekul fibriin. Uuritav materjal, selle v\u00f5tmine, saatmine ja s\u00e4ilitamine Katsuti 9NC-katsuti (helesinine kork) S\u00e4ilivus Plasma toatemperatuuril kaheksa tundi. Plasma tuleb eraldada nelja tunni jooksul peale proovi v\u00f5tmist (tsentrifuugida 2000\u20132500 x [&hellip;]","og_url":"https:\/\/www.kliinikum.ee\/yhendlabor\/kasiraamat\/huubimisuuringud\/fibrinogeen-p-fibr\/","og_site_name":"\u00dchendlabor","article_modified_time":"2025-11-09T15:49:41+00:00","twitter_card":"summary_large_image","twitter_misc":{"Est. reading time":"2 minutit"},"schema":{"@context":"https:\/\/schema.org","@graph":[{"@type":"WebPage","@id":"https:\/\/www.kliinikum.ee\/yhendlabor\/kasiraamat\/huubimisuuringud\/fibrinogeen-p-fibr\/","url":"https:\/\/www.kliinikum.ee\/yhendlabor\/kasiraamat\/huubimisuuringud\/fibrinogeen-p-fibr\/","name":"Fibrinogeen (P-Fibr) - \u00dchendlabor","isPartOf":{"@id":"https:\/\/www.kliinikum.ee\/yhendlabor\/#website"},"datePublished":"2025-11-09T15:49:37+00:00","dateModified":"2025-11-09T15:49:41+00:00","breadcrumb":{"@id":"https:\/\/www.kliinikum.ee\/yhendlabor\/kasiraamat\/huubimisuuringud\/fibrinogeen-p-fibr\/#breadcrumb"},"inLanguage":"et","potentialAction":[{"@type":"ReadAction","target":["https:\/\/www.kliinikum.ee\/yhendlabor\/kasiraamat\/huubimisuuringud\/fibrinogeen-p-fibr\/"]}]},{"@type":"BreadcrumbList","@id":"https:\/\/www.kliinikum.ee\/yhendlabor\/kasiraamat\/huubimisuuringud\/fibrinogeen-p-fibr\/#breadcrumb","itemListElement":[{"@type":"ListItem","position":1,"name":"Home","item":"https:\/\/www.kliinikum.ee\/yhendlabor\/"},{"@type":"ListItem","position":2,"name":"K\u00e4siraamat","item":"https:\/\/www.kliinikum.ee\/yhendlabor\/kasiraamat\/"},{"@type":"ListItem","position":3,"name":"H\u00fc\u00fcbimisuuringud","item":"https:\/\/www.kliinikum.ee\/yhendlabor\/kasiraamat\/huubimisuuringud\/"},{"@type":"ListItem","position":4,"name":"Fibrinogeen (P-Fibr)"}]},{"@type":"WebSite","@id":"https:\/\/www.kliinikum.ee\/yhendlabor\/#website","url":"https:\/\/www.kliinikum.ee\/yhendlabor\/","name":"\u00dchendlabor","description":"Hoolivus, Uuendusmeelsus, P\u00e4devus ja Usaldusv\u00e4\u00e4rsus","potentialAction":[{"@type":"SearchAction","target":{"@type":"EntryPoint","urlTemplate":"https:\/\/www.kliinikum.ee\/yhendlabor\/?s={search_term_string}"},"query-input":{"@type":"PropertyValueSpecification","valueRequired":true,"valueName":"search_term_string"}}],"inLanguage":"et"}]}},"uagb_featured_image_src":{"full":false,"thumbnail":false,"medium":false,"medium_large":false,"large":false,"1536x1536":false,"2048x2048":false},"uagb_author_info":{"display_name":"Kadi Siigur","author_link":"https:\/\/www.kliinikum.ee\/yhendlabor\/author\/kadisi\/"},"uagb_comment_info":0,"uagb_excerpt":"Kliinilise keemia ja laboratoorse hematoloogia osakond Fibrinogeen on peamiselt maksas s\u00fcnteesitav proteiin, millest h\u00fc\u00fcbimisprotsessis moodustub trombiini toimel ning faktor XIII (fibriini stabiliseeriv faktor) ja kaltsiumi juuresolekul fibriin. Uuritav materjal, selle v\u00f5tmine, saatmine ja s\u00e4ilitamine Katsuti 9NC-katsuti (helesinine kork) S\u00e4ilivus Plasma toatemperatuuril kaheksa tundi. Plasma tuleb eraldada nelja tunni jooksul peale proovi v\u00f5tmist (tsentrifuugida 2000\u20132500 x&hellip;","_links":{"self":[{"href":"https:\/\/www.kliinikum.ee\/yhendlabor\/wp-json\/wp\/v2\/pages\/13865","targetHints":{"allow":["GET"]}}],"collection":[{"href":"https:\/\/www.kliinikum.ee\/yhendlabor\/wp-json\/wp\/v2\/pages"}],"about":[{"href":"https:\/\/www.kliinikum.ee\/yhendlabor\/wp-json\/wp\/v2\/types\/page"}],"author":[{"embeddable":true,"href":"https:\/\/www.kliinikum.ee\/yhendlabor\/wp-json\/wp\/v2\/users\/38"}],"replies":[{"embeddable":true,"href":"https:\/\/www.kliinikum.ee\/yhendlabor\/wp-json\/wp\/v2\/comments?post=13865"}],"version-history":[{"count":0,"href":"https:\/\/www.kliinikum.ee\/yhendlabor\/wp-json\/wp\/v2\/pages\/13865\/revisions"}],"up":[{"embeddable":true,"href":"https:\/\/www.kliinikum.ee\/yhendlabor\/wp-json\/wp\/v2\/pages\/7274"}],"wp:attachment":[{"href":"https:\/\/www.kliinikum.ee\/yhendlabor\/wp-json\/wp\/v2\/media?parent=13865"}],"curies":[{"name":"wp","href":"https:\/\/api.w.org\/{rel}","templated":true}]}}