{"id":13871,"date":"2025-11-09T17:59:31","date_gmt":"2025-11-09T15:59:31","guid":{"rendered":"https:\/\/www.kliinikum.ee\/yhendlabor\/?page_id=13871"},"modified":"2025-11-09T17:59:36","modified_gmt":"2025-11-09T15:59:36","slug":"vii-faktor-p-fvii","status":"publish","type":"page","link":"https:\/\/www.kliinikum.ee\/yhendlabor\/kasiraamat\/huubimisuuringud\/vii-faktor-p-fvii\/","title":{"rendered":"VII faktor (P-FVII)"},"content":{"rendered":"\n<p><em>Kliinilise keemia ja laboratoorse hematoloogia osakond<\/em><\/p>\n\n\n\n<p><strong>VII faktor<\/strong> on K-vitamiinist s\u00f5ltuv gl\u00fckoproteiin, mis s\u00fcnteesitakse maksas. FVII-l on keskne roll koagulatsioonikaskaadis. Ta aktiveerub, moodustades Ca-ioonide ja fosfolipiidide juuresolekul koefaktoriga (<em>tissue factor<\/em>, TF) kompleksi. See kompleks on potentsiaalne IX ja X faktori aktivaator.<\/p>\n\n\n\n<p>Faktor VII geen asub 13. kromosoomis (13q34).<\/p>\n\n\n\n<p class=\"has-medium-font-size\"><strong>Uuritav materjal, selle v\u00f5tmine, saatmine ja s\u00e4ilitamine<\/strong><\/p>\n\n\n\n<figure class=\"wp-block-table is-style-stripes\"><table width=\"100%\"><tbody><tr><td width=\"1%\"><\/td><td width=\"15%\"><strong>Katsuti<\/strong><\/td><td width=\"84%\">9NC-katsuti (helesinine kork)<\/td><\/tr><tr><td><\/td><td><strong>S\u00e4ilivus<\/strong><\/td><td>Plasma toatemperatuuril neli tundi, -20 \u00b0C 15 p\u00e4eva \u00a0<br>Plasma tuleb eraldada nelja tunni jooksul peale proovi v\u00f5tmist (tsentrifuugida\u00a0 2000\u20132500 x g juures 15 min). \u00a0<br>NB! Plasmat ei tohi hoida 2\u20138 \u00b0C juures!<\/td><\/tr><\/tbody><\/table><\/figure>\n\n\n\n<p>Proovimaterjal hemostaasi uuringuteks v\u00f5etakse esimese katsutina (v.a juhul, kui v\u00f5etakse ka verek\u00fclv). Faktorite anal\u00fc\u00fcsiks v\u00f5etakse veri kahte katsutisse ja m\u00e4rgitakse katsutile proovin\u00f5ude j\u00e4rjekord vere v\u00f5tmisel.<\/p>\n\n\n\n<p>NB! Proovin\u00f5u peab olema t\u00e4itunud katsutil oleva m\u00e4rgini!<\/p>\n\n\n\n<p>Mistahes kliiniliste erijuhtude (nt hematokrit &gt; 0,55) puhul ja s\u00e4ilitamise\/saatmisega seotud k\u00fcsimuste korral tuleb n\u00f5u pidada laboriga.<\/p>\n\n\n\n<p class=\"has-medium-font-size\"><strong>Anal\u00fc\u00fcsi tegemise aeg: <\/strong>t\u00f6\u00f6p\u00e4eviti (tulemuse saamise aeg kahe n\u00e4dala jooksul)<\/p>\n\n\n\n<p class=\"has-medium-font-size\"><strong>Anal\u00fc\u00fcsimeetod: <\/strong>koagulomeetriline meetod<\/p>\n\n\n\n<p class=\"has-medium-font-size\"><strong>Referentsv\u00e4\u00e4rtused<\/strong><\/p>\n\n\n\n<figure class=\"wp-block-table\"><table width=\"100%\"><tbody><tr><td width=\"1%\"><\/td><td width=\"30%\"><strong>0 p \u2013 &lt; 3 p<\/strong><\/td><td width=\"69%\">52\u201388%<\/td><\/tr><tr><td><\/td><td><strong>3 p \u2013 &lt; 1 k<\/strong><\/td><td>67\u2013107%<\/td><\/tr><tr><td><\/td><td><strong>1 k \u2013 &lt; 1 a<\/strong><\/td><td>83\u2013160%<\/td><\/tr><tr><td><\/td><td><strong>1 a \u2013 &lt; 6 a<\/strong><\/td><td>72\u2013150%<\/td><\/tr><tr><td><\/td><td><strong>6 a \u2013 &lt; 11 a<\/strong><\/td><td>70\u2013156%<\/td><\/tr><tr><td><\/td><td><strong>11 a \u2013 &lt; 18 a<\/strong><\/td><td>69\u2013200%<\/td><\/tr><tr><td><\/td><td><strong>\u2265 18 a<\/strong><\/td><td>55\u2013170%<\/td><\/tr><\/tbody><\/table><\/figure>\n\n\n\n<p class=\"has-medium-font-size\"><strong>N\u00e4idustus ja kliiniline t\u00e4hendus<\/strong><\/p>\n\n\n\n<p>Veritsuse p\u00f5hjuse v\u00e4ljaselgitamine. VII faktori defitsiidi v\u00f5i liia kindlakstegemine.<\/p>\n\n\n\n<p>Faktor VII defitsiit v\u00f5ib olla kaasas\u00fcndinud v\u00f5i omandatud. Kaasas\u00fcndinud FVII defitsiit on v\u00e4ga harva esinev autosoomretsessiivne veritsushaigus. Kliiniliselt v\u00f5ib see avalduda kergest veritsusest kuni v\u00e4ga raskete liigese- ja lihasesiseste verejooksudeni. Omandatud defitsiiti p\u00f5hjustavad K-vitamiini vaegus toidus ja absorptsiooni puudulikkus (vasts\u00fcndinute hemorraagiline diatees, obstruktiivne ikterus, antibiootikumravi jm), varfariin, maksahaigused (tsirroos), fibrinol\u00fc\u00fcs, DIK.<\/p>\n\n\n\n<p>Koostaja: Kaja Vaagen<br>Muudetud 09.11.2022<\/p>\n","protected":false},"excerpt":{"rendered":"<p>Kliinilise keemia ja laboratoorse hematoloogia osakond VII faktor on K-vitamiinist s\u00f5ltuv gl\u00fckoproteiin, mis s\u00fcnteesitakse maksas. FVII-l on keskne roll koagulatsioonikaskaadis. Ta aktiveerub, moodustades Ca-ioonide ja fosfolipiidide juuresolekul koefaktoriga (tissue factor, TF) kompleksi. See kompleks on potentsiaalne IX ja X faktori aktivaator. Faktor VII geen asub 13. kromosoomis (13q34). Uuritav materjal, selle v\u00f5tmine, saatmine ja s\u00e4ilitamine [&hellip;]<\/p>\n","protected":false},"author":38,"featured_media":0,"parent":7274,"menu_order":0,"comment_status":"closed","ping_status":"closed","template":"","meta":{"_uag_custom_page_level_css":"","footnotes":""},"class_list":["post-13871","page","type-page","status-publish","hentry"],"acf":[],"yoast_head":"<!-- This site is optimized with the Yoast SEO plugin v27.3 - https:\/\/yoast.com\/product\/yoast-seo-wordpress\/ -->\n<title>VII faktor (P-FVII) - \u00dchendlabor<\/title>\n<meta name=\"robots\" content=\"index, follow, max-snippet:-1, max-image-preview:large, max-video-preview:-1\" \/>\n<link rel=\"canonical\" href=\"https:\/\/www.kliinikum.ee\/yhendlabor\/kasiraamat\/huubimisuuringud\/vii-faktor-p-fvii\/\" \/>\n<meta property=\"og:locale\" content=\"et_EE\" \/>\n<meta property=\"og:type\" content=\"article\" \/>\n<meta property=\"og:title\" content=\"VII faktor (P-FVII) - \u00dchendlabor\" \/>\n<meta property=\"og:description\" content=\"Kliinilise keemia ja laboratoorse hematoloogia osakond VII faktor on K-vitamiinist s\u00f5ltuv gl\u00fckoproteiin, mis s\u00fcnteesitakse maksas. FVII-l on keskne roll koagulatsioonikaskaadis. Ta aktiveerub, moodustades Ca-ioonide ja fosfolipiidide juuresolekul koefaktoriga (tissue factor, TF) kompleksi. See kompleks on potentsiaalne IX ja X faktori aktivaator. Faktor VII geen asub 13. kromosoomis (13q34). Uuritav materjal, selle v\u00f5tmine, saatmine ja s\u00e4ilitamine [&hellip;]\" \/>\n<meta property=\"og:url\" content=\"https:\/\/www.kliinikum.ee\/yhendlabor\/kasiraamat\/huubimisuuringud\/vii-faktor-p-fvii\/\" \/>\n<meta property=\"og:site_name\" content=\"\u00dchendlabor\" \/>\n<meta property=\"article:modified_time\" content=\"2025-11-09T15:59:36+00:00\" \/>\n<meta name=\"twitter:card\" content=\"summary_large_image\" \/>\n<meta name=\"twitter:label1\" content=\"Est. reading time\" \/>\n\t<meta name=\"twitter:data1\" content=\"2 minutit\" \/>\n<script type=\"application\/ld+json\" class=\"yoast-schema-graph\">{\"@context\":\"https:\\\/\\\/schema.org\",\"@graph\":[{\"@type\":\"WebPage\",\"@id\":\"https:\\\/\\\/www.kliinikum.ee\\\/yhendlabor\\\/kasiraamat\\\/huubimisuuringud\\\/vii-faktor-p-fvii\\\/\",\"url\":\"https:\\\/\\\/www.kliinikum.ee\\\/yhendlabor\\\/kasiraamat\\\/huubimisuuringud\\\/vii-faktor-p-fvii\\\/\",\"name\":\"VII faktor (P-FVII) - \u00dchendlabor\",\"isPartOf\":{\"@id\":\"https:\\\/\\\/www.kliinikum.ee\\\/yhendlabor\\\/#website\"},\"datePublished\":\"2025-11-09T15:59:31+00:00\",\"dateModified\":\"2025-11-09T15:59:36+00:00\",\"breadcrumb\":{\"@id\":\"https:\\\/\\\/www.kliinikum.ee\\\/yhendlabor\\\/kasiraamat\\\/huubimisuuringud\\\/vii-faktor-p-fvii\\\/#breadcrumb\"},\"inLanguage\":\"et\",\"potentialAction\":[{\"@type\":\"ReadAction\",\"target\":[\"https:\\\/\\\/www.kliinikum.ee\\\/yhendlabor\\\/kasiraamat\\\/huubimisuuringud\\\/vii-faktor-p-fvii\\\/\"]}]},{\"@type\":\"BreadcrumbList\",\"@id\":\"https:\\\/\\\/www.kliinikum.ee\\\/yhendlabor\\\/kasiraamat\\\/huubimisuuringud\\\/vii-faktor-p-fvii\\\/#breadcrumb\",\"itemListElement\":[{\"@type\":\"ListItem\",\"position\":1,\"name\":\"Home\",\"item\":\"https:\\\/\\\/www.kliinikum.ee\\\/yhendlabor\\\/\"},{\"@type\":\"ListItem\",\"position\":2,\"name\":\"K\u00e4siraamat\",\"item\":\"https:\\\/\\\/www.kliinikum.ee\\\/yhendlabor\\\/kasiraamat\\\/\"},{\"@type\":\"ListItem\",\"position\":3,\"name\":\"H\u00fc\u00fcbimisuuringud\",\"item\":\"https:\\\/\\\/www.kliinikum.ee\\\/yhendlabor\\\/kasiraamat\\\/huubimisuuringud\\\/\"},{\"@type\":\"ListItem\",\"position\":4,\"name\":\"VII faktor (P-FVII)\"}]},{\"@type\":\"WebSite\",\"@id\":\"https:\\\/\\\/www.kliinikum.ee\\\/yhendlabor\\\/#website\",\"url\":\"https:\\\/\\\/www.kliinikum.ee\\\/yhendlabor\\\/\",\"name\":\"\u00dchendlabor\",\"description\":\"Hoolivus, Uuendusmeelsus, P\u00e4devus ja Usaldusv\u00e4\u00e4rsus\",\"potentialAction\":[{\"@type\":\"SearchAction\",\"target\":{\"@type\":\"EntryPoint\",\"urlTemplate\":\"https:\\\/\\\/www.kliinikum.ee\\\/yhendlabor\\\/?s={search_term_string}\"},\"query-input\":{\"@type\":\"PropertyValueSpecification\",\"valueRequired\":true,\"valueName\":\"search_term_string\"}}],\"inLanguage\":\"et\"}]}<\/script>\n<!-- \/ Yoast SEO plugin. -->","yoast_head_json":{"title":"VII faktor (P-FVII) - \u00dchendlabor","robots":{"index":"index","follow":"follow","max-snippet":"max-snippet:-1","max-image-preview":"max-image-preview:large","max-video-preview":"max-video-preview:-1"},"canonical":"https:\/\/www.kliinikum.ee\/yhendlabor\/kasiraamat\/huubimisuuringud\/vii-faktor-p-fvii\/","og_locale":"et_EE","og_type":"article","og_title":"VII faktor (P-FVII) - \u00dchendlabor","og_description":"Kliinilise keemia ja laboratoorse hematoloogia osakond VII faktor on K-vitamiinist s\u00f5ltuv gl\u00fckoproteiin, mis s\u00fcnteesitakse maksas. FVII-l on keskne roll koagulatsioonikaskaadis. Ta aktiveerub, moodustades Ca-ioonide ja fosfolipiidide juuresolekul koefaktoriga (tissue factor, TF) kompleksi. See kompleks on potentsiaalne IX ja X faktori aktivaator. Faktor VII geen asub 13. kromosoomis (13q34). Uuritav materjal, selle v\u00f5tmine, saatmine ja s\u00e4ilitamine [&hellip;]","og_url":"https:\/\/www.kliinikum.ee\/yhendlabor\/kasiraamat\/huubimisuuringud\/vii-faktor-p-fvii\/","og_site_name":"\u00dchendlabor","article_modified_time":"2025-11-09T15:59:36+00:00","twitter_card":"summary_large_image","twitter_misc":{"Est. reading time":"2 minutit"},"schema":{"@context":"https:\/\/schema.org","@graph":[{"@type":"WebPage","@id":"https:\/\/www.kliinikum.ee\/yhendlabor\/kasiraamat\/huubimisuuringud\/vii-faktor-p-fvii\/","url":"https:\/\/www.kliinikum.ee\/yhendlabor\/kasiraamat\/huubimisuuringud\/vii-faktor-p-fvii\/","name":"VII faktor (P-FVII) - \u00dchendlabor","isPartOf":{"@id":"https:\/\/www.kliinikum.ee\/yhendlabor\/#website"},"datePublished":"2025-11-09T15:59:31+00:00","dateModified":"2025-11-09T15:59:36+00:00","breadcrumb":{"@id":"https:\/\/www.kliinikum.ee\/yhendlabor\/kasiraamat\/huubimisuuringud\/vii-faktor-p-fvii\/#breadcrumb"},"inLanguage":"et","potentialAction":[{"@type":"ReadAction","target":["https:\/\/www.kliinikum.ee\/yhendlabor\/kasiraamat\/huubimisuuringud\/vii-faktor-p-fvii\/"]}]},{"@type":"BreadcrumbList","@id":"https:\/\/www.kliinikum.ee\/yhendlabor\/kasiraamat\/huubimisuuringud\/vii-faktor-p-fvii\/#breadcrumb","itemListElement":[{"@type":"ListItem","position":1,"name":"Home","item":"https:\/\/www.kliinikum.ee\/yhendlabor\/"},{"@type":"ListItem","position":2,"name":"K\u00e4siraamat","item":"https:\/\/www.kliinikum.ee\/yhendlabor\/kasiraamat\/"},{"@type":"ListItem","position":3,"name":"H\u00fc\u00fcbimisuuringud","item":"https:\/\/www.kliinikum.ee\/yhendlabor\/kasiraamat\/huubimisuuringud\/"},{"@type":"ListItem","position":4,"name":"VII faktor (P-FVII)"}]},{"@type":"WebSite","@id":"https:\/\/www.kliinikum.ee\/yhendlabor\/#website","url":"https:\/\/www.kliinikum.ee\/yhendlabor\/","name":"\u00dchendlabor","description":"Hoolivus, Uuendusmeelsus, P\u00e4devus ja Usaldusv\u00e4\u00e4rsus","potentialAction":[{"@type":"SearchAction","target":{"@type":"EntryPoint","urlTemplate":"https:\/\/www.kliinikum.ee\/yhendlabor\/?s={search_term_string}"},"query-input":{"@type":"PropertyValueSpecification","valueRequired":true,"valueName":"search_term_string"}}],"inLanguage":"et"}]}},"uagb_featured_image_src":{"full":false,"thumbnail":false,"medium":false,"medium_large":false,"large":false,"1536x1536":false,"2048x2048":false},"uagb_author_info":{"display_name":"Kadi Siigur","author_link":"https:\/\/www.kliinikum.ee\/yhendlabor\/author\/kadisi\/"},"uagb_comment_info":0,"uagb_excerpt":"Kliinilise keemia ja laboratoorse hematoloogia osakond VII faktor on K-vitamiinist s\u00f5ltuv gl\u00fckoproteiin, mis s\u00fcnteesitakse maksas. FVII-l on keskne roll koagulatsioonikaskaadis. Ta aktiveerub, moodustades Ca-ioonide ja fosfolipiidide juuresolekul koefaktoriga (tissue factor, TF) kompleksi. See kompleks on potentsiaalne IX ja X faktori aktivaator. Faktor VII geen asub 13. kromosoomis (13q34). Uuritav materjal, selle v\u00f5tmine, saatmine ja s\u00e4ilitamine&hellip;","_links":{"self":[{"href":"https:\/\/www.kliinikum.ee\/yhendlabor\/wp-json\/wp\/v2\/pages\/13871","targetHints":{"allow":["GET"]}}],"collection":[{"href":"https:\/\/www.kliinikum.ee\/yhendlabor\/wp-json\/wp\/v2\/pages"}],"about":[{"href":"https:\/\/www.kliinikum.ee\/yhendlabor\/wp-json\/wp\/v2\/types\/page"}],"author":[{"embeddable":true,"href":"https:\/\/www.kliinikum.ee\/yhendlabor\/wp-json\/wp\/v2\/users\/38"}],"replies":[{"embeddable":true,"href":"https:\/\/www.kliinikum.ee\/yhendlabor\/wp-json\/wp\/v2\/comments?post=13871"}],"version-history":[{"count":0,"href":"https:\/\/www.kliinikum.ee\/yhendlabor\/wp-json\/wp\/v2\/pages\/13871\/revisions"}],"up":[{"embeddable":true,"href":"https:\/\/www.kliinikum.ee\/yhendlabor\/wp-json\/wp\/v2\/pages\/7274"}],"wp:attachment":[{"href":"https:\/\/www.kliinikum.ee\/yhendlabor\/wp-json\/wp\/v2\/media?parent=13871"}],"curies":[{"name":"wp","href":"https:\/\/api.w.org\/{rel}","templated":true}]}}