{"id":13878,"date":"2025-11-09T18:12:52","date_gmt":"2025-11-09T16:12:52","guid":{"rendered":"https:\/\/www.kliinikum.ee\/yhendlabor\/?page_id=13878"},"modified":"2025-11-09T18:12:57","modified_gmt":"2025-11-09T16:12:57","slug":"ix-faktor-p-fix","status":"publish","type":"page","link":"https:\/\/www.kliinikum.ee\/yhendlabor\/kasiraamat\/huubimisuuringud\/ix-faktor-p-fix\/","title":{"rendered":"IX faktor (P-FIX)"},"content":{"rendered":"\n<p><em>Kliinilise keemia ja laboratoorse hematoloogia osakond<\/em><\/p>\n\n\n\n<p><strong>IX faktor<\/strong> e <strong>antihemofiilne globuliin B<\/strong> on K-vitamiinist s\u00f5ltuv gl\u00fckoproteiin, mis s\u00fcnteesitakse maksas.<\/p>\n\n\n\n<p>FIX geen asub&nbsp; X-kromosoomis. On kirjeldatud \u00fcle 100 mutatsiooni FIX geenis, millest m\u00f5ned ei p\u00f5hjusta mingeid s\u00fcmptomeid, paljud aga viivad m\u00e4rkimisv\u00e4\u00e4rsele veritsusele.<\/p>\n\n\n\n<p class=\"has-medium-font-size\"><strong>Uuritav materjal, selle v\u00f5tmine, saatmine ja s\u00e4ilitamine<\/strong><\/p>\n\n\n\n<figure class=\"wp-block-table is-style-stripes\"><table width=\"100%\"><tbody><tr><td width=\"1%\"><\/td><td width=\"15%\"><strong>Katsuti<\/strong><\/td><td width=\"84%\">9NC-katsuti (helesinine kork)<\/td><\/tr><tr><td><\/td><td><strong>S\u00e4ilivus<\/strong><\/td><td>Plasma toatemperatuuril neli tundi, -20 \u00b0C\u00a0 15 p\u00e4eva, -80 \u00b0C \u00fcks kuu.<br>Plasma tuleb eraldada nelja tunni jooksul peale proovi v\u00f5tmist (tsentrifuugida 2000\u20132500 x g juures 15 min).<\/td><\/tr><\/tbody><\/table><\/figure>\n\n\n\n<p>Proovimaterjal hemostaasi uuringuteks v\u00f5etakse esimese katsutina (v.a juhul, kui v\u00f5etakse ka verek\u00fclv). Faktorite anal\u00fc\u00fcsiks v\u00f5etakse veri kahte katsutisse ja m\u00e4rgitakse katsutile proovin\u00f5ude j\u00e4rjekord vere v\u00f5tmisel.<\/p>\n\n\n\n<p>NB! Proovin\u00f5u peab olema t\u00e4itunud katsutil oleva m\u00e4rgini!<\/p>\n\n\n\n<p>Mistahes kliiniliste erijuhtude (nt hematokrit &gt; 0,55) puhul ja s\u00e4ilitamise\/saatmisega seotud k\u00fcsimuste korral tuleb n\u00f5u pidada laboriga.<\/p>\n\n\n\n<p class=\"has-medium-font-size\"><strong>Anal\u00fc\u00fcsi tegemise aeg: <\/strong>t\u00f6\u00f6p\u00e4eviti (tulemuse saamise aeg kahe n\u00e4dala jooksul)<\/p>\n\n\n\n<p class=\"has-medium-font-size\"><strong>Anal\u00fc\u00fcsimeetod: <\/strong>koagulomeetriline meetod<\/p>\n\n\n\n<p class=\"has-medium-font-size\"><strong>Referentsv\u00e4\u00e4rtused<\/strong><\/p>\n\n\n\n<figure class=\"wp-block-table\"><table width=\"100%\"><tbody><tr><td width=\"1%\"><\/td><td width=\"30%\"><strong>0 p \u2013 &lt; 3 p<\/strong><\/td><td width=\"69%\">35\u201356%<\/td><\/tr><tr><td><\/td><td><strong>3 p \u2013 &lt; 1 k<\/strong><\/td><td>44\u201397%<\/td><\/tr><tr><td><\/td><td><strong>1 k \u2013 &lt; 1 a<\/strong><\/td><td>43\u2013121%<\/td><\/tr><tr><td><\/td><td><strong>1 a \u2013 &lt; 6 a<\/strong><\/td><td>44\u2013127%<\/td><\/tr><tr><td><\/td><td><strong>6 a \u2013 &lt; 11 a<\/strong><\/td><td>48\u2013145%<\/td><\/tr><tr><td><\/td><td><strong>11 a \u2013 &lt; 18 a<\/strong><\/td><td>64\u2013216%<\/td><\/tr><tr><td><\/td><td><strong>\u2265 18 a<\/strong><\/td><td>60\u2013150%<\/td><\/tr><\/tbody><\/table><\/figure>\n\n\n\n<p class=\"has-medium-font-size\"><strong>N\u00e4idustus ja kliiniline t\u00e4hendus<\/strong><\/p>\n\n\n\n<p>Veritsuse p\u00f5hjuse v\u00e4ljaselgitamine. APTT aja pikenemise p\u00f5hjuse selgitamine. IX faktori defitsiidiga patsientide haiguskulu ja ravi j\u00e4lgimine.<\/p>\n\n\n\n<p>FIX defitsiit v\u00f5ib olla kaasas\u00fcndinud v\u00f5i omandatud.<\/p>\n\n\n\n<p>Kaasas\u00fcndinud FIX vaegus on&nbsp; hemofiilia B p\u00f5hjuseks. Haiguse raskus s\u00f5ltub FIX koagulantsest aktiivsusest: &lt; 1% \u2013 raske hemofiilia, 1\u20135% \u2013 m\u00f5\u00f5dukas hemofiilia, 5\u201325% \u2013 kerge hemofiilia.<\/p>\n\n\n\n<p>Omandatud defitsiit esineb antikoagulantravi (varfariin, otsesed suukaudsed antikoagulandid), vitamiin K absorptsiooni v\u00f5i metabolismi h\u00e4irete (malabsorptsioonis\u00fcndroom, pikaajaline antibiootikumravi), maksahaiguste (tsirroos, hepatiit), DIK-i korral.<\/p>\n\n\n\n<p>FIX tase on langenud ka FIX inhibiitorite olemasolu korral (2\u20133% hemofiilia B haigetest arenevad autoantikehad FIX vastu).<\/p>\n\n\n\n<p>Koostaja: Kaja Vaagen<br>Muudetud 08.08.2022<\/p>\n","protected":false},"excerpt":{"rendered":"<p>Kliinilise keemia ja laboratoorse hematoloogia osakond IX faktor e antihemofiilne globuliin B on K-vitamiinist s\u00f5ltuv gl\u00fckoproteiin, mis s\u00fcnteesitakse maksas. FIX geen asub&nbsp; X-kromosoomis. On kirjeldatud \u00fcle 100 mutatsiooni FIX geenis, millest m\u00f5ned ei p\u00f5hjusta mingeid s\u00fcmptomeid, paljud aga viivad m\u00e4rkimisv\u00e4\u00e4rsele veritsusele. Uuritav materjal, selle v\u00f5tmine, saatmine ja s\u00e4ilitamine Katsuti 9NC-katsuti (helesinine kork) S\u00e4ilivus Plasma toatemperatuuril [&hellip;]<\/p>\n","protected":false},"author":38,"featured_media":0,"parent":7274,"menu_order":0,"comment_status":"closed","ping_status":"closed","template":"","meta":{"_uag_custom_page_level_css":"","footnotes":""},"class_list":["post-13878","page","type-page","status-publish","hentry"],"acf":[],"yoast_head":"<!-- This site is optimized with the Yoast SEO plugin v27.3 - https:\/\/yoast.com\/product\/yoast-seo-wordpress\/ -->\n<title>IX faktor (P-FIX) - \u00dchendlabor<\/title>\n<meta name=\"robots\" content=\"index, follow, max-snippet:-1, max-image-preview:large, max-video-preview:-1\" \/>\n<link rel=\"canonical\" href=\"https:\/\/www.kliinikum.ee\/yhendlabor\/kasiraamat\/huubimisuuringud\/ix-faktor-p-fix\/\" \/>\n<meta property=\"og:locale\" content=\"et_EE\" \/>\n<meta property=\"og:type\" content=\"article\" \/>\n<meta property=\"og:title\" content=\"IX faktor (P-FIX) - \u00dchendlabor\" \/>\n<meta property=\"og:description\" content=\"Kliinilise keemia ja laboratoorse hematoloogia osakond IX faktor e antihemofiilne globuliin B on K-vitamiinist s\u00f5ltuv gl\u00fckoproteiin, mis s\u00fcnteesitakse maksas. FIX geen asub&nbsp; X-kromosoomis. On kirjeldatud \u00fcle 100 mutatsiooni FIX geenis, millest m\u00f5ned ei p\u00f5hjusta mingeid s\u00fcmptomeid, paljud aga viivad m\u00e4rkimisv\u00e4\u00e4rsele veritsusele. Uuritav materjal, selle v\u00f5tmine, saatmine ja s\u00e4ilitamine Katsuti 9NC-katsuti (helesinine kork) S\u00e4ilivus Plasma toatemperatuuril [&hellip;]\" \/>\n<meta property=\"og:url\" content=\"https:\/\/www.kliinikum.ee\/yhendlabor\/kasiraamat\/huubimisuuringud\/ix-faktor-p-fix\/\" \/>\n<meta property=\"og:site_name\" content=\"\u00dchendlabor\" \/>\n<meta property=\"article:modified_time\" content=\"2025-11-09T16:12:57+00:00\" \/>\n<meta name=\"twitter:card\" content=\"summary_large_image\" \/>\n<meta name=\"twitter:label1\" content=\"Est. reading time\" \/>\n\t<meta name=\"twitter:data1\" content=\"2 minutit\" \/>\n<script type=\"application\/ld+json\" class=\"yoast-schema-graph\">{\"@context\":\"https:\\\/\\\/schema.org\",\"@graph\":[{\"@type\":\"WebPage\",\"@id\":\"https:\\\/\\\/www.kliinikum.ee\\\/yhendlabor\\\/kasiraamat\\\/huubimisuuringud\\\/ix-faktor-p-fix\\\/\",\"url\":\"https:\\\/\\\/www.kliinikum.ee\\\/yhendlabor\\\/kasiraamat\\\/huubimisuuringud\\\/ix-faktor-p-fix\\\/\",\"name\":\"IX faktor (P-FIX) - \u00dchendlabor\",\"isPartOf\":{\"@id\":\"https:\\\/\\\/www.kliinikum.ee\\\/yhendlabor\\\/#website\"},\"datePublished\":\"2025-11-09T16:12:52+00:00\",\"dateModified\":\"2025-11-09T16:12:57+00:00\",\"breadcrumb\":{\"@id\":\"https:\\\/\\\/www.kliinikum.ee\\\/yhendlabor\\\/kasiraamat\\\/huubimisuuringud\\\/ix-faktor-p-fix\\\/#breadcrumb\"},\"inLanguage\":\"et\",\"potentialAction\":[{\"@type\":\"ReadAction\",\"target\":[\"https:\\\/\\\/www.kliinikum.ee\\\/yhendlabor\\\/kasiraamat\\\/huubimisuuringud\\\/ix-faktor-p-fix\\\/\"]}]},{\"@type\":\"BreadcrumbList\",\"@id\":\"https:\\\/\\\/www.kliinikum.ee\\\/yhendlabor\\\/kasiraamat\\\/huubimisuuringud\\\/ix-faktor-p-fix\\\/#breadcrumb\",\"itemListElement\":[{\"@type\":\"ListItem\",\"position\":1,\"name\":\"Home\",\"item\":\"https:\\\/\\\/www.kliinikum.ee\\\/yhendlabor\\\/\"},{\"@type\":\"ListItem\",\"position\":2,\"name\":\"K\u00e4siraamat\",\"item\":\"https:\\\/\\\/www.kliinikum.ee\\\/yhendlabor\\\/kasiraamat\\\/\"},{\"@type\":\"ListItem\",\"position\":3,\"name\":\"H\u00fc\u00fcbimisuuringud\",\"item\":\"https:\\\/\\\/www.kliinikum.ee\\\/yhendlabor\\\/kasiraamat\\\/huubimisuuringud\\\/\"},{\"@type\":\"ListItem\",\"position\":4,\"name\":\"IX faktor (P-FIX)\"}]},{\"@type\":\"WebSite\",\"@id\":\"https:\\\/\\\/www.kliinikum.ee\\\/yhendlabor\\\/#website\",\"url\":\"https:\\\/\\\/www.kliinikum.ee\\\/yhendlabor\\\/\",\"name\":\"\u00dchendlabor\",\"description\":\"Hoolivus, Uuendusmeelsus, P\u00e4devus ja Usaldusv\u00e4\u00e4rsus\",\"potentialAction\":[{\"@type\":\"SearchAction\",\"target\":{\"@type\":\"EntryPoint\",\"urlTemplate\":\"https:\\\/\\\/www.kliinikum.ee\\\/yhendlabor\\\/?s={search_term_string}\"},\"query-input\":{\"@type\":\"PropertyValueSpecification\",\"valueRequired\":true,\"valueName\":\"search_term_string\"}}],\"inLanguage\":\"et\"}]}<\/script>\n<!-- \/ Yoast SEO plugin. -->","yoast_head_json":{"title":"IX faktor (P-FIX) - \u00dchendlabor","robots":{"index":"index","follow":"follow","max-snippet":"max-snippet:-1","max-image-preview":"max-image-preview:large","max-video-preview":"max-video-preview:-1"},"canonical":"https:\/\/www.kliinikum.ee\/yhendlabor\/kasiraamat\/huubimisuuringud\/ix-faktor-p-fix\/","og_locale":"et_EE","og_type":"article","og_title":"IX faktor (P-FIX) - \u00dchendlabor","og_description":"Kliinilise keemia ja laboratoorse hematoloogia osakond IX faktor e antihemofiilne globuliin B on K-vitamiinist s\u00f5ltuv gl\u00fckoproteiin, mis s\u00fcnteesitakse maksas. FIX geen asub&nbsp; X-kromosoomis. On kirjeldatud \u00fcle 100 mutatsiooni FIX geenis, millest m\u00f5ned ei p\u00f5hjusta mingeid s\u00fcmptomeid, paljud aga viivad m\u00e4rkimisv\u00e4\u00e4rsele veritsusele. Uuritav materjal, selle v\u00f5tmine, saatmine ja s\u00e4ilitamine Katsuti 9NC-katsuti (helesinine kork) S\u00e4ilivus Plasma toatemperatuuril [&hellip;]","og_url":"https:\/\/www.kliinikum.ee\/yhendlabor\/kasiraamat\/huubimisuuringud\/ix-faktor-p-fix\/","og_site_name":"\u00dchendlabor","article_modified_time":"2025-11-09T16:12:57+00:00","twitter_card":"summary_large_image","twitter_misc":{"Est. reading time":"2 minutit"},"schema":{"@context":"https:\/\/schema.org","@graph":[{"@type":"WebPage","@id":"https:\/\/www.kliinikum.ee\/yhendlabor\/kasiraamat\/huubimisuuringud\/ix-faktor-p-fix\/","url":"https:\/\/www.kliinikum.ee\/yhendlabor\/kasiraamat\/huubimisuuringud\/ix-faktor-p-fix\/","name":"IX faktor (P-FIX) - \u00dchendlabor","isPartOf":{"@id":"https:\/\/www.kliinikum.ee\/yhendlabor\/#website"},"datePublished":"2025-11-09T16:12:52+00:00","dateModified":"2025-11-09T16:12:57+00:00","breadcrumb":{"@id":"https:\/\/www.kliinikum.ee\/yhendlabor\/kasiraamat\/huubimisuuringud\/ix-faktor-p-fix\/#breadcrumb"},"inLanguage":"et","potentialAction":[{"@type":"ReadAction","target":["https:\/\/www.kliinikum.ee\/yhendlabor\/kasiraamat\/huubimisuuringud\/ix-faktor-p-fix\/"]}]},{"@type":"BreadcrumbList","@id":"https:\/\/www.kliinikum.ee\/yhendlabor\/kasiraamat\/huubimisuuringud\/ix-faktor-p-fix\/#breadcrumb","itemListElement":[{"@type":"ListItem","position":1,"name":"Home","item":"https:\/\/www.kliinikum.ee\/yhendlabor\/"},{"@type":"ListItem","position":2,"name":"K\u00e4siraamat","item":"https:\/\/www.kliinikum.ee\/yhendlabor\/kasiraamat\/"},{"@type":"ListItem","position":3,"name":"H\u00fc\u00fcbimisuuringud","item":"https:\/\/www.kliinikum.ee\/yhendlabor\/kasiraamat\/huubimisuuringud\/"},{"@type":"ListItem","position":4,"name":"IX faktor (P-FIX)"}]},{"@type":"WebSite","@id":"https:\/\/www.kliinikum.ee\/yhendlabor\/#website","url":"https:\/\/www.kliinikum.ee\/yhendlabor\/","name":"\u00dchendlabor","description":"Hoolivus, Uuendusmeelsus, P\u00e4devus ja Usaldusv\u00e4\u00e4rsus","potentialAction":[{"@type":"SearchAction","target":{"@type":"EntryPoint","urlTemplate":"https:\/\/www.kliinikum.ee\/yhendlabor\/?s={search_term_string}"},"query-input":{"@type":"PropertyValueSpecification","valueRequired":true,"valueName":"search_term_string"}}],"inLanguage":"et"}]}},"uagb_featured_image_src":{"full":false,"thumbnail":false,"medium":false,"medium_large":false,"large":false,"1536x1536":false,"2048x2048":false},"uagb_author_info":{"display_name":"Kadi Siigur","author_link":"https:\/\/www.kliinikum.ee\/yhendlabor\/author\/kadisi\/"},"uagb_comment_info":0,"uagb_excerpt":"Kliinilise keemia ja laboratoorse hematoloogia osakond IX faktor e antihemofiilne globuliin B on K-vitamiinist s\u00f5ltuv gl\u00fckoproteiin, mis s\u00fcnteesitakse maksas. FIX geen asub&nbsp; X-kromosoomis. On kirjeldatud \u00fcle 100 mutatsiooni FIX geenis, millest m\u00f5ned ei p\u00f5hjusta mingeid s\u00fcmptomeid, paljud aga viivad m\u00e4rkimisv\u00e4\u00e4rsele veritsusele. Uuritav materjal, selle v\u00f5tmine, saatmine ja s\u00e4ilitamine Katsuti 9NC-katsuti (helesinine kork) S\u00e4ilivus Plasma toatemperatuuril&hellip;","_links":{"self":[{"href":"https:\/\/www.kliinikum.ee\/yhendlabor\/wp-json\/wp\/v2\/pages\/13878","targetHints":{"allow":["GET"]}}],"collection":[{"href":"https:\/\/www.kliinikum.ee\/yhendlabor\/wp-json\/wp\/v2\/pages"}],"about":[{"href":"https:\/\/www.kliinikum.ee\/yhendlabor\/wp-json\/wp\/v2\/types\/page"}],"author":[{"embeddable":true,"href":"https:\/\/www.kliinikum.ee\/yhendlabor\/wp-json\/wp\/v2\/users\/38"}],"replies":[{"embeddable":true,"href":"https:\/\/www.kliinikum.ee\/yhendlabor\/wp-json\/wp\/v2\/comments?post=13878"}],"version-history":[{"count":0,"href":"https:\/\/www.kliinikum.ee\/yhendlabor\/wp-json\/wp\/v2\/pages\/13878\/revisions"}],"up":[{"embeddable":true,"href":"https:\/\/www.kliinikum.ee\/yhendlabor\/wp-json\/wp\/v2\/pages\/7274"}],"wp:attachment":[{"href":"https:\/\/www.kliinikum.ee\/yhendlabor\/wp-json\/wp\/v2\/media?parent=13878"}],"curies":[{"name":"wp","href":"https:\/\/api.w.org\/{rel}","templated":true}]}}