{"id":13882,"date":"2025-11-09T18:18:28","date_gmt":"2025-11-09T16:18:28","guid":{"rendered":"https:\/\/www.kliinikum.ee\/yhendlabor\/?page_id=13882"},"modified":"2025-11-09T18:19:51","modified_gmt":"2025-11-09T16:19:51","slug":"xi-faktor-p-fxi","status":"publish","type":"page","link":"https:\/\/www.kliinikum.ee\/yhendlabor\/kasiraamat\/huubimisuuringud\/xi-faktor-p-fxi\/","title":{"rendered":"XI faktor (P-FXI)"},"content":{"rendered":"\n<p><em>Kliinilise keemia ja laboratoorse hematoloogia osakond<\/em><\/p>\n\n\n\n<p><strong>XI faktor<\/strong> s\u00fcnteesitakse maksas ja see tsirkuleerib veres inaktiivse vormina. FXI on seotud h\u00fc\u00fcbimise sisemise teega. Plasmas esineb kompleksis HMWK-ga (k\u00f5rgmolekulaarne kininogeen). Kaltsiumiioonide juuresolekul aktiveerib FXIa \u00fcheksandat h\u00fc\u00fcbimisfaktorit (FIX).<\/p>\n\n\n\n<p>FXI geen asub 4. kromosoomis. Selles on kirjeldatud \u00fcle 180 mutatsiooni, mis p\u00f5hjustavad h\u00e4ireid FXI s\u00fcnteesis. FXI defitsiit p\u00f5hjustab C hemofiiliat, autosom-retsessiivset veritsushaigust, mida iseloomustavad erinevad veritsusepisoodid. Sagedamini esineb see haigus a\u0161kenazi juutidel.<\/p>\n\n\n\n<p class=\"has-medium-font-size\"><strong>Uuritav materjal, selle v\u00f5tmine, saatmine ja s\u00e4ilitamine<\/strong><\/p>\n\n\n\n<figure class=\"wp-block-table is-style-stripes\"><table width=\"100%\"><tbody><tr><td width=\"1%\"><\/td><td width=\"15%\"><strong>Katsuti<\/strong><\/td><td width=\"84%\">9NC-katsuti (helesinine kork)<\/td><\/tr><tr><td><\/td><td><strong>S\u00e4ilivus<\/strong><\/td><td>Plasma toatemperatuuril neli tundi, -20 \u00b0C juures 15 p\u00e4eva Plasma tuleb eraldada nelja tunni jooksul peale proovi v\u00f5tmist (tsentrifuugida 2000\u20132500 x g juures 15 min).<\/td><\/tr><\/tbody><\/table><\/figure>\n\n\n\n<p>Proovimaterjal hemostaasi uuringuteks v\u00f5etakse esimese katsutina (v.a juhul kui v\u00f5etakse ka verek\u00fclv).<\/p>\n\n\n\n<p>NB! Proovin\u00f5u peab olema t\u00e4itunud katsutil oleva m\u00e4rgini!<\/p>\n\n\n\n<p>Mistahes kliiniliste erijuhtude (nt hematokrit &gt; 0,55) puhul ja s\u00e4ilitamise\/saatmisega seotud k\u00fcsimuste korral tuleb n\u00f5u pidada laboriga.<\/p>\n\n\n\n<p class=\"has-medium-font-size\"><strong>Anal\u00fc\u00fcsi tegemise aeg: <\/strong>t\u00f6\u00f6p\u00e4eviti (tulemuse saamise aeg kahe n\u00e4dala jooksul)<\/p>\n\n\n\n<p class=\"has-medium-font-size\"><strong>Anal\u00fc\u00fcsimeetod: <\/strong>koagulomeetriline meetod<\/p>\n\n\n\n<p class=\"has-medium-font-size\"><strong>Referentsv\u00e4\u00e4rtused<\/strong><\/p>\n\n\n\n<figure class=\"wp-block-table\"><table width=\"100%\"><tbody><tr><td width=\"1%\"><\/td><td width=\"30%\"><strong>0 p \u2013 &lt; 3 p<\/strong><\/td><td width=\"69%\">7\u201341%<\/td><\/tr><tr><td><\/td><td><strong>3 p \u2013 &lt; 1 k<\/strong><\/td><td>24\u201379%<\/td><\/tr><tr><td><\/td><td><strong>1 k \u2013 &lt; 1 a<\/strong><\/td><td>62\u2013125%<\/td><\/tr><tr><td><\/td><td><strong>1 a \u2013 &lt; 6 a<\/strong><\/td><td>65\u2013162%<\/td><\/tr><tr><td><\/td><td><strong>6 a \u2013 &lt; 11 a<\/strong><\/td><td>65<strong>\u2013<\/strong>162%<\/td><\/tr><tr><td><\/td><td><strong>11 a \u2013 &lt; 18 a<\/strong><\/td><td>65\u2013139%<\/td><\/tr><tr><td><\/td><td><strong>\u2265 18 a<\/strong><\/td><td>60\u2013150%<\/td><\/tr><\/tbody><\/table><\/figure>\n\n\n\n<p>Vasts\u00fcndinutel on tase 30\u201350% t\u00e4iskasvanu v\u00e4\u00e4rtusest.<\/p>\n\n\n\n<p class=\"has-medium-font-size\"><strong>N\u00e4idustus ja kliiniline t\u00e4hendus<\/strong><\/p>\n\n\n\n<p>Veritsuse, pikenenud APTT p\u00f5hjuse selgitamine. FXI defitsiidi diagnoosimine ja ravi seire.<\/p>\n\n\n\n<p>FXI defitsiidi korral ei ole veritsusrisk korrelatsioonis FXI tasemega. Veritsus v\u00f5ib olla erineva raskusastmega. Veritsused v\u00f5ivad tekkida peale operatsioone ja traumat. FXI defitsiidiga isikutel tavaliselt spontaanseid veritsusi ning lihase- ja liigesesiseseid veritsusi ei esine. Raske FXI defitsiidi korral v\u00f5ivad tekkida ka FXI inhibiitorid (s\u00f5ltuvalt ravivalikust).<\/p>\n\n\n\n<p>V\u00e4ga harvadel juhtudel v\u00f5ib esineda ka omandatud FXI defitsiiti.<\/p>\n\n\n\n<p>Koostaja: Kaja Vaagen<br>Muudetud 25.11.2022<\/p>\n","protected":false},"excerpt":{"rendered":"<p>Kliinilise keemia ja laboratoorse hematoloogia osakond XI faktor s\u00fcnteesitakse maksas ja see tsirkuleerib veres inaktiivse vormina. FXI on seotud h\u00fc\u00fcbimise sisemise teega. Plasmas esineb kompleksis HMWK-ga (k\u00f5rgmolekulaarne kininogeen). Kaltsiumiioonide juuresolekul aktiveerib FXIa \u00fcheksandat h\u00fc\u00fcbimisfaktorit (FIX). FXI geen asub 4. kromosoomis. Selles on kirjeldatud \u00fcle 180 mutatsiooni, mis p\u00f5hjustavad h\u00e4ireid FXI s\u00fcnteesis. FXI defitsiit p\u00f5hjustab C [&hellip;]<\/p>\n","protected":false},"author":38,"featured_media":0,"parent":7274,"menu_order":0,"comment_status":"closed","ping_status":"closed","template":"","meta":{"_uag_custom_page_level_css":"","footnotes":""},"class_list":["post-13882","page","type-page","status-publish","hentry"],"acf":[],"yoast_head":"<!-- This site is optimized with the Yoast SEO plugin v27.3 - https:\/\/yoast.com\/product\/yoast-seo-wordpress\/ -->\n<title>XI faktor (P-FXI) - \u00dchendlabor<\/title>\n<meta name=\"robots\" content=\"index, follow, max-snippet:-1, max-image-preview:large, max-video-preview:-1\" \/>\n<link rel=\"canonical\" href=\"https:\/\/www.kliinikum.ee\/yhendlabor\/kasiraamat\/huubimisuuringud\/xi-faktor-p-fxi\/\" \/>\n<meta property=\"og:locale\" content=\"et_EE\" \/>\n<meta property=\"og:type\" content=\"article\" \/>\n<meta property=\"og:title\" content=\"XI faktor (P-FXI) - \u00dchendlabor\" \/>\n<meta property=\"og:description\" content=\"Kliinilise keemia ja laboratoorse hematoloogia osakond XI faktor s\u00fcnteesitakse maksas ja see tsirkuleerib veres inaktiivse vormina. FXI on seotud h\u00fc\u00fcbimise sisemise teega. Plasmas esineb kompleksis HMWK-ga (k\u00f5rgmolekulaarne kininogeen). Kaltsiumiioonide juuresolekul aktiveerib FXIa \u00fcheksandat h\u00fc\u00fcbimisfaktorit (FIX). FXI geen asub 4. kromosoomis. Selles on kirjeldatud \u00fcle 180 mutatsiooni, mis p\u00f5hjustavad h\u00e4ireid FXI s\u00fcnteesis. FXI defitsiit p\u00f5hjustab C [&hellip;]\" \/>\n<meta property=\"og:url\" content=\"https:\/\/www.kliinikum.ee\/yhendlabor\/kasiraamat\/huubimisuuringud\/xi-faktor-p-fxi\/\" \/>\n<meta property=\"og:site_name\" content=\"\u00dchendlabor\" \/>\n<meta property=\"article:modified_time\" content=\"2025-11-09T16:19:51+00:00\" \/>\n<meta name=\"twitter:card\" content=\"summary_large_image\" \/>\n<meta name=\"twitter:label1\" content=\"Est. reading time\" \/>\n\t<meta name=\"twitter:data1\" content=\"2 minutit\" \/>\n<script type=\"application\/ld+json\" class=\"yoast-schema-graph\">{\"@context\":\"https:\\\/\\\/schema.org\",\"@graph\":[{\"@type\":\"WebPage\",\"@id\":\"https:\\\/\\\/www.kliinikum.ee\\\/yhendlabor\\\/kasiraamat\\\/huubimisuuringud\\\/xi-faktor-p-fxi\\\/\",\"url\":\"https:\\\/\\\/www.kliinikum.ee\\\/yhendlabor\\\/kasiraamat\\\/huubimisuuringud\\\/xi-faktor-p-fxi\\\/\",\"name\":\"XI faktor (P-FXI) - \u00dchendlabor\",\"isPartOf\":{\"@id\":\"https:\\\/\\\/www.kliinikum.ee\\\/yhendlabor\\\/#website\"},\"datePublished\":\"2025-11-09T16:18:28+00:00\",\"dateModified\":\"2025-11-09T16:19:51+00:00\",\"breadcrumb\":{\"@id\":\"https:\\\/\\\/www.kliinikum.ee\\\/yhendlabor\\\/kasiraamat\\\/huubimisuuringud\\\/xi-faktor-p-fxi\\\/#breadcrumb\"},\"inLanguage\":\"et\",\"potentialAction\":[{\"@type\":\"ReadAction\",\"target\":[\"https:\\\/\\\/www.kliinikum.ee\\\/yhendlabor\\\/kasiraamat\\\/huubimisuuringud\\\/xi-faktor-p-fxi\\\/\"]}]},{\"@type\":\"BreadcrumbList\",\"@id\":\"https:\\\/\\\/www.kliinikum.ee\\\/yhendlabor\\\/kasiraamat\\\/huubimisuuringud\\\/xi-faktor-p-fxi\\\/#breadcrumb\",\"itemListElement\":[{\"@type\":\"ListItem\",\"position\":1,\"name\":\"Home\",\"item\":\"https:\\\/\\\/www.kliinikum.ee\\\/yhendlabor\\\/\"},{\"@type\":\"ListItem\",\"position\":2,\"name\":\"K\u00e4siraamat\",\"item\":\"https:\\\/\\\/www.kliinikum.ee\\\/yhendlabor\\\/kasiraamat\\\/\"},{\"@type\":\"ListItem\",\"position\":3,\"name\":\"H\u00fc\u00fcbimisuuringud\",\"item\":\"https:\\\/\\\/www.kliinikum.ee\\\/yhendlabor\\\/kasiraamat\\\/huubimisuuringud\\\/\"},{\"@type\":\"ListItem\",\"position\":4,\"name\":\"XI faktor (P-FXI)\"}]},{\"@type\":\"WebSite\",\"@id\":\"https:\\\/\\\/www.kliinikum.ee\\\/yhendlabor\\\/#website\",\"url\":\"https:\\\/\\\/www.kliinikum.ee\\\/yhendlabor\\\/\",\"name\":\"\u00dchendlabor\",\"description\":\"Hoolivus, Uuendusmeelsus, P\u00e4devus ja Usaldusv\u00e4\u00e4rsus\",\"potentialAction\":[{\"@type\":\"SearchAction\",\"target\":{\"@type\":\"EntryPoint\",\"urlTemplate\":\"https:\\\/\\\/www.kliinikum.ee\\\/yhendlabor\\\/?s={search_term_string}\"},\"query-input\":{\"@type\":\"PropertyValueSpecification\",\"valueRequired\":true,\"valueName\":\"search_term_string\"}}],\"inLanguage\":\"et\"}]}<\/script>\n<!-- \/ Yoast SEO plugin. -->","yoast_head_json":{"title":"XI faktor (P-FXI) - \u00dchendlabor","robots":{"index":"index","follow":"follow","max-snippet":"max-snippet:-1","max-image-preview":"max-image-preview:large","max-video-preview":"max-video-preview:-1"},"canonical":"https:\/\/www.kliinikum.ee\/yhendlabor\/kasiraamat\/huubimisuuringud\/xi-faktor-p-fxi\/","og_locale":"et_EE","og_type":"article","og_title":"XI faktor (P-FXI) - \u00dchendlabor","og_description":"Kliinilise keemia ja laboratoorse hematoloogia osakond XI faktor s\u00fcnteesitakse maksas ja see tsirkuleerib veres inaktiivse vormina. FXI on seotud h\u00fc\u00fcbimise sisemise teega. Plasmas esineb kompleksis HMWK-ga (k\u00f5rgmolekulaarne kininogeen). Kaltsiumiioonide juuresolekul aktiveerib FXIa \u00fcheksandat h\u00fc\u00fcbimisfaktorit (FIX). FXI geen asub 4. kromosoomis. Selles on kirjeldatud \u00fcle 180 mutatsiooni, mis p\u00f5hjustavad h\u00e4ireid FXI s\u00fcnteesis. FXI defitsiit p\u00f5hjustab C [&hellip;]","og_url":"https:\/\/www.kliinikum.ee\/yhendlabor\/kasiraamat\/huubimisuuringud\/xi-faktor-p-fxi\/","og_site_name":"\u00dchendlabor","article_modified_time":"2025-11-09T16:19:51+00:00","twitter_card":"summary_large_image","twitter_misc":{"Est. reading time":"2 minutit"},"schema":{"@context":"https:\/\/schema.org","@graph":[{"@type":"WebPage","@id":"https:\/\/www.kliinikum.ee\/yhendlabor\/kasiraamat\/huubimisuuringud\/xi-faktor-p-fxi\/","url":"https:\/\/www.kliinikum.ee\/yhendlabor\/kasiraamat\/huubimisuuringud\/xi-faktor-p-fxi\/","name":"XI faktor (P-FXI) - \u00dchendlabor","isPartOf":{"@id":"https:\/\/www.kliinikum.ee\/yhendlabor\/#website"},"datePublished":"2025-11-09T16:18:28+00:00","dateModified":"2025-11-09T16:19:51+00:00","breadcrumb":{"@id":"https:\/\/www.kliinikum.ee\/yhendlabor\/kasiraamat\/huubimisuuringud\/xi-faktor-p-fxi\/#breadcrumb"},"inLanguage":"et","potentialAction":[{"@type":"ReadAction","target":["https:\/\/www.kliinikum.ee\/yhendlabor\/kasiraamat\/huubimisuuringud\/xi-faktor-p-fxi\/"]}]},{"@type":"BreadcrumbList","@id":"https:\/\/www.kliinikum.ee\/yhendlabor\/kasiraamat\/huubimisuuringud\/xi-faktor-p-fxi\/#breadcrumb","itemListElement":[{"@type":"ListItem","position":1,"name":"Home","item":"https:\/\/www.kliinikum.ee\/yhendlabor\/"},{"@type":"ListItem","position":2,"name":"K\u00e4siraamat","item":"https:\/\/www.kliinikum.ee\/yhendlabor\/kasiraamat\/"},{"@type":"ListItem","position":3,"name":"H\u00fc\u00fcbimisuuringud","item":"https:\/\/www.kliinikum.ee\/yhendlabor\/kasiraamat\/huubimisuuringud\/"},{"@type":"ListItem","position":4,"name":"XI faktor (P-FXI)"}]},{"@type":"WebSite","@id":"https:\/\/www.kliinikum.ee\/yhendlabor\/#website","url":"https:\/\/www.kliinikum.ee\/yhendlabor\/","name":"\u00dchendlabor","description":"Hoolivus, Uuendusmeelsus, P\u00e4devus ja Usaldusv\u00e4\u00e4rsus","potentialAction":[{"@type":"SearchAction","target":{"@type":"EntryPoint","urlTemplate":"https:\/\/www.kliinikum.ee\/yhendlabor\/?s={search_term_string}"},"query-input":{"@type":"PropertyValueSpecification","valueRequired":true,"valueName":"search_term_string"}}],"inLanguage":"et"}]}},"uagb_featured_image_src":{"full":false,"thumbnail":false,"medium":false,"medium_large":false,"large":false,"1536x1536":false,"2048x2048":false},"uagb_author_info":{"display_name":"Kadi Siigur","author_link":"https:\/\/www.kliinikum.ee\/yhendlabor\/author\/kadisi\/"},"uagb_comment_info":0,"uagb_excerpt":"Kliinilise keemia ja laboratoorse hematoloogia osakond XI faktor s\u00fcnteesitakse maksas ja see tsirkuleerib veres inaktiivse vormina. FXI on seotud h\u00fc\u00fcbimise sisemise teega. Plasmas esineb kompleksis HMWK-ga (k\u00f5rgmolekulaarne kininogeen). Kaltsiumiioonide juuresolekul aktiveerib FXIa \u00fcheksandat h\u00fc\u00fcbimisfaktorit (FIX). FXI geen asub 4. kromosoomis. Selles on kirjeldatud \u00fcle 180 mutatsiooni, mis p\u00f5hjustavad h\u00e4ireid FXI s\u00fcnteesis. FXI defitsiit p\u00f5hjustab C&hellip;","_links":{"self":[{"href":"https:\/\/www.kliinikum.ee\/yhendlabor\/wp-json\/wp\/v2\/pages\/13882","targetHints":{"allow":["GET"]}}],"collection":[{"href":"https:\/\/www.kliinikum.ee\/yhendlabor\/wp-json\/wp\/v2\/pages"}],"about":[{"href":"https:\/\/www.kliinikum.ee\/yhendlabor\/wp-json\/wp\/v2\/types\/page"}],"author":[{"embeddable":true,"href":"https:\/\/www.kliinikum.ee\/yhendlabor\/wp-json\/wp\/v2\/users\/38"}],"replies":[{"embeddable":true,"href":"https:\/\/www.kliinikum.ee\/yhendlabor\/wp-json\/wp\/v2\/comments?post=13882"}],"version-history":[{"count":0,"href":"https:\/\/www.kliinikum.ee\/yhendlabor\/wp-json\/wp\/v2\/pages\/13882\/revisions"}],"up":[{"embeddable":true,"href":"https:\/\/www.kliinikum.ee\/yhendlabor\/wp-json\/wp\/v2\/pages\/7274"}],"wp:attachment":[{"href":"https:\/\/www.kliinikum.ee\/yhendlabor\/wp-json\/wp\/v2\/media?parent=13882"}],"curies":[{"name":"wp","href":"https:\/\/api.w.org\/{rel}","templated":true}]}}