{"id":13885,"date":"2025-11-09T18:26:58","date_gmt":"2025-11-09T16:26:58","guid":{"rendered":"https:\/\/www.kliinikum.ee\/yhendlabor\/?page_id=13885"},"modified":"2025-11-09T18:32:36","modified_gmt":"2025-11-09T16:32:36","slug":"huubimisfaktorite-inhibiitorite-soeluuring-aptt-mix-11-huubimisfaktorite-inhibiitorite-soeluuring-pt-mix-11","status":"publish","type":"page","link":"https:\/\/www.kliinikum.ee\/yhendlabor\/kasiraamat\/huubimisuuringud\/huubimisfaktorite-inhibiitorite-soeluuring-aptt-mix-11-huubimisfaktorite-inhibiitorite-soeluuring-pt-mix-11\/","title":{"rendered":"H\u00fc\u00fcbimisfaktorite inhibiitorite s\u00f5eluuring (APTT mix 1:1) . H\u00fc\u00fcbimisfaktorite inhibiitorite s\u00f5eluuring (PT mix 1:1) \u00a0"},"content":{"rendered":"\n<p><em>Kliinilise keemia ja laboratoorse hematoloogia osakond<\/em><\/p>\n\n\n\n<p><strong>Aktiveeritud osalise tromboplastiini aja (APTT)<\/strong> v\u00f5i <strong>protrombiini aja (PT)<\/strong> pikenemise p\u00f5hjuseks on (tingimusel, et on v\u00e4listatud hepariini jt antikoagulantide olemasolu proovis) kas<\/p>\n\n\n\n<ul class=\"wp-block-list\">\n<li>h\u00fc\u00fcbimisfaktorite defitsiit,<\/li>\n\n\n\n<li>h\u00fc\u00fcbimisfaktorite spetsiifilised inhibiitorid,<\/li>\n\n\n\n<li>mittespetsiifilised (luupust\u00fc\u00fcpi) antikoagulandid.<\/li>\n<\/ul>\n\n\n\n<p>H\u00fc\u00fcbimisfaktorite inhibiitorite s\u00f5eluuring teostatakse APTT v\u00f5i PT pikenemise p\u00f5hjuste v\u00e4ljaselgitamiseks.<\/p>\n\n\n\n<p>M\u00e4\u00e4ratakse APTT v\u00f5i PT uuritavas plasmas ning seej\u00e4rel uuritava plasma ja normaalplasma segus (vahekord 1:1) \u2013 APTT segutest 1:1 v\u00f5i PT segutest 1:1.<\/p>\n\n\n\n<p>APTT segutesti puhul m\u00e4\u00e4ratakse uuritava plasma ja normaalplasma segu APTT lisaks 0 minutile ka peale 120 minutilist inkubeerimist 37 \u00baC juures, sest VIII faktori inhibiitorid on tundlikud toimimisaja ja temperatuuri suhtes.<\/p>\n\n\n\n<p>APTT segutest v\u00f5imaldab hinnata sisemise (FXII, FXI, FIX, FVIII) ja \u00fchise tee faktorite (FX, FV, FII, FI) inhibiitorite olemasolu.<\/p>\n\n\n\n<p>Minimaalselt pikenenud APTT-ga proovi testimine v\u00f5ib anda eksitavaid tulemusi, seet\u00f5ttu on otstarbekas teha anal\u00fc\u00fcs vaid juhul, kui uuritava plasma APTT on referentsv\u00e4\u00e4rtusega v\u00f5rreldes pikenenud \u00fcle 5 sekundi.<\/p>\n\n\n\n<p>PT segutest v\u00f5imaldab hinnata v\u00e4lise (FVII) ja \u00fchise tee faktorite (FX, FII) inhibiitorite olemasolu.<\/p>\n\n\n\n<p>FX ja FII patoloogiat v\u00f5ib kahtlustada eesk\u00e4tt siis, kui nii APTT kui PT ajad on pikenenud ja normaliseerumist ei toimu ei APPT ega PT segutestiga.<\/p>\n\n\n\n<p class=\"has-medium-font-size\"><strong>Uuritav materjal, selle v\u00f5tmine, saatmine ja s\u00e4ilitamine<\/strong><\/p>\n\n\n\n<p><em>Uuringu tegemine antikoagulantravi foonil ei ole n\u00e4idustatud!<\/em><\/p>\n\n\n\n<figure class=\"wp-block-table is-style-stripes\"><table width=\"100%\"><tbody><tr><td width=\"1%\"><\/td><td width=\"15%\"><strong>Katsuti<\/strong><\/td><td width=\"84%\">9NC-katsuti (helesinine kork)<\/td><\/tr><tr><td><\/td><td><strong>S\u00e4ilivus<\/strong><\/td><td>Veri ja plasma toatemperatuuril neli tundi, plasma -20 \u00baC pikemat aega. <br>Plasma tuleb eraldada nelja tunni jooksul peale proovi v\u00f5tmist (tsentrifuugida 2000\u20132500 x g juures 15 min).<\/td><\/tr><\/tbody><\/table><\/figure>\n\n\n\n<p>Proovimaterjal hemostaasi uuringuteks v\u00f5etakse esimese katsutina (v.a juhul, kui v\u00f5etakse ka verek\u00fclv).<\/p>\n\n\n\n<p>NB! Proovin\u00f5u peab olema t\u00e4itunud katsutil oleva m\u00e4rgini!<\/p>\n\n\n\n<p>Mistahes kliiniliste erijuhtude (nt hematokrit &gt; 55%) puhul ja s\u00e4ilitamise\/saatmisega seotud k\u00fcsimuste korral tuleb n\u00f5u pidada laboriga.<\/p>\n\n\n\n<p class=\"has-medium-font-size\"><strong>Anal\u00fc\u00fcsi tegemise aeg<\/strong><strong>:<\/strong> t\u00f6\u00f6p\u00e4eviti, vastus kahe n\u00e4dala jooksul<\/p>\n\n\n\n<p class=\"has-medium-font-size\"><strong>Anal\u00fc\u00fcsimeetod: <\/strong>koagulomeetriline meetod<\/p>\n\n\n\n<p class=\"has-medium-font-size\"><strong>Vastuse vorm<\/strong><\/p>\n\n\n\n<p>Positiivne\/negatiivne. Vajadusel laboriarsti kommentaar.<\/p>\n\n\n\n<p class=\"has-medium-font-size\"><strong>N\u00e4idustus ja kliiniline t\u00e4hendus<\/strong><\/p>\n\n\n\n<p>APTT v\u00f5i PT ebaselge p\u00f5hjusega pikenemine: h\u00fc\u00fcbimisfaktorite defitsiidi eristamine h\u00fc\u00fcbimisfaktorite inhibiitoritest v\u00f5i mittespetsiifilistest antikoagulantidest.<\/p>\n\n\n\n<p>H\u00fc\u00fcbimisfaktorite inhibiitorite s\u00f5eluuring annab \u00fcldjuhul kolme t\u00fc\u00fcpi tulemusi ja v\u00f5imaldab vastavaid interpretatsioone:&nbsp;&nbsp;&nbsp;<\/p>\n\n\n\n<ol class=\"wp-block-list\">\n<li>Kui APTT v\u00f5i PT korrigeerub peale normaalplasma lisamist (ja APTT peale inkubeerimist ei pikene), on p\u00f5hjuseks h\u00fc\u00fcbimisfaktori(te) defitsiit.<\/li>\n\n\n\n<li>Kui APTT korrigeerub peale normaalplasma lisamist ja peale inkubeerimist pikeneb uuesti, on t\u00f5en\u00e4oliseks p\u00f5hjuseks VIII h\u00fc\u00fcbimisfaktori inhibiitor.<\/li>\n\n\n\n<li>Kui APTT v\u00f5i PT ei korrigeeru peale normaalplasma lisamist, on p\u00f5hjuseks h\u00fc\u00fcbimisfaktorite inhibiitorite esinemine. APTT segutesti puhul v\u00f5ib p\u00f5hjuseks olla ka luupusantikoagulant.<\/li>\n<\/ol>\n\n\n\n<p>Kui on vajalik, siis j\u00e4rgneb h\u00fc\u00fcbimisfaktorite inhibiitorite s\u00f5eluuringule VIII v\u00f5i IX faktori inhibiitorite m\u00e4\u00e4ramine Bethesda meetodil.<\/p>\n\n\n\n<p>Vt ka: <a href=\"https:\/\/www.kliinikum.ee\/yhendlabor\/kasiraamat\/huubimisuuringud\/viii-voi-ix-faktori-inhibiitorid-p-fviii-inh-p-fix-inh\/\">VIII v\u00f5i IX faktori inhibiitorid<\/a><\/p>\n\n\n\n<p>Koostaja: Kaja Vaagen<br>Muudetud 04.03.2022<\/p>\n","protected":false},"excerpt":{"rendered":"<p>Kliinilise keemia ja laboratoorse hematoloogia osakond Aktiveeritud osalise tromboplastiini aja (APTT) v\u00f5i protrombiini aja (PT) pikenemise p\u00f5hjuseks on (tingimusel, et on v\u00e4listatud hepariini jt antikoagulantide olemasolu proovis) kas H\u00fc\u00fcbimisfaktorite inhibiitorite s\u00f5eluuring teostatakse APTT v\u00f5i PT pikenemise p\u00f5hjuste v\u00e4ljaselgitamiseks. M\u00e4\u00e4ratakse APTT v\u00f5i PT uuritavas plasmas ning seej\u00e4rel uuritava plasma ja normaalplasma segus (vahekord 1:1) \u2013 APTT [&hellip;]<\/p>\n","protected":false},"author":38,"featured_media":0,"parent":7274,"menu_order":0,"comment_status":"closed","ping_status":"closed","template":"","meta":{"_uag_custom_page_level_css":"","footnotes":""},"class_list":["post-13885","page","type-page","status-publish","hentry"],"acf":[],"yoast_head":"<!-- This site is optimized with the Yoast SEO plugin v27.3 - https:\/\/yoast.com\/product\/yoast-seo-wordpress\/ -->\n<title>H\u00fc\u00fcbimisfaktorite inhibiitorite s\u00f5eluuring (APTT mix 1:1) . H\u00fc\u00fcbimisfaktorite inhibiitorite s\u00f5eluuring (PT mix 1:1) \u00a0 - \u00dchendlabor<\/title>\n<meta name=\"robots\" content=\"index, follow, max-snippet:-1, max-image-preview:large, max-video-preview:-1\" \/>\n<link rel=\"canonical\" href=\"https:\/\/www.kliinikum.ee\/yhendlabor\/kasiraamat\/huubimisuuringud\/huubimisfaktorite-inhibiitorite-soeluuring-aptt-mix-11-huubimisfaktorite-inhibiitorite-soeluuring-pt-mix-11\/\" \/>\n<meta property=\"og:locale\" content=\"et_EE\" \/>\n<meta property=\"og:type\" content=\"article\" \/>\n<meta property=\"og:title\" content=\"H\u00fc\u00fcbimisfaktorite inhibiitorite s\u00f5eluuring (APTT mix 1:1) . H\u00fc\u00fcbimisfaktorite inhibiitorite s\u00f5eluuring (PT mix 1:1) \u00a0 - \u00dchendlabor\" \/>\n<meta property=\"og:description\" content=\"Kliinilise keemia ja laboratoorse hematoloogia osakond Aktiveeritud osalise tromboplastiini aja (APTT) v\u00f5i protrombiini aja (PT) pikenemise p\u00f5hjuseks on (tingimusel, et on v\u00e4listatud hepariini jt antikoagulantide olemasolu proovis) kas H\u00fc\u00fcbimisfaktorite inhibiitorite s\u00f5eluuring teostatakse APTT v\u00f5i PT pikenemise p\u00f5hjuste v\u00e4ljaselgitamiseks. M\u00e4\u00e4ratakse APTT v\u00f5i PT uuritavas plasmas ning seej\u00e4rel uuritava plasma ja normaalplasma segus (vahekord 1:1) \u2013 APTT [&hellip;]\" \/>\n<meta property=\"og:url\" content=\"https:\/\/www.kliinikum.ee\/yhendlabor\/kasiraamat\/huubimisuuringud\/huubimisfaktorite-inhibiitorite-soeluuring-aptt-mix-11-huubimisfaktorite-inhibiitorite-soeluuring-pt-mix-11\/\" \/>\n<meta property=\"og:site_name\" content=\"\u00dchendlabor\" \/>\n<meta property=\"article:modified_time\" content=\"2025-11-09T16:32:36+00:00\" \/>\n<meta name=\"twitter:card\" content=\"summary_large_image\" \/>\n<meta name=\"twitter:label1\" content=\"Est. reading time\" \/>\n\t<meta name=\"twitter:data1\" content=\"3 minutit\" \/>\n<script type=\"application\/ld+json\" class=\"yoast-schema-graph\">{\"@context\":\"https:\\\/\\\/schema.org\",\"@graph\":[{\"@type\":\"WebPage\",\"@id\":\"https:\\\/\\\/www.kliinikum.ee\\\/yhendlabor\\\/kasiraamat\\\/huubimisuuringud\\\/huubimisfaktorite-inhibiitorite-soeluuring-aptt-mix-11-huubimisfaktorite-inhibiitorite-soeluuring-pt-mix-11\\\/\",\"url\":\"https:\\\/\\\/www.kliinikum.ee\\\/yhendlabor\\\/kasiraamat\\\/huubimisuuringud\\\/huubimisfaktorite-inhibiitorite-soeluuring-aptt-mix-11-huubimisfaktorite-inhibiitorite-soeluuring-pt-mix-11\\\/\",\"name\":\"H\u00fc\u00fcbimisfaktorite inhibiitorite s\u00f5eluuring (APTT mix 1:1) . H\u00fc\u00fcbimisfaktorite inhibiitorite s\u00f5eluuring (PT mix 1:1) \u00a0 - \u00dchendlabor\",\"isPartOf\":{\"@id\":\"https:\\\/\\\/www.kliinikum.ee\\\/yhendlabor\\\/#website\"},\"datePublished\":\"2025-11-09T16:26:58+00:00\",\"dateModified\":\"2025-11-09T16:32:36+00:00\",\"breadcrumb\":{\"@id\":\"https:\\\/\\\/www.kliinikum.ee\\\/yhendlabor\\\/kasiraamat\\\/huubimisuuringud\\\/huubimisfaktorite-inhibiitorite-soeluuring-aptt-mix-11-huubimisfaktorite-inhibiitorite-soeluuring-pt-mix-11\\\/#breadcrumb\"},\"inLanguage\":\"et\",\"potentialAction\":[{\"@type\":\"ReadAction\",\"target\":[\"https:\\\/\\\/www.kliinikum.ee\\\/yhendlabor\\\/kasiraamat\\\/huubimisuuringud\\\/huubimisfaktorite-inhibiitorite-soeluuring-aptt-mix-11-huubimisfaktorite-inhibiitorite-soeluuring-pt-mix-11\\\/\"]}]},{\"@type\":\"BreadcrumbList\",\"@id\":\"https:\\\/\\\/www.kliinikum.ee\\\/yhendlabor\\\/kasiraamat\\\/huubimisuuringud\\\/huubimisfaktorite-inhibiitorite-soeluuring-aptt-mix-11-huubimisfaktorite-inhibiitorite-soeluuring-pt-mix-11\\\/#breadcrumb\",\"itemListElement\":[{\"@type\":\"ListItem\",\"position\":1,\"name\":\"Home\",\"item\":\"https:\\\/\\\/www.kliinikum.ee\\\/yhendlabor\\\/\"},{\"@type\":\"ListItem\",\"position\":2,\"name\":\"K\u00e4siraamat\",\"item\":\"https:\\\/\\\/www.kliinikum.ee\\\/yhendlabor\\\/kasiraamat\\\/\"},{\"@type\":\"ListItem\",\"position\":3,\"name\":\"H\u00fc\u00fcbimisuuringud\",\"item\":\"https:\\\/\\\/www.kliinikum.ee\\\/yhendlabor\\\/kasiraamat\\\/huubimisuuringud\\\/\"},{\"@type\":\"ListItem\",\"position\":4,\"name\":\"H\u00fc\u00fcbimisfaktorite inhibiitorite s\u00f5eluuring (APTT mix 1:1) . H\u00fc\u00fcbimisfaktorite inhibiitorite s\u00f5eluuring (PT mix 1:1) \u00a0\"}]},{\"@type\":\"WebSite\",\"@id\":\"https:\\\/\\\/www.kliinikum.ee\\\/yhendlabor\\\/#website\",\"url\":\"https:\\\/\\\/www.kliinikum.ee\\\/yhendlabor\\\/\",\"name\":\"\u00dchendlabor\",\"description\":\"Hoolivus, Uuendusmeelsus, P\u00e4devus ja Usaldusv\u00e4\u00e4rsus\",\"potentialAction\":[{\"@type\":\"SearchAction\",\"target\":{\"@type\":\"EntryPoint\",\"urlTemplate\":\"https:\\\/\\\/www.kliinikum.ee\\\/yhendlabor\\\/?s={search_term_string}\"},\"query-input\":{\"@type\":\"PropertyValueSpecification\",\"valueRequired\":true,\"valueName\":\"search_term_string\"}}],\"inLanguage\":\"et\"}]}<\/script>\n<!-- \/ Yoast SEO plugin. -->","yoast_head_json":{"title":"H\u00fc\u00fcbimisfaktorite inhibiitorite s\u00f5eluuring (APTT mix 1:1) . H\u00fc\u00fcbimisfaktorite inhibiitorite s\u00f5eluuring (PT mix 1:1) \u00a0 - \u00dchendlabor","robots":{"index":"index","follow":"follow","max-snippet":"max-snippet:-1","max-image-preview":"max-image-preview:large","max-video-preview":"max-video-preview:-1"},"canonical":"https:\/\/www.kliinikum.ee\/yhendlabor\/kasiraamat\/huubimisuuringud\/huubimisfaktorite-inhibiitorite-soeluuring-aptt-mix-11-huubimisfaktorite-inhibiitorite-soeluuring-pt-mix-11\/","og_locale":"et_EE","og_type":"article","og_title":"H\u00fc\u00fcbimisfaktorite inhibiitorite s\u00f5eluuring (APTT mix 1:1) . H\u00fc\u00fcbimisfaktorite inhibiitorite s\u00f5eluuring (PT mix 1:1) \u00a0 - \u00dchendlabor","og_description":"Kliinilise keemia ja laboratoorse hematoloogia osakond Aktiveeritud osalise tromboplastiini aja (APTT) v\u00f5i protrombiini aja (PT) pikenemise p\u00f5hjuseks on (tingimusel, et on v\u00e4listatud hepariini jt antikoagulantide olemasolu proovis) kas H\u00fc\u00fcbimisfaktorite inhibiitorite s\u00f5eluuring teostatakse APTT v\u00f5i PT pikenemise p\u00f5hjuste v\u00e4ljaselgitamiseks. M\u00e4\u00e4ratakse APTT v\u00f5i PT uuritavas plasmas ning seej\u00e4rel uuritava plasma ja normaalplasma segus (vahekord 1:1) \u2013 APTT [&hellip;]","og_url":"https:\/\/www.kliinikum.ee\/yhendlabor\/kasiraamat\/huubimisuuringud\/huubimisfaktorite-inhibiitorite-soeluuring-aptt-mix-11-huubimisfaktorite-inhibiitorite-soeluuring-pt-mix-11\/","og_site_name":"\u00dchendlabor","article_modified_time":"2025-11-09T16:32:36+00:00","twitter_card":"summary_large_image","twitter_misc":{"Est. reading time":"3 minutit"},"schema":{"@context":"https:\/\/schema.org","@graph":[{"@type":"WebPage","@id":"https:\/\/www.kliinikum.ee\/yhendlabor\/kasiraamat\/huubimisuuringud\/huubimisfaktorite-inhibiitorite-soeluuring-aptt-mix-11-huubimisfaktorite-inhibiitorite-soeluuring-pt-mix-11\/","url":"https:\/\/www.kliinikum.ee\/yhendlabor\/kasiraamat\/huubimisuuringud\/huubimisfaktorite-inhibiitorite-soeluuring-aptt-mix-11-huubimisfaktorite-inhibiitorite-soeluuring-pt-mix-11\/","name":"H\u00fc\u00fcbimisfaktorite inhibiitorite s\u00f5eluuring (APTT mix 1:1) . H\u00fc\u00fcbimisfaktorite inhibiitorite s\u00f5eluuring (PT mix 1:1) \u00a0 - \u00dchendlabor","isPartOf":{"@id":"https:\/\/www.kliinikum.ee\/yhendlabor\/#website"},"datePublished":"2025-11-09T16:26:58+00:00","dateModified":"2025-11-09T16:32:36+00:00","breadcrumb":{"@id":"https:\/\/www.kliinikum.ee\/yhendlabor\/kasiraamat\/huubimisuuringud\/huubimisfaktorite-inhibiitorite-soeluuring-aptt-mix-11-huubimisfaktorite-inhibiitorite-soeluuring-pt-mix-11\/#breadcrumb"},"inLanguage":"et","potentialAction":[{"@type":"ReadAction","target":["https:\/\/www.kliinikum.ee\/yhendlabor\/kasiraamat\/huubimisuuringud\/huubimisfaktorite-inhibiitorite-soeluuring-aptt-mix-11-huubimisfaktorite-inhibiitorite-soeluuring-pt-mix-11\/"]}]},{"@type":"BreadcrumbList","@id":"https:\/\/www.kliinikum.ee\/yhendlabor\/kasiraamat\/huubimisuuringud\/huubimisfaktorite-inhibiitorite-soeluuring-aptt-mix-11-huubimisfaktorite-inhibiitorite-soeluuring-pt-mix-11\/#breadcrumb","itemListElement":[{"@type":"ListItem","position":1,"name":"Home","item":"https:\/\/www.kliinikum.ee\/yhendlabor\/"},{"@type":"ListItem","position":2,"name":"K\u00e4siraamat","item":"https:\/\/www.kliinikum.ee\/yhendlabor\/kasiraamat\/"},{"@type":"ListItem","position":3,"name":"H\u00fc\u00fcbimisuuringud","item":"https:\/\/www.kliinikum.ee\/yhendlabor\/kasiraamat\/huubimisuuringud\/"},{"@type":"ListItem","position":4,"name":"H\u00fc\u00fcbimisfaktorite inhibiitorite s\u00f5eluuring (APTT mix 1:1) . H\u00fc\u00fcbimisfaktorite inhibiitorite s\u00f5eluuring (PT mix 1:1) \u00a0"}]},{"@type":"WebSite","@id":"https:\/\/www.kliinikum.ee\/yhendlabor\/#website","url":"https:\/\/www.kliinikum.ee\/yhendlabor\/","name":"\u00dchendlabor","description":"Hoolivus, Uuendusmeelsus, P\u00e4devus ja Usaldusv\u00e4\u00e4rsus","potentialAction":[{"@type":"SearchAction","target":{"@type":"EntryPoint","urlTemplate":"https:\/\/www.kliinikum.ee\/yhendlabor\/?s={search_term_string}"},"query-input":{"@type":"PropertyValueSpecification","valueRequired":true,"valueName":"search_term_string"}}],"inLanguage":"et"}]}},"uagb_featured_image_src":{"full":false,"thumbnail":false,"medium":false,"medium_large":false,"large":false,"1536x1536":false,"2048x2048":false},"uagb_author_info":{"display_name":"Kadi Siigur","author_link":"https:\/\/www.kliinikum.ee\/yhendlabor\/author\/kadisi\/"},"uagb_comment_info":0,"uagb_excerpt":"Kliinilise keemia ja laboratoorse hematoloogia osakond Aktiveeritud osalise tromboplastiini aja (APTT) v\u00f5i protrombiini aja (PT) pikenemise p\u00f5hjuseks on (tingimusel, et on v\u00e4listatud hepariini jt antikoagulantide olemasolu proovis) kas H\u00fc\u00fcbimisfaktorite inhibiitorite s\u00f5eluuring teostatakse APTT v\u00f5i PT pikenemise p\u00f5hjuste v\u00e4ljaselgitamiseks. M\u00e4\u00e4ratakse APTT v\u00f5i PT uuritavas plasmas ning seej\u00e4rel uuritava plasma ja normaalplasma segus (vahekord 1:1) \u2013 APTT&hellip;","_links":{"self":[{"href":"https:\/\/www.kliinikum.ee\/yhendlabor\/wp-json\/wp\/v2\/pages\/13885","targetHints":{"allow":["GET"]}}],"collection":[{"href":"https:\/\/www.kliinikum.ee\/yhendlabor\/wp-json\/wp\/v2\/pages"}],"about":[{"href":"https:\/\/www.kliinikum.ee\/yhendlabor\/wp-json\/wp\/v2\/types\/page"}],"author":[{"embeddable":true,"href":"https:\/\/www.kliinikum.ee\/yhendlabor\/wp-json\/wp\/v2\/users\/38"}],"replies":[{"embeddable":true,"href":"https:\/\/www.kliinikum.ee\/yhendlabor\/wp-json\/wp\/v2\/comments?post=13885"}],"version-history":[{"count":0,"href":"https:\/\/www.kliinikum.ee\/yhendlabor\/wp-json\/wp\/v2\/pages\/13885\/revisions"}],"up":[{"embeddable":true,"href":"https:\/\/www.kliinikum.ee\/yhendlabor\/wp-json\/wp\/v2\/pages\/7274"}],"wp:attachment":[{"href":"https:\/\/www.kliinikum.ee\/yhendlabor\/wp-json\/wp\/v2\/media?parent=13885"}],"curies":[{"name":"wp","href":"https:\/\/api.w.org\/{rel}","templated":true}]}}