{"id":13889,"date":"2025-11-09T18:32:07","date_gmt":"2025-11-09T16:32:07","guid":{"rendered":"https:\/\/www.kliinikum.ee\/yhendlabor\/?page_id=13889"},"modified":"2025-11-09T18:32:11","modified_gmt":"2025-11-09T16:32:11","slug":"viii-voi-ix-faktori-inhibiitorid-p-fviii-inh-p-fix-inh","status":"publish","type":"page","link":"https:\/\/www.kliinikum.ee\/yhendlabor\/kasiraamat\/huubimisuuringud\/viii-voi-ix-faktori-inhibiitorid-p-fviii-inh-p-fix-inh\/","title":{"rendered":"VIII v\u00f5i IX faktori inhibiitorid (P-FVIII inh, P-FIX inh)"},"content":{"rendered":"\n<p><em>Kliinilise keemia ja laboratoorse hematoloogia osakond<\/em><\/p>\n\n\n\n<p>Hemofiilia ravimisel on t\u00f5siseks probleemiks <strong>FVIII ja FIX vastaste inhibiitorite<\/strong> (allo- v\u00f5i autoantikehade) v\u00e4ljakujunemine. Tavaliselt kuuluvad nad IgG klassi ja neutraliseerivad asendus\u00adteraapia efekti. Inhibiitoreid esineb 20\u201330%-l\u00a0 raske hemofiilia A ja 1,5\u20133%-l raske hemofiilia B haigetest.<\/p>\n\n\n\n<p>Ka hemofiiliat mitte p\u00f5devatel patsientidel v\u00f5ivad areneda FVIII vastased autoantikehad. Nende esinemissagedus pole teada. Inhibiitorite esinemist on leitud nt autoimmuunhaiguste, pahaloomuliste protsesside ja raseduse korral, nende teke v\u00f5ib olla ka ravimitest indutseeritud (penitsilliin, sulfoonamiidid, fen\u00fctoiin). Erinevalt&nbsp; kaasas\u00fcndinud hemofiilia puhul tekkivatest alloantikehadest ei p\u00e4rsi nad FVIII aktiivsust&nbsp; t\u00e4ielikult. FIX inhibiitoreid esineb mitte hemofiiliat p\u00f5devatel patsientidel \u00e4\u00e4rmiselt harva.<\/p>\n\n\n\n<p>Inhibiitorid m\u00e4\u00e4ratakse Bethesda inhibiitortestiga, kus neutraliseerivate antikehade hulga \u00fcle otsustatakse uuritava plasma v\u00f5ime j\u00e4rgi p\u00e4rssida VIII v\u00f5i IX faktori koagulatiivset aktiivsust<em> in vitro<\/em>.<\/p>\n\n\n\n<p class=\"has-medium-font-size\"><strong>Uuritav materjal, selle v\u00f5tmine, saatmine ja s\u00e4ilitamine<\/strong><\/p>\n\n\n\n<figure class=\"wp-block-table is-style-stripes\"><table width=\"100%\"><tbody><tr><td width=\"1%\"><\/td><td width=\"15%\"><strong>Katsuti<\/strong><\/td><td width=\"84%\">9NC-katsuti (helesinine kork)<\/td><\/tr><tr><td><\/td><td><strong>S\u00e4ilivus<\/strong><\/td><td>Veri ja plasma toatemperatuuril neli tundi, -20 \u00b0C juures 15 p\u00e4eva, -80 \u00b0C juures \u00fcks kuu. <br>Plasma tuleb eraldada nelja tunni jooksul peale proovi v\u00f5tmist (tsentrifuugida 2000\u20132500 x g juures 15 min).<\/td><\/tr><\/tbody><\/table><\/figure>\n\n\n\n<p>NB! Enne proovi v\u00f5tmist tuleb kaks n\u00e4dalat v\u00e4ltida varfariinravi ja kaks p\u00e4eva hepariinravi.<\/p>\n\n\n\n<p>Proovimaterjal hemostaasi uuringuteks v\u00f5etakse esimese katsutina (v.a juhul, kui v\u00f5etakse ka verek\u00fclv).<\/p>\n\n\n\n<p>NB! Proovin\u00f5u peab olema t\u00e4itunud katsutil oleva m\u00e4rgini!<\/p>\n\n\n\n<p>Mistahes kliiniliste erijuhtude (nt hematokrit &gt; 0,55) puhul ja s\u00e4ilitamise\/saatmisega seotud k\u00fcsimuste korral tuleb n\u00f5u pidada laboriga.<\/p>\n\n\n\n<p class=\"has-medium-font-size\"><strong>Anal\u00fc\u00fcsi tegemise aeg<\/strong><strong>:<\/strong> t\u00f6\u00f6p\u00e4eviti kahe n\u00e4dala jooksul<\/p>\n\n\n\n<p class=\"has-medium-font-size\"><strong>Anal\u00fc\u00fcsimeetod<\/strong><strong>:<\/strong> koagulomeetriline meetod, Bethesda inhibiitortest<\/p>\n\n\n\n<p class=\"has-medium-font-size\"><strong>Referentv\u00e4\u00e4rtus<\/strong><\/p>\n\n\n\n<p>Normaalselt on test negatiivne.<\/p>\n\n\n\n<p>Tulemus v\u00e4ljendatakse&nbsp; Bethesda \u00fchikutes (BU). Mida suurem on Bethesda \u00fchik, seda suurem on inhibeerivate antikehade hulk. 1 BU v\u00e4hendab faktori kontsentratsiooni 100%-lt (norm) 50%-ni, 2 BU 25%-ni jne.&nbsp;<\/p>\n\n\n\n<p class=\"has-medium-font-size\"><strong>N\u00e4idustus ja kliiniline t\u00e4hendus<\/strong><\/p>\n\n\n\n<p>Kahtlus inhibiitorite esinemisele. Hemofiilia asendusravi seire.<\/p>\n\n\n\n<p>M\u00e4\u00e4ratakse, kui h\u00fc\u00fcbimisfaktorite inhibiitorite s\u00f5eluuringu ja\/v\u00f5i h\u00fc\u00fcbimisfaktorite m\u00e4\u00e4ramise tulemused vihjavad spetsiifilisele faktori inhibiitori olemasolule ning luupusantikoagulandi, hepariini ja teiste antikoagulantide &nbsp;esinemine proovimaterjalis on v\u00e4listatud.<\/p>\n\n\n\n<p>Vt ka: <a href=\"https:\/\/www.kliinikum.ee\/yhendlabor\/kasiraamat\/huubimisuuringud\/huubimisfaktorite-inhibiitorite-soeluuring-aptt-mix-11-huubimisfaktorite-inhibiitorite-soeluuring-pt-mix-11\/\">H\u00fc\u00fcbimisfaktorite inhibiitorite s\u00f5eluuring (APTT mix 1:1)<\/a><\/p>\n\n\n\n<p>Koostaja: Kaja Vaagen<br>Muudetud 08.06.2022<\/p>\n","protected":false},"excerpt":{"rendered":"<p>Kliinilise keemia ja laboratoorse hematoloogia osakond Hemofiilia ravimisel on t\u00f5siseks probleemiks FVIII ja FIX vastaste inhibiitorite (allo- v\u00f5i autoantikehade) v\u00e4ljakujunemine. Tavaliselt kuuluvad nad IgG klassi ja neutraliseerivad asendus\u00adteraapia efekti. Inhibiitoreid esineb 20\u201330%-l\u00a0 raske hemofiilia A ja 1,5\u20133%-l raske hemofiilia B haigetest. Ka hemofiiliat mitte p\u00f5devatel patsientidel v\u00f5ivad areneda FVIII vastased autoantikehad. Nende esinemissagedus pole teada. [&hellip;]<\/p>\n","protected":false},"author":38,"featured_media":0,"parent":7274,"menu_order":0,"comment_status":"closed","ping_status":"closed","template":"","meta":{"_uag_custom_page_level_css":"","footnotes":""},"class_list":["post-13889","page","type-page","status-publish","hentry"],"acf":[],"yoast_head":"<!-- This site is optimized with the Yoast SEO plugin v27.3 - https:\/\/yoast.com\/product\/yoast-seo-wordpress\/ -->\n<title>VIII v\u00f5i IX faktori inhibiitorid (P-FVIII inh, P-FIX inh) - \u00dchendlabor<\/title>\n<meta name=\"robots\" content=\"index, follow, max-snippet:-1, max-image-preview:large, max-video-preview:-1\" \/>\n<link rel=\"canonical\" href=\"https:\/\/www.kliinikum.ee\/yhendlabor\/kasiraamat\/huubimisuuringud\/viii-voi-ix-faktori-inhibiitorid-p-fviii-inh-p-fix-inh\/\" \/>\n<meta property=\"og:locale\" content=\"et_EE\" \/>\n<meta property=\"og:type\" content=\"article\" \/>\n<meta property=\"og:title\" content=\"VIII v\u00f5i IX faktori inhibiitorid (P-FVIII inh, P-FIX inh) - \u00dchendlabor\" \/>\n<meta property=\"og:description\" content=\"Kliinilise keemia ja laboratoorse hematoloogia osakond Hemofiilia ravimisel on t\u00f5siseks probleemiks FVIII ja FIX vastaste inhibiitorite (allo- v\u00f5i autoantikehade) v\u00e4ljakujunemine. Tavaliselt kuuluvad nad IgG klassi ja neutraliseerivad asendus\u00adteraapia efekti. Inhibiitoreid esineb 20\u201330%-l\u00a0 raske hemofiilia A ja 1,5\u20133%-l raske hemofiilia B haigetest. Ka hemofiiliat mitte p\u00f5devatel patsientidel v\u00f5ivad areneda FVIII vastased autoantikehad. Nende esinemissagedus pole teada. [&hellip;]\" \/>\n<meta property=\"og:url\" content=\"https:\/\/www.kliinikum.ee\/yhendlabor\/kasiraamat\/huubimisuuringud\/viii-voi-ix-faktori-inhibiitorid-p-fviii-inh-p-fix-inh\/\" \/>\n<meta property=\"og:site_name\" content=\"\u00dchendlabor\" \/>\n<meta property=\"article:modified_time\" content=\"2025-11-09T16:32:11+00:00\" \/>\n<meta name=\"twitter:card\" content=\"summary_large_image\" \/>\n<meta name=\"twitter:label1\" content=\"Est. reading time\" \/>\n\t<meta name=\"twitter:data1\" content=\"2 minutit\" \/>\n<script type=\"application\/ld+json\" class=\"yoast-schema-graph\">{\"@context\":\"https:\\\/\\\/schema.org\",\"@graph\":[{\"@type\":\"WebPage\",\"@id\":\"https:\\\/\\\/www.kliinikum.ee\\\/yhendlabor\\\/kasiraamat\\\/huubimisuuringud\\\/viii-voi-ix-faktori-inhibiitorid-p-fviii-inh-p-fix-inh\\\/\",\"url\":\"https:\\\/\\\/www.kliinikum.ee\\\/yhendlabor\\\/kasiraamat\\\/huubimisuuringud\\\/viii-voi-ix-faktori-inhibiitorid-p-fviii-inh-p-fix-inh\\\/\",\"name\":\"VIII v\u00f5i IX faktori inhibiitorid (P-FVIII inh, P-FIX inh) - \u00dchendlabor\",\"isPartOf\":{\"@id\":\"https:\\\/\\\/www.kliinikum.ee\\\/yhendlabor\\\/#website\"},\"datePublished\":\"2025-11-09T16:32:07+00:00\",\"dateModified\":\"2025-11-09T16:32:11+00:00\",\"breadcrumb\":{\"@id\":\"https:\\\/\\\/www.kliinikum.ee\\\/yhendlabor\\\/kasiraamat\\\/huubimisuuringud\\\/viii-voi-ix-faktori-inhibiitorid-p-fviii-inh-p-fix-inh\\\/#breadcrumb\"},\"inLanguage\":\"et\",\"potentialAction\":[{\"@type\":\"ReadAction\",\"target\":[\"https:\\\/\\\/www.kliinikum.ee\\\/yhendlabor\\\/kasiraamat\\\/huubimisuuringud\\\/viii-voi-ix-faktori-inhibiitorid-p-fviii-inh-p-fix-inh\\\/\"]}]},{\"@type\":\"BreadcrumbList\",\"@id\":\"https:\\\/\\\/www.kliinikum.ee\\\/yhendlabor\\\/kasiraamat\\\/huubimisuuringud\\\/viii-voi-ix-faktori-inhibiitorid-p-fviii-inh-p-fix-inh\\\/#breadcrumb\",\"itemListElement\":[{\"@type\":\"ListItem\",\"position\":1,\"name\":\"Home\",\"item\":\"https:\\\/\\\/www.kliinikum.ee\\\/yhendlabor\\\/\"},{\"@type\":\"ListItem\",\"position\":2,\"name\":\"K\u00e4siraamat\",\"item\":\"https:\\\/\\\/www.kliinikum.ee\\\/yhendlabor\\\/kasiraamat\\\/\"},{\"@type\":\"ListItem\",\"position\":3,\"name\":\"H\u00fc\u00fcbimisuuringud\",\"item\":\"https:\\\/\\\/www.kliinikum.ee\\\/yhendlabor\\\/kasiraamat\\\/huubimisuuringud\\\/\"},{\"@type\":\"ListItem\",\"position\":4,\"name\":\"VIII v\u00f5i IX faktori inhibiitorid (P-FVIII inh, P-FIX inh)\"}]},{\"@type\":\"WebSite\",\"@id\":\"https:\\\/\\\/www.kliinikum.ee\\\/yhendlabor\\\/#website\",\"url\":\"https:\\\/\\\/www.kliinikum.ee\\\/yhendlabor\\\/\",\"name\":\"\u00dchendlabor\",\"description\":\"Hoolivus, Uuendusmeelsus, P\u00e4devus ja Usaldusv\u00e4\u00e4rsus\",\"potentialAction\":[{\"@type\":\"SearchAction\",\"target\":{\"@type\":\"EntryPoint\",\"urlTemplate\":\"https:\\\/\\\/www.kliinikum.ee\\\/yhendlabor\\\/?s={search_term_string}\"},\"query-input\":{\"@type\":\"PropertyValueSpecification\",\"valueRequired\":true,\"valueName\":\"search_term_string\"}}],\"inLanguage\":\"et\"}]}<\/script>\n<!-- \/ Yoast SEO plugin. -->","yoast_head_json":{"title":"VIII v\u00f5i IX faktori inhibiitorid (P-FVIII inh, P-FIX inh) - \u00dchendlabor","robots":{"index":"index","follow":"follow","max-snippet":"max-snippet:-1","max-image-preview":"max-image-preview:large","max-video-preview":"max-video-preview:-1"},"canonical":"https:\/\/www.kliinikum.ee\/yhendlabor\/kasiraamat\/huubimisuuringud\/viii-voi-ix-faktori-inhibiitorid-p-fviii-inh-p-fix-inh\/","og_locale":"et_EE","og_type":"article","og_title":"VIII v\u00f5i IX faktori inhibiitorid (P-FVIII inh, P-FIX inh) - \u00dchendlabor","og_description":"Kliinilise keemia ja laboratoorse hematoloogia osakond Hemofiilia ravimisel on t\u00f5siseks probleemiks FVIII ja FIX vastaste inhibiitorite (allo- v\u00f5i autoantikehade) v\u00e4ljakujunemine. Tavaliselt kuuluvad nad IgG klassi ja neutraliseerivad asendus\u00adteraapia efekti. Inhibiitoreid esineb 20\u201330%-l\u00a0 raske hemofiilia A ja 1,5\u20133%-l raske hemofiilia B haigetest. Ka hemofiiliat mitte p\u00f5devatel patsientidel v\u00f5ivad areneda FVIII vastased autoantikehad. Nende esinemissagedus pole teada. [&hellip;]","og_url":"https:\/\/www.kliinikum.ee\/yhendlabor\/kasiraamat\/huubimisuuringud\/viii-voi-ix-faktori-inhibiitorid-p-fviii-inh-p-fix-inh\/","og_site_name":"\u00dchendlabor","article_modified_time":"2025-11-09T16:32:11+00:00","twitter_card":"summary_large_image","twitter_misc":{"Est. reading time":"2 minutit"},"schema":{"@context":"https:\/\/schema.org","@graph":[{"@type":"WebPage","@id":"https:\/\/www.kliinikum.ee\/yhendlabor\/kasiraamat\/huubimisuuringud\/viii-voi-ix-faktori-inhibiitorid-p-fviii-inh-p-fix-inh\/","url":"https:\/\/www.kliinikum.ee\/yhendlabor\/kasiraamat\/huubimisuuringud\/viii-voi-ix-faktori-inhibiitorid-p-fviii-inh-p-fix-inh\/","name":"VIII v\u00f5i IX faktori inhibiitorid (P-FVIII inh, P-FIX inh) - \u00dchendlabor","isPartOf":{"@id":"https:\/\/www.kliinikum.ee\/yhendlabor\/#website"},"datePublished":"2025-11-09T16:32:07+00:00","dateModified":"2025-11-09T16:32:11+00:00","breadcrumb":{"@id":"https:\/\/www.kliinikum.ee\/yhendlabor\/kasiraamat\/huubimisuuringud\/viii-voi-ix-faktori-inhibiitorid-p-fviii-inh-p-fix-inh\/#breadcrumb"},"inLanguage":"et","potentialAction":[{"@type":"ReadAction","target":["https:\/\/www.kliinikum.ee\/yhendlabor\/kasiraamat\/huubimisuuringud\/viii-voi-ix-faktori-inhibiitorid-p-fviii-inh-p-fix-inh\/"]}]},{"@type":"BreadcrumbList","@id":"https:\/\/www.kliinikum.ee\/yhendlabor\/kasiraamat\/huubimisuuringud\/viii-voi-ix-faktori-inhibiitorid-p-fviii-inh-p-fix-inh\/#breadcrumb","itemListElement":[{"@type":"ListItem","position":1,"name":"Home","item":"https:\/\/www.kliinikum.ee\/yhendlabor\/"},{"@type":"ListItem","position":2,"name":"K\u00e4siraamat","item":"https:\/\/www.kliinikum.ee\/yhendlabor\/kasiraamat\/"},{"@type":"ListItem","position":3,"name":"H\u00fc\u00fcbimisuuringud","item":"https:\/\/www.kliinikum.ee\/yhendlabor\/kasiraamat\/huubimisuuringud\/"},{"@type":"ListItem","position":4,"name":"VIII v\u00f5i IX faktori inhibiitorid (P-FVIII inh, P-FIX inh)"}]},{"@type":"WebSite","@id":"https:\/\/www.kliinikum.ee\/yhendlabor\/#website","url":"https:\/\/www.kliinikum.ee\/yhendlabor\/","name":"\u00dchendlabor","description":"Hoolivus, Uuendusmeelsus, P\u00e4devus ja Usaldusv\u00e4\u00e4rsus","potentialAction":[{"@type":"SearchAction","target":{"@type":"EntryPoint","urlTemplate":"https:\/\/www.kliinikum.ee\/yhendlabor\/?s={search_term_string}"},"query-input":{"@type":"PropertyValueSpecification","valueRequired":true,"valueName":"search_term_string"}}],"inLanguage":"et"}]}},"uagb_featured_image_src":{"full":false,"thumbnail":false,"medium":false,"medium_large":false,"large":false,"1536x1536":false,"2048x2048":false},"uagb_author_info":{"display_name":"Kadi Siigur","author_link":"https:\/\/www.kliinikum.ee\/yhendlabor\/author\/kadisi\/"},"uagb_comment_info":0,"uagb_excerpt":"Kliinilise keemia ja laboratoorse hematoloogia osakond Hemofiilia ravimisel on t\u00f5siseks probleemiks FVIII ja FIX vastaste inhibiitorite (allo- v\u00f5i autoantikehade) v\u00e4ljakujunemine. Tavaliselt kuuluvad nad IgG klassi ja neutraliseerivad asendus\u00adteraapia efekti. Inhibiitoreid esineb 20\u201330%-l\u00a0 raske hemofiilia A ja 1,5\u20133%-l raske hemofiilia B haigetest. Ka hemofiiliat mitte p\u00f5devatel patsientidel v\u00f5ivad areneda FVIII vastased autoantikehad. Nende esinemissagedus pole teada.&hellip;","_links":{"self":[{"href":"https:\/\/www.kliinikum.ee\/yhendlabor\/wp-json\/wp\/v2\/pages\/13889","targetHints":{"allow":["GET"]}}],"collection":[{"href":"https:\/\/www.kliinikum.ee\/yhendlabor\/wp-json\/wp\/v2\/pages"}],"about":[{"href":"https:\/\/www.kliinikum.ee\/yhendlabor\/wp-json\/wp\/v2\/types\/page"}],"author":[{"embeddable":true,"href":"https:\/\/www.kliinikum.ee\/yhendlabor\/wp-json\/wp\/v2\/users\/38"}],"replies":[{"embeddable":true,"href":"https:\/\/www.kliinikum.ee\/yhendlabor\/wp-json\/wp\/v2\/comments?post=13889"}],"version-history":[{"count":0,"href":"https:\/\/www.kliinikum.ee\/yhendlabor\/wp-json\/wp\/v2\/pages\/13889\/revisions"}],"up":[{"embeddable":true,"href":"https:\/\/www.kliinikum.ee\/yhendlabor\/wp-json\/wp\/v2\/pages\/7274"}],"wp:attachment":[{"href":"https:\/\/www.kliinikum.ee\/yhendlabor\/wp-json\/wp\/v2\/media?parent=13889"}],"curies":[{"name":"wp","href":"https:\/\/api.w.org\/{rel}","templated":true}]}}