{"id":13899,"date":"2025-11-09T18:52:29","date_gmt":"2025-11-09T16:52:29","guid":{"rendered":"https:\/\/www.kliinikum.ee\/yhendlabor\/?page_id=13899"},"modified":"2025-11-09T18:52:34","modified_gmt":"2025-11-09T16:52:34","slug":"proteiin-c-p-pc","status":"publish","type":"page","link":"https:\/\/www.kliinikum.ee\/yhendlabor\/kasiraamat\/huubimisuuringud\/proteiin-c-p-pc\/","title":{"rendered":"Proteiin C (P-PC)"},"content":{"rendered":"\n<p><em>Kliinilise keemia ja laboratoorse hematoloogia osakond<\/em><\/p>\n\n\n\n<p><strong>Proteiin C<\/strong> on organismi f\u00fcsioloogiline antikoagulant. Proteiin C s\u00fcnteesitakse maksas, s\u00fcnteesis osaleb vitamiin K. Sarnaselt h\u00fc\u00fcbimisfaktoritele esineb proteiin C plasmas inaktiivse proens\u00fc\u00fcmina: aktiivseks ens\u00fc\u00fcmiks muutumiseks on vaja trombiini, kaltsiumi ja fosfolipiidide olemasolu. Nimetatud aktivatsiooni v\u00f5imendab endoteliaalfaktor trombomoduliin.<\/p>\n\n\n\n<p>Aktiveeritud proteiin C (APC) reguleerib koagulatsiooniprotsesse, inhibeerides faktorite Va ja VIIIa aktiivsust plasmas proteiin S juuresolekul. P\u00e4rssides faktoreid Va ja VIIIa, aitab aktiveeritud proteiin C pidurdada trombi laienemist. P\u00e4rilik PC defitsiit t\u00f5stab venoosse trombemboolia riski 5\u201310 korda. Samuti v\u00f5ivad esineda arteriaalsed trombid. Heteros\u00fcgootse PC defitsiidi esinemissagedus populatsioonis on 1:200 kuni 1:500. Homos\u00fcgootne PC defitsiit on enamasti eluga kokkusobimatu.<\/p>\n\n\n\n<p class=\"has-medium-font-size\"><strong>Uuritav materjal, selle v\u00f5tmine, saatmine ja s\u00e4ilitamine<\/strong><\/p>\n\n\n\n<figure class=\"wp-block-table is-style-stripes\"><table width=\"100%\"><tbody><tr><td width=\"1%\"><\/td><td width=\"15%\"><strong>Katsuti<\/strong><\/td><td width=\"84%\">9NC-katsuti (helesinine kork)<\/td><\/tr><tr><td><\/td><td><strong>S\u00e4ilivus<\/strong><\/td><td>Plasma toatemperatuuril kaheksa tundi, -20 \u00b0C \u00fcks kuu. Plasma tuleb eraldada nelja tunni jooksul peale proovi v\u00f5tmist (tsentrifuugida 15 minutit 2000\u20132500 x g juures).<\/td><\/tr><\/tbody><\/table><\/figure>\n\n\n\n<p>Proovimaterjal hemostaasi uuringuteks v\u00f5etakse esimese katsutina (v.a juhul, kui v\u00f5etakse ka verek\u00fclv).<\/p>\n\n\n\n<p>NB! Proovin\u00f5u peab olema t\u00e4itunud katsutil oleva m\u00e4rgini!<\/p>\n\n\n\n<p>Mistahes kliiniliste erijuhtude (nt hematokrit > 0,55) puhul ja s\u00e4ilitamise\/saatmisega seotud k\u00fcsimuste korral tuleb n\u00f5u pidada laboriga.<\/p>\n\n\n\n<p class=\"has-medium-font-size\"><strong>Anal\u00fc\u00fcsi tegemise aeg: <\/strong>\u00f6\u00f6p\u00e4evaringselt<\/p>\n\n\n\n<p class=\"has-medium-font-size\"><strong>Anal\u00fc\u00fcsimeetod: <\/strong>kolorimeetriline meetod<\/p>\n\n\n\n<p class=\"has-medium-font-size\"><strong>Referentsv\u00e4\u00e4rtused<\/strong><\/p>\n\n\n\n<figure class=\"wp-block-table\"><table width=\"100%\"><tbody><tr><td width=\"1%\"><\/td><td width=\"30%\"><strong>0 p \u2013 &lt; 3 p<\/strong><\/td><td width=\"69%\">24\u201344%<\/td><\/tr><tr><td><\/td><td><strong>3 p \u2013 &lt; 1 k<\/strong><\/td><td>28\u201354%<\/td><\/tr><tr><td><\/td><td><strong>1 k \u2013 &lt; 1 a<\/strong><\/td><td>31\u2013112%<\/td><\/tr><tr><td><\/td><td><strong>1 a \u2013 &lt; 6 a<\/strong><\/td><td>65\u2013127%<\/td><\/tr><tr><td><\/td><td><strong>6 a \u2013 &lt;11 a<\/strong><\/td><td>71\u2013129%<\/td><\/tr><tr><td><\/td><td><strong>11 a \u2013 &lt; 18 a<\/strong><\/td><td>66\u2013118%<\/td><\/tr><tr><td><\/td><td><strong>\u2265 18 a<\/strong><\/td><td>70\u2013130%<\/td><\/tr><\/tbody><\/table><\/figure>\n\n\n\n<p class=\"has-medium-font-size\"><strong>N\u00e4idustus ja kliiniline t\u00e4hendus<\/strong><\/p>\n\n\n\n<p>Trombofiilia diferentsiaaldiagnostika, p\u00e4riliku ja omandatud proteiin C defitsiidi diagnostika.<\/p>\n\n\n\n<p>P\u00e4rilikul PC defitsiidil on kaks p\u00f5hivormi:<\/p>\n\n\n\n<ul class=\"wp-block-list\">\n<li>t\u00fc\u00fcp I \u2013 kvantitatiivne PC deifitsiit (75\u201380% juhtudest);<\/li>\n\n\n\n<li>t\u00fc\u00fcp II \u2013 kvalitatiivne defitsiit (15\u201320% juhtudest);\n<ul class=\"wp-block-list\">\n<li>t\u00fc\u00fcp IIa;<\/li>\n\n\n\n<li>t\u00fc\u00fcp IIb (ei ole tuvastatav \u00fchendlaboris kasutusel oleva meetodiga).<\/li>\n<\/ul>\n<\/li>\n<\/ul>\n\n\n\n<p>Omandatud PC defitsiit v\u00f5ib esineda maksahaiguste (hepatiit, tsirroos), DIK-s\u00fcndroomi, massiivse trombemboolia, sepsise, \u00e4geda respiratoorse distress-s\u00fcndroomi (ARDS), pahaloomuliste kasvajate ja varfariini kasutamisel (enne prooviv\u00f5ttu peab j\u00e4\u00e4ma v\u00e4hemalt 10-p\u00e4evane varfariini vaba periood). Kui samal ajal PC taseme langusega esineb ka proteiin S ning antitrombiin III taseme v\u00e4henemine ja\/v\u00f5i protrombiini aja pikenemine, on p\u00f5hjust kahtlustada omandatud defitsiiti.<\/p>\n\n\n\n<p>PC tase on t\u00f5usnud raseduse esimese 22 n\u00e4dala jooksul, hilisema raseduse k\u00e4igus see normaliseerub.<\/p>\n\n\n\n<p>Koostaja: Kaja Vaagen<br>Muudetud 12.08.2022<\/p>\n\n\n\n<p><\/p>\n","protected":false},"excerpt":{"rendered":"<p>Kliinilise keemia ja laboratoorse hematoloogia osakond Proteiin C on organismi f\u00fcsioloogiline antikoagulant. Proteiin C s\u00fcnteesitakse maksas, s\u00fcnteesis osaleb vitamiin K. Sarnaselt h\u00fc\u00fcbimisfaktoritele esineb proteiin C plasmas inaktiivse proens\u00fc\u00fcmina: aktiivseks ens\u00fc\u00fcmiks muutumiseks on vaja trombiini, kaltsiumi ja fosfolipiidide olemasolu. Nimetatud aktivatsiooni v\u00f5imendab endoteliaalfaktor trombomoduliin. Aktiveeritud proteiin C (APC) reguleerib koagulatsiooniprotsesse, inhibeerides faktorite Va ja VIIIa aktiivsust [&hellip;]<\/p>\n","protected":false},"author":38,"featured_media":0,"parent":7274,"menu_order":0,"comment_status":"closed","ping_status":"closed","template":"","meta":{"_uag_custom_page_level_css":"","footnotes":""},"class_list":["post-13899","page","type-page","status-publish","hentry"],"acf":[],"yoast_head":"<!-- This site is optimized with the Yoast SEO plugin v27.3 - https:\/\/yoast.com\/product\/yoast-seo-wordpress\/ -->\n<title>Proteiin C (P-PC) - \u00dchendlabor<\/title>\n<meta name=\"robots\" content=\"index, follow, max-snippet:-1, max-image-preview:large, max-video-preview:-1\" \/>\n<link rel=\"canonical\" href=\"https:\/\/www.kliinikum.ee\/yhendlabor\/kasiraamat\/huubimisuuringud\/proteiin-c-p-pc\/\" \/>\n<meta property=\"og:locale\" content=\"et_EE\" \/>\n<meta property=\"og:type\" content=\"article\" \/>\n<meta property=\"og:title\" content=\"Proteiin C (P-PC) - \u00dchendlabor\" \/>\n<meta property=\"og:description\" content=\"Kliinilise keemia ja laboratoorse hematoloogia osakond Proteiin C on organismi f\u00fcsioloogiline antikoagulant. Proteiin C s\u00fcnteesitakse maksas, s\u00fcnteesis osaleb vitamiin K. Sarnaselt h\u00fc\u00fcbimisfaktoritele esineb proteiin C plasmas inaktiivse proens\u00fc\u00fcmina: aktiivseks ens\u00fc\u00fcmiks muutumiseks on vaja trombiini, kaltsiumi ja fosfolipiidide olemasolu. Nimetatud aktivatsiooni v\u00f5imendab endoteliaalfaktor trombomoduliin. Aktiveeritud proteiin C (APC) reguleerib koagulatsiooniprotsesse, inhibeerides faktorite Va ja VIIIa aktiivsust [&hellip;]\" \/>\n<meta property=\"og:url\" content=\"https:\/\/www.kliinikum.ee\/yhendlabor\/kasiraamat\/huubimisuuringud\/proteiin-c-p-pc\/\" \/>\n<meta property=\"og:site_name\" content=\"\u00dchendlabor\" \/>\n<meta property=\"article:modified_time\" content=\"2025-11-09T16:52:34+00:00\" \/>\n<meta name=\"twitter:card\" content=\"summary_large_image\" \/>\n<meta name=\"twitter:label1\" content=\"Est. reading time\" \/>\n\t<meta name=\"twitter:data1\" content=\"2 minutit\" \/>\n<script type=\"application\/ld+json\" class=\"yoast-schema-graph\">{\"@context\":\"https:\\\/\\\/schema.org\",\"@graph\":[{\"@type\":\"WebPage\",\"@id\":\"https:\\\/\\\/www.kliinikum.ee\\\/yhendlabor\\\/kasiraamat\\\/huubimisuuringud\\\/proteiin-c-p-pc\\\/\",\"url\":\"https:\\\/\\\/www.kliinikum.ee\\\/yhendlabor\\\/kasiraamat\\\/huubimisuuringud\\\/proteiin-c-p-pc\\\/\",\"name\":\"Proteiin C (P-PC) - \u00dchendlabor\",\"isPartOf\":{\"@id\":\"https:\\\/\\\/www.kliinikum.ee\\\/yhendlabor\\\/#website\"},\"datePublished\":\"2025-11-09T16:52:29+00:00\",\"dateModified\":\"2025-11-09T16:52:34+00:00\",\"breadcrumb\":{\"@id\":\"https:\\\/\\\/www.kliinikum.ee\\\/yhendlabor\\\/kasiraamat\\\/huubimisuuringud\\\/proteiin-c-p-pc\\\/#breadcrumb\"},\"inLanguage\":\"et\",\"potentialAction\":[{\"@type\":\"ReadAction\",\"target\":[\"https:\\\/\\\/www.kliinikum.ee\\\/yhendlabor\\\/kasiraamat\\\/huubimisuuringud\\\/proteiin-c-p-pc\\\/\"]}]},{\"@type\":\"BreadcrumbList\",\"@id\":\"https:\\\/\\\/www.kliinikum.ee\\\/yhendlabor\\\/kasiraamat\\\/huubimisuuringud\\\/proteiin-c-p-pc\\\/#breadcrumb\",\"itemListElement\":[{\"@type\":\"ListItem\",\"position\":1,\"name\":\"Home\",\"item\":\"https:\\\/\\\/www.kliinikum.ee\\\/yhendlabor\\\/\"},{\"@type\":\"ListItem\",\"position\":2,\"name\":\"K\u00e4siraamat\",\"item\":\"https:\\\/\\\/www.kliinikum.ee\\\/yhendlabor\\\/kasiraamat\\\/\"},{\"@type\":\"ListItem\",\"position\":3,\"name\":\"H\u00fc\u00fcbimisuuringud\",\"item\":\"https:\\\/\\\/www.kliinikum.ee\\\/yhendlabor\\\/kasiraamat\\\/huubimisuuringud\\\/\"},{\"@type\":\"ListItem\",\"position\":4,\"name\":\"Proteiin C (P-PC)\"}]},{\"@type\":\"WebSite\",\"@id\":\"https:\\\/\\\/www.kliinikum.ee\\\/yhendlabor\\\/#website\",\"url\":\"https:\\\/\\\/www.kliinikum.ee\\\/yhendlabor\\\/\",\"name\":\"\u00dchendlabor\",\"description\":\"Hoolivus, Uuendusmeelsus, P\u00e4devus ja Usaldusv\u00e4\u00e4rsus\",\"potentialAction\":[{\"@type\":\"SearchAction\",\"target\":{\"@type\":\"EntryPoint\",\"urlTemplate\":\"https:\\\/\\\/www.kliinikum.ee\\\/yhendlabor\\\/?s={search_term_string}\"},\"query-input\":{\"@type\":\"PropertyValueSpecification\",\"valueRequired\":true,\"valueName\":\"search_term_string\"}}],\"inLanguage\":\"et\"}]}<\/script>\n<!-- \/ Yoast SEO plugin. -->","yoast_head_json":{"title":"Proteiin C (P-PC) - \u00dchendlabor","robots":{"index":"index","follow":"follow","max-snippet":"max-snippet:-1","max-image-preview":"max-image-preview:large","max-video-preview":"max-video-preview:-1"},"canonical":"https:\/\/www.kliinikum.ee\/yhendlabor\/kasiraamat\/huubimisuuringud\/proteiin-c-p-pc\/","og_locale":"et_EE","og_type":"article","og_title":"Proteiin C (P-PC) - \u00dchendlabor","og_description":"Kliinilise keemia ja laboratoorse hematoloogia osakond Proteiin C on organismi f\u00fcsioloogiline antikoagulant. Proteiin C s\u00fcnteesitakse maksas, s\u00fcnteesis osaleb vitamiin K. Sarnaselt h\u00fc\u00fcbimisfaktoritele esineb proteiin C plasmas inaktiivse proens\u00fc\u00fcmina: aktiivseks ens\u00fc\u00fcmiks muutumiseks on vaja trombiini, kaltsiumi ja fosfolipiidide olemasolu. Nimetatud aktivatsiooni v\u00f5imendab endoteliaalfaktor trombomoduliin. Aktiveeritud proteiin C (APC) reguleerib koagulatsiooniprotsesse, inhibeerides faktorite Va ja VIIIa aktiivsust [&hellip;]","og_url":"https:\/\/www.kliinikum.ee\/yhendlabor\/kasiraamat\/huubimisuuringud\/proteiin-c-p-pc\/","og_site_name":"\u00dchendlabor","article_modified_time":"2025-11-09T16:52:34+00:00","twitter_card":"summary_large_image","twitter_misc":{"Est. reading time":"2 minutit"},"schema":{"@context":"https:\/\/schema.org","@graph":[{"@type":"WebPage","@id":"https:\/\/www.kliinikum.ee\/yhendlabor\/kasiraamat\/huubimisuuringud\/proteiin-c-p-pc\/","url":"https:\/\/www.kliinikum.ee\/yhendlabor\/kasiraamat\/huubimisuuringud\/proteiin-c-p-pc\/","name":"Proteiin C (P-PC) - \u00dchendlabor","isPartOf":{"@id":"https:\/\/www.kliinikum.ee\/yhendlabor\/#website"},"datePublished":"2025-11-09T16:52:29+00:00","dateModified":"2025-11-09T16:52:34+00:00","breadcrumb":{"@id":"https:\/\/www.kliinikum.ee\/yhendlabor\/kasiraamat\/huubimisuuringud\/proteiin-c-p-pc\/#breadcrumb"},"inLanguage":"et","potentialAction":[{"@type":"ReadAction","target":["https:\/\/www.kliinikum.ee\/yhendlabor\/kasiraamat\/huubimisuuringud\/proteiin-c-p-pc\/"]}]},{"@type":"BreadcrumbList","@id":"https:\/\/www.kliinikum.ee\/yhendlabor\/kasiraamat\/huubimisuuringud\/proteiin-c-p-pc\/#breadcrumb","itemListElement":[{"@type":"ListItem","position":1,"name":"Home","item":"https:\/\/www.kliinikum.ee\/yhendlabor\/"},{"@type":"ListItem","position":2,"name":"K\u00e4siraamat","item":"https:\/\/www.kliinikum.ee\/yhendlabor\/kasiraamat\/"},{"@type":"ListItem","position":3,"name":"H\u00fc\u00fcbimisuuringud","item":"https:\/\/www.kliinikum.ee\/yhendlabor\/kasiraamat\/huubimisuuringud\/"},{"@type":"ListItem","position":4,"name":"Proteiin C (P-PC)"}]},{"@type":"WebSite","@id":"https:\/\/www.kliinikum.ee\/yhendlabor\/#website","url":"https:\/\/www.kliinikum.ee\/yhendlabor\/","name":"\u00dchendlabor","description":"Hoolivus, Uuendusmeelsus, P\u00e4devus ja Usaldusv\u00e4\u00e4rsus","potentialAction":[{"@type":"SearchAction","target":{"@type":"EntryPoint","urlTemplate":"https:\/\/www.kliinikum.ee\/yhendlabor\/?s={search_term_string}"},"query-input":{"@type":"PropertyValueSpecification","valueRequired":true,"valueName":"search_term_string"}}],"inLanguage":"et"}]}},"uagb_featured_image_src":{"full":false,"thumbnail":false,"medium":false,"medium_large":false,"large":false,"1536x1536":false,"2048x2048":false},"uagb_author_info":{"display_name":"Kadi Siigur","author_link":"https:\/\/www.kliinikum.ee\/yhendlabor\/author\/kadisi\/"},"uagb_comment_info":0,"uagb_excerpt":"Kliinilise keemia ja laboratoorse hematoloogia osakond Proteiin C on organismi f\u00fcsioloogiline antikoagulant. Proteiin C s\u00fcnteesitakse maksas, s\u00fcnteesis osaleb vitamiin K. Sarnaselt h\u00fc\u00fcbimisfaktoritele esineb proteiin C plasmas inaktiivse proens\u00fc\u00fcmina: aktiivseks ens\u00fc\u00fcmiks muutumiseks on vaja trombiini, kaltsiumi ja fosfolipiidide olemasolu. Nimetatud aktivatsiooni v\u00f5imendab endoteliaalfaktor trombomoduliin. Aktiveeritud proteiin C (APC) reguleerib koagulatsiooniprotsesse, inhibeerides faktorite Va ja VIIIa aktiivsust&hellip;","_links":{"self":[{"href":"https:\/\/www.kliinikum.ee\/yhendlabor\/wp-json\/wp\/v2\/pages\/13899","targetHints":{"allow":["GET"]}}],"collection":[{"href":"https:\/\/www.kliinikum.ee\/yhendlabor\/wp-json\/wp\/v2\/pages"}],"about":[{"href":"https:\/\/www.kliinikum.ee\/yhendlabor\/wp-json\/wp\/v2\/types\/page"}],"author":[{"embeddable":true,"href":"https:\/\/www.kliinikum.ee\/yhendlabor\/wp-json\/wp\/v2\/users\/38"}],"replies":[{"embeddable":true,"href":"https:\/\/www.kliinikum.ee\/yhendlabor\/wp-json\/wp\/v2\/comments?post=13899"}],"version-history":[{"count":0,"href":"https:\/\/www.kliinikum.ee\/yhendlabor\/wp-json\/wp\/v2\/pages\/13899\/revisions"}],"up":[{"embeddable":true,"href":"https:\/\/www.kliinikum.ee\/yhendlabor\/wp-json\/wp\/v2\/pages\/7274"}],"wp:attachment":[{"href":"https:\/\/www.kliinikum.ee\/yhendlabor\/wp-json\/wp\/v2\/media?parent=13899"}],"curies":[{"name":"wp","href":"https:\/\/api.w.org\/{rel}","templated":true}]}}