{"id":13911,"date":"2025-11-09T19:21:18","date_gmt":"2025-11-09T17:21:18","guid":{"rendered":"https:\/\/www.kliinikum.ee\/yhendlabor\/?page_id=13911"},"modified":"2025-11-09T19:21:23","modified_gmt":"2025-11-09T17:21:23","slug":"tromboelastomeetrilised-uuringud-b-rotem","status":"publish","type":"page","link":"https:\/\/www.kliinikum.ee\/yhendlabor\/kasiraamat\/huubimisuuringud\/tromboelastomeetrilised-uuringud-b-rotem\/","title":{"rendered":"Tromboelastomeetrilised uuringud (B-ROTEM)"},"content":{"rendered":"\n<p><em>Kliinilise keemia ja laboratoorse hematoloogia osakond, tel. 731 8315<\/em><\/p>\n\n\n\n<p><strong>Tromboelastomeetriline uuring<\/strong> annab \u00fclevaate h\u00fc\u00fcbe tekkest, h\u00fc\u00fcbe tugevusest ja stabiilsusest ning lagunemisest analoogselt <em>in vivo<\/em> toimuvate h\u00fc\u00fcbimisprotsessidega.<\/p>\n\n\n\n<p>See ei v\u00f5imalda hinnata primaarse hemostaasi h\u00e4ireid.<\/p>\n\n\n\n<p>Tromboelastomeetrilistest anal\u00fc\u00fcsidest saadud tulemused kirjeldavad hemostaasi komponentidevahelist koosm\u00f5ju (koagulatsioonifaktorid ja -inhibiitorid, fibrinogeen, trombots\u00fc\u00fcdid ja fibrinol\u00fc\u00fctiline s\u00fcsteem) ja nende abil on v\u00f5imalik anda hinnang h\u00fc\u00fcbimiss\u00fcsteemi seisundile. T\u00e4iendavalt on v\u00f5imalik avastada m\u00f5nede antikoagulantide m\u00f5ju hemostaasile. Kasutusel on j\u00e4rgmised testid:<\/p>\n\n\n\n<p>B-EXTEM \u2013 h\u00fc\u00fcbimise v\u00e4lise s\u00fcsteemi tromboelastomeetriline uuring: h\u00fc\u00fcbimise aktivatsioon koefaktori poolt. V\u00f5imaldab hinnata FVII, FX, FV, FII, FI ning trombots\u00fc\u00fctide funktsiooni ja fibrinol\u00fc\u00fcsi. Analoogne protrombiini ajaga.<\/p>\n\n\n\n<p>B-INTEM \u2013 h\u00fc\u00fcbimise seesmise s\u00fcsteemi tromboelastomeetriline uuring: h\u00fc\u00fcbe teke kontaktaktivatsiooni kaudu. V\u00f5imaldab hinnata FXII, FXI, FIX, FVIII, FX, FV, FII, FI ja trombots\u00fc\u00fctide funktsiooni ning fibrinol\u00fc\u00fcsi. INTEM on tundlik sisemise tee faktorite puudusele ja hepariini olemasolule veres (analoogne aktiveeritud osalise tromboplastiini ajaga, APTT).<\/p>\n\n\n\n<p>B-FIBTEM \u2013 fibriini moodustumise ja pol\u00fcmerisatsiooni tromboelastomeetriline uuring: koagulatsiooni aktiveerumine toimub nagu EXTEM testil, kuid trombots\u00fc\u00fctide funktsioon on blokeeritud. V\u00f5imaldab hinnata fibrinogeeni olemasolu, fibriini teket ja fibriini pol\u00fcmerisatsiooni.<\/p>\n\n\n\n<p>B-APTEM \u2013 h\u00fc\u00fcbimise v\u00e4lise s\u00fcsteemi tromboelastomeetriline uuring fibrinol\u00fc\u00fcsi inhibeerimise korral: koagulatsiooni aktiveerumine toimub nagu EXTEM testil, kuid fibrinol\u00fc\u00fctiline s\u00fcsteem on blokeeritud aprotiniiniga. V\u00f5rreldes EXTEM ja APTEM testi tulemusi, on v\u00f5imalik tuvastada h\u00fcperfibrinol\u00fc\u00fcsi.<\/p>\n\n\n\n<p>B-HEPTEM \u2013 h\u00fc\u00fcbimise seesmise s\u00fcsteemi tromboelastomeetriline uuring hepariinravi korral: veres oleva hepariini toime neutraliseeritakse heparinaas I poolt ja koagulatsioon aktiveerub nagu INTEM testi puhul. HEPTEM-i ja INTEM-i tulemusi v\u00f5rreldes on v\u00f5imalik tuvastada hepariiniga seotud koagulatsioonih\u00e4ireid.<\/p>\n\n\n\n<p>Iga testi puhul on v\u00f5imalik hinnata j\u00e4rgmisi parameetreid:<\/p>\n\n\n\n<ul class=\"wp-block-list\">\n<li>h\u00fc\u00fcbimisaeg (CT, <em>clotting time<\/em>) \u2013 aeg m\u00f5\u00f5tmise algusest kuni h\u00fc\u00fcbimise alguseni (h\u00fc\u00fcbimise algus, trombiini formeerumine, h\u00fc\u00fcbe pol\u00fcmeriseerumise algus);<\/li>\n\n\n\n<li>h\u00fc\u00fcbe formeerumise aeg (CFT, <em>clot formation time<\/em>) \u2013 aeg h\u00fc\u00fcbimise algusest kuni 20 mm h\u00fc\u00fcbe tekkeni tromboelastogrammil (fibriini pol\u00fcmerisatsioon, h\u00fc\u00fcbe stabiliseerimine trombots\u00fc\u00fctide ja FXIII poolt);<\/li>\n\n\n\n<li>maksimaalne h\u00fc\u00fcbe tugevus (MCF, <em>maximum clot firmness<\/em>) \u2013 j\u00e4tkuv h\u00fc\u00fcbe stabiliseerimine fibriini, trombots\u00fc\u00fctide ja FXIII poolt;<\/li>\n\n\n\n<li>maksimaalne l\u00fc\u00fcs (ML, <em>maximum lysis<\/em>) \u2013 h\u00fc\u00fcbe tugevuse v\u00e4henemine v\u00f5rrelduna MCF-iga;<\/li>\n\n\n\n<li>h\u00fc\u00fcbe paksus 10. ja 20. minutil (A10;A20, <em>clot thickness<\/em>).<\/li>\n<\/ul>\n\n\n\n<p class=\"has-medium-font-size\"><strong>Uuritav materjal, selle v\u00f5tmine, saatmine ja s\u00e4ilitamine<\/strong><\/p>\n\n\n\n<figure class=\"wp-block-table is-style-stripes\"><table width=\"100%\"><tbody><tr><td width=\"1%\"><\/td><td width=\"15%\"><strong>Katsuti<\/strong><\/td><td width=\"84%\">9NC-katsuti (helesinine kork musta r\u00f5ngaga); 3 mL (selle anal\u00fc\u00fcsi jaoks on vajalik v\u00f5tta eraldi katsuti)<\/td><\/tr><tr><td><\/td><td><strong>S\u00e4ilivus<\/strong><\/td><td>Veri toatemperatuuril neli tundi<\/td><\/tr><\/tbody><\/table><\/figure>\n\n\n\n<p>NB! Proovin\u00f5u peab olema t\u00e4itunud katsutil oleva m\u00e4rgini!<\/p>\n\n\n\n<p>Verd tuleb segada kohe peale n\u00f5ela eemaldamist, p\u00f6\u00f6rates katsutit \u00f5rnalt p\u00f5hjaga \u00fcles-alla 3\u20134 korda. Proovimaterjal ei tohi sisaldada mikroh\u00fc\u00fcbeid.<\/p>\n\n\n\n<p class=\"has-medium-font-size\"><strong>Anal\u00fc\u00fcsi tegemise aeg:<\/strong> \u00f6\u00f6p\u00e4evaringselt<\/p>\n\n\n\n<p class=\"has-medium-font-size\"><strong>Anal\u00fc\u00fcsimeetod:<\/strong> rotatsioonitromboelastomeetria<\/p>\n\n\n\n<p class=\"has-medium-font-size\"><strong>Referentsv\u00e4\u00e4rtused<\/strong><\/p>\n\n\n\n<figure class=\"wp-block-table\"><table width=\"100%\"><tbody><tr><td width=\"1%\"><\/td><td width=\"15%\">&nbsp;<\/td><td width=\"14%\"><strong>CT (sek)<\/strong><\/td><td width=\"14%\"><strong>CFT (sek)<\/strong><\/td><td width=\"14%\"><strong>MCF (mm)<\/strong><\/td><td width=\"14%\"><strong>A10 (mm)<\/strong><\/td><td width=\"14%\"><strong>A20 (mm)<\/strong><\/td><td width=\"14%\"><strong>ML (% MCF-st)<\/strong><\/td><\/tr><tr><td><\/td><td><strong>EXTEM<\/strong><\/td><td>38\u201379<\/td><td>34\u2013159<\/td><td>50\u201372<\/td><td>43\u201365<\/td><td>50\u201371<\/td><td>&lt; 15<\/td><\/tr><tr><td><\/td><td><strong>INTEM<\/strong><\/td><td>100\u2013240<\/td><td>30\u2013110<\/td><td>50\u201372<\/td><td>44\u201366<\/td><td>50\u201371<\/td><td>&lt; 15<\/td><\/tr><tr><td><\/td><td><strong>HEPTEM<\/strong><\/td><td colspan=\"6\">M\u00e4rgatavalt l\u00fchenenud CT HEPTEM testis v\u00f5rreldes INTEM testiga osutab hepariini toimele.<\/td><\/tr><tr><td><\/td><td><strong>APTEM<\/strong><\/td><td colspan=\"6\">Paranenud h\u00fc\u00fcbimine (CFT l\u00fchenemine, suurem MCF) APTEM testis v\u00f5rreldes EXTEM testiga viitab h\u00fcperfibrinol\u00fc\u00fcsile.<\/td><\/tr><tr><td><\/td><td rowspan=\"2\"><strong>FIBTEM<\/strong><\/td><td>&nbsp;<\/td><td>&nbsp;<\/td><td>9\u201325<\/td><td>7\u201323<\/td><td>8\u201324<\/td><td>&nbsp;<\/td><\/tr><tr><td><\/td><td colspan=\"6\">MCF &lt; 9 mm viitab v\u00e4henenud fibrinogeeni tasemele v\u00f5i kahjustatud pol\u00fcmerisatsioonile. <br>MCF > 25 mm viitab suurenenud fibrinogeeni tasemele. Sel juhul v\u00f5ib vaatamata trombots\u00fctopeeniale esineda normaalne trombi formeerumine EXTEM ja INTEM testis.<\/td><\/tr><\/tbody><\/table><\/figure>\n\n\n\n<p class=\"has-medium-font-size\"><strong>N\u00e4idustus ja kliiniline t\u00e4hendus<\/strong><\/p>\n\n\n\n<p>Abistav uuring \u00e4geda verejooksu p\u00f5hjuse selgitamisel ning ravi valikul (trombots\u00fc\u00fctide mass, v\u00e4rskelt k\u00fclmutatud plasma, fibrinogeen, h\u00fc\u00fcbimisfaktorid jm).<\/p>\n\n\n\n<p>CT pikenemine viitab koagulatsiooni aktiveerumise h\u00e4iretele. P\u00f5hjuseks v\u00f5ib olla m\u00f5ne h\u00fc\u00fcbimisfaktori defitsiit v\u00f5i hepariini toime. INTEM-i ja HEPTEM-i v\u00f5rdlus aitab tuvastada hepariini toimet verejooksu p\u00f5hjusena.<\/p>\n\n\n\n<p>H\u00fc\u00fcbe formeerumise h\u00e4iretele viitavad pikenenud CFT ja v\u00e4henenud MCF. CFT on seejuures rohkem m\u00f5jutatud h\u00fc\u00fcbe pol\u00fcmerisatsiooni h\u00e4iretest ja MCF fibrinogeeni v\u00f5i trombots\u00fc\u00fctide v\u00e4hesusest.<\/p>\n\n\n\n<p>H\u00fcperfibrinol\u00fc\u00fcsile on iseloomulik ML &gt; 15% v\u00f5i paranenud h\u00fc\u00fcbe formeerumine (CFT l\u00fchenemine, suurem MCF) APTEM testis v\u00f5rreldes EXTEM testiga.<\/p>\n\n\n\n<p>Tromboelastomeetria ei v\u00f5imalda hinnata aspiriini, klopidogreeli, madalmolekulaarse hepariini ja varfariini toimet, samuti ei saa selle abil tuvastada von Willebrandi faktoriga seotud h\u00e4ireid.<\/p>\n\n\n\n<p>Koostaja: Anneli Aus<\/p>\n\n\n\n<p><\/p>\n","protected":false},"excerpt":{"rendered":"<p>Kliinilise keemia ja laboratoorse hematoloogia osakond, tel. 731 8315 Tromboelastomeetriline uuring annab \u00fclevaate h\u00fc\u00fcbe tekkest, h\u00fc\u00fcbe tugevusest ja stabiilsusest ning lagunemisest analoogselt in vivo toimuvate h\u00fc\u00fcbimisprotsessidega. See ei v\u00f5imalda hinnata primaarse hemostaasi h\u00e4ireid. Tromboelastomeetrilistest anal\u00fc\u00fcsidest saadud tulemused kirjeldavad hemostaasi komponentidevahelist koosm\u00f5ju (koagulatsioonifaktorid ja -inhibiitorid, fibrinogeen, trombots\u00fc\u00fcdid ja fibrinol\u00fc\u00fctiline s\u00fcsteem) ja nende abil on v\u00f5imalik anda [&hellip;]<\/p>\n","protected":false},"author":38,"featured_media":0,"parent":7274,"menu_order":0,"comment_status":"closed","ping_status":"closed","template":"","meta":{"_uag_custom_page_level_css":"","footnotes":""},"class_list":["post-13911","page","type-page","status-publish","hentry"],"acf":[],"yoast_head":"<!-- This site is optimized with the Yoast SEO plugin v27.3 - https:\/\/yoast.com\/product\/yoast-seo-wordpress\/ -->\n<title>Tromboelastomeetrilised uuringud (B-ROTEM) - \u00dchendlabor<\/title>\n<meta name=\"robots\" content=\"index, follow, max-snippet:-1, max-image-preview:large, max-video-preview:-1\" \/>\n<link rel=\"canonical\" href=\"https:\/\/www.kliinikum.ee\/yhendlabor\/kasiraamat\/huubimisuuringud\/tromboelastomeetrilised-uuringud-b-rotem\/\" \/>\n<meta property=\"og:locale\" content=\"et_EE\" \/>\n<meta property=\"og:type\" content=\"article\" \/>\n<meta property=\"og:title\" content=\"Tromboelastomeetrilised uuringud (B-ROTEM) - \u00dchendlabor\" \/>\n<meta property=\"og:description\" content=\"Kliinilise keemia ja laboratoorse hematoloogia osakond, tel. 731 8315 Tromboelastomeetriline uuring annab \u00fclevaate h\u00fc\u00fcbe tekkest, h\u00fc\u00fcbe tugevusest ja stabiilsusest ning lagunemisest analoogselt in vivo toimuvate h\u00fc\u00fcbimisprotsessidega. See ei v\u00f5imalda hinnata primaarse hemostaasi h\u00e4ireid. Tromboelastomeetrilistest anal\u00fc\u00fcsidest saadud tulemused kirjeldavad hemostaasi komponentidevahelist koosm\u00f5ju (koagulatsioonifaktorid ja -inhibiitorid, fibrinogeen, trombots\u00fc\u00fcdid ja fibrinol\u00fc\u00fctiline s\u00fcsteem) ja nende abil on v\u00f5imalik anda [&hellip;]\" \/>\n<meta property=\"og:url\" content=\"https:\/\/www.kliinikum.ee\/yhendlabor\/kasiraamat\/huubimisuuringud\/tromboelastomeetrilised-uuringud-b-rotem\/\" \/>\n<meta property=\"og:site_name\" content=\"\u00dchendlabor\" \/>\n<meta property=\"article:modified_time\" content=\"2025-11-09T17:21:23+00:00\" \/>\n<meta name=\"twitter:card\" content=\"summary_large_image\" \/>\n<meta name=\"twitter:label1\" content=\"Est. reading time\" \/>\n\t<meta name=\"twitter:data1\" content=\"4 minutit\" \/>\n<script type=\"application\/ld+json\" class=\"yoast-schema-graph\">{\"@context\":\"https:\\\/\\\/schema.org\",\"@graph\":[{\"@type\":\"WebPage\",\"@id\":\"https:\\\/\\\/www.kliinikum.ee\\\/yhendlabor\\\/kasiraamat\\\/huubimisuuringud\\\/tromboelastomeetrilised-uuringud-b-rotem\\\/\",\"url\":\"https:\\\/\\\/www.kliinikum.ee\\\/yhendlabor\\\/kasiraamat\\\/huubimisuuringud\\\/tromboelastomeetrilised-uuringud-b-rotem\\\/\",\"name\":\"Tromboelastomeetrilised uuringud (B-ROTEM) - \u00dchendlabor\",\"isPartOf\":{\"@id\":\"https:\\\/\\\/www.kliinikum.ee\\\/yhendlabor\\\/#website\"},\"datePublished\":\"2025-11-09T17:21:18+00:00\",\"dateModified\":\"2025-11-09T17:21:23+00:00\",\"breadcrumb\":{\"@id\":\"https:\\\/\\\/www.kliinikum.ee\\\/yhendlabor\\\/kasiraamat\\\/huubimisuuringud\\\/tromboelastomeetrilised-uuringud-b-rotem\\\/#breadcrumb\"},\"inLanguage\":\"et\",\"potentialAction\":[{\"@type\":\"ReadAction\",\"target\":[\"https:\\\/\\\/www.kliinikum.ee\\\/yhendlabor\\\/kasiraamat\\\/huubimisuuringud\\\/tromboelastomeetrilised-uuringud-b-rotem\\\/\"]}]},{\"@type\":\"BreadcrumbList\",\"@id\":\"https:\\\/\\\/www.kliinikum.ee\\\/yhendlabor\\\/kasiraamat\\\/huubimisuuringud\\\/tromboelastomeetrilised-uuringud-b-rotem\\\/#breadcrumb\",\"itemListElement\":[{\"@type\":\"ListItem\",\"position\":1,\"name\":\"Home\",\"item\":\"https:\\\/\\\/www.kliinikum.ee\\\/yhendlabor\\\/\"},{\"@type\":\"ListItem\",\"position\":2,\"name\":\"K\u00e4siraamat\",\"item\":\"https:\\\/\\\/www.kliinikum.ee\\\/yhendlabor\\\/kasiraamat\\\/\"},{\"@type\":\"ListItem\",\"position\":3,\"name\":\"H\u00fc\u00fcbimisuuringud\",\"item\":\"https:\\\/\\\/www.kliinikum.ee\\\/yhendlabor\\\/kasiraamat\\\/huubimisuuringud\\\/\"},{\"@type\":\"ListItem\",\"position\":4,\"name\":\"Tromboelastomeetrilised uuringud (B-ROTEM)\"}]},{\"@type\":\"WebSite\",\"@id\":\"https:\\\/\\\/www.kliinikum.ee\\\/yhendlabor\\\/#website\",\"url\":\"https:\\\/\\\/www.kliinikum.ee\\\/yhendlabor\\\/\",\"name\":\"\u00dchendlabor\",\"description\":\"Hoolivus, Uuendusmeelsus, P\u00e4devus ja Usaldusv\u00e4\u00e4rsus\",\"potentialAction\":[{\"@type\":\"SearchAction\",\"target\":{\"@type\":\"EntryPoint\",\"urlTemplate\":\"https:\\\/\\\/www.kliinikum.ee\\\/yhendlabor\\\/?s={search_term_string}\"},\"query-input\":{\"@type\":\"PropertyValueSpecification\",\"valueRequired\":true,\"valueName\":\"search_term_string\"}}],\"inLanguage\":\"et\"}]}<\/script>\n<!-- \/ Yoast SEO plugin. -->","yoast_head_json":{"title":"Tromboelastomeetrilised uuringud (B-ROTEM) - \u00dchendlabor","robots":{"index":"index","follow":"follow","max-snippet":"max-snippet:-1","max-image-preview":"max-image-preview:large","max-video-preview":"max-video-preview:-1"},"canonical":"https:\/\/www.kliinikum.ee\/yhendlabor\/kasiraamat\/huubimisuuringud\/tromboelastomeetrilised-uuringud-b-rotem\/","og_locale":"et_EE","og_type":"article","og_title":"Tromboelastomeetrilised uuringud (B-ROTEM) - \u00dchendlabor","og_description":"Kliinilise keemia ja laboratoorse hematoloogia osakond, tel. 731 8315 Tromboelastomeetriline uuring annab \u00fclevaate h\u00fc\u00fcbe tekkest, h\u00fc\u00fcbe tugevusest ja stabiilsusest ning lagunemisest analoogselt in vivo toimuvate h\u00fc\u00fcbimisprotsessidega. See ei v\u00f5imalda hinnata primaarse hemostaasi h\u00e4ireid. Tromboelastomeetrilistest anal\u00fc\u00fcsidest saadud tulemused kirjeldavad hemostaasi komponentidevahelist koosm\u00f5ju (koagulatsioonifaktorid ja -inhibiitorid, fibrinogeen, trombots\u00fc\u00fcdid ja fibrinol\u00fc\u00fctiline s\u00fcsteem) ja nende abil on v\u00f5imalik anda [&hellip;]","og_url":"https:\/\/www.kliinikum.ee\/yhendlabor\/kasiraamat\/huubimisuuringud\/tromboelastomeetrilised-uuringud-b-rotem\/","og_site_name":"\u00dchendlabor","article_modified_time":"2025-11-09T17:21:23+00:00","twitter_card":"summary_large_image","twitter_misc":{"Est. reading time":"4 minutit"},"schema":{"@context":"https:\/\/schema.org","@graph":[{"@type":"WebPage","@id":"https:\/\/www.kliinikum.ee\/yhendlabor\/kasiraamat\/huubimisuuringud\/tromboelastomeetrilised-uuringud-b-rotem\/","url":"https:\/\/www.kliinikum.ee\/yhendlabor\/kasiraamat\/huubimisuuringud\/tromboelastomeetrilised-uuringud-b-rotem\/","name":"Tromboelastomeetrilised uuringud (B-ROTEM) - \u00dchendlabor","isPartOf":{"@id":"https:\/\/www.kliinikum.ee\/yhendlabor\/#website"},"datePublished":"2025-11-09T17:21:18+00:00","dateModified":"2025-11-09T17:21:23+00:00","breadcrumb":{"@id":"https:\/\/www.kliinikum.ee\/yhendlabor\/kasiraamat\/huubimisuuringud\/tromboelastomeetrilised-uuringud-b-rotem\/#breadcrumb"},"inLanguage":"et","potentialAction":[{"@type":"ReadAction","target":["https:\/\/www.kliinikum.ee\/yhendlabor\/kasiraamat\/huubimisuuringud\/tromboelastomeetrilised-uuringud-b-rotem\/"]}]},{"@type":"BreadcrumbList","@id":"https:\/\/www.kliinikum.ee\/yhendlabor\/kasiraamat\/huubimisuuringud\/tromboelastomeetrilised-uuringud-b-rotem\/#breadcrumb","itemListElement":[{"@type":"ListItem","position":1,"name":"Home","item":"https:\/\/www.kliinikum.ee\/yhendlabor\/"},{"@type":"ListItem","position":2,"name":"K\u00e4siraamat","item":"https:\/\/www.kliinikum.ee\/yhendlabor\/kasiraamat\/"},{"@type":"ListItem","position":3,"name":"H\u00fc\u00fcbimisuuringud","item":"https:\/\/www.kliinikum.ee\/yhendlabor\/kasiraamat\/huubimisuuringud\/"},{"@type":"ListItem","position":4,"name":"Tromboelastomeetrilised uuringud (B-ROTEM)"}]},{"@type":"WebSite","@id":"https:\/\/www.kliinikum.ee\/yhendlabor\/#website","url":"https:\/\/www.kliinikum.ee\/yhendlabor\/","name":"\u00dchendlabor","description":"Hoolivus, Uuendusmeelsus, P\u00e4devus ja Usaldusv\u00e4\u00e4rsus","potentialAction":[{"@type":"SearchAction","target":{"@type":"EntryPoint","urlTemplate":"https:\/\/www.kliinikum.ee\/yhendlabor\/?s={search_term_string}"},"query-input":{"@type":"PropertyValueSpecification","valueRequired":true,"valueName":"search_term_string"}}],"inLanguage":"et"}]}},"uagb_featured_image_src":{"full":false,"thumbnail":false,"medium":false,"medium_large":false,"large":false,"1536x1536":false,"2048x2048":false},"uagb_author_info":{"display_name":"Kadi Siigur","author_link":"https:\/\/www.kliinikum.ee\/yhendlabor\/author\/kadisi\/"},"uagb_comment_info":0,"uagb_excerpt":"Kliinilise keemia ja laboratoorse hematoloogia osakond, tel. 731 8315 Tromboelastomeetriline uuring annab \u00fclevaate h\u00fc\u00fcbe tekkest, h\u00fc\u00fcbe tugevusest ja stabiilsusest ning lagunemisest analoogselt in vivo toimuvate h\u00fc\u00fcbimisprotsessidega. See ei v\u00f5imalda hinnata primaarse hemostaasi h\u00e4ireid. Tromboelastomeetrilistest anal\u00fc\u00fcsidest saadud tulemused kirjeldavad hemostaasi komponentidevahelist koosm\u00f5ju (koagulatsioonifaktorid ja -inhibiitorid, fibrinogeen, trombots\u00fc\u00fcdid ja fibrinol\u00fc\u00fctiline s\u00fcsteem) ja nende abil on v\u00f5imalik anda&hellip;","_links":{"self":[{"href":"https:\/\/www.kliinikum.ee\/yhendlabor\/wp-json\/wp\/v2\/pages\/13911","targetHints":{"allow":["GET"]}}],"collection":[{"href":"https:\/\/www.kliinikum.ee\/yhendlabor\/wp-json\/wp\/v2\/pages"}],"about":[{"href":"https:\/\/www.kliinikum.ee\/yhendlabor\/wp-json\/wp\/v2\/types\/page"}],"author":[{"embeddable":true,"href":"https:\/\/www.kliinikum.ee\/yhendlabor\/wp-json\/wp\/v2\/users\/38"}],"replies":[{"embeddable":true,"href":"https:\/\/www.kliinikum.ee\/yhendlabor\/wp-json\/wp\/v2\/comments?post=13911"}],"version-history":[{"count":0,"href":"https:\/\/www.kliinikum.ee\/yhendlabor\/wp-json\/wp\/v2\/pages\/13911\/revisions"}],"up":[{"embeddable":true,"href":"https:\/\/www.kliinikum.ee\/yhendlabor\/wp-json\/wp\/v2\/pages\/7274"}],"wp:attachment":[{"href":"https:\/\/www.kliinikum.ee\/yhendlabor\/wp-json\/wp\/v2\/media?parent=13911"}],"curies":[{"name":"wp","href":"https:\/\/api.w.org\/{rel}","templated":true}]}}